{"id":60497,"date":"2023-06-24T17:42:22","date_gmt":"2023-06-24T17:42:22","guid":{"rendered":"https:\/\/pranarom.ca\/product\/souchet\/"},"modified":"2026-01-21T02:37:31","modified_gmt":"2026-01-21T02:37:31","slug":"souchet","status":"publish","type":"product","link":"https:\/\/pranarom.ca\/fr\/produit\/souchet\/","title":{"rendered":"Souchet"},"content":{"rendered":"<p>Son odeur douce de fruit sec en fait un ingr\u00e9dient cosm\u00e9tique de choix.<\/p>\n<p>Traditionnellement utilis\u00e9e par les femmes orientales pour\u00a0<strong>ralentir et \u00e9viter la repousse des poils<\/strong>, l\u2019huile v\u00e9g\u00e9tale de\u00a0<strong>Souchet<\/strong>\u00a0est aussi utilis\u00e9e\u00a0<strong>apr\u00e8s l\u2019\u00e9pilation<\/strong>. Riche en om\u00e9gas 6 et 9, elle apporte souplesse et prot\u00e8ge la peau de la d\u00e9shydratation. Ses propri\u00e9t\u00e9s anti-inflammatoires et ses exceptionnelles propri\u00e9t\u00e9s \u00e9mollientes\/nourrissantes font de l\u2019huile de souchet un excellent choix pour les peaux sensibles ou s\u00e8ches. Elle est \u00e9galement recommand\u00e9e pour les peaux sensibles ayant tendance \u00e0 desquamer (ecz\u00e9ma, psoriasis, etc.) car elle contient des actifs cicatrisants.<\/p>\n<p>L\u2019huile de\u00a0<strong>Souchet<\/strong>\u00a0est aussi connue pour sa capacit\u00e9 exceptionnelle \u00e0 p\u00e9n\u00e9trer dans les cheveux et le cuir chevelu, les gardant hydrat\u00e9s, nourris et prot\u00e9g\u00e9s ; elle est donc id\u00e9ale pour \u00eatre incluse dans les formules de soins des cheveux et du cuir chevelu destin\u00e9es \u00e0 r\u00e9parer et \u00e0 reconstituer l\u2019hydratation. L\u2019huile de\u00a0<strong>Souchet\u00a0<\/strong>(noix tigr\u00e9e) est un \u00e9mollient parfait pour tous les types de peau. Sa capacit\u00e9 \u00e0 hydrater sans obstruer les pores de peau en fait un premier choix pour les peaux grasses en manque d\u2019hydratation.<\/p>\n<hr \/>\n<h2><strong>Mode d\u2019emploi :<\/strong><\/h2>\n<p>Appliquer sur la peau et masser jusqu\u2019\u00e0 p\u00e9n\u00e9tration compl\u00e8te.<\/p>\n<p><strong>En pratique :<\/strong>\u00a0Il est conseill\u00e9 d\u2019appliquer l\u2019huile de souchet non seulement apr\u00e8s l\u2019\u00e9pilation, mais \u00e9galement tous les soirs sur la zone \u00e9pil\u00e9e, jusqu\u2019\u00e0 la prochaine \u00e9pilation. Les effets sont visibles apr\u00e8s au minimum 1 mois, et uniquement si on a bel et bien retir\u00e9 les poils avec leur racine (donc \u00e0 la cire ou \u00e0 la pince, et non avec un rasoir ou une tondeuse).<\/p>\n<p><em>La r\u00e9putation du Souchet se base sur les retours d\u2019utilisatrices constatant son effet sur la pousse des poils apr\u00e8s une application quotidienne.<\/em><\/p>\n<hr \/>\n<h2><strong>Ingr\u00e9dients (INCI) :<\/strong><\/h2>\n<p>CYPERUS ESCULENTUS ROOT OIL*; TOCOPHEROL.<\/p>\n<p>*Ingr\u00e9dient issu de l\u2019agriculture biologique (Contr\u00f4le Certisys BE-BIO-01) \u2013 ECOGARANTIE\u00ae produit certifi\u00e9 conform\u00e9ment au cahier des charges ECOGARANTIE (Contr\u00f4le CERTISYS)<\/p>\n<hr \/>\n<h2>Mises en garde :<\/h2>\n<p>Tenir hors de port\u00e9e des jeunes enfants. Conserver \u00e0 l\u2019abri de toute source de chaleur et de la lumi\u00e8re.\u00a0Usage externe.<\/p>\n<hr \/>\n<h2><strong>Pour composer ma synergie :<\/strong><\/h2>\n<ul>\n<li>Huile v\u00e9g\u00e9tale de\u00a0<strong>Souchet\u00a0:\u00a0<\/strong>50 ml<\/li>\n<li>Huile essentielle\u00a0<strong>Lavande vraie\u00a0:<\/strong>\u00a0ajouter 7 gouttes<\/li>\n<\/ul>\n<p><strong>LE PETIT + :<\/strong>\u00a0l\u2019huile essentielle de\u00a0<strong>Lavande vraie<\/strong>\u00a0rendra\u00a0l\u2019application encore plus agr\u00e9able gr\u00e2ce \u00e0 ses propri\u00e9t\u00e9s apaisantes cutan\u00e9es.<\/p>\n","protected":false},"excerpt":{"rendered":"<p>Huile v\u00e9g\u00e9tale 100% naturelle \u2013 biologique<\/p>\n<p>Nourrissant \u2013 Hydratant \u2013 Raffermissant \u2013 Adoucissant<br \/>\nCorps \u2013 Visage \u2013 Cheveux<\/p>\n<p>Vierge de premi\u00e8re pression \u00e0 froid | 50 ml<\/p>\n","protected":false},"featured_media":60488,"comment_status":"open","ping_status":"closed","template":"","meta":{"_et_pb_use_builder":"","_et_pb_old_content":"","_et_gb_content_width":""},"product_cat":[537,326,339],"product_tag":[],"acf":[],"yoast_head":"<!-- This site is optimized with the Yoast SEO plugin v22.6 - https:\/\/yoast.com\/wordpress\/plugins\/seo\/ -->\n<title>Souchet - Pranarom<\/title>\n<meta name=\"robots\" content=\"index, follow, max-snippet:-1, max-image-preview:large, max-video-preview:-1\" \/>\n<link rel=\"canonical\" href=\"https:\/\/pranarom.ca\/produit\/tigernut\/\" \/>\n<meta property=\"og:locale\" content=\"fr_FR\" \/>\n<meta property=\"og:type\" content=\"article\" \/>\n<meta property=\"og:title\" content=\"Souchet - Pranarom\" \/>\n<meta property=\"og:description\" content=\"Huile v\u00e9g\u00e9tale 100% naturelle \u2013 biologique  Nourrissant \u2013 Hydratant \u2013 Raffermissant \u2013 Adoucissant Corps \u2013 Visage \u2013 Cheveux  Vierge de premi\u00e8re pression \u00e0 froid | 50 ml\" \/>\n<meta property=\"og:url\" content=\"https:\/\/pranarom.ca\/produit\/tigernut\/\" \/>\n<meta property=\"og:site_name\" content=\"Pranarom\" \/>\n<meta property=\"article:publisher\" content=\"https:\/\/www.facebook.com\/PranaromCanada\" \/>\n<meta property=\"article:modified_time\" content=\"2026-01-21T02:37:31+00:00\" \/>\n<meta property=\"og:image\" content=\"https:\/\/pranarom.ca\/wp-content\/uploads\/2023\/06\/P-HV13.png\" \/>\n\t<meta property=\"og:image:width\" content=\"1500\" \/>\n\t<meta property=\"og:image:height\" content=\"1500\" \/>\n\t<meta property=\"og:image:type\" content=\"image\/png\" \/>\n<meta name=\"twitter:card\" content=\"summary_large_image\" \/>\n<meta name=\"twitter:label1\" content=\"Dur\u00e9e de lecture estim\u00e9e\" \/>\n\t<meta name=\"twitter:data1\" content=\"2 minutes\" \/>\n<script type=\"application\/ld+json\" class=\"yoast-schema-graph\">{\"@context\":\"https:\/\/schema.org\",\"@graph\":[{\"@type\":\"WebPage\",\"@id\":\"https:\/\/pranarom.ca\/produit\/tigernut\/\",\"url\":\"https:\/\/pranarom.ca\/produit\/tigernut\/\",\"name\":\"Souchet - Pranarom\",\"isPartOf\":{\"@id\":\"https:\/\/pranarom.ca\/#website\"},\"primaryImageOfPage\":{\"@id\":\"https:\/\/pranarom.ca\/produit\/tigernut\/#primaryimage\"},\"image\":{\"@id\":\"https:\/\/pranarom.ca\/produit\/tigernut\/#primaryimage\"},\"thumbnailUrl\":\"https:\/\/pranarom.ca\/wp-content\/uploads\/2023\/06\/P-HV13.png\",\"datePublished\":\"2023-06-24T17:42:22+00:00\",\"dateModified\":\"2026-01-21T02:37:31+00:00\",\"breadcrumb\":{\"@id\":\"https:\/\/pranarom.ca\/produit\/tigernut\/#breadcrumb\"},\"inLanguage\":\"fr-FR\",\"potentialAction\":[{\"@type\":\"ReadAction\",\"target\":[\"https:\/\/pranarom.ca\/produit\/tigernut\/\"]}]},{\"@type\":\"ImageObject\",\"inLanguage\":\"fr-FR\",\"@id\":\"https:\/\/pranarom.ca\/produit\/tigernut\/#primaryimage\",\"url\":\"https:\/\/pranarom.ca\/wp-content\/uploads\/2023\/06\/P-HV13.png\",\"contentUrl\":\"https:\/\/pranarom.ca\/wp-content\/uploads\/2023\/06\/P-HV13.png\",\"width\":1500,\"height\":1500},{\"@type\":\"BreadcrumbList\",\"@id\":\"https:\/\/pranarom.ca\/produit\/tigernut\/#breadcrumb\",\"itemListElement\":[{\"@type\":\"ListItem\",\"position\":1,\"name\":\"Home\",\"item\":\"https:\/\/pranarom.ca\/fr\/\"},{\"@type\":\"ListItem\",\"position\":2,\"name\":\"Shop\",\"item\":\"https:\/\/pranarom.ca\/shop\/\"},{\"@type\":\"ListItem\",\"position\":3,\"name\":\"Souchet\"}]},{\"@type\":\"WebSite\",\"@id\":\"https:\/\/pranarom.ca\/#website\",\"url\":\"https:\/\/pranarom.ca\/\",\"name\":\"Pranarom Canada\",\"description\":\"Scientific Aromatherapyy\",\"publisher\":{\"@id\":\"https:\/\/pranarom.ca\/#organization\"},\"potentialAction\":[{\"@type\":\"SearchAction\",\"target\":{\"@type\":\"EntryPoint\",\"urlTemplate\":\"https:\/\/pranarom.ca\/?s={search_term_string}\"},\"query-input\":\"required name=search_term_string\"}],\"inLanguage\":\"fr-FR\"},{\"@type\":\"Organization\",\"@id\":\"https:\/\/pranarom.ca\/#organization\",\"name\":\"Pranarom\",\"url\":\"https:\/\/pranarom.ca\/\",\"logo\":{\"@type\":\"ImageObject\",\"inLanguage\":\"fr-FR\",\"@id\":\"https:\/\/pranarom.ca\/#\/schema\/logo\/image\/\",\"url\":\"https:\/\/pranarom.ca\/wp-content\/uploads\/2019\/03\/pranalogo.png\",\"contentUrl\":\"https:\/\/pranarom.ca\/wp-content\/uploads\/2019\/03\/pranalogo.png\",\"width\":330,\"height\":100,\"caption\":\"Pranarom\"},\"image\":{\"@id\":\"https:\/\/pranarom.ca\/#\/schema\/logo\/image\/\"},\"sameAs\":[\"https:\/\/www.facebook.com\/PranaromCanada\",\"http:\/\/instagram.com\/pranaromcanada\/\",\"https:\/\/www.instagram.com\/pranaromcanada\/\"]}]}<\/script>\n<!-- \/ Yoast SEO plugin. -->","yoast_head_json":{"title":"Souchet - Pranarom","robots":{"index":"index","follow":"follow","max-snippet":"max-snippet:-1","max-image-preview":"max-image-preview:large","max-video-preview":"max-video-preview:-1"},"canonical":"https:\/\/pranarom.ca\/produit\/tigernut\/","og_locale":"fr_FR","og_type":"article","og_title":"Souchet - Pranarom","og_description":"Huile v\u00e9g\u00e9tale 100% naturelle \u2013 biologique  Nourrissant \u2013 Hydratant \u2013 Raffermissant \u2013 Adoucissant Corps \u2013 Visage \u2013 Cheveux  Vierge de premi\u00e8re pression \u00e0 froid | 50 ml","og_url":"https:\/\/pranarom.ca\/produit\/tigernut\/","og_site_name":"Pranarom","article_publisher":"https:\/\/www.facebook.com\/PranaromCanada","article_modified_time":"2026-01-21T02:37:31+00:00","og_image":[{"width":1500,"height":1500,"url":"https:\/\/pranarom.ca\/wp-content\/uploads\/2023\/06\/P-HV13.png","type":"image\/png"}],"twitter_card":"summary_large_image","twitter_misc":{"Dur\u00e9e de lecture estim\u00e9e":"2 minutes"},"schema":{"@context":"https:\/\/schema.org","@graph":[{"@type":"WebPage","@id":"https:\/\/pranarom.ca\/produit\/tigernut\/","url":"https:\/\/pranarom.ca\/produit\/tigernut\/","name":"Souchet - Pranarom","isPartOf":{"@id":"https:\/\/pranarom.ca\/#website"},"primaryImageOfPage":{"@id":"https:\/\/pranarom.ca\/produit\/tigernut\/#primaryimage"},"image":{"@id":"https:\/\/pranarom.ca\/produit\/tigernut\/#primaryimage"},"thumbnailUrl":"https:\/\/pranarom.ca\/wp-content\/uploads\/2023\/06\/P-HV13.png","datePublished":"2023-06-24T17:42:22+00:00","dateModified":"2026-01-21T02:37:31+00:00","breadcrumb":{"@id":"https:\/\/pranarom.ca\/produit\/tigernut\/#breadcrumb"},"inLanguage":"fr-FR","potentialAction":[{"@type":"ReadAction","target":["https:\/\/pranarom.ca\/produit\/tigernut\/"]}]},{"@type":"ImageObject","inLanguage":"fr-FR","@id":"https:\/\/pranarom.ca\/produit\/tigernut\/#primaryimage","url":"https:\/\/pranarom.ca\/wp-content\/uploads\/2023\/06\/P-HV13.png","contentUrl":"https:\/\/pranarom.ca\/wp-content\/uploads\/2023\/06\/P-HV13.png","width":1500,"height":1500},{"@type":"BreadcrumbList","@id":"https:\/\/pranarom.ca\/produit\/tigernut\/#breadcrumb","itemListElement":[{"@type":"ListItem","position":1,"name":"Home","item":"https:\/\/pranarom.ca\/fr\/"},{"@type":"ListItem","position":2,"name":"Shop","item":"https:\/\/pranarom.ca\/shop\/"},{"@type":"ListItem","position":3,"name":"Souchet"}]},{"@type":"WebSite","@id":"https:\/\/pranarom.ca\/#website","url":"https:\/\/pranarom.ca\/","name":"Pranarom Canada","description":"Scientific Aromatherapyy","publisher":{"@id":"https:\/\/pranarom.ca\/#organization"},"potentialAction":[{"@type":"SearchAction","target":{"@type":"EntryPoint","urlTemplate":"https:\/\/pranarom.ca\/?s={search_term_string}"},"query-input":"required name=search_term_string"}],"inLanguage":"fr-FR"},{"@type":"Organization","@id":"https:\/\/pranarom.ca\/#organization","name":"Pranarom","url":"https:\/\/pranarom.ca\/","logo":{"@type":"ImageObject","inLanguage":"fr-FR","@id":"https:\/\/pranarom.ca\/#\/schema\/logo\/image\/","url":"https:\/\/pranarom.ca\/wp-content\/uploads\/2019\/03\/pranalogo.png","contentUrl":"https:\/\/pranarom.ca\/wp-content\/uploads\/2019\/03\/pranalogo.png","width":330,"height":100,"caption":"Pranarom"},"image":{"@id":"https:\/\/pranarom.ca\/#\/schema\/logo\/image\/"},"sameAs":["https:\/\/www.facebook.com\/PranaromCanada","http:\/\/instagram.com\/pranaromcanada\/","https:\/\/www.instagram.com\/pranaromcanada\/"]}]}},"jetpack_sharing_enabled":true,"_links":{"self":[{"href":"https:\/\/pranarom.ca\/fr\/wp-json\/wp\/v2\/product\/60497"}],"collection":[{"href":"https:\/\/pranarom.ca\/fr\/wp-json\/wp\/v2\/product"}],"about":[{"href":"https:\/\/pranarom.ca\/fr\/wp-json\/wp\/v2\/types\/product"}],"replies":[{"embeddable":true,"href":"https:\/\/pranarom.ca\/fr\/wp-json\/wp\/v2\/comments?post=60497"}],"wp:featuredmedia":[{"embeddable":true,"href":"https:\/\/pranarom.ca\/fr\/wp-json\/wp\/v2\/media\/60488"}],"wp:attachment":[{"href":"https:\/\/pranarom.ca\/fr\/wp-json\/wp\/v2\/media?parent=60497"}],"wp:term":[{"taxonomy":"product_cat","embeddable":true,"href":"https:\/\/pranarom.ca\/fr\/wp-json\/wp\/v2\/product_cat?post=60497"},{"taxonomy":"product_tag","embeddable":true,"href":"https:\/\/pranarom.ca\/fr\/wp-json\/wp\/v2\/product_tag?post=60497"}],"curies":[{"name":"wp","href":"https:\/\/api.w.org\/{rel}","templated":true}]}}