{"id":60495,"date":"2023-06-24T17:37:50","date_gmt":"2023-06-24T17:37:50","guid":{"rendered":"https:\/\/pranarom.ca\/product\/gel-lavant-neutre-aromaself\/"},"modified":"2023-06-24T17:37:50","modified_gmt":"2023-06-24T17:37:50","slug":"gel-lavant-neutre-aromaself","status":"publish","type":"product","link":"https:\/\/pranarom.ca\/fr\/produit\/gel-lavant-neutre-aromaself\/","title":{"rendered":"Gel Lavant Neutre AromaSelf"},"content":{"rendered":"<p><strong>Tensioactifs doux 100% d\u2019origine naturelle<\/strong><\/p>\n<p>Le\u00a0<strong>gel lavant neutre<\/strong>\u00a0BIO nettoie la peau et les cheveux tout en douceur. Il peut \u00eatre utilis\u00e9 seul ou servir de base lavante neutre DIY pour personnaliser vos gels douche, shampoings, nettoyants visage ou savons pour les mains \u00e0 base d\u2019huiles essentielles et\/ou v\u00e9g\u00e9tales et d\u2019hydrolats.<\/p>\n<p>Formul\u00e9\u00a0<strong>sans<\/strong>\u00a0tensioactifs agressifs et sans parfum, le\u00a0<strong>gel lavant neutre<\/strong>\u00a0\u00e0 la mousse fine et douce respecte la peau de toute la famille. Adapt\u00e9 \u00e0 l\u2019hygi\u00e8ne des b\u00e9b\u00e9s (d\u00e8s la naissance) et aux peaux sensibles et r\u00e9actives. pH physiologiquement adapt\u00e9 \u00e0 un usage quotidien : visage, corps, cheveux, mains. Ne pique pas les yeux. Respecte la peau et la plan\u00e8te.<\/p>\n<hr \/>\n<h3><strong>Mode d\u2019emploi :<\/strong><\/h3>\n<p>Appliquer sur peau et\/ou cheveux mouill\u00e9s, faire mousser puis rincer.<\/p>\n<hr \/>\n<h3><strong>Pr\u00e9cautions :<\/strong><\/h3>\n<p>\u00c9viter le contact avec les yeux.\u00a0Tenir hors de port\u00e9e des enfants.\u00a0Conserver \u00e0 l\u2019abri de la chaleur.\u00a0La texture et la couleur peuvent l\u00e9g\u00e8rement \u00e9voluer avec le temps, sans en alt\u00e9rer la qualit\u00e9.\u00a0Usage externe.<\/p>\n<p>Usage DIY : toujours respecter les pr\u00e9cautions d\u2019emploi relatives aux huiles essentielles.<\/p>\n<hr \/>\n<h3><strong>Ingr\u00e9dients (INCI) :<\/strong><\/h3>\n<p>AQUA, COCO-GLUCOSIDE, GLYCERIN*, DISODIUM COCOYL GLUTAMATE, CAPRYLYL\/CAPRYL GLUCOSIDE, SODIUM COCOYL GLUTAMATE, POLYGLYCERYL-6 OLEATE, CITRIC ACID, SODIUM SURFACTIN, LEVULINIC ACID, XANTHAN GUM, SODIUM LEVULINATE, GLYCERYL CAPRYLATE, SODIUM BENZOATE, POTASSIUM SORBATE.<\/p>\n<p>*Ingr\u00e9dient issu de l\u2019agriculture biologique (Contr\u00f4le Certisys BE-BIO-01) \u2013 ECOGARANTIE\u00ae produit certifi\u00e9 conform\u00e9ment au cahier des charges ECOGARANTIE (Contr\u00f4le CERTISYS)<\/p>\n<hr \/>\n<h3><strong>Mon shampooing stimulant cheveux :<\/strong><\/h3>\n<p>D\u00e9couvrez son action stimulante sur le cuir chevelu et r\u00e9activez la croissance des cheveux :<\/p>\n<ul>\n<li><strong>Gel lavant neutre<\/strong>\u00a0: 250 ml<\/li>\n<li>Huile essentielle de\u00a0<strong>Romarin CT cin\u00e9ole<\/strong>: 15 gouttes<\/li>\n<li>Huile essentielle d\u2019<strong>Orange douce\u00a0<\/strong>: 15 gouttes<\/li>\n<\/ul>\n","protected":false},"excerpt":{"rendered":"<p>Id\u00e9al pour le DIY \u2013 Visage \u2013 Corps \u2013 Cheveux | B\u00e9b\u00e9 \u2013 Enfant \u2013 Adulte<br \/>\nSans allerg\u00e8nes \u2013 Sans parfum \u2013 Sans colorant \u2013 Sans sulfate<\/p>\n<p>250 ml | Biologique<\/p>\n","protected":false},"featured_media":60490,"comment_status":"open","ping_status":"closed","template":"","meta":{"_et_pb_use_builder":"","_et_pb_old_content":"","_et_gb_content_width":""},"product_cat":[537,326,339,333],"product_tag":[],"acf":[],"yoast_head":"<!-- This site is optimized with the Yoast SEO plugin v22.6 - https:\/\/yoast.com\/wordpress\/plugins\/seo\/ -->\n<title>Gel Lavant Neutre AromaSelf - Pranarom<\/title>\n<meta name=\"robots\" content=\"index, follow, max-snippet:-1, max-image-preview:large, max-video-preview:-1\" \/>\n<link rel=\"canonical\" href=\"https:\/\/pranarom.ca\/produit\/neutral-cleansing-gel-aromaself\/\" \/>\n<meta property=\"og:locale\" content=\"fr_FR\" \/>\n<meta property=\"og:type\" content=\"article\" \/>\n<meta property=\"og:title\" content=\"Gel Lavant Neutre AromaSelf - Pranarom\" \/>\n<meta property=\"og:description\" content=\"Id\u00e9al pour le DIY \u2013 Visage \u2013 Corps \u2013 Cheveux | B\u00e9b\u00e9 \u2013 Enfant \u2013 Adulte Sans allerg\u00e8nes \u2013 Sans parfum \u2013 Sans colorant \u2013 Sans sulfate  250 ml | Biologique\" \/>\n<meta property=\"og:url\" content=\"https:\/\/pranarom.ca\/produit\/neutral-cleansing-gel-aromaself\/\" \/>\n<meta property=\"og:site_name\" content=\"Pranarom\" \/>\n<meta property=\"article:publisher\" content=\"https:\/\/www.facebook.com\/PranaromCanada\" \/>\n<meta property=\"og:image\" content=\"https:\/\/pranarom.ca\/wp-content\/uploads\/2023\/06\/P-MA03.png\" \/>\n\t<meta property=\"og:image:width\" content=\"1500\" \/>\n\t<meta property=\"og:image:height\" content=\"1500\" \/>\n\t<meta property=\"og:image:type\" content=\"image\/png\" \/>\n<meta name=\"twitter:card\" content=\"summary_large_image\" \/>\n<meta name=\"twitter:label1\" content=\"Dur\u00e9e de lecture estim\u00e9e\" \/>\n\t<meta name=\"twitter:data1\" content=\"1 minute\" \/>\n<script type=\"application\/ld+json\" class=\"yoast-schema-graph\">{\"@context\":\"https:\/\/schema.org\",\"@graph\":[{\"@type\":\"WebPage\",\"@id\":\"https:\/\/pranarom.ca\/produit\/neutral-cleansing-gel-aromaself\/\",\"url\":\"https:\/\/pranarom.ca\/produit\/neutral-cleansing-gel-aromaself\/\",\"name\":\"Gel Lavant Neutre AromaSelf - Pranarom\",\"isPartOf\":{\"@id\":\"https:\/\/pranarom.ca\/#website\"},\"primaryImageOfPage\":{\"@id\":\"https:\/\/pranarom.ca\/produit\/neutral-cleansing-gel-aromaself\/#primaryimage\"},\"image\":{\"@id\":\"https:\/\/pranarom.ca\/produit\/neutral-cleansing-gel-aromaself\/#primaryimage\"},\"thumbnailUrl\":\"https:\/\/pranarom.ca\/wp-content\/uploads\/2023\/06\/P-MA03.png\",\"datePublished\":\"2023-06-24T17:37:50+00:00\",\"dateModified\":\"2023-06-24T17:37:50+00:00\",\"breadcrumb\":{\"@id\":\"https:\/\/pranarom.ca\/produit\/neutral-cleansing-gel-aromaself\/#breadcrumb\"},\"inLanguage\":\"fr-FR\",\"potentialAction\":[{\"@type\":\"ReadAction\",\"target\":[\"https:\/\/pranarom.ca\/produit\/neutral-cleansing-gel-aromaself\/\"]}]},{\"@type\":\"ImageObject\",\"inLanguage\":\"fr-FR\",\"@id\":\"https:\/\/pranarom.ca\/produit\/neutral-cleansing-gel-aromaself\/#primaryimage\",\"url\":\"https:\/\/pranarom.ca\/wp-content\/uploads\/2023\/06\/P-MA03.png\",\"contentUrl\":\"https:\/\/pranarom.ca\/wp-content\/uploads\/2023\/06\/P-MA03.png\",\"width\":1500,\"height\":1500},{\"@type\":\"BreadcrumbList\",\"@id\":\"https:\/\/pranarom.ca\/produit\/neutral-cleansing-gel-aromaself\/#breadcrumb\",\"itemListElement\":[{\"@type\":\"ListItem\",\"position\":1,\"name\":\"Home\",\"item\":\"https:\/\/pranarom.ca\/fr\/\"},{\"@type\":\"ListItem\",\"position\":2,\"name\":\"Shop\",\"item\":\"https:\/\/pranarom.ca\/shop\/\"},{\"@type\":\"ListItem\",\"position\":3,\"name\":\"Gel Lavant Neutre AromaSelf\"}]},{\"@type\":\"WebSite\",\"@id\":\"https:\/\/pranarom.ca\/#website\",\"url\":\"https:\/\/pranarom.ca\/\",\"name\":\"Pranarom Canada\",\"description\":\"Scientific Aromatherapyy\",\"publisher\":{\"@id\":\"https:\/\/pranarom.ca\/#organization\"},\"potentialAction\":[{\"@type\":\"SearchAction\",\"target\":{\"@type\":\"EntryPoint\",\"urlTemplate\":\"https:\/\/pranarom.ca\/?s={search_term_string}\"},\"query-input\":\"required name=search_term_string\"}],\"inLanguage\":\"fr-FR\"},{\"@type\":\"Organization\",\"@id\":\"https:\/\/pranarom.ca\/#organization\",\"name\":\"Pranarom\",\"url\":\"https:\/\/pranarom.ca\/\",\"logo\":{\"@type\":\"ImageObject\",\"inLanguage\":\"fr-FR\",\"@id\":\"https:\/\/pranarom.ca\/#\/schema\/logo\/image\/\",\"url\":\"https:\/\/pranarom.ca\/wp-content\/uploads\/2019\/03\/pranalogo.png\",\"contentUrl\":\"https:\/\/pranarom.ca\/wp-content\/uploads\/2019\/03\/pranalogo.png\",\"width\":330,\"height\":100,\"caption\":\"Pranarom\"},\"image\":{\"@id\":\"https:\/\/pranarom.ca\/#\/schema\/logo\/image\/\"},\"sameAs\":[\"https:\/\/www.facebook.com\/PranaromCanada\",\"http:\/\/instagram.com\/pranaromcanada\/\",\"https:\/\/www.instagram.com\/pranaromcanada\/\"]}]}<\/script>\n<!-- \/ Yoast SEO plugin. -->","yoast_head_json":{"title":"Gel Lavant Neutre AromaSelf - Pranarom","robots":{"index":"index","follow":"follow","max-snippet":"max-snippet:-1","max-image-preview":"max-image-preview:large","max-video-preview":"max-video-preview:-1"},"canonical":"https:\/\/pranarom.ca\/produit\/neutral-cleansing-gel-aromaself\/","og_locale":"fr_FR","og_type":"article","og_title":"Gel Lavant Neutre AromaSelf - Pranarom","og_description":"Id\u00e9al pour le DIY \u2013 Visage \u2013 Corps \u2013 Cheveux | B\u00e9b\u00e9 \u2013 Enfant \u2013 Adulte Sans allerg\u00e8nes \u2013 Sans parfum \u2013 Sans colorant \u2013 Sans sulfate  250 ml | Biologique","og_url":"https:\/\/pranarom.ca\/produit\/neutral-cleansing-gel-aromaself\/","og_site_name":"Pranarom","article_publisher":"https:\/\/www.facebook.com\/PranaromCanada","og_image":[{"width":1500,"height":1500,"url":"https:\/\/pranarom.ca\/wp-content\/uploads\/2023\/06\/P-MA03.png","type":"image\/png"}],"twitter_card":"summary_large_image","twitter_misc":{"Dur\u00e9e de lecture estim\u00e9e":"1 minute"},"schema":{"@context":"https:\/\/schema.org","@graph":[{"@type":"WebPage","@id":"https:\/\/pranarom.ca\/produit\/neutral-cleansing-gel-aromaself\/","url":"https:\/\/pranarom.ca\/produit\/neutral-cleansing-gel-aromaself\/","name":"Gel Lavant Neutre AromaSelf - Pranarom","isPartOf":{"@id":"https:\/\/pranarom.ca\/#website"},"primaryImageOfPage":{"@id":"https:\/\/pranarom.ca\/produit\/neutral-cleansing-gel-aromaself\/#primaryimage"},"image":{"@id":"https:\/\/pranarom.ca\/produit\/neutral-cleansing-gel-aromaself\/#primaryimage"},"thumbnailUrl":"https:\/\/pranarom.ca\/wp-content\/uploads\/2023\/06\/P-MA03.png","datePublished":"2023-06-24T17:37:50+00:00","dateModified":"2023-06-24T17:37:50+00:00","breadcrumb":{"@id":"https:\/\/pranarom.ca\/produit\/neutral-cleansing-gel-aromaself\/#breadcrumb"},"inLanguage":"fr-FR","potentialAction":[{"@type":"ReadAction","target":["https:\/\/pranarom.ca\/produit\/neutral-cleansing-gel-aromaself\/"]}]},{"@type":"ImageObject","inLanguage":"fr-FR","@id":"https:\/\/pranarom.ca\/produit\/neutral-cleansing-gel-aromaself\/#primaryimage","url":"https:\/\/pranarom.ca\/wp-content\/uploads\/2023\/06\/P-MA03.png","contentUrl":"https:\/\/pranarom.ca\/wp-content\/uploads\/2023\/06\/P-MA03.png","width":1500,"height":1500},{"@type":"BreadcrumbList","@id":"https:\/\/pranarom.ca\/produit\/neutral-cleansing-gel-aromaself\/#breadcrumb","itemListElement":[{"@type":"ListItem","position":1,"name":"Home","item":"https:\/\/pranarom.ca\/fr\/"},{"@type":"ListItem","position":2,"name":"Shop","item":"https:\/\/pranarom.ca\/shop\/"},{"@type":"ListItem","position":3,"name":"Gel Lavant Neutre AromaSelf"}]},{"@type":"WebSite","@id":"https:\/\/pranarom.ca\/#website","url":"https:\/\/pranarom.ca\/","name":"Pranarom Canada","description":"Scientific Aromatherapyy","publisher":{"@id":"https:\/\/pranarom.ca\/#organization"},"potentialAction":[{"@type":"SearchAction","target":{"@type":"EntryPoint","urlTemplate":"https:\/\/pranarom.ca\/?s={search_term_string}"},"query-input":"required name=search_term_string"}],"inLanguage":"fr-FR"},{"@type":"Organization","@id":"https:\/\/pranarom.ca\/#organization","name":"Pranarom","url":"https:\/\/pranarom.ca\/","logo":{"@type":"ImageObject","inLanguage":"fr-FR","@id":"https:\/\/pranarom.ca\/#\/schema\/logo\/image\/","url":"https:\/\/pranarom.ca\/wp-content\/uploads\/2019\/03\/pranalogo.png","contentUrl":"https:\/\/pranarom.ca\/wp-content\/uploads\/2019\/03\/pranalogo.png","width":330,"height":100,"caption":"Pranarom"},"image":{"@id":"https:\/\/pranarom.ca\/#\/schema\/logo\/image\/"},"sameAs":["https:\/\/www.facebook.com\/PranaromCanada","http:\/\/instagram.com\/pranaromcanada\/","https:\/\/www.instagram.com\/pranaromcanada\/"]}]}},"jetpack_sharing_enabled":true,"_links":{"self":[{"href":"https:\/\/pranarom.ca\/fr\/wp-json\/wp\/v2\/product\/60495"}],"collection":[{"href":"https:\/\/pranarom.ca\/fr\/wp-json\/wp\/v2\/product"}],"about":[{"href":"https:\/\/pranarom.ca\/fr\/wp-json\/wp\/v2\/types\/product"}],"replies":[{"embeddable":true,"href":"https:\/\/pranarom.ca\/fr\/wp-json\/wp\/v2\/comments?post=60495"}],"wp:featuredmedia":[{"embeddable":true,"href":"https:\/\/pranarom.ca\/fr\/wp-json\/wp\/v2\/media\/60490"}],"wp:attachment":[{"href":"https:\/\/pranarom.ca\/fr\/wp-json\/wp\/v2\/media?parent=60495"}],"wp:term":[{"taxonomy":"product_cat","embeddable":true,"href":"https:\/\/pranarom.ca\/fr\/wp-json\/wp\/v2\/product_cat?post=60495"},{"taxonomy":"product_tag","embeddable":true,"href":"https:\/\/pranarom.ca\/fr\/wp-json\/wp\/v2\/product_tag?post=60495"}],"curies":[{"name":"wp","href":"https:\/\/api.w.org\/{rel}","templated":true}]}}