{"id":60493,"date":"2023-06-24T17:33:24","date_gmt":"2023-06-24T17:33:24","guid":{"rendered":"https:\/\/pranarom.ca\/product\/gel-aloe-vera-aromaself\/"},"modified":"2025-05-26T08:33:12","modified_gmt":"2025-05-26T08:33:12","slug":"gel-aloe-vera-aromaself","status":"publish","type":"product","link":"https:\/\/pranarom.ca\/fr\/produit\/gel-aloe-vera-aromaself\/","title":{"rendered":"Gel Aloe Vera+ AromaSelf"},"content":{"rendered":"<p><strong>Id\u00e9al pour vos synergies aux huiles essentielles \u2013 97% Aloe vera<\/strong><\/p>\n<p>Cr\u00e9ez facilement vos soins personnalis\u00e9s gr\u00e2ce \u00e0 cette formule innovante contenant un solubilisant v\u00e9g\u00e9tal qui permet aux huiles essentielles et v\u00e9g\u00e9tales de se m\u00e9langer sans d\u00e9phasage et parfaitement avec le gel d\u2019<strong>Aloe<\/strong>\u00a0<strong>vera+<\/strong>, pour une utilisation optimale.<\/p>\n<p>Reconnu pour ses propri\u00e9t\u00e9s apaisantes et r\u00e9g\u00e9n\u00e9rantes exceptionnelles, l\u2019aloe vera soulage les rougeurs, les irritations et contribue \u00e0 la r\u00e9paration de la peau. Naturellement riche en actifs, dont l\u2019aloeverose, il pr\u00e9serve l\u2019hydratation de la peau et la laisse douce et souple.<\/p>\n<p><strong>AROMASELF Gel Aloe Vera+<\/strong>\u00a0est donc id\u00e9al pour vos synergies bien-\u00eatre et soins de la peau.<\/p>\n<p>Notre\u00a0<strong>Gel Aloe vera+<\/strong>\u00a0se diff\u00e9rencie des autres gels pr\u00e9sents sur le march\u00e9, car le solubilisant v\u00e9g\u00e9tal et naturel est directement int\u00e9gr\u00e9 au gel d\u2019aloe vera, d\u2019o\u00f9 son nom \u00ab\u00a0<strong>Aloe vera+<\/strong>\u00a0\u00bb. Ce m\u00e9lange de gel et de solubilisant v\u00e9g\u00e9tal est id\u00e9al pour vous permettre de cr\u00e9er vos propres synergies en mode \u00ab\u00a0<strong>do-it-yourself<\/strong>\u00a0\u00bb et pour cr\u00e9er vos \u00ab\u00a0<strong>m\u00e9langes minutes<\/strong>\u00a0\u00bb directement dans votre paume de main.<\/p>\n<hr \/>\n<h3><strong>Mode d\u2019emploi :<\/strong><\/h3>\n<p>Le gel\u00a0<strong>Aloe Vera+<\/strong>\u00a0Pranarom est tr\u00e8s facile \u00e0 utiliser!<\/p>\n<p>1 pression pompe de ce gel peut \u00eatre m\u00e9lang\u00e9e avec (maximum) 4 gouttes d\u2019huile essentielle et\/ou v\u00e9g\u00e9tale.<\/p>\n<ul>\n<li>Effectuer une pression de la pompe dans la main.<\/li>\n<li>Ajouter directement la quantit\u00e9 d\u2019huile essentielle d\u00e9sir\u00e9e dans le gel d\u2019<strong>Aloe<\/strong>\u00a0<strong>vera+<\/strong>.<\/li>\n<li>\u00c9mulsionner rapidement avec le doigt.<\/li>\n<li>Appliquer localement le m\u00e9lange aloe + huile essentielle.<\/li>\n<li>Le gel\u00a0<strong>Aloe<\/strong>\u00a0<strong>vera+\u00a0<\/strong>peut \u00e9galement s\u2019utiliser pur, car il dispose de nombreux bienfaits, m\u00eame sans l\u2019ajout d\u2019huile essentielle ou v\u00e9g\u00e9tale.<\/li>\n<\/ul>\n<p>\u00c0 partir de 3 ans : 1 application par jour.<br \/>\u00c0 partir de 12 ans : jusqu\u2019\u00e0 3 applications par jour.<\/p>\n<hr \/>\n<h3><strong>Pr\u00e9cautions :<\/strong><\/h3>\n<p>\u00c9viter le contact avec les yeux et les muqueuses.\u00a0Tenir hors de port\u00e9e des jeunes enfants.\u00a0Conserver \u00e0 l\u2019abri de toute source de chaleur et lumi\u00e8re.\u00a0Usage externe.<\/p>\n<hr \/>\n<h3><strong>Ingr\u00e9dients (INCI) :<\/strong><\/h3>\n<p>AQUA, ALOE BARBADENSIS LEAF JUICE POWDER*, AMORPHOPHALLUS KONJAC ROOT EXTRACT, POLYGLYCERYL-6 CAPRYLATE, CAESALPINIA SPINOSA GUM, SODIUM BENZOATE, XANTHAN GUM, POLYGLYCERYL-4 CAPRATE, POTASSIUM SORBATE, LACTIC ACID.<\/p>\n<p>99,35% du total des ingr\u00e9dients sont d\u2019origine naturelle.<\/p>\n<p>*Ingr\u00e9dient issu de l\u2019agriculture biologique (Contr\u00f4le Certisys BE-BIO-01) \u2013 ECOGARANTIE \u00ae produit certifi\u00e9 conform\u00e9ment au cahier des charges ECOGARANTIE (Contr\u00f4le CERTISYS).<\/p>\n","protected":false},"excerpt":{"rendered":"<p>Gel fluide, non gras, p\u00e9n\u00e8tre rapidement<br \/>\nTous types de peaux \u2013 Corps et visage<\/p>\n<p>Sans alcool \u2013 Sans allerg\u00e8nes \u2013 Sans parfum<\/p>\n<p>100 ml | Biologique<\/p>\n","protected":false},"featured_media":60492,"comment_status":"open","ping_status":"closed","template":"","meta":{"_et_pb_use_builder":"","_et_pb_old_content":"","_et_gb_content_width":""},"product_cat":[537,326,339,333],"product_tag":[],"acf":[],"yoast_head":"<!-- This site is optimized with the Yoast SEO plugin v22.6 - https:\/\/yoast.com\/wordpress\/plugins\/seo\/ -->\n<title>Gel Aloe Vera+ AromaSelf - Pranarom<\/title>\n<meta name=\"robots\" content=\"index, follow, max-snippet:-1, max-image-preview:large, max-video-preview:-1\" \/>\n<link rel=\"canonical\" href=\"https:\/\/pranarom.ca\/produit\/aloe-vera-gel-aromaself\/\" \/>\n<meta property=\"og:locale\" content=\"fr_FR\" \/>\n<meta property=\"og:type\" content=\"article\" \/>\n<meta property=\"og:title\" content=\"Gel Aloe Vera+ AromaSelf - Pranarom\" \/>\n<meta property=\"og:description\" content=\"Gel fluide, non gras, p\u00e9n\u00e8tre rapidement Tous types de peaux \u2013 Corps et visage  Sans alcool \u2013 Sans allerg\u00e8nes \u2013 Sans parfum  100 ml | Biologique\" \/>\n<meta property=\"og:url\" content=\"https:\/\/pranarom.ca\/produit\/aloe-vera-gel-aromaself\/\" \/>\n<meta property=\"og:site_name\" content=\"Pranarom\" \/>\n<meta property=\"article:publisher\" content=\"https:\/\/www.facebook.com\/PranaromCanada\" \/>\n<meta property=\"article:modified_time\" content=\"2025-05-26T08:33:12+00:00\" \/>\n<meta property=\"og:image\" content=\"https:\/\/pranarom.ca\/wp-content\/uploads\/2023\/06\/P-MA04.png\" \/>\n\t<meta property=\"og:image:width\" content=\"1500\" \/>\n\t<meta property=\"og:image:height\" content=\"1500\" \/>\n\t<meta property=\"og:image:type\" content=\"image\/png\" \/>\n<meta name=\"twitter:card\" content=\"summary_large_image\" \/>\n<meta name=\"twitter:label1\" content=\"Dur\u00e9e de lecture estim\u00e9e\" \/>\n\t<meta name=\"twitter:data1\" content=\"2 minutes\" \/>\n<script type=\"application\/ld+json\" class=\"yoast-schema-graph\">{\"@context\":\"https:\/\/schema.org\",\"@graph\":[{\"@type\":\"WebPage\",\"@id\":\"https:\/\/pranarom.ca\/produit\/aloe-vera-gel-aromaself\/\",\"url\":\"https:\/\/pranarom.ca\/produit\/aloe-vera-gel-aromaself\/\",\"name\":\"Gel Aloe Vera+ AromaSelf - Pranarom\",\"isPartOf\":{\"@id\":\"https:\/\/pranarom.ca\/#website\"},\"primaryImageOfPage\":{\"@id\":\"https:\/\/pranarom.ca\/produit\/aloe-vera-gel-aromaself\/#primaryimage\"},\"image\":{\"@id\":\"https:\/\/pranarom.ca\/produit\/aloe-vera-gel-aromaself\/#primaryimage\"},\"thumbnailUrl\":\"https:\/\/pranarom.ca\/wp-content\/uploads\/2023\/06\/P-MA04.png\",\"datePublished\":\"2023-06-24T17:33:24+00:00\",\"dateModified\":\"2025-05-26T08:33:12+00:00\",\"breadcrumb\":{\"@id\":\"https:\/\/pranarom.ca\/produit\/aloe-vera-gel-aromaself\/#breadcrumb\"},\"inLanguage\":\"fr-FR\",\"potentialAction\":[{\"@type\":\"ReadAction\",\"target\":[\"https:\/\/pranarom.ca\/produit\/aloe-vera-gel-aromaself\/\"]}]},{\"@type\":\"ImageObject\",\"inLanguage\":\"fr-FR\",\"@id\":\"https:\/\/pranarom.ca\/produit\/aloe-vera-gel-aromaself\/#primaryimage\",\"url\":\"https:\/\/pranarom.ca\/wp-content\/uploads\/2023\/06\/P-MA04.png\",\"contentUrl\":\"https:\/\/pranarom.ca\/wp-content\/uploads\/2023\/06\/P-MA04.png\",\"width\":1500,\"height\":1500},{\"@type\":\"BreadcrumbList\",\"@id\":\"https:\/\/pranarom.ca\/produit\/aloe-vera-gel-aromaself\/#breadcrumb\",\"itemListElement\":[{\"@type\":\"ListItem\",\"position\":1,\"name\":\"Home\",\"item\":\"https:\/\/pranarom.ca\/fr\/\"},{\"@type\":\"ListItem\",\"position\":2,\"name\":\"Shop\",\"item\":\"https:\/\/pranarom.ca\/shop\/\"},{\"@type\":\"ListItem\",\"position\":3,\"name\":\"Gel Aloe Vera+ AromaSelf\"}]},{\"@type\":\"WebSite\",\"@id\":\"https:\/\/pranarom.ca\/#website\",\"url\":\"https:\/\/pranarom.ca\/\",\"name\":\"Pranarom Canada\",\"description\":\"Scientific Aromatherapyy\",\"publisher\":{\"@id\":\"https:\/\/pranarom.ca\/#organization\"},\"potentialAction\":[{\"@type\":\"SearchAction\",\"target\":{\"@type\":\"EntryPoint\",\"urlTemplate\":\"https:\/\/pranarom.ca\/?s={search_term_string}\"},\"query-input\":\"required name=search_term_string\"}],\"inLanguage\":\"fr-FR\"},{\"@type\":\"Organization\",\"@id\":\"https:\/\/pranarom.ca\/#organization\",\"name\":\"Pranarom\",\"url\":\"https:\/\/pranarom.ca\/\",\"logo\":{\"@type\":\"ImageObject\",\"inLanguage\":\"fr-FR\",\"@id\":\"https:\/\/pranarom.ca\/#\/schema\/logo\/image\/\",\"url\":\"https:\/\/pranarom.ca\/wp-content\/uploads\/2019\/03\/pranalogo.png\",\"contentUrl\":\"https:\/\/pranarom.ca\/wp-content\/uploads\/2019\/03\/pranalogo.png\",\"width\":330,\"height\":100,\"caption\":\"Pranarom\"},\"image\":{\"@id\":\"https:\/\/pranarom.ca\/#\/schema\/logo\/image\/\"},\"sameAs\":[\"https:\/\/www.facebook.com\/PranaromCanada\",\"http:\/\/instagram.com\/pranaromcanada\/\",\"https:\/\/www.instagram.com\/pranaromcanada\/\"]}]}<\/script>\n<!-- \/ Yoast SEO plugin. -->","yoast_head_json":{"title":"Gel Aloe Vera+ AromaSelf - Pranarom","robots":{"index":"index","follow":"follow","max-snippet":"max-snippet:-1","max-image-preview":"max-image-preview:large","max-video-preview":"max-video-preview:-1"},"canonical":"https:\/\/pranarom.ca\/produit\/aloe-vera-gel-aromaself\/","og_locale":"fr_FR","og_type":"article","og_title":"Gel Aloe Vera+ AromaSelf - Pranarom","og_description":"Gel fluide, non gras, p\u00e9n\u00e8tre rapidement Tous types de peaux \u2013 Corps et visage  Sans alcool \u2013 Sans allerg\u00e8nes \u2013 Sans parfum  100 ml | Biologique","og_url":"https:\/\/pranarom.ca\/produit\/aloe-vera-gel-aromaself\/","og_site_name":"Pranarom","article_publisher":"https:\/\/www.facebook.com\/PranaromCanada","article_modified_time":"2025-05-26T08:33:12+00:00","og_image":[{"width":1500,"height":1500,"url":"https:\/\/pranarom.ca\/wp-content\/uploads\/2023\/06\/P-MA04.png","type":"image\/png"}],"twitter_card":"summary_large_image","twitter_misc":{"Dur\u00e9e de lecture estim\u00e9e":"2 minutes"},"schema":{"@context":"https:\/\/schema.org","@graph":[{"@type":"WebPage","@id":"https:\/\/pranarom.ca\/produit\/aloe-vera-gel-aromaself\/","url":"https:\/\/pranarom.ca\/produit\/aloe-vera-gel-aromaself\/","name":"Gel Aloe Vera+ AromaSelf - Pranarom","isPartOf":{"@id":"https:\/\/pranarom.ca\/#website"},"primaryImageOfPage":{"@id":"https:\/\/pranarom.ca\/produit\/aloe-vera-gel-aromaself\/#primaryimage"},"image":{"@id":"https:\/\/pranarom.ca\/produit\/aloe-vera-gel-aromaself\/#primaryimage"},"thumbnailUrl":"https:\/\/pranarom.ca\/wp-content\/uploads\/2023\/06\/P-MA04.png","datePublished":"2023-06-24T17:33:24+00:00","dateModified":"2025-05-26T08:33:12+00:00","breadcrumb":{"@id":"https:\/\/pranarom.ca\/produit\/aloe-vera-gel-aromaself\/#breadcrumb"},"inLanguage":"fr-FR","potentialAction":[{"@type":"ReadAction","target":["https:\/\/pranarom.ca\/produit\/aloe-vera-gel-aromaself\/"]}]},{"@type":"ImageObject","inLanguage":"fr-FR","@id":"https:\/\/pranarom.ca\/produit\/aloe-vera-gel-aromaself\/#primaryimage","url":"https:\/\/pranarom.ca\/wp-content\/uploads\/2023\/06\/P-MA04.png","contentUrl":"https:\/\/pranarom.ca\/wp-content\/uploads\/2023\/06\/P-MA04.png","width":1500,"height":1500},{"@type":"BreadcrumbList","@id":"https:\/\/pranarom.ca\/produit\/aloe-vera-gel-aromaself\/#breadcrumb","itemListElement":[{"@type":"ListItem","position":1,"name":"Home","item":"https:\/\/pranarom.ca\/fr\/"},{"@type":"ListItem","position":2,"name":"Shop","item":"https:\/\/pranarom.ca\/shop\/"},{"@type":"ListItem","position":3,"name":"Gel Aloe Vera+ AromaSelf"}]},{"@type":"WebSite","@id":"https:\/\/pranarom.ca\/#website","url":"https:\/\/pranarom.ca\/","name":"Pranarom Canada","description":"Scientific Aromatherapyy","publisher":{"@id":"https:\/\/pranarom.ca\/#organization"},"potentialAction":[{"@type":"SearchAction","target":{"@type":"EntryPoint","urlTemplate":"https:\/\/pranarom.ca\/?s={search_term_string}"},"query-input":"required name=search_term_string"}],"inLanguage":"fr-FR"},{"@type":"Organization","@id":"https:\/\/pranarom.ca\/#organization","name":"Pranarom","url":"https:\/\/pranarom.ca\/","logo":{"@type":"ImageObject","inLanguage":"fr-FR","@id":"https:\/\/pranarom.ca\/#\/schema\/logo\/image\/","url":"https:\/\/pranarom.ca\/wp-content\/uploads\/2019\/03\/pranalogo.png","contentUrl":"https:\/\/pranarom.ca\/wp-content\/uploads\/2019\/03\/pranalogo.png","width":330,"height":100,"caption":"Pranarom"},"image":{"@id":"https:\/\/pranarom.ca\/#\/schema\/logo\/image\/"},"sameAs":["https:\/\/www.facebook.com\/PranaromCanada","http:\/\/instagram.com\/pranaromcanada\/","https:\/\/www.instagram.com\/pranaromcanada\/"]}]}},"jetpack_sharing_enabled":true,"_links":{"self":[{"href":"https:\/\/pranarom.ca\/fr\/wp-json\/wp\/v2\/product\/60493"}],"collection":[{"href":"https:\/\/pranarom.ca\/fr\/wp-json\/wp\/v2\/product"}],"about":[{"href":"https:\/\/pranarom.ca\/fr\/wp-json\/wp\/v2\/types\/product"}],"replies":[{"embeddable":true,"href":"https:\/\/pranarom.ca\/fr\/wp-json\/wp\/v2\/comments?post=60493"}],"wp:featuredmedia":[{"embeddable":true,"href":"https:\/\/pranarom.ca\/fr\/wp-json\/wp\/v2\/media\/60492"}],"wp:attachment":[{"href":"https:\/\/pranarom.ca\/fr\/wp-json\/wp\/v2\/media?parent=60493"}],"wp:term":[{"taxonomy":"product_cat","embeddable":true,"href":"https:\/\/pranarom.ca\/fr\/wp-json\/wp\/v2\/product_cat?post=60493"},{"taxonomy":"product_tag","embeddable":true,"href":"https:\/\/pranarom.ca\/fr\/wp-json\/wp\/v2\/product_tag?post=60493"}],"curies":[{"name":"wp","href":"https:\/\/api.w.org\/{rel}","templated":true}]}}