{"id":60485,"date":"2023-06-24T17:21:58","date_gmt":"2023-06-24T17:21:58","guid":{"rendered":"https:\/\/pranarom.ca\/product\/lavande-hydrolat-deau-precieuse\/"},"modified":"2023-06-24T17:21:58","modified_gmt":"2023-06-24T17:21:58","slug":"lavande-hydrolat-deau-precieuse","status":"publish","type":"product","link":"https:\/\/pranarom.ca\/fr\/produit\/lavande-hydrolat-deau-precieuse\/","title":{"rendered":"Lavande hydrolat d\u2019eau pr\u00e9cieuse"},"content":{"rendered":"<p>Hydrolat aromatique contenant des essences de plantes pures en suspension dans l\u2019H<sub>2<\/sub>O provenant de la distillation \u00e0 la vapeur d\u2019eau de fleurs fra\u00eeches de\u00a0<strong><em>Lavandula angustifolia<\/em><\/strong>.<\/p>\n<hr \/>\n<p><strong>Hydrolats d\u2019eau pr\u00e9cieuse<\/strong><\/p>\n<p>Doucement nourrissants, les hydrolats impr\u00e8gnent la peau d\u2019humidit\u00e9 et de la vitalit\u00e9 des plantes. Nos nouveaux hydrolats de fleurs pr\u00e9cieuses sont distill\u00e9s \u00e0 partir de fleurs fra\u00eeches, ce qui donne des eaux aromatiques d\u00e9licieusement parfum\u00e9es qui conviennent m\u00eame aux peaux les plus d\u00e9licates. La technologie de l\u2019air comprim\u00e9 sans a\u00e9rosol pr\u00e9serve la vitalit\u00e9 de l\u2019hydrolat tout en produisant un parfum durable. Sans conservateurs. Sans alcool. Non dilu\u00e9.<\/p>\n<hr \/>\n<p>L\u2019hydrolat de\u00a0<strong>Lavande<\/strong>\u00a0apaise et calme en douceur, ce qui le rend id\u00e9al pour les peaux d\u00e9licates ou irrit\u00e9es, les br\u00fblures mineures et les soins apr\u00e8s-soleil. Vaporiser directement sur la peau ou le cuir chevelu.<\/p>\n<p><strong>Soins de la peau :<\/strong>\u00a0doux et profond\u00e9ment calmant, l\u2019hydrolat de\u00a0<strong>Lavande<\/strong>\u00a0apaise les peaux irrit\u00e9es et s\u00e8ches. Id\u00e9al pour les soins apr\u00e8s-soleil, les br\u00fblures mineures et les peaux d\u00e9licates et sensibles.<\/p>\n<p><strong>Soins capillaires :<\/strong>\u00a0calme les irritations et aide \u00e0 hydrater le cuir chevelu sec.<\/p>\n<hr \/>\n<p><strong>Mode d\u2019emploi :\u00a0<\/strong>pour un usage quotidien, matin et\/ou soir. Tenir \u00e0 une distance de 20 cm (8 pouces) et vaporiser sur la peau propre. Faire suivre d\u2019une huile v\u00e9g\u00e9tale ou d\u2019un s\u00e9rum. Pour les cheveux, vaporiser g\u00e9n\u00e9reusement le cuir chevelu et laisser s\u00e9cher \u00e0 l\u2019air libre.<\/p>\n<hr \/>\n<p><strong>Ingr\u00e9dient :\u00a0<\/strong>LAVANDULA ANGUSTIFOLIA (LAVENDER) FLOWER WATER*<\/p>\n<p>*Certifi\u00e9 biologique par ECOCERT SA.<\/p>\n<hr \/>\n<p><strong>Origine :\u00a0<\/strong>France<\/p>\n<hr \/>\n<p><strong>Attention :\u00a0<\/strong>CE CONTENANT PEUT EXPLOSER S\u2019IL EST CHAUFF\u00c9.<br \/>Contenu sous pression. Ne pas mettre dans l\u2019eau chaude ni pr\u00e8s des radiateurs, po\u00eales ou autres sources de chaleur. Ne pas percer le contenant, ni le jeter au feu, ni le conserver \u00e0 des temp\u00e9ratures d\u00e9passant 50\u00b0C. Ne pas utiliser en pr\u00e9sence d\u2019une flamme nue ou d\u2019\u00e9tincelles.<\/p>\n<p>Garder hors de la port\u00e9e des enfants et des animaux familiers.<\/p>\n","protected":false},"excerpt":{"rendered":"<p>Spray hydratant pour le visage pour peau sensible et d\u00e9licate<\/p>\n<p>150 ml | biologique<\/p>\n","protected":false},"featured_media":60476,"comment_status":"open","ping_status":"closed","template":"","meta":{"_et_pb_use_builder":"","_et_pb_old_content":"","_et_gb_content_width":""},"product_cat":[614,537,326],"product_tag":[],"acf":[],"yoast_head":"<!-- This site is optimized with the Yoast SEO plugin v22.6 - https:\/\/yoast.com\/wordpress\/plugins\/seo\/ -->\n<title>Lavande hydrolat d\u2019eau pr\u00e9cieuse - Pranarom<\/title>\n<meta name=\"robots\" content=\"index, follow, max-snippet:-1, max-image-preview:large, max-video-preview:-1\" \/>\n<link rel=\"canonical\" href=\"https:\/\/pranarom.ca\/produit\/lavender-precious-water-hydrosol\/\" \/>\n<meta property=\"og:locale\" content=\"fr_FR\" \/>\n<meta property=\"og:type\" content=\"article\" \/>\n<meta property=\"og:title\" content=\"Lavande hydrolat d\u2019eau pr\u00e9cieuse - Pranarom\" \/>\n<meta property=\"og:description\" content=\"Spray hydratant pour le visage pour peau sensible et d\u00e9licate  150 ml | biologique\" \/>\n<meta property=\"og:url\" content=\"https:\/\/pranarom.ca\/produit\/lavender-precious-water-hydrosol\/\" \/>\n<meta property=\"og:site_name\" content=\"Pranarom\" \/>\n<meta property=\"article:publisher\" content=\"https:\/\/www.facebook.com\/PranaromCanada\" \/>\n<meta property=\"og:image\" content=\"https:\/\/pranarom.ca\/wp-content\/uploads\/2023\/06\/Lavender-spray.png\" \/>\n\t<meta property=\"og:image:width\" content=\"1500\" \/>\n\t<meta property=\"og:image:height\" content=\"1500\" \/>\n\t<meta property=\"og:image:type\" content=\"image\/png\" \/>\n<meta name=\"twitter:card\" content=\"summary_large_image\" \/>\n<meta name=\"twitter:label1\" content=\"Dur\u00e9e de lecture estim\u00e9e\" \/>\n\t<meta name=\"twitter:data1\" content=\"2 minutes\" \/>\n<script type=\"application\/ld+json\" class=\"yoast-schema-graph\">{\"@context\":\"https:\/\/schema.org\",\"@graph\":[{\"@type\":\"WebPage\",\"@id\":\"https:\/\/pranarom.ca\/produit\/lavender-precious-water-hydrosol\/\",\"url\":\"https:\/\/pranarom.ca\/produit\/lavender-precious-water-hydrosol\/\",\"name\":\"Lavande hydrolat d\u2019eau pr\u00e9cieuse - Pranarom\",\"isPartOf\":{\"@id\":\"https:\/\/pranarom.ca\/#website\"},\"primaryImageOfPage\":{\"@id\":\"https:\/\/pranarom.ca\/produit\/lavender-precious-water-hydrosol\/#primaryimage\"},\"image\":{\"@id\":\"https:\/\/pranarom.ca\/produit\/lavender-precious-water-hydrosol\/#primaryimage\"},\"thumbnailUrl\":\"https:\/\/pranarom.ca\/wp-content\/uploads\/2023\/06\/Lavender-spray.png\",\"datePublished\":\"2023-06-24T17:21:58+00:00\",\"dateModified\":\"2023-06-24T17:21:58+00:00\",\"breadcrumb\":{\"@id\":\"https:\/\/pranarom.ca\/produit\/lavender-precious-water-hydrosol\/#breadcrumb\"},\"inLanguage\":\"fr-FR\",\"potentialAction\":[{\"@type\":\"ReadAction\",\"target\":[\"https:\/\/pranarom.ca\/produit\/lavender-precious-water-hydrosol\/\"]}]},{\"@type\":\"ImageObject\",\"inLanguage\":\"fr-FR\",\"@id\":\"https:\/\/pranarom.ca\/produit\/lavender-precious-water-hydrosol\/#primaryimage\",\"url\":\"https:\/\/pranarom.ca\/wp-content\/uploads\/2023\/06\/Lavender-spray.png\",\"contentUrl\":\"https:\/\/pranarom.ca\/wp-content\/uploads\/2023\/06\/Lavender-spray.png\",\"width\":1500,\"height\":1500},{\"@type\":\"BreadcrumbList\",\"@id\":\"https:\/\/pranarom.ca\/produit\/lavender-precious-water-hydrosol\/#breadcrumb\",\"itemListElement\":[{\"@type\":\"ListItem\",\"position\":1,\"name\":\"Home\",\"item\":\"https:\/\/pranarom.ca\/fr\/\"},{\"@type\":\"ListItem\",\"position\":2,\"name\":\"Shop\",\"item\":\"https:\/\/pranarom.ca\/shop\/\"},{\"@type\":\"ListItem\",\"position\":3,\"name\":\"Lavande hydrolat d\u2019eau pr\u00e9cieuse\"}]},{\"@type\":\"WebSite\",\"@id\":\"https:\/\/pranarom.ca\/#website\",\"url\":\"https:\/\/pranarom.ca\/\",\"name\":\"Pranarom Canada\",\"description\":\"Scientific Aromatherapyy\",\"publisher\":{\"@id\":\"https:\/\/pranarom.ca\/#organization\"},\"potentialAction\":[{\"@type\":\"SearchAction\",\"target\":{\"@type\":\"EntryPoint\",\"urlTemplate\":\"https:\/\/pranarom.ca\/?s={search_term_string}\"},\"query-input\":\"required name=search_term_string\"}],\"inLanguage\":\"fr-FR\"},{\"@type\":\"Organization\",\"@id\":\"https:\/\/pranarom.ca\/#organization\",\"name\":\"Pranarom\",\"url\":\"https:\/\/pranarom.ca\/\",\"logo\":{\"@type\":\"ImageObject\",\"inLanguage\":\"fr-FR\",\"@id\":\"https:\/\/pranarom.ca\/#\/schema\/logo\/image\/\",\"url\":\"https:\/\/pranarom.ca\/wp-content\/uploads\/2019\/03\/pranalogo.png\",\"contentUrl\":\"https:\/\/pranarom.ca\/wp-content\/uploads\/2019\/03\/pranalogo.png\",\"width\":330,\"height\":100,\"caption\":\"Pranarom\"},\"image\":{\"@id\":\"https:\/\/pranarom.ca\/#\/schema\/logo\/image\/\"},\"sameAs\":[\"https:\/\/www.facebook.com\/PranaromCanada\",\"http:\/\/instagram.com\/pranaromcanada\/\",\"https:\/\/www.instagram.com\/pranaromcanada\/\"]}]}<\/script>\n<!-- \/ Yoast SEO plugin. -->","yoast_head_json":{"title":"Lavande hydrolat d\u2019eau pr\u00e9cieuse - Pranarom","robots":{"index":"index","follow":"follow","max-snippet":"max-snippet:-1","max-image-preview":"max-image-preview:large","max-video-preview":"max-video-preview:-1"},"canonical":"https:\/\/pranarom.ca\/produit\/lavender-precious-water-hydrosol\/","og_locale":"fr_FR","og_type":"article","og_title":"Lavande hydrolat d\u2019eau pr\u00e9cieuse - Pranarom","og_description":"Spray hydratant pour le visage pour peau sensible et d\u00e9licate  150 ml | biologique","og_url":"https:\/\/pranarom.ca\/produit\/lavender-precious-water-hydrosol\/","og_site_name":"Pranarom","article_publisher":"https:\/\/www.facebook.com\/PranaromCanada","og_image":[{"width":1500,"height":1500,"url":"https:\/\/pranarom.ca\/wp-content\/uploads\/2023\/06\/Lavender-spray.png","type":"image\/png"}],"twitter_card":"summary_large_image","twitter_misc":{"Dur\u00e9e de lecture estim\u00e9e":"2 minutes"},"schema":{"@context":"https:\/\/schema.org","@graph":[{"@type":"WebPage","@id":"https:\/\/pranarom.ca\/produit\/lavender-precious-water-hydrosol\/","url":"https:\/\/pranarom.ca\/produit\/lavender-precious-water-hydrosol\/","name":"Lavande hydrolat d\u2019eau pr\u00e9cieuse - Pranarom","isPartOf":{"@id":"https:\/\/pranarom.ca\/#website"},"primaryImageOfPage":{"@id":"https:\/\/pranarom.ca\/produit\/lavender-precious-water-hydrosol\/#primaryimage"},"image":{"@id":"https:\/\/pranarom.ca\/produit\/lavender-precious-water-hydrosol\/#primaryimage"},"thumbnailUrl":"https:\/\/pranarom.ca\/wp-content\/uploads\/2023\/06\/Lavender-spray.png","datePublished":"2023-06-24T17:21:58+00:00","dateModified":"2023-06-24T17:21:58+00:00","breadcrumb":{"@id":"https:\/\/pranarom.ca\/produit\/lavender-precious-water-hydrosol\/#breadcrumb"},"inLanguage":"fr-FR","potentialAction":[{"@type":"ReadAction","target":["https:\/\/pranarom.ca\/produit\/lavender-precious-water-hydrosol\/"]}]},{"@type":"ImageObject","inLanguage":"fr-FR","@id":"https:\/\/pranarom.ca\/produit\/lavender-precious-water-hydrosol\/#primaryimage","url":"https:\/\/pranarom.ca\/wp-content\/uploads\/2023\/06\/Lavender-spray.png","contentUrl":"https:\/\/pranarom.ca\/wp-content\/uploads\/2023\/06\/Lavender-spray.png","width":1500,"height":1500},{"@type":"BreadcrumbList","@id":"https:\/\/pranarom.ca\/produit\/lavender-precious-water-hydrosol\/#breadcrumb","itemListElement":[{"@type":"ListItem","position":1,"name":"Home","item":"https:\/\/pranarom.ca\/fr\/"},{"@type":"ListItem","position":2,"name":"Shop","item":"https:\/\/pranarom.ca\/shop\/"},{"@type":"ListItem","position":3,"name":"Lavande hydrolat d\u2019eau pr\u00e9cieuse"}]},{"@type":"WebSite","@id":"https:\/\/pranarom.ca\/#website","url":"https:\/\/pranarom.ca\/","name":"Pranarom Canada","description":"Scientific Aromatherapyy","publisher":{"@id":"https:\/\/pranarom.ca\/#organization"},"potentialAction":[{"@type":"SearchAction","target":{"@type":"EntryPoint","urlTemplate":"https:\/\/pranarom.ca\/?s={search_term_string}"},"query-input":"required name=search_term_string"}],"inLanguage":"fr-FR"},{"@type":"Organization","@id":"https:\/\/pranarom.ca\/#organization","name":"Pranarom","url":"https:\/\/pranarom.ca\/","logo":{"@type":"ImageObject","inLanguage":"fr-FR","@id":"https:\/\/pranarom.ca\/#\/schema\/logo\/image\/","url":"https:\/\/pranarom.ca\/wp-content\/uploads\/2019\/03\/pranalogo.png","contentUrl":"https:\/\/pranarom.ca\/wp-content\/uploads\/2019\/03\/pranalogo.png","width":330,"height":100,"caption":"Pranarom"},"image":{"@id":"https:\/\/pranarom.ca\/#\/schema\/logo\/image\/"},"sameAs":["https:\/\/www.facebook.com\/PranaromCanada","http:\/\/instagram.com\/pranaromcanada\/","https:\/\/www.instagram.com\/pranaromcanada\/"]}]}},"jetpack_sharing_enabled":true,"_links":{"self":[{"href":"https:\/\/pranarom.ca\/fr\/wp-json\/wp\/v2\/product\/60485"}],"collection":[{"href":"https:\/\/pranarom.ca\/fr\/wp-json\/wp\/v2\/product"}],"about":[{"href":"https:\/\/pranarom.ca\/fr\/wp-json\/wp\/v2\/types\/product"}],"replies":[{"embeddable":true,"href":"https:\/\/pranarom.ca\/fr\/wp-json\/wp\/v2\/comments?post=60485"}],"wp:featuredmedia":[{"embeddable":true,"href":"https:\/\/pranarom.ca\/fr\/wp-json\/wp\/v2\/media\/60476"}],"wp:attachment":[{"href":"https:\/\/pranarom.ca\/fr\/wp-json\/wp\/v2\/media?parent=60485"}],"wp:term":[{"taxonomy":"product_cat","embeddable":true,"href":"https:\/\/pranarom.ca\/fr\/wp-json\/wp\/v2\/product_cat?post=60485"},{"taxonomy":"product_tag","embeddable":true,"href":"https:\/\/pranarom.ca\/fr\/wp-json\/wp\/v2\/product_tag?post=60485"}],"curies":[{"name":"wp","href":"https:\/\/api.w.org\/{rel}","templated":true}]}}