{"id":60112,"date":"2022-11-08T19:47:18","date_gmt":"2022-11-08T19:47:18","guid":{"rendered":"https:\/\/pranarom.ca\/product\/lait-hydratant-neutre\/"},"modified":"2022-11-08T19:49:44","modified_gmt":"2022-11-08T19:49:44","slug":"lait-hydratant-neutre","status":"publish","type":"product","link":"https:\/\/pranarom.ca\/fr\/produit\/lait-hydratant-neutre\/","title":{"rendered":"Lait hydratant neutre"},"content":{"rendered":"<p><strong>Aujourd\u2019hui, d\u00e9couvrez les bienfaits de ce lait neutre con\u00e7u pour toute la famille et pour tout type de peau y compris les peaux sensibles.<\/strong><\/p>\n<hr \/>\n<p>Le lait hydratant neutre BIO apporte\u00a0<strong>douceur et souplesse \u00e0 la peau<\/strong>\u00a0gr\u00e2ce \u00e0 sa formule enrichie en\u00a0<strong>aloe vera et huiles v\u00e9g\u00e9tales de : beurres de cacao, noyaux d\u2019abricot, cam\u00e9lia et karit\u00e9<\/strong>. Sa texture fluide et l\u00e9g\u00e8re p\u00e9n\u00e8tre tr\u00e8s rapidement. Il peut \u00eatre utilis\u00e9 seul ou comme base DIY \u00e0 personnaliser avec des huiles essentielles et\/ou v\u00e9g\u00e9tales selon vos besoins :\u00a0<strong>soin visage, lait d\u00e9maquillant, lait nourrissant pour le corps, cr\u00e8me mains et, m\u00eame, lait capillaire.<\/strong><\/p>\n<p>Le solubilisant est int\u00e9gr\u00e9 dans le lait ce qui \u00e9vite le d\u00e9phasage. Le m\u00e9lange de lait et de solubilisant v\u00e9g\u00e9tal est id\u00e9al pour vous permettre de cr\u00e9er vos propres synergies en mode\u00a0<strong>\u00abdo it yourself\u00bb<\/strong>\u00a0et pour cr\u00e9er vos\u00a0<strong>\u00abm\u00e9langes minutes\u00bb<\/strong>\u00a0directement dans votre paume de main.<\/p>\n<p>Adapt\u00e9 \u00e0 un usage quotidien d\u00e8s la naissance. Il convient \u00e0 tout type de peaux, y compris les peaux sensibles, pour une utilisation visage, corps, mains et cheveux.<\/p>\n<hr \/>\n<p><strong>Sa composition :<\/strong>\u00a00% allerg\u00e8ne, sans parfum, sans colorant.<\/p>\n<hr \/>\n<h2><strong>Ingr\u00e9dients\u00a0 (INCI) :<\/strong><\/h2>\n<p>Aqua, Coconut Alkanes, Glycerin*, Glyceryl Stearate, Camellia oleifera seed oil*, Prunus armeniaca kernel oil*, Butyrospermum parkii butter*, Caprylic\/Capric triglyceride, Theobroma cacao seed butter*, Aloe Barbadensis leaf juice powder*, Polyglyceryl-6 Caprylate, Cellulose, Polyglyceryl-4 Caprate, Sodium benzoate, Tocopherol, Sorbitan caprylate, Coco Caprylate\/Caprate, Propanediol, Xanthan gum, Benzoic acid, Inulin lauryl carbamate, Sodium hydroxide.<\/p>\n<p><strong>99,5% d\u2019ingr\u00e9dients d\u2019origine naturelle.<\/strong><\/p>\n<p>*Ingr\u00e9dient issu de l\u2019Agriculture Biologique (Contr\u00f4le Certisys BE-BIO-01). Produit certifi\u00e9 conform\u00e9ment au cahier des charges ECOGARANTIE\u00ae (Contr\u00f4le Certisys).<\/p>\n<hr \/>\n<h2><strong>Mode d\u2019emploi :<\/strong><\/h2>\n<p>Adapt\u00e9 \u00e0 un usage quotidien d\u00e8s la naissance. Convient \u00e0 tout type de peaux, y compris les peaux sensibles, pour une utilisation visage, corps, mains et cheveux. 0% allerg\u00e8ne. Sans parfum, sans colorant.<\/p>\n<p>Appliquer une noisette sur la zone souhait\u00e9e et masser d\u00e9licatement jusqu\u2019\u00e0 absorption.<\/p>\n<hr \/>\n<h2><strong>Pr\u00e9cautions :<\/strong><\/h2>\n<p>\u00c9viter le contact avec les yeux et les muqueuses.\u00a0Tenir hors de port\u00e9e des enfants.\u00a0Conserver \u00e0 l\u2019abri de la chaleur.\u00a0Usage externe.<\/p>\n<p>Usage DIY : toujours respecter les pr\u00e9cautions d\u2019emploi relatives aux huiles essentielles.<\/p>\n<p>La texture et la couleur peuvent l\u00e9g\u00e8rement \u00e9voluer avec le temps, sans en alt\u00e9rer la qualit\u00e9.<\/p>\n","protected":false},"excerpt":{"rendered":"<p>Riche en aloe vera et huiles v\u00e9g\u00e9tales<br \/>\nVisage \u2013 Corps \u2013 B\u00e9b\u00e9 \u2013 Enfant \u2013 Adulte<\/p>\n<p>Sans parfum, sans colorant \u2013 0% allerg\u00e8ne<br \/>\n250 ml | Biologique<\/p>\n","protected":false},"featured_media":60111,"comment_status":"open","ping_status":"closed","template":"","meta":{"_et_pb_use_builder":"","_et_pb_old_content":"","_et_gb_content_width":""},"product_cat":[537,509,326,333],"product_tag":[],"acf":[],"yoast_head":"<!-- This site is optimized with the Yoast SEO plugin v22.6 - https:\/\/yoast.com\/wordpress\/plugins\/seo\/ -->\n<title>Lait hydratant neutre - Pranarom<\/title>\n<meta name=\"robots\" content=\"index, follow, max-snippet:-1, max-image-preview:large, max-video-preview:-1\" \/>\n<link rel=\"canonical\" href=\"https:\/\/pranarom.ca\/fr\/produit\/lait-hydratant-neutre\/\" \/>\n<meta property=\"og:locale\" content=\"fr_FR\" \/>\n<meta property=\"og:type\" content=\"article\" \/>\n<meta property=\"og:title\" content=\"Lait hydratant neutre - Pranarom\" \/>\n<meta property=\"og:description\" content=\"Riche en aloe vera et huiles v\u00e9g\u00e9tales Visage \u2013 Corps \u2013 B\u00e9b\u00e9 \u2013 Enfant \u2013 Adulte  Sans parfum, sans colorant \u2013 0% allerg\u00e8ne 250 ml | Biologique\" \/>\n<meta property=\"og:url\" content=\"https:\/\/pranarom.ca\/fr\/produit\/lait-hydratant-neutre\/\" \/>\n<meta property=\"og:site_name\" content=\"Pranarom\" \/>\n<meta property=\"article:publisher\" content=\"https:\/\/www.facebook.com\/PranaromCanada\" \/>\n<meta property=\"article:modified_time\" content=\"2022-11-08T19:49:44+00:00\" \/>\n<meta property=\"og:image\" content=\"https:\/\/pranarom.ca\/wp-content\/uploads\/2022\/11\/P-MA02_Lait_hydratant.png\" \/>\n\t<meta property=\"og:image:width\" content=\"1500\" \/>\n\t<meta property=\"og:image:height\" content=\"1500\" \/>\n\t<meta property=\"og:image:type\" content=\"image\/png\" \/>\n<meta name=\"twitter:card\" content=\"summary_large_image\" \/>\n<meta name=\"twitter:label1\" content=\"Dur\u00e9e de lecture estim\u00e9e\" \/>\n\t<meta name=\"twitter:data1\" content=\"2 minutes\" \/>\n<script type=\"application\/ld+json\" class=\"yoast-schema-graph\">{\"@context\":\"https:\/\/schema.org\",\"@graph\":[{\"@type\":\"WebPage\",\"@id\":\"https:\/\/pranarom.ca\/fr\/produit\/lait-hydratant-neutre\/\",\"url\":\"https:\/\/pranarom.ca\/fr\/produit\/lait-hydratant-neutre\/\",\"name\":\"Lait hydratant neutre - Pranarom\",\"isPartOf\":{\"@id\":\"https:\/\/pranarom.ca\/#website\"},\"primaryImageOfPage\":{\"@id\":\"https:\/\/pranarom.ca\/fr\/produit\/lait-hydratant-neutre\/#primaryimage\"},\"image\":{\"@id\":\"https:\/\/pranarom.ca\/fr\/produit\/lait-hydratant-neutre\/#primaryimage\"},\"thumbnailUrl\":\"https:\/\/pranarom.ca\/wp-content\/uploads\/2022\/11\/P-MA02_Lait_hydratant.png\",\"datePublished\":\"2022-11-08T19:47:18+00:00\",\"dateModified\":\"2022-11-08T19:49:44+00:00\",\"breadcrumb\":{\"@id\":\"https:\/\/pranarom.ca\/fr\/produit\/lait-hydratant-neutre\/#breadcrumb\"},\"inLanguage\":\"fr-FR\",\"potentialAction\":[{\"@type\":\"ReadAction\",\"target\":[\"https:\/\/pranarom.ca\/fr\/produit\/lait-hydratant-neutre\/\"]}]},{\"@type\":\"ImageObject\",\"inLanguage\":\"fr-FR\",\"@id\":\"https:\/\/pranarom.ca\/fr\/produit\/lait-hydratant-neutre\/#primaryimage\",\"url\":\"https:\/\/pranarom.ca\/wp-content\/uploads\/2022\/11\/P-MA02_Lait_hydratant.png\",\"contentUrl\":\"https:\/\/pranarom.ca\/wp-content\/uploads\/2022\/11\/P-MA02_Lait_hydratant.png\",\"width\":1500,\"height\":1500},{\"@type\":\"BreadcrumbList\",\"@id\":\"https:\/\/pranarom.ca\/fr\/produit\/lait-hydratant-neutre\/#breadcrumb\",\"itemListElement\":[{\"@type\":\"ListItem\",\"position\":1,\"name\":\"Home\",\"item\":\"https:\/\/pranarom.ca\/fr\/\"},{\"@type\":\"ListItem\",\"position\":2,\"name\":\"Shop\",\"item\":\"https:\/\/pranarom.ca\/shop\/\"},{\"@type\":\"ListItem\",\"position\":3,\"name\":\"Lait hydratant neutre\"}]},{\"@type\":\"WebSite\",\"@id\":\"https:\/\/pranarom.ca\/#website\",\"url\":\"https:\/\/pranarom.ca\/\",\"name\":\"Pranarom Canada\",\"description\":\"Scientific Aromatherapyy\",\"publisher\":{\"@id\":\"https:\/\/pranarom.ca\/#organization\"},\"potentialAction\":[{\"@type\":\"SearchAction\",\"target\":{\"@type\":\"EntryPoint\",\"urlTemplate\":\"https:\/\/pranarom.ca\/?s={search_term_string}\"},\"query-input\":\"required name=search_term_string\"}],\"inLanguage\":\"fr-FR\"},{\"@type\":\"Organization\",\"@id\":\"https:\/\/pranarom.ca\/#organization\",\"name\":\"Pranarom\",\"url\":\"https:\/\/pranarom.ca\/\",\"logo\":{\"@type\":\"ImageObject\",\"inLanguage\":\"fr-FR\",\"@id\":\"https:\/\/pranarom.ca\/#\/schema\/logo\/image\/\",\"url\":\"https:\/\/pranarom.ca\/wp-content\/uploads\/2019\/03\/pranalogo.png\",\"contentUrl\":\"https:\/\/pranarom.ca\/wp-content\/uploads\/2019\/03\/pranalogo.png\",\"width\":330,\"height\":100,\"caption\":\"Pranarom\"},\"image\":{\"@id\":\"https:\/\/pranarom.ca\/#\/schema\/logo\/image\/\"},\"sameAs\":[\"https:\/\/www.facebook.com\/PranaromCanada\",\"http:\/\/instagram.com\/pranaromcanada\/\",\"https:\/\/www.instagram.com\/pranaromcanada\/\"]}]}<\/script>\n<!-- \/ Yoast SEO plugin. -->","yoast_head_json":{"title":"Lait hydratant neutre - Pranarom","robots":{"index":"index","follow":"follow","max-snippet":"max-snippet:-1","max-image-preview":"max-image-preview:large","max-video-preview":"max-video-preview:-1"},"canonical":"https:\/\/pranarom.ca\/fr\/produit\/lait-hydratant-neutre\/","og_locale":"fr_FR","og_type":"article","og_title":"Lait hydratant neutre - Pranarom","og_description":"Riche en aloe vera et huiles v\u00e9g\u00e9tales Visage \u2013 Corps \u2013 B\u00e9b\u00e9 \u2013 Enfant \u2013 Adulte  Sans parfum, sans colorant \u2013 0% allerg\u00e8ne 250 ml | Biologique","og_url":"https:\/\/pranarom.ca\/fr\/produit\/lait-hydratant-neutre\/","og_site_name":"Pranarom","article_publisher":"https:\/\/www.facebook.com\/PranaromCanada","article_modified_time":"2022-11-08T19:49:44+00:00","og_image":[{"width":1500,"height":1500,"url":"https:\/\/pranarom.ca\/wp-content\/uploads\/2022\/11\/P-MA02_Lait_hydratant.png","type":"image\/png"}],"twitter_card":"summary_large_image","twitter_misc":{"Dur\u00e9e de lecture estim\u00e9e":"2 minutes"},"schema":{"@context":"https:\/\/schema.org","@graph":[{"@type":"WebPage","@id":"https:\/\/pranarom.ca\/fr\/produit\/lait-hydratant-neutre\/","url":"https:\/\/pranarom.ca\/fr\/produit\/lait-hydratant-neutre\/","name":"Lait hydratant neutre - Pranarom","isPartOf":{"@id":"https:\/\/pranarom.ca\/#website"},"primaryImageOfPage":{"@id":"https:\/\/pranarom.ca\/fr\/produit\/lait-hydratant-neutre\/#primaryimage"},"image":{"@id":"https:\/\/pranarom.ca\/fr\/produit\/lait-hydratant-neutre\/#primaryimage"},"thumbnailUrl":"https:\/\/pranarom.ca\/wp-content\/uploads\/2022\/11\/P-MA02_Lait_hydratant.png","datePublished":"2022-11-08T19:47:18+00:00","dateModified":"2022-11-08T19:49:44+00:00","breadcrumb":{"@id":"https:\/\/pranarom.ca\/fr\/produit\/lait-hydratant-neutre\/#breadcrumb"},"inLanguage":"fr-FR","potentialAction":[{"@type":"ReadAction","target":["https:\/\/pranarom.ca\/fr\/produit\/lait-hydratant-neutre\/"]}]},{"@type":"ImageObject","inLanguage":"fr-FR","@id":"https:\/\/pranarom.ca\/fr\/produit\/lait-hydratant-neutre\/#primaryimage","url":"https:\/\/pranarom.ca\/wp-content\/uploads\/2022\/11\/P-MA02_Lait_hydratant.png","contentUrl":"https:\/\/pranarom.ca\/wp-content\/uploads\/2022\/11\/P-MA02_Lait_hydratant.png","width":1500,"height":1500},{"@type":"BreadcrumbList","@id":"https:\/\/pranarom.ca\/fr\/produit\/lait-hydratant-neutre\/#breadcrumb","itemListElement":[{"@type":"ListItem","position":1,"name":"Home","item":"https:\/\/pranarom.ca\/fr\/"},{"@type":"ListItem","position":2,"name":"Shop","item":"https:\/\/pranarom.ca\/shop\/"},{"@type":"ListItem","position":3,"name":"Lait hydratant neutre"}]},{"@type":"WebSite","@id":"https:\/\/pranarom.ca\/#website","url":"https:\/\/pranarom.ca\/","name":"Pranarom Canada","description":"Scientific Aromatherapyy","publisher":{"@id":"https:\/\/pranarom.ca\/#organization"},"potentialAction":[{"@type":"SearchAction","target":{"@type":"EntryPoint","urlTemplate":"https:\/\/pranarom.ca\/?s={search_term_string}"},"query-input":"required name=search_term_string"}],"inLanguage":"fr-FR"},{"@type":"Organization","@id":"https:\/\/pranarom.ca\/#organization","name":"Pranarom","url":"https:\/\/pranarom.ca\/","logo":{"@type":"ImageObject","inLanguage":"fr-FR","@id":"https:\/\/pranarom.ca\/#\/schema\/logo\/image\/","url":"https:\/\/pranarom.ca\/wp-content\/uploads\/2019\/03\/pranalogo.png","contentUrl":"https:\/\/pranarom.ca\/wp-content\/uploads\/2019\/03\/pranalogo.png","width":330,"height":100,"caption":"Pranarom"},"image":{"@id":"https:\/\/pranarom.ca\/#\/schema\/logo\/image\/"},"sameAs":["https:\/\/www.facebook.com\/PranaromCanada","http:\/\/instagram.com\/pranaromcanada\/","https:\/\/www.instagram.com\/pranaromcanada\/"]}]}},"jetpack_sharing_enabled":true,"_links":{"self":[{"href":"https:\/\/pranarom.ca\/fr\/wp-json\/wp\/v2\/product\/60112"}],"collection":[{"href":"https:\/\/pranarom.ca\/fr\/wp-json\/wp\/v2\/product"}],"about":[{"href":"https:\/\/pranarom.ca\/fr\/wp-json\/wp\/v2\/types\/product"}],"replies":[{"embeddable":true,"href":"https:\/\/pranarom.ca\/fr\/wp-json\/wp\/v2\/comments?post=60112"}],"wp:featuredmedia":[{"embeddable":true,"href":"https:\/\/pranarom.ca\/fr\/wp-json\/wp\/v2\/media\/60111"}],"wp:attachment":[{"href":"https:\/\/pranarom.ca\/fr\/wp-json\/wp\/v2\/media?parent=60112"}],"wp:term":[{"taxonomy":"product_cat","embeddable":true,"href":"https:\/\/pranarom.ca\/fr\/wp-json\/wp\/v2\/product_cat?post=60112"},{"taxonomy":"product_tag","embeddable":true,"href":"https:\/\/pranarom.ca\/fr\/wp-json\/wp\/v2\/product_tag?post=60112"}],"curies":[{"name":"wp","href":"https:\/\/api.w.org\/{rel}","templated":true}]}}