{"id":60052,"date":"2022-10-20T19:51:53","date_gmt":"2022-10-20T19:51:53","guid":{"rendered":"https:\/\/pranarom.ca\/?post_type=product&#038;p=60052"},"modified":"2022-10-20T19:57:21","modified_gmt":"2022-10-20T19:57:21","slug":"60052","status":"publish","type":"product","link":"https:\/\/pranarom.ca\/fr\/produit\/60052\/","title":{"rendered":"M\u00e9lisse &#8211; Hydrolat"},"content":{"rendered":"","protected":false},"excerpt":{"rendered":"<h2><strong>Qu\u2019est-ce qu\u2019un hydrolat ?<\/strong><\/h2>\n<p>Un v\u00e9ritable hydrolat aromatique contient les propri\u00e9t\u00e9s actives d\u2019essences v\u00e9g\u00e9tales pures, en suspension dans de l\u2019H<sub>2<\/sub>O, par distillation \u00e0 la vapeur d\u2019eau. Les hydrolats procurent une hydratation et une tonification d\u2019origine botanique aux vertus cicatrisantes pour le visage, la peau et les cheveux.<\/p>\n<p>Les\u00a0<strong>hydrolats Pranarom<\/strong>\u00a0sont micro-filtr\u00e9s et filtr\u00e9s aux UV pour une dur\u00e9e de conservation prolong\u00e9e. En raison de leur nature d\u00e9licate, veuillez les conserver dans un endroit frais et sec, les hydrolats ne devraient pas \u00eatre conserv\u00e9s au r\u00e9frig\u00e9rateur. Ils pr\u00e9f\u00e8rent un environnement frais et stable et les fluctuations de temp\u00e9rature les perturbent. Si vous faites r\u00e9frig\u00e9rer les v\u00f4tres ou s\u2019ils sont expos\u00e9s \u00e0 des temp\u00e9ratures extr\u00eames, amenez vos hydrolats \u00e0 la temp\u00e9rature ambiante progressivement et en douceur.<\/p>\n<p>Les hydrolats sont le sous-produit de l\u2019eau r\u00e9colt\u00e9 lors de la distillation des huiles essentielles. Chaque huile essentielle cr\u00e9e un hydrolat. Que les hydrolats soient un compos\u00e9 d\u2019eau additionn\u00e9e d\u2019huiles essentielles est un mythe, ils poss\u00e8dent des propri\u00e9t\u00e9s diff\u00e9rentes de celles de leurs homologues aux huiles essentielles.<\/p>\n<p>Les hydrolats hydratent, tonifient et rafra\u00eechissent la peau naturellement, fr\u00e9quemment utilis\u00e9s en lotion faciale pour tonifier, \u00e9quilibrer le teint et rafra\u00eechir la peau les jours de grande chaleur ou pendant les bouff\u00e9es de chaleur ; sp\u00e9cialement s\u2019ils ont \u00e9t\u00e9 conserv\u00e9s au r\u00e9frig\u00e9rateur ! Vous pouvez \u00e9galement y avoir recours pour soigner votre chevelure. Les hydrolats sont extr\u00eamement doux, donc s\u00e9curitaire pour les femmes enceintes, les enfants et les animaux.<\/p>\n<p>Un hydrolat est une excellente base pour la fabrication de vos propres m\u00e9langes \u00e0 vaporiser pour : chambre, salle de bain, voiture, eau de linge, nettoyant pour tapis de yoga, \u00e9cran solaire, lotion apr\u00e8s-rasage, insectifuge et la liste est encore longue.<\/p>\n<hr \/>\n<h2><strong>Propri\u00e9t\u00e9s<\/strong><\/h2>\n<p>La m\u00e9lisse, \u00e9galement connue sous le nom de \u00ab\u00a0Melissa\u00a0\u00bb, est profond\u00e9ment apaisante et relaxante, aidant \u00e0 dissiper le stress au visage. Utilisez r\u00e9guli\u00e8rement pour r\u00e9duire la tension des muscles du visage et adoucir le teint en g\u00e9n\u00e9ral.<\/p>\n<p>Vaporisez sur la peau \u00e0 tout moment pour vous aider \u00e0 vous d\u00e9tendre et \u00e0 soutenir votre syst\u00e8me nerveux. Bon pour tous les types de peau.<\/p>\n<p><strong>Peau :\u00a0<\/strong>Convient \u00e0 tous les types de peau.<\/p>\n<hr \/>\n<h2><strong>Ingr\u00e9dient INCI<\/strong><\/h2>\n<p><i>Melissa officinalis<\/i>\u00a0water* 100%<\/p>\n<p>*Certifi\u00e9 biologique par ECOCERT SA | USDA Organic<\/p>\n<hr \/>\n<h2><strong>Mode d\u2019emploi<\/strong><\/h2>\n<p>Dans votre routine quotidienne de soins am\/pm, vaporisez g\u00e9n\u00e9reusement sur une peau propre avant d\u2019appliquer votre hydratant. Revitaliser et vaporiser tout au long de la journ\u00e9e. M\u00e9langez de l\u2019hydrolat avec une huile v\u00e9g\u00e9tale biologique \u00e0 votre choix ou une huile essentielle pour plus de bienfaits. Les hydrolats sont toujours doux et s\u00e9curitaires.<\/p>\n<p>100% d\u2019hydrolat v\u00e9g\u00e9tal frais et rien d\u2019autre !<\/p>\n<p>120 ml | Biologique<\/p>\n","protected":false},"featured_media":59922,"comment_status":"open","ping_status":"closed","template":"","meta":{"_et_pb_use_builder":"","_et_pb_old_content":"","_et_gb_content_width":""},"product_cat":[614,326,333],"product_tag":[],"acf":[],"yoast_head":"<!-- This site is optimized with the Yoast SEO plugin v22.6 - https:\/\/yoast.com\/wordpress\/plugins\/seo\/ -->\n<title>M\u00e9lisse - Hydrolat - Pranarom<\/title>\n<meta name=\"robots\" content=\"index, follow, max-snippet:-1, max-image-preview:large, max-video-preview:-1\" \/>\n<link rel=\"canonical\" href=\"https:\/\/pranarom.ca\/fr\/produit\/60052\/\" \/>\n<meta property=\"og:locale\" content=\"fr_FR\" \/>\n<meta property=\"og:type\" content=\"article\" \/>\n<meta property=\"og:title\" content=\"M\u00e9lisse - Hydrolat - Pranarom\" \/>\n<meta property=\"og:description\" content=\"Qu\u2019est-ce qu\u2019un hydrolat ? Un v\u00e9ritable hydrolat aromatique contient les propri\u00e9t\u00e9s actives d\u2019essences v\u00e9g\u00e9tales pures, en suspension dans de l\u2019H2O, par distillation \u00e0 la vapeur d\u2019eau. Les hydrolats procurent une hydratation et une tonification d\u2019origine botanique aux vertus cicatrisantes pour le visage, la peau et les cheveux.  Les\u00a0hydrolats Pranarom\u00a0sont micro-filtr\u00e9s et filtr\u00e9s aux UV pour une dur\u00e9e de conservation prolong\u00e9e. En raison de leur nature d\u00e9licate, veuillez les conserver dans un endroit frais et sec, les hydrolats ne devraient pas \u00eatre conserv\u00e9s au r\u00e9frig\u00e9rateur. Ils pr\u00e9f\u00e8rent un environnement frais et stable et les fluctuations de temp\u00e9rature les perturbent. Si vous faites r\u00e9frig\u00e9rer les v\u00f4tres ou s\u2019ils sont expos\u00e9s \u00e0 des temp\u00e9ratures extr\u00eames, amenez vos hydrolats \u00e0 la temp\u00e9rature ambiante progressivement et en douceur.  Les hydrolats sont le sous-produit de l\u2019eau r\u00e9colt\u00e9 lors de la distillation des huiles essentielles. Chaque huile essentielle cr\u00e9e un hydrolat. Que les hydrolats soient un compos\u00e9 d\u2019eau additionn\u00e9e d\u2019huiles essentielles est un mythe, ils poss\u00e8dent des propri\u00e9t\u00e9s diff\u00e9rentes de celles de leurs homologues aux huiles essentielles.  Les hydrolats hydratent, tonifient et rafra\u00eechissent la peau naturellement, fr\u00e9quemment utilis\u00e9s en lotion faciale pour tonifier, \u00e9quilibrer le teint et rafra\u00eechir la peau les jours de grande chaleur ou pendant les bouff\u00e9es de chaleur ; sp\u00e9cialement s\u2019ils ont \u00e9t\u00e9 conserv\u00e9s au r\u00e9frig\u00e9rateur ! Vous pouvez \u00e9galement y avoir recours pour soigner votre chevelure. Les hydrolats sont extr\u00eamement doux, donc s\u00e9curitaire pour les femmes enceintes, les enfants et les animaux.  Un hydrolat est une excellente base pour la fabrication de vos propres m\u00e9langes \u00e0 vaporiser pour : chambre, salle de bain, voiture, eau de linge, nettoyant pour tapis de yoga, \u00e9cran solaire, lotion apr\u00e8s-rasage, insectifuge et la liste est encore longue.    Propri\u00e9t\u00e9s La m\u00e9lisse, \u00e9galement connue sous le nom de \u00ab\u00a0Melissa\u00a0\u00bb, est profond\u00e9ment apaisante et relaxante, aidant \u00e0 dissiper le stress au visage. Utilisez r\u00e9guli\u00e8rement pour r\u00e9duire la tension des muscles du visage et adoucir le teint en g\u00e9n\u00e9ral.  Vaporisez sur la peau \u00e0 tout moment pour vous aider \u00e0 vous d\u00e9tendre et \u00e0 soutenir votre syst\u00e8me nerveux. Bon pour tous les types de peau.  Peau :\u00a0Convient \u00e0 tous les types de peau.    Ingr\u00e9dient INCI Melissa officinalis\u00a0water* 100%  *Certifi\u00e9 biologique par ECOCERT SA | USDA Organic    Mode d\u2019emploi Dans votre routine quotidienne de soins am\/pm, vaporisez g\u00e9n\u00e9reusement sur une peau propre avant d\u2019appliquer votre hydratant. Revitaliser et vaporiser tout au long de la journ\u00e9e. M\u00e9langez de l\u2019hydrolat avec une huile v\u00e9g\u00e9tale biologique \u00e0 votre choix ou une huile essentielle pour plus de bienfaits. Les hydrolats sont toujours doux et s\u00e9curitaires.  100% d\u2019hydrolat v\u00e9g\u00e9tal frais et rien d\u2019autre !  120 ml | Biologique\" \/>\n<meta property=\"og:url\" content=\"https:\/\/pranarom.ca\/fr\/produit\/60052\/\" \/>\n<meta property=\"og:site_name\" content=\"Pranarom\" \/>\n<meta property=\"article:publisher\" content=\"https:\/\/www.facebook.com\/PranaromCanada\" \/>\n<meta property=\"article:modified_time\" content=\"2022-10-20T19:57:21+00:00\" \/>\n<meta property=\"og:image\" content=\"https:\/\/pranarom.ca\/wp-content\/uploads\/2022\/08\/P-HMOF.png\" \/>\n\t<meta property=\"og:image:width\" content=\"1500\" \/>\n\t<meta property=\"og:image:height\" content=\"1500\" \/>\n\t<meta property=\"og:image:type\" content=\"image\/png\" \/>\n<meta name=\"twitter:card\" content=\"summary_large_image\" \/>\n<script type=\"application\/ld+json\" class=\"yoast-schema-graph\">{\"@context\":\"https:\/\/schema.org\",\"@graph\":[{\"@type\":\"WebPage\",\"@id\":\"https:\/\/pranarom.ca\/fr\/produit\/60052\/\",\"url\":\"https:\/\/pranarom.ca\/fr\/produit\/60052\/\",\"name\":\"M\u00e9lisse - Hydrolat - Pranarom\",\"isPartOf\":{\"@id\":\"https:\/\/pranarom.ca\/#website\"},\"primaryImageOfPage\":{\"@id\":\"https:\/\/pranarom.ca\/fr\/produit\/60052\/#primaryimage\"},\"image\":{\"@id\":\"https:\/\/pranarom.ca\/fr\/produit\/60052\/#primaryimage\"},\"thumbnailUrl\":\"https:\/\/pranarom.ca\/wp-content\/uploads\/2022\/08\/P-HMOF.png\",\"datePublished\":\"2022-10-20T19:51:53+00:00\",\"dateModified\":\"2022-10-20T19:57:21+00:00\",\"breadcrumb\":{\"@id\":\"https:\/\/pranarom.ca\/fr\/produit\/60052\/#breadcrumb\"},\"inLanguage\":\"fr-FR\",\"potentialAction\":[{\"@type\":\"ReadAction\",\"target\":[\"https:\/\/pranarom.ca\/fr\/produit\/60052\/\"]}]},{\"@type\":\"ImageObject\",\"inLanguage\":\"fr-FR\",\"@id\":\"https:\/\/pranarom.ca\/fr\/produit\/60052\/#primaryimage\",\"url\":\"https:\/\/pranarom.ca\/wp-content\/uploads\/2022\/08\/P-HMOF.png\",\"contentUrl\":\"https:\/\/pranarom.ca\/wp-content\/uploads\/2022\/08\/P-HMOF.png\",\"width\":1500,\"height\":1500},{\"@type\":\"BreadcrumbList\",\"@id\":\"https:\/\/pranarom.ca\/fr\/produit\/60052\/#breadcrumb\",\"itemListElement\":[{\"@type\":\"ListItem\",\"position\":1,\"name\":\"Home\",\"item\":\"https:\/\/pranarom.ca\/fr\/\"},{\"@type\":\"ListItem\",\"position\":2,\"name\":\"Shop\",\"item\":\"https:\/\/pranarom.ca\/shop\/\"},{\"@type\":\"ListItem\",\"position\":3,\"name\":\"M\u00e9lisse &#8211; Hydrolat\"}]},{\"@type\":\"WebSite\",\"@id\":\"https:\/\/pranarom.ca\/#website\",\"url\":\"https:\/\/pranarom.ca\/\",\"name\":\"Pranarom Canada\",\"description\":\"Scientific Aromatherapyy\",\"publisher\":{\"@id\":\"https:\/\/pranarom.ca\/#organization\"},\"potentialAction\":[{\"@type\":\"SearchAction\",\"target\":{\"@type\":\"EntryPoint\",\"urlTemplate\":\"https:\/\/pranarom.ca\/?s={search_term_string}\"},\"query-input\":\"required name=search_term_string\"}],\"inLanguage\":\"fr-FR\"},{\"@type\":\"Organization\",\"@id\":\"https:\/\/pranarom.ca\/#organization\",\"name\":\"Pranarom\",\"url\":\"https:\/\/pranarom.ca\/\",\"logo\":{\"@type\":\"ImageObject\",\"inLanguage\":\"fr-FR\",\"@id\":\"https:\/\/pranarom.ca\/#\/schema\/logo\/image\/\",\"url\":\"https:\/\/pranarom.ca\/wp-content\/uploads\/2019\/03\/pranalogo.png\",\"contentUrl\":\"https:\/\/pranarom.ca\/wp-content\/uploads\/2019\/03\/pranalogo.png\",\"width\":330,\"height\":100,\"caption\":\"Pranarom\"},\"image\":{\"@id\":\"https:\/\/pranarom.ca\/#\/schema\/logo\/image\/\"},\"sameAs\":[\"https:\/\/www.facebook.com\/PranaromCanada\",\"http:\/\/instagram.com\/pranaromcanada\/\",\"https:\/\/www.instagram.com\/pranaromcanada\/\"]}]}<\/script>\n<!-- \/ Yoast SEO plugin. -->","yoast_head_json":{"title":"M\u00e9lisse - Hydrolat - Pranarom","robots":{"index":"index","follow":"follow","max-snippet":"max-snippet:-1","max-image-preview":"max-image-preview:large","max-video-preview":"max-video-preview:-1"},"canonical":"https:\/\/pranarom.ca\/fr\/produit\/60052\/","og_locale":"fr_FR","og_type":"article","og_title":"M\u00e9lisse - Hydrolat - Pranarom","og_description":"Qu\u2019est-ce qu\u2019un hydrolat ? Un v\u00e9ritable hydrolat aromatique contient les propri\u00e9t\u00e9s actives d\u2019essences v\u00e9g\u00e9tales pures, en suspension dans de l\u2019H2O, par distillation \u00e0 la vapeur d\u2019eau. Les hydrolats procurent une hydratation et une tonification d\u2019origine botanique aux vertus cicatrisantes pour le visage, la peau et les cheveux.  Les\u00a0hydrolats Pranarom\u00a0sont micro-filtr\u00e9s et filtr\u00e9s aux UV pour une dur\u00e9e de conservation prolong\u00e9e. En raison de leur nature d\u00e9licate, veuillez les conserver dans un endroit frais et sec, les hydrolats ne devraient pas \u00eatre conserv\u00e9s au r\u00e9frig\u00e9rateur. Ils pr\u00e9f\u00e8rent un environnement frais et stable et les fluctuations de temp\u00e9rature les perturbent. Si vous faites r\u00e9frig\u00e9rer les v\u00f4tres ou s\u2019ils sont expos\u00e9s \u00e0 des temp\u00e9ratures extr\u00eames, amenez vos hydrolats \u00e0 la temp\u00e9rature ambiante progressivement et en douceur.  Les hydrolats sont le sous-produit de l\u2019eau r\u00e9colt\u00e9 lors de la distillation des huiles essentielles. Chaque huile essentielle cr\u00e9e un hydrolat. Que les hydrolats soient un compos\u00e9 d\u2019eau additionn\u00e9e d\u2019huiles essentielles est un mythe, ils poss\u00e8dent des propri\u00e9t\u00e9s diff\u00e9rentes de celles de leurs homologues aux huiles essentielles.  Les hydrolats hydratent, tonifient et rafra\u00eechissent la peau naturellement, fr\u00e9quemment utilis\u00e9s en lotion faciale pour tonifier, \u00e9quilibrer le teint et rafra\u00eechir la peau les jours de grande chaleur ou pendant les bouff\u00e9es de chaleur ; sp\u00e9cialement s\u2019ils ont \u00e9t\u00e9 conserv\u00e9s au r\u00e9frig\u00e9rateur ! Vous pouvez \u00e9galement y avoir recours pour soigner votre chevelure. Les hydrolats sont extr\u00eamement doux, donc s\u00e9curitaire pour les femmes enceintes, les enfants et les animaux.  Un hydrolat est une excellente base pour la fabrication de vos propres m\u00e9langes \u00e0 vaporiser pour : chambre, salle de bain, voiture, eau de linge, nettoyant pour tapis de yoga, \u00e9cran solaire, lotion apr\u00e8s-rasage, insectifuge et la liste est encore longue.    Propri\u00e9t\u00e9s La m\u00e9lisse, \u00e9galement connue sous le nom de \u00ab\u00a0Melissa\u00a0\u00bb, est profond\u00e9ment apaisante et relaxante, aidant \u00e0 dissiper le stress au visage. Utilisez r\u00e9guli\u00e8rement pour r\u00e9duire la tension des muscles du visage et adoucir le teint en g\u00e9n\u00e9ral.  Vaporisez sur la peau \u00e0 tout moment pour vous aider \u00e0 vous d\u00e9tendre et \u00e0 soutenir votre syst\u00e8me nerveux. Bon pour tous les types de peau.  Peau :\u00a0Convient \u00e0 tous les types de peau.    Ingr\u00e9dient INCI Melissa officinalis\u00a0water* 100%  *Certifi\u00e9 biologique par ECOCERT SA | USDA Organic    Mode d\u2019emploi Dans votre routine quotidienne de soins am\/pm, vaporisez g\u00e9n\u00e9reusement sur une peau propre avant d\u2019appliquer votre hydratant. Revitaliser et vaporiser tout au long de la journ\u00e9e. M\u00e9langez de l\u2019hydrolat avec une huile v\u00e9g\u00e9tale biologique \u00e0 votre choix ou une huile essentielle pour plus de bienfaits. Les hydrolats sont toujours doux et s\u00e9curitaires.  100% d\u2019hydrolat v\u00e9g\u00e9tal frais et rien d\u2019autre !  120 ml | Biologique","og_url":"https:\/\/pranarom.ca\/fr\/produit\/60052\/","og_site_name":"Pranarom","article_publisher":"https:\/\/www.facebook.com\/PranaromCanada","article_modified_time":"2022-10-20T19:57:21+00:00","og_image":[{"width":1500,"height":1500,"url":"https:\/\/pranarom.ca\/wp-content\/uploads\/2022\/08\/P-HMOF.png","type":"image\/png"}],"twitter_card":"summary_large_image","schema":{"@context":"https:\/\/schema.org","@graph":[{"@type":"WebPage","@id":"https:\/\/pranarom.ca\/fr\/produit\/60052\/","url":"https:\/\/pranarom.ca\/fr\/produit\/60052\/","name":"M\u00e9lisse - Hydrolat - Pranarom","isPartOf":{"@id":"https:\/\/pranarom.ca\/#website"},"primaryImageOfPage":{"@id":"https:\/\/pranarom.ca\/fr\/produit\/60052\/#primaryimage"},"image":{"@id":"https:\/\/pranarom.ca\/fr\/produit\/60052\/#primaryimage"},"thumbnailUrl":"https:\/\/pranarom.ca\/wp-content\/uploads\/2022\/08\/P-HMOF.png","datePublished":"2022-10-20T19:51:53+00:00","dateModified":"2022-10-20T19:57:21+00:00","breadcrumb":{"@id":"https:\/\/pranarom.ca\/fr\/produit\/60052\/#breadcrumb"},"inLanguage":"fr-FR","potentialAction":[{"@type":"ReadAction","target":["https:\/\/pranarom.ca\/fr\/produit\/60052\/"]}]},{"@type":"ImageObject","inLanguage":"fr-FR","@id":"https:\/\/pranarom.ca\/fr\/produit\/60052\/#primaryimage","url":"https:\/\/pranarom.ca\/wp-content\/uploads\/2022\/08\/P-HMOF.png","contentUrl":"https:\/\/pranarom.ca\/wp-content\/uploads\/2022\/08\/P-HMOF.png","width":1500,"height":1500},{"@type":"BreadcrumbList","@id":"https:\/\/pranarom.ca\/fr\/produit\/60052\/#breadcrumb","itemListElement":[{"@type":"ListItem","position":1,"name":"Home","item":"https:\/\/pranarom.ca\/fr\/"},{"@type":"ListItem","position":2,"name":"Shop","item":"https:\/\/pranarom.ca\/shop\/"},{"@type":"ListItem","position":3,"name":"M\u00e9lisse &#8211; Hydrolat"}]},{"@type":"WebSite","@id":"https:\/\/pranarom.ca\/#website","url":"https:\/\/pranarom.ca\/","name":"Pranarom Canada","description":"Scientific Aromatherapyy","publisher":{"@id":"https:\/\/pranarom.ca\/#organization"},"potentialAction":[{"@type":"SearchAction","target":{"@type":"EntryPoint","urlTemplate":"https:\/\/pranarom.ca\/?s={search_term_string}"},"query-input":"required name=search_term_string"}],"inLanguage":"fr-FR"},{"@type":"Organization","@id":"https:\/\/pranarom.ca\/#organization","name":"Pranarom","url":"https:\/\/pranarom.ca\/","logo":{"@type":"ImageObject","inLanguage":"fr-FR","@id":"https:\/\/pranarom.ca\/#\/schema\/logo\/image\/","url":"https:\/\/pranarom.ca\/wp-content\/uploads\/2019\/03\/pranalogo.png","contentUrl":"https:\/\/pranarom.ca\/wp-content\/uploads\/2019\/03\/pranalogo.png","width":330,"height":100,"caption":"Pranarom"},"image":{"@id":"https:\/\/pranarom.ca\/#\/schema\/logo\/image\/"},"sameAs":["https:\/\/www.facebook.com\/PranaromCanada","http:\/\/instagram.com\/pranaromcanada\/","https:\/\/www.instagram.com\/pranaromcanada\/"]}]}},"jetpack_sharing_enabled":true,"_links":{"self":[{"href":"https:\/\/pranarom.ca\/fr\/wp-json\/wp\/v2\/product\/60052"}],"collection":[{"href":"https:\/\/pranarom.ca\/fr\/wp-json\/wp\/v2\/product"}],"about":[{"href":"https:\/\/pranarom.ca\/fr\/wp-json\/wp\/v2\/types\/product"}],"replies":[{"embeddable":true,"href":"https:\/\/pranarom.ca\/fr\/wp-json\/wp\/v2\/comments?post=60052"}],"wp:featuredmedia":[{"embeddable":true,"href":"https:\/\/pranarom.ca\/fr\/wp-json\/wp\/v2\/media\/59922"}],"wp:attachment":[{"href":"https:\/\/pranarom.ca\/fr\/wp-json\/wp\/v2\/media?parent=60052"}],"wp:term":[{"taxonomy":"product_cat","embeddable":true,"href":"https:\/\/pranarom.ca\/fr\/wp-json\/wp\/v2\/product_cat?post=60052"},{"taxonomy":"product_tag","embeddable":true,"href":"https:\/\/pranarom.ca\/fr\/wp-json\/wp\/v2\/product_tag?post=60052"}],"curies":[{"name":"wp","href":"https:\/\/api.w.org\/{rel}","templated":true}]}}