{"id":60050,"date":"2022-10-20T19:33:34","date_gmt":"2022-10-20T19:33:34","guid":{"rendered":"https:\/\/pranarom.ca\/?post_type=product&#038;p=60050"},"modified":"2022-10-20T19:33:34","modified_gmt":"2022-10-20T19:33:34","slug":"zeste-tonique","status":"publish","type":"product","link":"https:\/\/pranarom.ca\/fr\/produit\/zeste-tonique\/","title":{"rendered":"Zeste tonique"},"content":{"rendered":"<p>Grace au savoir-faire et a l\u2019exp\u00e9rience d\u2019un Nez Parfumeur de Grasse, Pranarom r\u00e9invente l\u2019univers olfactif de ses synergies pour diffusion : la fragrance est sublim\u00e9e gr\u00e2ce \u00e0 la richesse et la subtilit\u00e9 d\u2019une cr\u00e9ation unique aux notes aromatiques complexes. De cette belle alliance est n\u00e9e la gamme \u00ab\u00a0\u00a0<strong>Les diffusables\u00a0\u00bb<\/strong>\u00a0aux accords olfactifs harmonieux 100% huiles essentielles certifi\u00e9es biologiques*.<\/p>\n<p>Fragrance tonique des essences de zestes, de feuilles d\u2019orange et de citron : une v\u00e9ritable explosion olfactive p\u00e9tillante qui boostera votre optimisme et votre enthousiasme!<\/p>\n<hr \/>\n<p><strong>Ingr\u00e9dients :<\/strong><\/p>\n<p>Huiles essentielles biologiques de Citron* (Citrus limon), Bergamote* (Citrus bergamia), Lime* (Citrus aurantifolia), Petitgrain bigarade* (Citus aurantium), Orange douce* (Citrus sinensis), Menthe verte* (Mentha spicata), Anis \u00e9toil\u00e9* (Illicium verum).<\/p>\n<p><em>* Ingr\u00e9dient issu de l\u2019Agriculture Biologique (Contr\u00f4le Certisys BE-BIO-01)<br \/>\n<\/em><em>*Produit certifi\u00e9 conform\u00e9ment au cahier des charges ECOGARANTIE\u00ae (Contr\u00f4le Certisys)<\/em><\/p>\n<hr \/>\n<p><strong>Conseils d\u2019utilisation :<\/strong><\/p>\n<p>1-6 gouttes peuvent \u00eatre ajout\u00e9es non-dilu\u00e9es dans le diffuseur (ultrasonique, atmosph\u00e9rique). La dur\u00e9e de diffusion et le d\u00e9bit varient selon la dimension de la pi\u00e8ce. Disposer le diffuseur afin d\u2019\u00e9viter le contact direct avec le visage ou les yeux. Toujours suivre les instructions du diffuseur utilis\u00e9.<\/p>\n<hr \/>\n<p><strong>Mises en garde :<\/strong><\/p>\n<p>Garder hors de la port\u00e9e des enfants. Usage externe seulement. Ne pas diffuser dans la chambre d\u2019enfants de moins de 6 ans. Ne pas utiliser pendant la grossesse ou l\u2019allaitement. Les animaux r\u00e9agissent aussi \u00e0 la diffusion. En cas d\u2019ingestion, chercher de l\u2019aide m\u00e9dicale de toute urgence ou consulter un centre antipoison. Si vous souffrez d\u2019\u00e9pilepsie ou d\u2019asthme, consulter un praticien en soins de sant\u00e9 avant l\u2019utilisation. \u00c9viter le contact avec les yeux et les muqueuses; en cas de contact, rincer abondamment avec de l\u2019eau ou de l\u2019huile v\u00e9g\u00e9tale. Si vous avez des naus\u00e9es, des \u00e9tourdissements, des maux de t\u00eate ou une r\u00e9action allergique, cessez l\u2019utilisation.<\/p>\n<hr \/>\n<h2>Diffuseurs Pranarom disponibles :<\/h2>\n<ul>\n<li><a href=\"https:\/\/pranarom.ca\/fr\/produit\/hiko-diffuseur-ultrasonique\/\">Hiko<\/a><\/li>\n<li><a href=\"https:\/\/pranarom.ca\/fr\/produit\/bulle-diffusion-a-sec-sans-eau-et-facile-a-utiliser\/\">Bulle<\/a><\/li>\n<\/ul>\n","protected":false},"excerpt":{"rendered":"<p><strong>Fragrance p\u00e9tillante acidul\u00e9e de Citron et Bergamote<\/strong><\/p>\n<p>Cette diffusion contient des huiles essentielles ch\u00e9motyp\u00e9es 100% pures, naturelles et biologiques<\/p>\n<p>30 ml | Biologique<\/p>\n","protected":false},"featured_media":60048,"comment_status":"open","ping_status":"closed","template":"","meta":{"_et_pb_use_builder":"","_et_pb_old_content":"","_et_gb_content_width":""},"product_cat":[377,534,506,633,631,326],"product_tag":[],"acf":[],"yoast_head":"<!-- This site is optimized with the Yoast SEO plugin v22.6 - https:\/\/yoast.com\/wordpress\/plugins\/seo\/ -->\n<title>Zeste tonique - Pranarom<\/title>\n<meta name=\"robots\" content=\"index, follow, max-snippet:-1, max-image-preview:large, max-video-preview:-1\" \/>\n<link rel=\"canonical\" href=\"https:\/\/pranarom.ca\/fr\/produit\/zeste-tonique\/\" \/>\n<meta property=\"og:locale\" content=\"fr_FR\" \/>\n<meta property=\"og:type\" content=\"article\" \/>\n<meta property=\"og:title\" content=\"Zeste tonique - Pranarom\" \/>\n<meta property=\"og:description\" content=\"Fragrance p\u00e9tillante acidul\u00e9e de Citron et Bergamote  Cette diffusion contient des huiles essentielles ch\u00e9motyp\u00e9es 100% pures, naturelles et biologiques  30 ml | Biologique\" \/>\n<meta property=\"og:url\" content=\"https:\/\/pranarom.ca\/fr\/produit\/zeste-tonique\/\" \/>\n<meta property=\"og:site_name\" content=\"Pranarom\" \/>\n<meta property=\"article:publisher\" content=\"https:\/\/www.facebook.com\/PranaromCanada\" \/>\n<meta property=\"og:image\" content=\"https:\/\/pranarom.ca\/wp-content\/uploads\/2022\/10\/P-DF01_Zeste_tonique.png\" \/>\n\t<meta property=\"og:image:width\" content=\"1500\" \/>\n\t<meta property=\"og:image:height\" content=\"1500\" \/>\n\t<meta property=\"og:image:type\" content=\"image\/png\" \/>\n<meta name=\"twitter:card\" content=\"summary_large_image\" \/>\n<meta name=\"twitter:label1\" content=\"Dur\u00e9e de lecture estim\u00e9e\" \/>\n\t<meta name=\"twitter:data1\" content=\"2 minutes\" \/>\n<script type=\"application\/ld+json\" class=\"yoast-schema-graph\">{\"@context\":\"https:\/\/schema.org\",\"@graph\":[{\"@type\":\"WebPage\",\"@id\":\"https:\/\/pranarom.ca\/fr\/produit\/zeste-tonique\/\",\"url\":\"https:\/\/pranarom.ca\/fr\/produit\/zeste-tonique\/\",\"name\":\"Zeste tonique - Pranarom\",\"isPartOf\":{\"@id\":\"https:\/\/pranarom.ca\/#website\"},\"primaryImageOfPage\":{\"@id\":\"https:\/\/pranarom.ca\/fr\/produit\/zeste-tonique\/#primaryimage\"},\"image\":{\"@id\":\"https:\/\/pranarom.ca\/fr\/produit\/zeste-tonique\/#primaryimage\"},\"thumbnailUrl\":\"https:\/\/pranarom.ca\/wp-content\/uploads\/2022\/10\/P-DF01_Zeste_tonique.png\",\"datePublished\":\"2022-10-20T19:33:34+00:00\",\"dateModified\":\"2022-10-20T19:33:34+00:00\",\"breadcrumb\":{\"@id\":\"https:\/\/pranarom.ca\/fr\/produit\/zeste-tonique\/#breadcrumb\"},\"inLanguage\":\"fr-FR\",\"potentialAction\":[{\"@type\":\"ReadAction\",\"target\":[\"https:\/\/pranarom.ca\/fr\/produit\/zeste-tonique\/\"]}]},{\"@type\":\"ImageObject\",\"inLanguage\":\"fr-FR\",\"@id\":\"https:\/\/pranarom.ca\/fr\/produit\/zeste-tonique\/#primaryimage\",\"url\":\"https:\/\/pranarom.ca\/wp-content\/uploads\/2022\/10\/P-DF01_Zeste_tonique.png\",\"contentUrl\":\"https:\/\/pranarom.ca\/wp-content\/uploads\/2022\/10\/P-DF01_Zeste_tonique.png\",\"width\":1500,\"height\":1500},{\"@type\":\"BreadcrumbList\",\"@id\":\"https:\/\/pranarom.ca\/fr\/produit\/zeste-tonique\/#breadcrumb\",\"itemListElement\":[{\"@type\":\"ListItem\",\"position\":1,\"name\":\"Home\",\"item\":\"https:\/\/pranarom.ca\/fr\/\"},{\"@type\":\"ListItem\",\"position\":2,\"name\":\"Shop\",\"item\":\"https:\/\/pranarom.ca\/shop\/\"},{\"@type\":\"ListItem\",\"position\":3,\"name\":\"Zeste tonique\"}]},{\"@type\":\"WebSite\",\"@id\":\"https:\/\/pranarom.ca\/#website\",\"url\":\"https:\/\/pranarom.ca\/\",\"name\":\"Pranarom Canada\",\"description\":\"Scientific Aromatherapyy\",\"publisher\":{\"@id\":\"https:\/\/pranarom.ca\/#organization\"},\"potentialAction\":[{\"@type\":\"SearchAction\",\"target\":{\"@type\":\"EntryPoint\",\"urlTemplate\":\"https:\/\/pranarom.ca\/?s={search_term_string}\"},\"query-input\":\"required name=search_term_string\"}],\"inLanguage\":\"fr-FR\"},{\"@type\":\"Organization\",\"@id\":\"https:\/\/pranarom.ca\/#organization\",\"name\":\"Pranarom\",\"url\":\"https:\/\/pranarom.ca\/\",\"logo\":{\"@type\":\"ImageObject\",\"inLanguage\":\"fr-FR\",\"@id\":\"https:\/\/pranarom.ca\/#\/schema\/logo\/image\/\",\"url\":\"https:\/\/pranarom.ca\/wp-content\/uploads\/2019\/03\/pranalogo.png\",\"contentUrl\":\"https:\/\/pranarom.ca\/wp-content\/uploads\/2019\/03\/pranalogo.png\",\"width\":330,\"height\":100,\"caption\":\"Pranarom\"},\"image\":{\"@id\":\"https:\/\/pranarom.ca\/#\/schema\/logo\/image\/\"},\"sameAs\":[\"https:\/\/www.facebook.com\/PranaromCanada\",\"http:\/\/instagram.com\/pranaromcanada\/\",\"https:\/\/www.instagram.com\/pranaromcanada\/\"]}]}<\/script>\n<!-- \/ Yoast SEO plugin. -->","yoast_head_json":{"title":"Zeste tonique - Pranarom","robots":{"index":"index","follow":"follow","max-snippet":"max-snippet:-1","max-image-preview":"max-image-preview:large","max-video-preview":"max-video-preview:-1"},"canonical":"https:\/\/pranarom.ca\/fr\/produit\/zeste-tonique\/","og_locale":"fr_FR","og_type":"article","og_title":"Zeste tonique - Pranarom","og_description":"Fragrance p\u00e9tillante acidul\u00e9e de Citron et Bergamote  Cette diffusion contient des huiles essentielles ch\u00e9motyp\u00e9es 100% pures, naturelles et biologiques  30 ml | Biologique","og_url":"https:\/\/pranarom.ca\/fr\/produit\/zeste-tonique\/","og_site_name":"Pranarom","article_publisher":"https:\/\/www.facebook.com\/PranaromCanada","og_image":[{"width":1500,"height":1500,"url":"https:\/\/pranarom.ca\/wp-content\/uploads\/2022\/10\/P-DF01_Zeste_tonique.png","type":"image\/png"}],"twitter_card":"summary_large_image","twitter_misc":{"Dur\u00e9e de lecture estim\u00e9e":"2 minutes"},"schema":{"@context":"https:\/\/schema.org","@graph":[{"@type":"WebPage","@id":"https:\/\/pranarom.ca\/fr\/produit\/zeste-tonique\/","url":"https:\/\/pranarom.ca\/fr\/produit\/zeste-tonique\/","name":"Zeste tonique - Pranarom","isPartOf":{"@id":"https:\/\/pranarom.ca\/#website"},"primaryImageOfPage":{"@id":"https:\/\/pranarom.ca\/fr\/produit\/zeste-tonique\/#primaryimage"},"image":{"@id":"https:\/\/pranarom.ca\/fr\/produit\/zeste-tonique\/#primaryimage"},"thumbnailUrl":"https:\/\/pranarom.ca\/wp-content\/uploads\/2022\/10\/P-DF01_Zeste_tonique.png","datePublished":"2022-10-20T19:33:34+00:00","dateModified":"2022-10-20T19:33:34+00:00","breadcrumb":{"@id":"https:\/\/pranarom.ca\/fr\/produit\/zeste-tonique\/#breadcrumb"},"inLanguage":"fr-FR","potentialAction":[{"@type":"ReadAction","target":["https:\/\/pranarom.ca\/fr\/produit\/zeste-tonique\/"]}]},{"@type":"ImageObject","inLanguage":"fr-FR","@id":"https:\/\/pranarom.ca\/fr\/produit\/zeste-tonique\/#primaryimage","url":"https:\/\/pranarom.ca\/wp-content\/uploads\/2022\/10\/P-DF01_Zeste_tonique.png","contentUrl":"https:\/\/pranarom.ca\/wp-content\/uploads\/2022\/10\/P-DF01_Zeste_tonique.png","width":1500,"height":1500},{"@type":"BreadcrumbList","@id":"https:\/\/pranarom.ca\/fr\/produit\/zeste-tonique\/#breadcrumb","itemListElement":[{"@type":"ListItem","position":1,"name":"Home","item":"https:\/\/pranarom.ca\/fr\/"},{"@type":"ListItem","position":2,"name":"Shop","item":"https:\/\/pranarom.ca\/shop\/"},{"@type":"ListItem","position":3,"name":"Zeste tonique"}]},{"@type":"WebSite","@id":"https:\/\/pranarom.ca\/#website","url":"https:\/\/pranarom.ca\/","name":"Pranarom Canada","description":"Scientific Aromatherapyy","publisher":{"@id":"https:\/\/pranarom.ca\/#organization"},"potentialAction":[{"@type":"SearchAction","target":{"@type":"EntryPoint","urlTemplate":"https:\/\/pranarom.ca\/?s={search_term_string}"},"query-input":"required name=search_term_string"}],"inLanguage":"fr-FR"},{"@type":"Organization","@id":"https:\/\/pranarom.ca\/#organization","name":"Pranarom","url":"https:\/\/pranarom.ca\/","logo":{"@type":"ImageObject","inLanguage":"fr-FR","@id":"https:\/\/pranarom.ca\/#\/schema\/logo\/image\/","url":"https:\/\/pranarom.ca\/wp-content\/uploads\/2019\/03\/pranalogo.png","contentUrl":"https:\/\/pranarom.ca\/wp-content\/uploads\/2019\/03\/pranalogo.png","width":330,"height":100,"caption":"Pranarom"},"image":{"@id":"https:\/\/pranarom.ca\/#\/schema\/logo\/image\/"},"sameAs":["https:\/\/www.facebook.com\/PranaromCanada","http:\/\/instagram.com\/pranaromcanada\/","https:\/\/www.instagram.com\/pranaromcanada\/"]}]}},"jetpack_sharing_enabled":true,"_links":{"self":[{"href":"https:\/\/pranarom.ca\/fr\/wp-json\/wp\/v2\/product\/60050"}],"collection":[{"href":"https:\/\/pranarom.ca\/fr\/wp-json\/wp\/v2\/product"}],"about":[{"href":"https:\/\/pranarom.ca\/fr\/wp-json\/wp\/v2\/types\/product"}],"replies":[{"embeddable":true,"href":"https:\/\/pranarom.ca\/fr\/wp-json\/wp\/v2\/comments?post=60050"}],"wp:featuredmedia":[{"embeddable":true,"href":"https:\/\/pranarom.ca\/fr\/wp-json\/wp\/v2\/media\/60048"}],"wp:attachment":[{"href":"https:\/\/pranarom.ca\/fr\/wp-json\/wp\/v2\/media?parent=60050"}],"wp:term":[{"taxonomy":"product_cat","embeddable":true,"href":"https:\/\/pranarom.ca\/fr\/wp-json\/wp\/v2\/product_cat?post=60050"},{"taxonomy":"product_tag","embeddable":true,"href":"https:\/\/pranarom.ca\/fr\/wp-json\/wp\/v2\/product_tag?post=60050"}],"curies":[{"name":"wp","href":"https:\/\/api.w.org\/{rel}","templated":true}]}}