{"id":59942,"date":"2022-09-01T15:57:21","date_gmt":"2022-09-01T15:57:21","guid":{"rendered":"https:\/\/pranarom.ca\/product\/racines-robustes\/"},"modified":"2022-09-01T15:58:42","modified_gmt":"2022-09-01T15:58:42","slug":"racines-robustes","status":"publish","type":"product","link":"https:\/\/pranarom.ca\/fr\/produit\/racines-robustes\/","title":{"rendered":"Racines robustes"},"content":{"rendered":"<p><strong>Une tradition ancienne pour soutenir la\u00a0croissance, la sant\u00e9 et la brillance<\/strong><\/p>\n<p>Pendant des milliers d\u2019ann\u00e9es, les cultures du monde entier ont utilis\u00e9 des huiles et des essences de plantes pour avoir une chevelure abondante. Nos toutes r\u00e9centes formules : <strong>Racines robustes<\/strong>, <strong>\u00c9clat naturel<\/strong> et <strong>Huile \u00e0 barbe<\/strong> vous permettent de renouer avec ces traditions en vous proposant une combinaison d&#8217;huiles v\u00e9g\u00e9tales supers nourrissantes et d&#8217;huiles essentielles aromatiques pour des cheveux sains des racines \u00e0 la pointe.<\/p>\n<hr \/>\n<p><strong>Racines robustes <\/strong>est un puissant m\u00e9lange d&#8217;huiles v\u00e9g\u00e9tales et d&#8217;huiles essentielles dont les acides amin\u00e9s et les compos\u00e9s phytochimiques apaisent les irritations, soutiennent la fonction folliculaire et encouragent une croissance saine des cheveux.<\/p>\n<p>Un m\u00e9lange d&#8217;huile de cumin noir, s\u00e9same, ricin, romarin \u00e0 verb\u00e9none, menthe poivr\u00e9e, lavande vraie et poivre noir.<\/p>\n<hr \/>\n<h2>Mode d&#8217;emploi<\/h2>\n<p>Appliquez plusieurs gouttes sur la zone concern\u00e9e, masser le cuir chevelu du bout des doigts ou \u00e0 l&#8217;aide d&#8217;une brosse\/peigne de massage en bois. Pour une meilleure absorption, enveloppez les cheveux dans une serviette chaude et humide. Faire p\u00e9n\u00e9trer au moins une demi-heure avant de faire le shampooing habituel ou toute une nuit. Utiliser 3 \u00e0 5 fois par semaine.<\/p>\n<hr \/>\n<h2>Ingr\u00e9dients (INCI)<\/h2>\n<p>Nigella sativa seed oil*, Sesamum indicum (Sesame) seed oil*, Ricinus communis (Castor) seed oil*, Rosmarinus officinalis (Rosemary CT Verbenone) leaf oil*, Mentha piperita (Peppermint) oil*, Lavandula angustifolia (Lavender) flower oil*,Piper nigrum seed oil*.<\/p>\n<p>*Certifi\u00e9 biologique par ECOCERT SA | USDA Organic<\/p>\n<hr \/>\n<h2>Trucs et astuces<\/h2>\n<p><strong>Quelques gouttes<\/strong> suffisent pour commencer, les m\u00e9langes s\u2019appliquent facilement et couvre une bonne superficie!<\/p>\n<p><strong>Le massage est la cl\u00e9, <\/strong>il stimule la circulation sanguine et les follicules afin de nourrir le cuir chevelu de l&#8217;int\u00e9rieur et par l&#8217;ext\u00e9rieur. Cela vaut aussi pour les barbes!<\/p>\n<hr \/>\n<h2><strong>Pr\u00e9cautions<\/strong><\/h2>\n<p>Pour usage externe seulement. Garder hors de la port\u00e9e des enfants. \u00c9viter le contact avec les yeux et les muqueuses. En cas d&#8217;irritation, cesser l&#8217;utilisation.<\/p>\n","protected":false},"excerpt":{"rendered":"<p>Follicules et cuir chevelu | Soins capillaires<\/p>\n<p>30 ml | Biologique<\/p>\n","protected":false},"featured_media":59928,"comment_status":"open","ping_status":"closed","template":"","meta":{"_et_pb_use_builder":"","_et_pb_old_content":"","_et_gb_content_width":""},"product_cat":[515,537,326,333],"product_tag":[],"acf":[],"yoast_head":"<!-- This site is optimized with the Yoast SEO plugin v22.6 - https:\/\/yoast.com\/wordpress\/plugins\/seo\/ -->\n<title>Racines robustes - Pranarom<\/title>\n<meta name=\"robots\" content=\"index, follow, max-snippet:-1, max-image-preview:large, max-video-preview:-1\" \/>\n<link rel=\"canonical\" href=\"https:\/\/pranarom.ca\/produit\/strong-roots\/\" \/>\n<meta property=\"og:locale\" content=\"fr_FR\" \/>\n<meta property=\"og:type\" content=\"article\" \/>\n<meta property=\"og:title\" content=\"Racines robustes - Pranarom\" \/>\n<meta property=\"og:description\" content=\"Follicules et cuir chevelu | Soins capillaires  30 ml | Biologique\" \/>\n<meta property=\"og:url\" content=\"https:\/\/pranarom.ca\/produit\/strong-roots\/\" \/>\n<meta property=\"og:site_name\" content=\"Pranarom\" \/>\n<meta property=\"article:publisher\" content=\"https:\/\/www.facebook.com\/PranaromCanada\" \/>\n<meta property=\"article:modified_time\" content=\"2022-09-01T15:58:42+00:00\" \/>\n<meta property=\"og:image\" content=\"https:\/\/pranarom.ca\/wp-content\/uploads\/2022\/08\/P-SC03_Roots_Racines.png\" \/>\n\t<meta property=\"og:image:width\" content=\"1500\" \/>\n\t<meta property=\"og:image:height\" content=\"1500\" \/>\n\t<meta property=\"og:image:type\" content=\"image\/png\" \/>\n<meta name=\"twitter:card\" content=\"summary_large_image\" \/>\n<meta name=\"twitter:label1\" content=\"Dur\u00e9e de lecture estim\u00e9e\" \/>\n\t<meta name=\"twitter:data1\" content=\"2 minutes\" \/>\n<script type=\"application\/ld+json\" class=\"yoast-schema-graph\">{\"@context\":\"https:\/\/schema.org\",\"@graph\":[{\"@type\":\"WebPage\",\"@id\":\"https:\/\/pranarom.ca\/produit\/strong-roots\/\",\"url\":\"https:\/\/pranarom.ca\/produit\/strong-roots\/\",\"name\":\"Racines robustes - Pranarom\",\"isPartOf\":{\"@id\":\"https:\/\/pranarom.ca\/#website\"},\"primaryImageOfPage\":{\"@id\":\"https:\/\/pranarom.ca\/produit\/strong-roots\/#primaryimage\"},\"image\":{\"@id\":\"https:\/\/pranarom.ca\/produit\/strong-roots\/#primaryimage\"},\"thumbnailUrl\":\"https:\/\/pranarom.ca\/wp-content\/uploads\/2022\/08\/P-SC03_Roots_Racines.png\",\"datePublished\":\"2022-09-01T15:57:21+00:00\",\"dateModified\":\"2022-09-01T15:58:42+00:00\",\"breadcrumb\":{\"@id\":\"https:\/\/pranarom.ca\/produit\/strong-roots\/#breadcrumb\"},\"inLanguage\":\"fr-FR\",\"potentialAction\":[{\"@type\":\"ReadAction\",\"target\":[\"https:\/\/pranarom.ca\/produit\/strong-roots\/\"]}]},{\"@type\":\"ImageObject\",\"inLanguage\":\"fr-FR\",\"@id\":\"https:\/\/pranarom.ca\/produit\/strong-roots\/#primaryimage\",\"url\":\"https:\/\/pranarom.ca\/wp-content\/uploads\/2022\/08\/P-SC03_Roots_Racines.png\",\"contentUrl\":\"https:\/\/pranarom.ca\/wp-content\/uploads\/2022\/08\/P-SC03_Roots_Racines.png\",\"width\":1500,\"height\":1500},{\"@type\":\"BreadcrumbList\",\"@id\":\"https:\/\/pranarom.ca\/produit\/strong-roots\/#breadcrumb\",\"itemListElement\":[{\"@type\":\"ListItem\",\"position\":1,\"name\":\"Home\",\"item\":\"https:\/\/pranarom.ca\/fr\/\"},{\"@type\":\"ListItem\",\"position\":2,\"name\":\"Shop\",\"item\":\"https:\/\/pranarom.ca\/shop\/\"},{\"@type\":\"ListItem\",\"position\":3,\"name\":\"Racines robustes\"}]},{\"@type\":\"WebSite\",\"@id\":\"https:\/\/pranarom.ca\/#website\",\"url\":\"https:\/\/pranarom.ca\/\",\"name\":\"Pranarom Canada\",\"description\":\"Scientific Aromatherapyy\",\"publisher\":{\"@id\":\"https:\/\/pranarom.ca\/#organization\"},\"potentialAction\":[{\"@type\":\"SearchAction\",\"target\":{\"@type\":\"EntryPoint\",\"urlTemplate\":\"https:\/\/pranarom.ca\/?s={search_term_string}\"},\"query-input\":\"required name=search_term_string\"}],\"inLanguage\":\"fr-FR\"},{\"@type\":\"Organization\",\"@id\":\"https:\/\/pranarom.ca\/#organization\",\"name\":\"Pranarom\",\"url\":\"https:\/\/pranarom.ca\/\",\"logo\":{\"@type\":\"ImageObject\",\"inLanguage\":\"fr-FR\",\"@id\":\"https:\/\/pranarom.ca\/#\/schema\/logo\/image\/\",\"url\":\"https:\/\/pranarom.ca\/wp-content\/uploads\/2019\/03\/pranalogo.png\",\"contentUrl\":\"https:\/\/pranarom.ca\/wp-content\/uploads\/2019\/03\/pranalogo.png\",\"width\":330,\"height\":100,\"caption\":\"Pranarom\"},\"image\":{\"@id\":\"https:\/\/pranarom.ca\/#\/schema\/logo\/image\/\"},\"sameAs\":[\"https:\/\/www.facebook.com\/PranaromCanada\",\"http:\/\/instagram.com\/pranaromcanada\/\",\"https:\/\/www.instagram.com\/pranaromcanada\/\"]}]}<\/script>\n<!-- \/ Yoast SEO plugin. -->","yoast_head_json":{"title":"Racines robustes - Pranarom","robots":{"index":"index","follow":"follow","max-snippet":"max-snippet:-1","max-image-preview":"max-image-preview:large","max-video-preview":"max-video-preview:-1"},"canonical":"https:\/\/pranarom.ca\/produit\/strong-roots\/","og_locale":"fr_FR","og_type":"article","og_title":"Racines robustes - Pranarom","og_description":"Follicules et cuir chevelu | Soins capillaires  30 ml | Biologique","og_url":"https:\/\/pranarom.ca\/produit\/strong-roots\/","og_site_name":"Pranarom","article_publisher":"https:\/\/www.facebook.com\/PranaromCanada","article_modified_time":"2022-09-01T15:58:42+00:00","og_image":[{"width":1500,"height":1500,"url":"https:\/\/pranarom.ca\/wp-content\/uploads\/2022\/08\/P-SC03_Roots_Racines.png","type":"image\/png"}],"twitter_card":"summary_large_image","twitter_misc":{"Dur\u00e9e de lecture estim\u00e9e":"2 minutes"},"schema":{"@context":"https:\/\/schema.org","@graph":[{"@type":"WebPage","@id":"https:\/\/pranarom.ca\/produit\/strong-roots\/","url":"https:\/\/pranarom.ca\/produit\/strong-roots\/","name":"Racines robustes - Pranarom","isPartOf":{"@id":"https:\/\/pranarom.ca\/#website"},"primaryImageOfPage":{"@id":"https:\/\/pranarom.ca\/produit\/strong-roots\/#primaryimage"},"image":{"@id":"https:\/\/pranarom.ca\/produit\/strong-roots\/#primaryimage"},"thumbnailUrl":"https:\/\/pranarom.ca\/wp-content\/uploads\/2022\/08\/P-SC03_Roots_Racines.png","datePublished":"2022-09-01T15:57:21+00:00","dateModified":"2022-09-01T15:58:42+00:00","breadcrumb":{"@id":"https:\/\/pranarom.ca\/produit\/strong-roots\/#breadcrumb"},"inLanguage":"fr-FR","potentialAction":[{"@type":"ReadAction","target":["https:\/\/pranarom.ca\/produit\/strong-roots\/"]}]},{"@type":"ImageObject","inLanguage":"fr-FR","@id":"https:\/\/pranarom.ca\/produit\/strong-roots\/#primaryimage","url":"https:\/\/pranarom.ca\/wp-content\/uploads\/2022\/08\/P-SC03_Roots_Racines.png","contentUrl":"https:\/\/pranarom.ca\/wp-content\/uploads\/2022\/08\/P-SC03_Roots_Racines.png","width":1500,"height":1500},{"@type":"BreadcrumbList","@id":"https:\/\/pranarom.ca\/produit\/strong-roots\/#breadcrumb","itemListElement":[{"@type":"ListItem","position":1,"name":"Home","item":"https:\/\/pranarom.ca\/fr\/"},{"@type":"ListItem","position":2,"name":"Shop","item":"https:\/\/pranarom.ca\/shop\/"},{"@type":"ListItem","position":3,"name":"Racines robustes"}]},{"@type":"WebSite","@id":"https:\/\/pranarom.ca\/#website","url":"https:\/\/pranarom.ca\/","name":"Pranarom Canada","description":"Scientific Aromatherapyy","publisher":{"@id":"https:\/\/pranarom.ca\/#organization"},"potentialAction":[{"@type":"SearchAction","target":{"@type":"EntryPoint","urlTemplate":"https:\/\/pranarom.ca\/?s={search_term_string}"},"query-input":"required name=search_term_string"}],"inLanguage":"fr-FR"},{"@type":"Organization","@id":"https:\/\/pranarom.ca\/#organization","name":"Pranarom","url":"https:\/\/pranarom.ca\/","logo":{"@type":"ImageObject","inLanguage":"fr-FR","@id":"https:\/\/pranarom.ca\/#\/schema\/logo\/image\/","url":"https:\/\/pranarom.ca\/wp-content\/uploads\/2019\/03\/pranalogo.png","contentUrl":"https:\/\/pranarom.ca\/wp-content\/uploads\/2019\/03\/pranalogo.png","width":330,"height":100,"caption":"Pranarom"},"image":{"@id":"https:\/\/pranarom.ca\/#\/schema\/logo\/image\/"},"sameAs":["https:\/\/www.facebook.com\/PranaromCanada","http:\/\/instagram.com\/pranaromcanada\/","https:\/\/www.instagram.com\/pranaromcanada\/"]}]}},"jetpack_sharing_enabled":true,"_links":{"self":[{"href":"https:\/\/pranarom.ca\/fr\/wp-json\/wp\/v2\/product\/59942"}],"collection":[{"href":"https:\/\/pranarom.ca\/fr\/wp-json\/wp\/v2\/product"}],"about":[{"href":"https:\/\/pranarom.ca\/fr\/wp-json\/wp\/v2\/types\/product"}],"replies":[{"embeddable":true,"href":"https:\/\/pranarom.ca\/fr\/wp-json\/wp\/v2\/comments?post=59942"}],"wp:featuredmedia":[{"embeddable":true,"href":"https:\/\/pranarom.ca\/fr\/wp-json\/wp\/v2\/media\/59928"}],"wp:attachment":[{"href":"https:\/\/pranarom.ca\/fr\/wp-json\/wp\/v2\/media?parent=59942"}],"wp:term":[{"taxonomy":"product_cat","embeddable":true,"href":"https:\/\/pranarom.ca\/fr\/wp-json\/wp\/v2\/product_cat?post=59942"},{"taxonomy":"product_tag","embeddable":true,"href":"https:\/\/pranarom.ca\/fr\/wp-json\/wp\/v2\/product_tag?post=59942"}],"curies":[{"name":"wp","href":"https:\/\/api.w.org\/{rel}","templated":true}]}}