{"id":59933,"date":"2022-08-31T20:33:35","date_gmt":"2022-08-31T20:33:35","guid":{"rendered":"https:\/\/pranarom.ca\/product\/huile-a-barbe\/"},"modified":"2022-08-31T20:35:10","modified_gmt":"2022-08-31T20:35:10","slug":"huile-a-barbe","status":"publish","type":"product","link":"https:\/\/pranarom.ca\/fr\/produit\/huile-a-barbe\/","title":{"rendered":"Huile \u00e0 barbe"},"content":{"rendered":"<p><strong>Une tradition ancienne pour soutenir la\u00a0croissance, la sant\u00e9 et la brillance<\/strong><\/p>\n<p>Pendant des milliers d\u2019ann\u00e9es, les cultures du monde entier ont utilis\u00e9 des huiles et des essences de plantes pour avoir une chevelure abondante. Nos toutes r\u00e9centes formules : <strong>Racines robustes<\/strong>, <strong>\u00c9clat naturel<\/strong> et <strong>Huile \u00e0 barbe<\/strong> vous permettent de renouer avec ces traditions en vous proposant une combinaison d&#8217;huiles v\u00e9g\u00e9tales supers nourrissantes et d&#8217;huiles essentielles aromatiques pour des cheveux sains des racines \u00e0 la pointe.<\/p>\n<hr \/>\n<p><strong>Huile \u00e0 barbe <\/strong>est un doux m\u00e9lange d&#8217;huiles v\u00e9g\u00e9tales et d&#8217;huiles essentielles pour nourrir, hydrater la peau et la barbe favorisant ainsi une croissance saine, la douceur des poils et une apparence soign\u00e9e.<\/p>\n<p>Un m\u00e9lange d&#8217;huile d&#8217;amande douce, jojoba, ricin, encens, c\u00e8dre de l&#8217;Atlas et v\u00e9tiver.<\/p>\n<hr \/>\n<h2>Mode d&#8217;emploi<\/h2>\n<p>R\u00e9chauffer quelques gouttes entre le bout des doigts et masser la barbe, en commen\u00e7ant par la base des poils et la peau en allongeant ensuite jusqu&#8217;aux pointes. Il est pr\u00e9f\u00e9rable d&#8217;appliquer l\u2019huile juste apr\u00e8s la douche pour sceller l&#8217;humidit\u00e9. S\u2019utilise \u00e9galement avant le rasage pour favoriser la glisse du rasoir.<\/p>\n<hr \/>\n<h2>Ingr\u00e9dients (INCI)<\/h2>\n<p>Prunus amygdalus dulcis (Sweet Almond) oil*, Simmondsia chinensis (Jojoba) seed oil*, Boswellia carterii oil*, Ricinus communis (Castor) seed oil*, Cedrus atlantica wood oil*, Vetiveria zizanoides root oil*.<\/p>\n<p>*Certifi\u00e9 biologique par ECOCERT SA | USDA Organic<\/p>\n<hr \/>\n<h2>Trucs et astuces<\/h2>\n<p><strong>Quelques gouttes<\/strong> suffisent pour commencer, les m\u00e9langes s\u2019appliquent facilement et couvre une bonne superficie!<\/p>\n<p><strong>Le massage est la cl\u00e9, <\/strong>il stimule la circulation sanguine et les follicules afin de nourrir le cuir chevelu de l&#8217;int\u00e9rieur et par l&#8217;ext\u00e9rieur. Cela vaut aussi pour les barbes!<\/p>\n<p>Appliquez<strong> \u00c9clat naturel<\/strong> et <strong>Huile \u00e0 barbe<\/strong> sur les cheveux ou les poils essor\u00e9s avec une serviette humide. Ces soins sont particuli\u00e8rement ad\u00e9quats pour des cheveux \u00e9pais et secs et lorsque la barbe est dense et fournie, car il stimule la r\u00e9tention d&#8217;humidit\u00e9.<\/p>\n<hr \/>\n<h2><strong>Pr\u00e9cautions<\/strong><\/h2>\n<p>Pour usage externe seulement. Garder hors de la port\u00e9e des enfants. \u00c9viter le contact avec les yeux et les muqueuses. En cas d&#8217;irritation, cesser l&#8217;utilisation.<\/p>\n","protected":false},"excerpt":{"rendered":"<p>Soin et conditionnement | Soins capillaires<\/p>\n<p>30 ml | Biologique<\/p>\n","protected":false},"featured_media":59926,"comment_status":"open","ping_status":"closed","template":"","meta":{"_et_pb_use_builder":"","_et_pb_old_content":"","_et_gb_content_width":""},"product_cat":[516,537,326,333],"product_tag":[],"acf":[],"yoast_head":"<!-- This site is optimized with the Yoast SEO plugin v22.6 - https:\/\/yoast.com\/wordpress\/plugins\/seo\/ -->\n<title>Huile \u00e0 barbe - Pranarom<\/title>\n<meta name=\"robots\" content=\"index, follow, max-snippet:-1, max-image-preview:large, max-video-preview:-1\" \/>\n<link rel=\"canonical\" href=\"https:\/\/pranarom.ca\/produit\/beard-oil\/\" \/>\n<meta property=\"og:locale\" content=\"fr_FR\" \/>\n<meta property=\"og:type\" content=\"article\" \/>\n<meta property=\"og:title\" content=\"Huile \u00e0 barbe - Pranarom\" \/>\n<meta property=\"og:description\" content=\"Soin et conditionnement | Soins capillaires  30 ml | Biologique\" \/>\n<meta property=\"og:url\" content=\"https:\/\/pranarom.ca\/produit\/beard-oil\/\" \/>\n<meta property=\"og:site_name\" content=\"Pranarom\" \/>\n<meta property=\"article:publisher\" content=\"https:\/\/www.facebook.com\/PranaromCanada\" \/>\n<meta property=\"article:modified_time\" content=\"2022-08-31T20:35:10+00:00\" \/>\n<meta property=\"og:image\" content=\"https:\/\/pranarom.ca\/wp-content\/uploads\/2022\/08\/P-SC01_Beard_Barbe.png\" \/>\n\t<meta property=\"og:image:width\" content=\"1500\" \/>\n\t<meta property=\"og:image:height\" content=\"1500\" \/>\n\t<meta property=\"og:image:type\" content=\"image\/png\" \/>\n<meta name=\"twitter:card\" content=\"summary_large_image\" \/>\n<meta name=\"twitter:label1\" content=\"Dur\u00e9e de lecture estim\u00e9e\" \/>\n\t<meta name=\"twitter:data1\" content=\"2 minutes\" \/>\n<script type=\"application\/ld+json\" class=\"yoast-schema-graph\">{\"@context\":\"https:\/\/schema.org\",\"@graph\":[{\"@type\":\"WebPage\",\"@id\":\"https:\/\/pranarom.ca\/produit\/beard-oil\/\",\"url\":\"https:\/\/pranarom.ca\/produit\/beard-oil\/\",\"name\":\"Huile \u00e0 barbe - Pranarom\",\"isPartOf\":{\"@id\":\"https:\/\/pranarom.ca\/#website\"},\"primaryImageOfPage\":{\"@id\":\"https:\/\/pranarom.ca\/produit\/beard-oil\/#primaryimage\"},\"image\":{\"@id\":\"https:\/\/pranarom.ca\/produit\/beard-oil\/#primaryimage\"},\"thumbnailUrl\":\"https:\/\/pranarom.ca\/wp-content\/uploads\/2022\/08\/P-SC01_Beard_Barbe.png\",\"datePublished\":\"2022-08-31T20:33:35+00:00\",\"dateModified\":\"2022-08-31T20:35:10+00:00\",\"breadcrumb\":{\"@id\":\"https:\/\/pranarom.ca\/produit\/beard-oil\/#breadcrumb\"},\"inLanguage\":\"fr-FR\",\"potentialAction\":[{\"@type\":\"ReadAction\",\"target\":[\"https:\/\/pranarom.ca\/produit\/beard-oil\/\"]}]},{\"@type\":\"ImageObject\",\"inLanguage\":\"fr-FR\",\"@id\":\"https:\/\/pranarom.ca\/produit\/beard-oil\/#primaryimage\",\"url\":\"https:\/\/pranarom.ca\/wp-content\/uploads\/2022\/08\/P-SC01_Beard_Barbe.png\",\"contentUrl\":\"https:\/\/pranarom.ca\/wp-content\/uploads\/2022\/08\/P-SC01_Beard_Barbe.png\",\"width\":1500,\"height\":1500},{\"@type\":\"BreadcrumbList\",\"@id\":\"https:\/\/pranarom.ca\/produit\/beard-oil\/#breadcrumb\",\"itemListElement\":[{\"@type\":\"ListItem\",\"position\":1,\"name\":\"Home\",\"item\":\"https:\/\/pranarom.ca\/fr\/\"},{\"@type\":\"ListItem\",\"position\":2,\"name\":\"Shop\",\"item\":\"https:\/\/pranarom.ca\/shop\/\"},{\"@type\":\"ListItem\",\"position\":3,\"name\":\"Huile \u00e0 barbe\"}]},{\"@type\":\"WebSite\",\"@id\":\"https:\/\/pranarom.ca\/#website\",\"url\":\"https:\/\/pranarom.ca\/\",\"name\":\"Pranarom Canada\",\"description\":\"Scientific Aromatherapyy\",\"publisher\":{\"@id\":\"https:\/\/pranarom.ca\/#organization\"},\"potentialAction\":[{\"@type\":\"SearchAction\",\"target\":{\"@type\":\"EntryPoint\",\"urlTemplate\":\"https:\/\/pranarom.ca\/?s={search_term_string}\"},\"query-input\":\"required name=search_term_string\"}],\"inLanguage\":\"fr-FR\"},{\"@type\":\"Organization\",\"@id\":\"https:\/\/pranarom.ca\/#organization\",\"name\":\"Pranarom\",\"url\":\"https:\/\/pranarom.ca\/\",\"logo\":{\"@type\":\"ImageObject\",\"inLanguage\":\"fr-FR\",\"@id\":\"https:\/\/pranarom.ca\/#\/schema\/logo\/image\/\",\"url\":\"https:\/\/pranarom.ca\/wp-content\/uploads\/2019\/03\/pranalogo.png\",\"contentUrl\":\"https:\/\/pranarom.ca\/wp-content\/uploads\/2019\/03\/pranalogo.png\",\"width\":330,\"height\":100,\"caption\":\"Pranarom\"},\"image\":{\"@id\":\"https:\/\/pranarom.ca\/#\/schema\/logo\/image\/\"},\"sameAs\":[\"https:\/\/www.facebook.com\/PranaromCanada\",\"http:\/\/instagram.com\/pranaromcanada\/\",\"https:\/\/www.instagram.com\/pranaromcanada\/\"]}]}<\/script>\n<!-- \/ Yoast SEO plugin. -->","yoast_head_json":{"title":"Huile \u00e0 barbe - Pranarom","robots":{"index":"index","follow":"follow","max-snippet":"max-snippet:-1","max-image-preview":"max-image-preview:large","max-video-preview":"max-video-preview:-1"},"canonical":"https:\/\/pranarom.ca\/produit\/beard-oil\/","og_locale":"fr_FR","og_type":"article","og_title":"Huile \u00e0 barbe - Pranarom","og_description":"Soin et conditionnement | Soins capillaires  30 ml | Biologique","og_url":"https:\/\/pranarom.ca\/produit\/beard-oil\/","og_site_name":"Pranarom","article_publisher":"https:\/\/www.facebook.com\/PranaromCanada","article_modified_time":"2022-08-31T20:35:10+00:00","og_image":[{"width":1500,"height":1500,"url":"https:\/\/pranarom.ca\/wp-content\/uploads\/2022\/08\/P-SC01_Beard_Barbe.png","type":"image\/png"}],"twitter_card":"summary_large_image","twitter_misc":{"Dur\u00e9e de lecture estim\u00e9e":"2 minutes"},"schema":{"@context":"https:\/\/schema.org","@graph":[{"@type":"WebPage","@id":"https:\/\/pranarom.ca\/produit\/beard-oil\/","url":"https:\/\/pranarom.ca\/produit\/beard-oil\/","name":"Huile \u00e0 barbe - Pranarom","isPartOf":{"@id":"https:\/\/pranarom.ca\/#website"},"primaryImageOfPage":{"@id":"https:\/\/pranarom.ca\/produit\/beard-oil\/#primaryimage"},"image":{"@id":"https:\/\/pranarom.ca\/produit\/beard-oil\/#primaryimage"},"thumbnailUrl":"https:\/\/pranarom.ca\/wp-content\/uploads\/2022\/08\/P-SC01_Beard_Barbe.png","datePublished":"2022-08-31T20:33:35+00:00","dateModified":"2022-08-31T20:35:10+00:00","breadcrumb":{"@id":"https:\/\/pranarom.ca\/produit\/beard-oil\/#breadcrumb"},"inLanguage":"fr-FR","potentialAction":[{"@type":"ReadAction","target":["https:\/\/pranarom.ca\/produit\/beard-oil\/"]}]},{"@type":"ImageObject","inLanguage":"fr-FR","@id":"https:\/\/pranarom.ca\/produit\/beard-oil\/#primaryimage","url":"https:\/\/pranarom.ca\/wp-content\/uploads\/2022\/08\/P-SC01_Beard_Barbe.png","contentUrl":"https:\/\/pranarom.ca\/wp-content\/uploads\/2022\/08\/P-SC01_Beard_Barbe.png","width":1500,"height":1500},{"@type":"BreadcrumbList","@id":"https:\/\/pranarom.ca\/produit\/beard-oil\/#breadcrumb","itemListElement":[{"@type":"ListItem","position":1,"name":"Home","item":"https:\/\/pranarom.ca\/fr\/"},{"@type":"ListItem","position":2,"name":"Shop","item":"https:\/\/pranarom.ca\/shop\/"},{"@type":"ListItem","position":3,"name":"Huile \u00e0 barbe"}]},{"@type":"WebSite","@id":"https:\/\/pranarom.ca\/#website","url":"https:\/\/pranarom.ca\/","name":"Pranarom Canada","description":"Scientific Aromatherapyy","publisher":{"@id":"https:\/\/pranarom.ca\/#organization"},"potentialAction":[{"@type":"SearchAction","target":{"@type":"EntryPoint","urlTemplate":"https:\/\/pranarom.ca\/?s={search_term_string}"},"query-input":"required name=search_term_string"}],"inLanguage":"fr-FR"},{"@type":"Organization","@id":"https:\/\/pranarom.ca\/#organization","name":"Pranarom","url":"https:\/\/pranarom.ca\/","logo":{"@type":"ImageObject","inLanguage":"fr-FR","@id":"https:\/\/pranarom.ca\/#\/schema\/logo\/image\/","url":"https:\/\/pranarom.ca\/wp-content\/uploads\/2019\/03\/pranalogo.png","contentUrl":"https:\/\/pranarom.ca\/wp-content\/uploads\/2019\/03\/pranalogo.png","width":330,"height":100,"caption":"Pranarom"},"image":{"@id":"https:\/\/pranarom.ca\/#\/schema\/logo\/image\/"},"sameAs":["https:\/\/www.facebook.com\/PranaromCanada","http:\/\/instagram.com\/pranaromcanada\/","https:\/\/www.instagram.com\/pranaromcanada\/"]}]}},"jetpack_sharing_enabled":true,"_links":{"self":[{"href":"https:\/\/pranarom.ca\/fr\/wp-json\/wp\/v2\/product\/59933"}],"collection":[{"href":"https:\/\/pranarom.ca\/fr\/wp-json\/wp\/v2\/product"}],"about":[{"href":"https:\/\/pranarom.ca\/fr\/wp-json\/wp\/v2\/types\/product"}],"replies":[{"embeddable":true,"href":"https:\/\/pranarom.ca\/fr\/wp-json\/wp\/v2\/comments?post=59933"}],"wp:featuredmedia":[{"embeddable":true,"href":"https:\/\/pranarom.ca\/fr\/wp-json\/wp\/v2\/media\/59926"}],"wp:attachment":[{"href":"https:\/\/pranarom.ca\/fr\/wp-json\/wp\/v2\/media?parent=59933"}],"wp:term":[{"taxonomy":"product_cat","embeddable":true,"href":"https:\/\/pranarom.ca\/fr\/wp-json\/wp\/v2\/product_cat?post=59933"},{"taxonomy":"product_tag","embeddable":true,"href":"https:\/\/pranarom.ca\/fr\/wp-json\/wp\/v2\/product_tag?post=59933"}],"curies":[{"name":"wp","href":"https:\/\/api.w.org\/{rel}","templated":true}]}}