{"id":59598,"date":"2022-02-14T17:07:42","date_gmt":"2022-02-14T17:07:42","guid":{"rendered":"https:\/\/pranarom.ca\/product\/synergie-essentielle\/"},"modified":"2022-04-02T00:00:05","modified_gmt":"2022-04-02T00:00:05","slug":"synergie-essentielle","status":"publish","type":"product","link":"https:\/\/pranarom.ca\/fr\/produit\/synergie-essentielle\/","title":{"rendered":"Synergie Essentielle"},"content":{"rendered":"<h2>Et si Pranarom \u00e9tait une synergie ?<\/h2>\n<p><strong>PRANA<\/strong> c\u2019est le souffle de vie, le souffl\u00e9 vital. LE RESPIR, L\u2019INSPIR, L\u2019EXPIR est la vie, l\u2019\u00e9nergie vitale qui autorise le commencement de toute d\u00e9cision et action. Le souffl\u00e9 est ESSENTIEL\u2026<\/p>\n<p>Afin de f\u00eater les <strong>30 ans d\u2019existence<\/strong> de Pranar?m, Dominique Baudoux, notre fondateur, avec le soutien de l\u2019\u00e9quipe R&amp;D, s\u2019est pos\u00e9 la question suivante\u00a0: \u201cEt si Pranar?m \u00e9tait une synergie ?\u201d<\/p>\n<p>La <strong>Synergie Essentielle <\/strong>renferme plusieurs des huiles embl\u00e9matiques de Pranar?m. Cette synergie traduit \u00e9galement l\u2019un des th\u00e8mes majeurs transcend\u00e9 par Pranar?m : La triple dimension des huiles essentielles\u00a0: \u00e0 la fois mati\u00e8re, \u00e9nergie et message olfacto sensoriel.<\/p>\n<p>La <strong>mati\u00e8re <\/strong>d\u2019abord. Belle, fine, douce, plaisante.<\/p>\n<p><strong>L\u2019\u00e9nergie<\/strong> ensuite, invisible mais sensible. Les huiles essentielles de ce m\u00e9lange infusent, renforcent l\u2019\u00e9quilibre physique, psychique et \u00e9motionnel du corps, et procurent simplement, le bien \u00eatre.<\/p>\n<p><strong>L\u2019olfaction<\/strong>, enfin, trait d\u2019union entre la mati\u00e8re et l\u2019\u00e9nergie, traduction physiologique des \u00e9motions suscit\u00e9es par les odeurs, tellement li\u00e9es \u00e0 la personne, \u00e0 son histoire.<\/p>\n<p><strong>Synergie Essentielle <\/strong>est une synergie unique et<strong> multi-usages <\/strong>de 25 huiles essentielles biologiques, r\u00e9unies gr\u00e2ce \u00e0 <strong>30 ans d&#8217;expertise en aromath\u00e9rapie. <\/strong>La Synergie Essentielle calme, apaise et \u00e9quilibre la peau et l\u2019esprit. Loin de se limiter \u00e0 leurs actions individuelles, les huiles essentielles de cette pr\u00e9cieuse synergie se potentialisent pour apporter \u00e0 la fois <strong>\u00e9quilibre<\/strong> et <strong>s\u00e9r\u00e9nit\u00e9. <\/strong>De plus elles peuvent jouer un r\u00f4le dans le r\u00e9\u00e9quilibrage de tous les chakras du corps.<\/p>\n<p>25 extraits aromatiques nobles et puissants sont ici rassembl\u00e9s, un produit d\u00e9licat, \u00e9quilibr\u00e9, au parfum unique :<\/p>\n<p><strong>SENSUEL <\/strong>pour ceux qui percevront les notes chaudes d\u2019Ylang ylang, de Vanille et d\u2019Encens.<\/p>\n<p><strong>\u00c9NERGISANT <\/strong>pour d\u2019autres qui puiseront la vitalit\u00e9 de la Menthe poivr\u00e9e, du Pin ou du Ravintsara.<\/p>\n<p><strong>PROFOND <\/strong>pour ceux qui puiseront l\u2019\u00e9nergie psychique de l\u2019Encens, du Ciste ou du C\u00e8dre de l\u2019Atlas.<\/p>\n<hr \/>\n<h2>Ingr\u00e9dients (INCI) :<\/h2>\n<p>Citrus aurantium dulcis (orange) peel oil*, Lavandula hybrida oil*, Cinnamomum camphora (camphor) leaf oil*, Citrus reticulata (tangerine) peel oil*, Pinus pinaster seed oil*, Cedrus atlantica wood oil*, Citrus limon (lemon) peel oil*, Rosewood oil*, Cananga odorata flower oil*, Zingiber officinale (ginger) root oil*, Lavandula angustifolia (lavender) flower oil*, Pelargonium graveolens oil*, Salvia sclarea oil*, Coriandrum sativum (coriander) seed oil*, Copaifera officinalis (balsam copaiba) resin*, Cinnamomum zeylanicum bark oil*, Boswelia carteri oil*, Santalum austrocaledonicum wood oil*, Mentha piperita (peppermint) oil*, Eucalyptus citriodora oil*, Vanilla planifolia fruit extract*, Anthemis nobilis flower oil*, Cistus ladaniferus oil*, Tanacetum annuum flower\/leaf\/stem oil*, Crithmum maritimum extract*.<\/p>\n<p>*Ingr\u00e9dients issus de l&#8217;agriculture biologique (Contr\u00f4le Certisys BE-BIO-01)<\/p>\n<hr \/>\n<h2>Mode d\u2019emploi :<\/h2>\n<p>Utilisez la <strong>Synergie Essentielle<\/strong> sur votre corps, vos cheveux ou par olfaction. M\u00e9langez 1 goutte de Synergie Essentielle avec 10 gouttes d&#8217;huile v\u00e9g\u00e9tale biologique Pranar?m de votre choix ou ajoutez \u00e0 une noisette de cr\u00e8me ou de gel nettoyant neutre. Avant de l&#8217;appliquer sur la peau, r\u00e9chauffez le m\u00e9lange entre vos mains, puis joignez-les pour couvrir le nez et prenez une longue et profonde respiration, afin de profiter de ses bienfaits sur l&#8217;esprit et d&#8217;am\u00e9liorer les capacit\u00e9s de gu\u00e9rison du corps.<\/p>\n<p><strong>Huile de soin \u2013 corps :\u00a0<\/strong>Ajoutez 15-30 gouttes dans 50 ml d&#8217;huile v\u00e9g\u00e9tale (Noyau d&#8217;abricot, Amande douce, Cam\u00e9lia&#8230;).<\/p>\n<p><strong>Huile de soin \u2013 visage :\u00a0<\/strong>Ajouter 10 \u00e0 30 gouttes dans 30 ml d\u2019huile v\u00e9g\u00e9tale (Rose musqu\u00e9e, Chanvre, Grenade, Argan\u2026).<\/p>\n<p><strong>Gel lavant ou shampooing neutre :\u00a0<\/strong>Ajouter 60 gouttes dans 200 ml de gel lavant neutre.<\/p>\n<p><strong>Diffusion :\u00a0<\/strong>Ajoutez 5 \u00e0 10 gouttes \u00e0 votre n\u00e9buliseur ultrasonique ou 10 \u00e0 15 gouttes \u00e0 votre diffuseur \u00e0 sec.<\/p>\n<p><strong>Roller olfactif :\u00a0<\/strong>Ajouter 10-18 gouttes dans\u00a010 ml d&#8217;une huile v\u00e9g\u00e9tale\u00a0de votre choix.<\/p>\n<p><strong>Spray d\u2019ambiance :\u00a0<\/strong>8% du volume \u00e0 compl\u00e9ter\u00a0avec de l&#8217;alcool.<\/p>\n<hr \/>\n<h2>Mises en garde :<\/h2>\n<p>Garder hors de la port\u00e9e des enfants.<br \/>\nUsage externe seulement.<br \/>\n<strong>Ne pas prendre<\/strong> par voie orale.<br \/>\n<strong>Ne pas utiliser<\/strong> d&#8217;huiles essentielles non dilu\u00e9es.<br \/>\nEn cas d\u2019ingestion accidentelle, demander des soins m\u00e9dicaux d\u2019urgence ou appeler un Centre Antipoison.<br \/>\nSi vous souffrez d\u2019\u00e9pilepsie ou d\u2019asthme, consulter un praticien de soins de sant\u00e9 avant l&#8217;utilisation.<br \/>\n<strong>\u00c9viter<\/strong> le contact avec les yeux et les muqueuses ; en cas de contact, rincer abondamment avec de l&#8217;eau ou de l&#8217;huile v\u00e9g\u00e9tale.<br \/>\n<strong>Ne pas s&#8217;exposer au soleil<\/strong> apr\u00e8s utilisation.<br \/>\n<strong>Ne pas utiliser<\/strong> pendant la grossesse ou l&#8217;allaitement et chez l&#8217;enfant de moins de 12 ans.<br \/>\nSi vous avez des naus\u00e9es, des \u00e9tourdissements, des maux de t\u00eate, une r\u00e9action allergique, cesser l&#8217;utilisation.<\/p>\n","protected":false},"excerpt":{"rendered":"<h2><strong>Et si Pranarom \u00e9tait une synergie ?<\/strong><\/h2>\n<p>Cette synergie contient des huiles essentielles ch\u00e9motyp\u00e9es 100% pures et naturelles<\/p>\n<p>S\u00e9r\u00e9nit\u00e9 &#8211; \u00c9quilibre<\/p>\n<p>30 ml | Biologique | Vegan<\/p>\n<p>&nbsp;<\/p>\n","protected":false},"featured_media":59594,"comment_status":"open","ping_status":"closed","template":"","meta":{"_et_pb_use_builder":"","_et_pb_old_content":"","_et_gb_content_width":""},"product_cat":[377,633,631,326,333],"product_tag":[],"acf":[],"yoast_head":"<!-- This site is optimized with the Yoast SEO plugin v22.6 - https:\/\/yoast.com\/wordpress\/plugins\/seo\/ -->\n<title>Synergie Essentielle - Pranarom<\/title>\n<meta name=\"robots\" content=\"index, follow, max-snippet:-1, max-image-preview:large, max-video-preview:-1\" \/>\n<link rel=\"canonical\" href=\"https:\/\/pranarom.ca\/produit\/essential-synergy\/\" \/>\n<meta property=\"og:locale\" content=\"fr_FR\" \/>\n<meta property=\"og:type\" content=\"article\" \/>\n<meta property=\"og:title\" content=\"Synergie Essentielle - Pranarom\" \/>\n<meta property=\"og:description\" content=\"Et si Pranarom \u00e9tait une synergie ? Cette synergie contient des huiles essentielles ch\u00e9motyp\u00e9es 100% pures et naturelles  S\u00e9r\u00e9nit\u00e9 - \u00c9quilibre  30 ml | Biologique | Vegan  &nbsp;\" \/>\n<meta property=\"og:url\" content=\"https:\/\/pranarom.ca\/produit\/essential-synergy\/\" \/>\n<meta property=\"og:site_name\" content=\"Pranarom\" \/>\n<meta property=\"article:publisher\" content=\"https:\/\/www.facebook.com\/PranaromCanada\" \/>\n<meta property=\"article:modified_time\" content=\"2022-04-02T00:00:05+00:00\" \/>\n<meta property=\"og:image\" content=\"https:\/\/pranarom.ca\/wp-content\/uploads\/2022\/02\/Synergie-essentielle-FR.png\" \/>\n\t<meta property=\"og:image:width\" content=\"1500\" \/>\n\t<meta property=\"og:image:height\" content=\"1500\" \/>\n\t<meta property=\"og:image:type\" content=\"image\/png\" \/>\n<meta name=\"twitter:card\" content=\"summary_large_image\" \/>\n<meta name=\"twitter:label1\" content=\"Dur\u00e9e de lecture estim\u00e9e\" \/>\n\t<meta name=\"twitter:data1\" content=\"4 minutes\" \/>\n<script type=\"application\/ld+json\" class=\"yoast-schema-graph\">{\"@context\":\"https:\/\/schema.org\",\"@graph\":[{\"@type\":\"WebPage\",\"@id\":\"https:\/\/pranarom.ca\/produit\/essential-synergy\/\",\"url\":\"https:\/\/pranarom.ca\/produit\/essential-synergy\/\",\"name\":\"Synergie Essentielle - Pranarom\",\"isPartOf\":{\"@id\":\"https:\/\/pranarom.ca\/#website\"},\"primaryImageOfPage\":{\"@id\":\"https:\/\/pranarom.ca\/produit\/essential-synergy\/#primaryimage\"},\"image\":{\"@id\":\"https:\/\/pranarom.ca\/produit\/essential-synergy\/#primaryimage\"},\"thumbnailUrl\":\"https:\/\/pranarom.ca\/wp-content\/uploads\/2022\/02\/Synergie-essentielle-FR.png\",\"datePublished\":\"2022-02-14T17:07:42+00:00\",\"dateModified\":\"2022-04-02T00:00:05+00:00\",\"breadcrumb\":{\"@id\":\"https:\/\/pranarom.ca\/produit\/essential-synergy\/#breadcrumb\"},\"inLanguage\":\"fr-FR\",\"potentialAction\":[{\"@type\":\"ReadAction\",\"target\":[\"https:\/\/pranarom.ca\/produit\/essential-synergy\/\"]}]},{\"@type\":\"ImageObject\",\"inLanguage\":\"fr-FR\",\"@id\":\"https:\/\/pranarom.ca\/produit\/essential-synergy\/#primaryimage\",\"url\":\"https:\/\/pranarom.ca\/wp-content\/uploads\/2022\/02\/Synergie-essentielle-FR.png\",\"contentUrl\":\"https:\/\/pranarom.ca\/wp-content\/uploads\/2022\/02\/Synergie-essentielle-FR.png\",\"width\":1500,\"height\":1500},{\"@type\":\"BreadcrumbList\",\"@id\":\"https:\/\/pranarom.ca\/produit\/essential-synergy\/#breadcrumb\",\"itemListElement\":[{\"@type\":\"ListItem\",\"position\":1,\"name\":\"Home\",\"item\":\"https:\/\/pranarom.ca\/fr\/\"},{\"@type\":\"ListItem\",\"position\":2,\"name\":\"Shop\",\"item\":\"https:\/\/pranarom.ca\/shop\/\"},{\"@type\":\"ListItem\",\"position\":3,\"name\":\"Synergie Essentielle\"}]},{\"@type\":\"WebSite\",\"@id\":\"https:\/\/pranarom.ca\/#website\",\"url\":\"https:\/\/pranarom.ca\/\",\"name\":\"Pranarom Canada\",\"description\":\"Scientific Aromatherapyy\",\"publisher\":{\"@id\":\"https:\/\/pranarom.ca\/#organization\"},\"potentialAction\":[{\"@type\":\"SearchAction\",\"target\":{\"@type\":\"EntryPoint\",\"urlTemplate\":\"https:\/\/pranarom.ca\/?s={search_term_string}\"},\"query-input\":\"required name=search_term_string\"}],\"inLanguage\":\"fr-FR\"},{\"@type\":\"Organization\",\"@id\":\"https:\/\/pranarom.ca\/#organization\",\"name\":\"Pranarom\",\"url\":\"https:\/\/pranarom.ca\/\",\"logo\":{\"@type\":\"ImageObject\",\"inLanguage\":\"fr-FR\",\"@id\":\"https:\/\/pranarom.ca\/#\/schema\/logo\/image\/\",\"url\":\"https:\/\/pranarom.ca\/wp-content\/uploads\/2019\/03\/pranalogo.png\",\"contentUrl\":\"https:\/\/pranarom.ca\/wp-content\/uploads\/2019\/03\/pranalogo.png\",\"width\":330,\"height\":100,\"caption\":\"Pranarom\"},\"image\":{\"@id\":\"https:\/\/pranarom.ca\/#\/schema\/logo\/image\/\"},\"sameAs\":[\"https:\/\/www.facebook.com\/PranaromCanada\",\"http:\/\/instagram.com\/pranaromcanada\/\",\"https:\/\/www.instagram.com\/pranaromcanada\/\"]}]}<\/script>\n<!-- \/ Yoast SEO plugin. -->","yoast_head_json":{"title":"Synergie Essentielle - Pranarom","robots":{"index":"index","follow":"follow","max-snippet":"max-snippet:-1","max-image-preview":"max-image-preview:large","max-video-preview":"max-video-preview:-1"},"canonical":"https:\/\/pranarom.ca\/produit\/essential-synergy\/","og_locale":"fr_FR","og_type":"article","og_title":"Synergie Essentielle - Pranarom","og_description":"Et si Pranarom \u00e9tait une synergie ? Cette synergie contient des huiles essentielles ch\u00e9motyp\u00e9es 100% pures et naturelles  S\u00e9r\u00e9nit\u00e9 - \u00c9quilibre  30 ml | Biologique | Vegan  &nbsp;","og_url":"https:\/\/pranarom.ca\/produit\/essential-synergy\/","og_site_name":"Pranarom","article_publisher":"https:\/\/www.facebook.com\/PranaromCanada","article_modified_time":"2022-04-02T00:00:05+00:00","og_image":[{"width":1500,"height":1500,"url":"https:\/\/pranarom.ca\/wp-content\/uploads\/2022\/02\/Synergie-essentielle-FR.png","type":"image\/png"}],"twitter_card":"summary_large_image","twitter_misc":{"Dur\u00e9e de lecture estim\u00e9e":"4 minutes"},"schema":{"@context":"https:\/\/schema.org","@graph":[{"@type":"WebPage","@id":"https:\/\/pranarom.ca\/produit\/essential-synergy\/","url":"https:\/\/pranarom.ca\/produit\/essential-synergy\/","name":"Synergie Essentielle - Pranarom","isPartOf":{"@id":"https:\/\/pranarom.ca\/#website"},"primaryImageOfPage":{"@id":"https:\/\/pranarom.ca\/produit\/essential-synergy\/#primaryimage"},"image":{"@id":"https:\/\/pranarom.ca\/produit\/essential-synergy\/#primaryimage"},"thumbnailUrl":"https:\/\/pranarom.ca\/wp-content\/uploads\/2022\/02\/Synergie-essentielle-FR.png","datePublished":"2022-02-14T17:07:42+00:00","dateModified":"2022-04-02T00:00:05+00:00","breadcrumb":{"@id":"https:\/\/pranarom.ca\/produit\/essential-synergy\/#breadcrumb"},"inLanguage":"fr-FR","potentialAction":[{"@type":"ReadAction","target":["https:\/\/pranarom.ca\/produit\/essential-synergy\/"]}]},{"@type":"ImageObject","inLanguage":"fr-FR","@id":"https:\/\/pranarom.ca\/produit\/essential-synergy\/#primaryimage","url":"https:\/\/pranarom.ca\/wp-content\/uploads\/2022\/02\/Synergie-essentielle-FR.png","contentUrl":"https:\/\/pranarom.ca\/wp-content\/uploads\/2022\/02\/Synergie-essentielle-FR.png","width":1500,"height":1500},{"@type":"BreadcrumbList","@id":"https:\/\/pranarom.ca\/produit\/essential-synergy\/#breadcrumb","itemListElement":[{"@type":"ListItem","position":1,"name":"Home","item":"https:\/\/pranarom.ca\/fr\/"},{"@type":"ListItem","position":2,"name":"Shop","item":"https:\/\/pranarom.ca\/shop\/"},{"@type":"ListItem","position":3,"name":"Synergie Essentielle"}]},{"@type":"WebSite","@id":"https:\/\/pranarom.ca\/#website","url":"https:\/\/pranarom.ca\/","name":"Pranarom Canada","description":"Scientific Aromatherapyy","publisher":{"@id":"https:\/\/pranarom.ca\/#organization"},"potentialAction":[{"@type":"SearchAction","target":{"@type":"EntryPoint","urlTemplate":"https:\/\/pranarom.ca\/?s={search_term_string}"},"query-input":"required name=search_term_string"}],"inLanguage":"fr-FR"},{"@type":"Organization","@id":"https:\/\/pranarom.ca\/#organization","name":"Pranarom","url":"https:\/\/pranarom.ca\/","logo":{"@type":"ImageObject","inLanguage":"fr-FR","@id":"https:\/\/pranarom.ca\/#\/schema\/logo\/image\/","url":"https:\/\/pranarom.ca\/wp-content\/uploads\/2019\/03\/pranalogo.png","contentUrl":"https:\/\/pranarom.ca\/wp-content\/uploads\/2019\/03\/pranalogo.png","width":330,"height":100,"caption":"Pranarom"},"image":{"@id":"https:\/\/pranarom.ca\/#\/schema\/logo\/image\/"},"sameAs":["https:\/\/www.facebook.com\/PranaromCanada","http:\/\/instagram.com\/pranaromcanada\/","https:\/\/www.instagram.com\/pranaromcanada\/"]}]}},"jetpack_sharing_enabled":true,"_links":{"self":[{"href":"https:\/\/pranarom.ca\/fr\/wp-json\/wp\/v2\/product\/59598"}],"collection":[{"href":"https:\/\/pranarom.ca\/fr\/wp-json\/wp\/v2\/product"}],"about":[{"href":"https:\/\/pranarom.ca\/fr\/wp-json\/wp\/v2\/types\/product"}],"replies":[{"embeddable":true,"href":"https:\/\/pranarom.ca\/fr\/wp-json\/wp\/v2\/comments?post=59598"}],"wp:featuredmedia":[{"embeddable":true,"href":"https:\/\/pranarom.ca\/fr\/wp-json\/wp\/v2\/media\/59594"}],"wp:attachment":[{"href":"https:\/\/pranarom.ca\/fr\/wp-json\/wp\/v2\/media?parent=59598"}],"wp:term":[{"taxonomy":"product_cat","embeddable":true,"href":"https:\/\/pranarom.ca\/fr\/wp-json\/wp\/v2\/product_cat?post=59598"},{"taxonomy":"product_tag","embeddable":true,"href":"https:\/\/pranarom.ca\/fr\/wp-json\/wp\/v2\/product_tag?post=59598"}],"curies":[{"name":"wp","href":"https:\/\/api.w.org\/{rel}","templated":true}]}}