{"id":59424,"date":"2021-12-07T13:34:12","date_gmt":"2021-12-07T13:34:12","guid":{"rendered":"https:\/\/pranarom.ca\/product\/spray-assainissant-ravintsara-tea-tree-eucalyptus\/"},"modified":"2022-03-28T15:50:47","modified_gmt":"2022-03-28T15:50:47","slug":"spray-assainissant-ravintsara-tea-tree-eucalyptus","status":"publish","type":"product","link":"https:\/\/pranarom.ca\/fr\/produit\/spray-assainissant-ravintsara-tea-tree-eucalyptus\/","title":{"rendered":"Spray Assainissant Ravintsara &#038; Tea Tree + Eucalyptus"},"content":{"rendered":"<p><strong>Aux huiles essentielles 100% pures, naturelles et ch\u00e9motyp\u00e9es :<\/strong><br \/>\nRavintsara, Lavandin, Bois de H\u00f4, Eucalyptus globuleux, C\u00e8dre de l\u2019Atlas, Pin maritime th\u00e9r\u00e9bentine, Romarin \u00e0 cin\u00e9ole, Tea tree et Menthe des champs.<\/p>\n<hr \/>\n<h2><strong>Ingr\u00e9dients :<\/strong><\/h2>\n<p>Alcohol d\u00e9nat.; Huiles essentielles\u00a0: Cinnamomum camphora ct cin\u00e9ole* (Ravintsara), Lavandula x intermedia clone grosso* (Lavandin), Cinnamomum camphora ct linolol* (Bois de H\u00f4), Eucalyptus globulus* (Eucalyptus globuleux), Cedrus atlantica* (C\u00e8dre de l\u2019Atlas), Pinus pinaster* (Pin maritime th\u00e9r\u00e9bentine), Rosmarinus officinalis ct cin\u00e9ole* (Romarin \u00e0 cin\u00e9ole), Melaleuca alternifolia* (Tea tree), Mentha arvensis* (Menthe des champs).<\/p>\n<p><em>* Ingr\u00e9dient issu de l\u2019agriculture biologique (Contr\u00f4le Certisys BE-BIO-01).<\/em><\/p>\n<hr \/>\n<h2>Mode d\u2019emploi :<\/h2>\n<p>Vaporiser pendant 5 secondes en circulant dans une pi\u00e8ce bien ventil\u00e9e, 2 \u00e0 3 fois par jour, pour assainir 20 m2 . Se laver les mains apr\u00e8s avoir manipul\u00e9 le produit.<\/p>\n<hr \/>\n<h2><strong>Pr\u00e9cautions d&#8217;emploi et avertissements :<\/strong><\/h2>\n<p>Utilisez uniquement selon le mode d\u2019emploi. B\u00e9b\u00e9s de moins de 1 an et femmes enceintes : vaporiser en leur absence, 30 minutes avant leur retour dans la pi\u00e8ce. Idem avant le coucher. Liquide et vapeurs tr\u00e8s infflammables. Peut provoquer une allergie cutan\u00e9e. Peut provoquer une s\u00e9v\u00e8re irritation des yeux. Utiliser et stocker dans un endroit bien ventil\u00e9. En cas d\u2019ingestion, ne pas faire vomir, consulter imm\u00e9diatement un centre antipoison en gardant l\u2019emballage \u00e0 proximit\u00e9. En cas d\u2019irritation cutan\u00e9e, consulter un m\u00e9decin. En cas de contact avec les yeux, rincer avec pr\u00e9caution \u00e0 l\u2019eau pendant plusieurs minutes et consulter un m\u00e9decin.<\/p>\n<p>Tout usage abusif d\u00e9lib\u00e9r\u00e9 consistant \u00e0 concentrer et \u00e0 inhaler le produit peut \u00eatre nocif ou mortel. Participez \u00e0 la lutte contre l\u2019inhalation de substances volatiles.<\/p>\n<p>Pour de plus amples renseignements, allez au www.inhalant.org.<\/p>\n<hr \/>\n<h2><strong>ATTENTION :<\/strong><\/h2>\n<p><strong>CE CONTENANT PEUT EXPLOSER S\u2019IL EST CHAUFF\u00c9.<\/strong>\u00a0Contenu sous pression. Ne pas mettre dans l\u2019eau chaude ni pr\u00e8s des radiateurs, po\u00eales ou autres sources de chaleur. Ne pas percer le contenant, ni le jeter au feu, ni le conserver \u00e0 des temp\u00e9ratures d\u00e9passant 50\u00b0C. Ne pas utiliser en pr\u00e9sence d\u2019une flamme nue ou d\u2019\u00e9tincelles.<\/p>\n<p>Garder hors de la port\u00e9e des enfants et des animaux familiers.<\/p>\n","protected":false},"excerpt":{"rendered":"<p><strong>Pour un air plus sain<\/strong><\/p>\n<p>150 ml | Biologique<\/p>\n","protected":false},"featured_media":59423,"comment_status":"open","ping_status":"closed","template":"","meta":{"_et_pb_use_builder":"","_et_pb_old_content":"","_et_gb_content_width":""},"product_cat":[377,622,326,328],"product_tag":[],"acf":[],"yoast_head":"<!-- This site is optimized with the Yoast SEO plugin v22.6 - https:\/\/yoast.com\/wordpress\/plugins\/seo\/ -->\n<title>Spray Assainissant Ravintsara &amp; Tea Tree + Eucalyptus - Pranarom<\/title>\n<meta name=\"robots\" content=\"index, follow, max-snippet:-1, max-image-preview:large, max-video-preview:-1\" \/>\n<link rel=\"canonical\" href=\"https:\/\/pranarom.ca\/produit\/fresh-air-spray-ravintsara-tea-tree-eucalyptus\/\" \/>\n<meta property=\"og:locale\" content=\"fr_FR\" \/>\n<meta property=\"og:type\" content=\"article\" \/>\n<meta property=\"og:title\" content=\"Spray Assainissant Ravintsara &amp; Tea Tree + Eucalyptus - Pranarom\" \/>\n<meta property=\"og:description\" content=\"Pour un air plus sain  150 ml | Biologique\" \/>\n<meta property=\"og:url\" content=\"https:\/\/pranarom.ca\/produit\/fresh-air-spray-ravintsara-tea-tree-eucalyptus\/\" \/>\n<meta property=\"og:site_name\" content=\"Pranarom\" \/>\n<meta property=\"article:publisher\" content=\"https:\/\/www.facebook.com\/PranaromCanada\" \/>\n<meta property=\"article:modified_time\" content=\"2022-03-28T15:50:47+00:00\" \/>\n<meta property=\"og:image\" content=\"https:\/\/pranarom.ca\/wp-content\/uploads\/2021\/12\/Pranarom-P-SRAV.png\" \/>\n\t<meta property=\"og:image:width\" content=\"1500\" \/>\n\t<meta property=\"og:image:height\" content=\"1500\" \/>\n\t<meta property=\"og:image:type\" content=\"image\/png\" \/>\n<meta name=\"twitter:card\" content=\"summary_large_image\" \/>\n<meta name=\"twitter:label1\" content=\"Dur\u00e9e de lecture estim\u00e9e\" \/>\n\t<meta name=\"twitter:data1\" content=\"2 minutes\" \/>\n<script type=\"application\/ld+json\" class=\"yoast-schema-graph\">{\"@context\":\"https:\/\/schema.org\",\"@graph\":[{\"@type\":\"WebPage\",\"@id\":\"https:\/\/pranarom.ca\/produit\/fresh-air-spray-ravintsara-tea-tree-eucalyptus\/\",\"url\":\"https:\/\/pranarom.ca\/produit\/fresh-air-spray-ravintsara-tea-tree-eucalyptus\/\",\"name\":\"Spray Assainissant Ravintsara & Tea Tree + Eucalyptus - Pranarom\",\"isPartOf\":{\"@id\":\"https:\/\/pranarom.ca\/#website\"},\"primaryImageOfPage\":{\"@id\":\"https:\/\/pranarom.ca\/produit\/fresh-air-spray-ravintsara-tea-tree-eucalyptus\/#primaryimage\"},\"image\":{\"@id\":\"https:\/\/pranarom.ca\/produit\/fresh-air-spray-ravintsara-tea-tree-eucalyptus\/#primaryimage\"},\"thumbnailUrl\":\"https:\/\/pranarom.ca\/wp-content\/uploads\/2021\/12\/Pranarom-P-SRAV.png\",\"datePublished\":\"2021-12-07T13:34:12+00:00\",\"dateModified\":\"2022-03-28T15:50:47+00:00\",\"breadcrumb\":{\"@id\":\"https:\/\/pranarom.ca\/produit\/fresh-air-spray-ravintsara-tea-tree-eucalyptus\/#breadcrumb\"},\"inLanguage\":\"fr-FR\",\"potentialAction\":[{\"@type\":\"ReadAction\",\"target\":[\"https:\/\/pranarom.ca\/produit\/fresh-air-spray-ravintsara-tea-tree-eucalyptus\/\"]}]},{\"@type\":\"ImageObject\",\"inLanguage\":\"fr-FR\",\"@id\":\"https:\/\/pranarom.ca\/produit\/fresh-air-spray-ravintsara-tea-tree-eucalyptus\/#primaryimage\",\"url\":\"https:\/\/pranarom.ca\/wp-content\/uploads\/2021\/12\/Pranarom-P-SRAV.png\",\"contentUrl\":\"https:\/\/pranarom.ca\/wp-content\/uploads\/2021\/12\/Pranarom-P-SRAV.png\",\"width\":1500,\"height\":1500},{\"@type\":\"BreadcrumbList\",\"@id\":\"https:\/\/pranarom.ca\/produit\/fresh-air-spray-ravintsara-tea-tree-eucalyptus\/#breadcrumb\",\"itemListElement\":[{\"@type\":\"ListItem\",\"position\":1,\"name\":\"Home\",\"item\":\"https:\/\/pranarom.ca\/fr\/\"},{\"@type\":\"ListItem\",\"position\":2,\"name\":\"Shop\",\"item\":\"https:\/\/pranarom.ca\/shop\/\"},{\"@type\":\"ListItem\",\"position\":3,\"name\":\"Spray Assainissant Ravintsara &#038; Tea Tree + Eucalyptus\"}]},{\"@type\":\"WebSite\",\"@id\":\"https:\/\/pranarom.ca\/#website\",\"url\":\"https:\/\/pranarom.ca\/\",\"name\":\"Pranarom Canada\",\"description\":\"Scientific Aromatherapyy\",\"publisher\":{\"@id\":\"https:\/\/pranarom.ca\/#organization\"},\"potentialAction\":[{\"@type\":\"SearchAction\",\"target\":{\"@type\":\"EntryPoint\",\"urlTemplate\":\"https:\/\/pranarom.ca\/?s={search_term_string}\"},\"query-input\":\"required name=search_term_string\"}],\"inLanguage\":\"fr-FR\"},{\"@type\":\"Organization\",\"@id\":\"https:\/\/pranarom.ca\/#organization\",\"name\":\"Pranarom\",\"url\":\"https:\/\/pranarom.ca\/\",\"logo\":{\"@type\":\"ImageObject\",\"inLanguage\":\"fr-FR\",\"@id\":\"https:\/\/pranarom.ca\/#\/schema\/logo\/image\/\",\"url\":\"https:\/\/pranarom.ca\/wp-content\/uploads\/2019\/03\/pranalogo.png\",\"contentUrl\":\"https:\/\/pranarom.ca\/wp-content\/uploads\/2019\/03\/pranalogo.png\",\"width\":330,\"height\":100,\"caption\":\"Pranarom\"},\"image\":{\"@id\":\"https:\/\/pranarom.ca\/#\/schema\/logo\/image\/\"},\"sameAs\":[\"https:\/\/www.facebook.com\/PranaromCanada\",\"http:\/\/instagram.com\/pranaromcanada\/\",\"https:\/\/www.instagram.com\/pranaromcanada\/\"]}]}<\/script>\n<!-- \/ Yoast SEO plugin. -->","yoast_head_json":{"title":"Spray Assainissant Ravintsara & Tea Tree + Eucalyptus - Pranarom","robots":{"index":"index","follow":"follow","max-snippet":"max-snippet:-1","max-image-preview":"max-image-preview:large","max-video-preview":"max-video-preview:-1"},"canonical":"https:\/\/pranarom.ca\/produit\/fresh-air-spray-ravintsara-tea-tree-eucalyptus\/","og_locale":"fr_FR","og_type":"article","og_title":"Spray Assainissant Ravintsara & Tea Tree + Eucalyptus - Pranarom","og_description":"Pour un air plus sain  150 ml | Biologique","og_url":"https:\/\/pranarom.ca\/produit\/fresh-air-spray-ravintsara-tea-tree-eucalyptus\/","og_site_name":"Pranarom","article_publisher":"https:\/\/www.facebook.com\/PranaromCanada","article_modified_time":"2022-03-28T15:50:47+00:00","og_image":[{"width":1500,"height":1500,"url":"https:\/\/pranarom.ca\/wp-content\/uploads\/2021\/12\/Pranarom-P-SRAV.png","type":"image\/png"}],"twitter_card":"summary_large_image","twitter_misc":{"Dur\u00e9e de lecture estim\u00e9e":"2 minutes"},"schema":{"@context":"https:\/\/schema.org","@graph":[{"@type":"WebPage","@id":"https:\/\/pranarom.ca\/produit\/fresh-air-spray-ravintsara-tea-tree-eucalyptus\/","url":"https:\/\/pranarom.ca\/produit\/fresh-air-spray-ravintsara-tea-tree-eucalyptus\/","name":"Spray Assainissant Ravintsara & Tea Tree + Eucalyptus - Pranarom","isPartOf":{"@id":"https:\/\/pranarom.ca\/#website"},"primaryImageOfPage":{"@id":"https:\/\/pranarom.ca\/produit\/fresh-air-spray-ravintsara-tea-tree-eucalyptus\/#primaryimage"},"image":{"@id":"https:\/\/pranarom.ca\/produit\/fresh-air-spray-ravintsara-tea-tree-eucalyptus\/#primaryimage"},"thumbnailUrl":"https:\/\/pranarom.ca\/wp-content\/uploads\/2021\/12\/Pranarom-P-SRAV.png","datePublished":"2021-12-07T13:34:12+00:00","dateModified":"2022-03-28T15:50:47+00:00","breadcrumb":{"@id":"https:\/\/pranarom.ca\/produit\/fresh-air-spray-ravintsara-tea-tree-eucalyptus\/#breadcrumb"},"inLanguage":"fr-FR","potentialAction":[{"@type":"ReadAction","target":["https:\/\/pranarom.ca\/produit\/fresh-air-spray-ravintsara-tea-tree-eucalyptus\/"]}]},{"@type":"ImageObject","inLanguage":"fr-FR","@id":"https:\/\/pranarom.ca\/produit\/fresh-air-spray-ravintsara-tea-tree-eucalyptus\/#primaryimage","url":"https:\/\/pranarom.ca\/wp-content\/uploads\/2021\/12\/Pranarom-P-SRAV.png","contentUrl":"https:\/\/pranarom.ca\/wp-content\/uploads\/2021\/12\/Pranarom-P-SRAV.png","width":1500,"height":1500},{"@type":"BreadcrumbList","@id":"https:\/\/pranarom.ca\/produit\/fresh-air-spray-ravintsara-tea-tree-eucalyptus\/#breadcrumb","itemListElement":[{"@type":"ListItem","position":1,"name":"Home","item":"https:\/\/pranarom.ca\/fr\/"},{"@type":"ListItem","position":2,"name":"Shop","item":"https:\/\/pranarom.ca\/shop\/"},{"@type":"ListItem","position":3,"name":"Spray Assainissant Ravintsara &#038; Tea Tree + Eucalyptus"}]},{"@type":"WebSite","@id":"https:\/\/pranarom.ca\/#website","url":"https:\/\/pranarom.ca\/","name":"Pranarom Canada","description":"Scientific Aromatherapyy","publisher":{"@id":"https:\/\/pranarom.ca\/#organization"},"potentialAction":[{"@type":"SearchAction","target":{"@type":"EntryPoint","urlTemplate":"https:\/\/pranarom.ca\/?s={search_term_string}"},"query-input":"required name=search_term_string"}],"inLanguage":"fr-FR"},{"@type":"Organization","@id":"https:\/\/pranarom.ca\/#organization","name":"Pranarom","url":"https:\/\/pranarom.ca\/","logo":{"@type":"ImageObject","inLanguage":"fr-FR","@id":"https:\/\/pranarom.ca\/#\/schema\/logo\/image\/","url":"https:\/\/pranarom.ca\/wp-content\/uploads\/2019\/03\/pranalogo.png","contentUrl":"https:\/\/pranarom.ca\/wp-content\/uploads\/2019\/03\/pranalogo.png","width":330,"height":100,"caption":"Pranarom"},"image":{"@id":"https:\/\/pranarom.ca\/#\/schema\/logo\/image\/"},"sameAs":["https:\/\/www.facebook.com\/PranaromCanada","http:\/\/instagram.com\/pranaromcanada\/","https:\/\/www.instagram.com\/pranaromcanada\/"]}]}},"jetpack_sharing_enabled":true,"_links":{"self":[{"href":"https:\/\/pranarom.ca\/fr\/wp-json\/wp\/v2\/product\/59424"}],"collection":[{"href":"https:\/\/pranarom.ca\/fr\/wp-json\/wp\/v2\/product"}],"about":[{"href":"https:\/\/pranarom.ca\/fr\/wp-json\/wp\/v2\/types\/product"}],"replies":[{"embeddable":true,"href":"https:\/\/pranarom.ca\/fr\/wp-json\/wp\/v2\/comments?post=59424"}],"wp:featuredmedia":[{"embeddable":true,"href":"https:\/\/pranarom.ca\/fr\/wp-json\/wp\/v2\/media\/59423"}],"wp:attachment":[{"href":"https:\/\/pranarom.ca\/fr\/wp-json\/wp\/v2\/media?parent=59424"}],"wp:term":[{"taxonomy":"product_cat","embeddable":true,"href":"https:\/\/pranarom.ca\/fr\/wp-json\/wp\/v2\/product_cat?post=59424"},{"taxonomy":"product_tag","embeddable":true,"href":"https:\/\/pranarom.ca\/fr\/wp-json\/wp\/v2\/product_tag?post=59424"}],"curies":[{"name":"wp","href":"https:\/\/api.w.org\/{rel}","templated":true}]}}