{"id":59417,"date":"2021-12-06T21:21:56","date_gmt":"2021-12-06T21:21:56","guid":{"rendered":"https:\/\/pranarom.ca\/product\/argousier-huile-precieuse\/"},"modified":"2022-03-28T16:57:21","modified_gmt":"2022-03-28T16:57:21","slug":"argousier-huile-precieuse","status":"publish","type":"product","link":"https:\/\/pranarom.ca\/fr\/produit\/argousier-huile-precieuse\/","title":{"rendered":"Argousier \u2013 huile pr\u00e9cieuse"},"content":{"rendered":"<p>Lire le blog Pranarom :<\/p>\n<ul>\n<li><a href=\"https:\/\/www.pranarom.fr\/fr\/blog\/post\/les-nouvelles-huiles-vegetales-grenade-camelia-argousier.html\">LES NOUVELLES HUILES V\u00c9G\u00c9TALES : GRENADE, CAM\u00c9LIA, ARGOUSIER<\/a><\/li>\n<\/ul>\n<hr \/>\n<h2>L\u2019huile effet bonne mine et r\u00e9paratrice, assouplissante et protectrice<\/h2>\n<p>D\u00e9couvrez l\u2019huile v\u00e9g\u00e9tale d\u2019<strong>Argousier<\/strong>\u00a0bio. Elle est originaire de l\u2019Allemagne de l\u2019est et est issue de la\u00a0<strong>premi\u00e8re pression \u00e0 froid de la pulpe du fruit d\u2019Argousier<\/strong>. Apr\u00e8s l\u2019extraction du jus, on r\u00e9cup\u00e8re la pulpe et le p\u00e9pin. Par simple travail de densit\u00e9, on s\u00e9pare la pulpe des p\u00e9pins. La pulpe est plut\u00f4t grasse et contient l\u2019huile.<\/p>\n<div class=\"elementor-section elementor-element elementor-element-vcdgttj elementor-inner-section elementor-section-boxed elementor-section-height-default elementor-section-height-default\" data-element_type=\"section\">\n<div class=\"elementor-container elementor-column-gap-default\">\n<div class=\"elementor-row\">\n<div class=\"elementor-column elementor-element elementor-element-rhcqlsr elementor-col-50 elementor-inner-column\" data-element_type=\"column\">\n<div class=\"elementor-column-wrap elementor-element-populated\">\n<div class=\"elementor-widget-wrap\">\n<div class=\"elementor-widget elementor-element elementor-element-piordll elementor-widget-text-editor\" data-element_type=\"text-editor.default\">\n<div class=\"elementor-widget-container\">\n<div class=\"elementor-text-editor elementor-clearfix rte-content\">\n<p>Les fruits orange vif de ce petit arbuste aux feuilles grises sont riches en\u00a0<strong>vitamines et en acides gras<\/strong>. Il faut savoir que l\u2019Argousier est la seule plante connue pour contenir \u00e0 la fois des acides gras\u00a0<strong>om\u00e9ga 3, 6, 7 et 9<\/strong>. Cependant, ce qui la distingue principalement des autres huiles v\u00e9g\u00e9tales, c\u2019est sa forte teneur en\u00a0<strong>om\u00e9ga 7<\/strong>, le plus rare de tous les acides gras.<\/p>\n<\/div>\n<\/div>\n<\/div>\n<\/div>\n<\/div>\n<\/div>\n<\/div>\n<\/div>\n<\/div>\n<div class=\"elementor-widget elementor-element elementor-element-u76ompo elementor-widget-text-editor\" data-element_type=\"text-editor.default\">\n<div class=\"elementor-widget-container\">\n<div class=\"elementor-text-editor elementor-clearfix rte-content\">\n<p>Si son jus est r\u00e9put\u00e9 pour \u00eatre un tonique naturel, son huile v\u00e9g\u00e9tale est un excellent\u00a0<strong>r\u00e9g\u00e9n\u00e9rant au fort pouvoir hydratant<\/strong>. Sa teneur en<strong>\u00a0acide palmitolique<\/strong>\u00a0(Om\u00e9ga 7) aide \u00e0 la cicatrisation des plaies et br\u00fblures, favorise la r\u00e9g\u00e9n\u00e9ration cutan\u00e9e et ralentit le vieillissement de la peau. Autre atout de cette huile d\u2019exception, la pr\u00e9sence de\u00a0<strong>carot\u00e9no\u00efdes<\/strong>\u00a0qui illuminent le teint et lui procurent un effet bonne mine imm\u00e9diat.<\/p>\n<p>Format pratique pr\u00eat \u00e0 l\u2019emploi: pr\u00e9dilu\u00e9e (20%) dans l\u2019huile v\u00e9g\u00e9tale de noyau d\u2019abricot.<\/p>\n<\/div>\n<\/div>\n<\/div>\n<hr \/>\n<h2>Ingr\u00e9dients :<\/h2>\n<p><em>Prunus armeniaca<\/em>\u00a0kernel oil*,\u00a0<em>Hippophae rhamnoides<\/em>\u00a0fruit oil*, tocopherol.<\/p>\n<p>*Ingr\u00e9dient issu de l\u2019agriculture biologique (Contr\u00f4le Certisys BE-BIO-01)<br \/>\nBE-BIO-01 Certisys Agriculture UE\/non UE<\/p>\n<hr \/>\n<h2>Caract\u00e9ristiques :<\/h2>\n<p><strong>Couleur et texture :<\/strong>\u00a0belle couleur orang\u00e9e de l\u2019huile d\u2019argousier est d\u00fbe \u00e0 la pr\u00e9sence de carot\u00e9no\u00efdes et elle laisse sur la peau une sensation douce et onctueuse \u00e0 l\u2019application<br \/>\n<strong>Odeur :<\/strong>\u00a0assez forte, fruit\u00e9e et l\u00e9g\u00e8rement poivr\u00e9e<br \/>\n<strong>Note :\u00a0<\/strong>attention, cette huile peut tacher les tissus<\/p>\n<hr \/>\n<h2>Mode d\u2019emploi :<\/h2>\n<p>Ajouter quelques gouttes dans un soin (visage ou corps) ou appliquer uniform\u00e9ment sur la peau et masser jusqu\u2019\u00e0 p\u00e9n\u00e9tration compl\u00e8te.<\/p>\n<p><strong>S\u00e9rum nuit nourrissant pour une peau mixte \u00e0 grasse :<\/strong><br \/>\n<img loading=\"lazy\" decoding=\"async\" src=\"https:\/\/www.pranarom.fr\/img\/cms\/Divers-pictos\/fleche-verte-2-L10.jpg\" alt=\"\" width=\"10\" height=\"12\" \/>\u00a0Huile v\u00e9g\u00e9tale d\u2019Argousier :\u00a010 ml<br \/>\n<a href=\"https:\/\/pranarom.ca\/fr\/produit\/jojoba\/\"><img loading=\"lazy\" decoding=\"async\" src=\"https:\/\/www.pranarom.fr\/img\/cms\/Divers-pictos\/fleche-verte-2-L10.jpg\" alt=\"\" width=\"10\" height=\"12\" \/>\u00a0Huile v\u00e9g\u00e9tale de Jojoba<\/a>\u00a0: 10 ml<br \/>\n<img loading=\"lazy\" decoding=\"async\" src=\"https:\/\/www.pranarom.fr\/img\/cms\/Divers-pictos\/fleche-verte-2-L10.jpg\" alt=\"\" width=\"10\" height=\"12\" \/>\u00a0<a href=\"https:\/\/pranarom.ca\/fr\/produit\/cumin-noir-nigelle\/\">Huile v\u00e9g\u00e9tale de Cumin noir<\/a>\u00a0: 10 ml<\/p>\n<hr \/>\n<h2>Mises en garde :<\/h2>\n<p>Garder \u00e9loign\u00e9 de la chaleur et a l\u2019abri de la lumi\u00e8re.<br \/>\nGarder hors de la port\u00e9e des enfants.<\/p>\n","protected":false},"excerpt":{"rendered":"<p><strong>Huile v\u00e9g\u00e9tales 100% naturelle \u2013 biologique<\/strong><\/p>\n<p>Id\u00e9ale pour tous les types de peaux<br \/>\n30 ml<\/p>\n","protected":false},"featured_media":59329,"comment_status":"open","ping_status":"closed","template":"","meta":{"_et_pb_use_builder":"","_et_pb_old_content":"","_et_gb_content_width":""},"product_cat":[537,326,339],"product_tag":[],"acf":[],"yoast_head":"<!-- This site is optimized with the Yoast SEO plugin v22.6 - https:\/\/yoast.com\/wordpress\/plugins\/seo\/ -->\n<title>Argousier \u2013 huile pr\u00e9cieuse - Pranarom<\/title>\n<meta name=\"robots\" content=\"index, follow, max-snippet:-1, max-image-preview:large, max-video-preview:-1\" \/>\n<link rel=\"canonical\" href=\"https:\/\/pranarom.ca\/produit\/sea-buckthorn-precious-oil\/\" \/>\n<meta property=\"og:locale\" content=\"fr_FR\" \/>\n<meta property=\"og:type\" content=\"article\" \/>\n<meta property=\"og:title\" content=\"Argousier \u2013 huile pr\u00e9cieuse - Pranarom\" \/>\n<meta property=\"og:description\" content=\"Huile v\u00e9g\u00e9tales 100% naturelle \u2013 biologique  Id\u00e9ale pour tous les types de peaux 30 ml\" \/>\n<meta property=\"og:url\" content=\"https:\/\/pranarom.ca\/produit\/sea-buckthorn-precious-oil\/\" \/>\n<meta property=\"og:site_name\" content=\"Pranarom\" \/>\n<meta property=\"article:publisher\" content=\"https:\/\/www.facebook.com\/PranaromCanada\" \/>\n<meta property=\"article:modified_time\" content=\"2022-03-28T16:57:21+00:00\" \/>\n<meta property=\"og:image\" content=\"https:\/\/pranarom.ca\/wp-content\/uploads\/2021\/11\/Pranarom-HV-argousier.jpg\" \/>\n\t<meta property=\"og:image:width\" content=\"652\" \/>\n\t<meta property=\"og:image:height\" content=\"652\" \/>\n\t<meta property=\"og:image:type\" content=\"image\/jpeg\" \/>\n<meta name=\"twitter:card\" content=\"summary_large_image\" \/>\n<meta name=\"twitter:label1\" content=\"Dur\u00e9e de lecture estim\u00e9e\" \/>\n\t<meta name=\"twitter:data1\" content=\"3 minutes\" \/>\n<script type=\"application\/ld+json\" class=\"yoast-schema-graph\">{\"@context\":\"https:\/\/schema.org\",\"@graph\":[{\"@type\":\"WebPage\",\"@id\":\"https:\/\/pranarom.ca\/produit\/sea-buckthorn-precious-oil\/\",\"url\":\"https:\/\/pranarom.ca\/produit\/sea-buckthorn-precious-oil\/\",\"name\":\"Argousier \u2013 huile pr\u00e9cieuse - Pranarom\",\"isPartOf\":{\"@id\":\"https:\/\/pranarom.ca\/#website\"},\"primaryImageOfPage\":{\"@id\":\"https:\/\/pranarom.ca\/produit\/sea-buckthorn-precious-oil\/#primaryimage\"},\"image\":{\"@id\":\"https:\/\/pranarom.ca\/produit\/sea-buckthorn-precious-oil\/#primaryimage\"},\"thumbnailUrl\":\"https:\/\/pranarom.ca\/wp-content\/uploads\/2021\/11\/Pranarom-HV-argousier.jpg\",\"datePublished\":\"2021-12-06T21:21:56+00:00\",\"dateModified\":\"2022-03-28T16:57:21+00:00\",\"breadcrumb\":{\"@id\":\"https:\/\/pranarom.ca\/produit\/sea-buckthorn-precious-oil\/#breadcrumb\"},\"inLanguage\":\"fr-FR\",\"potentialAction\":[{\"@type\":\"ReadAction\",\"target\":[\"https:\/\/pranarom.ca\/produit\/sea-buckthorn-precious-oil\/\"]}]},{\"@type\":\"ImageObject\",\"inLanguage\":\"fr-FR\",\"@id\":\"https:\/\/pranarom.ca\/produit\/sea-buckthorn-precious-oil\/#primaryimage\",\"url\":\"https:\/\/pranarom.ca\/wp-content\/uploads\/2021\/11\/Pranarom-HV-argousier.jpg\",\"contentUrl\":\"https:\/\/pranarom.ca\/wp-content\/uploads\/2021\/11\/Pranarom-HV-argousier.jpg\",\"width\":652,\"height\":652},{\"@type\":\"BreadcrumbList\",\"@id\":\"https:\/\/pranarom.ca\/produit\/sea-buckthorn-precious-oil\/#breadcrumb\",\"itemListElement\":[{\"@type\":\"ListItem\",\"position\":1,\"name\":\"Home\",\"item\":\"https:\/\/pranarom.ca\/fr\/\"},{\"@type\":\"ListItem\",\"position\":2,\"name\":\"Shop\",\"item\":\"https:\/\/pranarom.ca\/shop\/\"},{\"@type\":\"ListItem\",\"position\":3,\"name\":\"Argousier \u2013 huile pr\u00e9cieuse\"}]},{\"@type\":\"WebSite\",\"@id\":\"https:\/\/pranarom.ca\/#website\",\"url\":\"https:\/\/pranarom.ca\/\",\"name\":\"Pranarom Canada\",\"description\":\"Scientific Aromatherapyy\",\"publisher\":{\"@id\":\"https:\/\/pranarom.ca\/#organization\"},\"potentialAction\":[{\"@type\":\"SearchAction\",\"target\":{\"@type\":\"EntryPoint\",\"urlTemplate\":\"https:\/\/pranarom.ca\/?s={search_term_string}\"},\"query-input\":\"required name=search_term_string\"}],\"inLanguage\":\"fr-FR\"},{\"@type\":\"Organization\",\"@id\":\"https:\/\/pranarom.ca\/#organization\",\"name\":\"Pranarom\",\"url\":\"https:\/\/pranarom.ca\/\",\"logo\":{\"@type\":\"ImageObject\",\"inLanguage\":\"fr-FR\",\"@id\":\"https:\/\/pranarom.ca\/#\/schema\/logo\/image\/\",\"url\":\"https:\/\/pranarom.ca\/wp-content\/uploads\/2019\/03\/pranalogo.png\",\"contentUrl\":\"https:\/\/pranarom.ca\/wp-content\/uploads\/2019\/03\/pranalogo.png\",\"width\":330,\"height\":100,\"caption\":\"Pranarom\"},\"image\":{\"@id\":\"https:\/\/pranarom.ca\/#\/schema\/logo\/image\/\"},\"sameAs\":[\"https:\/\/www.facebook.com\/PranaromCanada\",\"http:\/\/instagram.com\/pranaromcanada\/\",\"https:\/\/www.instagram.com\/pranaromcanada\/\"]}]}<\/script>\n<!-- \/ Yoast SEO plugin. -->","yoast_head_json":{"title":"Argousier \u2013 huile pr\u00e9cieuse - Pranarom","robots":{"index":"index","follow":"follow","max-snippet":"max-snippet:-1","max-image-preview":"max-image-preview:large","max-video-preview":"max-video-preview:-1"},"canonical":"https:\/\/pranarom.ca\/produit\/sea-buckthorn-precious-oil\/","og_locale":"fr_FR","og_type":"article","og_title":"Argousier \u2013 huile pr\u00e9cieuse - Pranarom","og_description":"Huile v\u00e9g\u00e9tales 100% naturelle \u2013 biologique  Id\u00e9ale pour tous les types de peaux 30 ml","og_url":"https:\/\/pranarom.ca\/produit\/sea-buckthorn-precious-oil\/","og_site_name":"Pranarom","article_publisher":"https:\/\/www.facebook.com\/PranaromCanada","article_modified_time":"2022-03-28T16:57:21+00:00","og_image":[{"width":652,"height":652,"url":"https:\/\/pranarom.ca\/wp-content\/uploads\/2021\/11\/Pranarom-HV-argousier.jpg","type":"image\/jpeg"}],"twitter_card":"summary_large_image","twitter_misc":{"Dur\u00e9e de lecture estim\u00e9e":"3 minutes"},"schema":{"@context":"https:\/\/schema.org","@graph":[{"@type":"WebPage","@id":"https:\/\/pranarom.ca\/produit\/sea-buckthorn-precious-oil\/","url":"https:\/\/pranarom.ca\/produit\/sea-buckthorn-precious-oil\/","name":"Argousier \u2013 huile pr\u00e9cieuse - Pranarom","isPartOf":{"@id":"https:\/\/pranarom.ca\/#website"},"primaryImageOfPage":{"@id":"https:\/\/pranarom.ca\/produit\/sea-buckthorn-precious-oil\/#primaryimage"},"image":{"@id":"https:\/\/pranarom.ca\/produit\/sea-buckthorn-precious-oil\/#primaryimage"},"thumbnailUrl":"https:\/\/pranarom.ca\/wp-content\/uploads\/2021\/11\/Pranarom-HV-argousier.jpg","datePublished":"2021-12-06T21:21:56+00:00","dateModified":"2022-03-28T16:57:21+00:00","breadcrumb":{"@id":"https:\/\/pranarom.ca\/produit\/sea-buckthorn-precious-oil\/#breadcrumb"},"inLanguage":"fr-FR","potentialAction":[{"@type":"ReadAction","target":["https:\/\/pranarom.ca\/produit\/sea-buckthorn-precious-oil\/"]}]},{"@type":"ImageObject","inLanguage":"fr-FR","@id":"https:\/\/pranarom.ca\/produit\/sea-buckthorn-precious-oil\/#primaryimage","url":"https:\/\/pranarom.ca\/wp-content\/uploads\/2021\/11\/Pranarom-HV-argousier.jpg","contentUrl":"https:\/\/pranarom.ca\/wp-content\/uploads\/2021\/11\/Pranarom-HV-argousier.jpg","width":652,"height":652},{"@type":"BreadcrumbList","@id":"https:\/\/pranarom.ca\/produit\/sea-buckthorn-precious-oil\/#breadcrumb","itemListElement":[{"@type":"ListItem","position":1,"name":"Home","item":"https:\/\/pranarom.ca\/fr\/"},{"@type":"ListItem","position":2,"name":"Shop","item":"https:\/\/pranarom.ca\/shop\/"},{"@type":"ListItem","position":3,"name":"Argousier \u2013 huile pr\u00e9cieuse"}]},{"@type":"WebSite","@id":"https:\/\/pranarom.ca\/#website","url":"https:\/\/pranarom.ca\/","name":"Pranarom Canada","description":"Scientific Aromatherapyy","publisher":{"@id":"https:\/\/pranarom.ca\/#organization"},"potentialAction":[{"@type":"SearchAction","target":{"@type":"EntryPoint","urlTemplate":"https:\/\/pranarom.ca\/?s={search_term_string}"},"query-input":"required name=search_term_string"}],"inLanguage":"fr-FR"},{"@type":"Organization","@id":"https:\/\/pranarom.ca\/#organization","name":"Pranarom","url":"https:\/\/pranarom.ca\/","logo":{"@type":"ImageObject","inLanguage":"fr-FR","@id":"https:\/\/pranarom.ca\/#\/schema\/logo\/image\/","url":"https:\/\/pranarom.ca\/wp-content\/uploads\/2019\/03\/pranalogo.png","contentUrl":"https:\/\/pranarom.ca\/wp-content\/uploads\/2019\/03\/pranalogo.png","width":330,"height":100,"caption":"Pranarom"},"image":{"@id":"https:\/\/pranarom.ca\/#\/schema\/logo\/image\/"},"sameAs":["https:\/\/www.facebook.com\/PranaromCanada","http:\/\/instagram.com\/pranaromcanada\/","https:\/\/www.instagram.com\/pranaromcanada\/"]}]}},"jetpack_sharing_enabled":true,"_links":{"self":[{"href":"https:\/\/pranarom.ca\/fr\/wp-json\/wp\/v2\/product\/59417"}],"collection":[{"href":"https:\/\/pranarom.ca\/fr\/wp-json\/wp\/v2\/product"}],"about":[{"href":"https:\/\/pranarom.ca\/fr\/wp-json\/wp\/v2\/types\/product"}],"replies":[{"embeddable":true,"href":"https:\/\/pranarom.ca\/fr\/wp-json\/wp\/v2\/comments?post=59417"}],"wp:featuredmedia":[{"embeddable":true,"href":"https:\/\/pranarom.ca\/fr\/wp-json\/wp\/v2\/media\/59329"}],"wp:attachment":[{"href":"https:\/\/pranarom.ca\/fr\/wp-json\/wp\/v2\/media?parent=59417"}],"wp:term":[{"taxonomy":"product_cat","embeddable":true,"href":"https:\/\/pranarom.ca\/fr\/wp-json\/wp\/v2\/product_cat?post=59417"},{"taxonomy":"product_tag","embeddable":true,"href":"https:\/\/pranarom.ca\/fr\/wp-json\/wp\/v2\/product_tag?post=59417"}],"curies":[{"name":"wp","href":"https:\/\/api.w.org\/{rel}","templated":true}]}}