{"id":59412,"date":"2021-12-06T20:22:18","date_gmt":"2021-12-06T20:22:18","guid":{"rendered":"https:\/\/pranarom.ca\/product\/grenade-huile-precieuse\/"},"modified":"2022-03-28T16:58:01","modified_gmt":"2022-03-28T16:58:01","slug":"grenade-huile-precieuse","status":"publish","type":"product","link":"https:\/\/pranarom.ca\/fr\/produit\/grenade-huile-precieuse\/","title":{"rendered":"Grenade \u2013 huile pr\u00e9cieuse"},"content":{"rendered":"<p>Lire le blog Pranarom :<\/p>\n<ul>\n<li><a href=\"https:\/\/www.pranarom.fr\/fr\/blog\/post\/les-nouvelles-huiles-vegetales-grenade-camelia-argousier.html\">LES NOUVELLES HUILES V\u00c9G\u00c9TALES : GRENADE, CAM\u00c9LIA, ARGOUSIER<\/a><\/li>\n<\/ul>\n<hr \/>\n<h2>L&#8217;huile anti-\u00e2ge et peaux sensibles<\/h2>\n<p>D\u00e9couvrez plus en d\u00e9tails les bienfaits de cette nouvelle huile pr\u00e9cieuse bio. Cette huile originaire de Turquie est issue de la premi\u00e8re pression \u00e0 froid des graines de grenades. Elle est riche en\u00a0<strong>antioxydants<\/strong>\u00a0(vitamines B et C et polyph\u00e9nols) ainsi qu\u2019en\u00a0<strong>acides gras insatur\u00e9s<\/strong>\u00a0(om\u00e9ga 5).<\/p>\n<p>Elle est particuli\u00e8rement adapt\u00e9e aux\u00a0<strong>peaux matures\u00a0<\/strong>(+ 40 ans),<strong>\u00a0r\u00e9actives<\/strong>\u00a0et<strong>\u00a0sensibles.<\/strong>\u00a0Ses vertus<strong>\u00a0apaisantes et calmantes<\/strong>, ayant une action r\u00e9g\u00e9n\u00e9rante sur la peau, permettent de lutter efficacement contre les radicaux libres et le vieillissement cutan\u00e9.<\/p>\n<p>Prot\u00e8ge la peau des agressions du froid, du vent.<\/p>\n<hr \/>\n<h2>Ingr\u00e9dients :<\/h2>\n<p><em>Punica granatum<\/em>\u00a0seed oil*, tocopherol.<\/p>\n<p>*Ingr\u00e9dient issu de l\u2019agriculture biologique (Contr\u00f4le Certisys BE-BIO-01)<br \/>\nBE-BIO-01 Certisys Agriculture UE\/non UE<\/p>\n<hr \/>\n<h2>Caract\u00e9ristiques :<\/h2>\n<p><strong>Couleur et texture :<\/strong>\u00a0consistance mince et fluide qui peut \u00eatre p\u00e2le ou avoir une l\u00e9g\u00e8re teinte ambr\u00e9e.<br \/>\n<strong>Odeur :<\/strong>\u00a0inodore<\/p>\n<hr \/>\n<h2>Mode d\u2019emploi :<\/h2>\n<p>Appliquer sur la peau (corps, visage, contour des yeux) et masser jusqu\u2019\u00e0 p\u00e9n\u00e9tration compl\u00e8te. Peut aussi s\u2019appliquer sur la pointe de cheveux.<\/p>\n<p><strong>Booster sa cr\u00e8me hydratante :<\/strong>\u00a0en ajoutant simplement 1 goutte dans sa cr\u00e8me de jour.<\/p>\n<p><strong>Le soir :<\/strong>\u00a0appliquer 5-10 gouttes pures sur le visage en\u00a0<strong>\u00abmasque de nuit\u00bb<\/strong>\u00a0avant d\u2019aller vous coucher.<\/p>\n<p><strong>Pour les mains s\u00e8ches :<\/strong>\u00a0appliquer quelques gouttes pures directement sur les mains.<\/p>\n<p><strong>Soin fortifiant ongles cassants et mous :<br \/>\n<\/strong><img loading=\"lazy\" decoding=\"async\" src=\"https:\/\/www.pranarom.fr\/img\/cms\/Divers-pictos\/fleche-verte-2-L10.jpg\" alt=\"\" width=\"10\" height=\"12\" \/>\u00a0Huile v\u00e9g\u00e9tale de Grenade :\u00a010 ml<br \/>\n<a href=\"https:\/\/pranarom.ca\/fr\/produit\/calendula\/\"><img loading=\"lazy\" decoding=\"async\" src=\"https:\/\/www.pranarom.fr\/img\/cms\/Divers-pictos\/fleche-verte-2-L10.jpg\" alt=\"\" width=\"10\" height=\"12\" \/>\u00a0Huile v\u00e9g\u00e9tale de Calendula<\/a>\u00a0: 10 ml<br \/>\n<a href=\"https:\/\/pranarom.ca\/fr\/produit\/ylang-ylang-totum-p-e03\/\"><img loading=\"lazy\" decoding=\"async\" src=\"https:\/\/www.pranarom.fr\/img\/cms\/Divers-pictos\/fleche-verte-2-L10.jpg\" alt=\"\" width=\"10\" height=\"12\" \/>\u00a0Huile essentielle d\u2019Ylang ylang<\/a>\u00a0: 2 gouttes<br \/>\n<a href=\"https:\/\/pranarom.ca\/fr\/produit\/citron-p-e14\/\"><img loading=\"lazy\" decoding=\"async\" src=\"https:\/\/www.pranarom.fr\/img\/cms\/Divers-pictos\/fleche-verte-2-L10.jpg\" alt=\"\" width=\"10\" height=\"12\" \/>\u00a0Huile essentielle de Citron<\/a>\u00a0: 2 gouttes<\/p>\n<p><strong>S\u00e9rum r\u00e9g\u00e9n\u00e9rant visage :<\/strong>\u00a0Associer l\u2019huile v\u00e9g\u00e9tale de Grenade (50 ml) avec 10 gouttes d\u2019huile essentielle de\u00a0<a href=\"https:\/\/pranarom.ca\/fr\/produit\/romarin-a-verbenone-p-e53\/\">Romarin \u00e0 verb\u00e9none<\/a>.<\/p>\n<hr \/>\n<h2>Mises en garde :<\/h2>\n<p>Garder \u00e9loign\u00e9 de la chaleur et a l\u2019abri de la lumi\u00e8re.<br \/>\nGarder hors de la port\u00e9e des enfants.<\/p>\n","protected":false},"excerpt":{"rendered":"<p><strong>Huile v\u00e9g\u00e9tales 100% naturelle \u2013 biologique<\/strong><\/p>\n<p>Id\u00e9ale pour peaux matures (+ 40 ans), r\u00e9actives et sensibles<br \/>\n30 ml<\/p>\n","protected":false},"featured_media":59333,"comment_status":"open","ping_status":"closed","template":"","meta":{"_et_pb_use_builder":"","_et_pb_old_content":"","_et_gb_content_width":""},"product_cat":[537,326,339],"product_tag":[],"acf":[],"yoast_head":"<!-- This site is optimized with the Yoast SEO plugin v22.6 - https:\/\/yoast.com\/wordpress\/plugins\/seo\/ -->\n<title>Grenade \u2013 huile pr\u00e9cieuse - Pranarom<\/title>\n<meta name=\"robots\" content=\"index, follow, max-snippet:-1, max-image-preview:large, max-video-preview:-1\" \/>\n<link rel=\"canonical\" href=\"https:\/\/pranarom.ca\/produit\/pomegranate-precious-oil\/\" \/>\n<meta property=\"og:locale\" content=\"fr_FR\" \/>\n<meta property=\"og:type\" content=\"article\" \/>\n<meta property=\"og:title\" content=\"Grenade \u2013 huile pr\u00e9cieuse - Pranarom\" \/>\n<meta property=\"og:description\" content=\"Huile v\u00e9g\u00e9tales 100% naturelle \u2013 biologique  Id\u00e9ale pour peaux matures (+ 40 ans), r\u00e9actives et sensibles 30 ml\" \/>\n<meta property=\"og:url\" content=\"https:\/\/pranarom.ca\/produit\/pomegranate-precious-oil\/\" \/>\n<meta property=\"og:site_name\" content=\"Pranarom\" \/>\n<meta property=\"article:publisher\" content=\"https:\/\/www.facebook.com\/PranaromCanada\" \/>\n<meta property=\"article:modified_time\" content=\"2022-03-28T16:58:01+00:00\" \/>\n<meta property=\"og:image\" content=\"https:\/\/pranarom.ca\/wp-content\/uploads\/2021\/11\/Pranarom-HV-grenade.jpg\" \/>\n\t<meta property=\"og:image:width\" content=\"652\" \/>\n\t<meta property=\"og:image:height\" content=\"652\" \/>\n\t<meta property=\"og:image:type\" content=\"image\/jpeg\" \/>\n<meta name=\"twitter:card\" content=\"summary_large_image\" \/>\n<meta name=\"twitter:label1\" content=\"Dur\u00e9e de lecture estim\u00e9e\" \/>\n\t<meta name=\"twitter:data1\" content=\"3 minutes\" \/>\n<script type=\"application\/ld+json\" class=\"yoast-schema-graph\">{\"@context\":\"https:\/\/schema.org\",\"@graph\":[{\"@type\":\"WebPage\",\"@id\":\"https:\/\/pranarom.ca\/produit\/pomegranate-precious-oil\/\",\"url\":\"https:\/\/pranarom.ca\/produit\/pomegranate-precious-oil\/\",\"name\":\"Grenade \u2013 huile pr\u00e9cieuse - Pranarom\",\"isPartOf\":{\"@id\":\"https:\/\/pranarom.ca\/#website\"},\"primaryImageOfPage\":{\"@id\":\"https:\/\/pranarom.ca\/produit\/pomegranate-precious-oil\/#primaryimage\"},\"image\":{\"@id\":\"https:\/\/pranarom.ca\/produit\/pomegranate-precious-oil\/#primaryimage\"},\"thumbnailUrl\":\"https:\/\/pranarom.ca\/wp-content\/uploads\/2021\/11\/Pranarom-HV-grenade.jpg\",\"datePublished\":\"2021-12-06T20:22:18+00:00\",\"dateModified\":\"2022-03-28T16:58:01+00:00\",\"breadcrumb\":{\"@id\":\"https:\/\/pranarom.ca\/produit\/pomegranate-precious-oil\/#breadcrumb\"},\"inLanguage\":\"fr-FR\",\"potentialAction\":[{\"@type\":\"ReadAction\",\"target\":[\"https:\/\/pranarom.ca\/produit\/pomegranate-precious-oil\/\"]}]},{\"@type\":\"ImageObject\",\"inLanguage\":\"fr-FR\",\"@id\":\"https:\/\/pranarom.ca\/produit\/pomegranate-precious-oil\/#primaryimage\",\"url\":\"https:\/\/pranarom.ca\/wp-content\/uploads\/2021\/11\/Pranarom-HV-grenade.jpg\",\"contentUrl\":\"https:\/\/pranarom.ca\/wp-content\/uploads\/2021\/11\/Pranarom-HV-grenade.jpg\",\"width\":652,\"height\":652},{\"@type\":\"BreadcrumbList\",\"@id\":\"https:\/\/pranarom.ca\/produit\/pomegranate-precious-oil\/#breadcrumb\",\"itemListElement\":[{\"@type\":\"ListItem\",\"position\":1,\"name\":\"Home\",\"item\":\"https:\/\/pranarom.ca\/fr\/\"},{\"@type\":\"ListItem\",\"position\":2,\"name\":\"Shop\",\"item\":\"https:\/\/pranarom.ca\/shop\/\"},{\"@type\":\"ListItem\",\"position\":3,\"name\":\"Grenade \u2013 huile pr\u00e9cieuse\"}]},{\"@type\":\"WebSite\",\"@id\":\"https:\/\/pranarom.ca\/#website\",\"url\":\"https:\/\/pranarom.ca\/\",\"name\":\"Pranarom Canada\",\"description\":\"Scientific Aromatherapyy\",\"publisher\":{\"@id\":\"https:\/\/pranarom.ca\/#organization\"},\"potentialAction\":[{\"@type\":\"SearchAction\",\"target\":{\"@type\":\"EntryPoint\",\"urlTemplate\":\"https:\/\/pranarom.ca\/?s={search_term_string}\"},\"query-input\":\"required name=search_term_string\"}],\"inLanguage\":\"fr-FR\"},{\"@type\":\"Organization\",\"@id\":\"https:\/\/pranarom.ca\/#organization\",\"name\":\"Pranarom\",\"url\":\"https:\/\/pranarom.ca\/\",\"logo\":{\"@type\":\"ImageObject\",\"inLanguage\":\"fr-FR\",\"@id\":\"https:\/\/pranarom.ca\/#\/schema\/logo\/image\/\",\"url\":\"https:\/\/pranarom.ca\/wp-content\/uploads\/2019\/03\/pranalogo.png\",\"contentUrl\":\"https:\/\/pranarom.ca\/wp-content\/uploads\/2019\/03\/pranalogo.png\",\"width\":330,\"height\":100,\"caption\":\"Pranarom\"},\"image\":{\"@id\":\"https:\/\/pranarom.ca\/#\/schema\/logo\/image\/\"},\"sameAs\":[\"https:\/\/www.facebook.com\/PranaromCanada\",\"http:\/\/instagram.com\/pranaromcanada\/\",\"https:\/\/www.instagram.com\/pranaromcanada\/\"]}]}<\/script>\n<!-- \/ Yoast SEO plugin. -->","yoast_head_json":{"title":"Grenade \u2013 huile pr\u00e9cieuse - Pranarom","robots":{"index":"index","follow":"follow","max-snippet":"max-snippet:-1","max-image-preview":"max-image-preview:large","max-video-preview":"max-video-preview:-1"},"canonical":"https:\/\/pranarom.ca\/produit\/pomegranate-precious-oil\/","og_locale":"fr_FR","og_type":"article","og_title":"Grenade \u2013 huile pr\u00e9cieuse - Pranarom","og_description":"Huile v\u00e9g\u00e9tales 100% naturelle \u2013 biologique  Id\u00e9ale pour peaux matures (+ 40 ans), r\u00e9actives et sensibles 30 ml","og_url":"https:\/\/pranarom.ca\/produit\/pomegranate-precious-oil\/","og_site_name":"Pranarom","article_publisher":"https:\/\/www.facebook.com\/PranaromCanada","article_modified_time":"2022-03-28T16:58:01+00:00","og_image":[{"width":652,"height":652,"url":"https:\/\/pranarom.ca\/wp-content\/uploads\/2021\/11\/Pranarom-HV-grenade.jpg","type":"image\/jpeg"}],"twitter_card":"summary_large_image","twitter_misc":{"Dur\u00e9e de lecture estim\u00e9e":"3 minutes"},"schema":{"@context":"https:\/\/schema.org","@graph":[{"@type":"WebPage","@id":"https:\/\/pranarom.ca\/produit\/pomegranate-precious-oil\/","url":"https:\/\/pranarom.ca\/produit\/pomegranate-precious-oil\/","name":"Grenade \u2013 huile pr\u00e9cieuse - Pranarom","isPartOf":{"@id":"https:\/\/pranarom.ca\/#website"},"primaryImageOfPage":{"@id":"https:\/\/pranarom.ca\/produit\/pomegranate-precious-oil\/#primaryimage"},"image":{"@id":"https:\/\/pranarom.ca\/produit\/pomegranate-precious-oil\/#primaryimage"},"thumbnailUrl":"https:\/\/pranarom.ca\/wp-content\/uploads\/2021\/11\/Pranarom-HV-grenade.jpg","datePublished":"2021-12-06T20:22:18+00:00","dateModified":"2022-03-28T16:58:01+00:00","breadcrumb":{"@id":"https:\/\/pranarom.ca\/produit\/pomegranate-precious-oil\/#breadcrumb"},"inLanguage":"fr-FR","potentialAction":[{"@type":"ReadAction","target":["https:\/\/pranarom.ca\/produit\/pomegranate-precious-oil\/"]}]},{"@type":"ImageObject","inLanguage":"fr-FR","@id":"https:\/\/pranarom.ca\/produit\/pomegranate-precious-oil\/#primaryimage","url":"https:\/\/pranarom.ca\/wp-content\/uploads\/2021\/11\/Pranarom-HV-grenade.jpg","contentUrl":"https:\/\/pranarom.ca\/wp-content\/uploads\/2021\/11\/Pranarom-HV-grenade.jpg","width":652,"height":652},{"@type":"BreadcrumbList","@id":"https:\/\/pranarom.ca\/produit\/pomegranate-precious-oil\/#breadcrumb","itemListElement":[{"@type":"ListItem","position":1,"name":"Home","item":"https:\/\/pranarom.ca\/fr\/"},{"@type":"ListItem","position":2,"name":"Shop","item":"https:\/\/pranarom.ca\/shop\/"},{"@type":"ListItem","position":3,"name":"Grenade \u2013 huile pr\u00e9cieuse"}]},{"@type":"WebSite","@id":"https:\/\/pranarom.ca\/#website","url":"https:\/\/pranarom.ca\/","name":"Pranarom Canada","description":"Scientific Aromatherapyy","publisher":{"@id":"https:\/\/pranarom.ca\/#organization"},"potentialAction":[{"@type":"SearchAction","target":{"@type":"EntryPoint","urlTemplate":"https:\/\/pranarom.ca\/?s={search_term_string}"},"query-input":"required name=search_term_string"}],"inLanguage":"fr-FR"},{"@type":"Organization","@id":"https:\/\/pranarom.ca\/#organization","name":"Pranarom","url":"https:\/\/pranarom.ca\/","logo":{"@type":"ImageObject","inLanguage":"fr-FR","@id":"https:\/\/pranarom.ca\/#\/schema\/logo\/image\/","url":"https:\/\/pranarom.ca\/wp-content\/uploads\/2019\/03\/pranalogo.png","contentUrl":"https:\/\/pranarom.ca\/wp-content\/uploads\/2019\/03\/pranalogo.png","width":330,"height":100,"caption":"Pranarom"},"image":{"@id":"https:\/\/pranarom.ca\/#\/schema\/logo\/image\/"},"sameAs":["https:\/\/www.facebook.com\/PranaromCanada","http:\/\/instagram.com\/pranaromcanada\/","https:\/\/www.instagram.com\/pranaromcanada\/"]}]}},"jetpack_sharing_enabled":true,"_links":{"self":[{"href":"https:\/\/pranarom.ca\/fr\/wp-json\/wp\/v2\/product\/59412"}],"collection":[{"href":"https:\/\/pranarom.ca\/fr\/wp-json\/wp\/v2\/product"}],"about":[{"href":"https:\/\/pranarom.ca\/fr\/wp-json\/wp\/v2\/types\/product"}],"replies":[{"embeddable":true,"href":"https:\/\/pranarom.ca\/fr\/wp-json\/wp\/v2\/comments?post=59412"}],"wp:featuredmedia":[{"embeddable":true,"href":"https:\/\/pranarom.ca\/fr\/wp-json\/wp\/v2\/media\/59333"}],"wp:attachment":[{"href":"https:\/\/pranarom.ca\/fr\/wp-json\/wp\/v2\/media?parent=59412"}],"wp:term":[{"taxonomy":"product_cat","embeddable":true,"href":"https:\/\/pranarom.ca\/fr\/wp-json\/wp\/v2\/product_cat?post=59412"},{"taxonomy":"product_tag","embeddable":true,"href":"https:\/\/pranarom.ca\/fr\/wp-json\/wp\/v2\/product_tag?post=59412"}],"curies":[{"name":"wp","href":"https:\/\/api.w.org\/{rel}","templated":true}]}}