{"id":59347,"date":"2021-11-11T16:30:28","date_gmt":"2021-11-11T16:30:28","guid":{"rendered":"https:\/\/pranarom.ca\/product\/camelia-huile-precieuse\/"},"modified":"2022-03-28T16:57:51","modified_gmt":"2022-03-28T16:57:51","slug":"camelia-huile-precieuse","status":"publish","type":"product","link":"https:\/\/pranarom.ca\/fr\/produit\/camelia-huile-precieuse\/","title":{"rendered":"Cam\u00e9lia \u2013 huile pr\u00e9cieuse"},"content":{"rendered":"<p>Lire le blog Pranarom :<\/p>\n<ul>\n<li><a href=\"https:\/\/www.pranarom.fr\/fr\/blog\/post\/les-nouvelles-huiles-vegetales-grenade-camelia-argousier.html\">LES NOUVELLES HUILES V\u00c9G\u00c9TALES : GRENADE, CAM\u00c9LIA, ARGOUSIER<\/a><\/li>\n<\/ul>\n<hr \/>\n<h2>Un toucher ultra soyeux pour tous types de peaux<\/h2>\n<p>D\u00e9couvrez l\u2019huile v\u00e9g\u00e9tale de Cam\u00e9lia bio. Cette huile originaire de Chine est issue de la premi\u00e8re pression \u00e0 froid des graines de la fleur<em>\u00a0Camellia oleifera<\/em>\u00a0aussi appel\u00e9e \u00abhuile de graines de th\u00e9\u00bb.<\/p>\n<p>Traditionnellement utilis\u00e9e comme actif pr\u00e9cieux de beaut\u00e9 par les femmes japonaises, cette huile v\u00e9g\u00e9tale \u00e0 la<strong>\u00a0texture douce, non grasse et \u00e0 l\u2019odeur neutre<\/strong>\u00a0aide \u00e0 maintenir\u00a0<strong>l\u2019\u00e9lasticit\u00e9 et l\u2019hydratation de la peau<\/strong>. Tr\u00e8s nourrissante gr\u00e2ce \u00e0 sa forte teneur en Om\u00e9ga 9, elle renforce le film hydrolipidique pour apporter\u00a0<strong>souplesse et douceur<\/strong>\u00a0\u00e0 la peau. Id\u00e9ale pour tous les types de peaux, cette huile v\u00e9g\u00e9tale s\u2019utilise en\u00a0<strong>soin du visage, cou, d\u00e9collet\u00e9, mains mais aussi en masque sans rin\u00e7age des cheveux et de leurs pointes<\/strong>.<\/p>\n<hr \/>\n<h2>Ingr\u00e9dients :<\/h2>\n<p><em>Camellia oleifera<\/em>\u00a0seed oil*, tocopherol.<\/p>\n<p>*Ingr\u00e9dient issu de l\u2019agriculture biologique (Contr\u00f4le Certisys BE-BIO-01)<br \/>\nBE-BIO-01 Certisys Agriculture UE\/non UE<\/p>\n<hr \/>\n<h2>Caract\u00e9ristiques :<\/h2>\n<p><strong>Couleur et texture :<\/strong>\u00a0texture douce, non grasse<br \/>\n<strong>Odeur :<\/strong>\u00a0neutre<\/p>\n<hr \/>\n<h2>Mode d\u2019emploi :<\/h2>\n<p>Appliquer sur la peau et masser jusqu\u2019\u00e0 p\u00e9n\u00e9tration compl\u00e8te. Peut aussi s\u2019appliquer sur les cheveux.<\/p>\n<p><strong>Soin visage:<\/strong>\u00a0chauffer une dizaine de gouttes entre les paumes des mains avant de l\u2019appliquer sur un\u00a0<strong>visage<\/strong>\u00a0bien nettoy\u00e9.\u00a0Application sur le\u00a0<strong>d\u00e9collet\u00e9, les mains, les ongles<\/strong>\u00a0en soin quotidien.<\/p>\n<p><strong>Soin capillaire pour assouplir les cheveux:<\/strong>\u00a0Appliquer sur vos pointes, l\u2019huile de Cam\u00e9lia les gainera et les fortifiera. Pour les nourrir en profondeur, l\u2019huile de Cam\u00e9lia sera utilis\u00e9e comme masque capillaire. Pour cela, enduisez les cheveux d\u2019huile en insistant sur les pointes, massez-les, puis enveloppez-les dans une serviette chaude pendant 30 minutes \u00e0 1 heure avant de rincer.<\/p>\n<p>L\u2019huile v\u00e9g\u00e9tale de Cam\u00e9lia peut \u00eatre utilis\u00e9e en synergie avec d\u2019autres huiles essentielles et\/ou v\u00e9g\u00e9tales. Par exemple pour faire un\u00a0<strong>\u00abs\u00e9rum peaux s\u00e8ches et matures\u00bb<\/strong>\u00a0:<br \/>\n<img loading=\"lazy\" decoding=\"async\" src=\"https:\/\/www.pranarom.fr\/img\/cms\/Divers-pictos\/fleche-verte-2-L10.jpg\" alt=\"\" width=\"10\" height=\"12\" \/>\u00a0Huile v\u00e9g\u00e9tale de Cam\u00e9lia :\u00a025 ml<br \/>\n<a href=\"https:\/\/pranarom.ca\/fr\/produit\/onagre\/\"><img loading=\"lazy\" decoding=\"async\" src=\"https:\/\/www.pranarom.fr\/img\/cms\/Divers-pictos\/fleche-verte-2-L10.jpg\" alt=\"\" width=\"10\" height=\"12\" \/>\u00a0Huile v\u00e9g\u00e9tale d\u2019Onagre<\/a>\u00a0: 10 ml<br \/>\n<a href=\"https:\/\/pranarom.ca\/fr\/produit\/germe-de-ble\/\"><img loading=\"lazy\" decoding=\"async\" src=\"https:\/\/www.pranarom.fr\/img\/cms\/Divers-pictos\/fleche-verte-2-L10.jpg\" alt=\"\" width=\"10\" height=\"12\" \/>\u00a0Huile v\u00e9g\u00e9tale de Germe de bl\u00e9<\/a>\u00a0: 10 ml<br \/>\n<a href=\"https:\/\/pranarom.ca\/fr\/produit\/ciste-ladanifere-p-e11\/\"><img loading=\"lazy\" decoding=\"async\" src=\"https:\/\/www.pranarom.fr\/img\/cms\/Divers-pictos\/fleche-verte-2-L10.jpg\" alt=\"\" width=\"10\" height=\"12\" \/>\u00a0Huile essentielle de Ciste ladanif\u00e8re<\/a>\u00a0: 6 gouttes<\/p>\n<hr \/>\n<h2>Mises en garde :<\/h2>\n<p>Garder \u00e9loign\u00e9 de la chaleur et a l\u2019abri de la lumi\u00e8re.<br \/>\nGarder hors de la port\u00e9e des enfants.<\/p>\n","protected":false},"excerpt":{"rendered":"<p><strong>Huile v\u00e9g\u00e9tales 100% naturelle \u2013 biologique<\/strong><\/p>\n<p>Id\u00e9ale pour tous les types de peaux<br \/>\n30 ml<\/p>\n","protected":false},"featured_media":59331,"comment_status":"open","ping_status":"closed","template":"","meta":{"_et_pb_use_builder":"","_et_pb_old_content":"","_et_gb_content_width":""},"product_cat":[537,326,339],"product_tag":[],"acf":[],"yoast_head":"<!-- This site is optimized with the Yoast SEO plugin v22.6 - https:\/\/yoast.com\/wordpress\/plugins\/seo\/ -->\n<title>Cam\u00e9lia \u2013 huile pr\u00e9cieuse - Pranarom<\/title>\n<meta name=\"robots\" content=\"index, follow, max-snippet:-1, max-image-preview:large, max-video-preview:-1\" \/>\n<link rel=\"canonical\" href=\"https:\/\/pranarom.ca\/produit\/camellia-precious-oil\/\" \/>\n<meta property=\"og:locale\" content=\"fr_FR\" \/>\n<meta property=\"og:type\" content=\"article\" \/>\n<meta property=\"og:title\" content=\"Cam\u00e9lia \u2013 huile pr\u00e9cieuse - Pranarom\" \/>\n<meta property=\"og:description\" content=\"Huile v\u00e9g\u00e9tales 100% naturelle \u2013 biologique  Id\u00e9ale pour tous les types de peaux 30 ml\" \/>\n<meta property=\"og:url\" content=\"https:\/\/pranarom.ca\/produit\/camellia-precious-oil\/\" \/>\n<meta property=\"og:site_name\" content=\"Pranarom\" \/>\n<meta property=\"article:publisher\" content=\"https:\/\/www.facebook.com\/PranaromCanada\" \/>\n<meta property=\"article:modified_time\" content=\"2022-03-28T16:57:51+00:00\" \/>\n<meta property=\"og:image\" content=\"https:\/\/pranarom.ca\/wp-content\/uploads\/2021\/11\/Pranarom-HV-camelia.jpg\" \/>\n\t<meta property=\"og:image:width\" content=\"652\" \/>\n\t<meta property=\"og:image:height\" content=\"652\" \/>\n\t<meta property=\"og:image:type\" content=\"image\/jpeg\" \/>\n<meta name=\"twitter:card\" content=\"summary_large_image\" \/>\n<meta name=\"twitter:label1\" content=\"Dur\u00e9e de lecture estim\u00e9e\" \/>\n\t<meta name=\"twitter:data1\" content=\"3 minutes\" \/>\n<script type=\"application\/ld+json\" class=\"yoast-schema-graph\">{\"@context\":\"https:\/\/schema.org\",\"@graph\":[{\"@type\":\"WebPage\",\"@id\":\"https:\/\/pranarom.ca\/produit\/camellia-precious-oil\/\",\"url\":\"https:\/\/pranarom.ca\/produit\/camellia-precious-oil\/\",\"name\":\"Cam\u00e9lia \u2013 huile pr\u00e9cieuse - Pranarom\",\"isPartOf\":{\"@id\":\"https:\/\/pranarom.ca\/#website\"},\"primaryImageOfPage\":{\"@id\":\"https:\/\/pranarom.ca\/produit\/camellia-precious-oil\/#primaryimage\"},\"image\":{\"@id\":\"https:\/\/pranarom.ca\/produit\/camellia-precious-oil\/#primaryimage\"},\"thumbnailUrl\":\"https:\/\/pranarom.ca\/wp-content\/uploads\/2021\/11\/Pranarom-HV-camelia.jpg\",\"datePublished\":\"2021-11-11T16:30:28+00:00\",\"dateModified\":\"2022-03-28T16:57:51+00:00\",\"breadcrumb\":{\"@id\":\"https:\/\/pranarom.ca\/produit\/camellia-precious-oil\/#breadcrumb\"},\"inLanguage\":\"fr-FR\",\"potentialAction\":[{\"@type\":\"ReadAction\",\"target\":[\"https:\/\/pranarom.ca\/produit\/camellia-precious-oil\/\"]}]},{\"@type\":\"ImageObject\",\"inLanguage\":\"fr-FR\",\"@id\":\"https:\/\/pranarom.ca\/produit\/camellia-precious-oil\/#primaryimage\",\"url\":\"https:\/\/pranarom.ca\/wp-content\/uploads\/2021\/11\/Pranarom-HV-camelia.jpg\",\"contentUrl\":\"https:\/\/pranarom.ca\/wp-content\/uploads\/2021\/11\/Pranarom-HV-camelia.jpg\",\"width\":652,\"height\":652},{\"@type\":\"BreadcrumbList\",\"@id\":\"https:\/\/pranarom.ca\/produit\/camellia-precious-oil\/#breadcrumb\",\"itemListElement\":[{\"@type\":\"ListItem\",\"position\":1,\"name\":\"Home\",\"item\":\"https:\/\/pranarom.ca\/fr\/\"},{\"@type\":\"ListItem\",\"position\":2,\"name\":\"Shop\",\"item\":\"https:\/\/pranarom.ca\/shop\/\"},{\"@type\":\"ListItem\",\"position\":3,\"name\":\"Cam\u00e9lia \u2013 huile pr\u00e9cieuse\"}]},{\"@type\":\"WebSite\",\"@id\":\"https:\/\/pranarom.ca\/#website\",\"url\":\"https:\/\/pranarom.ca\/\",\"name\":\"Pranarom Canada\",\"description\":\"Scientific Aromatherapyy\",\"publisher\":{\"@id\":\"https:\/\/pranarom.ca\/#organization\"},\"potentialAction\":[{\"@type\":\"SearchAction\",\"target\":{\"@type\":\"EntryPoint\",\"urlTemplate\":\"https:\/\/pranarom.ca\/?s={search_term_string}\"},\"query-input\":\"required name=search_term_string\"}],\"inLanguage\":\"fr-FR\"},{\"@type\":\"Organization\",\"@id\":\"https:\/\/pranarom.ca\/#organization\",\"name\":\"Pranarom\",\"url\":\"https:\/\/pranarom.ca\/\",\"logo\":{\"@type\":\"ImageObject\",\"inLanguage\":\"fr-FR\",\"@id\":\"https:\/\/pranarom.ca\/#\/schema\/logo\/image\/\",\"url\":\"https:\/\/pranarom.ca\/wp-content\/uploads\/2019\/03\/pranalogo.png\",\"contentUrl\":\"https:\/\/pranarom.ca\/wp-content\/uploads\/2019\/03\/pranalogo.png\",\"width\":330,\"height\":100,\"caption\":\"Pranarom\"},\"image\":{\"@id\":\"https:\/\/pranarom.ca\/#\/schema\/logo\/image\/\"},\"sameAs\":[\"https:\/\/www.facebook.com\/PranaromCanada\",\"http:\/\/instagram.com\/pranaromcanada\/\",\"https:\/\/www.instagram.com\/pranaromcanada\/\"]}]}<\/script>\n<!-- \/ Yoast SEO plugin. -->","yoast_head_json":{"title":"Cam\u00e9lia \u2013 huile pr\u00e9cieuse - Pranarom","robots":{"index":"index","follow":"follow","max-snippet":"max-snippet:-1","max-image-preview":"max-image-preview:large","max-video-preview":"max-video-preview:-1"},"canonical":"https:\/\/pranarom.ca\/produit\/camellia-precious-oil\/","og_locale":"fr_FR","og_type":"article","og_title":"Cam\u00e9lia \u2013 huile pr\u00e9cieuse - Pranarom","og_description":"Huile v\u00e9g\u00e9tales 100% naturelle \u2013 biologique  Id\u00e9ale pour tous les types de peaux 30 ml","og_url":"https:\/\/pranarom.ca\/produit\/camellia-precious-oil\/","og_site_name":"Pranarom","article_publisher":"https:\/\/www.facebook.com\/PranaromCanada","article_modified_time":"2022-03-28T16:57:51+00:00","og_image":[{"width":652,"height":652,"url":"https:\/\/pranarom.ca\/wp-content\/uploads\/2021\/11\/Pranarom-HV-camelia.jpg","type":"image\/jpeg"}],"twitter_card":"summary_large_image","twitter_misc":{"Dur\u00e9e de lecture estim\u00e9e":"3 minutes"},"schema":{"@context":"https:\/\/schema.org","@graph":[{"@type":"WebPage","@id":"https:\/\/pranarom.ca\/produit\/camellia-precious-oil\/","url":"https:\/\/pranarom.ca\/produit\/camellia-precious-oil\/","name":"Cam\u00e9lia \u2013 huile pr\u00e9cieuse - Pranarom","isPartOf":{"@id":"https:\/\/pranarom.ca\/#website"},"primaryImageOfPage":{"@id":"https:\/\/pranarom.ca\/produit\/camellia-precious-oil\/#primaryimage"},"image":{"@id":"https:\/\/pranarom.ca\/produit\/camellia-precious-oil\/#primaryimage"},"thumbnailUrl":"https:\/\/pranarom.ca\/wp-content\/uploads\/2021\/11\/Pranarom-HV-camelia.jpg","datePublished":"2021-11-11T16:30:28+00:00","dateModified":"2022-03-28T16:57:51+00:00","breadcrumb":{"@id":"https:\/\/pranarom.ca\/produit\/camellia-precious-oil\/#breadcrumb"},"inLanguage":"fr-FR","potentialAction":[{"@type":"ReadAction","target":["https:\/\/pranarom.ca\/produit\/camellia-precious-oil\/"]}]},{"@type":"ImageObject","inLanguage":"fr-FR","@id":"https:\/\/pranarom.ca\/produit\/camellia-precious-oil\/#primaryimage","url":"https:\/\/pranarom.ca\/wp-content\/uploads\/2021\/11\/Pranarom-HV-camelia.jpg","contentUrl":"https:\/\/pranarom.ca\/wp-content\/uploads\/2021\/11\/Pranarom-HV-camelia.jpg","width":652,"height":652},{"@type":"BreadcrumbList","@id":"https:\/\/pranarom.ca\/produit\/camellia-precious-oil\/#breadcrumb","itemListElement":[{"@type":"ListItem","position":1,"name":"Home","item":"https:\/\/pranarom.ca\/fr\/"},{"@type":"ListItem","position":2,"name":"Shop","item":"https:\/\/pranarom.ca\/shop\/"},{"@type":"ListItem","position":3,"name":"Cam\u00e9lia \u2013 huile pr\u00e9cieuse"}]},{"@type":"WebSite","@id":"https:\/\/pranarom.ca\/#website","url":"https:\/\/pranarom.ca\/","name":"Pranarom Canada","description":"Scientific Aromatherapyy","publisher":{"@id":"https:\/\/pranarom.ca\/#organization"},"potentialAction":[{"@type":"SearchAction","target":{"@type":"EntryPoint","urlTemplate":"https:\/\/pranarom.ca\/?s={search_term_string}"},"query-input":"required name=search_term_string"}],"inLanguage":"fr-FR"},{"@type":"Organization","@id":"https:\/\/pranarom.ca\/#organization","name":"Pranarom","url":"https:\/\/pranarom.ca\/","logo":{"@type":"ImageObject","inLanguage":"fr-FR","@id":"https:\/\/pranarom.ca\/#\/schema\/logo\/image\/","url":"https:\/\/pranarom.ca\/wp-content\/uploads\/2019\/03\/pranalogo.png","contentUrl":"https:\/\/pranarom.ca\/wp-content\/uploads\/2019\/03\/pranalogo.png","width":330,"height":100,"caption":"Pranarom"},"image":{"@id":"https:\/\/pranarom.ca\/#\/schema\/logo\/image\/"},"sameAs":["https:\/\/www.facebook.com\/PranaromCanada","http:\/\/instagram.com\/pranaromcanada\/","https:\/\/www.instagram.com\/pranaromcanada\/"]}]}},"jetpack_sharing_enabled":true,"_links":{"self":[{"href":"https:\/\/pranarom.ca\/fr\/wp-json\/wp\/v2\/product\/59347"}],"collection":[{"href":"https:\/\/pranarom.ca\/fr\/wp-json\/wp\/v2\/product"}],"about":[{"href":"https:\/\/pranarom.ca\/fr\/wp-json\/wp\/v2\/types\/product"}],"replies":[{"embeddable":true,"href":"https:\/\/pranarom.ca\/fr\/wp-json\/wp\/v2\/comments?post=59347"}],"wp:featuredmedia":[{"embeddable":true,"href":"https:\/\/pranarom.ca\/fr\/wp-json\/wp\/v2\/media\/59331"}],"wp:attachment":[{"href":"https:\/\/pranarom.ca\/fr\/wp-json\/wp\/v2\/media?parent=59347"}],"wp:term":[{"taxonomy":"product_cat","embeddable":true,"href":"https:\/\/pranarom.ca\/fr\/wp-json\/wp\/v2\/product_cat?post=59347"},{"taxonomy":"product_tag","embeddable":true,"href":"https:\/\/pranarom.ca\/fr\/wp-json\/wp\/v2\/product_tag?post=59347"}],"curies":[{"name":"wp","href":"https:\/\/api.w.org\/{rel}","templated":true}]}}