{"id":59154,"date":"2021-08-18T15:49:40","date_gmt":"2021-08-18T15:49:40","guid":{"rendered":"https:\/\/pranarom.ca\/product\/lavande-perles-dhuile-essentielle\/"},"modified":"2022-03-28T16:41:13","modified_gmt":"2022-03-28T16:41:13","slug":"lavande-perles-dhuile-essentielle","status":"publish","type":"product","link":"https:\/\/pranarom.ca\/fr\/produit\/lavande-perles-dhuile-essentielle\/","title":{"rendered":"Lavande perles d\u2019huile essentielle"},"content":{"rendered":"<p><strong>Utilis\u00e9 en phytoth\u00e9rapie<\/strong>\u00a0pour aider le sommeil.<\/p>\n<p><strong>Utilis\u00e9 traditionnellement en phytoth\u00e9rapie<\/strong>\u00a0pour aider \u00e0 soulager des sympt\u00f4mes l\u00e9gers de stress mental et d\u2019\u00e9puisement ainsi pour aider \u00e0 soulager les inconforts digestifs l\u00e9gers.<\/p>\n<hr \/>\n<h2>Ingr\u00e9dients :<\/h2>\n<p><em>Lavandula angustifolia<\/em>* (huile essentielle de lavande) (sommit\u00e9 en fleurs (herbe)) \u2026 40 mcl<\/p>\n<p>Ingr\u00e9dients non-m\u00e9dicinaux : Huile de tournesol*, g\u00e9latine*, glyc\u00e9rine*, tocoph\u00e9rols<\/p>\n<p><em>*Ingr\u00e9dient issu de l\u2019agriculture biologique (contr\u00f4le Certisys BE-BIO-01)<br \/>\n<\/em><em>BIO signifie : issu de l\u2019agriculture biologique (contr\u00f4le Certisys BE-BIO-01)<\/em><\/p>\n<hr \/>\n<h2>Conseils d\u2019utilisation :<\/h2>\n<p>Adultes et adolescents (12 ans et plus) prendre 1 capsule 1-6 fois par jour ou tel que prescrit par un praticien de soins de la sant\u00e9.<\/p>\n<p><strong>Pour aider \u00e0 trouver le sommeil\u00a0:<\/strong>\u00a0prendre avant le coucher.<\/p>\n<p><strong>Ne pas utiliser<\/strong>\u00a0de fa\u00e7on continue pour plus de 3 semaines sans avoir pris une pause d\u2019au moins 1 semaine.<\/p>\n<hr \/>\n<h2>Pr\u00e9cautions et mises en garde\u00a0:<\/h2>\n<p><strong>Consulter un praticien de soins de sant\u00e9 avant d\u2019en faire l\u2019usage\u00a0<\/strong>si vous souffrez de douleurs abdominales aig\u00fces, ou si vous souffrez d\u2019un trouble du foie.<\/p>\n<p><strong>Consulter un praticien de soins de sant\u00e9<\/strong>\u00a0si les sympt\u00f4mes de stress mental et\/ou digestifs persistent ou cie s\u2019aggravent.<\/p>\n<p><strong>Faire preuve de prudence<\/strong>\u00a0si vous utilisez de la machinerie lourde ou tout autre v\u00e9hicule motoris\u00e9 ou si vous devez entreprendre des activit\u00e9s qui requi\u00e8rent de la vigilance.<\/p>\n<hr \/>\n<h2>Contre-indication :<\/h2>\n<p><strong>Ne pas utiliser<\/strong>\u00a0si vous \u00eates enceinte ou si vous allaitez, ou si vous \u00eates allergique au poisson (g\u00e9latine).<\/p>\n<hr \/>\n<h2>R\u00e9actions ind\u00e9sirables connues\u00a0:<\/h2>\n<p>Une hypersensibilit\u00e9 (e.g. allergie), de l\u2019irritation et de l\u2019inconfort gastro-intestinal (e.g. naus\u00e9es et vomissements) peuvent se manifester; si tel est le cas, cesser l\u2019utilisation.<\/p>\n<hr \/>\n<p>Ne pas utiliser si le sceau de s\u00e9curit\u00e9 est bris\u00e9 ou absent.<\/p>\n<p>Garder hors de la port\u00e9e des enfants.<\/p>\n<p>Garder dans un endroit frais et sec, \u00e0 l\u2019abri de la lumi\u00e8re.<\/p>\n<hr \/>\n<h2>NPN :<\/h2>\n<p>80106053<\/p>\n","protected":false},"excerpt":{"rendered":"<p><strong>Mini-capsules BIO pr\u00e9dos\u00e9es \u00e0 l\u2019huile essentielle 100% pure et naturelle de Lavande<\/strong><\/p>\n<p>Format pratique | Facile \u00e0 avaler | Go\u00fbt neutre<\/p>\n<p>60 capsules<\/p>\n","protected":false},"featured_media":59024,"comment_status":"open","ping_status":"closed","template":"","meta":{"_et_pb_use_builder":"","_et_pb_old_content":"","_et_gb_content_width":""},"product_cat":[326,332,329],"product_tag":[],"acf":[],"yoast_head":"<!-- This site is optimized with the Yoast SEO plugin v22.6 - https:\/\/yoast.com\/wordpress\/plugins\/seo\/ -->\n<title>Lavande perles d\u2019huile essentielle - Pranarom<\/title>\n<meta name=\"robots\" content=\"index, follow, max-snippet:-1, max-image-preview:large, max-video-preview:-1\" \/>\n<link rel=\"canonical\" href=\"https:\/\/pranarom.ca\/produit\/lavender-essential-oil-pearls\/\" \/>\n<meta property=\"og:locale\" content=\"fr_FR\" \/>\n<meta property=\"og:type\" content=\"article\" \/>\n<meta property=\"og:title\" content=\"Lavande perles d\u2019huile essentielle - Pranarom\" \/>\n<meta property=\"og:description\" content=\"Mini-capsules BIO pr\u00e9dos\u00e9es \u00e0 l\u2019huile essentielle 100% pure et naturelle de Lavande  Format pratique | Facile \u00e0 avaler | Go\u00fbt neutre  60 capsules\" \/>\n<meta property=\"og:url\" content=\"https:\/\/pranarom.ca\/produit\/lavender-essential-oil-pearls\/\" \/>\n<meta property=\"og:site_name\" content=\"Pranarom\" \/>\n<meta property=\"article:publisher\" content=\"https:\/\/www.facebook.com\/PranaromCanada\" \/>\n<meta property=\"article:modified_time\" content=\"2022-03-28T16:41:13+00:00\" \/>\n<meta property=\"og:image\" content=\"https:\/\/pranarom.ca\/wp-content\/uploads\/2021\/04\/P-MC34_Lavande.png\" \/>\n\t<meta property=\"og:image:width\" content=\"1500\" \/>\n\t<meta property=\"og:image:height\" content=\"1500\" \/>\n\t<meta property=\"og:image:type\" content=\"image\/png\" \/>\n<meta name=\"twitter:card\" content=\"summary_large_image\" \/>\n<meta name=\"twitter:label1\" content=\"Dur\u00e9e de lecture estim\u00e9e\" \/>\n\t<meta name=\"twitter:data1\" content=\"2 minutes\" \/>\n<script type=\"application\/ld+json\" class=\"yoast-schema-graph\">{\"@context\":\"https:\/\/schema.org\",\"@graph\":[{\"@type\":\"WebPage\",\"@id\":\"https:\/\/pranarom.ca\/produit\/lavender-essential-oil-pearls\/\",\"url\":\"https:\/\/pranarom.ca\/produit\/lavender-essential-oil-pearls\/\",\"name\":\"Lavande perles d\u2019huile essentielle - Pranarom\",\"isPartOf\":{\"@id\":\"https:\/\/pranarom.ca\/#website\"},\"primaryImageOfPage\":{\"@id\":\"https:\/\/pranarom.ca\/produit\/lavender-essential-oil-pearls\/#primaryimage\"},\"image\":{\"@id\":\"https:\/\/pranarom.ca\/produit\/lavender-essential-oil-pearls\/#primaryimage\"},\"thumbnailUrl\":\"https:\/\/pranarom.ca\/wp-content\/uploads\/2021\/04\/P-MC34_Lavande.png\",\"datePublished\":\"2021-08-18T15:49:40+00:00\",\"dateModified\":\"2022-03-28T16:41:13+00:00\",\"breadcrumb\":{\"@id\":\"https:\/\/pranarom.ca\/produit\/lavender-essential-oil-pearls\/#breadcrumb\"},\"inLanguage\":\"fr-FR\",\"potentialAction\":[{\"@type\":\"ReadAction\",\"target\":[\"https:\/\/pranarom.ca\/produit\/lavender-essential-oil-pearls\/\"]}]},{\"@type\":\"ImageObject\",\"inLanguage\":\"fr-FR\",\"@id\":\"https:\/\/pranarom.ca\/produit\/lavender-essential-oil-pearls\/#primaryimage\",\"url\":\"https:\/\/pranarom.ca\/wp-content\/uploads\/2021\/04\/P-MC34_Lavande.png\",\"contentUrl\":\"https:\/\/pranarom.ca\/wp-content\/uploads\/2021\/04\/P-MC34_Lavande.png\",\"width\":1500,\"height\":1500},{\"@type\":\"BreadcrumbList\",\"@id\":\"https:\/\/pranarom.ca\/produit\/lavender-essential-oil-pearls\/#breadcrumb\",\"itemListElement\":[{\"@type\":\"ListItem\",\"position\":1,\"name\":\"Home\",\"item\":\"https:\/\/pranarom.ca\/fr\/\"},{\"@type\":\"ListItem\",\"position\":2,\"name\":\"Shop\",\"item\":\"https:\/\/pranarom.ca\/shop\/\"},{\"@type\":\"ListItem\",\"position\":3,\"name\":\"Lavande perles d\u2019huile essentielle\"}]},{\"@type\":\"WebSite\",\"@id\":\"https:\/\/pranarom.ca\/#website\",\"url\":\"https:\/\/pranarom.ca\/\",\"name\":\"Pranarom Canada\",\"description\":\"Scientific Aromatherapyy\",\"publisher\":{\"@id\":\"https:\/\/pranarom.ca\/#organization\"},\"potentialAction\":[{\"@type\":\"SearchAction\",\"target\":{\"@type\":\"EntryPoint\",\"urlTemplate\":\"https:\/\/pranarom.ca\/?s={search_term_string}\"},\"query-input\":\"required name=search_term_string\"}],\"inLanguage\":\"fr-FR\"},{\"@type\":\"Organization\",\"@id\":\"https:\/\/pranarom.ca\/#organization\",\"name\":\"Pranarom\",\"url\":\"https:\/\/pranarom.ca\/\",\"logo\":{\"@type\":\"ImageObject\",\"inLanguage\":\"fr-FR\",\"@id\":\"https:\/\/pranarom.ca\/#\/schema\/logo\/image\/\",\"url\":\"https:\/\/pranarom.ca\/wp-content\/uploads\/2019\/03\/pranalogo.png\",\"contentUrl\":\"https:\/\/pranarom.ca\/wp-content\/uploads\/2019\/03\/pranalogo.png\",\"width\":330,\"height\":100,\"caption\":\"Pranarom\"},\"image\":{\"@id\":\"https:\/\/pranarom.ca\/#\/schema\/logo\/image\/\"},\"sameAs\":[\"https:\/\/www.facebook.com\/PranaromCanada\",\"http:\/\/instagram.com\/pranaromcanada\/\",\"https:\/\/www.instagram.com\/pranaromcanada\/\"]}]}<\/script>\n<!-- \/ Yoast SEO plugin. -->","yoast_head_json":{"title":"Lavande perles d\u2019huile essentielle - Pranarom","robots":{"index":"index","follow":"follow","max-snippet":"max-snippet:-1","max-image-preview":"max-image-preview:large","max-video-preview":"max-video-preview:-1"},"canonical":"https:\/\/pranarom.ca\/produit\/lavender-essential-oil-pearls\/","og_locale":"fr_FR","og_type":"article","og_title":"Lavande perles d\u2019huile essentielle - Pranarom","og_description":"Mini-capsules BIO pr\u00e9dos\u00e9es \u00e0 l\u2019huile essentielle 100% pure et naturelle de Lavande  Format pratique | Facile \u00e0 avaler | Go\u00fbt neutre  60 capsules","og_url":"https:\/\/pranarom.ca\/produit\/lavender-essential-oil-pearls\/","og_site_name":"Pranarom","article_publisher":"https:\/\/www.facebook.com\/PranaromCanada","article_modified_time":"2022-03-28T16:41:13+00:00","og_image":[{"width":1500,"height":1500,"url":"https:\/\/pranarom.ca\/wp-content\/uploads\/2021\/04\/P-MC34_Lavande.png","type":"image\/png"}],"twitter_card":"summary_large_image","twitter_misc":{"Dur\u00e9e de lecture estim\u00e9e":"2 minutes"},"schema":{"@context":"https:\/\/schema.org","@graph":[{"@type":"WebPage","@id":"https:\/\/pranarom.ca\/produit\/lavender-essential-oil-pearls\/","url":"https:\/\/pranarom.ca\/produit\/lavender-essential-oil-pearls\/","name":"Lavande perles d\u2019huile essentielle - Pranarom","isPartOf":{"@id":"https:\/\/pranarom.ca\/#website"},"primaryImageOfPage":{"@id":"https:\/\/pranarom.ca\/produit\/lavender-essential-oil-pearls\/#primaryimage"},"image":{"@id":"https:\/\/pranarom.ca\/produit\/lavender-essential-oil-pearls\/#primaryimage"},"thumbnailUrl":"https:\/\/pranarom.ca\/wp-content\/uploads\/2021\/04\/P-MC34_Lavande.png","datePublished":"2021-08-18T15:49:40+00:00","dateModified":"2022-03-28T16:41:13+00:00","breadcrumb":{"@id":"https:\/\/pranarom.ca\/produit\/lavender-essential-oil-pearls\/#breadcrumb"},"inLanguage":"fr-FR","potentialAction":[{"@type":"ReadAction","target":["https:\/\/pranarom.ca\/produit\/lavender-essential-oil-pearls\/"]}]},{"@type":"ImageObject","inLanguage":"fr-FR","@id":"https:\/\/pranarom.ca\/produit\/lavender-essential-oil-pearls\/#primaryimage","url":"https:\/\/pranarom.ca\/wp-content\/uploads\/2021\/04\/P-MC34_Lavande.png","contentUrl":"https:\/\/pranarom.ca\/wp-content\/uploads\/2021\/04\/P-MC34_Lavande.png","width":1500,"height":1500},{"@type":"BreadcrumbList","@id":"https:\/\/pranarom.ca\/produit\/lavender-essential-oil-pearls\/#breadcrumb","itemListElement":[{"@type":"ListItem","position":1,"name":"Home","item":"https:\/\/pranarom.ca\/fr\/"},{"@type":"ListItem","position":2,"name":"Shop","item":"https:\/\/pranarom.ca\/shop\/"},{"@type":"ListItem","position":3,"name":"Lavande perles d\u2019huile essentielle"}]},{"@type":"WebSite","@id":"https:\/\/pranarom.ca\/#website","url":"https:\/\/pranarom.ca\/","name":"Pranarom Canada","description":"Scientific Aromatherapyy","publisher":{"@id":"https:\/\/pranarom.ca\/#organization"},"potentialAction":[{"@type":"SearchAction","target":{"@type":"EntryPoint","urlTemplate":"https:\/\/pranarom.ca\/?s={search_term_string}"},"query-input":"required name=search_term_string"}],"inLanguage":"fr-FR"},{"@type":"Organization","@id":"https:\/\/pranarom.ca\/#organization","name":"Pranarom","url":"https:\/\/pranarom.ca\/","logo":{"@type":"ImageObject","inLanguage":"fr-FR","@id":"https:\/\/pranarom.ca\/#\/schema\/logo\/image\/","url":"https:\/\/pranarom.ca\/wp-content\/uploads\/2019\/03\/pranalogo.png","contentUrl":"https:\/\/pranarom.ca\/wp-content\/uploads\/2019\/03\/pranalogo.png","width":330,"height":100,"caption":"Pranarom"},"image":{"@id":"https:\/\/pranarom.ca\/#\/schema\/logo\/image\/"},"sameAs":["https:\/\/www.facebook.com\/PranaromCanada","http:\/\/instagram.com\/pranaromcanada\/","https:\/\/www.instagram.com\/pranaromcanada\/"]}]}},"jetpack_sharing_enabled":true,"_links":{"self":[{"href":"https:\/\/pranarom.ca\/fr\/wp-json\/wp\/v2\/product\/59154"}],"collection":[{"href":"https:\/\/pranarom.ca\/fr\/wp-json\/wp\/v2\/product"}],"about":[{"href":"https:\/\/pranarom.ca\/fr\/wp-json\/wp\/v2\/types\/product"}],"replies":[{"embeddable":true,"href":"https:\/\/pranarom.ca\/fr\/wp-json\/wp\/v2\/comments?post=59154"}],"wp:featuredmedia":[{"embeddable":true,"href":"https:\/\/pranarom.ca\/fr\/wp-json\/wp\/v2\/media\/59024"}],"wp:attachment":[{"href":"https:\/\/pranarom.ca\/fr\/wp-json\/wp\/v2\/media?parent=59154"}],"wp:term":[{"taxonomy":"product_cat","embeddable":true,"href":"https:\/\/pranarom.ca\/fr\/wp-json\/wp\/v2\/product_cat?post=59154"},{"taxonomy":"product_tag","embeddable":true,"href":"https:\/\/pranarom.ca\/fr\/wp-json\/wp\/v2\/product_tag?post=59154"}],"curies":[{"name":"wp","href":"https:\/\/api.w.org\/{rel}","templated":true}]}}