{"id":59045,"date":"2021-06-17T19:02:34","date_gmt":"2021-06-17T19:02:34","guid":{"rendered":"https:\/\/pranarom.ca\/?post_type=product&#038;p=59045"},"modified":"2021-06-17T19:11:03","modified_gmt":"2021-06-17T19:11:03","slug":"calabria","status":"publish","type":"product","link":"https:\/\/pranarom.ca\/fr\/produit\/calabria\/","title":{"rendered":"Calabria"},"content":{"rendered":"<p>Nouvelle synergie \u00e0 diffuser de la s\u00e9rie Destination<\/p>\n<hr \/>\n<p><strong>Un moment d\u2019\u00e9vasion vers la M\u00e9diterran\u00e9e ensoleill\u00e9e<\/strong><\/p>\n<p><strong>Les nouveaux m\u00e9langes \u00e0 diffuser de la s\u00e9rie Destination\u00a0<\/strong>capturent les essences d\u2019agrumes et d\u2019herbes qui poussent dans tout le bassin m\u00e9diterran\u00e9en pour ainsi cr\u00e9er un parfum d\u2019int\u00e9rieur original. Harmonieux mais distinct \u2013 tout comme les plantes dont ils sont issus \u2013 chaque m\u00e9lange est une ode \u00e0 la beaut\u00e9 de cette terre de ciel et de mer.<\/p>\n<p><strong>Visitez la r\u00e9gion aromatique de la Calabre, en Italie, avec ce m\u00e9lange frais d\u2019agrumes compos\u00e9 de pamplemousse, de bergamote ainsi que de fenouil et de cypr\u00e8s.<\/strong><\/p>\n<hr \/>\n<h2>Ingr\u00e9dients :<\/h2>\n<p>Huiles essentielles biologiques de Citrus aurantium bergamia* (Bergamote), Copaifera officinalis* (Baume de copahu), Citrus paradisii* (Pamplemousse), Foeniculum vulgare* (Fenouil), Cinnamomum camphora* (Bois de H\u00f4), Cupressus sempervirens* (Cypr\u00e8s).<\/p>\n<p>*Certifi\u00e9 biologique par ECOCERT SA.<\/p>\n<hr \/>\n<h2>Conseils d\u2019utilisation :<\/h2>\n<p>4-6 gouttes peuvent \u00eatre ajout\u00e9es non-dilu\u00e9es dans le diffuseur (ultrasonique, atmosph\u00e9rique).<\/p>\n<p>La dur\u00e9e de diffusion et le d\u00e9bit varient selon la dimension de la pi\u00e8ce.<\/p>\n<p>Disposer le diffuseur afin d\u2019\u00e9viter le contact direct avec le visage ou les yeux.<\/p>\n<p>Toujours suivre les instructions du diffuseur utilis\u00e9.<\/p>\n<hr \/>\n<h2>Mises en garde :<\/h2>\n<p>Garder hors de la port\u00e9e des enfants.<\/p>\n<p>Usage externe seulement.<\/p>\n<p>Ne pas diffuser dans la chambre d\u2019enfants de moins de 6 ans.<\/p>\n<p>Ne pas utiliser pendant la grossesse ou l\u2019allaitement.<\/p>\n<p>Les animaux r\u00e9agissent aussi \u00e0 la diffusion.<\/p>\n<p>En cas d\u2019ingestion, chercher de l\u2019aide m\u00e9dicale de toute urgence ou consulter un centre antipoison.<\/p>\n<p>Si vous souffrez d\u2019\u00e9pilepsie ou d\u2019asthme, consulter un praticien en soins de sant\u00e9 avant l\u2019utilisation.<\/p>\n<p>\u00c9viter le contact avec les yeux et les muqueuses; en cas de contact, rincer abondamment avec de l\u2019eau ou de l\u2019huile v\u00e9g\u00e9tale.<\/p>\n<p>Si vous avez des naus\u00e9es, des \u00e9tourdissements, des maux de t\u00eate ou une r\u00e9action allergique, cessez l\u2019utilisation.<\/p>\n<hr \/>\n<h2>Diffuseurs Pranarom disponibles :<\/h2>\n<ul>\n<li><a href=\"https:\/\/pranarom.ca\/fr\/produit\/hiko-diffuseur-ultrasonique\/\">Hiko<\/a><\/li>\n<li><a href=\"https:\/\/pranarom.ca\/fr\/produit\/bulle-diffusion-a-sec-sans-eau-et-facile-a-utiliser\/\">Bulle<\/a><\/li>\n<\/ul>\n","protected":false},"excerpt":{"rendered":"<p><em>Pompelmo di\u00a0<\/em><strong>CALABRIA\u00a0<\/strong>\u2013 <em>Pamplemousse, Fenouil et Bergamote<\/em><\/p>\n<p>Cette diffusion contient des huiles essentielles ch\u00e9motyp\u00e9es 100% pures et naturelles<\/p>\n<p>15 ml | Biologique<\/p>\n","protected":false},"featured_media":58985,"comment_status":"open","ping_status":"closed","template":"","meta":{"_et_pb_use_builder":"","_et_pb_old_content":"","_et_gb_content_width":""},"product_cat":[377,535,534,506,633,631,326],"product_tag":[],"acf":[],"yoast_head":"<!-- This site is optimized with the Yoast SEO plugin v22.6 - https:\/\/yoast.com\/wordpress\/plugins\/seo\/ -->\n<title>Calabria - Pranarom<\/title>\n<meta name=\"robots\" content=\"index, follow, max-snippet:-1, max-image-preview:large, max-video-preview:-1\" \/>\n<link rel=\"canonical\" href=\"https:\/\/pranarom.ca\/produit\/calabria\/\" \/>\n<meta property=\"og:locale\" content=\"fr_FR\" \/>\n<meta property=\"og:type\" content=\"article\" \/>\n<meta property=\"og:title\" content=\"Calabria - Pranarom\" \/>\n<meta property=\"og:description\" content=\"Pompelmo di\u00a0CALABRIA\u00a0\u2013 Pamplemousse, Fenouil et Bergamote  Cette diffusion contient des huiles essentielles ch\u00e9motyp\u00e9es 100% pures et naturelles  15 ml | Biologique\" \/>\n<meta property=\"og:url\" content=\"https:\/\/pranarom.ca\/produit\/calabria\/\" \/>\n<meta property=\"og:site_name\" content=\"Pranarom\" \/>\n<meta property=\"article:publisher\" content=\"https:\/\/www.facebook.com\/PranaromCanada\" \/>\n<meta property=\"article:modified_time\" content=\"2021-06-17T19:11:03+00:00\" \/>\n<meta property=\"og:image\" content=\"https:\/\/pranarom.ca\/wp-content\/uploads\/2021\/06\/P-DF15-CALABRIA_FR.png\" \/>\n\t<meta property=\"og:image:width\" content=\"1500\" \/>\n\t<meta property=\"og:image:height\" content=\"1500\" \/>\n\t<meta property=\"og:image:type\" content=\"image\/png\" \/>\n<meta name=\"twitter:card\" content=\"summary_large_image\" \/>\n<meta name=\"twitter:label1\" content=\"Dur\u00e9e de lecture estim\u00e9e\" \/>\n\t<meta name=\"twitter:data1\" content=\"2 minutes\" \/>\n<script type=\"application\/ld+json\" class=\"yoast-schema-graph\">{\"@context\":\"https:\/\/schema.org\",\"@graph\":[{\"@type\":\"WebPage\",\"@id\":\"https:\/\/pranarom.ca\/produit\/calabria\/\",\"url\":\"https:\/\/pranarom.ca\/produit\/calabria\/\",\"name\":\"Calabria - Pranarom\",\"isPartOf\":{\"@id\":\"https:\/\/pranarom.ca\/#website\"},\"primaryImageOfPage\":{\"@id\":\"https:\/\/pranarom.ca\/produit\/calabria\/#primaryimage\"},\"image\":{\"@id\":\"https:\/\/pranarom.ca\/produit\/calabria\/#primaryimage\"},\"thumbnailUrl\":\"https:\/\/pranarom.ca\/wp-content\/uploads\/2021\/06\/P-DF15-CALABRIA_FR.png\",\"datePublished\":\"2021-06-17T19:02:34+00:00\",\"dateModified\":\"2021-06-17T19:11:03+00:00\",\"breadcrumb\":{\"@id\":\"https:\/\/pranarom.ca\/produit\/calabria\/#breadcrumb\"},\"inLanguage\":\"fr-FR\",\"potentialAction\":[{\"@type\":\"ReadAction\",\"target\":[\"https:\/\/pranarom.ca\/produit\/calabria\/\"]}]},{\"@type\":\"ImageObject\",\"inLanguage\":\"fr-FR\",\"@id\":\"https:\/\/pranarom.ca\/produit\/calabria\/#primaryimage\",\"url\":\"https:\/\/pranarom.ca\/wp-content\/uploads\/2021\/06\/P-DF15-CALABRIA_FR.png\",\"contentUrl\":\"https:\/\/pranarom.ca\/wp-content\/uploads\/2021\/06\/P-DF15-CALABRIA_FR.png\",\"width\":1500,\"height\":1500},{\"@type\":\"BreadcrumbList\",\"@id\":\"https:\/\/pranarom.ca\/produit\/calabria\/#breadcrumb\",\"itemListElement\":[{\"@type\":\"ListItem\",\"position\":1,\"name\":\"Home\",\"item\":\"https:\/\/pranarom.ca\/fr\/\"},{\"@type\":\"ListItem\",\"position\":2,\"name\":\"Shop\",\"item\":\"https:\/\/pranarom.ca\/shop\/\"},{\"@type\":\"ListItem\",\"position\":3,\"name\":\"Calabria\"}]},{\"@type\":\"WebSite\",\"@id\":\"https:\/\/pranarom.ca\/#website\",\"url\":\"https:\/\/pranarom.ca\/\",\"name\":\"Pranarom Canada\",\"description\":\"Scientific Aromatherapyy\",\"publisher\":{\"@id\":\"https:\/\/pranarom.ca\/#organization\"},\"potentialAction\":[{\"@type\":\"SearchAction\",\"target\":{\"@type\":\"EntryPoint\",\"urlTemplate\":\"https:\/\/pranarom.ca\/?s={search_term_string}\"},\"query-input\":\"required name=search_term_string\"}],\"inLanguage\":\"fr-FR\"},{\"@type\":\"Organization\",\"@id\":\"https:\/\/pranarom.ca\/#organization\",\"name\":\"Pranarom\",\"url\":\"https:\/\/pranarom.ca\/\",\"logo\":{\"@type\":\"ImageObject\",\"inLanguage\":\"fr-FR\",\"@id\":\"https:\/\/pranarom.ca\/#\/schema\/logo\/image\/\",\"url\":\"https:\/\/pranarom.ca\/wp-content\/uploads\/2019\/03\/pranalogo.png\",\"contentUrl\":\"https:\/\/pranarom.ca\/wp-content\/uploads\/2019\/03\/pranalogo.png\",\"width\":330,\"height\":100,\"caption\":\"Pranarom\"},\"image\":{\"@id\":\"https:\/\/pranarom.ca\/#\/schema\/logo\/image\/\"},\"sameAs\":[\"https:\/\/www.facebook.com\/PranaromCanada\",\"http:\/\/instagram.com\/pranaromcanada\/\",\"https:\/\/www.instagram.com\/pranaromcanada\/\"]}]}<\/script>\n<!-- \/ Yoast SEO plugin. -->","yoast_head_json":{"title":"Calabria - Pranarom","robots":{"index":"index","follow":"follow","max-snippet":"max-snippet:-1","max-image-preview":"max-image-preview:large","max-video-preview":"max-video-preview:-1"},"canonical":"https:\/\/pranarom.ca\/produit\/calabria\/","og_locale":"fr_FR","og_type":"article","og_title":"Calabria - Pranarom","og_description":"Pompelmo di\u00a0CALABRIA\u00a0\u2013 Pamplemousse, Fenouil et Bergamote  Cette diffusion contient des huiles essentielles ch\u00e9motyp\u00e9es 100% pures et naturelles  15 ml | Biologique","og_url":"https:\/\/pranarom.ca\/produit\/calabria\/","og_site_name":"Pranarom","article_publisher":"https:\/\/www.facebook.com\/PranaromCanada","article_modified_time":"2021-06-17T19:11:03+00:00","og_image":[{"width":1500,"height":1500,"url":"https:\/\/pranarom.ca\/wp-content\/uploads\/2021\/06\/P-DF15-CALABRIA_FR.png","type":"image\/png"}],"twitter_card":"summary_large_image","twitter_misc":{"Dur\u00e9e de lecture estim\u00e9e":"2 minutes"},"schema":{"@context":"https:\/\/schema.org","@graph":[{"@type":"WebPage","@id":"https:\/\/pranarom.ca\/produit\/calabria\/","url":"https:\/\/pranarom.ca\/produit\/calabria\/","name":"Calabria - Pranarom","isPartOf":{"@id":"https:\/\/pranarom.ca\/#website"},"primaryImageOfPage":{"@id":"https:\/\/pranarom.ca\/produit\/calabria\/#primaryimage"},"image":{"@id":"https:\/\/pranarom.ca\/produit\/calabria\/#primaryimage"},"thumbnailUrl":"https:\/\/pranarom.ca\/wp-content\/uploads\/2021\/06\/P-DF15-CALABRIA_FR.png","datePublished":"2021-06-17T19:02:34+00:00","dateModified":"2021-06-17T19:11:03+00:00","breadcrumb":{"@id":"https:\/\/pranarom.ca\/produit\/calabria\/#breadcrumb"},"inLanguage":"fr-FR","potentialAction":[{"@type":"ReadAction","target":["https:\/\/pranarom.ca\/produit\/calabria\/"]}]},{"@type":"ImageObject","inLanguage":"fr-FR","@id":"https:\/\/pranarom.ca\/produit\/calabria\/#primaryimage","url":"https:\/\/pranarom.ca\/wp-content\/uploads\/2021\/06\/P-DF15-CALABRIA_FR.png","contentUrl":"https:\/\/pranarom.ca\/wp-content\/uploads\/2021\/06\/P-DF15-CALABRIA_FR.png","width":1500,"height":1500},{"@type":"BreadcrumbList","@id":"https:\/\/pranarom.ca\/produit\/calabria\/#breadcrumb","itemListElement":[{"@type":"ListItem","position":1,"name":"Home","item":"https:\/\/pranarom.ca\/fr\/"},{"@type":"ListItem","position":2,"name":"Shop","item":"https:\/\/pranarom.ca\/shop\/"},{"@type":"ListItem","position":3,"name":"Calabria"}]},{"@type":"WebSite","@id":"https:\/\/pranarom.ca\/#website","url":"https:\/\/pranarom.ca\/","name":"Pranarom Canada","description":"Scientific Aromatherapyy","publisher":{"@id":"https:\/\/pranarom.ca\/#organization"},"potentialAction":[{"@type":"SearchAction","target":{"@type":"EntryPoint","urlTemplate":"https:\/\/pranarom.ca\/?s={search_term_string}"},"query-input":"required name=search_term_string"}],"inLanguage":"fr-FR"},{"@type":"Organization","@id":"https:\/\/pranarom.ca\/#organization","name":"Pranarom","url":"https:\/\/pranarom.ca\/","logo":{"@type":"ImageObject","inLanguage":"fr-FR","@id":"https:\/\/pranarom.ca\/#\/schema\/logo\/image\/","url":"https:\/\/pranarom.ca\/wp-content\/uploads\/2019\/03\/pranalogo.png","contentUrl":"https:\/\/pranarom.ca\/wp-content\/uploads\/2019\/03\/pranalogo.png","width":330,"height":100,"caption":"Pranarom"},"image":{"@id":"https:\/\/pranarom.ca\/#\/schema\/logo\/image\/"},"sameAs":["https:\/\/www.facebook.com\/PranaromCanada","http:\/\/instagram.com\/pranaromcanada\/","https:\/\/www.instagram.com\/pranaromcanada\/"]}]}},"jetpack_sharing_enabled":true,"_links":{"self":[{"href":"https:\/\/pranarom.ca\/fr\/wp-json\/wp\/v2\/product\/59045"}],"collection":[{"href":"https:\/\/pranarom.ca\/fr\/wp-json\/wp\/v2\/product"}],"about":[{"href":"https:\/\/pranarom.ca\/fr\/wp-json\/wp\/v2\/types\/product"}],"replies":[{"embeddable":true,"href":"https:\/\/pranarom.ca\/fr\/wp-json\/wp\/v2\/comments?post=59045"}],"wp:featuredmedia":[{"embeddable":true,"href":"https:\/\/pranarom.ca\/fr\/wp-json\/wp\/v2\/media\/58985"}],"wp:attachment":[{"href":"https:\/\/pranarom.ca\/fr\/wp-json\/wp\/v2\/media?parent=59045"}],"wp:term":[{"taxonomy":"product_cat","embeddable":true,"href":"https:\/\/pranarom.ca\/fr\/wp-json\/wp\/v2\/product_cat?post=59045"},{"taxonomy":"product_tag","embeddable":true,"href":"https:\/\/pranarom.ca\/fr\/wp-json\/wp\/v2\/product_tag?post=59045"}],"curies":[{"name":"wp","href":"https:\/\/api.w.org\/{rel}","templated":true}]}}