{"id":58747,"date":"2021-02-21T12:42:43","date_gmt":"2021-02-21T12:42:43","guid":{"rendered":"https:\/\/pranarom.ca\/?post_type=product&#038;p=58747"},"modified":"2022-03-28T17:57:06","modified_gmt":"2022-03-28T17:57:06","slug":"pranaforce-solution-defenses-naturelles","status":"publish","type":"product","link":"https:\/\/pranarom.ca\/fr\/produit\/pranaforce-solution-defenses-naturelles\/","title":{"rendered":"Pranaforce Solution D\u00e9fenses Naturelles"},"content":{"rendered":"<h2>Utilis\u00e9 en aromath\u00e9rapie pour aider \u00e0 soulager le rhume et la toux<\/h2>\n<hr \/>\n<h2><strong>Ingr\u00e9dients\u00a0<\/strong>m\u00e9dicinaux :<\/h2>\n<p>Lavandula x intermedia* (huile essentielle de lavandin \u2013 sommit\u00e9 en fleurs (herbe)) 15%<\/p>\n<p>Cinnamomum camphora* (huile essentielle de camphre blanc \u2013 bois) 15%<\/p>\n<p>Eucalyptus radiata* (huile essentielle d\u2019eucalyptus radi\u00e9 \u2013 feuille) 15%<\/p>\n<p>Eucalyptus globulus* (huile essentielle d\u2019eucalyptus \u2013 feuille) 10%<\/p>\n<p>Rosmarinus officinalis* (huile essentielle de romarin \u2013 sommit\u00e9 en fleurs (herb)) 10%<\/p>\n<p>Melaleuca alternifolia* (huile essentielle d\u2019arbre \u00e0 th\u00e9 \u2013 feuille) 5%<\/p>\n<p>Mentha x piperita* (huile essentielle de menthe poivr\u00e9e \u2013 rameau fleuri) 5%<\/p>\n<p>Syzygium aromaticum (huile essentielle de girofle \u2013 bourgeon) 5%<\/p>\n<p><strong>Ingr\u00e9dients non-m\u00e9dicinaux :<\/strong>\u00a0Huile essentielle de feuille de Cinnamomum camphora* (ravintsara), huile essentielle de Melaleuca quinquenervia* (niaouli).<\/p>\n<hr \/>\n<h2><strong>Posologie :<\/strong><\/h2>\n<p>Adultes (18 ans et plus) :\u00a0<strong>Application topique locale :<\/strong>\u00a0ajouter 2-5 gouttes \u00e0 5 ml d\u2019huile v\u00e9g\u00e9tale neutre et appliquer sur la r\u00e9gion affect\u00e9e (thorax) jusqu\u2019\u00e0 3 fois par jour ou selon les directives d\u2019un praticien de soins de sant\u00e9.<\/p>\n<p><strong>Inhalation directe :\u00a0<\/strong>appliquer 1 \u00e0 6 gouttes d\u2019huile essentielle non dilu\u00e9e sur un mouchoir et inhaler jusqu\u2019\u00e0 3 fois par jour.<\/p>\n<p>Ne pas utiliser au-del\u00e0 de 14 jours.<\/p>\n<p><strong>Pour utilisation dans un diffuseur d\u2019huile essentielle :\u00a0<\/strong>ajouter 1 \u00e0 6 gouttes d\u2019huile essentielle non dilu\u00e9e dans le diffuseur (ultrasonique ou \u00e0 sec).<\/p>\n<hr \/>\n<h2><strong>Pr\u00e9cautions et mises en garde :<\/strong><\/h2>\n<p>Garder hors de port\u00e9e des enfants.<\/p>\n<p>En cas d\u2019ingestion accidentelle, demander des soins m\u00e9dicaux d\u2019urgence ou appeler un Centre Antipoison.<\/p>\n<p>Ne pas exposer la r\u00e9gion trait\u00e9e au soleil pendant les 24-48 heures suivant l\u2019application.<\/p>\n<p>Ne pas utiliser par voie orale.<\/p>\n<p>\u00c9vitez tout contact avec les yeux et les muqueuses; le cas \u00e9ch\u00e9ant, rincer abondamment avec de l\u2019huile v\u00e9g\u00e9tale.<\/p>\n<p>Ne pas utiliser l\u2019huile essentielle non dilu\u00e9e.<\/p>\n<p>Si vous souffrez d\u2019\u00e9pilepsie ou d\u2019asthme, consulter un praticien de soins de sant\u00e9 avant d\u2019en faire l\u2019usage.<\/p>\n<p>Si les sympt\u00f4mes persistent ou s\u2019aggravent, consulter un praticien de soins de sant\u00e9.<\/p>\n<p>Entreposer \u00e0 la temp\u00e9rature ambiante.<\/p>\n<hr \/>\n<h2><strong>Contre-indications\u00a0:<\/strong><\/h2>\n<p>Si vous \u00eates enceinte ou allaitez, ne pas utiliser ce produit.<\/p>\n<p>Si la peau est endommag\u00e9e, irrit\u00e9e ou sensible, ne pas utiliser ce produit.<\/p>\n<hr \/>\n<h2><strong>R\u00e9actions ind\u00e9sirables connues\u00a0<\/strong><strong>:<\/strong><\/h2>\n<p>Si des naus\u00e9es, des \u00e9tourdissements, des maux de t\u00eate, ou une r\u00e9action allergique se manifestent, cesser l\u2019usage.<\/p>\n<hr \/>\n<h2><strong>NPN :<\/strong><\/h2>\n<p>80102813<\/p>\n","protected":false},"excerpt":{"rendered":"<p>Utilis\u00e9 en aromath\u00e9rapie pour aider \u00e0 soulager le rhume et la toux<\/p>\n<p><strong>Aux huiles essentielles ch\u00e9motyp\u00e9es 100% biologiques<\/strong><\/p>\n<p>30 ml | Biologique<\/p>\n","protected":false},"featured_media":58151,"comment_status":"open","ping_status":"closed","template":"","meta":{"_et_pb_use_builder":"","_et_pb_old_content":"","_et_gb_content_width":""},"product_cat":[326,332,330],"product_tag":[],"acf":[],"yoast_head":"<!-- This site is optimized with the Yoast SEO plugin v22.6 - https:\/\/yoast.com\/wordpress\/plugins\/seo\/ -->\n<title>Pranaforce Solution D\u00e9fenses Naturelles - Pranarom<\/title>\n<meta name=\"robots\" content=\"index, follow, max-snippet:-1, max-image-preview:large, max-video-preview:-1\" \/>\n<link rel=\"canonical\" href=\"https:\/\/pranarom.ca\/produit\/pranaforce-natural-defences-solution\/\" \/>\n<meta property=\"og:locale\" content=\"fr_FR\" \/>\n<meta property=\"og:type\" content=\"article\" \/>\n<meta property=\"og:title\" content=\"Pranaforce Solution D\u00e9fenses Naturelles - Pranarom\" \/>\n<meta property=\"og:description\" content=\"Utilis\u00e9 en aromath\u00e9rapie pour aider \u00e0 soulager le rhume et la toux  Aux huiles essentielles ch\u00e9motyp\u00e9es 100% biologiques  30 ml | Biologique\" \/>\n<meta property=\"og:url\" content=\"https:\/\/pranarom.ca\/produit\/pranaforce-natural-defences-solution\/\" \/>\n<meta property=\"og:site_name\" content=\"Pranarom\" \/>\n<meta property=\"article:publisher\" content=\"https:\/\/www.facebook.com\/PranaromCanada\" \/>\n<meta property=\"article:modified_time\" content=\"2022-03-28T17:57:06+00:00\" \/>\n<meta property=\"og:image\" content=\"https:\/\/pranarom.ca\/wp-content\/uploads\/2020\/12\/PRANAFORCE-DEFENSES-NATURELLES.png\" \/>\n\t<meta property=\"og:image:width\" content=\"1500\" \/>\n\t<meta property=\"og:image:height\" content=\"1500\" \/>\n\t<meta property=\"og:image:type\" content=\"image\/png\" \/>\n<meta name=\"twitter:card\" content=\"summary_large_image\" \/>\n<meta name=\"twitter:label1\" content=\"Dur\u00e9e de lecture estim\u00e9e\" \/>\n\t<meta name=\"twitter:data1\" content=\"2 minutes\" \/>\n<script type=\"application\/ld+json\" class=\"yoast-schema-graph\">{\"@context\":\"https:\/\/schema.org\",\"@graph\":[{\"@type\":\"WebPage\",\"@id\":\"https:\/\/pranarom.ca\/produit\/pranaforce-natural-defences-solution\/\",\"url\":\"https:\/\/pranarom.ca\/produit\/pranaforce-natural-defences-solution\/\",\"name\":\"Pranaforce Solution D\u00e9fenses Naturelles - Pranarom\",\"isPartOf\":{\"@id\":\"https:\/\/pranarom.ca\/#website\"},\"primaryImageOfPage\":{\"@id\":\"https:\/\/pranarom.ca\/produit\/pranaforce-natural-defences-solution\/#primaryimage\"},\"image\":{\"@id\":\"https:\/\/pranarom.ca\/produit\/pranaforce-natural-defences-solution\/#primaryimage\"},\"thumbnailUrl\":\"https:\/\/pranarom.ca\/wp-content\/uploads\/2020\/12\/PRANAFORCE-DEFENSES-NATURELLES.png\",\"datePublished\":\"2021-02-21T12:42:43+00:00\",\"dateModified\":\"2022-03-28T17:57:06+00:00\",\"breadcrumb\":{\"@id\":\"https:\/\/pranarom.ca\/produit\/pranaforce-natural-defences-solution\/#breadcrumb\"},\"inLanguage\":\"fr-FR\",\"potentialAction\":[{\"@type\":\"ReadAction\",\"target\":[\"https:\/\/pranarom.ca\/produit\/pranaforce-natural-defences-solution\/\"]}]},{\"@type\":\"ImageObject\",\"inLanguage\":\"fr-FR\",\"@id\":\"https:\/\/pranarom.ca\/produit\/pranaforce-natural-defences-solution\/#primaryimage\",\"url\":\"https:\/\/pranarom.ca\/wp-content\/uploads\/2020\/12\/PRANAFORCE-DEFENSES-NATURELLES.png\",\"contentUrl\":\"https:\/\/pranarom.ca\/wp-content\/uploads\/2020\/12\/PRANAFORCE-DEFENSES-NATURELLES.png\",\"width\":1500,\"height\":1500},{\"@type\":\"BreadcrumbList\",\"@id\":\"https:\/\/pranarom.ca\/produit\/pranaforce-natural-defences-solution\/#breadcrumb\",\"itemListElement\":[{\"@type\":\"ListItem\",\"position\":1,\"name\":\"Home\",\"item\":\"https:\/\/pranarom.ca\/fr\/\"},{\"@type\":\"ListItem\",\"position\":2,\"name\":\"Shop\",\"item\":\"https:\/\/pranarom.ca\/shop\/\"},{\"@type\":\"ListItem\",\"position\":3,\"name\":\"Pranaforce Solution D\u00e9fenses Naturelles\"}]},{\"@type\":\"WebSite\",\"@id\":\"https:\/\/pranarom.ca\/#website\",\"url\":\"https:\/\/pranarom.ca\/\",\"name\":\"Pranarom Canada\",\"description\":\"Scientific Aromatherapyy\",\"publisher\":{\"@id\":\"https:\/\/pranarom.ca\/#organization\"},\"potentialAction\":[{\"@type\":\"SearchAction\",\"target\":{\"@type\":\"EntryPoint\",\"urlTemplate\":\"https:\/\/pranarom.ca\/?s={search_term_string}\"},\"query-input\":\"required name=search_term_string\"}],\"inLanguage\":\"fr-FR\"},{\"@type\":\"Organization\",\"@id\":\"https:\/\/pranarom.ca\/#organization\",\"name\":\"Pranarom\",\"url\":\"https:\/\/pranarom.ca\/\",\"logo\":{\"@type\":\"ImageObject\",\"inLanguage\":\"fr-FR\",\"@id\":\"https:\/\/pranarom.ca\/#\/schema\/logo\/image\/\",\"url\":\"https:\/\/pranarom.ca\/wp-content\/uploads\/2019\/03\/pranalogo.png\",\"contentUrl\":\"https:\/\/pranarom.ca\/wp-content\/uploads\/2019\/03\/pranalogo.png\",\"width\":330,\"height\":100,\"caption\":\"Pranarom\"},\"image\":{\"@id\":\"https:\/\/pranarom.ca\/#\/schema\/logo\/image\/\"},\"sameAs\":[\"https:\/\/www.facebook.com\/PranaromCanada\",\"http:\/\/instagram.com\/pranaromcanada\/\",\"https:\/\/www.instagram.com\/pranaromcanada\/\"]}]}<\/script>\n<!-- \/ Yoast SEO plugin. -->","yoast_head_json":{"title":"Pranaforce Solution D\u00e9fenses Naturelles - Pranarom","robots":{"index":"index","follow":"follow","max-snippet":"max-snippet:-1","max-image-preview":"max-image-preview:large","max-video-preview":"max-video-preview:-1"},"canonical":"https:\/\/pranarom.ca\/produit\/pranaforce-natural-defences-solution\/","og_locale":"fr_FR","og_type":"article","og_title":"Pranaforce Solution D\u00e9fenses Naturelles - Pranarom","og_description":"Utilis\u00e9 en aromath\u00e9rapie pour aider \u00e0 soulager le rhume et la toux  Aux huiles essentielles ch\u00e9motyp\u00e9es 100% biologiques  30 ml | Biologique","og_url":"https:\/\/pranarom.ca\/produit\/pranaforce-natural-defences-solution\/","og_site_name":"Pranarom","article_publisher":"https:\/\/www.facebook.com\/PranaromCanada","article_modified_time":"2022-03-28T17:57:06+00:00","og_image":[{"width":1500,"height":1500,"url":"https:\/\/pranarom.ca\/wp-content\/uploads\/2020\/12\/PRANAFORCE-DEFENSES-NATURELLES.png","type":"image\/png"}],"twitter_card":"summary_large_image","twitter_misc":{"Dur\u00e9e de lecture estim\u00e9e":"2 minutes"},"schema":{"@context":"https:\/\/schema.org","@graph":[{"@type":"WebPage","@id":"https:\/\/pranarom.ca\/produit\/pranaforce-natural-defences-solution\/","url":"https:\/\/pranarom.ca\/produit\/pranaforce-natural-defences-solution\/","name":"Pranaforce Solution D\u00e9fenses Naturelles - Pranarom","isPartOf":{"@id":"https:\/\/pranarom.ca\/#website"},"primaryImageOfPage":{"@id":"https:\/\/pranarom.ca\/produit\/pranaforce-natural-defences-solution\/#primaryimage"},"image":{"@id":"https:\/\/pranarom.ca\/produit\/pranaforce-natural-defences-solution\/#primaryimage"},"thumbnailUrl":"https:\/\/pranarom.ca\/wp-content\/uploads\/2020\/12\/PRANAFORCE-DEFENSES-NATURELLES.png","datePublished":"2021-02-21T12:42:43+00:00","dateModified":"2022-03-28T17:57:06+00:00","breadcrumb":{"@id":"https:\/\/pranarom.ca\/produit\/pranaforce-natural-defences-solution\/#breadcrumb"},"inLanguage":"fr-FR","potentialAction":[{"@type":"ReadAction","target":["https:\/\/pranarom.ca\/produit\/pranaforce-natural-defences-solution\/"]}]},{"@type":"ImageObject","inLanguage":"fr-FR","@id":"https:\/\/pranarom.ca\/produit\/pranaforce-natural-defences-solution\/#primaryimage","url":"https:\/\/pranarom.ca\/wp-content\/uploads\/2020\/12\/PRANAFORCE-DEFENSES-NATURELLES.png","contentUrl":"https:\/\/pranarom.ca\/wp-content\/uploads\/2020\/12\/PRANAFORCE-DEFENSES-NATURELLES.png","width":1500,"height":1500},{"@type":"BreadcrumbList","@id":"https:\/\/pranarom.ca\/produit\/pranaforce-natural-defences-solution\/#breadcrumb","itemListElement":[{"@type":"ListItem","position":1,"name":"Home","item":"https:\/\/pranarom.ca\/fr\/"},{"@type":"ListItem","position":2,"name":"Shop","item":"https:\/\/pranarom.ca\/shop\/"},{"@type":"ListItem","position":3,"name":"Pranaforce Solution D\u00e9fenses Naturelles"}]},{"@type":"WebSite","@id":"https:\/\/pranarom.ca\/#website","url":"https:\/\/pranarom.ca\/","name":"Pranarom Canada","description":"Scientific Aromatherapyy","publisher":{"@id":"https:\/\/pranarom.ca\/#organization"},"potentialAction":[{"@type":"SearchAction","target":{"@type":"EntryPoint","urlTemplate":"https:\/\/pranarom.ca\/?s={search_term_string}"},"query-input":"required name=search_term_string"}],"inLanguage":"fr-FR"},{"@type":"Organization","@id":"https:\/\/pranarom.ca\/#organization","name":"Pranarom","url":"https:\/\/pranarom.ca\/","logo":{"@type":"ImageObject","inLanguage":"fr-FR","@id":"https:\/\/pranarom.ca\/#\/schema\/logo\/image\/","url":"https:\/\/pranarom.ca\/wp-content\/uploads\/2019\/03\/pranalogo.png","contentUrl":"https:\/\/pranarom.ca\/wp-content\/uploads\/2019\/03\/pranalogo.png","width":330,"height":100,"caption":"Pranarom"},"image":{"@id":"https:\/\/pranarom.ca\/#\/schema\/logo\/image\/"},"sameAs":["https:\/\/www.facebook.com\/PranaromCanada","http:\/\/instagram.com\/pranaromcanada\/","https:\/\/www.instagram.com\/pranaromcanada\/"]}]}},"jetpack_sharing_enabled":true,"_links":{"self":[{"href":"https:\/\/pranarom.ca\/fr\/wp-json\/wp\/v2\/product\/58747"}],"collection":[{"href":"https:\/\/pranarom.ca\/fr\/wp-json\/wp\/v2\/product"}],"about":[{"href":"https:\/\/pranarom.ca\/fr\/wp-json\/wp\/v2\/types\/product"}],"replies":[{"embeddable":true,"href":"https:\/\/pranarom.ca\/fr\/wp-json\/wp\/v2\/comments?post=58747"}],"wp:featuredmedia":[{"embeddable":true,"href":"https:\/\/pranarom.ca\/fr\/wp-json\/wp\/v2\/media\/58151"}],"wp:attachment":[{"href":"https:\/\/pranarom.ca\/fr\/wp-json\/wp\/v2\/media?parent=58747"}],"wp:term":[{"taxonomy":"product_cat","embeddable":true,"href":"https:\/\/pranarom.ca\/fr\/wp-json\/wp\/v2\/product_cat?post=58747"},{"taxonomy":"product_tag","embeddable":true,"href":"https:\/\/pranarom.ca\/fr\/wp-json\/wp\/v2\/product_tag?post=58747"}],"curies":[{"name":"wp","href":"https:\/\/api.w.org\/{rel}","templated":true}]}}