{"id":58741,"date":"2021-02-20T20:22:39","date_gmt":"2021-02-20T20:22:39","guid":{"rendered":"https:\/\/pranarom.ca\/?post_type=product&#038;p=58741"},"modified":"2022-03-28T16:42:24","modified_gmt":"2022-03-28T16:42:24","slug":"confort-menstruel-oleocaps-5-2","status":"publish","type":"product","link":"https:\/\/pranarom.ca\/fr\/produit\/confort-menstruel-oleocaps-5-2\/","title":{"rendered":"CONFORT MENSTRUEL OLEOCAPS+ 5"},"content":{"rendered":"<p><strong>Utilis\u00e9 traditionnellement en phytoth\u00e9rapie pour aider \u00e0 :<\/strong><\/p>\n<ul>\n<li>soulager les douleurs menstruelles<\/li>\n<li>soulager les naus\u00e9es et les vomissements<\/li>\n<\/ul>\n<hr \/>\n<h2><strong>Ingr\u00e9dients (par capsule) :<\/strong><\/h2>\n<p><strong>Foeniculum vulgare<\/strong>\u00a0(Fenouil) (graine) \u2026 20 mg<\/p>\n<p><strong>Lavandula angustifolia<\/strong>\u00a0(huile essentielle de lavande) (sommit\u00e9 en fleurs (herbe)) \u2026 10 mg<\/p>\n<p><strong>Elettaria cardamomum<\/strong>\u00a0(huile essentielle de cardomone) (graine) \u2026 10 mg<\/p>\n<p><strong>Zingiber officinale<\/strong>\u00a0(huile essentielle de gingembre) (rhizome) \u2026 10 mg<\/p>\n<p><strong>Eucalyptus globulus<\/strong>\u00a0(huile essentielle d\u2019eucalyptus) (feuille) \u2026 10 mg<\/p>\n<p><strong>Mentha x piperita<\/strong>\u00a0(huile essentielle de menthe poivr\u00e9e) (feuille) \u2026 5 mg<\/p>\n<p><strong>Ingr\u00e9dients non-m\u00e9dicinaux :<\/strong>\u00a0g\u00e9latine*, glyc\u00e9rine*, extrait de Cymbopogon citratus*, huile de colza*, tocoph\u00e9rols.<\/p>\n<p>* Ingr\u00e9dient issu de l\u2019Agriculture Biologique (Contr\u00f4le Certisys-BE-BIO-01)<br \/>\nSynergie issue de l\u2019agriculture biologique (Contr\u00f4le Certisys-BE-BIO-01)<\/p>\n<hr \/>\n<h2>Posologie :<\/h2>\n<p><strong>Adultes :<\/strong>\u00a0prendre 1 capsule 2 fois par jour jusqu\u2019\u00e0 10 jours avant et pendant la p\u00e9riode des r\u00e8gles. Prendre avec de la nourriture. Consulter un praticien de soins de sant\u00e9 pour un usage au-del\u00e0 de 2 semaines.<\/p>\n<hr \/>\n<h2>Pr\u00e9cautions et mises en garde :<\/h2>\n<p><strong>Consulter un praticien de soins de sant\u00e9\u00a0<\/strong>si les sympt\u00f4mes persistent ou s\u2019aggravent au-del\u00e0 de la p\u00e9riode des r\u00e8gles.<\/p>\n<p><strong>Consulter un praticien de soins de sant\u00e9 avant l\u2019utilisation<\/strong>\u00a0\u00a0\u00b7si vous prenez des m\u00e9dicaments d\u2019ordonnance ou autres produits de sant\u00e9 naturels\u00a0 \u00b7si vous souffrez d\u2019un trouble de coagulation ou d\u2019ulc\u00e8re d\u2019estomac\u00a0 \u00b7si vous souffrez de calculs biliaires ou d\u2019an\u00e9mie\u00a0 \u00b7si vous souffrez d\u2019une hernie hiatale ou de reflux gastro-\u0153sophagien.<\/p>\n<p>Garder hors de port\u00e9e des enfants.<\/p>\n<p>Garder dans un endroit frais et sec, \u00e0 l\u2019abri de la lumi\u00e8re.<\/p>\n<hr \/>\n<h2>Contre-indications :<\/h2>\n<p><strong>Ne pas utiliser \u00a0<\/strong>\u00b7en cas d\u2019inflammation et\/ou d\u2019ulc\u00e9ration du syst\u00e8me gastro-intestinal\u00a0 \u00b7si vous d\u00e9sirez concevoir\u00a0 \u00b7si vous \u00eates enceinte\u00a0 \u00b7si vous allaitez\u00a0 \u00b7si vous souffrez d\u2019endom\u00e9triose ou d\u2019un cancer hormono d\u00e9pendant\u00a0 \u00b7si vous souffrez d\u2019une maladie du foie\u00a0 \u00b7si vous \u00eates allergique au poisson (g\u00e9latine).<\/p>\n<p><strong>\u00c9viter de consommer<\/strong>\u00a0de l\u2019alcool ou tout autre product pouvant causer de la somnolence.<\/p>\n<hr \/>\n<h2>R\u00e9actions ind\u00e9sirables connues :<\/h2>\n<p><strong>Certaines personnes pourraient<\/strong>\u00a0 \u00b7\u00e9prouver de la somnolence\u00a0 \u00b7souffrir de reflux gastrique.<\/p>\n<p><strong>Cesser l\u2019utilisation<\/strong>\u00a0si une hypersensibilit\u00e9\/allergie se manifeste.<\/p>\n<hr \/>\n<h2>NPN:<\/h2>\n<p>80096919<\/p>\n","protected":false},"excerpt":{"rendered":"<p>Utilis\u00e9 traditionnellement en phytoth\u00e9rapie pour aider \u00e0 soulager les douleurs menstruelles\u00a0et \u00e0 soulager les naus\u00e9es et les vomissements<\/p>\n<p><strong>100%\u00a0huiles essentielles pure et naturelles<\/strong><br \/>\n30 capsules | biologique<\/p>\n","protected":false},"featured_media":58433,"comment_status":"closed","ping_status":"closed","template":"","meta":{"_et_pb_use_builder":"","_et_pb_old_content":"","_et_gb_content_width":""},"product_cat":[326,329],"product_tag":[],"acf":[],"yoast_head":"<!-- This site is optimized with the Yoast SEO plugin v22.6 - https:\/\/yoast.com\/wordpress\/plugins\/seo\/ -->\n<title>CONFORT MENSTRUEL OLEOCAPS+ 5 - Pranarom<\/title>\n<meta name=\"robots\" content=\"index, follow, max-snippet:-1, max-image-preview:large, max-video-preview:-1\" \/>\n<link rel=\"canonical\" href=\"https:\/\/pranarom.ca\/produit\/menstrual-comfort-oleocaps-5\/\" \/>\n<meta property=\"og:locale\" content=\"fr_FR\" \/>\n<meta property=\"og:type\" content=\"article\" \/>\n<meta property=\"og:title\" content=\"CONFORT MENSTRUEL OLEOCAPS+ 5 - Pranarom\" \/>\n<meta property=\"og:description\" content=\"Utilis\u00e9 traditionnellement en phytoth\u00e9rapie pour aider \u00e0 soulager les douleurs menstruelles\u00a0et \u00e0 soulager les naus\u00e9es et les vomissements  100%\u00a0huiles essentielles pure et naturelles 30 capsules | biologique\" \/>\n<meta property=\"og:url\" content=\"https:\/\/pranarom.ca\/produit\/menstrual-comfort-oleocaps-5\/\" \/>\n<meta property=\"og:site_name\" content=\"Pranarom\" \/>\n<meta property=\"article:publisher\" content=\"https:\/\/www.facebook.com\/PranaromCanada\" \/>\n<meta property=\"article:modified_time\" content=\"2022-03-28T16:42:24+00:00\" \/>\n<meta property=\"og:image\" content=\"https:\/\/pranarom.ca\/wp-content\/uploads\/2021\/01\/P-CMEN_FR.png\" \/>\n\t<meta property=\"og:image:width\" content=\"1500\" \/>\n\t<meta property=\"og:image:height\" content=\"1500\" \/>\n\t<meta property=\"og:image:type\" content=\"image\/png\" \/>\n<meta name=\"twitter:card\" content=\"summary_large_image\" \/>\n<meta name=\"twitter:label1\" content=\"Dur\u00e9e de lecture estim\u00e9e\" \/>\n\t<meta name=\"twitter:data1\" content=\"2 minutes\" \/>\n<script type=\"application\/ld+json\" class=\"yoast-schema-graph\">{\"@context\":\"https:\/\/schema.org\",\"@graph\":[{\"@type\":\"WebPage\",\"@id\":\"https:\/\/pranarom.ca\/produit\/menstrual-comfort-oleocaps-5\/\",\"url\":\"https:\/\/pranarom.ca\/produit\/menstrual-comfort-oleocaps-5\/\",\"name\":\"CONFORT MENSTRUEL OLEOCAPS+ 5 - Pranarom\",\"isPartOf\":{\"@id\":\"https:\/\/pranarom.ca\/#website\"},\"primaryImageOfPage\":{\"@id\":\"https:\/\/pranarom.ca\/produit\/menstrual-comfort-oleocaps-5\/#primaryimage\"},\"image\":{\"@id\":\"https:\/\/pranarom.ca\/produit\/menstrual-comfort-oleocaps-5\/#primaryimage\"},\"thumbnailUrl\":\"https:\/\/pranarom.ca\/wp-content\/uploads\/2021\/01\/P-CMEN_FR.png\",\"datePublished\":\"2021-02-20T20:22:39+00:00\",\"dateModified\":\"2022-03-28T16:42:24+00:00\",\"breadcrumb\":{\"@id\":\"https:\/\/pranarom.ca\/produit\/menstrual-comfort-oleocaps-5\/#breadcrumb\"},\"inLanguage\":\"fr-FR\",\"potentialAction\":[{\"@type\":\"ReadAction\",\"target\":[\"https:\/\/pranarom.ca\/produit\/menstrual-comfort-oleocaps-5\/\"]}]},{\"@type\":\"ImageObject\",\"inLanguage\":\"fr-FR\",\"@id\":\"https:\/\/pranarom.ca\/produit\/menstrual-comfort-oleocaps-5\/#primaryimage\",\"url\":\"https:\/\/pranarom.ca\/wp-content\/uploads\/2021\/01\/P-CMEN_FR.png\",\"contentUrl\":\"https:\/\/pranarom.ca\/wp-content\/uploads\/2021\/01\/P-CMEN_FR.png\",\"width\":1500,\"height\":1500},{\"@type\":\"BreadcrumbList\",\"@id\":\"https:\/\/pranarom.ca\/produit\/menstrual-comfort-oleocaps-5\/#breadcrumb\",\"itemListElement\":[{\"@type\":\"ListItem\",\"position\":1,\"name\":\"Home\",\"item\":\"https:\/\/pranarom.ca\/fr\/\"},{\"@type\":\"ListItem\",\"position\":2,\"name\":\"Shop\",\"item\":\"https:\/\/pranarom.ca\/shop\/\"},{\"@type\":\"ListItem\",\"position\":3,\"name\":\"CONFORT MENSTRUEL OLEOCAPS+ 5\"}]},{\"@type\":\"WebSite\",\"@id\":\"https:\/\/pranarom.ca\/#website\",\"url\":\"https:\/\/pranarom.ca\/\",\"name\":\"Pranarom Canada\",\"description\":\"Scientific Aromatherapyy\",\"publisher\":{\"@id\":\"https:\/\/pranarom.ca\/#organization\"},\"potentialAction\":[{\"@type\":\"SearchAction\",\"target\":{\"@type\":\"EntryPoint\",\"urlTemplate\":\"https:\/\/pranarom.ca\/?s={search_term_string}\"},\"query-input\":\"required name=search_term_string\"}],\"inLanguage\":\"fr-FR\"},{\"@type\":\"Organization\",\"@id\":\"https:\/\/pranarom.ca\/#organization\",\"name\":\"Pranarom\",\"url\":\"https:\/\/pranarom.ca\/\",\"logo\":{\"@type\":\"ImageObject\",\"inLanguage\":\"fr-FR\",\"@id\":\"https:\/\/pranarom.ca\/#\/schema\/logo\/image\/\",\"url\":\"https:\/\/pranarom.ca\/wp-content\/uploads\/2019\/03\/pranalogo.png\",\"contentUrl\":\"https:\/\/pranarom.ca\/wp-content\/uploads\/2019\/03\/pranalogo.png\",\"width\":330,\"height\":100,\"caption\":\"Pranarom\"},\"image\":{\"@id\":\"https:\/\/pranarom.ca\/#\/schema\/logo\/image\/\"},\"sameAs\":[\"https:\/\/www.facebook.com\/PranaromCanada\",\"http:\/\/instagram.com\/pranaromcanada\/\",\"https:\/\/www.instagram.com\/pranaromcanada\/\"]}]}<\/script>\n<!-- \/ Yoast SEO plugin. -->","yoast_head_json":{"title":"CONFORT MENSTRUEL OLEOCAPS+ 5 - Pranarom","robots":{"index":"index","follow":"follow","max-snippet":"max-snippet:-1","max-image-preview":"max-image-preview:large","max-video-preview":"max-video-preview:-1"},"canonical":"https:\/\/pranarom.ca\/produit\/menstrual-comfort-oleocaps-5\/","og_locale":"fr_FR","og_type":"article","og_title":"CONFORT MENSTRUEL OLEOCAPS+ 5 - Pranarom","og_description":"Utilis\u00e9 traditionnellement en phytoth\u00e9rapie pour aider \u00e0 soulager les douleurs menstruelles\u00a0et \u00e0 soulager les naus\u00e9es et les vomissements  100%\u00a0huiles essentielles pure et naturelles 30 capsules | biologique","og_url":"https:\/\/pranarom.ca\/produit\/menstrual-comfort-oleocaps-5\/","og_site_name":"Pranarom","article_publisher":"https:\/\/www.facebook.com\/PranaromCanada","article_modified_time":"2022-03-28T16:42:24+00:00","og_image":[{"width":1500,"height":1500,"url":"https:\/\/pranarom.ca\/wp-content\/uploads\/2021\/01\/P-CMEN_FR.png","type":"image\/png"}],"twitter_card":"summary_large_image","twitter_misc":{"Dur\u00e9e de lecture estim\u00e9e":"2 minutes"},"schema":{"@context":"https:\/\/schema.org","@graph":[{"@type":"WebPage","@id":"https:\/\/pranarom.ca\/produit\/menstrual-comfort-oleocaps-5\/","url":"https:\/\/pranarom.ca\/produit\/menstrual-comfort-oleocaps-5\/","name":"CONFORT MENSTRUEL OLEOCAPS+ 5 - Pranarom","isPartOf":{"@id":"https:\/\/pranarom.ca\/#website"},"primaryImageOfPage":{"@id":"https:\/\/pranarom.ca\/produit\/menstrual-comfort-oleocaps-5\/#primaryimage"},"image":{"@id":"https:\/\/pranarom.ca\/produit\/menstrual-comfort-oleocaps-5\/#primaryimage"},"thumbnailUrl":"https:\/\/pranarom.ca\/wp-content\/uploads\/2021\/01\/P-CMEN_FR.png","datePublished":"2021-02-20T20:22:39+00:00","dateModified":"2022-03-28T16:42:24+00:00","breadcrumb":{"@id":"https:\/\/pranarom.ca\/produit\/menstrual-comfort-oleocaps-5\/#breadcrumb"},"inLanguage":"fr-FR","potentialAction":[{"@type":"ReadAction","target":["https:\/\/pranarom.ca\/produit\/menstrual-comfort-oleocaps-5\/"]}]},{"@type":"ImageObject","inLanguage":"fr-FR","@id":"https:\/\/pranarom.ca\/produit\/menstrual-comfort-oleocaps-5\/#primaryimage","url":"https:\/\/pranarom.ca\/wp-content\/uploads\/2021\/01\/P-CMEN_FR.png","contentUrl":"https:\/\/pranarom.ca\/wp-content\/uploads\/2021\/01\/P-CMEN_FR.png","width":1500,"height":1500},{"@type":"BreadcrumbList","@id":"https:\/\/pranarom.ca\/produit\/menstrual-comfort-oleocaps-5\/#breadcrumb","itemListElement":[{"@type":"ListItem","position":1,"name":"Home","item":"https:\/\/pranarom.ca\/fr\/"},{"@type":"ListItem","position":2,"name":"Shop","item":"https:\/\/pranarom.ca\/shop\/"},{"@type":"ListItem","position":3,"name":"CONFORT MENSTRUEL OLEOCAPS+ 5"}]},{"@type":"WebSite","@id":"https:\/\/pranarom.ca\/#website","url":"https:\/\/pranarom.ca\/","name":"Pranarom Canada","description":"Scientific Aromatherapyy","publisher":{"@id":"https:\/\/pranarom.ca\/#organization"},"potentialAction":[{"@type":"SearchAction","target":{"@type":"EntryPoint","urlTemplate":"https:\/\/pranarom.ca\/?s={search_term_string}"},"query-input":"required name=search_term_string"}],"inLanguage":"fr-FR"},{"@type":"Organization","@id":"https:\/\/pranarom.ca\/#organization","name":"Pranarom","url":"https:\/\/pranarom.ca\/","logo":{"@type":"ImageObject","inLanguage":"fr-FR","@id":"https:\/\/pranarom.ca\/#\/schema\/logo\/image\/","url":"https:\/\/pranarom.ca\/wp-content\/uploads\/2019\/03\/pranalogo.png","contentUrl":"https:\/\/pranarom.ca\/wp-content\/uploads\/2019\/03\/pranalogo.png","width":330,"height":100,"caption":"Pranarom"},"image":{"@id":"https:\/\/pranarom.ca\/#\/schema\/logo\/image\/"},"sameAs":["https:\/\/www.facebook.com\/PranaromCanada","http:\/\/instagram.com\/pranaromcanada\/","https:\/\/www.instagram.com\/pranaromcanada\/"]}]}},"jetpack_sharing_enabled":true,"_links":{"self":[{"href":"https:\/\/pranarom.ca\/fr\/wp-json\/wp\/v2\/product\/58741"}],"collection":[{"href":"https:\/\/pranarom.ca\/fr\/wp-json\/wp\/v2\/product"}],"about":[{"href":"https:\/\/pranarom.ca\/fr\/wp-json\/wp\/v2\/types\/product"}],"replies":[{"embeddable":true,"href":"https:\/\/pranarom.ca\/fr\/wp-json\/wp\/v2\/comments?post=58741"}],"wp:featuredmedia":[{"embeddable":true,"href":"https:\/\/pranarom.ca\/fr\/wp-json\/wp\/v2\/media\/58433"}],"wp:attachment":[{"href":"https:\/\/pranarom.ca\/fr\/wp-json\/wp\/v2\/media?parent=58741"}],"wp:term":[{"taxonomy":"product_cat","embeddable":true,"href":"https:\/\/pranarom.ca\/fr\/wp-json\/wp\/v2\/product_cat?post=58741"},{"taxonomy":"product_tag","embeddable":true,"href":"https:\/\/pranarom.ca\/fr\/wp-json\/wp\/v2\/product_tag?post=58741"}],"curies":[{"name":"wp","href":"https:\/\/api.w.org\/{rel}","templated":true}]}}