{"id":58738,"date":"2021-02-20T20:01:33","date_gmt":"2021-02-20T20:01:33","guid":{"rendered":"https:\/\/pranarom.ca\/?post_type=product&#038;p=58738"},"modified":"2022-03-28T16:42:30","modified_gmt":"2022-03-28T16:42:30","slug":"sante-intestinale-oleocaps-2-2","status":"publish","type":"product","link":"https:\/\/pranarom.ca\/fr\/produit\/sante-intestinale-oleocaps-2-2\/","title":{"rendered":"SANT\u00c9 INTESTINALE OLEOCAPS+ 2"},"content":{"rendered":"<p><strong>Utilis\u00e9 traditionnellement en phytoth\u00e9rapie pour aider \u00e0 :<\/strong><\/p>\n<ul>\n<li>soulager la dyspepsie flatulente<\/li>\n<li>la digestion<\/li>\n<li>soulager les naus\u00e9es et les vomissements<\/li>\n<\/ul>\n<hr \/>\n<h2><strong>Ingr\u00e9dients (par capsule) :<\/strong><\/h2>\n<p><strong>Origanum vulgare<\/strong>* (huile essentielle d\u2019origan) (feuille) \u2026 30 mg<\/p>\n<p><strong>Cinnamomum aromaticum<\/strong>* (huile essentielle d\u2019\u00e9corce de Cinnamomum Cassia) (\u00e9corce de branche) \u2026 20 mg<\/p>\n<p><strong>Mentha x piperita<\/strong>* (huile essentielle de menthe poivr\u00e9e) (feuille) \u2026 10 mg<\/p>\n<p><strong>Ingr\u00e9dients non-m\u00e9dicinaux :<\/strong>\u00a0g\u00e9latine*, glyc\u00e9rine*, huile essentielle de pelure de citron*, huile de colza*, tocoph\u00e9rols.<\/p>\n<p>* Ingr\u00e9dient issu de l\u2019Agriculture Biologique (Contr\u00f4le Certisys-BE-BIO-01)<br \/>\nSynergie issue de l\u2019agriculture biologique (Contr\u00f4le Certisys-BE-BIO-01)<\/p>\n<hr \/>\n<h2>Posologie :<\/h2>\n<p><strong>Adultes :<\/strong>\u00a0prendre 2 capsules 3 fois par jour ou tel que recommand\u00e9 par un praticien de soins de sant\u00e9. Prendre avant le repas. Consulter un praticien de soins de la sant\u00e9 pour une utilisation au-del\u00e0 de 2 semaines.<\/p>\n<hr \/>\n<h2>Pr\u00e9cautions et mises en garde :<\/h2>\n<p><strong>Consulter un praticien de soins de sant\u00e9<\/strong>\u00a0 \u2022si vous souffrez de calculs biliaires ou d\u2019an\u00e9mie\u00a0 \u2022si les sympt\u00f4mes persistent ou s\u2019aggravent.<\/p>\n<p><strong>Consulter un praticien de soins de sant\u00e9 avant d\u2019en faire l\u2019usage<\/strong>\u00a0 \u2022si vous prenez des m\u00e9dicaments d\u2019ordonnance ou autres produits de sant\u00e9 naturels\u00a0 \u2022si vous souffrez d\u2019h\u00e9mophilie ou autres troubles de coagulation, ou d\u2019ulc\u00e8res d\u2019estomac\u00a0 \u2022si vous souffrez d\u2019une hernie hiatale ou de reflux gastro-oesophagien.<\/p>\n<p>Garder hors de port\u00e9e des enfants.<\/p>\n<p>Garder dans un endroit frais et sec.<\/p>\n<hr \/>\n<h2>Contre-indications :<\/h2>\n<p><strong>Ne pas utiliser<\/strong>\u00a0si\u00a0 \u2022vous \u00eates enceinte\u00a0 \u2022vous allaitez\u00a0 \u2022vous avez une hypersensibilit\u00e9 ou \u00eates allergique aux plantes de la famille des Lamiac\u00e9es (ex. : basilic, hyssope, p\u00e9rille, menthe, romarin, sauge, thym), au baume du P\u00e9rou ou au poisson (g\u00e9latine)\u00a0 \u2022vous souffrez d\u2019une maladie du foie.<\/p>\n<hr \/>\n<h2>R\u00e9actions ind\u00e9sirables connues :<\/h2>\n<p>Certaines personnes pourraient souffrir de reflux gastrique et d\u2019inconfort gastro-intestinal (i.e. irritation, naus\u00e9e, vomissements); si tel est le cas, cesser l\u2019utilisation.<\/p>\n<p><strong>Cesser l\u2019utilisation<\/strong>\u00a0si une hypersensibilit\u00e9\/allergie se manifeste.<\/p>\n<hr \/>\n<h2>NPN:<\/h2>\n<p>80096798<\/p>\n","protected":false},"excerpt":{"rendered":"<p>Utilis\u00e9 traditionnellement en phytoth\u00e9rapie pour aider \u00e0 soulager la dyspepsie flatulente, la digestion et \u00e0 soulager les naus\u00e9es et les vomissements<\/p>\n<p><strong>100%\u00a0huiles essentielles pure et naturelles<\/strong><br \/>\n30 capsules | biologique<\/p>\n","protected":false},"featured_media":58435,"comment_status":"closed","ping_status":"closed","template":"","meta":{"_et_pb_use_builder":"","_et_pb_old_content":"","_et_gb_content_width":""},"product_cat":[326,329],"product_tag":[],"acf":[],"yoast_head":"<!-- This site is optimized with the Yoast SEO plugin v22.6 - https:\/\/yoast.com\/wordpress\/plugins\/seo\/ -->\n<title>SANT\u00c9 INTESTINALE OLEOCAPS+ 2 - Pranarom<\/title>\n<meta name=\"robots\" content=\"index, follow, max-snippet:-1, max-image-preview:large, max-video-preview:-1\" \/>\n<link rel=\"canonical\" href=\"https:\/\/pranarom.ca\/produit\/intestinal-health-oleocaps-2\/\" \/>\n<meta property=\"og:locale\" content=\"fr_FR\" \/>\n<meta property=\"og:type\" content=\"article\" \/>\n<meta property=\"og:title\" content=\"SANT\u00c9 INTESTINALE OLEOCAPS+ 2 - Pranarom\" \/>\n<meta property=\"og:description\" content=\"Utilis\u00e9 traditionnellement en phytoth\u00e9rapie pour aider \u00e0 soulager la dyspepsie flatulente, la digestion et \u00e0 soulager les naus\u00e9es et les vomissements  100%\u00a0huiles essentielles pure et naturelles 30 capsules | biologique\" \/>\n<meta property=\"og:url\" content=\"https:\/\/pranarom.ca\/produit\/intestinal-health-oleocaps-2\/\" \/>\n<meta property=\"og:site_name\" content=\"Pranarom\" \/>\n<meta property=\"article:publisher\" content=\"https:\/\/www.facebook.com\/PranaromCanada\" \/>\n<meta property=\"article:modified_time\" content=\"2022-03-28T16:42:30+00:00\" \/>\n<meta property=\"og:image\" content=\"https:\/\/pranarom.ca\/wp-content\/uploads\/2021\/01\/P-CINT_FR.png\" \/>\n\t<meta property=\"og:image:width\" content=\"1500\" \/>\n\t<meta property=\"og:image:height\" content=\"1500\" \/>\n\t<meta property=\"og:image:type\" content=\"image\/png\" \/>\n<meta name=\"twitter:card\" content=\"summary_large_image\" \/>\n<meta name=\"twitter:label1\" content=\"Dur\u00e9e de lecture estim\u00e9e\" \/>\n\t<meta name=\"twitter:data1\" content=\"2 minutes\" \/>\n<script type=\"application\/ld+json\" class=\"yoast-schema-graph\">{\"@context\":\"https:\/\/schema.org\",\"@graph\":[{\"@type\":\"WebPage\",\"@id\":\"https:\/\/pranarom.ca\/produit\/intestinal-health-oleocaps-2\/\",\"url\":\"https:\/\/pranarom.ca\/produit\/intestinal-health-oleocaps-2\/\",\"name\":\"SANT\u00c9 INTESTINALE OLEOCAPS+ 2 - Pranarom\",\"isPartOf\":{\"@id\":\"https:\/\/pranarom.ca\/#website\"},\"primaryImageOfPage\":{\"@id\":\"https:\/\/pranarom.ca\/produit\/intestinal-health-oleocaps-2\/#primaryimage\"},\"image\":{\"@id\":\"https:\/\/pranarom.ca\/produit\/intestinal-health-oleocaps-2\/#primaryimage\"},\"thumbnailUrl\":\"https:\/\/pranarom.ca\/wp-content\/uploads\/2021\/01\/P-CINT_FR.png\",\"datePublished\":\"2021-02-20T20:01:33+00:00\",\"dateModified\":\"2022-03-28T16:42:30+00:00\",\"breadcrumb\":{\"@id\":\"https:\/\/pranarom.ca\/produit\/intestinal-health-oleocaps-2\/#breadcrumb\"},\"inLanguage\":\"fr-FR\",\"potentialAction\":[{\"@type\":\"ReadAction\",\"target\":[\"https:\/\/pranarom.ca\/produit\/intestinal-health-oleocaps-2\/\"]}]},{\"@type\":\"ImageObject\",\"inLanguage\":\"fr-FR\",\"@id\":\"https:\/\/pranarom.ca\/produit\/intestinal-health-oleocaps-2\/#primaryimage\",\"url\":\"https:\/\/pranarom.ca\/wp-content\/uploads\/2021\/01\/P-CINT_FR.png\",\"contentUrl\":\"https:\/\/pranarom.ca\/wp-content\/uploads\/2021\/01\/P-CINT_FR.png\",\"width\":1500,\"height\":1500},{\"@type\":\"BreadcrumbList\",\"@id\":\"https:\/\/pranarom.ca\/produit\/intestinal-health-oleocaps-2\/#breadcrumb\",\"itemListElement\":[{\"@type\":\"ListItem\",\"position\":1,\"name\":\"Home\",\"item\":\"https:\/\/pranarom.ca\/fr\/\"},{\"@type\":\"ListItem\",\"position\":2,\"name\":\"Shop\",\"item\":\"https:\/\/pranarom.ca\/shop\/\"},{\"@type\":\"ListItem\",\"position\":3,\"name\":\"SANT\u00c9 INTESTINALE OLEOCAPS+ 2\"}]},{\"@type\":\"WebSite\",\"@id\":\"https:\/\/pranarom.ca\/#website\",\"url\":\"https:\/\/pranarom.ca\/\",\"name\":\"Pranarom Canada\",\"description\":\"Scientific Aromatherapyy\",\"publisher\":{\"@id\":\"https:\/\/pranarom.ca\/#organization\"},\"potentialAction\":[{\"@type\":\"SearchAction\",\"target\":{\"@type\":\"EntryPoint\",\"urlTemplate\":\"https:\/\/pranarom.ca\/?s={search_term_string}\"},\"query-input\":\"required name=search_term_string\"}],\"inLanguage\":\"fr-FR\"},{\"@type\":\"Organization\",\"@id\":\"https:\/\/pranarom.ca\/#organization\",\"name\":\"Pranarom\",\"url\":\"https:\/\/pranarom.ca\/\",\"logo\":{\"@type\":\"ImageObject\",\"inLanguage\":\"fr-FR\",\"@id\":\"https:\/\/pranarom.ca\/#\/schema\/logo\/image\/\",\"url\":\"https:\/\/pranarom.ca\/wp-content\/uploads\/2019\/03\/pranalogo.png\",\"contentUrl\":\"https:\/\/pranarom.ca\/wp-content\/uploads\/2019\/03\/pranalogo.png\",\"width\":330,\"height\":100,\"caption\":\"Pranarom\"},\"image\":{\"@id\":\"https:\/\/pranarom.ca\/#\/schema\/logo\/image\/\"},\"sameAs\":[\"https:\/\/www.facebook.com\/PranaromCanada\",\"http:\/\/instagram.com\/pranaromcanada\/\",\"https:\/\/www.instagram.com\/pranaromcanada\/\"]}]}<\/script>\n<!-- \/ Yoast SEO plugin. -->","yoast_head_json":{"title":"SANT\u00c9 INTESTINALE OLEOCAPS+ 2 - Pranarom","robots":{"index":"index","follow":"follow","max-snippet":"max-snippet:-1","max-image-preview":"max-image-preview:large","max-video-preview":"max-video-preview:-1"},"canonical":"https:\/\/pranarom.ca\/produit\/intestinal-health-oleocaps-2\/","og_locale":"fr_FR","og_type":"article","og_title":"SANT\u00c9 INTESTINALE OLEOCAPS+ 2 - Pranarom","og_description":"Utilis\u00e9 traditionnellement en phytoth\u00e9rapie pour aider \u00e0 soulager la dyspepsie flatulente, la digestion et \u00e0 soulager les naus\u00e9es et les vomissements  100%\u00a0huiles essentielles pure et naturelles 30 capsules | biologique","og_url":"https:\/\/pranarom.ca\/produit\/intestinal-health-oleocaps-2\/","og_site_name":"Pranarom","article_publisher":"https:\/\/www.facebook.com\/PranaromCanada","article_modified_time":"2022-03-28T16:42:30+00:00","og_image":[{"width":1500,"height":1500,"url":"https:\/\/pranarom.ca\/wp-content\/uploads\/2021\/01\/P-CINT_FR.png","type":"image\/png"}],"twitter_card":"summary_large_image","twitter_misc":{"Dur\u00e9e de lecture estim\u00e9e":"2 minutes"},"schema":{"@context":"https:\/\/schema.org","@graph":[{"@type":"WebPage","@id":"https:\/\/pranarom.ca\/produit\/intestinal-health-oleocaps-2\/","url":"https:\/\/pranarom.ca\/produit\/intestinal-health-oleocaps-2\/","name":"SANT\u00c9 INTESTINALE OLEOCAPS+ 2 - Pranarom","isPartOf":{"@id":"https:\/\/pranarom.ca\/#website"},"primaryImageOfPage":{"@id":"https:\/\/pranarom.ca\/produit\/intestinal-health-oleocaps-2\/#primaryimage"},"image":{"@id":"https:\/\/pranarom.ca\/produit\/intestinal-health-oleocaps-2\/#primaryimage"},"thumbnailUrl":"https:\/\/pranarom.ca\/wp-content\/uploads\/2021\/01\/P-CINT_FR.png","datePublished":"2021-02-20T20:01:33+00:00","dateModified":"2022-03-28T16:42:30+00:00","breadcrumb":{"@id":"https:\/\/pranarom.ca\/produit\/intestinal-health-oleocaps-2\/#breadcrumb"},"inLanguage":"fr-FR","potentialAction":[{"@type":"ReadAction","target":["https:\/\/pranarom.ca\/produit\/intestinal-health-oleocaps-2\/"]}]},{"@type":"ImageObject","inLanguage":"fr-FR","@id":"https:\/\/pranarom.ca\/produit\/intestinal-health-oleocaps-2\/#primaryimage","url":"https:\/\/pranarom.ca\/wp-content\/uploads\/2021\/01\/P-CINT_FR.png","contentUrl":"https:\/\/pranarom.ca\/wp-content\/uploads\/2021\/01\/P-CINT_FR.png","width":1500,"height":1500},{"@type":"BreadcrumbList","@id":"https:\/\/pranarom.ca\/produit\/intestinal-health-oleocaps-2\/#breadcrumb","itemListElement":[{"@type":"ListItem","position":1,"name":"Home","item":"https:\/\/pranarom.ca\/fr\/"},{"@type":"ListItem","position":2,"name":"Shop","item":"https:\/\/pranarom.ca\/shop\/"},{"@type":"ListItem","position":3,"name":"SANT\u00c9 INTESTINALE OLEOCAPS+ 2"}]},{"@type":"WebSite","@id":"https:\/\/pranarom.ca\/#website","url":"https:\/\/pranarom.ca\/","name":"Pranarom Canada","description":"Scientific Aromatherapyy","publisher":{"@id":"https:\/\/pranarom.ca\/#organization"},"potentialAction":[{"@type":"SearchAction","target":{"@type":"EntryPoint","urlTemplate":"https:\/\/pranarom.ca\/?s={search_term_string}"},"query-input":"required name=search_term_string"}],"inLanguage":"fr-FR"},{"@type":"Organization","@id":"https:\/\/pranarom.ca\/#organization","name":"Pranarom","url":"https:\/\/pranarom.ca\/","logo":{"@type":"ImageObject","inLanguage":"fr-FR","@id":"https:\/\/pranarom.ca\/#\/schema\/logo\/image\/","url":"https:\/\/pranarom.ca\/wp-content\/uploads\/2019\/03\/pranalogo.png","contentUrl":"https:\/\/pranarom.ca\/wp-content\/uploads\/2019\/03\/pranalogo.png","width":330,"height":100,"caption":"Pranarom"},"image":{"@id":"https:\/\/pranarom.ca\/#\/schema\/logo\/image\/"},"sameAs":["https:\/\/www.facebook.com\/PranaromCanada","http:\/\/instagram.com\/pranaromcanada\/","https:\/\/www.instagram.com\/pranaromcanada\/"]}]}},"jetpack_sharing_enabled":true,"_links":{"self":[{"href":"https:\/\/pranarom.ca\/fr\/wp-json\/wp\/v2\/product\/58738"}],"collection":[{"href":"https:\/\/pranarom.ca\/fr\/wp-json\/wp\/v2\/product"}],"about":[{"href":"https:\/\/pranarom.ca\/fr\/wp-json\/wp\/v2\/types\/product"}],"replies":[{"embeddable":true,"href":"https:\/\/pranarom.ca\/fr\/wp-json\/wp\/v2\/comments?post=58738"}],"wp:featuredmedia":[{"embeddable":true,"href":"https:\/\/pranarom.ca\/fr\/wp-json\/wp\/v2\/media\/58435"}],"wp:attachment":[{"href":"https:\/\/pranarom.ca\/fr\/wp-json\/wp\/v2\/media?parent=58738"}],"wp:term":[{"taxonomy":"product_cat","embeddable":true,"href":"https:\/\/pranarom.ca\/fr\/wp-json\/wp\/v2\/product_cat?post=58738"},{"taxonomy":"product_tag","embeddable":true,"href":"https:\/\/pranarom.ca\/fr\/wp-json\/wp\/v2\/product_tag?post=58738"}],"curies":[{"name":"wp","href":"https:\/\/api.w.org\/{rel}","templated":true}]}}