{"id":58487,"date":"2021-01-20T18:53:14","date_gmt":"2021-01-20T18:53:14","guid":{"rendered":"https:\/\/pranarom.ca\/product\/vanille-extrait-c02-p-e110\/"},"modified":"2022-03-28T18:00:08","modified_gmt":"2022-03-28T18:00:08","slug":"vanille-extrait-c02-p-e110","status":"publish","type":"product","link":"https:\/\/pranarom.ca\/fr\/produit\/vanille-extrait-c02-p-e110\/","title":{"rendered":"Vanille &#8211; extrait C02"},"content":{"rendered":"<p>Forme fluide hautement concentr\u00e9e en vanilline, optimale pour une utilisation facile.<\/p>\n<p>On reste zen &amp; relax avec l&#8217;huile essentielle (ol\u00e9or\u00e9sine) de Vanille riche en vanilline, qui permet de calmer et d&#8217;\u00e9quilibrer le syst\u00e8me nerveux!<\/p>\n<p>Avez-vous d\u00e9j\u00e0 test\u00e9 cette huile \u00e0 l&#8217;odeur gourmande, exotique, \u00e9pic\u00e9e et r\u00e9confortante?<\/p>\n<p>Pranar\u014dm met \u00e0 l\u2019honneur la pr\u00e9cieuse vanille de Madagascar gr\u00e2ce \u00e0 un extrait naturel obtenu \u00e0 partir des gousses de vanille pr\u00e9par\u00e9es selon la m\u00e9thode traditionnelle de Madagascar. Cet extrait de grande qualit\u00e9 et hautement titr\u00e9 en vanilline est le fruit d\u2019une extraction au CO2, une technologie d\u2019extraction naturelle et respectueuse des v\u00e9g\u00e9taux permettant d\u2019obtenir ce que les pr\u00e9cieuses mol\u00e9cules de la plante a \u00e0 nous offrir.<\/p>\n<p>L\u2019huile essentielle est dilu\u00e9e avec de l\u2019huile v\u00e9g\u00e9tale, de tournesol donc pas de diffusion possible, car pas d\u2019huile v\u00e9g\u00e9tale dans un diffuseur.<\/p>\n<p>Astuce : Appliquer en voie cutan\u00e9e sur les poignets quand le besoin s&#8217;en fait sentir.<\/p>\n<hr \/>\n<h2><strong>Ingr\u00e9dients :<\/strong><\/h2>\n<p><em>Helianthus annuus seed oil*, Vanilla planifolia extract*, Tocopherol.<\/em><\/p>\n<p><em>*Ingr\u00e9dient issu de l\u2019agriculture biologique (contr\u00f4le Certisys BE-BIO-01)<br \/>\n<\/em><em>BIO signifie : issu de l\u2019agriculture biologique (contr\u00f4le Certisys BE-BIO-01)<\/em><\/p>\n<hr \/>\n<h2>Pr\u00e9cautions d\u2019emploi :<\/h2>\n<p>Garder hors de la port\u00e9e des enfants.<\/p>\n<p>Usage externe seulement.<\/p>\n<p>Ne pas prendre par voie orale.<\/p>\n<p>En cas d\u2019ingestion, chercher de l\u2019aide m\u00e9dicale de toute urgence ou consulter un centre antipoison.<\/p>\n<p>Si vous souffrez d\u2019\u00e9pilepsie ou d\u2019asthme, consulter un praticien en soins de sant\u00e9 avant l\u2019utilisation.<\/p>\n<p>\u00c9viter le contact avec les yeux et les muqueuses ; en cas de contact, rincer abondamment avec de l\u2019eau ou de l\u2019huile v\u00e9g\u00e9tale.<\/p>\n<p>\u00c9viter l\u2019exposition au soleil des r\u00e9gions affect\u00e9es.<\/p>\n<p>Ne pas utiliser pendant la grossesse ou l\u2019allaitement et ne pas donner aux enfants de moins de 6 ans.<\/p>\n<p>Si vous avez des naus\u00e9es, des \u00e9tourdissements, des maux de t\u00eate ou une r\u00e9action allergique, cessez l\u2019utilisation.<\/p>\n","protected":false},"excerpt":{"rendered":"<p><strong>Huile essentielle 100% pure et naturelle &#8211; Biologique<\/strong><\/p>\n<p>Vanilla planifolia &#8211; Vanilline<br \/>\nOl\u00e9or\u00e9sine pr\u00e9dilu\u00e9e | Extrait C02<\/p>\n<p>5 ml<\/p>\n","protected":false},"featured_media":58657,"comment_status":"closed","ping_status":"closed","template":"","meta":{"_et_pb_use_builder":"","_et_pb_old_content":"","_et_gb_content_width":""},"product_cat":[326,332],"product_tag":[],"acf":[],"yoast_head":"<!-- This site is optimized with the Yoast SEO plugin v22.6 - https:\/\/yoast.com\/wordpress\/plugins\/seo\/ -->\n<title>Vanille - extrait C02 - Pranarom<\/title>\n<meta name=\"robots\" content=\"index, follow, max-snippet:-1, max-image-preview:large, max-video-preview:-1\" \/>\n<link rel=\"canonical\" href=\"https:\/\/pranarom.ca\/produit\/vanilla-c02-extract-p-e110\/\" \/>\n<meta property=\"og:locale\" content=\"fr_FR\" \/>\n<meta property=\"og:type\" content=\"article\" \/>\n<meta property=\"og:title\" content=\"Vanille - extrait C02 - Pranarom\" \/>\n<meta property=\"og:description\" content=\"Huile essentielle 100% pure et naturelle - Biologique  Vanilla planifolia - Vanilline Ol\u00e9or\u00e9sine pr\u00e9dilu\u00e9e | Extrait C02  5 ml\" \/>\n<meta property=\"og:url\" content=\"https:\/\/pranarom.ca\/produit\/vanilla-c02-extract-p-e110\/\" \/>\n<meta property=\"og:site_name\" content=\"Pranarom\" \/>\n<meta property=\"article:publisher\" content=\"https:\/\/www.facebook.com\/PranaromCanada\" \/>\n<meta property=\"article:modified_time\" content=\"2022-03-28T18:00:08+00:00\" \/>\n<meta property=\"og:image\" content=\"https:\/\/pranarom.ca\/wp-content\/uploads\/2021\/01\/P-E110_F.png\" \/>\n\t<meta property=\"og:image:width\" content=\"1500\" \/>\n\t<meta property=\"og:image:height\" content=\"1500\" \/>\n\t<meta property=\"og:image:type\" content=\"image\/png\" \/>\n<meta name=\"twitter:card\" content=\"summary_large_image\" \/>\n<meta name=\"twitter:label1\" content=\"Dur\u00e9e de lecture estim\u00e9e\" \/>\n\t<meta name=\"twitter:data1\" content=\"2 minutes\" \/>\n<script type=\"application\/ld+json\" class=\"yoast-schema-graph\">{\"@context\":\"https:\/\/schema.org\",\"@graph\":[{\"@type\":\"WebPage\",\"@id\":\"https:\/\/pranarom.ca\/produit\/vanilla-c02-extract-p-e110\/\",\"url\":\"https:\/\/pranarom.ca\/produit\/vanilla-c02-extract-p-e110\/\",\"name\":\"Vanille - extrait C02 - Pranarom\",\"isPartOf\":{\"@id\":\"https:\/\/pranarom.ca\/#website\"},\"primaryImageOfPage\":{\"@id\":\"https:\/\/pranarom.ca\/produit\/vanilla-c02-extract-p-e110\/#primaryimage\"},\"image\":{\"@id\":\"https:\/\/pranarom.ca\/produit\/vanilla-c02-extract-p-e110\/#primaryimage\"},\"thumbnailUrl\":\"https:\/\/pranarom.ca\/wp-content\/uploads\/2021\/01\/P-E110_F.png\",\"datePublished\":\"2021-01-20T18:53:14+00:00\",\"dateModified\":\"2022-03-28T18:00:08+00:00\",\"breadcrumb\":{\"@id\":\"https:\/\/pranarom.ca\/produit\/vanilla-c02-extract-p-e110\/#breadcrumb\"},\"inLanguage\":\"fr-FR\",\"potentialAction\":[{\"@type\":\"ReadAction\",\"target\":[\"https:\/\/pranarom.ca\/produit\/vanilla-c02-extract-p-e110\/\"]}]},{\"@type\":\"ImageObject\",\"inLanguage\":\"fr-FR\",\"@id\":\"https:\/\/pranarom.ca\/produit\/vanilla-c02-extract-p-e110\/#primaryimage\",\"url\":\"https:\/\/pranarom.ca\/wp-content\/uploads\/2021\/01\/P-E110_F.png\",\"contentUrl\":\"https:\/\/pranarom.ca\/wp-content\/uploads\/2021\/01\/P-E110_F.png\",\"width\":1500,\"height\":1500},{\"@type\":\"BreadcrumbList\",\"@id\":\"https:\/\/pranarom.ca\/produit\/vanilla-c02-extract-p-e110\/#breadcrumb\",\"itemListElement\":[{\"@type\":\"ListItem\",\"position\":1,\"name\":\"Home\",\"item\":\"https:\/\/pranarom.ca\/fr\/\"},{\"@type\":\"ListItem\",\"position\":2,\"name\":\"Shop\",\"item\":\"https:\/\/pranarom.ca\/shop\/\"},{\"@type\":\"ListItem\",\"position\":3,\"name\":\"Vanille &#8211; extrait C02\"}]},{\"@type\":\"WebSite\",\"@id\":\"https:\/\/pranarom.ca\/#website\",\"url\":\"https:\/\/pranarom.ca\/\",\"name\":\"Pranarom Canada\",\"description\":\"Scientific Aromatherapyy\",\"publisher\":{\"@id\":\"https:\/\/pranarom.ca\/#organization\"},\"potentialAction\":[{\"@type\":\"SearchAction\",\"target\":{\"@type\":\"EntryPoint\",\"urlTemplate\":\"https:\/\/pranarom.ca\/?s={search_term_string}\"},\"query-input\":\"required name=search_term_string\"}],\"inLanguage\":\"fr-FR\"},{\"@type\":\"Organization\",\"@id\":\"https:\/\/pranarom.ca\/#organization\",\"name\":\"Pranarom\",\"url\":\"https:\/\/pranarom.ca\/\",\"logo\":{\"@type\":\"ImageObject\",\"inLanguage\":\"fr-FR\",\"@id\":\"https:\/\/pranarom.ca\/#\/schema\/logo\/image\/\",\"url\":\"https:\/\/pranarom.ca\/wp-content\/uploads\/2019\/03\/pranalogo.png\",\"contentUrl\":\"https:\/\/pranarom.ca\/wp-content\/uploads\/2019\/03\/pranalogo.png\",\"width\":330,\"height\":100,\"caption\":\"Pranarom\"},\"image\":{\"@id\":\"https:\/\/pranarom.ca\/#\/schema\/logo\/image\/\"},\"sameAs\":[\"https:\/\/www.facebook.com\/PranaromCanada\",\"http:\/\/instagram.com\/pranaromcanada\/\",\"https:\/\/www.instagram.com\/pranaromcanada\/\"]}]}<\/script>\n<!-- \/ Yoast SEO plugin. -->","yoast_head_json":{"title":"Vanille - extrait C02 - Pranarom","robots":{"index":"index","follow":"follow","max-snippet":"max-snippet:-1","max-image-preview":"max-image-preview:large","max-video-preview":"max-video-preview:-1"},"canonical":"https:\/\/pranarom.ca\/produit\/vanilla-c02-extract-p-e110\/","og_locale":"fr_FR","og_type":"article","og_title":"Vanille - extrait C02 - Pranarom","og_description":"Huile essentielle 100% pure et naturelle - Biologique  Vanilla planifolia - Vanilline Ol\u00e9or\u00e9sine pr\u00e9dilu\u00e9e | Extrait C02  5 ml","og_url":"https:\/\/pranarom.ca\/produit\/vanilla-c02-extract-p-e110\/","og_site_name":"Pranarom","article_publisher":"https:\/\/www.facebook.com\/PranaromCanada","article_modified_time":"2022-03-28T18:00:08+00:00","og_image":[{"width":1500,"height":1500,"url":"https:\/\/pranarom.ca\/wp-content\/uploads\/2021\/01\/P-E110_F.png","type":"image\/png"}],"twitter_card":"summary_large_image","twitter_misc":{"Dur\u00e9e de lecture estim\u00e9e":"2 minutes"},"schema":{"@context":"https:\/\/schema.org","@graph":[{"@type":"WebPage","@id":"https:\/\/pranarom.ca\/produit\/vanilla-c02-extract-p-e110\/","url":"https:\/\/pranarom.ca\/produit\/vanilla-c02-extract-p-e110\/","name":"Vanille - extrait C02 - Pranarom","isPartOf":{"@id":"https:\/\/pranarom.ca\/#website"},"primaryImageOfPage":{"@id":"https:\/\/pranarom.ca\/produit\/vanilla-c02-extract-p-e110\/#primaryimage"},"image":{"@id":"https:\/\/pranarom.ca\/produit\/vanilla-c02-extract-p-e110\/#primaryimage"},"thumbnailUrl":"https:\/\/pranarom.ca\/wp-content\/uploads\/2021\/01\/P-E110_F.png","datePublished":"2021-01-20T18:53:14+00:00","dateModified":"2022-03-28T18:00:08+00:00","breadcrumb":{"@id":"https:\/\/pranarom.ca\/produit\/vanilla-c02-extract-p-e110\/#breadcrumb"},"inLanguage":"fr-FR","potentialAction":[{"@type":"ReadAction","target":["https:\/\/pranarom.ca\/produit\/vanilla-c02-extract-p-e110\/"]}]},{"@type":"ImageObject","inLanguage":"fr-FR","@id":"https:\/\/pranarom.ca\/produit\/vanilla-c02-extract-p-e110\/#primaryimage","url":"https:\/\/pranarom.ca\/wp-content\/uploads\/2021\/01\/P-E110_F.png","contentUrl":"https:\/\/pranarom.ca\/wp-content\/uploads\/2021\/01\/P-E110_F.png","width":1500,"height":1500},{"@type":"BreadcrumbList","@id":"https:\/\/pranarom.ca\/produit\/vanilla-c02-extract-p-e110\/#breadcrumb","itemListElement":[{"@type":"ListItem","position":1,"name":"Home","item":"https:\/\/pranarom.ca\/fr\/"},{"@type":"ListItem","position":2,"name":"Shop","item":"https:\/\/pranarom.ca\/shop\/"},{"@type":"ListItem","position":3,"name":"Vanille &#8211; extrait C02"}]},{"@type":"WebSite","@id":"https:\/\/pranarom.ca\/#website","url":"https:\/\/pranarom.ca\/","name":"Pranarom Canada","description":"Scientific Aromatherapyy","publisher":{"@id":"https:\/\/pranarom.ca\/#organization"},"potentialAction":[{"@type":"SearchAction","target":{"@type":"EntryPoint","urlTemplate":"https:\/\/pranarom.ca\/?s={search_term_string}"},"query-input":"required name=search_term_string"}],"inLanguage":"fr-FR"},{"@type":"Organization","@id":"https:\/\/pranarom.ca\/#organization","name":"Pranarom","url":"https:\/\/pranarom.ca\/","logo":{"@type":"ImageObject","inLanguage":"fr-FR","@id":"https:\/\/pranarom.ca\/#\/schema\/logo\/image\/","url":"https:\/\/pranarom.ca\/wp-content\/uploads\/2019\/03\/pranalogo.png","contentUrl":"https:\/\/pranarom.ca\/wp-content\/uploads\/2019\/03\/pranalogo.png","width":330,"height":100,"caption":"Pranarom"},"image":{"@id":"https:\/\/pranarom.ca\/#\/schema\/logo\/image\/"},"sameAs":["https:\/\/www.facebook.com\/PranaromCanada","http:\/\/instagram.com\/pranaromcanada\/","https:\/\/www.instagram.com\/pranaromcanada\/"]}]}},"jetpack_sharing_enabled":true,"_links":{"self":[{"href":"https:\/\/pranarom.ca\/fr\/wp-json\/wp\/v2\/product\/58487"}],"collection":[{"href":"https:\/\/pranarom.ca\/fr\/wp-json\/wp\/v2\/product"}],"about":[{"href":"https:\/\/pranarom.ca\/fr\/wp-json\/wp\/v2\/types\/product"}],"replies":[{"embeddable":true,"href":"https:\/\/pranarom.ca\/fr\/wp-json\/wp\/v2\/comments?post=58487"}],"wp:featuredmedia":[{"embeddable":true,"href":"https:\/\/pranarom.ca\/fr\/wp-json\/wp\/v2\/media\/58657"}],"wp:attachment":[{"href":"https:\/\/pranarom.ca\/fr\/wp-json\/wp\/v2\/media?parent=58487"}],"wp:term":[{"taxonomy":"product_cat","embeddable":true,"href":"https:\/\/pranarom.ca\/fr\/wp-json\/wp\/v2\/product_cat?post=58487"},{"taxonomy":"product_tag","embeddable":true,"href":"https:\/\/pranarom.ca\/fr\/wp-json\/wp\/v2\/product_tag?post=58487"}],"curies":[{"name":"wp","href":"https:\/\/api.w.org\/{rel}","templated":true}]}}