{"id":58416,"date":"2021-01-13T18:22:03","date_gmt":"2021-01-13T18:22:03","guid":{"rendered":"https:\/\/pranarom.ca\/?post_type=product&#038;p=58416"},"modified":"2022-03-28T18:29:18","modified_gmt":"2022-03-28T18:29:18","slug":"bulle-diffusion-a-sec-sans-eau-et-facile-a-utiliser","status":"publish","type":"product","link":"https:\/\/pranarom.ca\/fr\/produit\/bulle-diffusion-a-sec-sans-eau-et-facile-a-utiliser\/","title":{"rendered":"Bulle | Diffusion \u00e0 sec, sans eau et facile \u00e0 utiliser"},"content":{"rendered":"<p id=\"product-description-short-5771\" class=\"product-description-small h5\">Diffusion \u00e0 sec d\u2019huiles essentielles \u2013 N\u00e9bulisation \u2013 Bois et verre \u2013 Effet Brume et lumi\u00e8re<\/p>\n<p>Personnalisez vos lieux de vie et cr\u00e9ez votre ambiance olfactive pr\u00e9f\u00e9r\u00e9e gr\u00e2ce \u00e0 la diffusion d\u2019huiles essentielles.<\/p>\n<p>En mat\u00e9riaux nobles Bois et Verre, le diffuseur\u00a0<strong>Bulle<\/strong>\u00a0est un diffuseur d\u2019huiles essentielles pures sans eau, facile \u00e0 utiliser ; tout en revenant \u00e0 la diffusion traditionnelle, le diffuseur\u00a0<strong>Bulle<\/strong>\u00a0est un bel objet design avec un effet surprenant de brume et de lumi\u00e8re!<\/p>\n<div id=\"product-description-5771\" class=\"product-description\">\n<p>Ce beau diffuseur exclusif de qualit\u00e9 vous s\u00e9duira et trouvera une place de choix dans vos espaces de vie, \u00e0 la maison ou au bureau.<\/p>\n<p>Choisissez toujours des huiles essentielles de qualit\u00e9 HECT : d\u00e9couvrez les m\u00e9langes uniques pour diffuseurs 100% huiles essentielles biologiques* et naturelles de Pranar\u00f4m.<\/p>\n<hr \/>\n<h2>La diffusion \u00e0 sec en quelques mots:<\/h2>\n<ul>\n<li>Proc\u00e9d\u00e9 de diffusion \u00e0 froid soutenu par les puristes<\/li>\n<li>Utilisation d\u2019HE pures<\/li>\n<li>Pr\u00e9serve l\u2019int\u00e9gralit\u00e9 des actifs des HE<\/li>\n<li>Puissance olfactive +++<\/li>\n<li>Adapt\u00e9 aux grands espaces<\/li>\n<\/ul>\n<\/div>\n<hr \/>\n<h2>Caract\u00e9ristiques :<\/h2>\n<ul>\n<li>En mat\u00e9riaux nobles bois et verre.<\/li>\n<li>Lumi\u00e8re d\u2019ambiance LED.<\/li>\n<li>Cycle\u00a0: marche 2 minutes \u2013 arr\u00eat 1 minute.<\/li>\n<li>Arr\u00eat automatique de la diffusion apr\u00e8s 2 heures.<\/li>\n<li>Dimensions : 14 x 14 x 12 cms.<\/li>\n<\/ul>\n<hr \/>\n<h2>Fonctions de diffusion :<\/h2>\n<p>1) 30 minutes : 20 gouttes d\u2019HE<br \/>\nLumi\u00e8re + diffusion par cycle 2 minutes ON et 1 minute OFF<\/p>\n<p>2) 60 minutes : 30 gouttes d\u2019HE<br \/>\nLumi\u00e8re + diffusion par cycle 2 minutes ON et 1 minute OFF<\/p>\n<p><strong>Toujours lire attentivement la notice de l\u2019appareil avant usage.<\/strong><\/p>\n<hr \/>\n<h2>M\u00e9lange diffusion pour diffuseur Pranarom :<\/h2>\n<p>Pour ne pas avoir recours \u00e0 des m\u00e9langes compliqu\u00e9s ou \u00e0 des dosages impr\u00e9cis, Pranarom propose 11 synergies aromatiques compos\u00e9es \u00e0 100% d\u2019huiles essentielles pr\u00eates \u00e0 l\u2019emploi!<\/p>\n<ul>\n<li><a href=\"https:\/\/biolonreco.ca\/fr\/produit\/accueil-chaleureux\/\">Accueil chaleureux<\/a><\/li>\n<li><a href=\"https:\/\/biolonreco.ca\/fr\/produit\/amour\/\">Amour<\/a><\/li>\n<li><a href=\"https:\/\/pranarom.ca\/fr\/produit\/bien-chez-soi\/\">Bien chez soi<\/a><\/li>\n<li><a href=\"https:\/\/pranarom.ca\/fr\/produit\/calabria\/\">Calabria<\/a><\/li>\n<li><a href=\"https:\/\/biolonreco.ca\/fr\/produit\/citronnelplus\/\">Citronnel\u2019Plus<\/a><\/li>\n<li><a href=\"https:\/\/biolonreco.ca\/fr\/produit\/citrus\/\">Citrus<\/a><\/li>\n<li><a href=\"https:\/\/biolonreco.ca\/fr\/produit\/eucalypur\/\">Eucaly\u2019Pur<\/a><\/li>\n<li><a href=\"https:\/\/biolonreco.ca\/fr\/produit\/immplus\/\">Imm\u2019Plus<\/a><\/li>\n<li><a href=\"https:\/\/biolonreco.ca\/fr\/produit\/meditation\/\">M\u00e9ditation<\/a><\/li>\n<li><a href=\"https:\/\/biolonreco.ca\/fr\/produit\/provence\/\">Provence<\/a><\/li>\n<li><a href=\"https:\/\/biolonreco.ca\/fr\/produit\/soiree-dhiver\/\">Soir\u00e9e d\u2019hiver<\/a><\/li>\n<li><a href=\"https:\/\/pranarom.ca\/fr\/produit\/sommeil\/\">Sommeil<\/a><\/li>\n<li><a href=\"https:\/\/pranarom.ca\/fr\/produit\/sorrento\/\">Sorrento<\/a><\/li>\n<li><a href=\"https:\/\/biolonreco.ca\/fr\/produit\/temps-des-fetes\/\">Temps des f\u00eates<\/a><\/li>\n<li><a href=\"https:\/\/pranarom.ca\/fr\/produit\/tendre-gourmandise\/\">Tendre gourmandise<\/a><\/li>\n<li><a href=\"https:\/\/pranarom.ca\/fr\/produit\/valencia\/\">Valencia<\/a><\/li>\n<li><a href=\"https:\/\/biolonreco.ca\/fr\/produit\/zen\/\">Zen<\/a><\/li>\n<\/ul>\n","protected":false},"excerpt":{"rendered":"<p><strong>Diffusion \u00e0 sec d\u2019huiles essentielles \u2013 N\u00e9bulisation \u2013 Bois et verre<\/strong><\/p>\n<p>Bulle est un diffuseur d\u2019huiles essentielles pures, sans eau et facile \u00e0 utiliser. Soyez s\u00e9duit par son design et par son effet de brume et de lumi\u00e8re!<\/p>\n","protected":false},"featured_media":59498,"comment_status":"open","ping_status":"closed","template":"","meta":{"_et_pb_use_builder":"","_et_pb_old_content":"","_et_gb_content_width":""},"product_cat":[535,515,518,532,632,531,533,534,506,326],"product_tag":[],"acf":[],"yoast_head":"<!-- This site is optimized with the Yoast SEO plugin v22.6 - https:\/\/yoast.com\/wordpress\/plugins\/seo\/ -->\n<title>Bulle | Diffusion \u00e0 sec, sans eau et facile \u00e0 utiliser - Pranarom<\/title>\n<meta name=\"robots\" content=\"index, follow, max-snippet:-1, max-image-preview:large, max-video-preview:-1\" \/>\n<link rel=\"canonical\" href=\"https:\/\/pranarom.ca\/produit\/bulle-dry-nebulization-principle-no-water\/\" \/>\n<meta property=\"og:locale\" content=\"fr_FR\" \/>\n<meta property=\"og:type\" content=\"article\" \/>\n<meta property=\"og:title\" content=\"Bulle | Diffusion \u00e0 sec, sans eau et facile \u00e0 utiliser - Pranarom\" \/>\n<meta property=\"og:description\" content=\"Diffusion \u00e0 sec d\u2019huiles essentielles \u2013 N\u00e9bulisation \u2013 Bois et verre  Bulle est un diffuseur d\u2019huiles essentielles pures, sans eau et facile \u00e0 utiliser. Soyez s\u00e9duit par son design et par son effet de brume et de lumi\u00e8re!\" \/>\n<meta property=\"og:url\" content=\"https:\/\/pranarom.ca\/produit\/bulle-dry-nebulization-principle-no-water\/\" \/>\n<meta property=\"og:site_name\" content=\"Pranarom\" \/>\n<meta property=\"article:publisher\" content=\"https:\/\/www.facebook.com\/PranaromCanada\" \/>\n<meta property=\"article:modified_time\" content=\"2022-03-28T18:29:18+00:00\" \/>\n<meta property=\"og:image\" content=\"https:\/\/pranarom.ca\/wp-content\/uploads\/2021\/01\/Bulle_diffuseur_diffuser_1.png\" \/>\n\t<meta property=\"og:image:width\" content=\"1500\" \/>\n\t<meta property=\"og:image:height\" content=\"1500\" \/>\n\t<meta property=\"og:image:type\" content=\"image\/png\" \/>\n<meta name=\"twitter:card\" content=\"summary_large_image\" \/>\n<meta name=\"twitter:label1\" content=\"Dur\u00e9e de lecture estim\u00e9e\" \/>\n\t<meta name=\"twitter:data1\" content=\"2 minutes\" \/>\n<script type=\"application\/ld+json\" class=\"yoast-schema-graph\">{\"@context\":\"https:\/\/schema.org\",\"@graph\":[{\"@type\":\"WebPage\",\"@id\":\"https:\/\/pranarom.ca\/produit\/bulle-dry-nebulization-principle-no-water\/\",\"url\":\"https:\/\/pranarom.ca\/produit\/bulle-dry-nebulization-principle-no-water\/\",\"name\":\"Bulle | Diffusion \u00e0 sec, sans eau et facile \u00e0 utiliser - Pranarom\",\"isPartOf\":{\"@id\":\"https:\/\/pranarom.ca\/#website\"},\"primaryImageOfPage\":{\"@id\":\"https:\/\/pranarom.ca\/produit\/bulle-dry-nebulization-principle-no-water\/#primaryimage\"},\"image\":{\"@id\":\"https:\/\/pranarom.ca\/produit\/bulle-dry-nebulization-principle-no-water\/#primaryimage\"},\"thumbnailUrl\":\"https:\/\/pranarom.ca\/wp-content\/uploads\/2021\/01\/Bulle_diffuseur_diffuser_1.png\",\"datePublished\":\"2021-01-13T18:22:03+00:00\",\"dateModified\":\"2022-03-28T18:29:18+00:00\",\"breadcrumb\":{\"@id\":\"https:\/\/pranarom.ca\/produit\/bulle-dry-nebulization-principle-no-water\/#breadcrumb\"},\"inLanguage\":\"fr-FR\",\"potentialAction\":[{\"@type\":\"ReadAction\",\"target\":[\"https:\/\/pranarom.ca\/produit\/bulle-dry-nebulization-principle-no-water\/\"]}]},{\"@type\":\"ImageObject\",\"inLanguage\":\"fr-FR\",\"@id\":\"https:\/\/pranarom.ca\/produit\/bulle-dry-nebulization-principle-no-water\/#primaryimage\",\"url\":\"https:\/\/pranarom.ca\/wp-content\/uploads\/2021\/01\/Bulle_diffuseur_diffuser_1.png\",\"contentUrl\":\"https:\/\/pranarom.ca\/wp-content\/uploads\/2021\/01\/Bulle_diffuseur_diffuser_1.png\",\"width\":1500,\"height\":1500},{\"@type\":\"BreadcrumbList\",\"@id\":\"https:\/\/pranarom.ca\/produit\/bulle-dry-nebulization-principle-no-water\/#breadcrumb\",\"itemListElement\":[{\"@type\":\"ListItem\",\"position\":1,\"name\":\"Home\",\"item\":\"https:\/\/pranarom.ca\/fr\/\"},{\"@type\":\"ListItem\",\"position\":2,\"name\":\"Shop\",\"item\":\"https:\/\/pranarom.ca\/shop\/\"},{\"@type\":\"ListItem\",\"position\":3,\"name\":\"Bulle | Diffusion \u00e0 sec, sans eau et facile \u00e0 utiliser\"}]},{\"@type\":\"WebSite\",\"@id\":\"https:\/\/pranarom.ca\/#website\",\"url\":\"https:\/\/pranarom.ca\/\",\"name\":\"Pranarom Canada\",\"description\":\"Scientific Aromatherapyy\",\"publisher\":{\"@id\":\"https:\/\/pranarom.ca\/#organization\"},\"potentialAction\":[{\"@type\":\"SearchAction\",\"target\":{\"@type\":\"EntryPoint\",\"urlTemplate\":\"https:\/\/pranarom.ca\/?s={search_term_string}\"},\"query-input\":\"required name=search_term_string\"}],\"inLanguage\":\"fr-FR\"},{\"@type\":\"Organization\",\"@id\":\"https:\/\/pranarom.ca\/#organization\",\"name\":\"Pranarom\",\"url\":\"https:\/\/pranarom.ca\/\",\"logo\":{\"@type\":\"ImageObject\",\"inLanguage\":\"fr-FR\",\"@id\":\"https:\/\/pranarom.ca\/#\/schema\/logo\/image\/\",\"url\":\"https:\/\/pranarom.ca\/wp-content\/uploads\/2019\/03\/pranalogo.png\",\"contentUrl\":\"https:\/\/pranarom.ca\/wp-content\/uploads\/2019\/03\/pranalogo.png\",\"width\":330,\"height\":100,\"caption\":\"Pranarom\"},\"image\":{\"@id\":\"https:\/\/pranarom.ca\/#\/schema\/logo\/image\/\"},\"sameAs\":[\"https:\/\/www.facebook.com\/PranaromCanada\",\"http:\/\/instagram.com\/pranaromcanada\/\",\"https:\/\/www.instagram.com\/pranaromcanada\/\"]}]}<\/script>\n<!-- \/ Yoast SEO plugin. -->","yoast_head_json":{"title":"Bulle | Diffusion \u00e0 sec, sans eau et facile \u00e0 utiliser - Pranarom","robots":{"index":"index","follow":"follow","max-snippet":"max-snippet:-1","max-image-preview":"max-image-preview:large","max-video-preview":"max-video-preview:-1"},"canonical":"https:\/\/pranarom.ca\/produit\/bulle-dry-nebulization-principle-no-water\/","og_locale":"fr_FR","og_type":"article","og_title":"Bulle | Diffusion \u00e0 sec, sans eau et facile \u00e0 utiliser - Pranarom","og_description":"Diffusion \u00e0 sec d\u2019huiles essentielles \u2013 N\u00e9bulisation \u2013 Bois et verre  Bulle est un diffuseur d\u2019huiles essentielles pures, sans eau et facile \u00e0 utiliser. Soyez s\u00e9duit par son design et par son effet de brume et de lumi\u00e8re!","og_url":"https:\/\/pranarom.ca\/produit\/bulle-dry-nebulization-principle-no-water\/","og_site_name":"Pranarom","article_publisher":"https:\/\/www.facebook.com\/PranaromCanada","article_modified_time":"2022-03-28T18:29:18+00:00","og_image":[{"width":1500,"height":1500,"url":"https:\/\/pranarom.ca\/wp-content\/uploads\/2021\/01\/Bulle_diffuseur_diffuser_1.png","type":"image\/png"}],"twitter_card":"summary_large_image","twitter_misc":{"Dur\u00e9e de lecture estim\u00e9e":"2 minutes"},"schema":{"@context":"https:\/\/schema.org","@graph":[{"@type":"WebPage","@id":"https:\/\/pranarom.ca\/produit\/bulle-dry-nebulization-principle-no-water\/","url":"https:\/\/pranarom.ca\/produit\/bulle-dry-nebulization-principle-no-water\/","name":"Bulle | Diffusion \u00e0 sec, sans eau et facile \u00e0 utiliser - Pranarom","isPartOf":{"@id":"https:\/\/pranarom.ca\/#website"},"primaryImageOfPage":{"@id":"https:\/\/pranarom.ca\/produit\/bulle-dry-nebulization-principle-no-water\/#primaryimage"},"image":{"@id":"https:\/\/pranarom.ca\/produit\/bulle-dry-nebulization-principle-no-water\/#primaryimage"},"thumbnailUrl":"https:\/\/pranarom.ca\/wp-content\/uploads\/2021\/01\/Bulle_diffuseur_diffuser_1.png","datePublished":"2021-01-13T18:22:03+00:00","dateModified":"2022-03-28T18:29:18+00:00","breadcrumb":{"@id":"https:\/\/pranarom.ca\/produit\/bulle-dry-nebulization-principle-no-water\/#breadcrumb"},"inLanguage":"fr-FR","potentialAction":[{"@type":"ReadAction","target":["https:\/\/pranarom.ca\/produit\/bulle-dry-nebulization-principle-no-water\/"]}]},{"@type":"ImageObject","inLanguage":"fr-FR","@id":"https:\/\/pranarom.ca\/produit\/bulle-dry-nebulization-principle-no-water\/#primaryimage","url":"https:\/\/pranarom.ca\/wp-content\/uploads\/2021\/01\/Bulle_diffuseur_diffuser_1.png","contentUrl":"https:\/\/pranarom.ca\/wp-content\/uploads\/2021\/01\/Bulle_diffuseur_diffuser_1.png","width":1500,"height":1500},{"@type":"BreadcrumbList","@id":"https:\/\/pranarom.ca\/produit\/bulle-dry-nebulization-principle-no-water\/#breadcrumb","itemListElement":[{"@type":"ListItem","position":1,"name":"Home","item":"https:\/\/pranarom.ca\/fr\/"},{"@type":"ListItem","position":2,"name":"Shop","item":"https:\/\/pranarom.ca\/shop\/"},{"@type":"ListItem","position":3,"name":"Bulle | Diffusion \u00e0 sec, sans eau et facile \u00e0 utiliser"}]},{"@type":"WebSite","@id":"https:\/\/pranarom.ca\/#website","url":"https:\/\/pranarom.ca\/","name":"Pranarom Canada","description":"Scientific Aromatherapyy","publisher":{"@id":"https:\/\/pranarom.ca\/#organization"},"potentialAction":[{"@type":"SearchAction","target":{"@type":"EntryPoint","urlTemplate":"https:\/\/pranarom.ca\/?s={search_term_string}"},"query-input":"required name=search_term_string"}],"inLanguage":"fr-FR"},{"@type":"Organization","@id":"https:\/\/pranarom.ca\/#organization","name":"Pranarom","url":"https:\/\/pranarom.ca\/","logo":{"@type":"ImageObject","inLanguage":"fr-FR","@id":"https:\/\/pranarom.ca\/#\/schema\/logo\/image\/","url":"https:\/\/pranarom.ca\/wp-content\/uploads\/2019\/03\/pranalogo.png","contentUrl":"https:\/\/pranarom.ca\/wp-content\/uploads\/2019\/03\/pranalogo.png","width":330,"height":100,"caption":"Pranarom"},"image":{"@id":"https:\/\/pranarom.ca\/#\/schema\/logo\/image\/"},"sameAs":["https:\/\/www.facebook.com\/PranaromCanada","http:\/\/instagram.com\/pranaromcanada\/","https:\/\/www.instagram.com\/pranaromcanada\/"]}]}},"jetpack_sharing_enabled":true,"_links":{"self":[{"href":"https:\/\/pranarom.ca\/fr\/wp-json\/wp\/v2\/product\/58416"}],"collection":[{"href":"https:\/\/pranarom.ca\/fr\/wp-json\/wp\/v2\/product"}],"about":[{"href":"https:\/\/pranarom.ca\/fr\/wp-json\/wp\/v2\/types\/product"}],"replies":[{"embeddable":true,"href":"https:\/\/pranarom.ca\/fr\/wp-json\/wp\/v2\/comments?post=58416"}],"wp:featuredmedia":[{"embeddable":true,"href":"https:\/\/pranarom.ca\/fr\/wp-json\/wp\/v2\/media\/59498"}],"wp:attachment":[{"href":"https:\/\/pranarom.ca\/fr\/wp-json\/wp\/v2\/media?parent=58416"}],"wp:term":[{"taxonomy":"product_cat","embeddable":true,"href":"https:\/\/pranarom.ca\/fr\/wp-json\/wp\/v2\/product_cat?post=58416"},{"taxonomy":"product_tag","embeddable":true,"href":"https:\/\/pranarom.ca\/fr\/wp-json\/wp\/v2\/product_tag?post=58416"}],"curies":[{"name":"wp","href":"https:\/\/api.w.org\/{rel}","templated":true}]}}