{"id":57613,"date":"2020-09-23T15:00:40","date_gmt":"2020-09-23T15:00:40","guid":{"rendered":"https:\/\/pranarom.ca\/?post_type=product&#038;p=57613"},"modified":"2021-01-13T20:45:09","modified_gmt":"2021-01-13T20:45:09","slug":"mini-guide-lolfactotherapie","status":"publish","type":"product","link":"https:\/\/pranarom.ca\/fr\/produit\/mini-guide-lolfactotherapie\/","title":{"rendered":"Mini-Guide &#8211; L&#8217;olfactoth\u00e9rapie"},"content":{"rendered":"<p><strong>Mieux g\u00e9rer son stress et ses \u00e9motions gr\u00e2ce aux huiles essentielles<\/strong><\/p>\n<p>Dominique Baudoux, pharmacien belge, aromatologue, fondateur d\u2019un prestigieux laboratoire d\u2019aromath\u00e9rapie scientifique leader du march\u00e9, auteur de tr\u00e8s nombreux livres de r\u00e9f\u00e9rence et enseignant de cette d\u00e9marche aromatique innovante, s\u2019est construit une expertise et exp\u00e9rience tr\u00e8s large sur les propri\u00e9t\u00e9s<br \/>\npr\u00e9ventives et curatives des huiles essentielles ch\u00e9motyp\u00e9es.<\/p>\n<p>Dans une civilisation vou\u00e9e \u00e0 l\u2019acc\u00e9l\u00e9ration et aux pressions de toutes parts, la qu\u00eate d\u2019\u00e9quilibre et d\u2019harmonie et la gestion des \u00e9motions qui la sous-tend devient tr\u00e8s compliqu\u00e9e. Partant du constat qu\u2019avant toute d\u00e9claration ou manifestation de sympt\u00f4mes et de maladies il y a un souvent une souffrance nerveuse, un choc \u00e9motionnel ou encore une perturbation affective, la gestion de la souffrance morale m\u00e9rite un int\u00e9r\u00eat et une prise en charge \u00e0 la hauteur des enjeux personnels et soci\u00e9taux qui la sous-tend.<\/p>\n<p>L\u2019odorat est le seul sens qui puisse reproduire avec autant d\u2019exactitude un souvenir ou une \u00e9motion ressentie des ann\u00e9es auparavant comme l\u2019a si justement \u00e9voqu\u00e9 Proust avec sa Madeleine. Et pour cause, c\u2019est le seul sens qui ne passe pas par le filtre d\u2019interpr\u00e9tation du mental en touchant directement le cerveau limbique, si\u00e8ge des \u00e9motions. L\u2019occasion d\u2019entrer en contact avec notre fameux inconscient encore bien myst\u00e9rieux.<\/p>\n<p>L\u2019olfaction, tout comme l\u2019aromath\u00e9rapie en g\u00e9n\u00e9ral, est une science en pleine expansion et de nombreuses \u00e9tudes se r\u00e9v\u00e8lent tr\u00e8s prometteuses et passionnantes.<br \/>\nNous ne pouvons pas vivre sans respirer et respirer implique de s\u2019impr\u00e9gner des odeurs ambiantes. Il est donc temps d\u2019en prendre la pleine mesure et de choisir ce que nous d\u00e9sirons sentir et ressentir ou ce que nous d\u00e9cidons d\u2019\u00e9viter.<\/p>\n<hr \/>\n<ul>\n<li>L&#8217;olfactoth\u00e9rapie<\/li>\n<li>Les m\u00e9thodes d&#8217;olfactoth\u00e9rapie<\/li>\n<li>Comment choisir son huile essentielle ?<\/li>\n<li>Yuzu<\/li>\n<li>Bois de rose<\/li>\n<li>Lavande vraie<\/li>\n<li>Camomille noble ou romaine<\/li>\n<li>Pamplemoussier<\/li>\n<li>Verveine citronn\u00e9e<\/li>\n<li>Mandarinier<\/li>\n<li>Marjolaine \u00e0 coquilles<\/li>\n<li>Petit grain bigarade<\/li>\n<li>Recettes<\/li>\n<\/ul>\n<hr \/>\n<p>EAN : 978-2-8755-2132-3<\/p>\n<p>\u00c9ditions Amyris<\/p>\n","protected":false},"excerpt":{"rendered":"<p><strong>Dominique Baudoux<\/strong><\/p>\n","protected":false},"featured_media":57618,"comment_status":"open","ping_status":"closed","template":"","meta":{"_et_pb_use_builder":"","_et_pb_old_content":"","_et_gb_content_width":""},"product_cat":[518,380,336,337],"product_tag":[],"acf":[],"yoast_head":"<!-- This site is optimized with the Yoast SEO plugin v22.6 - https:\/\/yoast.com\/wordpress\/plugins\/seo\/ -->\n<title>Mini-Guide - L&#039;olfactoth\u00e9rapie - Pranarom<\/title>\n<meta name=\"robots\" content=\"index, follow, max-snippet:-1, max-image-preview:large, max-video-preview:-1\" \/>\n<link rel=\"canonical\" href=\"https:\/\/pranarom.ca\/fr\/produit\/mini-guide-lolfactotherapie\/\" \/>\n<meta property=\"og:locale\" content=\"fr_FR\" \/>\n<meta property=\"og:type\" content=\"article\" \/>\n<meta property=\"og:title\" content=\"Mini-Guide - L&#039;olfactoth\u00e9rapie - Pranarom\" \/>\n<meta property=\"og:description\" content=\"Dominique Baudoux\" \/>\n<meta property=\"og:url\" content=\"https:\/\/pranarom.ca\/fr\/produit\/mini-guide-lolfactotherapie\/\" \/>\n<meta property=\"og:site_name\" content=\"Pranarom\" \/>\n<meta property=\"article:publisher\" content=\"https:\/\/www.facebook.com\/PranaromCanada\" \/>\n<meta property=\"article:modified_time\" content=\"2021-01-13T20:45:09+00:00\" \/>\n<meta property=\"og:image\" content=\"https:\/\/pranarom.ca\/wp-content\/uploads\/2020\/09\/P-BF09.png\" \/>\n\t<meta property=\"og:image:width\" content=\"800\" \/>\n\t<meta property=\"og:image:height\" content=\"800\" \/>\n\t<meta property=\"og:image:type\" content=\"image\/png\" \/>\n<meta name=\"twitter:card\" content=\"summary_large_image\" \/>\n<meta name=\"twitter:label1\" content=\"Dur\u00e9e de lecture estim\u00e9e\" \/>\n\t<meta name=\"twitter:data1\" content=\"2 minutes\" \/>\n<script type=\"application\/ld+json\" class=\"yoast-schema-graph\">{\"@context\":\"https:\/\/schema.org\",\"@graph\":[{\"@type\":\"WebPage\",\"@id\":\"https:\/\/pranarom.ca\/fr\/produit\/mini-guide-lolfactotherapie\/\",\"url\":\"https:\/\/pranarom.ca\/fr\/produit\/mini-guide-lolfactotherapie\/\",\"name\":\"Mini-Guide - L'olfactoth\u00e9rapie - Pranarom\",\"isPartOf\":{\"@id\":\"https:\/\/pranarom.ca\/#website\"},\"primaryImageOfPage\":{\"@id\":\"https:\/\/pranarom.ca\/fr\/produit\/mini-guide-lolfactotherapie\/#primaryimage\"},\"image\":{\"@id\":\"https:\/\/pranarom.ca\/fr\/produit\/mini-guide-lolfactotherapie\/#primaryimage\"},\"thumbnailUrl\":\"https:\/\/pranarom.ca\/wp-content\/uploads\/2020\/09\/P-BF09.png\",\"datePublished\":\"2020-09-23T15:00:40+00:00\",\"dateModified\":\"2021-01-13T20:45:09+00:00\",\"breadcrumb\":{\"@id\":\"https:\/\/pranarom.ca\/fr\/produit\/mini-guide-lolfactotherapie\/#breadcrumb\"},\"inLanguage\":\"fr-FR\",\"potentialAction\":[{\"@type\":\"ReadAction\",\"target\":[\"https:\/\/pranarom.ca\/fr\/produit\/mini-guide-lolfactotherapie\/\"]}]},{\"@type\":\"ImageObject\",\"inLanguage\":\"fr-FR\",\"@id\":\"https:\/\/pranarom.ca\/fr\/produit\/mini-guide-lolfactotherapie\/#primaryimage\",\"url\":\"https:\/\/pranarom.ca\/wp-content\/uploads\/2020\/09\/P-BF09.png\",\"contentUrl\":\"https:\/\/pranarom.ca\/wp-content\/uploads\/2020\/09\/P-BF09.png\",\"width\":800,\"height\":800},{\"@type\":\"BreadcrumbList\",\"@id\":\"https:\/\/pranarom.ca\/fr\/produit\/mini-guide-lolfactotherapie\/#breadcrumb\",\"itemListElement\":[{\"@type\":\"ListItem\",\"position\":1,\"name\":\"Home\",\"item\":\"https:\/\/pranarom.ca\/fr\/\"},{\"@type\":\"ListItem\",\"position\":2,\"name\":\"Shop\",\"item\":\"https:\/\/pranarom.ca\/shop\/\"},{\"@type\":\"ListItem\",\"position\":3,\"name\":\"Mini-Guide &#8211; L&#8217;olfactoth\u00e9rapie\"}]},{\"@type\":\"WebSite\",\"@id\":\"https:\/\/pranarom.ca\/#website\",\"url\":\"https:\/\/pranarom.ca\/\",\"name\":\"Pranarom Canada\",\"description\":\"Scientific Aromatherapyy\",\"publisher\":{\"@id\":\"https:\/\/pranarom.ca\/#organization\"},\"potentialAction\":[{\"@type\":\"SearchAction\",\"target\":{\"@type\":\"EntryPoint\",\"urlTemplate\":\"https:\/\/pranarom.ca\/?s={search_term_string}\"},\"query-input\":\"required name=search_term_string\"}],\"inLanguage\":\"fr-FR\"},{\"@type\":\"Organization\",\"@id\":\"https:\/\/pranarom.ca\/#organization\",\"name\":\"Pranarom\",\"url\":\"https:\/\/pranarom.ca\/\",\"logo\":{\"@type\":\"ImageObject\",\"inLanguage\":\"fr-FR\",\"@id\":\"https:\/\/pranarom.ca\/#\/schema\/logo\/image\/\",\"url\":\"https:\/\/pranarom.ca\/wp-content\/uploads\/2019\/03\/pranalogo.png\",\"contentUrl\":\"https:\/\/pranarom.ca\/wp-content\/uploads\/2019\/03\/pranalogo.png\",\"width\":330,\"height\":100,\"caption\":\"Pranarom\"},\"image\":{\"@id\":\"https:\/\/pranarom.ca\/#\/schema\/logo\/image\/\"},\"sameAs\":[\"https:\/\/www.facebook.com\/PranaromCanada\",\"http:\/\/instagram.com\/pranaromcanada\/\",\"https:\/\/www.instagram.com\/pranaromcanada\/\"]}]}<\/script>\n<!-- \/ Yoast SEO plugin. -->","yoast_head_json":{"title":"Mini-Guide - L'olfactoth\u00e9rapie - Pranarom","robots":{"index":"index","follow":"follow","max-snippet":"max-snippet:-1","max-image-preview":"max-image-preview:large","max-video-preview":"max-video-preview:-1"},"canonical":"https:\/\/pranarom.ca\/fr\/produit\/mini-guide-lolfactotherapie\/","og_locale":"fr_FR","og_type":"article","og_title":"Mini-Guide - L'olfactoth\u00e9rapie - Pranarom","og_description":"Dominique Baudoux","og_url":"https:\/\/pranarom.ca\/fr\/produit\/mini-guide-lolfactotherapie\/","og_site_name":"Pranarom","article_publisher":"https:\/\/www.facebook.com\/PranaromCanada","article_modified_time":"2021-01-13T20:45:09+00:00","og_image":[{"width":800,"height":800,"url":"https:\/\/pranarom.ca\/wp-content\/uploads\/2020\/09\/P-BF09.png","type":"image\/png"}],"twitter_card":"summary_large_image","twitter_misc":{"Dur\u00e9e de lecture estim\u00e9e":"2 minutes"},"schema":{"@context":"https:\/\/schema.org","@graph":[{"@type":"WebPage","@id":"https:\/\/pranarom.ca\/fr\/produit\/mini-guide-lolfactotherapie\/","url":"https:\/\/pranarom.ca\/fr\/produit\/mini-guide-lolfactotherapie\/","name":"Mini-Guide - L'olfactoth\u00e9rapie - Pranarom","isPartOf":{"@id":"https:\/\/pranarom.ca\/#website"},"primaryImageOfPage":{"@id":"https:\/\/pranarom.ca\/fr\/produit\/mini-guide-lolfactotherapie\/#primaryimage"},"image":{"@id":"https:\/\/pranarom.ca\/fr\/produit\/mini-guide-lolfactotherapie\/#primaryimage"},"thumbnailUrl":"https:\/\/pranarom.ca\/wp-content\/uploads\/2020\/09\/P-BF09.png","datePublished":"2020-09-23T15:00:40+00:00","dateModified":"2021-01-13T20:45:09+00:00","breadcrumb":{"@id":"https:\/\/pranarom.ca\/fr\/produit\/mini-guide-lolfactotherapie\/#breadcrumb"},"inLanguage":"fr-FR","potentialAction":[{"@type":"ReadAction","target":["https:\/\/pranarom.ca\/fr\/produit\/mini-guide-lolfactotherapie\/"]}]},{"@type":"ImageObject","inLanguage":"fr-FR","@id":"https:\/\/pranarom.ca\/fr\/produit\/mini-guide-lolfactotherapie\/#primaryimage","url":"https:\/\/pranarom.ca\/wp-content\/uploads\/2020\/09\/P-BF09.png","contentUrl":"https:\/\/pranarom.ca\/wp-content\/uploads\/2020\/09\/P-BF09.png","width":800,"height":800},{"@type":"BreadcrumbList","@id":"https:\/\/pranarom.ca\/fr\/produit\/mini-guide-lolfactotherapie\/#breadcrumb","itemListElement":[{"@type":"ListItem","position":1,"name":"Home","item":"https:\/\/pranarom.ca\/fr\/"},{"@type":"ListItem","position":2,"name":"Shop","item":"https:\/\/pranarom.ca\/shop\/"},{"@type":"ListItem","position":3,"name":"Mini-Guide &#8211; L&#8217;olfactoth\u00e9rapie"}]},{"@type":"WebSite","@id":"https:\/\/pranarom.ca\/#website","url":"https:\/\/pranarom.ca\/","name":"Pranarom Canada","description":"Scientific Aromatherapyy","publisher":{"@id":"https:\/\/pranarom.ca\/#organization"},"potentialAction":[{"@type":"SearchAction","target":{"@type":"EntryPoint","urlTemplate":"https:\/\/pranarom.ca\/?s={search_term_string}"},"query-input":"required name=search_term_string"}],"inLanguage":"fr-FR"},{"@type":"Organization","@id":"https:\/\/pranarom.ca\/#organization","name":"Pranarom","url":"https:\/\/pranarom.ca\/","logo":{"@type":"ImageObject","inLanguage":"fr-FR","@id":"https:\/\/pranarom.ca\/#\/schema\/logo\/image\/","url":"https:\/\/pranarom.ca\/wp-content\/uploads\/2019\/03\/pranalogo.png","contentUrl":"https:\/\/pranarom.ca\/wp-content\/uploads\/2019\/03\/pranalogo.png","width":330,"height":100,"caption":"Pranarom"},"image":{"@id":"https:\/\/pranarom.ca\/#\/schema\/logo\/image\/"},"sameAs":["https:\/\/www.facebook.com\/PranaromCanada","http:\/\/instagram.com\/pranaromcanada\/","https:\/\/www.instagram.com\/pranaromcanada\/"]}]}},"jetpack_sharing_enabled":true,"_links":{"self":[{"href":"https:\/\/pranarom.ca\/fr\/wp-json\/wp\/v2\/product\/57613"}],"collection":[{"href":"https:\/\/pranarom.ca\/fr\/wp-json\/wp\/v2\/product"}],"about":[{"href":"https:\/\/pranarom.ca\/fr\/wp-json\/wp\/v2\/types\/product"}],"replies":[{"embeddable":true,"href":"https:\/\/pranarom.ca\/fr\/wp-json\/wp\/v2\/comments?post=57613"}],"wp:featuredmedia":[{"embeddable":true,"href":"https:\/\/pranarom.ca\/fr\/wp-json\/wp\/v2\/media\/57618"}],"wp:attachment":[{"href":"https:\/\/pranarom.ca\/fr\/wp-json\/wp\/v2\/media?parent=57613"}],"wp:term":[{"taxonomy":"product_cat","embeddable":true,"href":"https:\/\/pranarom.ca\/fr\/wp-json\/wp\/v2\/product_cat?post=57613"},{"taxonomy":"product_tag","embeddable":true,"href":"https:\/\/pranarom.ca\/fr\/wp-json\/wp\/v2\/product_tag?post=57613"}],"curies":[{"name":"wp","href":"https:\/\/api.w.org\/{rel}","templated":true}]}}