{"id":57611,"date":"2020-09-23T15:00:14","date_gmt":"2020-09-23T15:00:14","guid":{"rendered":"https:\/\/pranarom.ca\/?post_type=product&#038;p=57611"},"modified":"2021-01-13T20:45:15","modified_gmt":"2021-01-13T20:45:15","slug":"mini-guide-les-huiles-essentielles-de-lhiver","status":"publish","type":"product","link":"https:\/\/pranarom.ca\/fr\/produit\/mini-guide-les-huiles-essentielles-de-lhiver\/","title":{"rendered":"Mini-guide &#8211; Les huiles essentielles de l&#8217;hiver"},"content":{"rendered":"<p>Dominique Baudoux, pharmacien belge, aromatologue, fondateur d\u2019un prestigieux laboratoire d\u2019aromath\u00e9rapie scientifique leader du march\u00e9, auteur de tr\u00e8s nombreux livres de r\u00e9f\u00e9rence et enseignant de cette d\u00e9marche aromatique innovante, s\u2019est construit une expertise et exp\u00e9rience tr\u00e8s large sur les propri\u00e9t\u00e9s<br \/>\npr\u00e9ventives et curatives des huiles essentielles ch\u00e9motyp\u00e9es.<\/p>\n<p>Ces quintessences v\u00e9g\u00e9tales sont tel un feu d&#8217;artifice : des propri\u00e9t\u00e9s th\u00e9rapeutiques innombrables leur permettant d&#8217;\u00eatre de tous les traitements. Sur la douleur, les spasmes, les infections, les inflammations, les congestions, les troubles m\u00e9taboliques, psychiques, nerveux, circulatoires, respiratoires, &#8230; Elles sont de tous les combats pour le plus grand des bienfaits aupr\u00e8s de tous types de patients.<\/p>\n<p>Mais comment faire face \u00e0 300 huiles essentielles que propose le march\u00e9 ? Quelles sont celles indispensables au quotidien ? N&#8217;y en-a-t-il pas qui sont \u00e0 risque ?<\/p>\n<p>R\u00e9ponse : se constituer son aromath\u00e8que familiale, sa pharmacie &#8220;essentielle&#8221; pour couvrir en toute s\u00e9curit\u00e9 le plus grand nombre de sympt\u00f4mes vari\u00e9s.<\/p>\n<p>Certaines des huiles essentielles vous sont connues et vous validerez d&#8217;autant plus leurs utilisations. D&#8217;autres attendent que vous les d\u00e9couvriez pour augmenter encore vos capacit\u00e9s \u00e0 soigner davantage les maux de tous les jours. Si votre int\u00e9r\u00eat rejoint notre passion, laissez-vous tenter par ces joyaux aromatiques \u00e0 la surprenante efficacit\u00e9.<\/p>\n<hr \/>\n<ul>\n<li>L&#8217;hiver approche \u00e0 grand pas<\/li>\n<li>Comment administrer les huiles essentielles pour la fonction respiratoire ?<\/li>\n<li>Quelques synergies naturelles pour combattre les maux de l&#8217;hiver<\/li>\n<li>Grippe<\/li>\n<li>Rhumes \/ Catarrhes \/ Refroidissements<\/li>\n<li>Sinusites<\/li>\n<li>Otites<\/li>\n<li>Angines \/ Maux de gorge \/ Laryngites \/ Tracheites<\/li>\n<li>Bronchites<\/li>\n<li>Toux<\/li>\n<li>Stress<\/li>\n<li>Quelques huiles essentielles incontournables en hiver<\/li>\n<li>Camomille noble<\/li>\n<li>Eucalyptus menthol\u00e9 (Eucalyptus dives)<\/li>\n<li>Eucalyptus radi\u00e9<\/li>\n<li>Laurier noble<\/li>\n<li>Lavande vraie<\/li>\n<li>Pin sylvestre<\/li>\n<li>Ravintsara<\/li>\n<li>Sapin baumier<\/li>\n<li>Thym CT\u00a0 thujanol<\/li>\n<\/ul>\n<hr \/>\n<p>EAN : 978-2-87552-124-8<\/p>\n<p>\u00c9ditions Amyris<\/p>\n","protected":false},"excerpt":{"rendered":"<p><strong>Dominique Baudoux<\/strong><\/p>\n","protected":false},"featured_media":57614,"comment_status":"open","ping_status":"closed","template":"","meta":{"_et_pb_use_builder":"","_et_pb_old_content":"","_et_gb_content_width":""},"product_cat":[518,380,336,337],"product_tag":[],"acf":[],"yoast_head":"<!-- This site is optimized with the Yoast SEO plugin v22.6 - https:\/\/yoast.com\/wordpress\/plugins\/seo\/ -->\n<title>Mini-guide - Les huiles essentielles de l&#039;hiver - Pranarom<\/title>\n<meta name=\"robots\" content=\"index, follow, max-snippet:-1, max-image-preview:large, max-video-preview:-1\" \/>\n<link rel=\"canonical\" href=\"https:\/\/pranarom.ca\/fr\/produit\/mini-guide-les-huiles-essentielles-de-lhiver\/\" \/>\n<meta property=\"og:locale\" content=\"fr_FR\" \/>\n<meta property=\"og:type\" content=\"article\" \/>\n<meta property=\"og:title\" content=\"Mini-guide - Les huiles essentielles de l&#039;hiver - Pranarom\" \/>\n<meta property=\"og:description\" content=\"Dominique Baudoux\" \/>\n<meta property=\"og:url\" content=\"https:\/\/pranarom.ca\/fr\/produit\/mini-guide-les-huiles-essentielles-de-lhiver\/\" \/>\n<meta property=\"og:site_name\" content=\"Pranarom\" \/>\n<meta property=\"article:publisher\" content=\"https:\/\/www.facebook.com\/PranaromCanada\" \/>\n<meta property=\"article:modified_time\" content=\"2021-01-13T20:45:15+00:00\" \/>\n<meta property=\"og:image\" content=\"https:\/\/pranarom.ca\/wp-content\/uploads\/2020\/09\/P-BF08.png\" \/>\n\t<meta property=\"og:image:width\" content=\"800\" \/>\n\t<meta property=\"og:image:height\" content=\"800\" \/>\n\t<meta property=\"og:image:type\" content=\"image\/png\" \/>\n<meta name=\"twitter:card\" content=\"summary_large_image\" \/>\n<meta name=\"twitter:label1\" content=\"Dur\u00e9e de lecture estim\u00e9e\" \/>\n\t<meta name=\"twitter:data1\" content=\"1 minute\" \/>\n<script type=\"application\/ld+json\" class=\"yoast-schema-graph\">{\"@context\":\"https:\/\/schema.org\",\"@graph\":[{\"@type\":\"WebPage\",\"@id\":\"https:\/\/pranarom.ca\/fr\/produit\/mini-guide-les-huiles-essentielles-de-lhiver\/\",\"url\":\"https:\/\/pranarom.ca\/fr\/produit\/mini-guide-les-huiles-essentielles-de-lhiver\/\",\"name\":\"Mini-guide - Les huiles essentielles de l'hiver - Pranarom\",\"isPartOf\":{\"@id\":\"https:\/\/pranarom.ca\/#website\"},\"primaryImageOfPage\":{\"@id\":\"https:\/\/pranarom.ca\/fr\/produit\/mini-guide-les-huiles-essentielles-de-lhiver\/#primaryimage\"},\"image\":{\"@id\":\"https:\/\/pranarom.ca\/fr\/produit\/mini-guide-les-huiles-essentielles-de-lhiver\/#primaryimage\"},\"thumbnailUrl\":\"https:\/\/pranarom.ca\/wp-content\/uploads\/2020\/09\/P-BF08.png\",\"datePublished\":\"2020-09-23T15:00:14+00:00\",\"dateModified\":\"2021-01-13T20:45:15+00:00\",\"breadcrumb\":{\"@id\":\"https:\/\/pranarom.ca\/fr\/produit\/mini-guide-les-huiles-essentielles-de-lhiver\/#breadcrumb\"},\"inLanguage\":\"fr-FR\",\"potentialAction\":[{\"@type\":\"ReadAction\",\"target\":[\"https:\/\/pranarom.ca\/fr\/produit\/mini-guide-les-huiles-essentielles-de-lhiver\/\"]}]},{\"@type\":\"ImageObject\",\"inLanguage\":\"fr-FR\",\"@id\":\"https:\/\/pranarom.ca\/fr\/produit\/mini-guide-les-huiles-essentielles-de-lhiver\/#primaryimage\",\"url\":\"https:\/\/pranarom.ca\/wp-content\/uploads\/2020\/09\/P-BF08.png\",\"contentUrl\":\"https:\/\/pranarom.ca\/wp-content\/uploads\/2020\/09\/P-BF08.png\",\"width\":800,\"height\":800},{\"@type\":\"BreadcrumbList\",\"@id\":\"https:\/\/pranarom.ca\/fr\/produit\/mini-guide-les-huiles-essentielles-de-lhiver\/#breadcrumb\",\"itemListElement\":[{\"@type\":\"ListItem\",\"position\":1,\"name\":\"Home\",\"item\":\"https:\/\/pranarom.ca\/fr\/\"},{\"@type\":\"ListItem\",\"position\":2,\"name\":\"Shop\",\"item\":\"https:\/\/pranarom.ca\/shop\/\"},{\"@type\":\"ListItem\",\"position\":3,\"name\":\"Mini-guide &#8211; Les huiles essentielles de l&#8217;hiver\"}]},{\"@type\":\"WebSite\",\"@id\":\"https:\/\/pranarom.ca\/#website\",\"url\":\"https:\/\/pranarom.ca\/\",\"name\":\"Pranarom Canada\",\"description\":\"Scientific Aromatherapyy\",\"publisher\":{\"@id\":\"https:\/\/pranarom.ca\/#organization\"},\"potentialAction\":[{\"@type\":\"SearchAction\",\"target\":{\"@type\":\"EntryPoint\",\"urlTemplate\":\"https:\/\/pranarom.ca\/?s={search_term_string}\"},\"query-input\":\"required name=search_term_string\"}],\"inLanguage\":\"fr-FR\"},{\"@type\":\"Organization\",\"@id\":\"https:\/\/pranarom.ca\/#organization\",\"name\":\"Pranarom\",\"url\":\"https:\/\/pranarom.ca\/\",\"logo\":{\"@type\":\"ImageObject\",\"inLanguage\":\"fr-FR\",\"@id\":\"https:\/\/pranarom.ca\/#\/schema\/logo\/image\/\",\"url\":\"https:\/\/pranarom.ca\/wp-content\/uploads\/2019\/03\/pranalogo.png\",\"contentUrl\":\"https:\/\/pranarom.ca\/wp-content\/uploads\/2019\/03\/pranalogo.png\",\"width\":330,\"height\":100,\"caption\":\"Pranarom\"},\"image\":{\"@id\":\"https:\/\/pranarom.ca\/#\/schema\/logo\/image\/\"},\"sameAs\":[\"https:\/\/www.facebook.com\/PranaromCanada\",\"http:\/\/instagram.com\/pranaromcanada\/\",\"https:\/\/www.instagram.com\/pranaromcanada\/\"]}]}<\/script>\n<!-- \/ Yoast SEO plugin. -->","yoast_head_json":{"title":"Mini-guide - Les huiles essentielles de l'hiver - Pranarom","robots":{"index":"index","follow":"follow","max-snippet":"max-snippet:-1","max-image-preview":"max-image-preview:large","max-video-preview":"max-video-preview:-1"},"canonical":"https:\/\/pranarom.ca\/fr\/produit\/mini-guide-les-huiles-essentielles-de-lhiver\/","og_locale":"fr_FR","og_type":"article","og_title":"Mini-guide - Les huiles essentielles de l'hiver - Pranarom","og_description":"Dominique Baudoux","og_url":"https:\/\/pranarom.ca\/fr\/produit\/mini-guide-les-huiles-essentielles-de-lhiver\/","og_site_name":"Pranarom","article_publisher":"https:\/\/www.facebook.com\/PranaromCanada","article_modified_time":"2021-01-13T20:45:15+00:00","og_image":[{"width":800,"height":800,"url":"https:\/\/pranarom.ca\/wp-content\/uploads\/2020\/09\/P-BF08.png","type":"image\/png"}],"twitter_card":"summary_large_image","twitter_misc":{"Dur\u00e9e de lecture estim\u00e9e":"1 minute"},"schema":{"@context":"https:\/\/schema.org","@graph":[{"@type":"WebPage","@id":"https:\/\/pranarom.ca\/fr\/produit\/mini-guide-les-huiles-essentielles-de-lhiver\/","url":"https:\/\/pranarom.ca\/fr\/produit\/mini-guide-les-huiles-essentielles-de-lhiver\/","name":"Mini-guide - Les huiles essentielles de l'hiver - Pranarom","isPartOf":{"@id":"https:\/\/pranarom.ca\/#website"},"primaryImageOfPage":{"@id":"https:\/\/pranarom.ca\/fr\/produit\/mini-guide-les-huiles-essentielles-de-lhiver\/#primaryimage"},"image":{"@id":"https:\/\/pranarom.ca\/fr\/produit\/mini-guide-les-huiles-essentielles-de-lhiver\/#primaryimage"},"thumbnailUrl":"https:\/\/pranarom.ca\/wp-content\/uploads\/2020\/09\/P-BF08.png","datePublished":"2020-09-23T15:00:14+00:00","dateModified":"2021-01-13T20:45:15+00:00","breadcrumb":{"@id":"https:\/\/pranarom.ca\/fr\/produit\/mini-guide-les-huiles-essentielles-de-lhiver\/#breadcrumb"},"inLanguage":"fr-FR","potentialAction":[{"@type":"ReadAction","target":["https:\/\/pranarom.ca\/fr\/produit\/mini-guide-les-huiles-essentielles-de-lhiver\/"]}]},{"@type":"ImageObject","inLanguage":"fr-FR","@id":"https:\/\/pranarom.ca\/fr\/produit\/mini-guide-les-huiles-essentielles-de-lhiver\/#primaryimage","url":"https:\/\/pranarom.ca\/wp-content\/uploads\/2020\/09\/P-BF08.png","contentUrl":"https:\/\/pranarom.ca\/wp-content\/uploads\/2020\/09\/P-BF08.png","width":800,"height":800},{"@type":"BreadcrumbList","@id":"https:\/\/pranarom.ca\/fr\/produit\/mini-guide-les-huiles-essentielles-de-lhiver\/#breadcrumb","itemListElement":[{"@type":"ListItem","position":1,"name":"Home","item":"https:\/\/pranarom.ca\/fr\/"},{"@type":"ListItem","position":2,"name":"Shop","item":"https:\/\/pranarom.ca\/shop\/"},{"@type":"ListItem","position":3,"name":"Mini-guide &#8211; Les huiles essentielles de l&#8217;hiver"}]},{"@type":"WebSite","@id":"https:\/\/pranarom.ca\/#website","url":"https:\/\/pranarom.ca\/","name":"Pranarom Canada","description":"Scientific Aromatherapyy","publisher":{"@id":"https:\/\/pranarom.ca\/#organization"},"potentialAction":[{"@type":"SearchAction","target":{"@type":"EntryPoint","urlTemplate":"https:\/\/pranarom.ca\/?s={search_term_string}"},"query-input":"required name=search_term_string"}],"inLanguage":"fr-FR"},{"@type":"Organization","@id":"https:\/\/pranarom.ca\/#organization","name":"Pranarom","url":"https:\/\/pranarom.ca\/","logo":{"@type":"ImageObject","inLanguage":"fr-FR","@id":"https:\/\/pranarom.ca\/#\/schema\/logo\/image\/","url":"https:\/\/pranarom.ca\/wp-content\/uploads\/2019\/03\/pranalogo.png","contentUrl":"https:\/\/pranarom.ca\/wp-content\/uploads\/2019\/03\/pranalogo.png","width":330,"height":100,"caption":"Pranarom"},"image":{"@id":"https:\/\/pranarom.ca\/#\/schema\/logo\/image\/"},"sameAs":["https:\/\/www.facebook.com\/PranaromCanada","http:\/\/instagram.com\/pranaromcanada\/","https:\/\/www.instagram.com\/pranaromcanada\/"]}]}},"jetpack_sharing_enabled":true,"_links":{"self":[{"href":"https:\/\/pranarom.ca\/fr\/wp-json\/wp\/v2\/product\/57611"}],"collection":[{"href":"https:\/\/pranarom.ca\/fr\/wp-json\/wp\/v2\/product"}],"about":[{"href":"https:\/\/pranarom.ca\/fr\/wp-json\/wp\/v2\/types\/product"}],"replies":[{"embeddable":true,"href":"https:\/\/pranarom.ca\/fr\/wp-json\/wp\/v2\/comments?post=57611"}],"wp:featuredmedia":[{"embeddable":true,"href":"https:\/\/pranarom.ca\/fr\/wp-json\/wp\/v2\/media\/57614"}],"wp:attachment":[{"href":"https:\/\/pranarom.ca\/fr\/wp-json\/wp\/v2\/media?parent=57611"}],"wp:term":[{"taxonomy":"product_cat","embeddable":true,"href":"https:\/\/pranarom.ca\/fr\/wp-json\/wp\/v2\/product_cat?post=57611"},{"taxonomy":"product_tag","embeddable":true,"href":"https:\/\/pranarom.ca\/fr\/wp-json\/wp\/v2\/product_tag?post=57611"}],"curies":[{"name":"wp","href":"https:\/\/api.w.org\/{rel}","templated":true}]}}