{"id":57216,"date":"2020-05-13T13:22:43","date_gmt":"2020-05-13T13:26:05","guid":{"rendered":"https:\/\/pranarom.ca\/?post_type=product&#038;p=57216"},"modified":"2022-05-26T17:15:28","modified_gmt":"2022-05-26T17:15:28","slug":"complexe-f40-nuit","status":"publish","type":"product","link":"https:\/\/pranarom.ca\/fr\/produit\/complexe-f40-nuit\/","title":{"rendered":"Complexe Nuit Paisible F40N"},"content":{"rendered":"<h2><strong>Production selon la m\u00e9thode originale du Dr. Bach<\/strong><\/h2>\n<p>Fid\u00e8le aux recommandations du Dr. Bach,\u00a0<strong>BIOFLORAL<\/strong>\u00a0pr\u00e9pare dans le respect de la nature et de l\u2019esprit du Dr. Bach ses \u00e9lixirs floraux en respectant rigoureusement la m\u00e9thode originale du Docteur Bach.<\/p>\n<p>Ils sont \u00e9labor\u00e9s \u00e0 partir de fleurs sauvages, cueillies le matin au lever du soleil au moment o\u00f9 leur potentiel est \u00e0 son maximum. Sous l\u2019action des rayons du soleil et de l\u2019eau, la fleur lib\u00e8re ses qualit\u00e9s et les transmet \u00e0 l\u2019\u00e9l\u00e9ment aquatique.<\/p>\n<p>Pour conserver l\u2019int\u00e9gralit\u00e9 des vertus de la fleur, la mac\u00e9ration florale est additionn\u00e9e de cognac biologique* DEMETER** en dilution 1\/240<sup>e<\/sup>, dans le plus pur respect de la m\u00e9thode originale cr\u00e9\u00e9e par le Dr. Bach.<\/p>\n<p>Avant le conditionnement, l\u2019\u00e9lixir floral est \u00e0 nouveau dynamis\u00e9 pour renforcer son action \u00e9nerg\u00e9tique et vous garantir ainsi une efficacit\u00e9 maximale.<\/p>\n<hr \/>\n<h2>Complexe Nuit Paisible F40N<\/h2>\n<p><strong><em>Ce complexe est compos\u00e9 des 5 fleurs du complexe F40 Jour Serein + White Chestnut (Marronnier blanc) est utilis\u00e9 dans les moments difficiles et agit\u00e9s, ils permettent d\u2019\u00e9vacuer les \u00e9motions et pens\u00e9es n\u00e9gatives qui emp\u00eachent de trouver un calme int\u00e9rieur pour un sommeil paisible.<\/em><\/strong><\/p>\n<p><strong>Groupe selon Dr. Bach :<\/strong>\u00a0situations d\u2019urgence.<\/p>\n<p><strong>\u00c9tat n\u00e9gatif :<\/strong>\u00a0dans toutes les situations de crise. Pour d\u00e9passer les \u00e9tats de choc, panique, confusion.<\/p>\n<p><strong>\u00c9tat positif :<\/strong>\u00a0aide \u00e0 prendre les bonnes d\u00e9cisions, s\u00e9r\u00e9nit\u00e9.<\/p>\n<hr \/>\n<h2><strong>Ce complexe Nuit Paisible F40N contient les 6 fleurs<\/strong><\/h2>\n<ul>\n<li><a href=\"https:\/\/biolonreco.ca\/fr\/produit\/no-26-rock-rose-heliantheme\/\">Rock Rose<\/a>\u00a0(H\u00e9lianth\u00e8me)<\/li>\n<li><a href=\"https:\/\/biolonreco.ca\/fr\/produit\/no-18-impatiens-impatience\/\">Impatiens<\/a>\u00a0(Impatience)<\/li>\n<li><a href=\"https:\/\/biolonreco.ca\/fr\/produit\/no-9-clematis-clematite\/\">Clematis<\/a>\u00a0(Cl\u00e9matite)<\/li>\n<li><a href=\"https:\/\/biolonreco.ca\/fr\/produit\/no-6-cherry-plum-prunus\/\">Cherry Plum<\/a>\u00a0(Prunus)<\/li>\n<li><a href=\"https:\/\/biolonreco.ca\/fr\/produit\/no-29-star-bethlehem-etoile-de-bethleem\/\">Star of Bethlehem<\/a>\u00a0(\u00c9toile de Bethl\u00e9em)<\/li>\n<li><a href=\"https:\/\/biolonreco.ca\/fr\/produit\/no-35-white-chestnut-marronnier-blanc\/\">White Chestnut<\/a>\u00a0(Marronnier blanc)<\/li>\n<\/ul>\n<hr \/>\n<h2><strong>Ingr\u00e9dient\u00a0<\/strong>(par ml)<\/h2>\n<p><em>Aesculus hippocastanum<\/em>\u00a0* (fleurs de\u00a0<strong>marronnier blanc<\/strong>) 2,78 mcg<em>, Clematis vitalba<\/em>* (fleurs de\u00a0<strong>cl\u00e9matite<\/strong>) 2,78 mcg,\u00a0<em>Helianthemum nummularium<\/em>* (fleurs de\u00a0<strong>h\u00e9lianth\u00e8me<\/strong>) 2,78 mcg,\u00a0<em>Impatiens glandulifera<\/em>* (fleurs d\u2019<strong>impatiente<\/strong>\u00a0glanduleuse) 2,78 mcg,\u00a0<em>Ornithogalum umbellatum<\/em>* (inflorescences de\u00a0<strong>dame d\u2019onze heures<\/strong>) 2,78 mcg,\u00a0<em>Prunus cerasifera<\/em>* (rameaux en fleurs de\u00a0<strong>prunier cerise<\/strong>) 2,78 mcg.<\/p>\n<p>Ingr\u00e9dients non-m\u00e9dicinaux : Cognac** 67.4% (40% alcool), eau.<\/p>\n<p>Ce produit est pr\u00e9par\u00e9 \u00e0 partir d\u2019essence de fleurs biologiques dilu\u00e9e 1\/240 dans un m\u00e9lange de cognac et d\u2019eau.<\/p>\n<p>*Ingr\u00e9dients issus de l\u2019agriculture biologique.<br \/>\n**Ingr\u00e9dients issus de l\u2019agriculture biodynamique et biologique.<br \/>\nDemeter est la marque de l\u2019agriculture biodynamique certifi\u00e9e.<\/p>\n<hr \/>\n<h2><strong>Posologie<\/strong><\/h2>\n<p>Adultes (18 ans) : prendre 2 vaporisations 4 fois par jour dans la bouche ou dans un peu d\u2019eau, le matin au lever, le midi, l\u2019apr\u00e8s-midi et le soir avant le coucher ou tel que recommand\u00e9 par un praticien de soins de sant\u00e9.<\/p>\n<hr \/>\n<h2><strong>Pr\u00e9cautions et mises en garde<\/strong><\/h2>\n<p>Consulter un praticien de soins de sant\u00e9 si les sympt\u00f4mes persistent ou s\u2019aggravent et avant d\u2019en faire l\u2019usage si vous \u00eates enceinte ou allaitez. Ne pas utiliser si le sceau de s\u00e9curit\u00e9 est bris\u00e9.<\/p>\n<hr \/>\n<h2><strong>NPN<\/strong><\/h2>\n<p>80077973<\/p>\n<hr \/>\n<h2><strong>Lecture sugg\u00e9r\u00e9e<\/strong><\/h2>\n<ul>\n<li><em>Manuel complet des quintessences florales du Dr Edward Bach<\/em>\u00a0par Mechthild Scheffer [ISBN 978-2-7029-0947-8]<\/li>\n<\/ul>\n","protected":false},"excerpt":{"rendered":"<p><strong>Complexes d\u2019essence de fleurs biologiques<\/strong><\/p>\n<p>Compos\u00e9 des 5 fleurs \u00a0+ White Chestnut<\/p>\n<p>20 ml | Vaporisateur<\/p>\n","protected":false},"featured_media":59791,"comment_status":"open","ping_status":"closed","template":"","meta":{"_et_pb_use_builder":"","_et_pb_old_content":"","_et_gb_content_width":""},"product_cat":[318,323],"product_tag":[],"acf":[],"yoast_head":"<!-- This site is optimized with the Yoast SEO plugin v22.6 - https:\/\/yoast.com\/wordpress\/plugins\/seo\/ -->\n<title>Complexe Nuit Paisible F40N - Pranarom<\/title>\n<meta name=\"robots\" content=\"index, follow, max-snippet:-1, max-image-preview:large, max-video-preview:-1\" \/>\n<link rel=\"canonical\" href=\"https:\/\/pranarom.ca\/produit\/f40-night-complex\/\" \/>\n<meta property=\"og:locale\" content=\"fr_FR\" \/>\n<meta property=\"og:type\" content=\"article\" \/>\n<meta property=\"og:title\" content=\"Complexe Nuit Paisible F40N - Pranarom\" \/>\n<meta property=\"og:description\" content=\"Complexes d\u2019essence de fleurs biologiques  Compos\u00e9 des 5 fleurs \u00a0+ White Chestnut  20 ml | Vaporisateur\" \/>\n<meta property=\"og:url\" content=\"https:\/\/pranarom.ca\/produit\/f40-night-complex\/\" \/>\n<meta property=\"og:site_name\" content=\"Pranarom\" \/>\n<meta property=\"article:publisher\" content=\"https:\/\/www.facebook.com\/PranaromCanada\" \/>\n<meta property=\"article:modified_time\" content=\"2022-05-26T17:15:28+00:00\" \/>\n<meta property=\"og:image\" content=\"https:\/\/pranarom.ca\/wp-content\/uploads\/2020\/05\/CAN21-fdb-secours-spray-nuit-biofloral-02FR.jpg\" \/>\n\t<meta property=\"og:image:width\" content=\"2000\" \/>\n\t<meta property=\"og:image:height\" content=\"2000\" \/>\n\t<meta property=\"og:image:type\" content=\"image\/jpeg\" \/>\n<meta name=\"twitter:card\" content=\"summary_large_image\" \/>\n<meta name=\"twitter:label1\" content=\"Dur\u00e9e de lecture estim\u00e9e\" \/>\n\t<meta name=\"twitter:data1\" content=\"2 minutes\" \/>\n<script type=\"application\/ld+json\" class=\"yoast-schema-graph\">{\"@context\":\"https:\/\/schema.org\",\"@graph\":[{\"@type\":\"WebPage\",\"@id\":\"https:\/\/pranarom.ca\/produit\/f40-night-complex\/\",\"url\":\"https:\/\/pranarom.ca\/produit\/f40-night-complex\/\",\"name\":\"Complexe Nuit Paisible F40N - Pranarom\",\"isPartOf\":{\"@id\":\"https:\/\/pranarom.ca\/#website\"},\"primaryImageOfPage\":{\"@id\":\"https:\/\/pranarom.ca\/produit\/f40-night-complex\/#primaryimage\"},\"image\":{\"@id\":\"https:\/\/pranarom.ca\/produit\/f40-night-complex\/#primaryimage\"},\"thumbnailUrl\":\"https:\/\/pranarom.ca\/wp-content\/uploads\/2020\/05\/CAN21-fdb-secours-spray-nuit-biofloral-02FR.jpg\",\"datePublished\":\"2020-05-13T13:26:05+00:00\",\"dateModified\":\"2022-05-26T17:15:28+00:00\",\"breadcrumb\":{\"@id\":\"https:\/\/pranarom.ca\/produit\/f40-night-complex\/#breadcrumb\"},\"inLanguage\":\"fr-FR\",\"potentialAction\":[{\"@type\":\"ReadAction\",\"target\":[\"https:\/\/pranarom.ca\/produit\/f40-night-complex\/\"]}]},{\"@type\":\"ImageObject\",\"inLanguage\":\"fr-FR\",\"@id\":\"https:\/\/pranarom.ca\/produit\/f40-night-complex\/#primaryimage\",\"url\":\"https:\/\/pranarom.ca\/wp-content\/uploads\/2020\/05\/CAN21-fdb-secours-spray-nuit-biofloral-02FR.jpg\",\"contentUrl\":\"https:\/\/pranarom.ca\/wp-content\/uploads\/2020\/05\/CAN21-fdb-secours-spray-nuit-biofloral-02FR.jpg\",\"width\":2000,\"height\":2000},{\"@type\":\"BreadcrumbList\",\"@id\":\"https:\/\/pranarom.ca\/produit\/f40-night-complex\/#breadcrumb\",\"itemListElement\":[{\"@type\":\"ListItem\",\"position\":1,\"name\":\"Home\",\"item\":\"https:\/\/pranarom.ca\/fr\/\"},{\"@type\":\"ListItem\",\"position\":2,\"name\":\"Shop\",\"item\":\"https:\/\/pranarom.ca\/shop\/\"},{\"@type\":\"ListItem\",\"position\":3,\"name\":\"Complexe Nuit Paisible F40N\"}]},{\"@type\":\"WebSite\",\"@id\":\"https:\/\/pranarom.ca\/#website\",\"url\":\"https:\/\/pranarom.ca\/\",\"name\":\"Pranarom Canada\",\"description\":\"Scientific Aromatherapyy\",\"publisher\":{\"@id\":\"https:\/\/pranarom.ca\/#organization\"},\"potentialAction\":[{\"@type\":\"SearchAction\",\"target\":{\"@type\":\"EntryPoint\",\"urlTemplate\":\"https:\/\/pranarom.ca\/?s={search_term_string}\"},\"query-input\":\"required name=search_term_string\"}],\"inLanguage\":\"fr-FR\"},{\"@type\":\"Organization\",\"@id\":\"https:\/\/pranarom.ca\/#organization\",\"name\":\"Pranarom\",\"url\":\"https:\/\/pranarom.ca\/\",\"logo\":{\"@type\":\"ImageObject\",\"inLanguage\":\"fr-FR\",\"@id\":\"https:\/\/pranarom.ca\/#\/schema\/logo\/image\/\",\"url\":\"https:\/\/pranarom.ca\/wp-content\/uploads\/2019\/03\/pranalogo.png\",\"contentUrl\":\"https:\/\/pranarom.ca\/wp-content\/uploads\/2019\/03\/pranalogo.png\",\"width\":330,\"height\":100,\"caption\":\"Pranarom\"},\"image\":{\"@id\":\"https:\/\/pranarom.ca\/#\/schema\/logo\/image\/\"},\"sameAs\":[\"https:\/\/www.facebook.com\/PranaromCanada\",\"http:\/\/instagram.com\/pranaromcanada\/\",\"https:\/\/www.instagram.com\/pranaromcanada\/\"]}]}<\/script>\n<!-- \/ Yoast SEO plugin. -->","yoast_head_json":{"title":"Complexe Nuit Paisible F40N - Pranarom","robots":{"index":"index","follow":"follow","max-snippet":"max-snippet:-1","max-image-preview":"max-image-preview:large","max-video-preview":"max-video-preview:-1"},"canonical":"https:\/\/pranarom.ca\/produit\/f40-night-complex\/","og_locale":"fr_FR","og_type":"article","og_title":"Complexe Nuit Paisible F40N - Pranarom","og_description":"Complexes d\u2019essence de fleurs biologiques  Compos\u00e9 des 5 fleurs \u00a0+ White Chestnut  20 ml | Vaporisateur","og_url":"https:\/\/pranarom.ca\/produit\/f40-night-complex\/","og_site_name":"Pranarom","article_publisher":"https:\/\/www.facebook.com\/PranaromCanada","article_modified_time":"2022-05-26T17:15:28+00:00","og_image":[{"width":2000,"height":2000,"url":"https:\/\/pranarom.ca\/wp-content\/uploads\/2020\/05\/CAN21-fdb-secours-spray-nuit-biofloral-02FR.jpg","type":"image\/jpeg"}],"twitter_card":"summary_large_image","twitter_misc":{"Dur\u00e9e de lecture estim\u00e9e":"2 minutes"},"schema":{"@context":"https:\/\/schema.org","@graph":[{"@type":"WebPage","@id":"https:\/\/pranarom.ca\/produit\/f40-night-complex\/","url":"https:\/\/pranarom.ca\/produit\/f40-night-complex\/","name":"Complexe Nuit Paisible F40N - Pranarom","isPartOf":{"@id":"https:\/\/pranarom.ca\/#website"},"primaryImageOfPage":{"@id":"https:\/\/pranarom.ca\/produit\/f40-night-complex\/#primaryimage"},"image":{"@id":"https:\/\/pranarom.ca\/produit\/f40-night-complex\/#primaryimage"},"thumbnailUrl":"https:\/\/pranarom.ca\/wp-content\/uploads\/2020\/05\/CAN21-fdb-secours-spray-nuit-biofloral-02FR.jpg","datePublished":"2020-05-13T13:26:05+00:00","dateModified":"2022-05-26T17:15:28+00:00","breadcrumb":{"@id":"https:\/\/pranarom.ca\/produit\/f40-night-complex\/#breadcrumb"},"inLanguage":"fr-FR","potentialAction":[{"@type":"ReadAction","target":["https:\/\/pranarom.ca\/produit\/f40-night-complex\/"]}]},{"@type":"ImageObject","inLanguage":"fr-FR","@id":"https:\/\/pranarom.ca\/produit\/f40-night-complex\/#primaryimage","url":"https:\/\/pranarom.ca\/wp-content\/uploads\/2020\/05\/CAN21-fdb-secours-spray-nuit-biofloral-02FR.jpg","contentUrl":"https:\/\/pranarom.ca\/wp-content\/uploads\/2020\/05\/CAN21-fdb-secours-spray-nuit-biofloral-02FR.jpg","width":2000,"height":2000},{"@type":"BreadcrumbList","@id":"https:\/\/pranarom.ca\/produit\/f40-night-complex\/#breadcrumb","itemListElement":[{"@type":"ListItem","position":1,"name":"Home","item":"https:\/\/pranarom.ca\/fr\/"},{"@type":"ListItem","position":2,"name":"Shop","item":"https:\/\/pranarom.ca\/shop\/"},{"@type":"ListItem","position":3,"name":"Complexe Nuit Paisible F40N"}]},{"@type":"WebSite","@id":"https:\/\/pranarom.ca\/#website","url":"https:\/\/pranarom.ca\/","name":"Pranarom Canada","description":"Scientific Aromatherapyy","publisher":{"@id":"https:\/\/pranarom.ca\/#organization"},"potentialAction":[{"@type":"SearchAction","target":{"@type":"EntryPoint","urlTemplate":"https:\/\/pranarom.ca\/?s={search_term_string}"},"query-input":"required name=search_term_string"}],"inLanguage":"fr-FR"},{"@type":"Organization","@id":"https:\/\/pranarom.ca\/#organization","name":"Pranarom","url":"https:\/\/pranarom.ca\/","logo":{"@type":"ImageObject","inLanguage":"fr-FR","@id":"https:\/\/pranarom.ca\/#\/schema\/logo\/image\/","url":"https:\/\/pranarom.ca\/wp-content\/uploads\/2019\/03\/pranalogo.png","contentUrl":"https:\/\/pranarom.ca\/wp-content\/uploads\/2019\/03\/pranalogo.png","width":330,"height":100,"caption":"Pranarom"},"image":{"@id":"https:\/\/pranarom.ca\/#\/schema\/logo\/image\/"},"sameAs":["https:\/\/www.facebook.com\/PranaromCanada","http:\/\/instagram.com\/pranaromcanada\/","https:\/\/www.instagram.com\/pranaromcanada\/"]}]}},"jetpack_sharing_enabled":true,"_links":{"self":[{"href":"https:\/\/pranarom.ca\/fr\/wp-json\/wp\/v2\/product\/57216"}],"collection":[{"href":"https:\/\/pranarom.ca\/fr\/wp-json\/wp\/v2\/product"}],"about":[{"href":"https:\/\/pranarom.ca\/fr\/wp-json\/wp\/v2\/types\/product"}],"replies":[{"embeddable":true,"href":"https:\/\/pranarom.ca\/fr\/wp-json\/wp\/v2\/comments?post=57216"}],"wp:featuredmedia":[{"embeddable":true,"href":"https:\/\/pranarom.ca\/fr\/wp-json\/wp\/v2\/media\/59791"}],"wp:attachment":[{"href":"https:\/\/pranarom.ca\/fr\/wp-json\/wp\/v2\/media?parent=57216"}],"wp:term":[{"taxonomy":"product_cat","embeddable":true,"href":"https:\/\/pranarom.ca\/fr\/wp-json\/wp\/v2\/product_cat?post=57216"},{"taxonomy":"product_tag","embeddable":true,"href":"https:\/\/pranarom.ca\/fr\/wp-json\/wp\/v2\/product_tag?post=57216"}],"curies":[{"name":"wp","href":"https:\/\/api.w.org\/{rel}","templated":true}]}}