{"id":56276,"date":"2020-02-28T16:00:23","date_gmt":"2020-02-28T16:00:23","guid":{"rendered":"https:\/\/pranarom.ca\/?post_type=product&#038;p=56276"},"modified":"2024-11-04T05:56:26","modified_gmt":"2024-11-04T05:56:26","slug":"livre-aromatherapie-vie-tous-a-tous-les-jours","status":"publish","type":"product","link":"https:\/\/pranarom.ca\/fr\/produit\/livre-aromatherapie-vie-tous-a-tous-les-jours\/","title":{"rendered":"L\u2019aromath\u00e9rapie pour tous, \u00e0 tous les jours"},"content":{"rendered":"<p class=\"p2\">Ce livre se veut pratique, facile, condens\u00e9 et complet sur les huiles essentielles.<\/p>\n<p class=\"p2\">L\u2019usage des huiles essentielles \u00e0 des fins culinaires, des soins cosm\u00e9tiques, ainsi que des soins d\u2019infections, de douleurs, d\u2019inflammations, d\u2019angoisse et de fatigue. L\u2019information est donn\u00e9e en peu de mots et en peu de temps vous saurez les utiliser.<\/p>\n<hr \/>\n<h2>Description<\/h2>\n<p class=\"p1\">Ce livre a pour but d\u2019utiliser pleinement 20 huiles essentielles. Si on ach\u00e8te par exemple une huile comme le lavandin super, cet achat devient int\u00e9ressant pour une multitude d\u2019usages. Le lavandin super ou la lavande vraie peuvent soigner des blessures superficielles, \u00e9loigner des parasites et les insectes comme les punaises de lit et les poux. L\u2019huile essentielle de lavandin super se diffuse \u00e0 l\u2019aide d\u2019un diffuseur, dans un bain, ou encore dans un m\u00e9lange elle sert comme anti-inflammatoire, parfum, apaise les \u00e9motions, calme le syst\u00e8me nerveux et agit sur le 7<span class=\"s1\">e\u00a0<\/span>chakra. Chaque huile essentielle a une infinit\u00e9 d\u2019usages.<\/p>\n<p class=\"p1\"><strong>SUGGESTIONS TH\u00c9RAPEUTIQUES avec 20 huiles essentielles<\/strong><\/p>\n<p class=\"p1\">\u2022 Bain<\/p>\n<p class=\"p1\">\u2022 Diffusion a\u00e9rienne<\/p>\n<p class=\"p1\">\u2022 Manger, savourer<\/p>\n<p class=\"p1\">\u2022 Massage<\/p>\n<p class=\"p1\">\u2022 Soigner les chiens<\/p>\n<p class=\"p1\">\u2022 Soins cosm\u00e9tiques, corporels<\/p>\n<p class=\"p1\">\u2022 Soins de la peau<\/p>\n<p class=\"p1\">\u2022 Soigner les enfants \u2013 plus de 2 ans<\/p>\n<p class=\"p1\">\u2022 Soigner la maison<\/p>\n<p class=\"p1\">\u2022 Troubles digestifs<\/p>\n<p class=\"p1\">\u2022 Troubles musculaires, tendineux<\/p>\n<p class=\"p1\">\u2022 Chakras et les huiles essentielles<\/p>\n<p class=\"p1\">\u2022 \u00c9motions et les huiles essentielles<\/p>\n<p class=\"p1\">\u2022 Trousse de vacance et de voyage<\/p>\n<hr \/>\n<h2><strong>Michel Turbide<\/strong><\/h2>\n<p>Il enseigne l\u2019aromath\u00e9rapie depuis 1994 et en 2009, il a commenc\u00e9 \u00e0 \u00e9crire des livres sur les huiles essentielles.<\/p>\n<p>Il a \u00e9tudi\u00e9 l\u2019aromath\u00e9rapie avec des gens de renoms qui ont apport\u00e9 une dimension nouvelle \u00e0 son apprentissage. Ils ont ajout\u00e9 une dimension scientifique par la description des composantes aromatiques. Cette fa\u00e7on de voir l\u2019aromath\u00e9rapie est devenue aujourd\u2019hui la nouvelle r\u00e9f\u00e9rence : il s\u2019agit de l\u2019aromath\u00e9rapie scientifique.<\/p>\n<p>Il a beaucoup enseign\u00e9 \u00e0 la suite de ces formations. L\u2019enseignement lui a permis de consolider ses apprentissages. Il a \u00e9t\u00e9 en contact avec bons nombres de th\u00e9rapeutes \u00e0 qui il a montr\u00e9 \u00e0 utiliser les huiles essentielles dans le but de soigner.<\/p>\n<p>Ses livres se distinguent par leur facilit\u00e9 d\u2019utilisation. Ils regorgent d\u2019informations dont les effets des mol\u00e9cules aromatiques, qui sont les causes de l\u2019action th\u00e9rapeutique des huiles essentielles. Ses livres constituent des r\u00e9f\u00e9rences pour une recherche de mieux-\u00eatre en toute s\u00e9curit\u00e9.<\/p>\n<hr \/>\n<h2><strong>Son histoire<\/strong><\/h2>\n<p>\u00c0 16 ans, en qu\u00eate spirituelle, Michel Turbide vit et travaille pendant deux ans pour les moines trappistes d\u2019Oka, tout en compl\u00e9tant son dipl\u00f4me d\u2019\u00e9tudes secondaires.\u00a0 \u00c0 21 ans, il d\u00e9bute la pratique de la m\u00e9ditation transcendantale et s\u2019y consacre pendant une dizaine d\u2019ann\u00e9es. Durant cette p\u00e9riode, il apprend les rudiments de la cuisine v\u00e9g\u00e9tarienne.<\/p>\n<p>Ensuite, adepte d\u2019alimentation saine, il devient cuisinier au Commensal durant un autre d\u00e9cennie. Au fil des ans, il devient chef cuisinier puis g\u00e9rant. Durant cette p\u00e9riode, il compl\u00e8te un baccalaur\u00e9at en administration \u00e0 l\u2019Universit\u00e9 du Qu\u00e9bec \u00e0 Montr\u00e9al.<\/p>\n<p>Par la suite, il \u00e9tudie diff\u00e9rentes m\u00e9decines alternatives : naturopathie, hom\u00e9opathie et surtout aromath\u00e9rapie. La vie lui a fait un immense cadeau : son premier cours dans ce domaine est offert par le c\u00e9l\u00e8bre chercheur en aromath\u00e9rapie Pierre Franchomme. Cette sommit\u00e9 fran\u00e7aise est le coauteur du livre\u00a0<em>L\u2019aromath\u00e9rapie exactement<\/em>, consid\u00e9r\u00e9 comme l\u2019ultime r\u00e9f\u00e9rence en aromath\u00e9rapie. Cette rencontre d\u00e9terminante est le d\u00e9clencheur de la passion d\u00e9sormais vitale de Michel Turbide.<\/p>\n<p>Il est \u00e9galement form\u00e9 par le pharmacien, aromath\u00e9rapeute et auteur belge, Dominique Baudoux. Michel Turbide poursuit sa formation avec l\u2019auteur, v\u00e9t\u00e9rinaire-chercheur en aromath\u00e9rapie Dr Debauche, ainsi qu\u2019avec Luc Lariv\u00e9e et Maurice Nicole, \u00e9galement sommit\u00e9s dans le domaine.<\/p>\n<p>Michel Turbide a \u00e9t\u00e9 chroniqueur r\u00e9gulier pour le magazine Vitalit\u00e9 Qu\u00e9bec, ainsi que pour le magazine en ligne\u00a0infonaturel.ca. Il est encore aujourd\u2019hui collaborateur-chroniqueur r\u00e9gulier depuis 2016 pour le\u00a0magazine le Monde au Naturel.<\/p>\n<p>Pr\u00e9sentement, il enseigne partout au Qu\u00e9bec ainsi qu\u2019au Nouveau Brunswick: dans les \u00e9coles de massoth\u00e9rapie, de naturopathie mais \u00e9galement aupr\u00e8s des gens qui veulent en apprendre davantage sur les huiles essentielles. Il est passionn\u00e9 d\u2019aromath\u00e9rapie et il adore partager ses connaissances. Depuis pr\u00e8s de 25 ans, Michel Turbide forme et conseille les th\u00e9rapeutes et la population canadienne fran\u00e7aise \u00e0 la bonne utilisation des huiles essentielles.<\/p>\n<hr \/>\n<p>101 pages | 2019<br \/>\nISBN 978-2-9812802-5-1<\/p>\n","protected":false},"excerpt":{"rendered":"<p>Michel Turbide<\/p>\n<p>Collection Sant\u00e9-Ar\u00f4me<\/p>\n","protected":false},"featured_media":56280,"comment_status":"open","ping_status":"closed","template":"","meta":{"_et_pb_use_builder":"","_et_pb_old_content":"","_et_gb_content_width":""},"product_cat":[377,518,380,326,336,337],"product_tag":[],"acf":[],"yoast_head":"<!-- This site is optimized with the Yoast SEO plugin v22.6 - https:\/\/yoast.com\/wordpress\/plugins\/seo\/ -->\n<title>L\u2019aromath\u00e9rapie pour tous, \u00e0 tous les jours - Pranarom<\/title>\n<meta name=\"robots\" content=\"index, follow, max-snippet:-1, max-image-preview:large, max-video-preview:-1\" \/>\n<link rel=\"canonical\" href=\"https:\/\/pranarom.ca\/fr\/produit\/livre-aromatherapie-vie-tous-a-tous-les-jours\/\" \/>\n<meta property=\"og:locale\" content=\"fr_FR\" \/>\n<meta property=\"og:type\" content=\"article\" \/>\n<meta property=\"og:title\" content=\"L\u2019aromath\u00e9rapie pour tous, \u00e0 tous les jours - Pranarom\" \/>\n<meta property=\"og:description\" content=\"Michel Turbide  Collection Sant\u00e9-Ar\u00f4me\" \/>\n<meta property=\"og:url\" content=\"https:\/\/pranarom.ca\/fr\/produit\/livre-aromatherapie-vie-tous-a-tous-les-jours\/\" \/>\n<meta property=\"og:site_name\" content=\"Pranarom\" \/>\n<meta property=\"article:publisher\" content=\"https:\/\/www.facebook.com\/PranaromCanada\" \/>\n<meta property=\"article:modified_time\" content=\"2024-11-04T05:56:26+00:00\" \/>\n<meta property=\"og:image\" content=\"https:\/\/pranarom.ca\/wp-content\/uploads\/2020\/02\/L\u2019aromathe\u0301rapie-pour-tous-a\u0300-tous-les-jours-Pranarom-Hules-Essentielles.png\" \/>\n\t<meta property=\"og:image:width\" content=\"450\" \/>\n\t<meta property=\"og:image:height\" content=\"450\" \/>\n\t<meta property=\"og:image:type\" content=\"image\/png\" \/>\n<meta name=\"twitter:card\" content=\"summary_large_image\" \/>\n<meta name=\"twitter:label1\" content=\"Dur\u00e9e de lecture estim\u00e9e\" \/>\n\t<meta name=\"twitter:data1\" content=\"4 minutes\" \/>\n<script type=\"application\/ld+json\" class=\"yoast-schema-graph\">{\"@context\":\"https:\/\/schema.org\",\"@graph\":[{\"@type\":\"WebPage\",\"@id\":\"https:\/\/pranarom.ca\/fr\/produit\/livre-aromatherapie-vie-tous-a-tous-les-jours\/\",\"url\":\"https:\/\/pranarom.ca\/fr\/produit\/livre-aromatherapie-vie-tous-a-tous-les-jours\/\",\"name\":\"L\u2019aromath\u00e9rapie pour tous, \u00e0 tous les jours - Pranarom\",\"isPartOf\":{\"@id\":\"https:\/\/pranarom.ca\/#website\"},\"primaryImageOfPage\":{\"@id\":\"https:\/\/pranarom.ca\/fr\/produit\/livre-aromatherapie-vie-tous-a-tous-les-jours\/#primaryimage\"},\"image\":{\"@id\":\"https:\/\/pranarom.ca\/fr\/produit\/livre-aromatherapie-vie-tous-a-tous-les-jours\/#primaryimage\"},\"thumbnailUrl\":\"https:\/\/pranarom.ca\/wp-content\/uploads\/2020\/02\/L\u2019aromathe\u0301rapie-pour-tous-a\u0300-tous-les-jours-Pranarom-Hules-Essentielles.png\",\"datePublished\":\"2020-02-28T16:00:23+00:00\",\"dateModified\":\"2024-11-04T05:56:26+00:00\",\"breadcrumb\":{\"@id\":\"https:\/\/pranarom.ca\/fr\/produit\/livre-aromatherapie-vie-tous-a-tous-les-jours\/#breadcrumb\"},\"inLanguage\":\"fr-FR\",\"potentialAction\":[{\"@type\":\"ReadAction\",\"target\":[\"https:\/\/pranarom.ca\/fr\/produit\/livre-aromatherapie-vie-tous-a-tous-les-jours\/\"]}]},{\"@type\":\"ImageObject\",\"inLanguage\":\"fr-FR\",\"@id\":\"https:\/\/pranarom.ca\/fr\/produit\/livre-aromatherapie-vie-tous-a-tous-les-jours\/#primaryimage\",\"url\":\"https:\/\/pranarom.ca\/wp-content\/uploads\/2020\/02\/L\u2019aromathe\u0301rapie-pour-tous-a\u0300-tous-les-jours-Pranarom-Hules-Essentielles.png\",\"contentUrl\":\"https:\/\/pranarom.ca\/wp-content\/uploads\/2020\/02\/L\u2019aromathe\u0301rapie-pour-tous-a\u0300-tous-les-jours-Pranarom-Hules-Essentielles.png\",\"width\":450,\"height\":450},{\"@type\":\"BreadcrumbList\",\"@id\":\"https:\/\/pranarom.ca\/fr\/produit\/livre-aromatherapie-vie-tous-a-tous-les-jours\/#breadcrumb\",\"itemListElement\":[{\"@type\":\"ListItem\",\"position\":1,\"name\":\"Home\",\"item\":\"https:\/\/pranarom.ca\/fr\/\"},{\"@type\":\"ListItem\",\"position\":2,\"name\":\"Shop\",\"item\":\"https:\/\/pranarom.ca\/shop\/\"},{\"@type\":\"ListItem\",\"position\":3,\"name\":\"L\u2019aromath\u00e9rapie pour tous, \u00e0 tous les jours\"}]},{\"@type\":\"WebSite\",\"@id\":\"https:\/\/pranarom.ca\/#website\",\"url\":\"https:\/\/pranarom.ca\/\",\"name\":\"Pranarom Canada\",\"description\":\"Scientific Aromatherapyy\",\"publisher\":{\"@id\":\"https:\/\/pranarom.ca\/#organization\"},\"potentialAction\":[{\"@type\":\"SearchAction\",\"target\":{\"@type\":\"EntryPoint\",\"urlTemplate\":\"https:\/\/pranarom.ca\/?s={search_term_string}\"},\"query-input\":\"required name=search_term_string\"}],\"inLanguage\":\"fr-FR\"},{\"@type\":\"Organization\",\"@id\":\"https:\/\/pranarom.ca\/#organization\",\"name\":\"Pranarom\",\"url\":\"https:\/\/pranarom.ca\/\",\"logo\":{\"@type\":\"ImageObject\",\"inLanguage\":\"fr-FR\",\"@id\":\"https:\/\/pranarom.ca\/#\/schema\/logo\/image\/\",\"url\":\"https:\/\/pranarom.ca\/wp-content\/uploads\/2019\/03\/pranalogo.png\",\"contentUrl\":\"https:\/\/pranarom.ca\/wp-content\/uploads\/2019\/03\/pranalogo.png\",\"width\":330,\"height\":100,\"caption\":\"Pranarom\"},\"image\":{\"@id\":\"https:\/\/pranarom.ca\/#\/schema\/logo\/image\/\"},\"sameAs\":[\"https:\/\/www.facebook.com\/PranaromCanada\",\"http:\/\/instagram.com\/pranaromcanada\/\",\"https:\/\/www.instagram.com\/pranaromcanada\/\"]}]}<\/script>\n<!-- \/ Yoast SEO plugin. -->","yoast_head_json":{"title":"L\u2019aromath\u00e9rapie pour tous, \u00e0 tous les jours - Pranarom","robots":{"index":"index","follow":"follow","max-snippet":"max-snippet:-1","max-image-preview":"max-image-preview:large","max-video-preview":"max-video-preview:-1"},"canonical":"https:\/\/pranarom.ca\/fr\/produit\/livre-aromatherapie-vie-tous-a-tous-les-jours\/","og_locale":"fr_FR","og_type":"article","og_title":"L\u2019aromath\u00e9rapie pour tous, \u00e0 tous les jours - Pranarom","og_description":"Michel Turbide  Collection Sant\u00e9-Ar\u00f4me","og_url":"https:\/\/pranarom.ca\/fr\/produit\/livre-aromatherapie-vie-tous-a-tous-les-jours\/","og_site_name":"Pranarom","article_publisher":"https:\/\/www.facebook.com\/PranaromCanada","article_modified_time":"2024-11-04T05:56:26+00:00","og_image":[{"width":450,"height":450,"url":"https:\/\/pranarom.ca\/wp-content\/uploads\/2020\/02\/L\u2019aromathe\u0301rapie-pour-tous-a\u0300-tous-les-jours-Pranarom-Hules-Essentielles.png","type":"image\/png"}],"twitter_card":"summary_large_image","twitter_misc":{"Dur\u00e9e de lecture estim\u00e9e":"4 minutes"},"schema":{"@context":"https:\/\/schema.org","@graph":[{"@type":"WebPage","@id":"https:\/\/pranarom.ca\/fr\/produit\/livre-aromatherapie-vie-tous-a-tous-les-jours\/","url":"https:\/\/pranarom.ca\/fr\/produit\/livre-aromatherapie-vie-tous-a-tous-les-jours\/","name":"L\u2019aromath\u00e9rapie pour tous, \u00e0 tous les jours - Pranarom","isPartOf":{"@id":"https:\/\/pranarom.ca\/#website"},"primaryImageOfPage":{"@id":"https:\/\/pranarom.ca\/fr\/produit\/livre-aromatherapie-vie-tous-a-tous-les-jours\/#primaryimage"},"image":{"@id":"https:\/\/pranarom.ca\/fr\/produit\/livre-aromatherapie-vie-tous-a-tous-les-jours\/#primaryimage"},"thumbnailUrl":"https:\/\/pranarom.ca\/wp-content\/uploads\/2020\/02\/L\u2019aromathe\u0301rapie-pour-tous-a\u0300-tous-les-jours-Pranarom-Hules-Essentielles.png","datePublished":"2020-02-28T16:00:23+00:00","dateModified":"2024-11-04T05:56:26+00:00","breadcrumb":{"@id":"https:\/\/pranarom.ca\/fr\/produit\/livre-aromatherapie-vie-tous-a-tous-les-jours\/#breadcrumb"},"inLanguage":"fr-FR","potentialAction":[{"@type":"ReadAction","target":["https:\/\/pranarom.ca\/fr\/produit\/livre-aromatherapie-vie-tous-a-tous-les-jours\/"]}]},{"@type":"ImageObject","inLanguage":"fr-FR","@id":"https:\/\/pranarom.ca\/fr\/produit\/livre-aromatherapie-vie-tous-a-tous-les-jours\/#primaryimage","url":"https:\/\/pranarom.ca\/wp-content\/uploads\/2020\/02\/L\u2019aromathe\u0301rapie-pour-tous-a\u0300-tous-les-jours-Pranarom-Hules-Essentielles.png","contentUrl":"https:\/\/pranarom.ca\/wp-content\/uploads\/2020\/02\/L\u2019aromathe\u0301rapie-pour-tous-a\u0300-tous-les-jours-Pranarom-Hules-Essentielles.png","width":450,"height":450},{"@type":"BreadcrumbList","@id":"https:\/\/pranarom.ca\/fr\/produit\/livre-aromatherapie-vie-tous-a-tous-les-jours\/#breadcrumb","itemListElement":[{"@type":"ListItem","position":1,"name":"Home","item":"https:\/\/pranarom.ca\/fr\/"},{"@type":"ListItem","position":2,"name":"Shop","item":"https:\/\/pranarom.ca\/shop\/"},{"@type":"ListItem","position":3,"name":"L\u2019aromath\u00e9rapie pour tous, \u00e0 tous les jours"}]},{"@type":"WebSite","@id":"https:\/\/pranarom.ca\/#website","url":"https:\/\/pranarom.ca\/","name":"Pranarom Canada","description":"Scientific Aromatherapyy","publisher":{"@id":"https:\/\/pranarom.ca\/#organization"},"potentialAction":[{"@type":"SearchAction","target":{"@type":"EntryPoint","urlTemplate":"https:\/\/pranarom.ca\/?s={search_term_string}"},"query-input":"required name=search_term_string"}],"inLanguage":"fr-FR"},{"@type":"Organization","@id":"https:\/\/pranarom.ca\/#organization","name":"Pranarom","url":"https:\/\/pranarom.ca\/","logo":{"@type":"ImageObject","inLanguage":"fr-FR","@id":"https:\/\/pranarom.ca\/#\/schema\/logo\/image\/","url":"https:\/\/pranarom.ca\/wp-content\/uploads\/2019\/03\/pranalogo.png","contentUrl":"https:\/\/pranarom.ca\/wp-content\/uploads\/2019\/03\/pranalogo.png","width":330,"height":100,"caption":"Pranarom"},"image":{"@id":"https:\/\/pranarom.ca\/#\/schema\/logo\/image\/"},"sameAs":["https:\/\/www.facebook.com\/PranaromCanada","http:\/\/instagram.com\/pranaromcanada\/","https:\/\/www.instagram.com\/pranaromcanada\/"]}]}},"jetpack_sharing_enabled":true,"_links":{"self":[{"href":"https:\/\/pranarom.ca\/fr\/wp-json\/wp\/v2\/product\/56276"}],"collection":[{"href":"https:\/\/pranarom.ca\/fr\/wp-json\/wp\/v2\/product"}],"about":[{"href":"https:\/\/pranarom.ca\/fr\/wp-json\/wp\/v2\/types\/product"}],"replies":[{"embeddable":true,"href":"https:\/\/pranarom.ca\/fr\/wp-json\/wp\/v2\/comments?post=56276"}],"wp:featuredmedia":[{"embeddable":true,"href":"https:\/\/pranarom.ca\/fr\/wp-json\/wp\/v2\/media\/56280"}],"wp:attachment":[{"href":"https:\/\/pranarom.ca\/fr\/wp-json\/wp\/v2\/media?parent=56276"}],"wp:term":[{"taxonomy":"product_cat","embeddable":true,"href":"https:\/\/pranarom.ca\/fr\/wp-json\/wp\/v2\/product_cat?post=56276"},{"taxonomy":"product_tag","embeddable":true,"href":"https:\/\/pranarom.ca\/fr\/wp-json\/wp\/v2\/product_tag?post=56276"}],"curies":[{"name":"wp","href":"https:\/\/api.w.org\/{rel}","templated":true}]}}