{"id":56273,"date":"2020-02-28T15:54:25","date_gmt":"2020-02-28T15:54:25","guid":{"rendered":"https:\/\/pranarom.ca\/?post_type=product&#038;p=56273"},"modified":"2025-10-20T05:00:19","modified_gmt":"2025-10-20T05:00:19","slug":"livre-manger-savourer-les-huiles-essentielles","status":"publish","type":"product","link":"https:\/\/pranarom.ca\/fr\/produit\/livre-manger-savourer-les-huiles-essentielles\/","title":{"rendered":"Manger, savourer les huiles essentielles"},"content":{"rendered":"<p class=\"p1\">Les huiles essentielles en cuisine ont des propri\u00e9t\u00e9s digestives, antispasmodiques, antiseptiques, calmantes, et plus encore. La valeur des huiles essentielles r\u00e9side dans le pouvoir d\u2019amplifier l\u2019ar\u00f4me d\u2019un plat. Au d\u00e9part, on remarque l\u2019ar\u00f4me plus puissant.<\/p>\n<p class=\"p1\">Lorsqu\u2019on d\u00e9guste un mets assaisonn\u00e9 aux huiles essentielles, le plaisir olfactif s\u2019anime et on y d\u00e9couvre son go\u00fbt, plus affirm\u00e9. Vous apprendrez \u00e0 savourer une nourriture avec le maximum de plaisir.<\/p>\n<hr \/>\n<h2>Description<\/h2>\n<p class=\"p1\">Lorsque vous assaisonnez un plat avec des herbes, des \u00e9pices et un zeste d\u2019agrume: vous faites d\u00e9j\u00e0, de l\u2019aromath\u00e9rapie.<\/p>\n<p class=\"p1\">Tous ces gestes ont pour fonction d\u2019aromatiser les mets. Je soup\u00e7onne que dans les temps anciens, les plantes aromatiques choisies avaient d\u2019autres fonctions que d\u2019ajouter de la saveur aux mets pr\u00e9par\u00e9s. Elles devaient servir surtout \u00e0 se prot\u00e9ger contre des infections bact\u00e9riennes, parasitaires ou aider \u00e0 la digestion.<\/p>\n<p class=\"p1\">Ces gestes constituaient une forme d\u2019aromath\u00e9rapie. L\u2019usage r\u00e9p\u00e9t\u00e9 des plantes aromatiques a fait en sorte que l\u2019on n\u2019a pas pu se passer des saveurs des aromates par la suite. Les huiles essentielles provenant des plantes comme la menthe poivr\u00e9e, l\u2019anis, l\u2019origan, le thym, le romarin, le clou, la cannelle, l\u2019ail et l\u2019oignon sont en aromath\u00e9rapie d\u2019excellentes huiles essentielles anti-infectieuses ou qui aide \u00e0 la digestion. Pour assaisonner vos mets, les huiles essentielles vous s\u00e9duiront par leurs caract\u00e9ristiques gustatives et olfactives.<\/p>\n<p class=\"p1\">La valeur des huiles essentielles en cuisine r\u00e9side dans le pouvoir d\u2019amplifier l\u2019ar\u00f4me d\u2019un plat. Au d\u00e9part, on remarque son odeur, son ar\u00f4me puissant, puis on d\u00e9couvre le go\u00fbt, plus affirm\u00e9. Les huiles apportent un go\u00fbt plus complexe que des herbes fra\u00eeches ou s\u00e9ch\u00e9es.<\/p>\n<p class=\"p1\">Lorsque je cuisinais pour le Commensal, si j\u2019avais connu les huiles essentielles, il est certain que je les aurais utilis\u00e9es. J\u2019y ai travaill\u00e9 pendant 10 ans comme cuisinier, chef cuisinier et j\u2019y faisais aussi de la recherche et d\u00e9veloppement (cr\u00e9ation de nouveaux mets).<\/p>\n<p class=\"p1\">Quelques gouttes suffisent. Lorsque vous cuisinez avec les huiles essentielles, commencez avec la plus petite dose et augmentez au besoin. Les huiles essentielles \u00e9tant des substances tr\u00e8s concentr\u00e9es, prudence avec elles, une seule goutte peut \u00e9quivaloir \u00e0 tout un bouquet d\u2019herbes fra\u00eeches.<\/p>\n<p class=\"p1\">Les huiles essentielles sont plus faciles \u00e0 incorporer \u00e0 une recette quand elles sont d\u2019abord dilu\u00e9es, dans un corps gras (cr\u00e8me, yogourt 10%, jaune d\u2019oeuf). Elles ne se m\u00e9langent pas \u00e0 l\u2019eau \u00e0 moins que l\u2019on utilise un \u00e9mulsifiant. (Alcool, jaune oeuf)<\/p>\n<hr \/>\n<h2><strong>Michel Turbide<\/strong><\/h2>\n<p>Il enseigne l\u2019aromath\u00e9rapie depuis 1994 et en 2009, il a commenc\u00e9 \u00e0 \u00e9crire des livres sur les huiles essentielles.<\/p>\n<p>Il a \u00e9tudi\u00e9 l\u2019aromath\u00e9rapie avec des gens de renoms qui ont apport\u00e9 une dimension nouvelle \u00e0 son apprentissage. Ils ont ajout\u00e9 une dimension scientifique par la description des composantes aromatiques. Cette fa\u00e7on de voir l\u2019aromath\u00e9rapie est devenue aujourd\u2019hui la nouvelle r\u00e9f\u00e9rence : il s\u2019agit de l\u2019aromath\u00e9rapie scientifique.<\/p>\n<p>Il a beaucoup enseign\u00e9 \u00e0 la suite de ces formations. L\u2019enseignement lui a permis de consolider ses apprentissages. Il a \u00e9t\u00e9 en contact avec bons nombres de th\u00e9rapeutes \u00e0 qui il a montr\u00e9 \u00e0 utiliser les huiles essentielles dans le but de soigner.<\/p>\n<p>Ses livres se distinguent par leur facilit\u00e9 d\u2019utilisation. Ils regorgent d\u2019informations dont les effets des mol\u00e9cules aromatiques, qui sont les causes de l\u2019action th\u00e9rapeutique des huiles essentielles. Ses livres constituent des r\u00e9f\u00e9rences pour une recherche de mieux-\u00eatre en toute s\u00e9curit\u00e9.<\/p>\n<hr \/>\n<h2><strong>Son histoire<\/strong><\/h2>\n<p>\u00c0 16 ans, en qu\u00eate spirituelle, Michel Turbide vit et travaille pendant deux ans pour les moines trappistes d\u2019Oka, tout en compl\u00e9tant son dipl\u00f4me d\u2019\u00e9tudes secondaires.\u00a0 \u00c0 21 ans, il d\u00e9bute la pratique de la m\u00e9ditation transcendantale et s\u2019y consacre pendant une dizaine d\u2019ann\u00e9es. Durant cette p\u00e9riode, il apprend les rudiments de la cuisine v\u00e9g\u00e9tarienne.<\/p>\n<p>Ensuite, adepte d\u2019alimentation saine, il devient cuisinier au Commensal durant un autre d\u00e9cennie. Au fil des ans, il devient chef cuisinier puis g\u00e9rant. Durant cette p\u00e9riode, il compl\u00e8te un baccalaur\u00e9at en administration \u00e0 l\u2019Universit\u00e9 du Qu\u00e9bec \u00e0 Montr\u00e9al.<\/p>\n<p>Par la suite, il \u00e9tudie diff\u00e9rentes m\u00e9decines alternatives : naturopathie, hom\u00e9opathie et surtout aromath\u00e9rapie. La vie lui a fait un immense cadeau : son premier cours dans ce domaine est offert par le c\u00e9l\u00e8bre chercheur en aromath\u00e9rapie Pierre Franchomme. Cette sommit\u00e9 fran\u00e7aise est le coauteur du livre\u00a0<em>L\u2019aromath\u00e9rapie exactement<\/em>, consid\u00e9r\u00e9 comme l\u2019ultime r\u00e9f\u00e9rence en aromath\u00e9rapie. Cette rencontre d\u00e9terminante est le d\u00e9clencheur de la passion d\u00e9sormais vitale de Michel Turbide.<\/p>\n<p>Il est \u00e9galement form\u00e9 par le pharmacien, aromath\u00e9rapeute et auteur belge, Dominique Baudoux. Michel Turbide poursuit sa formation avec l\u2019auteur, v\u00e9t\u00e9rinaire-chercheur en aromath\u00e9rapie Dr Debauche, ainsi qu\u2019avec Luc Lariv\u00e9e et Maurice Nicole, \u00e9galement sommit\u00e9s dans le domaine.<\/p>\n<p>Michel Turbide a \u00e9t\u00e9 chroniqueur r\u00e9gulier pour le magazine Vitalit\u00e9 Qu\u00e9bec, ainsi que pour le magazine en ligne\u00a0infonaturel.ca. Il est encore aujourd\u2019hui collaborateur-chroniqueur r\u00e9gulier depuis 2016 pour le\u00a0magazine le Monde au Naturel.<\/p>\n<p>Pr\u00e9sentement, il enseigne partout au Qu\u00e9bec ainsi qu\u2019au Nouveau Brunswick: dans les \u00e9coles de massoth\u00e9rapie, de naturopathie mais \u00e9galement aupr\u00e8s des gens qui veulent en apprendre davantage sur les huiles essentielles. Il est passionn\u00e9 d\u2019aromath\u00e9rapie et il adore partager ses connaissances. Depuis pr\u00e8s de 25 ans, Michel Turbide forme et conseille les th\u00e9rapeutes et la population canadienne fran\u00e7aise \u00e0 la bonne utilisation des huiles essentielles.<\/p>\n<hr \/>\n<p class=\"p1\">142 pages | 2016<br \/>\nISBN 978-2-9812802-0-6<\/p>\n","protected":false},"excerpt":{"rendered":"<p>Michel Turbide<\/p>\n<p>Collection Sant\u00e9-Ar\u00f4me<\/p>\n","protected":false},"featured_media":56282,"comment_status":"open","ping_status":"closed","template":"","meta":{"_et_pb_use_builder":"","_et_pb_old_content":"","_et_gb_content_width":""},"product_cat":[518,380,326,336,337],"product_tag":[],"acf":[],"yoast_head":"<!-- This site is optimized with the Yoast SEO plugin v22.6 - https:\/\/yoast.com\/wordpress\/plugins\/seo\/ -->\n<title>Manger, savourer les huiles essentielles - Pranarom<\/title>\n<meta name=\"robots\" content=\"index, follow, max-snippet:-1, max-image-preview:large, max-video-preview:-1\" \/>\n<link rel=\"canonical\" href=\"https:\/\/pranarom.ca\/fr\/produit\/livre-manger-savourer-les-huiles-essentielles\/\" \/>\n<meta property=\"og:locale\" content=\"fr_FR\" \/>\n<meta property=\"og:type\" content=\"article\" \/>\n<meta property=\"og:title\" content=\"Manger, savourer les huiles essentielles - Pranarom\" \/>\n<meta property=\"og:description\" content=\"Michel Turbide  Collection Sant\u00e9-Ar\u00f4me\" \/>\n<meta property=\"og:url\" content=\"https:\/\/pranarom.ca\/fr\/produit\/livre-manger-savourer-les-huiles-essentielles\/\" \/>\n<meta property=\"og:site_name\" content=\"Pranarom\" \/>\n<meta property=\"article:publisher\" content=\"https:\/\/www.facebook.com\/PranaromCanada\" \/>\n<meta property=\"article:modified_time\" content=\"2025-10-20T05:00:19+00:00\" \/>\n<meta property=\"og:image\" content=\"https:\/\/pranarom.ca\/wp-content\/uploads\/2020\/02\/Manger-savourer-les-huiles-essentielles-Pranarom-Hules-Essentielles.jpg\" \/>\n\t<meta property=\"og:image:width\" content=\"600\" \/>\n\t<meta property=\"og:image:height\" content=\"600\" \/>\n\t<meta property=\"og:image:type\" content=\"image\/jpeg\" \/>\n<meta name=\"twitter:card\" content=\"summary_large_image\" \/>\n<meta name=\"twitter:label1\" content=\"Dur\u00e9e de lecture estim\u00e9e\" \/>\n\t<meta name=\"twitter:data1\" content=\"5 minutes\" \/>\n<script type=\"application\/ld+json\" class=\"yoast-schema-graph\">{\"@context\":\"https:\/\/schema.org\",\"@graph\":[{\"@type\":\"WebPage\",\"@id\":\"https:\/\/pranarom.ca\/fr\/produit\/livre-manger-savourer-les-huiles-essentielles\/\",\"url\":\"https:\/\/pranarom.ca\/fr\/produit\/livre-manger-savourer-les-huiles-essentielles\/\",\"name\":\"Manger, savourer les huiles essentielles - Pranarom\",\"isPartOf\":{\"@id\":\"https:\/\/pranarom.ca\/#website\"},\"primaryImageOfPage\":{\"@id\":\"https:\/\/pranarom.ca\/fr\/produit\/livre-manger-savourer-les-huiles-essentielles\/#primaryimage\"},\"image\":{\"@id\":\"https:\/\/pranarom.ca\/fr\/produit\/livre-manger-savourer-les-huiles-essentielles\/#primaryimage\"},\"thumbnailUrl\":\"https:\/\/pranarom.ca\/wp-content\/uploads\/2020\/02\/Manger-savourer-les-huiles-essentielles-Pranarom-Hules-Essentielles.jpg\",\"datePublished\":\"2020-02-28T15:54:25+00:00\",\"dateModified\":\"2025-10-20T05:00:19+00:00\",\"breadcrumb\":{\"@id\":\"https:\/\/pranarom.ca\/fr\/produit\/livre-manger-savourer-les-huiles-essentielles\/#breadcrumb\"},\"inLanguage\":\"fr-FR\",\"potentialAction\":[{\"@type\":\"ReadAction\",\"target\":[\"https:\/\/pranarom.ca\/fr\/produit\/livre-manger-savourer-les-huiles-essentielles\/\"]}]},{\"@type\":\"ImageObject\",\"inLanguage\":\"fr-FR\",\"@id\":\"https:\/\/pranarom.ca\/fr\/produit\/livre-manger-savourer-les-huiles-essentielles\/#primaryimage\",\"url\":\"https:\/\/pranarom.ca\/wp-content\/uploads\/2020\/02\/Manger-savourer-les-huiles-essentielles-Pranarom-Hules-Essentielles.jpg\",\"contentUrl\":\"https:\/\/pranarom.ca\/wp-content\/uploads\/2020\/02\/Manger-savourer-les-huiles-essentielles-Pranarom-Hules-Essentielles.jpg\",\"width\":600,\"height\":600,\"caption\":\"Manger, savourer les huiles essentielles - Pranarom Hules Essentielles\"},{\"@type\":\"BreadcrumbList\",\"@id\":\"https:\/\/pranarom.ca\/fr\/produit\/livre-manger-savourer-les-huiles-essentielles\/#breadcrumb\",\"itemListElement\":[{\"@type\":\"ListItem\",\"position\":1,\"name\":\"Home\",\"item\":\"https:\/\/pranarom.ca\/fr\/\"},{\"@type\":\"ListItem\",\"position\":2,\"name\":\"Shop\",\"item\":\"https:\/\/pranarom.ca\/shop\/\"},{\"@type\":\"ListItem\",\"position\":3,\"name\":\"Manger, savourer les huiles essentielles\"}]},{\"@type\":\"WebSite\",\"@id\":\"https:\/\/pranarom.ca\/#website\",\"url\":\"https:\/\/pranarom.ca\/\",\"name\":\"Pranarom Canada\",\"description\":\"Scientific Aromatherapyy\",\"publisher\":{\"@id\":\"https:\/\/pranarom.ca\/#organization\"},\"potentialAction\":[{\"@type\":\"SearchAction\",\"target\":{\"@type\":\"EntryPoint\",\"urlTemplate\":\"https:\/\/pranarom.ca\/?s={search_term_string}\"},\"query-input\":\"required name=search_term_string\"}],\"inLanguage\":\"fr-FR\"},{\"@type\":\"Organization\",\"@id\":\"https:\/\/pranarom.ca\/#organization\",\"name\":\"Pranarom\",\"url\":\"https:\/\/pranarom.ca\/\",\"logo\":{\"@type\":\"ImageObject\",\"inLanguage\":\"fr-FR\",\"@id\":\"https:\/\/pranarom.ca\/#\/schema\/logo\/image\/\",\"url\":\"https:\/\/pranarom.ca\/wp-content\/uploads\/2019\/03\/pranalogo.png\",\"contentUrl\":\"https:\/\/pranarom.ca\/wp-content\/uploads\/2019\/03\/pranalogo.png\",\"width\":330,\"height\":100,\"caption\":\"Pranarom\"},\"image\":{\"@id\":\"https:\/\/pranarom.ca\/#\/schema\/logo\/image\/\"},\"sameAs\":[\"https:\/\/www.facebook.com\/PranaromCanada\",\"http:\/\/instagram.com\/pranaromcanada\/\",\"https:\/\/www.instagram.com\/pranaromcanada\/\"]}]}<\/script>\n<!-- \/ Yoast SEO plugin. -->","yoast_head_json":{"title":"Manger, savourer les huiles essentielles - Pranarom","robots":{"index":"index","follow":"follow","max-snippet":"max-snippet:-1","max-image-preview":"max-image-preview:large","max-video-preview":"max-video-preview:-1"},"canonical":"https:\/\/pranarom.ca\/fr\/produit\/livre-manger-savourer-les-huiles-essentielles\/","og_locale":"fr_FR","og_type":"article","og_title":"Manger, savourer les huiles essentielles - Pranarom","og_description":"Michel Turbide  Collection Sant\u00e9-Ar\u00f4me","og_url":"https:\/\/pranarom.ca\/fr\/produit\/livre-manger-savourer-les-huiles-essentielles\/","og_site_name":"Pranarom","article_publisher":"https:\/\/www.facebook.com\/PranaromCanada","article_modified_time":"2025-10-20T05:00:19+00:00","og_image":[{"width":600,"height":600,"url":"https:\/\/pranarom.ca\/wp-content\/uploads\/2020\/02\/Manger-savourer-les-huiles-essentielles-Pranarom-Hules-Essentielles.jpg","type":"image\/jpeg"}],"twitter_card":"summary_large_image","twitter_misc":{"Dur\u00e9e de lecture estim\u00e9e":"5 minutes"},"schema":{"@context":"https:\/\/schema.org","@graph":[{"@type":"WebPage","@id":"https:\/\/pranarom.ca\/fr\/produit\/livre-manger-savourer-les-huiles-essentielles\/","url":"https:\/\/pranarom.ca\/fr\/produit\/livre-manger-savourer-les-huiles-essentielles\/","name":"Manger, savourer les huiles essentielles - Pranarom","isPartOf":{"@id":"https:\/\/pranarom.ca\/#website"},"primaryImageOfPage":{"@id":"https:\/\/pranarom.ca\/fr\/produit\/livre-manger-savourer-les-huiles-essentielles\/#primaryimage"},"image":{"@id":"https:\/\/pranarom.ca\/fr\/produit\/livre-manger-savourer-les-huiles-essentielles\/#primaryimage"},"thumbnailUrl":"https:\/\/pranarom.ca\/wp-content\/uploads\/2020\/02\/Manger-savourer-les-huiles-essentielles-Pranarom-Hules-Essentielles.jpg","datePublished":"2020-02-28T15:54:25+00:00","dateModified":"2025-10-20T05:00:19+00:00","breadcrumb":{"@id":"https:\/\/pranarom.ca\/fr\/produit\/livre-manger-savourer-les-huiles-essentielles\/#breadcrumb"},"inLanguage":"fr-FR","potentialAction":[{"@type":"ReadAction","target":["https:\/\/pranarom.ca\/fr\/produit\/livre-manger-savourer-les-huiles-essentielles\/"]}]},{"@type":"ImageObject","inLanguage":"fr-FR","@id":"https:\/\/pranarom.ca\/fr\/produit\/livre-manger-savourer-les-huiles-essentielles\/#primaryimage","url":"https:\/\/pranarom.ca\/wp-content\/uploads\/2020\/02\/Manger-savourer-les-huiles-essentielles-Pranarom-Hules-Essentielles.jpg","contentUrl":"https:\/\/pranarom.ca\/wp-content\/uploads\/2020\/02\/Manger-savourer-les-huiles-essentielles-Pranarom-Hules-Essentielles.jpg","width":600,"height":600,"caption":"Manger, savourer les huiles essentielles - Pranarom Hules Essentielles"},{"@type":"BreadcrumbList","@id":"https:\/\/pranarom.ca\/fr\/produit\/livre-manger-savourer-les-huiles-essentielles\/#breadcrumb","itemListElement":[{"@type":"ListItem","position":1,"name":"Home","item":"https:\/\/pranarom.ca\/fr\/"},{"@type":"ListItem","position":2,"name":"Shop","item":"https:\/\/pranarom.ca\/shop\/"},{"@type":"ListItem","position":3,"name":"Manger, savourer les huiles essentielles"}]},{"@type":"WebSite","@id":"https:\/\/pranarom.ca\/#website","url":"https:\/\/pranarom.ca\/","name":"Pranarom Canada","description":"Scientific Aromatherapyy","publisher":{"@id":"https:\/\/pranarom.ca\/#organization"},"potentialAction":[{"@type":"SearchAction","target":{"@type":"EntryPoint","urlTemplate":"https:\/\/pranarom.ca\/?s={search_term_string}"},"query-input":"required name=search_term_string"}],"inLanguage":"fr-FR"},{"@type":"Organization","@id":"https:\/\/pranarom.ca\/#organization","name":"Pranarom","url":"https:\/\/pranarom.ca\/","logo":{"@type":"ImageObject","inLanguage":"fr-FR","@id":"https:\/\/pranarom.ca\/#\/schema\/logo\/image\/","url":"https:\/\/pranarom.ca\/wp-content\/uploads\/2019\/03\/pranalogo.png","contentUrl":"https:\/\/pranarom.ca\/wp-content\/uploads\/2019\/03\/pranalogo.png","width":330,"height":100,"caption":"Pranarom"},"image":{"@id":"https:\/\/pranarom.ca\/#\/schema\/logo\/image\/"},"sameAs":["https:\/\/www.facebook.com\/PranaromCanada","http:\/\/instagram.com\/pranaromcanada\/","https:\/\/www.instagram.com\/pranaromcanada\/"]}]}},"jetpack_sharing_enabled":true,"_links":{"self":[{"href":"https:\/\/pranarom.ca\/fr\/wp-json\/wp\/v2\/product\/56273"}],"collection":[{"href":"https:\/\/pranarom.ca\/fr\/wp-json\/wp\/v2\/product"}],"about":[{"href":"https:\/\/pranarom.ca\/fr\/wp-json\/wp\/v2\/types\/product"}],"replies":[{"embeddable":true,"href":"https:\/\/pranarom.ca\/fr\/wp-json\/wp\/v2\/comments?post=56273"}],"wp:featuredmedia":[{"embeddable":true,"href":"https:\/\/pranarom.ca\/fr\/wp-json\/wp\/v2\/media\/56282"}],"wp:attachment":[{"href":"https:\/\/pranarom.ca\/fr\/wp-json\/wp\/v2\/media?parent=56273"}],"wp:term":[{"taxonomy":"product_cat","embeddable":true,"href":"https:\/\/pranarom.ca\/fr\/wp-json\/wp\/v2\/product_cat?post=56273"},{"taxonomy":"product_tag","embeddable":true,"href":"https:\/\/pranarom.ca\/fr\/wp-json\/wp\/v2\/product_tag?post=56273"}],"curies":[{"name":"wp","href":"https:\/\/api.w.org\/{rel}","templated":true}]}}