{"id":53293,"date":"2019-11-29T18:01:57","date_gmt":"2019-11-29T18:01:57","guid":{"rendered":"https:\/\/pranarom.ca\/?post_type=product&#038;p=53293"},"modified":"2021-10-06T14:40:50","modified_gmt":"2021-10-06T14:40:50","slug":"encens-frankincense-hydrolat","status":"publish","type":"product","link":"https:\/\/pranarom.ca\/fr\/produit\/encens-frankincense-hydrolat\/","title":{"rendered":"Encens (Frankincense) \u2013 Hydrolat"},"content":{"rendered":"","protected":false},"excerpt":{"rendered":"<p><strong>Propri\u00e9t\u00e9s<\/strong><\/p>\n<p>L\u2019hydrolat d\u2019<strong>encens<\/strong>\u00a0\u00e0 vaporiser sur le visage favorise l\u2019\u00e9quilibre du pH, soulage les imperfections et les irritations. Avec ses propri\u00e9t\u00e9s anti-microbiennes contenues en suspension dans l\u2019eau, il est sans danger pour les peaux sensibles et il est suffisamment doux pour ce type de peau. De plus, l\u2019hydrolat d\u2019<strong>encens<\/strong>\u00a0peut \u00eatre jumel\u00e9 aux huiles v\u00e9g\u00e9tales r\u00e9g\u00e9n\u00e9ratrices pour le visage.<\/p>\n<p>L\u2019<strong>encens<\/strong>\u00a0est l\u2019une des r\u00e9sines les plus pr\u00e9cieuses de l\u2019\u00e9poque biblique et elle est souvent utilis\u00e9e pour pr\u00e9parer le corps et l\u2019esprit \u00e0 la pri\u00e8re et \u00e0 la m\u00e9ditation. \u00c0 vaporiser sur vous et votre espace pour restaurer, nettoyer faciliter l\u2019ancrage.<\/p>\n<p><strong>Peau<\/strong>\u00a0: Normale | Sujette aux imperfections | Sensible<\/p>\n<hr \/>\n<p><strong>Qu\u2019est-ce qu\u2019un hydrolat ?<\/strong><\/p>\n<p>Un v\u00e9ritable hydrolat aromatique contient les propri\u00e9t\u00e9s actives d\u2019essences v\u00e9g\u00e9tales pures, en suspension dans de l\u2019H<sub>2<\/sub>O, par distillation \u00e0 la vapeur d\u2019eau. Les hydrolats procurent une hydratation et une tonification d\u2019origine botanique aux vertus cicatrisantes pour le visage, la peau et les cheveux.<\/p>\n<p>Les\u00a0<strong>hydrolats Pranarom<\/strong>\u00a0sont micro-filtr\u00e9s et filtr\u00e9s aux UV pour une dur\u00e9e de conservation prolong\u00e9e. En raison de leur nature d\u00e9licate, veuillez les conserver dans un endroit frais et sec, les hydrolats ne devraient pas \u00eatre conserv\u00e9s au r\u00e9frig\u00e9rateur. Ils pr\u00e9f\u00e8rent un environnement frais et stable et les fluctuations de temp\u00e9rature les perturbent. Si vous faites r\u00e9frig\u00e9rer les v\u00f4tres ou s\u2019ils sont expos\u00e9s \u00e0 des temp\u00e9ratures extr\u00eames, amenez vos hydrolats \u00e0 la temp\u00e9rature ambiante progressivement et en douceur.<\/p>\n<p>Les hydrolats sont le sous-produit de l\u2019eau r\u00e9colt\u00e9 lors de la distillation des huiles essentielles. Chaque huile essentielle cr\u00e9e un hydrolat. Que les hydrolats soient un compos\u00e9 d\u2019eau additionn\u00e9e d\u2019huiles essentielles est un mythe, ils poss\u00e8dent des propri\u00e9t\u00e9s diff\u00e9rentes de celles de leurs homologues aux huiles essentielles.<\/p>\n<p>Les hydrolats hydratent, tonifient et rafra\u00eechissent la peau naturellement, fr\u00e9quemment utilis\u00e9s en lotion faciale pour tonifier, \u00e9quilibrer le teint et rafra\u00eechir la peau les jours de grande chaleur ou pendant les bouff\u00e9es de chaleur ; sp\u00e9cialement s\u2019ils ont \u00e9t\u00e9 conserv\u00e9s au r\u00e9frig\u00e9rateur ! Vous pouvez \u00e9galement y avoir recours pour soigner votre chevelure. Les hydrolats sont extr\u00eamement doux, donc s\u00e9curitaire pour les femmes enceintes, les enfants et les animaux.<\/p>\n<p>Un hydrolat est une excellente base pour la fabrication de vos propres m\u00e9langes \u00e0 vaporiser pour : chambre, salle de bain, voiture, eau de linge, nettoyant pour tapis de yoga, \u00e9cran solaire, lotion apr\u00e8s-rasage, insectifuge et la liste est encore longue.<\/p>\n<hr \/>\n<p><strong>Ingr\u00e9dient INCI<\/strong><\/p>\n<ul>\n<li><em>Boswellia carterii<\/em>\u00a0gum water* 100%<\/li>\n<li>*Certifi\u00e9 biologique par Ecocert ICO<\/li>\n<li>100% d\u2019hydrolat v\u00e9g\u00e9tal frais et rien d\u2019autre !<\/li>\n<li>120 ml | Biologique<\/li>\n<\/ul>\n<hr \/>\n<p><strong>Mode d\u2019emploi<\/strong><\/p>\n<p>Dans votre routine quotidienne de soins am\/pm, vaporisez g\u00e9n\u00e9reusement sur une peau propre avant d\u2019appliquer votre hydratant. Revitaliser et vaporiser tout au long de la journ\u00e9e. Excellent comme tonique hydratant pour le visage, peut aussi \u00eatre utilis\u00e9 comme produit de soin pour le corps et les cheveux. M\u00e9langez de l\u2019hydrolat avec une huile v\u00e9g\u00e9tale biologique \u00e0 votre choix ou une huile essentielle pour plus de bienfaits. Les hydrolats sont toujours doux et s\u00e9curitaires.<\/p>\n","protected":false},"featured_media":53276,"comment_status":"open","ping_status":"closed","template":"","meta":{"_et_pb_use_builder":"","_et_pb_old_content":"","_et_gb_content_width":""},"product_cat":[614,326,333],"product_tag":[],"acf":[],"yoast_head":"<!-- This site is optimized with the Yoast SEO plugin v22.6 - https:\/\/yoast.com\/wordpress\/plugins\/seo\/ -->\n<title>Encens (Frankincense) \u2013 Hydrolat - Pranarom<\/title>\n<meta name=\"robots\" content=\"index, follow, max-snippet:-1, max-image-preview:large, max-video-preview:-1\" \/>\n<link rel=\"canonical\" href=\"https:\/\/pranarom.ca\/fr\/produit\/encens-frankincense-hydrolat\/\" \/>\n<meta property=\"og:locale\" content=\"fr_FR\" \/>\n<meta property=\"og:type\" content=\"article\" \/>\n<meta property=\"og:title\" content=\"Encens (Frankincense) \u2013 Hydrolat - Pranarom\" \/>\n<meta property=\"og:description\" content=\"Propri\u00e9t\u00e9s  L\u2019hydrolat d\u2019encens\u00a0\u00e0 vaporiser sur le visage favorise l\u2019\u00e9quilibre du pH, soulage les imperfections et les irritations. Avec ses propri\u00e9t\u00e9s anti-microbiennes contenues en suspension dans l\u2019eau, il est sans danger pour les peaux sensibles et il est suffisamment doux pour ce type de peau. De plus, l\u2019hydrolat d\u2019encens\u00a0peut \u00eatre jumel\u00e9 aux huiles v\u00e9g\u00e9tales r\u00e9g\u00e9n\u00e9ratrices pour le visage.  L\u2019encens\u00a0est l\u2019une des r\u00e9sines les plus pr\u00e9cieuses de l\u2019\u00e9poque biblique et elle est souvent utilis\u00e9e pour pr\u00e9parer le corps et l\u2019esprit \u00e0 la pri\u00e8re et \u00e0 la m\u00e9ditation. \u00c0 vaporiser sur vous et votre espace pour restaurer, nettoyer faciliter l\u2019ancrage.  Peau\u00a0: Normale | Sujette aux imperfections | Sensible    Qu\u2019est-ce qu\u2019un hydrolat ?  Un v\u00e9ritable hydrolat aromatique contient les propri\u00e9t\u00e9s actives d\u2019essences v\u00e9g\u00e9tales pures, en suspension dans de l\u2019H2O, par distillation \u00e0 la vapeur d\u2019eau. Les hydrolats procurent une hydratation et une tonification d\u2019origine botanique aux vertus cicatrisantes pour le visage, la peau et les cheveux.  Les\u00a0hydrolats Pranarom\u00a0sont micro-filtr\u00e9s et filtr\u00e9s aux UV pour une dur\u00e9e de conservation prolong\u00e9e. En raison de leur nature d\u00e9licate, veuillez les conserver dans un endroit frais et sec, les hydrolats ne devraient pas \u00eatre conserv\u00e9s au r\u00e9frig\u00e9rateur. Ils pr\u00e9f\u00e8rent un environnement frais et stable et les fluctuations de temp\u00e9rature les perturbent. Si vous faites r\u00e9frig\u00e9rer les v\u00f4tres ou s\u2019ils sont expos\u00e9s \u00e0 des temp\u00e9ratures extr\u00eames, amenez vos hydrolats \u00e0 la temp\u00e9rature ambiante progressivement et en douceur.  Les hydrolats sont le sous-produit de l\u2019eau r\u00e9colt\u00e9 lors de la distillation des huiles essentielles. Chaque huile essentielle cr\u00e9e un hydrolat. Que les hydrolats soient un compos\u00e9 d\u2019eau additionn\u00e9e d\u2019huiles essentielles est un mythe, ils poss\u00e8dent des propri\u00e9t\u00e9s diff\u00e9rentes de celles de leurs homologues aux huiles essentielles.  Les hydrolats hydratent, tonifient et rafra\u00eechissent la peau naturellement, fr\u00e9quemment utilis\u00e9s en lotion faciale pour tonifier, \u00e9quilibrer le teint et rafra\u00eechir la peau les jours de grande chaleur ou pendant les bouff\u00e9es de chaleur ; sp\u00e9cialement s\u2019ils ont \u00e9t\u00e9 conserv\u00e9s au r\u00e9frig\u00e9rateur ! Vous pouvez \u00e9galement y avoir recours pour soigner votre chevelure. Les hydrolats sont extr\u00eamement doux, donc s\u00e9curitaire pour les femmes enceintes, les enfants et les animaux.  Un hydrolat est une excellente base pour la fabrication de vos propres m\u00e9langes \u00e0 vaporiser pour : chambre, salle de bain, voiture, eau de linge, nettoyant pour tapis de yoga, \u00e9cran solaire, lotion apr\u00e8s-rasage, insectifuge et la liste est encore longue.    Ingr\u00e9dient INCI   Boswellia carterii\u00a0gum water* 100%  *Certifi\u00e9 biologique par Ecocert ICO  100% d\u2019hydrolat v\u00e9g\u00e9tal frais et rien d\u2019autre !  120 ml | Biologique     Mode d\u2019emploi  Dans votre routine quotidienne de soins am\/pm, vaporisez g\u00e9n\u00e9reusement sur une peau propre avant d\u2019appliquer votre hydratant. Revitaliser et vaporiser tout au long de la journ\u00e9e. Excellent comme tonique hydratant pour le visage, peut aussi \u00eatre utilis\u00e9 comme produit de soin pour le corps et les cheveux. M\u00e9langez de l\u2019hydrolat avec une huile v\u00e9g\u00e9tale biologique \u00e0 votre choix ou une huile essentielle pour plus de bienfaits. Les hydrolats sont toujours doux et s\u00e9curitaires.\" \/>\n<meta property=\"og:url\" content=\"https:\/\/pranarom.ca\/fr\/produit\/encens-frankincense-hydrolat\/\" \/>\n<meta property=\"og:site_name\" content=\"Pranarom\" \/>\n<meta property=\"article:publisher\" content=\"https:\/\/www.facebook.com\/PranaromCanada\" \/>\n<meta property=\"article:modified_time\" content=\"2021-10-06T14:40:50+00:00\" \/>\n<meta property=\"og:image\" content=\"https:\/\/pranarom.ca\/wp-content\/uploads\/2019\/11\/Pranarom-Frankincense-Hydrosol.png\" \/>\n\t<meta property=\"og:image:width\" content=\"940\" \/>\n\t<meta property=\"og:image:height\" content=\"788\" \/>\n\t<meta property=\"og:image:type\" content=\"image\/png\" \/>\n<meta name=\"twitter:card\" content=\"summary_large_image\" \/>\n<script type=\"application\/ld+json\" class=\"yoast-schema-graph\">{\"@context\":\"https:\/\/schema.org\",\"@graph\":[{\"@type\":\"WebPage\",\"@id\":\"https:\/\/pranarom.ca\/fr\/produit\/encens-frankincense-hydrolat\/\",\"url\":\"https:\/\/pranarom.ca\/fr\/produit\/encens-frankincense-hydrolat\/\",\"name\":\"Encens (Frankincense) \u2013 Hydrolat - Pranarom\",\"isPartOf\":{\"@id\":\"https:\/\/pranarom.ca\/#website\"},\"primaryImageOfPage\":{\"@id\":\"https:\/\/pranarom.ca\/fr\/produit\/encens-frankincense-hydrolat\/#primaryimage\"},\"image\":{\"@id\":\"https:\/\/pranarom.ca\/fr\/produit\/encens-frankincense-hydrolat\/#primaryimage\"},\"thumbnailUrl\":\"https:\/\/pranarom.ca\/wp-content\/uploads\/2019\/11\/Pranarom-Frankincense-Hydrosol.png\",\"datePublished\":\"2019-11-29T18:01:57+00:00\",\"dateModified\":\"2021-10-06T14:40:50+00:00\",\"breadcrumb\":{\"@id\":\"https:\/\/pranarom.ca\/fr\/produit\/encens-frankincense-hydrolat\/#breadcrumb\"},\"inLanguage\":\"fr-FR\",\"potentialAction\":[{\"@type\":\"ReadAction\",\"target\":[\"https:\/\/pranarom.ca\/fr\/produit\/encens-frankincense-hydrolat\/\"]}]},{\"@type\":\"ImageObject\",\"inLanguage\":\"fr-FR\",\"@id\":\"https:\/\/pranarom.ca\/fr\/produit\/encens-frankincense-hydrolat\/#primaryimage\",\"url\":\"https:\/\/pranarom.ca\/wp-content\/uploads\/2019\/11\/Pranarom-Frankincense-Hydrosol.png\",\"contentUrl\":\"https:\/\/pranarom.ca\/wp-content\/uploads\/2019\/11\/Pranarom-Frankincense-Hydrosol.png\",\"width\":940,\"height\":788},{\"@type\":\"BreadcrumbList\",\"@id\":\"https:\/\/pranarom.ca\/fr\/produit\/encens-frankincense-hydrolat\/#breadcrumb\",\"itemListElement\":[{\"@type\":\"ListItem\",\"position\":1,\"name\":\"Home\",\"item\":\"https:\/\/pranarom.ca\/fr\/\"},{\"@type\":\"ListItem\",\"position\":2,\"name\":\"Shop\",\"item\":\"https:\/\/pranarom.ca\/shop\/\"},{\"@type\":\"ListItem\",\"position\":3,\"name\":\"Encens (Frankincense) \u2013 Hydrolat\"}]},{\"@type\":\"WebSite\",\"@id\":\"https:\/\/pranarom.ca\/#website\",\"url\":\"https:\/\/pranarom.ca\/\",\"name\":\"Pranarom Canada\",\"description\":\"Scientific Aromatherapyy\",\"publisher\":{\"@id\":\"https:\/\/pranarom.ca\/#organization\"},\"potentialAction\":[{\"@type\":\"SearchAction\",\"target\":{\"@type\":\"EntryPoint\",\"urlTemplate\":\"https:\/\/pranarom.ca\/?s={search_term_string}\"},\"query-input\":\"required name=search_term_string\"}],\"inLanguage\":\"fr-FR\"},{\"@type\":\"Organization\",\"@id\":\"https:\/\/pranarom.ca\/#organization\",\"name\":\"Pranarom\",\"url\":\"https:\/\/pranarom.ca\/\",\"logo\":{\"@type\":\"ImageObject\",\"inLanguage\":\"fr-FR\",\"@id\":\"https:\/\/pranarom.ca\/#\/schema\/logo\/image\/\",\"url\":\"https:\/\/pranarom.ca\/wp-content\/uploads\/2019\/03\/pranalogo.png\",\"contentUrl\":\"https:\/\/pranarom.ca\/wp-content\/uploads\/2019\/03\/pranalogo.png\",\"width\":330,\"height\":100,\"caption\":\"Pranarom\"},\"image\":{\"@id\":\"https:\/\/pranarom.ca\/#\/schema\/logo\/image\/\"},\"sameAs\":[\"https:\/\/www.facebook.com\/PranaromCanada\",\"http:\/\/instagram.com\/pranaromcanada\/\",\"https:\/\/www.instagram.com\/pranaromcanada\/\"]}]}<\/script>\n<!-- \/ Yoast SEO plugin. -->","yoast_head_json":{"title":"Encens (Frankincense) \u2013 Hydrolat - Pranarom","robots":{"index":"index","follow":"follow","max-snippet":"max-snippet:-1","max-image-preview":"max-image-preview:large","max-video-preview":"max-video-preview:-1"},"canonical":"https:\/\/pranarom.ca\/fr\/produit\/encens-frankincense-hydrolat\/","og_locale":"fr_FR","og_type":"article","og_title":"Encens (Frankincense) \u2013 Hydrolat - Pranarom","og_description":"Propri\u00e9t\u00e9s  L\u2019hydrolat d\u2019encens\u00a0\u00e0 vaporiser sur le visage favorise l\u2019\u00e9quilibre du pH, soulage les imperfections et les irritations. Avec ses propri\u00e9t\u00e9s anti-microbiennes contenues en suspension dans l\u2019eau, il est sans danger pour les peaux sensibles et il est suffisamment doux pour ce type de peau. De plus, l\u2019hydrolat d\u2019encens\u00a0peut \u00eatre jumel\u00e9 aux huiles v\u00e9g\u00e9tales r\u00e9g\u00e9n\u00e9ratrices pour le visage.  L\u2019encens\u00a0est l\u2019une des r\u00e9sines les plus pr\u00e9cieuses de l\u2019\u00e9poque biblique et elle est souvent utilis\u00e9e pour pr\u00e9parer le corps et l\u2019esprit \u00e0 la pri\u00e8re et \u00e0 la m\u00e9ditation. \u00c0 vaporiser sur vous et votre espace pour restaurer, nettoyer faciliter l\u2019ancrage.  Peau\u00a0: Normale | Sujette aux imperfections | Sensible    Qu\u2019est-ce qu\u2019un hydrolat ?  Un v\u00e9ritable hydrolat aromatique contient les propri\u00e9t\u00e9s actives d\u2019essences v\u00e9g\u00e9tales pures, en suspension dans de l\u2019H2O, par distillation \u00e0 la vapeur d\u2019eau. Les hydrolats procurent une hydratation et une tonification d\u2019origine botanique aux vertus cicatrisantes pour le visage, la peau et les cheveux.  Les\u00a0hydrolats Pranarom\u00a0sont micro-filtr\u00e9s et filtr\u00e9s aux UV pour une dur\u00e9e de conservation prolong\u00e9e. En raison de leur nature d\u00e9licate, veuillez les conserver dans un endroit frais et sec, les hydrolats ne devraient pas \u00eatre conserv\u00e9s au r\u00e9frig\u00e9rateur. Ils pr\u00e9f\u00e8rent un environnement frais et stable et les fluctuations de temp\u00e9rature les perturbent. Si vous faites r\u00e9frig\u00e9rer les v\u00f4tres ou s\u2019ils sont expos\u00e9s \u00e0 des temp\u00e9ratures extr\u00eames, amenez vos hydrolats \u00e0 la temp\u00e9rature ambiante progressivement et en douceur.  Les hydrolats sont le sous-produit de l\u2019eau r\u00e9colt\u00e9 lors de la distillation des huiles essentielles. Chaque huile essentielle cr\u00e9e un hydrolat. Que les hydrolats soient un compos\u00e9 d\u2019eau additionn\u00e9e d\u2019huiles essentielles est un mythe, ils poss\u00e8dent des propri\u00e9t\u00e9s diff\u00e9rentes de celles de leurs homologues aux huiles essentielles.  Les hydrolats hydratent, tonifient et rafra\u00eechissent la peau naturellement, fr\u00e9quemment utilis\u00e9s en lotion faciale pour tonifier, \u00e9quilibrer le teint et rafra\u00eechir la peau les jours de grande chaleur ou pendant les bouff\u00e9es de chaleur ; sp\u00e9cialement s\u2019ils ont \u00e9t\u00e9 conserv\u00e9s au r\u00e9frig\u00e9rateur ! Vous pouvez \u00e9galement y avoir recours pour soigner votre chevelure. Les hydrolats sont extr\u00eamement doux, donc s\u00e9curitaire pour les femmes enceintes, les enfants et les animaux.  Un hydrolat est une excellente base pour la fabrication de vos propres m\u00e9langes \u00e0 vaporiser pour : chambre, salle de bain, voiture, eau de linge, nettoyant pour tapis de yoga, \u00e9cran solaire, lotion apr\u00e8s-rasage, insectifuge et la liste est encore longue.    Ingr\u00e9dient INCI   Boswellia carterii\u00a0gum water* 100%  *Certifi\u00e9 biologique par Ecocert ICO  100% d\u2019hydrolat v\u00e9g\u00e9tal frais et rien d\u2019autre !  120 ml | Biologique     Mode d\u2019emploi  Dans votre routine quotidienne de soins am\/pm, vaporisez g\u00e9n\u00e9reusement sur une peau propre avant d\u2019appliquer votre hydratant. Revitaliser et vaporiser tout au long de la journ\u00e9e. Excellent comme tonique hydratant pour le visage, peut aussi \u00eatre utilis\u00e9 comme produit de soin pour le corps et les cheveux. M\u00e9langez de l\u2019hydrolat avec une huile v\u00e9g\u00e9tale biologique \u00e0 votre choix ou une huile essentielle pour plus de bienfaits. Les hydrolats sont toujours doux et s\u00e9curitaires.","og_url":"https:\/\/pranarom.ca\/fr\/produit\/encens-frankincense-hydrolat\/","og_site_name":"Pranarom","article_publisher":"https:\/\/www.facebook.com\/PranaromCanada","article_modified_time":"2021-10-06T14:40:50+00:00","og_image":[{"width":940,"height":788,"url":"https:\/\/pranarom.ca\/wp-content\/uploads\/2019\/11\/Pranarom-Frankincense-Hydrosol.png","type":"image\/png"}],"twitter_card":"summary_large_image","schema":{"@context":"https:\/\/schema.org","@graph":[{"@type":"WebPage","@id":"https:\/\/pranarom.ca\/fr\/produit\/encens-frankincense-hydrolat\/","url":"https:\/\/pranarom.ca\/fr\/produit\/encens-frankincense-hydrolat\/","name":"Encens (Frankincense) \u2013 Hydrolat - Pranarom","isPartOf":{"@id":"https:\/\/pranarom.ca\/#website"},"primaryImageOfPage":{"@id":"https:\/\/pranarom.ca\/fr\/produit\/encens-frankincense-hydrolat\/#primaryimage"},"image":{"@id":"https:\/\/pranarom.ca\/fr\/produit\/encens-frankincense-hydrolat\/#primaryimage"},"thumbnailUrl":"https:\/\/pranarom.ca\/wp-content\/uploads\/2019\/11\/Pranarom-Frankincense-Hydrosol.png","datePublished":"2019-11-29T18:01:57+00:00","dateModified":"2021-10-06T14:40:50+00:00","breadcrumb":{"@id":"https:\/\/pranarom.ca\/fr\/produit\/encens-frankincense-hydrolat\/#breadcrumb"},"inLanguage":"fr-FR","potentialAction":[{"@type":"ReadAction","target":["https:\/\/pranarom.ca\/fr\/produit\/encens-frankincense-hydrolat\/"]}]},{"@type":"ImageObject","inLanguage":"fr-FR","@id":"https:\/\/pranarom.ca\/fr\/produit\/encens-frankincense-hydrolat\/#primaryimage","url":"https:\/\/pranarom.ca\/wp-content\/uploads\/2019\/11\/Pranarom-Frankincense-Hydrosol.png","contentUrl":"https:\/\/pranarom.ca\/wp-content\/uploads\/2019\/11\/Pranarom-Frankincense-Hydrosol.png","width":940,"height":788},{"@type":"BreadcrumbList","@id":"https:\/\/pranarom.ca\/fr\/produit\/encens-frankincense-hydrolat\/#breadcrumb","itemListElement":[{"@type":"ListItem","position":1,"name":"Home","item":"https:\/\/pranarom.ca\/fr\/"},{"@type":"ListItem","position":2,"name":"Shop","item":"https:\/\/pranarom.ca\/shop\/"},{"@type":"ListItem","position":3,"name":"Encens (Frankincense) \u2013 Hydrolat"}]},{"@type":"WebSite","@id":"https:\/\/pranarom.ca\/#website","url":"https:\/\/pranarom.ca\/","name":"Pranarom Canada","description":"Scientific Aromatherapyy","publisher":{"@id":"https:\/\/pranarom.ca\/#organization"},"potentialAction":[{"@type":"SearchAction","target":{"@type":"EntryPoint","urlTemplate":"https:\/\/pranarom.ca\/?s={search_term_string}"},"query-input":"required name=search_term_string"}],"inLanguage":"fr-FR"},{"@type":"Organization","@id":"https:\/\/pranarom.ca\/#organization","name":"Pranarom","url":"https:\/\/pranarom.ca\/","logo":{"@type":"ImageObject","inLanguage":"fr-FR","@id":"https:\/\/pranarom.ca\/#\/schema\/logo\/image\/","url":"https:\/\/pranarom.ca\/wp-content\/uploads\/2019\/03\/pranalogo.png","contentUrl":"https:\/\/pranarom.ca\/wp-content\/uploads\/2019\/03\/pranalogo.png","width":330,"height":100,"caption":"Pranarom"},"image":{"@id":"https:\/\/pranarom.ca\/#\/schema\/logo\/image\/"},"sameAs":["https:\/\/www.facebook.com\/PranaromCanada","http:\/\/instagram.com\/pranaromcanada\/","https:\/\/www.instagram.com\/pranaromcanada\/"]}]}},"jetpack_sharing_enabled":true,"_links":{"self":[{"href":"https:\/\/pranarom.ca\/fr\/wp-json\/wp\/v2\/product\/53293"}],"collection":[{"href":"https:\/\/pranarom.ca\/fr\/wp-json\/wp\/v2\/product"}],"about":[{"href":"https:\/\/pranarom.ca\/fr\/wp-json\/wp\/v2\/types\/product"}],"replies":[{"embeddable":true,"href":"https:\/\/pranarom.ca\/fr\/wp-json\/wp\/v2\/comments?post=53293"}],"wp:featuredmedia":[{"embeddable":true,"href":"https:\/\/pranarom.ca\/fr\/wp-json\/wp\/v2\/media\/53276"}],"wp:attachment":[{"href":"https:\/\/pranarom.ca\/fr\/wp-json\/wp\/v2\/media?parent=53293"}],"wp:term":[{"taxonomy":"product_cat","embeddable":true,"href":"https:\/\/pranarom.ca\/fr\/wp-json\/wp\/v2\/product_cat?post=53293"},{"taxonomy":"product_tag","embeddable":true,"href":"https:\/\/pranarom.ca\/fr\/wp-json\/wp\/v2\/product_tag?post=53293"}],"curies":[{"name":"wp","href":"https:\/\/api.w.org\/{rel}","templated":true}]}}