{"id":51726,"date":"2019-10-23T14:51:57","date_gmt":"2019-10-23T14:51:57","guid":{"rendered":"https:\/\/pranarom.ca\/product\/hemp\/"},"modified":"2022-10-20T19:10:05","modified_gmt":"2022-10-20T19:10:05","slug":"hemp","status":"publish","type":"product","link":"https:\/\/pranarom.ca\/fr\/produit\/hemp\/","title":{"rendered":"Chanvre"},"content":{"rendered":"<p>Huile assouplissante, nourrisante et r\u00e9g\u00e9n\u00e9rante.<\/p>\n<p>Riche en acides gras essentiels Om\u00e9ga 6 qui interviennent dans le processus d\u2019hydration de la peau, c\u2019est l\u2019huile \u201cdouceur\u201d par excellence.<\/p>\n<p>Naturellement nourrissante, elle convient parfaitement pour les peaux matures et \u00e0 tendance s\u00e8che : elle pr\u00e9serve de la d\u00e9shydratation et laisse la peau satin\u00e9e et souple.<\/p>\n<p>Son pouvoir tr\u00e8s p\u00e9n\u00e9trant en fait \u00e9galement une huile de choix pour les massages (huile s\u00e8che).<\/p>\n<p>Les graines rigoureusement s\u00e9lectionn\u00e9es ne contiennent pas d\u2019actif psychotrope.<\/p>\n<hr \/>\n<h2>Ingr\u00e9dients :<\/h2>\n<p><em>Cannabis sativa*<\/em>\u00a0seed oil, tocopherol.<\/p>\n<p>*Ingr\u00e9dient issu de l\u2019agriculture biologique (Contr\u00f4le Certisys BE-BIO-01)<\/p>\n<p>Huile v\u00e9g\u00e9tale de premi\u00e8re pression \u00e0 froid. Origine : Allemagne<\/p>\n<hr \/>\n<h2>Caract\u00e9ristiques :<\/h2>\n<p><strong>Couleur :<\/strong>\u00a0verte<\/p>\n<p><strong>Odeur :<\/strong>\u00a0sp\u00e9cifique<\/p>\n<hr \/>\n<h2>Mode d\u2019emploi :<\/h2>\n<p>Mettre 5-8 gouttes dans la main et masser doucement l\u2019huile sur le visage et le cou (15 minutes avant l\u2019application de votre maquillage). Les parties plus vastes du corps peuvent n\u00e9cessiter plus d\u2019huile.<\/p>\n<hr \/>\n<h2>Mises en garde :<\/h2>\n<ul>\n<li>Garder \u00e9loign\u00e9 de la chaleur et a l\u2019abri de la lumi\u00e8re.<\/li>\n<\/ul>\n","protected":false},"excerpt":{"rendered":"<p><strong>Huile v\u00e9g\u00e9tale 100% naturelle \u2013 biologique<\/strong><\/p>\n<p>Convient \u00e0 tous les types de peaux, y compris les peaux matures et s\u00e8ches<\/p>\n","protected":false},"featured_media":51704,"comment_status":"open","ping_status":"closed","template":"","meta":{"_et_pb_use_builder":"","_et_pb_old_content":"","_et_gb_content_width":""},"product_cat":[326,339],"product_tag":[],"acf":[],"yoast_head":"<!-- This site is optimized with the Yoast SEO plugin v22.6 - https:\/\/yoast.com\/wordpress\/plugins\/seo\/ -->\n<title>Chanvre - Pranarom<\/title>\n<meta name=\"robots\" content=\"index, follow, max-snippet:-1, max-image-preview:large, max-video-preview:-1\" \/>\n<link rel=\"canonical\" href=\"https:\/\/pranarom.ca\/fr\/produit\/hemp\/\" \/>\n<meta property=\"og:locale\" content=\"fr_FR\" \/>\n<meta property=\"og:type\" content=\"article\" \/>\n<meta property=\"og:title\" content=\"Chanvre - Pranarom\" \/>\n<meta property=\"og:description\" content=\"Huile v\u00e9g\u00e9tale 100% naturelle \u2013 biologique  Convient \u00e0 tous les types de peaux, y compris les peaux matures et s\u00e8ches\" \/>\n<meta property=\"og:url\" content=\"https:\/\/pranarom.ca\/fr\/produit\/hemp\/\" \/>\n<meta property=\"og:site_name\" content=\"Pranarom\" \/>\n<meta property=\"article:publisher\" content=\"https:\/\/www.facebook.com\/PranaromCanada\" \/>\n<meta property=\"article:modified_time\" content=\"2022-10-20T19:10:05+00:00\" \/>\n<meta property=\"og:image\" content=\"https:\/\/pranarom.ca\/wp-content\/uploads\/2019\/10\/72899495_1327777920735685_3313268936140652544_n.jpg\" \/>\n\t<meta property=\"og:image:width\" content=\"940\" \/>\n\t<meta property=\"og:image:height\" content=\"788\" \/>\n\t<meta property=\"og:image:type\" content=\"image\/jpeg\" \/>\n<meta name=\"twitter:card\" content=\"summary_large_image\" \/>\n<meta name=\"twitter:label1\" content=\"Dur\u00e9e de lecture estim\u00e9e\" \/>\n\t<meta name=\"twitter:data1\" content=\"1 minute\" \/>\n<script type=\"application\/ld+json\" class=\"yoast-schema-graph\">{\"@context\":\"https:\/\/schema.org\",\"@graph\":[{\"@type\":\"WebPage\",\"@id\":\"https:\/\/pranarom.ca\/fr\/produit\/hemp\/\",\"url\":\"https:\/\/pranarom.ca\/fr\/produit\/hemp\/\",\"name\":\"Chanvre - Pranarom\",\"isPartOf\":{\"@id\":\"https:\/\/pranarom.ca\/#website\"},\"primaryImageOfPage\":{\"@id\":\"https:\/\/pranarom.ca\/fr\/produit\/hemp\/#primaryimage\"},\"image\":{\"@id\":\"https:\/\/pranarom.ca\/fr\/produit\/hemp\/#primaryimage\"},\"thumbnailUrl\":\"https:\/\/pranarom.ca\/wp-content\/uploads\/2019\/10\/72899495_1327777920735685_3313268936140652544_n.jpg\",\"datePublished\":\"2019-10-23T14:51:57+00:00\",\"dateModified\":\"2022-10-20T19:10:05+00:00\",\"breadcrumb\":{\"@id\":\"https:\/\/pranarom.ca\/fr\/produit\/hemp\/#breadcrumb\"},\"inLanguage\":\"fr-FR\",\"potentialAction\":[{\"@type\":\"ReadAction\",\"target\":[\"https:\/\/pranarom.ca\/fr\/produit\/hemp\/\"]}]},{\"@type\":\"ImageObject\",\"inLanguage\":\"fr-FR\",\"@id\":\"https:\/\/pranarom.ca\/fr\/produit\/hemp\/#primaryimage\",\"url\":\"https:\/\/pranarom.ca\/wp-content\/uploads\/2019\/10\/72899495_1327777920735685_3313268936140652544_n.jpg\",\"contentUrl\":\"https:\/\/pranarom.ca\/wp-content\/uploads\/2019\/10\/72899495_1327777920735685_3313268936140652544_n.jpg\",\"width\":940,\"height\":788},{\"@type\":\"BreadcrumbList\",\"@id\":\"https:\/\/pranarom.ca\/fr\/produit\/hemp\/#breadcrumb\",\"itemListElement\":[{\"@type\":\"ListItem\",\"position\":1,\"name\":\"Home\",\"item\":\"https:\/\/pranarom.ca\/fr\/\"},{\"@type\":\"ListItem\",\"position\":2,\"name\":\"Shop\",\"item\":\"https:\/\/pranarom.ca\/shop\/\"},{\"@type\":\"ListItem\",\"position\":3,\"name\":\"Chanvre\"}]},{\"@type\":\"WebSite\",\"@id\":\"https:\/\/pranarom.ca\/#website\",\"url\":\"https:\/\/pranarom.ca\/\",\"name\":\"Pranarom Canada\",\"description\":\"Scientific Aromatherapyy\",\"publisher\":{\"@id\":\"https:\/\/pranarom.ca\/#organization\"},\"potentialAction\":[{\"@type\":\"SearchAction\",\"target\":{\"@type\":\"EntryPoint\",\"urlTemplate\":\"https:\/\/pranarom.ca\/?s={search_term_string}\"},\"query-input\":\"required name=search_term_string\"}],\"inLanguage\":\"fr-FR\"},{\"@type\":\"Organization\",\"@id\":\"https:\/\/pranarom.ca\/#organization\",\"name\":\"Pranarom\",\"url\":\"https:\/\/pranarom.ca\/\",\"logo\":{\"@type\":\"ImageObject\",\"inLanguage\":\"fr-FR\",\"@id\":\"https:\/\/pranarom.ca\/#\/schema\/logo\/image\/\",\"url\":\"https:\/\/pranarom.ca\/wp-content\/uploads\/2019\/03\/pranalogo.png\",\"contentUrl\":\"https:\/\/pranarom.ca\/wp-content\/uploads\/2019\/03\/pranalogo.png\",\"width\":330,\"height\":100,\"caption\":\"Pranarom\"},\"image\":{\"@id\":\"https:\/\/pranarom.ca\/#\/schema\/logo\/image\/\"},\"sameAs\":[\"https:\/\/www.facebook.com\/PranaromCanada\",\"http:\/\/instagram.com\/pranaromcanada\/\",\"https:\/\/www.instagram.com\/pranaromcanada\/\"]}]}<\/script>\n<!-- \/ Yoast SEO plugin. -->","yoast_head_json":{"title":"Chanvre - Pranarom","robots":{"index":"index","follow":"follow","max-snippet":"max-snippet:-1","max-image-preview":"max-image-preview:large","max-video-preview":"max-video-preview:-1"},"canonical":"https:\/\/pranarom.ca\/fr\/produit\/hemp\/","og_locale":"fr_FR","og_type":"article","og_title":"Chanvre - Pranarom","og_description":"Huile v\u00e9g\u00e9tale 100% naturelle \u2013 biologique  Convient \u00e0 tous les types de peaux, y compris les peaux matures et s\u00e8ches","og_url":"https:\/\/pranarom.ca\/fr\/produit\/hemp\/","og_site_name":"Pranarom","article_publisher":"https:\/\/www.facebook.com\/PranaromCanada","article_modified_time":"2022-10-20T19:10:05+00:00","og_image":[{"width":940,"height":788,"url":"https:\/\/pranarom.ca\/wp-content\/uploads\/2019\/10\/72899495_1327777920735685_3313268936140652544_n.jpg","type":"image\/jpeg"}],"twitter_card":"summary_large_image","twitter_misc":{"Dur\u00e9e de lecture estim\u00e9e":"1 minute"},"schema":{"@context":"https:\/\/schema.org","@graph":[{"@type":"WebPage","@id":"https:\/\/pranarom.ca\/fr\/produit\/hemp\/","url":"https:\/\/pranarom.ca\/fr\/produit\/hemp\/","name":"Chanvre - Pranarom","isPartOf":{"@id":"https:\/\/pranarom.ca\/#website"},"primaryImageOfPage":{"@id":"https:\/\/pranarom.ca\/fr\/produit\/hemp\/#primaryimage"},"image":{"@id":"https:\/\/pranarom.ca\/fr\/produit\/hemp\/#primaryimage"},"thumbnailUrl":"https:\/\/pranarom.ca\/wp-content\/uploads\/2019\/10\/72899495_1327777920735685_3313268936140652544_n.jpg","datePublished":"2019-10-23T14:51:57+00:00","dateModified":"2022-10-20T19:10:05+00:00","breadcrumb":{"@id":"https:\/\/pranarom.ca\/fr\/produit\/hemp\/#breadcrumb"},"inLanguage":"fr-FR","potentialAction":[{"@type":"ReadAction","target":["https:\/\/pranarom.ca\/fr\/produit\/hemp\/"]}]},{"@type":"ImageObject","inLanguage":"fr-FR","@id":"https:\/\/pranarom.ca\/fr\/produit\/hemp\/#primaryimage","url":"https:\/\/pranarom.ca\/wp-content\/uploads\/2019\/10\/72899495_1327777920735685_3313268936140652544_n.jpg","contentUrl":"https:\/\/pranarom.ca\/wp-content\/uploads\/2019\/10\/72899495_1327777920735685_3313268936140652544_n.jpg","width":940,"height":788},{"@type":"BreadcrumbList","@id":"https:\/\/pranarom.ca\/fr\/produit\/hemp\/#breadcrumb","itemListElement":[{"@type":"ListItem","position":1,"name":"Home","item":"https:\/\/pranarom.ca\/fr\/"},{"@type":"ListItem","position":2,"name":"Shop","item":"https:\/\/pranarom.ca\/shop\/"},{"@type":"ListItem","position":3,"name":"Chanvre"}]},{"@type":"WebSite","@id":"https:\/\/pranarom.ca\/#website","url":"https:\/\/pranarom.ca\/","name":"Pranarom Canada","description":"Scientific Aromatherapyy","publisher":{"@id":"https:\/\/pranarom.ca\/#organization"},"potentialAction":[{"@type":"SearchAction","target":{"@type":"EntryPoint","urlTemplate":"https:\/\/pranarom.ca\/?s={search_term_string}"},"query-input":"required name=search_term_string"}],"inLanguage":"fr-FR"},{"@type":"Organization","@id":"https:\/\/pranarom.ca\/#organization","name":"Pranarom","url":"https:\/\/pranarom.ca\/","logo":{"@type":"ImageObject","inLanguage":"fr-FR","@id":"https:\/\/pranarom.ca\/#\/schema\/logo\/image\/","url":"https:\/\/pranarom.ca\/wp-content\/uploads\/2019\/03\/pranalogo.png","contentUrl":"https:\/\/pranarom.ca\/wp-content\/uploads\/2019\/03\/pranalogo.png","width":330,"height":100,"caption":"Pranarom"},"image":{"@id":"https:\/\/pranarom.ca\/#\/schema\/logo\/image\/"},"sameAs":["https:\/\/www.facebook.com\/PranaromCanada","http:\/\/instagram.com\/pranaromcanada\/","https:\/\/www.instagram.com\/pranaromcanada\/"]}]}},"jetpack_sharing_enabled":true,"_links":{"self":[{"href":"https:\/\/pranarom.ca\/fr\/wp-json\/wp\/v2\/product\/51726"}],"collection":[{"href":"https:\/\/pranarom.ca\/fr\/wp-json\/wp\/v2\/product"}],"about":[{"href":"https:\/\/pranarom.ca\/fr\/wp-json\/wp\/v2\/types\/product"}],"replies":[{"embeddable":true,"href":"https:\/\/pranarom.ca\/fr\/wp-json\/wp\/v2\/comments?post=51726"}],"wp:featuredmedia":[{"embeddable":true,"href":"https:\/\/pranarom.ca\/fr\/wp-json\/wp\/v2\/media\/51704"}],"wp:attachment":[{"href":"https:\/\/pranarom.ca\/fr\/wp-json\/wp\/v2\/media?parent=51726"}],"wp:term":[{"taxonomy":"product_cat","embeddable":true,"href":"https:\/\/pranarom.ca\/fr\/wp-json\/wp\/v2\/product_cat?post=51726"},{"taxonomy":"product_tag","embeddable":true,"href":"https:\/\/pranarom.ca\/fr\/wp-json\/wp\/v2\/product_tag?post=51726"}],"curies":[{"name":"wp","href":"https:\/\/api.w.org\/{rel}","templated":true}]}}