{"id":46340,"date":"2019-07-05T17:26:57","date_gmt":"2019-07-05T17:26:57","guid":{"rendered":"https:\/\/pranarom.ca\/product\/ricin\/"},"modified":"2026-01-20T20:32:36","modified_gmt":"2026-01-20T20:32:36","slug":"ricin","status":"publish","type":"product","link":"https:\/\/pranarom.ca\/fr\/produit\/ricin\/","title":{"rendered":"Ricin"},"content":{"rendered":"<p>L&#8217;huile en provenance d&#8217;Inde est obtenue par pression \u00e0 froid des graines de la plante. Son nom anglais &#8220;Castor Oil&#8221; a souvent cr\u00e9\u00e9 la confusion : cette huile ne provient nullement de s\u00e9cr\u00e9tions de glandes du castor! Elle a en fait remplac\u00e9 cet ingr\u00e9dient utilis\u00e9 \u00e0 une \u00e9poque en parfumerie d&#8217;o\u00f9 son nom de Castor oil.<\/p>\n<p>Dans les civilisations anciennes \u00e9gyptiennes, elle est reconnue comme \u00e9mollient et apasainte pour la peau. On rapporte que Cl\u00e9op\u00e2tre, d&#8217;une beaut\u00e9 l\u00e9gendaire, utilisait une goutte d&#8217;huile de ricin pour faire briller le blanc de ses yeux et s&#8217;en servait comme d\u00e9maquillant! De texture naturellement \u00e9paisse, l&#8217;huile de Ricin prot\u00e8ge et nourrit les cheveux secs et ab\u00eem\u00e9s; elle fortifie les ongles cassants et fragiles.<\/p>\n<hr \/>\n<h2>Type de peau :<\/h2>\n<p>Pour la beaut\u00e9 des cheveux et des ongles.<\/p>\n<hr \/>\n<h2>Caract\u00e9ristiques :<\/h2>\n<p><strong>Couleur :<\/strong> claire<\/p>\n<p><strong>Odeur :<\/strong> presque inodore<\/p>\n<hr \/>\n<h2>Ingr\u00e9dients :<\/h2>\n<p><em>Ricinus communis<\/em> (castor) seed oil, Tocopherol.<\/p>\n<hr \/>\n<h2>Mode d\u2019emploi :<\/h2>\n<p><strong>Pour les cheveux :<\/strong> 2-3 fois par semaine, appliquer l&#8217;huile sur l&#8217;ensemble des cheveux secs en massant; couvrir la chevelure avec une serviette chaude et laisser poser pendant 1\/2 heure \u00e0 1 heure; laver ensuite les cheveux avec un shampoing.<\/p>\n<p><strong>Pour les ongles :<\/strong> chaque soir au coucher, appliquer une gotte sur chaque ongle; masser ensuite l&#8217;ongle en insistant sur les cuticules.<\/p>\n<hr \/>\n<h2>Mises en garde :<\/h2>\n<ul>\n<li>Garder \u00e9loign\u00e9 de la chaleur et a l\u2019abri de la lumi\u00e8re.<\/li>\n<li>Garder hors de la port\u00e9e des enfants.<\/li>\n<\/ul>\n","protected":false},"excerpt":{"rendered":"<p><strong>Huile v\u00e9g\u00e9tale 100% naturelle \u2013 biologique<\/strong><\/p>\n<p>Pour la beaut\u00e9 des cheveux et des ongles.<\/p>\n<p>Fortifie et revitalise le cuir chevelu et donne volume et \u00e9clat \u00e0 vos cheveux.<br \/>\nAide \u00e0 r\u00e9parer les ongles ab\u00eem\u00e9s et cassants.<\/p>\n","protected":false},"featured_media":46325,"comment_status":"open","ping_status":"closed","template":"","meta":{"_et_pb_use_builder":"","_et_pb_old_content":"","_et_gb_content_width":""},"product_cat":[326,339],"product_tag":[],"acf":[],"yoast_head":"<!-- This site is optimized with the Yoast SEO plugin v22.6 - https:\/\/yoast.com\/wordpress\/plugins\/seo\/ -->\n<title>Ricin - Pranarom<\/title>\n<meta name=\"robots\" content=\"index, follow, max-snippet:-1, max-image-preview:large, max-video-preview:-1\" \/>\n<link rel=\"canonical\" href=\"https:\/\/pranarom.ca\/produit\/castor-oil\/\" \/>\n<meta property=\"og:locale\" content=\"fr_FR\" \/>\n<meta property=\"og:type\" content=\"article\" \/>\n<meta property=\"og:title\" content=\"Ricin - Pranarom\" \/>\n<meta property=\"og:description\" content=\"Huile v\u00e9g\u00e9tale 100% naturelle \u2013 biologique  Pour la beaut\u00e9 des cheveux et des ongles.  Fortifie et revitalise le cuir chevelu et donne volume et \u00e9clat \u00e0 vos cheveux. Aide \u00e0 r\u00e9parer les ongles ab\u00eem\u00e9s et cassants.\" \/>\n<meta property=\"og:url\" content=\"https:\/\/pranarom.ca\/produit\/castor-oil\/\" \/>\n<meta property=\"og:site_name\" content=\"Pranarom\" \/>\n<meta property=\"article:publisher\" content=\"https:\/\/www.facebook.com\/PranaromCanada\" \/>\n<meta property=\"article:modified_time\" content=\"2026-01-20T20:32:36+00:00\" \/>\n<meta property=\"og:image\" content=\"https:\/\/pranarom.ca\/wp-content\/uploads\/2019\/07\/Ricin.png\" \/>\n\t<meta property=\"og:image:width\" content=\"800\" \/>\n\t<meta property=\"og:image:height\" content=\"800\" \/>\n\t<meta property=\"og:image:type\" content=\"image\/png\" \/>\n<meta name=\"twitter:card\" content=\"summary_large_image\" \/>\n<meta name=\"twitter:label1\" content=\"Dur\u00e9e de lecture estim\u00e9e\" \/>\n\t<meta name=\"twitter:data1\" content=\"1 minute\" \/>\n<script type=\"application\/ld+json\" class=\"yoast-schema-graph\">{\"@context\":\"https:\/\/schema.org\",\"@graph\":[{\"@type\":\"WebPage\",\"@id\":\"https:\/\/pranarom.ca\/produit\/castor-oil\/\",\"url\":\"https:\/\/pranarom.ca\/produit\/castor-oil\/\",\"name\":\"Ricin - Pranarom\",\"isPartOf\":{\"@id\":\"https:\/\/pranarom.ca\/#website\"},\"primaryImageOfPage\":{\"@id\":\"https:\/\/pranarom.ca\/produit\/castor-oil\/#primaryimage\"},\"image\":{\"@id\":\"https:\/\/pranarom.ca\/produit\/castor-oil\/#primaryimage\"},\"thumbnailUrl\":\"https:\/\/pranarom.ca\/wp-content\/uploads\/2019\/07\/Ricin.png\",\"datePublished\":\"2019-07-05T17:26:57+00:00\",\"dateModified\":\"2026-01-20T20:32:36+00:00\",\"breadcrumb\":{\"@id\":\"https:\/\/pranarom.ca\/produit\/castor-oil\/#breadcrumb\"},\"inLanguage\":\"fr-FR\",\"potentialAction\":[{\"@type\":\"ReadAction\",\"target\":[\"https:\/\/pranarom.ca\/produit\/castor-oil\/\"]}]},{\"@type\":\"ImageObject\",\"inLanguage\":\"fr-FR\",\"@id\":\"https:\/\/pranarom.ca\/produit\/castor-oil\/#primaryimage\",\"url\":\"https:\/\/pranarom.ca\/wp-content\/uploads\/2019\/07\/Ricin.png\",\"contentUrl\":\"https:\/\/pranarom.ca\/wp-content\/uploads\/2019\/07\/Ricin.png\",\"width\":800,\"height\":800},{\"@type\":\"BreadcrumbList\",\"@id\":\"https:\/\/pranarom.ca\/produit\/castor-oil\/#breadcrumb\",\"itemListElement\":[{\"@type\":\"ListItem\",\"position\":1,\"name\":\"Home\",\"item\":\"https:\/\/pranarom.ca\/fr\/\"},{\"@type\":\"ListItem\",\"position\":2,\"name\":\"Shop\",\"item\":\"https:\/\/pranarom.ca\/shop\/\"},{\"@type\":\"ListItem\",\"position\":3,\"name\":\"Ricin\"}]},{\"@type\":\"WebSite\",\"@id\":\"https:\/\/pranarom.ca\/#website\",\"url\":\"https:\/\/pranarom.ca\/\",\"name\":\"Pranarom Canada\",\"description\":\"Scientific Aromatherapyy\",\"publisher\":{\"@id\":\"https:\/\/pranarom.ca\/#organization\"},\"potentialAction\":[{\"@type\":\"SearchAction\",\"target\":{\"@type\":\"EntryPoint\",\"urlTemplate\":\"https:\/\/pranarom.ca\/?s={search_term_string}\"},\"query-input\":\"required name=search_term_string\"}],\"inLanguage\":\"fr-FR\"},{\"@type\":\"Organization\",\"@id\":\"https:\/\/pranarom.ca\/#organization\",\"name\":\"Pranarom\",\"url\":\"https:\/\/pranarom.ca\/\",\"logo\":{\"@type\":\"ImageObject\",\"inLanguage\":\"fr-FR\",\"@id\":\"https:\/\/pranarom.ca\/#\/schema\/logo\/image\/\",\"url\":\"https:\/\/pranarom.ca\/wp-content\/uploads\/2019\/03\/pranalogo.png\",\"contentUrl\":\"https:\/\/pranarom.ca\/wp-content\/uploads\/2019\/03\/pranalogo.png\",\"width\":330,\"height\":100,\"caption\":\"Pranarom\"},\"image\":{\"@id\":\"https:\/\/pranarom.ca\/#\/schema\/logo\/image\/\"},\"sameAs\":[\"https:\/\/www.facebook.com\/PranaromCanada\",\"http:\/\/instagram.com\/pranaromcanada\/\",\"https:\/\/www.instagram.com\/pranaromcanada\/\"]}]}<\/script>\n<!-- \/ Yoast SEO plugin. -->","yoast_head_json":{"title":"Ricin - Pranarom","robots":{"index":"index","follow":"follow","max-snippet":"max-snippet:-1","max-image-preview":"max-image-preview:large","max-video-preview":"max-video-preview:-1"},"canonical":"https:\/\/pranarom.ca\/produit\/castor-oil\/","og_locale":"fr_FR","og_type":"article","og_title":"Ricin - Pranarom","og_description":"Huile v\u00e9g\u00e9tale 100% naturelle \u2013 biologique  Pour la beaut\u00e9 des cheveux et des ongles.  Fortifie et revitalise le cuir chevelu et donne volume et \u00e9clat \u00e0 vos cheveux. Aide \u00e0 r\u00e9parer les ongles ab\u00eem\u00e9s et cassants.","og_url":"https:\/\/pranarom.ca\/produit\/castor-oil\/","og_site_name":"Pranarom","article_publisher":"https:\/\/www.facebook.com\/PranaromCanada","article_modified_time":"2026-01-20T20:32:36+00:00","og_image":[{"width":800,"height":800,"url":"https:\/\/pranarom.ca\/wp-content\/uploads\/2019\/07\/Ricin.png","type":"image\/png"}],"twitter_card":"summary_large_image","twitter_misc":{"Dur\u00e9e de lecture estim\u00e9e":"1 minute"},"schema":{"@context":"https:\/\/schema.org","@graph":[{"@type":"WebPage","@id":"https:\/\/pranarom.ca\/produit\/castor-oil\/","url":"https:\/\/pranarom.ca\/produit\/castor-oil\/","name":"Ricin - Pranarom","isPartOf":{"@id":"https:\/\/pranarom.ca\/#website"},"primaryImageOfPage":{"@id":"https:\/\/pranarom.ca\/produit\/castor-oil\/#primaryimage"},"image":{"@id":"https:\/\/pranarom.ca\/produit\/castor-oil\/#primaryimage"},"thumbnailUrl":"https:\/\/pranarom.ca\/wp-content\/uploads\/2019\/07\/Ricin.png","datePublished":"2019-07-05T17:26:57+00:00","dateModified":"2026-01-20T20:32:36+00:00","breadcrumb":{"@id":"https:\/\/pranarom.ca\/produit\/castor-oil\/#breadcrumb"},"inLanguage":"fr-FR","potentialAction":[{"@type":"ReadAction","target":["https:\/\/pranarom.ca\/produit\/castor-oil\/"]}]},{"@type":"ImageObject","inLanguage":"fr-FR","@id":"https:\/\/pranarom.ca\/produit\/castor-oil\/#primaryimage","url":"https:\/\/pranarom.ca\/wp-content\/uploads\/2019\/07\/Ricin.png","contentUrl":"https:\/\/pranarom.ca\/wp-content\/uploads\/2019\/07\/Ricin.png","width":800,"height":800},{"@type":"BreadcrumbList","@id":"https:\/\/pranarom.ca\/produit\/castor-oil\/#breadcrumb","itemListElement":[{"@type":"ListItem","position":1,"name":"Home","item":"https:\/\/pranarom.ca\/fr\/"},{"@type":"ListItem","position":2,"name":"Shop","item":"https:\/\/pranarom.ca\/shop\/"},{"@type":"ListItem","position":3,"name":"Ricin"}]},{"@type":"WebSite","@id":"https:\/\/pranarom.ca\/#website","url":"https:\/\/pranarom.ca\/","name":"Pranarom Canada","description":"Scientific Aromatherapyy","publisher":{"@id":"https:\/\/pranarom.ca\/#organization"},"potentialAction":[{"@type":"SearchAction","target":{"@type":"EntryPoint","urlTemplate":"https:\/\/pranarom.ca\/?s={search_term_string}"},"query-input":"required name=search_term_string"}],"inLanguage":"fr-FR"},{"@type":"Organization","@id":"https:\/\/pranarom.ca\/#organization","name":"Pranarom","url":"https:\/\/pranarom.ca\/","logo":{"@type":"ImageObject","inLanguage":"fr-FR","@id":"https:\/\/pranarom.ca\/#\/schema\/logo\/image\/","url":"https:\/\/pranarom.ca\/wp-content\/uploads\/2019\/03\/pranalogo.png","contentUrl":"https:\/\/pranarom.ca\/wp-content\/uploads\/2019\/03\/pranalogo.png","width":330,"height":100,"caption":"Pranarom"},"image":{"@id":"https:\/\/pranarom.ca\/#\/schema\/logo\/image\/"},"sameAs":["https:\/\/www.facebook.com\/PranaromCanada","http:\/\/instagram.com\/pranaromcanada\/","https:\/\/www.instagram.com\/pranaromcanada\/"]}]}},"jetpack_sharing_enabled":true,"_links":{"self":[{"href":"https:\/\/pranarom.ca\/fr\/wp-json\/wp\/v2\/product\/46340"}],"collection":[{"href":"https:\/\/pranarom.ca\/fr\/wp-json\/wp\/v2\/product"}],"about":[{"href":"https:\/\/pranarom.ca\/fr\/wp-json\/wp\/v2\/types\/product"}],"replies":[{"embeddable":true,"href":"https:\/\/pranarom.ca\/fr\/wp-json\/wp\/v2\/comments?post=46340"}],"wp:featuredmedia":[{"embeddable":true,"href":"https:\/\/pranarom.ca\/fr\/wp-json\/wp\/v2\/media\/46325"}],"wp:attachment":[{"href":"https:\/\/pranarom.ca\/fr\/wp-json\/wp\/v2\/media?parent=46340"}],"wp:term":[{"taxonomy":"product_cat","embeddable":true,"href":"https:\/\/pranarom.ca\/fr\/wp-json\/wp\/v2\/product_cat?post=46340"},{"taxonomy":"product_tag","embeddable":true,"href":"https:\/\/pranarom.ca\/fr\/wp-json\/wp\/v2\/product_tag?post=46340"}],"curies":[{"name":"wp","href":"https:\/\/api.w.org\/{rel}","templated":true}]}}