{"id":46298,"date":"2019-07-05T15:40:59","date_gmt":"2019-07-05T15:40:59","guid":{"rendered":"https:\/\/pranarom.ca\/?post_type=product&#038;p=46298"},"modified":"2022-03-28T15:58:32","modified_gmt":"2022-03-28T15:58:32","slug":"spray-assainissant-atmospherique-elimine-les-odeurs-persistantes-et-assainit-lair","status":"publish","type":"product","link":"https:\/\/pranarom.ca\/fr\/produit\/spray-assainissant-atmospherique-elimine-les-odeurs-persistantes-et-assainit-lair\/","title":{"rendered":"Spray assainissant atmosph\u00e9rique &#8211; \u00c9limine les odeurs persistantes et assainit l&#8217;air"},"content":{"rendered":"<p>Aux huiles essentielles 100% biologiques* :<\/p>\n<p><strong>Orange douce*, Bois de H\u00f4*, Niaouli*, Eucalyptus globuleux*, Ravintsara*, Mandravasarotra*, G\u00e9ranium d&#8217;Egypte*, Ylang-ylang*, Eucalyptus citronn\u00e9*, Citronnelle de Madagascar*, Giroflier*, Katrafay*, Patchouli*, Gingembre*, H\u00e9lichryse de Madagascar* et Ravensare*<\/strong><\/p>\n<p>Ce spray assainissant garanti un air plus sain gr\u00e2ce \u00e0 des huiles essentielles rigoureusement s\u00e9lectionn\u00e9es. Gr\u00e2ce \u00e0 la technologie du spray s\u00e9lectionn\u00e9 par Pranarom, les particules restent en suspension dans l\u2019atmosph\u00e8re pour une efficacit\u00e9 cibl\u00e9e. 13 des 15 huiles essentielles composant ce produit proviennent de Madagascar, o\u00f9 Pranarom s\u2019engage depuis plus de dix ans pour une production d\u2019huiles essentielles \u00e9thique, \u00e9cologique et durable. On conna\u00eet notamment le Ravintsara, le Giroflier et le Niaouli pour leur pouvoir assainissant et leur efficacit\u00e9 prouv\u00e9e.<\/p>\n<p>Pranarom soutient l\u2019association \u00ab <strong>Graine de Vie<\/strong> \u00bb !<\/p>\n<p><img loading=\"lazy\" decoding=\"async\" class=\"alignnone size-medium wp-image-46313\" src=\"https:\/\/pranarom.ca\/wp-content\/uploads\/2019\/07\/535113_219730761473793_982723989_n-e1562342850235-300x137.jpg\" alt=\"\" width=\"300\" height=\"137\" srcset=\"https:\/\/pranarom.ca\/wp-content\/uploads\/2019\/07\/535113_219730761473793_982723989_n-e1562342850235-300x137.jpg 300w, https:\/\/pranarom.ca\/wp-content\/uploads\/2019\/07\/535113_219730761473793_982723989_n-e1562342850235.jpg 619w\" sizes=\"(max-width: 300px) 100vw, 300px\" \/><br \/>\n1 produit vendu = 1 arbre replant\u00e9 dans la mangrove malgache<\/p>\n<hr \/>\n<h2><strong>INGR\u00c9DIENTS :<\/strong><\/h2>\n<p>Alcohol*\/Isopropyl alcohol\/Denatonium benzoate, Citrus sinensis peel oil expressed* (Orange douce), Cinnamomum camphora bark oil (Bois de H\u00f4), Melaleuca quinquinervia oil* (Niaouli), Eucalyptus globulus leaf oil* (Eucalyptus globuleux), Cinnamomum camphora leaf oil* (Ravintsara), Cinnamosma fragrans oil* (Saro), Pelargonium graveolens oil* (G\u00e9ranium d\u2019Egypte), Cananga odorata flower oil* (Ylang-Ylang), Eucalyptus citriodora oil (Eucalyptus citronn\u00e9), Cymbopogan giganteus oil* (Citronnelle de Madagascar), Eugenia caryophyllus bud oil* (Giroflier), Cedrelopsis grevei oil* (Katrafay), Pogostemon cablin oil* (Patchouli), Zingiber officinalis root oil* (Gingembre), Helichrysum gymnocephalum oil* (H\u00e9lichryse de Madagascar), Ravensara aromatica leaf oil* (Ravensare).<\/p>\n<p>* Ingr\u00e9dient issu de l\u2019agriculture biologique (Contr\u00f4le Certisys BE-BIO-01).<\/p>\n<hr \/>\n<h2><strong>MODE D\u2019EMPLOI :<\/strong><\/h2>\n<p>Utilisation quotidienne en fonction des besoins, particuli\u00e8rement id\u00e9al en p\u00e9riode hivernale : \u00e0 la maison (cuisine, chambre et salle de jeux), en voiture (1 seconde suffit pour assainir), au bureau (rafra\u00eechit l\u2019air). Vaporiser dans l\u2019air ambiant pendant 5 secondes en circulant dans la pi\u00e8ce, 2 \u00e0 3 fois par jour, pour assainir 20 m2. Se laver les mains apr\u00e8s avoir manipul\u00e9 le produit.<\/p>\n<hr \/>\n<h2><strong>PR\u00c9CAUTIONS D\u2019EMPLOI ET AVERTISSEMENTS :<\/strong><\/h2>\n<p>Utilisez uniquement selon le mode d\u2019emploi. B\u00e9b\u00e9s de moins de 1 an et femmes enceintes : vaporiser en leur absence, 30 minutes avant leur retour dans la pi\u00e8ce. Idem avant le coucher. Liquide et vapeurs tr\u00e8s infflammables. Peut provoquer une allergie cutan\u00e9e. Peut provoquer une s\u00e9v\u00e8re irritation des yeux. Utiliser et stocker dans un endroit bien ventil\u00e9. En cas d\u2019ingestion, ne pas faire vomir, consulter imm\u00e9diatement un centre antipoison en gardant l\u2019emballage \u00e0 proximit\u00e9. En cas d\u2019irritation cutan\u00e9e, consulter un m\u00e9decin. En cas de contact avec les yeux, rincer avec pr\u00e9caution \u00e0 l\u2019eau pendant plusieurs minutes et consulter un m\u00e9decin.<\/p>\n<p>Tout usage abusif d\u00e9lib\u00e9r\u00e9 consistant \u00e0 concentrer et \u00e0 inhaler le produit peut \u00eatre nocif ou mortel. Participez \u00e0 la lutte contre l\u2019inhalation de substances volatiles.<\/p>\n<p>Pour de plus amples renseignements, allez au www.inhalant.org.<\/p>\n<hr \/>\n<h2><strong>ATTENTION :<\/strong><\/h2>\n<p><strong>CE CONTENANT PEUT EXPLOSER S\u2019IL EST CHAUFF\u00c9.<\/strong> Contenu sous pression. Ne pas mettre dans l\u2019eau chaude ni pr\u00e8s des radiateurs, po\u00eales ou autres sources de chaleur. Ne pas percer le contenant, ni le jeter au feu, ni le conserver \u00e0 des temp\u00e9ratures d\u00e9passant 50\u00b0C. Ne pas utiliser en pr\u00e9sence d\u2019une flamme nue ou d\u2019\u00e9tincelles.<\/p>\n<p>Garder hors de la port\u00e9e des enfants et des animaux familiers.<\/p>\n","protected":false},"excerpt":{"rendered":"<p>Ce spray assainissant garanti un air plus sain gr\u00e2ce \u00e0 des huiles essentielles rigoureusement s\u00e9lectionn\u00e9es. Gr\u00e2ce \u00e0 la technologie du spray s\u00e9lectionn\u00e9 par Pranarom, les particules restent en suspension dans l\u2019atmosph\u00e8re pour une efficacit\u00e9 cibl\u00e9e.<\/p>\n<p>150 ml | Pr\u00e9paration a\u00e9rosol pr\u00eat \u00e0 l\u2019emploi | Biologique<\/p>\n","protected":false},"featured_media":58044,"comment_status":"open","ping_status":"closed","template":"","meta":{"_et_pb_use_builder":"","_et_pb_old_content":"","_et_gb_content_width":""},"product_cat":[535,532,622,533,534,506,326,328],"product_tag":[],"acf":[],"yoast_head":"<!-- This site is optimized with the Yoast SEO plugin v22.6 - https:\/\/yoast.com\/wordpress\/plugins\/seo\/ -->\n<title>Spray assainissant atmosph\u00e9rique - \u00c9limine les odeurs persistantes et assainit l&#039;air - Pranarom<\/title>\n<meta name=\"robots\" content=\"index, follow, max-snippet:-1, max-image-preview:large, max-video-preview:-1\" \/>\n<link rel=\"canonical\" href=\"https:\/\/pranarom.ca\/produit\/fresh-air-spray-eliminates-tough-lingering-odors-freshens-the-air\/\" \/>\n<meta property=\"og:locale\" content=\"fr_FR\" \/>\n<meta property=\"og:type\" content=\"article\" \/>\n<meta property=\"og:title\" content=\"Spray assainissant atmosph\u00e9rique - \u00c9limine les odeurs persistantes et assainit l&#039;air - Pranarom\" \/>\n<meta property=\"og:description\" content=\"Ce spray assainissant garanti un air plus sain gr\u00e2ce \u00e0 des huiles essentielles rigoureusement s\u00e9lectionn\u00e9es. Gr\u00e2ce \u00e0 la technologie du spray s\u00e9lectionn\u00e9 par Pranarom, les particules restent en suspension dans l\u2019atmosph\u00e8re pour une efficacit\u00e9 cibl\u00e9e.  150 ml | Pr\u00e9paration a\u00e9rosol pr\u00eat \u00e0 l\u2019emploi | Biologique\" \/>\n<meta property=\"og:url\" content=\"https:\/\/pranarom.ca\/produit\/fresh-air-spray-eliminates-tough-lingering-odors-freshens-the-air\/\" \/>\n<meta property=\"og:site_name\" content=\"Pranarom\" \/>\n<meta property=\"article:publisher\" content=\"https:\/\/www.facebook.com\/PranaromCanada\" \/>\n<meta property=\"article:modified_time\" content=\"2022-03-28T15:58:32+00:00\" \/>\n<meta property=\"og:image\" content=\"https:\/\/pranarom.ca\/wp-content\/uploads\/2019\/07\/Spray_assainissant.png\" \/>\n\t<meta property=\"og:image:width\" content=\"1500\" \/>\n\t<meta property=\"og:image:height\" content=\"1500\" \/>\n\t<meta property=\"og:image:type\" content=\"image\/png\" \/>\n<meta name=\"twitter:card\" content=\"summary_large_image\" \/>\n<meta name=\"twitter:label1\" content=\"Dur\u00e9e de lecture estim\u00e9e\" \/>\n\t<meta name=\"twitter:data1\" content=\"3 minutes\" \/>\n<script type=\"application\/ld+json\" class=\"yoast-schema-graph\">{\"@context\":\"https:\/\/schema.org\",\"@graph\":[{\"@type\":\"WebPage\",\"@id\":\"https:\/\/pranarom.ca\/produit\/fresh-air-spray-eliminates-tough-lingering-odors-freshens-the-air\/\",\"url\":\"https:\/\/pranarom.ca\/produit\/fresh-air-spray-eliminates-tough-lingering-odors-freshens-the-air\/\",\"name\":\"Spray assainissant atmosph\u00e9rique - \u00c9limine les odeurs persistantes et assainit l'air - Pranarom\",\"isPartOf\":{\"@id\":\"https:\/\/pranarom.ca\/#website\"},\"primaryImageOfPage\":{\"@id\":\"https:\/\/pranarom.ca\/produit\/fresh-air-spray-eliminates-tough-lingering-odors-freshens-the-air\/#primaryimage\"},\"image\":{\"@id\":\"https:\/\/pranarom.ca\/produit\/fresh-air-spray-eliminates-tough-lingering-odors-freshens-the-air\/#primaryimage\"},\"thumbnailUrl\":\"https:\/\/pranarom.ca\/wp-content\/uploads\/2019\/07\/Spray_assainissant.png\",\"datePublished\":\"2019-07-05T15:40:59+00:00\",\"dateModified\":\"2022-03-28T15:58:32+00:00\",\"breadcrumb\":{\"@id\":\"https:\/\/pranarom.ca\/produit\/fresh-air-spray-eliminates-tough-lingering-odors-freshens-the-air\/#breadcrumb\"},\"inLanguage\":\"fr-FR\",\"potentialAction\":[{\"@type\":\"ReadAction\",\"target\":[\"https:\/\/pranarom.ca\/produit\/fresh-air-spray-eliminates-tough-lingering-odors-freshens-the-air\/\"]}]},{\"@type\":\"ImageObject\",\"inLanguage\":\"fr-FR\",\"@id\":\"https:\/\/pranarom.ca\/produit\/fresh-air-spray-eliminates-tough-lingering-odors-freshens-the-air\/#primaryimage\",\"url\":\"https:\/\/pranarom.ca\/wp-content\/uploads\/2019\/07\/Spray_assainissant.png\",\"contentUrl\":\"https:\/\/pranarom.ca\/wp-content\/uploads\/2019\/07\/Spray_assainissant.png\",\"width\":1500,\"height\":1500},{\"@type\":\"BreadcrumbList\",\"@id\":\"https:\/\/pranarom.ca\/produit\/fresh-air-spray-eliminates-tough-lingering-odors-freshens-the-air\/#breadcrumb\",\"itemListElement\":[{\"@type\":\"ListItem\",\"position\":1,\"name\":\"Home\",\"item\":\"https:\/\/pranarom.ca\/fr\/\"},{\"@type\":\"ListItem\",\"position\":2,\"name\":\"Shop\",\"item\":\"https:\/\/pranarom.ca\/shop\/\"},{\"@type\":\"ListItem\",\"position\":3,\"name\":\"Spray assainissant atmosph\u00e9rique &#8211; \u00c9limine les odeurs persistantes et assainit l&#8217;air\"}]},{\"@type\":\"WebSite\",\"@id\":\"https:\/\/pranarom.ca\/#website\",\"url\":\"https:\/\/pranarom.ca\/\",\"name\":\"Pranarom Canada\",\"description\":\"Scientific Aromatherapyy\",\"publisher\":{\"@id\":\"https:\/\/pranarom.ca\/#organization\"},\"potentialAction\":[{\"@type\":\"SearchAction\",\"target\":{\"@type\":\"EntryPoint\",\"urlTemplate\":\"https:\/\/pranarom.ca\/?s={search_term_string}\"},\"query-input\":\"required name=search_term_string\"}],\"inLanguage\":\"fr-FR\"},{\"@type\":\"Organization\",\"@id\":\"https:\/\/pranarom.ca\/#organization\",\"name\":\"Pranarom\",\"url\":\"https:\/\/pranarom.ca\/\",\"logo\":{\"@type\":\"ImageObject\",\"inLanguage\":\"fr-FR\",\"@id\":\"https:\/\/pranarom.ca\/#\/schema\/logo\/image\/\",\"url\":\"https:\/\/pranarom.ca\/wp-content\/uploads\/2019\/03\/pranalogo.png\",\"contentUrl\":\"https:\/\/pranarom.ca\/wp-content\/uploads\/2019\/03\/pranalogo.png\",\"width\":330,\"height\":100,\"caption\":\"Pranarom\"},\"image\":{\"@id\":\"https:\/\/pranarom.ca\/#\/schema\/logo\/image\/\"},\"sameAs\":[\"https:\/\/www.facebook.com\/PranaromCanada\",\"http:\/\/instagram.com\/pranaromcanada\/\",\"https:\/\/www.instagram.com\/pranaromcanada\/\"]}]}<\/script>\n<!-- \/ Yoast SEO plugin. -->","yoast_head_json":{"title":"Spray assainissant atmosph\u00e9rique - \u00c9limine les odeurs persistantes et assainit l'air - Pranarom","robots":{"index":"index","follow":"follow","max-snippet":"max-snippet:-1","max-image-preview":"max-image-preview:large","max-video-preview":"max-video-preview:-1"},"canonical":"https:\/\/pranarom.ca\/produit\/fresh-air-spray-eliminates-tough-lingering-odors-freshens-the-air\/","og_locale":"fr_FR","og_type":"article","og_title":"Spray assainissant atmosph\u00e9rique - \u00c9limine les odeurs persistantes et assainit l'air - Pranarom","og_description":"Ce spray assainissant garanti un air plus sain gr\u00e2ce \u00e0 des huiles essentielles rigoureusement s\u00e9lectionn\u00e9es. Gr\u00e2ce \u00e0 la technologie du spray s\u00e9lectionn\u00e9 par Pranarom, les particules restent en suspension dans l\u2019atmosph\u00e8re pour une efficacit\u00e9 cibl\u00e9e.  150 ml | Pr\u00e9paration a\u00e9rosol pr\u00eat \u00e0 l\u2019emploi | Biologique","og_url":"https:\/\/pranarom.ca\/produit\/fresh-air-spray-eliminates-tough-lingering-odors-freshens-the-air\/","og_site_name":"Pranarom","article_publisher":"https:\/\/www.facebook.com\/PranaromCanada","article_modified_time":"2022-03-28T15:58:32+00:00","og_image":[{"width":1500,"height":1500,"url":"https:\/\/pranarom.ca\/wp-content\/uploads\/2019\/07\/Spray_assainissant.png","type":"image\/png"}],"twitter_card":"summary_large_image","twitter_misc":{"Dur\u00e9e de lecture estim\u00e9e":"3 minutes"},"schema":{"@context":"https:\/\/schema.org","@graph":[{"@type":"WebPage","@id":"https:\/\/pranarom.ca\/produit\/fresh-air-spray-eliminates-tough-lingering-odors-freshens-the-air\/","url":"https:\/\/pranarom.ca\/produit\/fresh-air-spray-eliminates-tough-lingering-odors-freshens-the-air\/","name":"Spray assainissant atmosph\u00e9rique - \u00c9limine les odeurs persistantes et assainit l'air - Pranarom","isPartOf":{"@id":"https:\/\/pranarom.ca\/#website"},"primaryImageOfPage":{"@id":"https:\/\/pranarom.ca\/produit\/fresh-air-spray-eliminates-tough-lingering-odors-freshens-the-air\/#primaryimage"},"image":{"@id":"https:\/\/pranarom.ca\/produit\/fresh-air-spray-eliminates-tough-lingering-odors-freshens-the-air\/#primaryimage"},"thumbnailUrl":"https:\/\/pranarom.ca\/wp-content\/uploads\/2019\/07\/Spray_assainissant.png","datePublished":"2019-07-05T15:40:59+00:00","dateModified":"2022-03-28T15:58:32+00:00","breadcrumb":{"@id":"https:\/\/pranarom.ca\/produit\/fresh-air-spray-eliminates-tough-lingering-odors-freshens-the-air\/#breadcrumb"},"inLanguage":"fr-FR","potentialAction":[{"@type":"ReadAction","target":["https:\/\/pranarom.ca\/produit\/fresh-air-spray-eliminates-tough-lingering-odors-freshens-the-air\/"]}]},{"@type":"ImageObject","inLanguage":"fr-FR","@id":"https:\/\/pranarom.ca\/produit\/fresh-air-spray-eliminates-tough-lingering-odors-freshens-the-air\/#primaryimage","url":"https:\/\/pranarom.ca\/wp-content\/uploads\/2019\/07\/Spray_assainissant.png","contentUrl":"https:\/\/pranarom.ca\/wp-content\/uploads\/2019\/07\/Spray_assainissant.png","width":1500,"height":1500},{"@type":"BreadcrumbList","@id":"https:\/\/pranarom.ca\/produit\/fresh-air-spray-eliminates-tough-lingering-odors-freshens-the-air\/#breadcrumb","itemListElement":[{"@type":"ListItem","position":1,"name":"Home","item":"https:\/\/pranarom.ca\/fr\/"},{"@type":"ListItem","position":2,"name":"Shop","item":"https:\/\/pranarom.ca\/shop\/"},{"@type":"ListItem","position":3,"name":"Spray assainissant atmosph\u00e9rique &#8211; \u00c9limine les odeurs persistantes et assainit l&#8217;air"}]},{"@type":"WebSite","@id":"https:\/\/pranarom.ca\/#website","url":"https:\/\/pranarom.ca\/","name":"Pranarom Canada","description":"Scientific Aromatherapyy","publisher":{"@id":"https:\/\/pranarom.ca\/#organization"},"potentialAction":[{"@type":"SearchAction","target":{"@type":"EntryPoint","urlTemplate":"https:\/\/pranarom.ca\/?s={search_term_string}"},"query-input":"required name=search_term_string"}],"inLanguage":"fr-FR"},{"@type":"Organization","@id":"https:\/\/pranarom.ca\/#organization","name":"Pranarom","url":"https:\/\/pranarom.ca\/","logo":{"@type":"ImageObject","inLanguage":"fr-FR","@id":"https:\/\/pranarom.ca\/#\/schema\/logo\/image\/","url":"https:\/\/pranarom.ca\/wp-content\/uploads\/2019\/03\/pranalogo.png","contentUrl":"https:\/\/pranarom.ca\/wp-content\/uploads\/2019\/03\/pranalogo.png","width":330,"height":100,"caption":"Pranarom"},"image":{"@id":"https:\/\/pranarom.ca\/#\/schema\/logo\/image\/"},"sameAs":["https:\/\/www.facebook.com\/PranaromCanada","http:\/\/instagram.com\/pranaromcanada\/","https:\/\/www.instagram.com\/pranaromcanada\/"]}]}},"jetpack_sharing_enabled":true,"_links":{"self":[{"href":"https:\/\/pranarom.ca\/fr\/wp-json\/wp\/v2\/product\/46298"}],"collection":[{"href":"https:\/\/pranarom.ca\/fr\/wp-json\/wp\/v2\/product"}],"about":[{"href":"https:\/\/pranarom.ca\/fr\/wp-json\/wp\/v2\/types\/product"}],"replies":[{"embeddable":true,"href":"https:\/\/pranarom.ca\/fr\/wp-json\/wp\/v2\/comments?post=46298"}],"wp:featuredmedia":[{"embeddable":true,"href":"https:\/\/pranarom.ca\/fr\/wp-json\/wp\/v2\/media\/58044"}],"wp:attachment":[{"href":"https:\/\/pranarom.ca\/fr\/wp-json\/wp\/v2\/media?parent=46298"}],"wp:term":[{"taxonomy":"product_cat","embeddable":true,"href":"https:\/\/pranarom.ca\/fr\/wp-json\/wp\/v2\/product_cat?post=46298"},{"taxonomy":"product_tag","embeddable":true,"href":"https:\/\/pranarom.ca\/fr\/wp-json\/wp\/v2\/product_tag?post=46298"}],"curies":[{"name":"wp","href":"https:\/\/api.w.org\/{rel}","templated":true}]}}