{"id":43858,"date":"2019-05-02T18:23:14","date_gmt":"2019-05-02T18:23:14","guid":{"rendered":"https:\/\/pranarom.ca\/product\/spray-purifiant-pour-matelas-oreillers-et-tapis\/"},"modified":"2022-03-28T15:58:54","modified_gmt":"2022-03-28T15:58:54","slug":"spray-purifiant-pour-matelas-oreillers-et-tapis","status":"publish","type":"product","link":"https:\/\/pranarom.ca\/fr\/produit\/spray-purifiant-pour-matelas-oreillers-et-tapis\/","title":{"rendered":"Spray purifiant &#8211; Pour matelas, oreillers et tapis"},"content":{"rendered":"<hr \/>\n<h2><strong>Ingr\u00e9dients :<\/strong><\/h2>\n<p>Isopropyl alcohol, Cinnamomum zeylanicum leaf oil (Cannelier de Ceylan), Mentha piperita oil (Menthe poivr\u00e9e), Citrus sinensis peel oil expressed (Orange douce), Cymbopogon citratus leaf oil (Lemongrass), Melaleuca quinquinervia oil (Niaouli), Cymbopogon giganteus oil (Citronnelle de Madagascar), Cinnamomum cassia oil (Cannelier de Chine).<\/p>\n<hr \/>\n<h2><strong>Mode d&#8217;emploi :<\/strong><\/h2>\n<p>Pour tout support : matelas, oreiller, tapis, couette et rideaux. Vaporiser \u00e0 30 cm pendant quelques secondes (10 \u00e0 15 secondes pour un matelas par exemple). Quitter la pi\u00e8ce apr\u00e8s vaporisation. 8 heures apr\u00e8s aspirer si possible et a\u00e9rer la pi\u00e8ce. R\u00e9p\u00e9ter 1 fois par semaine si n\u00e9cessaire sinon 1 fois par mois en entretien. Se laver les mains apr\u00e8s avoir manipul\u00e9 le produit.<\/p>\n<p>150 ml de ce produit permet de couvrir une surface de 15 m2 de tissus. Orientation \u00e0 360\u00b0.<\/p>\n<hr \/>\n<h2><strong>Pr\u00e9cautions d&#8217;emploi et avertissements :<\/strong><\/h2>\n<p>Utilisez uniquement selon le mode d&#8217;emploi. \u00c9viter la manipulation par la femme enceinte ou allaitante. Se laver les mains apr\u00e8s utilisation. \u00c9viter le contact avec les yeux et la peau. Peut provoquer une allergie cutan\u00e9e. Peut provoquer une s\u00e9v\u00e8re irritation des yeux. Utiliser et stocker dans un endroit bien ventil\u00e9. En cas d&#8217;ingestion, ne pas faire vomir, consulter imm\u00e9diatement un centre antipoison en gardant l&#8217;emballage \u00e0 proximit\u00e9. En cas d&#8217;irritation cutan\u00e9e, consulter un m\u00e9decin. En cas de contact avec les yeux, rincer avec pr\u00e9caution \u00e0 l&#8217;eau pendant plusieurs minutes et consulter un m\u00e9decin.<\/p>\n<p>Tout usage abusif d\u00e9lib\u00e9r\u00e9 consistant \u00e0 concentrer et \u00e0 inhaler le produit peut \u00eatre nocif ou mortel. Participez \u00e0 la lutte contre l&#8217;inhalation de substances volatiles. Pour de plus amples renseignements, allez au www.inhalant.org.<\/p>\n<hr \/>\n<h2><strong>Attention :<\/strong><\/h2>\n<p>CE CONTENANT PEUT EXPLOSER S&#8217;IL EST CHAUFF\u00c9.<\/p>\n<p>Contenu sous pression. Ne pas mettre dans l&#8217;eau chaude ni pr\u00e8s des radiateurs, po\u00eales ou autres sources de chaleur. Ne pas percer le contenant, ne le jeter au feu, ni le conserver \u00e0 des temp\u00e9ratures d\u00e9passant 50\u00b0C. Ne pas utiliser en pr\u00e9sence d&#8217;une flamme nue ou d&#8217;\u00e9tincelles..<\/p>\n<p><strong>Garder hors de la port\u00e9e des enfants et des animaux familiers.<\/strong><\/p>\n","protected":false},"excerpt":{"rendered":"<p><strong>Aux huiles essentielles 100% pures, naturelles et ch\u00e9motyp\u00e9es :<\/strong><\/p>\n<p><strong>Cannelier de Ceylan, Menthe poivr\u00e9e, Orange douce, Lemongrass, Niaouli, Citronnelle de Madagascar et Cannelier de Chine<\/strong><\/p>\n<p>150 ml | Pr\u00e9paration a\u00e9rosol pr\u00eat \u00e0 l\u2019emploi<\/p>\n","protected":false},"featured_media":43891,"comment_status":"closed","ping_status":"closed","template":"","meta":{"_et_pb_use_builder":"","_et_pb_old_content":"","_et_gb_content_width":""},"product_cat":[622,534,506,326,328],"product_tag":[],"acf":[],"yoast_head":"<!-- This site is optimized with the Yoast SEO plugin v22.6 - https:\/\/yoast.com\/wordpress\/plugins\/seo\/ -->\n<title>Spray purifiant - Pour matelas, oreillers et tapis par Pranarom |Sant\u00e9 et huiles bio<\/title>\n<meta name=\"description\" content=\"Achetez Spray purifiant - Pour matelas, oreillers et tapis par Pranarom et b\u00e9n\u00e9ficiez d&#039;une livraison rapide. N&#039;h\u00e9sitez pas \u00e0 magasiner d&#039;autres sprays d&#039;huiles essentielles chez Pranarom.ca\" \/>\n<meta name=\"robots\" content=\"index, follow, max-snippet:-1, max-image-preview:large, max-video-preview:-1\" \/>\n<link rel=\"canonical\" href=\"https:\/\/pranarom.ca\/produit\/purifying-spray-for-mattress-pillows-and-carpet\/\" \/>\n<meta property=\"og:locale\" content=\"fr_FR\" \/>\n<meta property=\"og:type\" content=\"article\" \/>\n<meta property=\"og:title\" content=\"Spray purifiant - Pour matelas, oreillers et tapis par Pranarom |Sant\u00e9 et huiles bio\" \/>\n<meta property=\"og:description\" content=\"Achetez Spray purifiant - Pour matelas, oreillers et tapis par Pranarom et b\u00e9n\u00e9ficiez d&#039;une livraison rapide. N&#039;h\u00e9sitez pas \u00e0 magasiner d&#039;autres sprays d&#039;huiles essentielles chez Pranarom.ca\" \/>\n<meta property=\"og:url\" content=\"https:\/\/pranarom.ca\/produit\/purifying-spray-for-mattress-pillows-and-carpet\/\" \/>\n<meta property=\"og:site_name\" content=\"Pranarom\" \/>\n<meta property=\"article:publisher\" content=\"https:\/\/www.facebook.com\/PranaromCanada\" \/>\n<meta property=\"article:modified_time\" content=\"2022-03-28T15:58:54+00:00\" \/>\n<meta property=\"og:image\" content=\"https:\/\/pranarom.ca\/wp-content\/uploads\/2019\/05\/P-SPUR.png\" \/>\n\t<meta property=\"og:image:width\" content=\"800\" \/>\n\t<meta property=\"og:image:height\" content=\"800\" \/>\n\t<meta property=\"og:image:type\" content=\"image\/png\" \/>\n<meta name=\"twitter:card\" content=\"summary_large_image\" \/>\n<meta name=\"twitter:label1\" content=\"Dur\u00e9e de lecture estim\u00e9e\" \/>\n\t<meta name=\"twitter:data1\" content=\"2 minutes\" \/>\n<script type=\"application\/ld+json\" class=\"yoast-schema-graph\">{\"@context\":\"https:\/\/schema.org\",\"@graph\":[{\"@type\":\"WebPage\",\"@id\":\"https:\/\/pranarom.ca\/produit\/purifying-spray-for-mattress-pillows-and-carpet\/\",\"url\":\"https:\/\/pranarom.ca\/produit\/purifying-spray-for-mattress-pillows-and-carpet\/\",\"name\":\"Spray purifiant - Pour matelas, oreillers et tapis par Pranarom |Sant\u00e9 et huiles bio\",\"isPartOf\":{\"@id\":\"https:\/\/pranarom.ca\/#website\"},\"primaryImageOfPage\":{\"@id\":\"https:\/\/pranarom.ca\/produit\/purifying-spray-for-mattress-pillows-and-carpet\/#primaryimage\"},\"image\":{\"@id\":\"https:\/\/pranarom.ca\/produit\/purifying-spray-for-mattress-pillows-and-carpet\/#primaryimage\"},\"thumbnailUrl\":\"https:\/\/pranarom.ca\/wp-content\/uploads\/2019\/05\/P-SPUR.png\",\"datePublished\":\"2019-05-02T18:23:14+00:00\",\"dateModified\":\"2022-03-28T15:58:54+00:00\",\"description\":\"Achetez Spray purifiant - Pour matelas, oreillers et tapis par Pranarom et b\u00e9n\u00e9ficiez d'une livraison rapide. N'h\u00e9sitez pas \u00e0 magasiner d'autres sprays d'huiles essentielles chez Pranarom.ca\",\"breadcrumb\":{\"@id\":\"https:\/\/pranarom.ca\/produit\/purifying-spray-for-mattress-pillows-and-carpet\/#breadcrumb\"},\"inLanguage\":\"fr-FR\",\"potentialAction\":[{\"@type\":\"ReadAction\",\"target\":[\"https:\/\/pranarom.ca\/produit\/purifying-spray-for-mattress-pillows-and-carpet\/\"]}]},{\"@type\":\"ImageObject\",\"inLanguage\":\"fr-FR\",\"@id\":\"https:\/\/pranarom.ca\/produit\/purifying-spray-for-mattress-pillows-and-carpet\/#primaryimage\",\"url\":\"https:\/\/pranarom.ca\/wp-content\/uploads\/2019\/05\/P-SPUR.png\",\"contentUrl\":\"https:\/\/pranarom.ca\/wp-content\/uploads\/2019\/05\/P-SPUR.png\",\"width\":800,\"height\":800},{\"@type\":\"BreadcrumbList\",\"@id\":\"https:\/\/pranarom.ca\/produit\/purifying-spray-for-mattress-pillows-and-carpet\/#breadcrumb\",\"itemListElement\":[{\"@type\":\"ListItem\",\"position\":1,\"name\":\"Home\",\"item\":\"https:\/\/pranarom.ca\/fr\/\"},{\"@type\":\"ListItem\",\"position\":2,\"name\":\"Shop\",\"item\":\"https:\/\/pranarom.ca\/shop\/\"},{\"@type\":\"ListItem\",\"position\":3,\"name\":\"Spray purifiant &#8211; Pour matelas, oreillers et tapis\"}]},{\"@type\":\"WebSite\",\"@id\":\"https:\/\/pranarom.ca\/#website\",\"url\":\"https:\/\/pranarom.ca\/\",\"name\":\"Pranarom Canada\",\"description\":\"Scientific Aromatherapyy\",\"publisher\":{\"@id\":\"https:\/\/pranarom.ca\/#organization\"},\"potentialAction\":[{\"@type\":\"SearchAction\",\"target\":{\"@type\":\"EntryPoint\",\"urlTemplate\":\"https:\/\/pranarom.ca\/?s={search_term_string}\"},\"query-input\":\"required name=search_term_string\"}],\"inLanguage\":\"fr-FR\"},{\"@type\":\"Organization\",\"@id\":\"https:\/\/pranarom.ca\/#organization\",\"name\":\"Pranarom\",\"url\":\"https:\/\/pranarom.ca\/\",\"logo\":{\"@type\":\"ImageObject\",\"inLanguage\":\"fr-FR\",\"@id\":\"https:\/\/pranarom.ca\/#\/schema\/logo\/image\/\",\"url\":\"https:\/\/pranarom.ca\/wp-content\/uploads\/2019\/03\/pranalogo.png\",\"contentUrl\":\"https:\/\/pranarom.ca\/wp-content\/uploads\/2019\/03\/pranalogo.png\",\"width\":330,\"height\":100,\"caption\":\"Pranarom\"},\"image\":{\"@id\":\"https:\/\/pranarom.ca\/#\/schema\/logo\/image\/\"},\"sameAs\":[\"https:\/\/www.facebook.com\/PranaromCanada\",\"http:\/\/instagram.com\/pranaromcanada\/\",\"https:\/\/www.instagram.com\/pranaromcanada\/\"]}]}<\/script>\n<!-- \/ Yoast SEO plugin. -->","yoast_head_json":{"title":"Spray purifiant - Pour matelas, oreillers et tapis par Pranarom |Sant\u00e9 et huiles bio","description":"Achetez Spray purifiant - Pour matelas, oreillers et tapis par Pranarom et b\u00e9n\u00e9ficiez d'une livraison rapide. N'h\u00e9sitez pas \u00e0 magasiner d'autres sprays d'huiles essentielles chez Pranarom.ca","robots":{"index":"index","follow":"follow","max-snippet":"max-snippet:-1","max-image-preview":"max-image-preview:large","max-video-preview":"max-video-preview:-1"},"canonical":"https:\/\/pranarom.ca\/produit\/purifying-spray-for-mattress-pillows-and-carpet\/","og_locale":"fr_FR","og_type":"article","og_title":"Spray purifiant - Pour matelas, oreillers et tapis par Pranarom |Sant\u00e9 et huiles bio","og_description":"Achetez Spray purifiant - Pour matelas, oreillers et tapis par Pranarom et b\u00e9n\u00e9ficiez d'une livraison rapide. N'h\u00e9sitez pas \u00e0 magasiner d'autres sprays d'huiles essentielles chez Pranarom.ca","og_url":"https:\/\/pranarom.ca\/produit\/purifying-spray-for-mattress-pillows-and-carpet\/","og_site_name":"Pranarom","article_publisher":"https:\/\/www.facebook.com\/PranaromCanada","article_modified_time":"2022-03-28T15:58:54+00:00","og_image":[{"width":800,"height":800,"url":"https:\/\/pranarom.ca\/wp-content\/uploads\/2019\/05\/P-SPUR.png","type":"image\/png"}],"twitter_card":"summary_large_image","twitter_misc":{"Dur\u00e9e de lecture estim\u00e9e":"2 minutes"},"schema":{"@context":"https:\/\/schema.org","@graph":[{"@type":"WebPage","@id":"https:\/\/pranarom.ca\/produit\/purifying-spray-for-mattress-pillows-and-carpet\/","url":"https:\/\/pranarom.ca\/produit\/purifying-spray-for-mattress-pillows-and-carpet\/","name":"Spray purifiant - Pour matelas, oreillers et tapis par Pranarom |Sant\u00e9 et huiles bio","isPartOf":{"@id":"https:\/\/pranarom.ca\/#website"},"primaryImageOfPage":{"@id":"https:\/\/pranarom.ca\/produit\/purifying-spray-for-mattress-pillows-and-carpet\/#primaryimage"},"image":{"@id":"https:\/\/pranarom.ca\/produit\/purifying-spray-for-mattress-pillows-and-carpet\/#primaryimage"},"thumbnailUrl":"https:\/\/pranarom.ca\/wp-content\/uploads\/2019\/05\/P-SPUR.png","datePublished":"2019-05-02T18:23:14+00:00","dateModified":"2022-03-28T15:58:54+00:00","description":"Achetez Spray purifiant - Pour matelas, oreillers et tapis par Pranarom et b\u00e9n\u00e9ficiez d'une livraison rapide. N'h\u00e9sitez pas \u00e0 magasiner d'autres sprays d'huiles essentielles chez Pranarom.ca","breadcrumb":{"@id":"https:\/\/pranarom.ca\/produit\/purifying-spray-for-mattress-pillows-and-carpet\/#breadcrumb"},"inLanguage":"fr-FR","potentialAction":[{"@type":"ReadAction","target":["https:\/\/pranarom.ca\/produit\/purifying-spray-for-mattress-pillows-and-carpet\/"]}]},{"@type":"ImageObject","inLanguage":"fr-FR","@id":"https:\/\/pranarom.ca\/produit\/purifying-spray-for-mattress-pillows-and-carpet\/#primaryimage","url":"https:\/\/pranarom.ca\/wp-content\/uploads\/2019\/05\/P-SPUR.png","contentUrl":"https:\/\/pranarom.ca\/wp-content\/uploads\/2019\/05\/P-SPUR.png","width":800,"height":800},{"@type":"BreadcrumbList","@id":"https:\/\/pranarom.ca\/produit\/purifying-spray-for-mattress-pillows-and-carpet\/#breadcrumb","itemListElement":[{"@type":"ListItem","position":1,"name":"Home","item":"https:\/\/pranarom.ca\/fr\/"},{"@type":"ListItem","position":2,"name":"Shop","item":"https:\/\/pranarom.ca\/shop\/"},{"@type":"ListItem","position":3,"name":"Spray purifiant &#8211; Pour matelas, oreillers et tapis"}]},{"@type":"WebSite","@id":"https:\/\/pranarom.ca\/#website","url":"https:\/\/pranarom.ca\/","name":"Pranarom Canada","description":"Scientific Aromatherapyy","publisher":{"@id":"https:\/\/pranarom.ca\/#organization"},"potentialAction":[{"@type":"SearchAction","target":{"@type":"EntryPoint","urlTemplate":"https:\/\/pranarom.ca\/?s={search_term_string}"},"query-input":"required name=search_term_string"}],"inLanguage":"fr-FR"},{"@type":"Organization","@id":"https:\/\/pranarom.ca\/#organization","name":"Pranarom","url":"https:\/\/pranarom.ca\/","logo":{"@type":"ImageObject","inLanguage":"fr-FR","@id":"https:\/\/pranarom.ca\/#\/schema\/logo\/image\/","url":"https:\/\/pranarom.ca\/wp-content\/uploads\/2019\/03\/pranalogo.png","contentUrl":"https:\/\/pranarom.ca\/wp-content\/uploads\/2019\/03\/pranalogo.png","width":330,"height":100,"caption":"Pranarom"},"image":{"@id":"https:\/\/pranarom.ca\/#\/schema\/logo\/image\/"},"sameAs":["https:\/\/www.facebook.com\/PranaromCanada","http:\/\/instagram.com\/pranaromcanada\/","https:\/\/www.instagram.com\/pranaromcanada\/"]}]}},"jetpack_sharing_enabled":true,"_links":{"self":[{"href":"https:\/\/pranarom.ca\/fr\/wp-json\/wp\/v2\/product\/43858"}],"collection":[{"href":"https:\/\/pranarom.ca\/fr\/wp-json\/wp\/v2\/product"}],"about":[{"href":"https:\/\/pranarom.ca\/fr\/wp-json\/wp\/v2\/types\/product"}],"replies":[{"embeddable":true,"href":"https:\/\/pranarom.ca\/fr\/wp-json\/wp\/v2\/comments?post=43858"}],"wp:featuredmedia":[{"embeddable":true,"href":"https:\/\/pranarom.ca\/fr\/wp-json\/wp\/v2\/media\/43891"}],"wp:attachment":[{"href":"https:\/\/pranarom.ca\/fr\/wp-json\/wp\/v2\/media?parent=43858"}],"wp:term":[{"taxonomy":"product_cat","embeddable":true,"href":"https:\/\/pranarom.ca\/fr\/wp-json\/wp\/v2\/product_cat?post=43858"},{"taxonomy":"product_tag","embeddable":true,"href":"https:\/\/pranarom.ca\/fr\/wp-json\/wp\/v2\/product_tag?post=43858"}],"curies":[{"name":"wp","href":"https:\/\/api.w.org\/{rel}","templated":true}]}}