{"id":41936,"date":"2019-03-12T20:24:26","date_gmt":"2019-03-12T20:24:26","guid":{"rendered":"https:\/\/pranarom.ca\/?post_type=product&#038;p=41936"},"modified":"2022-03-28T16:34:29","modified_gmt":"2022-03-28T16:34:29","slug":"hect-huiles-essentielles-chemotypees-et-leurs-synergies-2","status":"publish","type":"product","link":"https:\/\/pranarom.ca\/fr\/produit\/hect-huiles-essentielles-chemotypees-et-leurs-synergies-2\/","title":{"rendered":"HECT Huiles essentielles ch\u00e9motyp\u00e9es et leurs synergies"},"content":{"rendered":"<hr \/>\n<p class=\"p1\"><span class=\"s1\"><b>Une information simple, rigoureuse et scientifique : voil\u00e0 ce que propose ce livret court mais condens\u00e9, qui explique ce qu\u2019est un ch\u00e9motype et pr\u00e9sente un survol des principales huiles essentielles, de leurs propri\u00e9t\u00e9s et de leurs indications.<\/b><\/span><\/p>\n<p class=\"p1\"><span class=\"s1\"><strong>Dominique Baudoux<\/strong>, pharmacien et passionn\u00e9 des huiles essentielles, met ses comp\u00e9tences et son exp\u00e9rience au service de ses domaines de pr\u00e9dilection, tous en rapport avec les relations qui unissent l\u2019homme \u00e0 la nature. Issu d&#8217;une famille de pharmaciens de p\u00e8re en fils, il a \u00e9t\u00e9 impr\u00e9gn\u00e9 de cet esprit o\u00f9 la connaissance profonde et rationnelle des rem\u00e8des phyto-aromatiques s\u2019associe aux conseils bas\u00e9s sur une approche globale de l\u2019\u00eatre vis-\u00e0-vis d\u2019une pathologie. Directeur d\u2019une soci\u00e9t\u00e9 d\u2019aromath\u00e9rapie, il enseigne cette discipline en Europe, au Qu\u00e9bec, au Japon et \u00e0 Ta\u00efwan pour le compte de plusieurs \u00e9coles de naturopathie. <\/span><\/p>\n<p class=\"p1\"><span class=\"s1\"><strong>Abdesselam Zhiri<\/strong> est docteur en biotechnologie v\u00e9g\u00e9tale; chercheur pendant 10 ans dans un laboratoire universitaire prestigieux, il est le directeur de recherche de Pranar\u00f4m. Il assure la coordination et la gestion de tous les programmes de recherche et repr\u00e9sente l&#8217;interface Pranar\u00f4m pour les universit\u00e9s et les laboratoires priv\u00e9s europ\u00e9ens et internationaux. Sa recherche est davantage orient\u00e9e vers la toxicit\u00e9 des huiles essentielles et l\u2019activit\u00e9 antig\u00e9notoxique et antimutag\u00e8ne. <\/span><\/p>\n<hr \/>\n<p>ISBN : 978-2-8755-2102-6<br \/>\n<span class=\"s1\">\u00c9dition Inspir Development, 95 pages <\/span><\/p>\n<p class=\"p1\"><span class=\"s1\"><i>Imprim\u00e9 sur du papier 100% recycl\u00e9<\/i><\/span><\/p>\n<p class=\"p1\"><span class=\"s1\">Format: 14,5cm x 21cm<\/span><\/p>\n","protected":false},"excerpt":{"rendered":"<p><strong>Dr. Zhiri, D. Baudoux et M.L. Breda<\/strong><\/p>\n","protected":false},"featured_media":41934,"comment_status":"open","ping_status":"closed","template":"","meta":{"_et_pb_use_builder":"","_et_pb_old_content":"","_et_gb_content_width":""},"product_cat":[380,337],"product_tag":[],"acf":[],"yoast_head":"<!-- This site is optimized with the Yoast SEO plugin v22.6 - https:\/\/yoast.com\/wordpress\/plugins\/seo\/ -->\n<title>HECT Huiles essentielles ch\u00e9motyp\u00e9es et leurs synergies par Pranarom | Livres de r\u00e9f\u00e9rence<\/title>\n<meta name=\"description\" content=\"Achetez le livre \u00abHECT Huiles essentielles ch\u00e9motyp\u00e9es et leurs synergies \u00bb par Pranarom et b\u00e9n\u00e9ficiez d&#039;une livraison rapide. N&#039;h\u00e9sitez pas \u00e0 nous contacter avec vos questions.\" \/>\n<meta name=\"robots\" content=\"index, follow, max-snippet:-1, max-image-preview:large, max-video-preview:-1\" \/>\n<link rel=\"canonical\" href=\"https:\/\/pranarom.ca\/fr\/produit\/hect-huiles-essentielles-chemotypees-et-leurs-synergies-2\/\" \/>\n<meta property=\"og:locale\" content=\"fr_FR\" \/>\n<meta property=\"og:type\" content=\"article\" \/>\n<meta property=\"og:title\" content=\"HECT Huiles essentielles ch\u00e9motyp\u00e9es et leurs synergies par Pranarom | Livres de r\u00e9f\u00e9rence\" \/>\n<meta property=\"og:description\" content=\"Achetez le livre \u00abHECT Huiles essentielles ch\u00e9motyp\u00e9es et leurs synergies \u00bb par Pranarom et b\u00e9n\u00e9ficiez d&#039;une livraison rapide. N&#039;h\u00e9sitez pas \u00e0 nous contacter avec vos questions.\" \/>\n<meta property=\"og:url\" content=\"https:\/\/pranarom.ca\/fr\/produit\/hect-huiles-essentielles-chemotypees-et-leurs-synergies-2\/\" \/>\n<meta property=\"og:site_name\" content=\"Pranarom\" \/>\n<meta property=\"article:publisher\" content=\"https:\/\/www.facebook.com\/PranaromCanada\" \/>\n<meta property=\"article:modified_time\" content=\"2022-03-28T16:34:29+00:00\" \/>\n<meta property=\"og:image\" content=\"https:\/\/pranarom.ca\/wp-content\/uploads\/2015\/12\/Livret-huiles-essentielles.png\" \/>\n\t<meta property=\"og:image:width\" content=\"450\" \/>\n\t<meta property=\"og:image:height\" content=\"450\" \/>\n\t<meta property=\"og:image:type\" content=\"image\/png\" \/>\n<meta name=\"twitter:card\" content=\"summary_large_image\" \/>\n<meta name=\"twitter:label1\" content=\"Dur\u00e9e de lecture estim\u00e9e\" \/>\n\t<meta name=\"twitter:data1\" content=\"1 minute\" \/>\n<script type=\"application\/ld+json\" class=\"yoast-schema-graph\">{\"@context\":\"https:\/\/schema.org\",\"@graph\":[{\"@type\":\"WebPage\",\"@id\":\"https:\/\/pranarom.ca\/fr\/produit\/hect-huiles-essentielles-chemotypees-et-leurs-synergies-2\/\",\"url\":\"https:\/\/pranarom.ca\/fr\/produit\/hect-huiles-essentielles-chemotypees-et-leurs-synergies-2\/\",\"name\":\"HECT Huiles essentielles ch\u00e9motyp\u00e9es et leurs synergies par Pranarom | Livres de r\u00e9f\u00e9rence\",\"isPartOf\":{\"@id\":\"https:\/\/pranarom.ca\/#website\"},\"primaryImageOfPage\":{\"@id\":\"https:\/\/pranarom.ca\/fr\/produit\/hect-huiles-essentielles-chemotypees-et-leurs-synergies-2\/#primaryimage\"},\"image\":{\"@id\":\"https:\/\/pranarom.ca\/fr\/produit\/hect-huiles-essentielles-chemotypees-et-leurs-synergies-2\/#primaryimage\"},\"thumbnailUrl\":\"https:\/\/pranarom.ca\/wp-content\/uploads\/2015\/12\/Livret-huiles-essentielles.png\",\"datePublished\":\"2019-03-12T20:24:26+00:00\",\"dateModified\":\"2022-03-28T16:34:29+00:00\",\"description\":\"Achetez le livre \u00abHECT Huiles essentielles ch\u00e9motyp\u00e9es et leurs synergies \u00bb par Pranarom et b\u00e9n\u00e9ficiez d'une livraison rapide. N'h\u00e9sitez pas \u00e0 nous contacter avec vos questions.\",\"breadcrumb\":{\"@id\":\"https:\/\/pranarom.ca\/fr\/produit\/hect-huiles-essentielles-chemotypees-et-leurs-synergies-2\/#breadcrumb\"},\"inLanguage\":\"fr-FR\",\"potentialAction\":[{\"@type\":\"ReadAction\",\"target\":[\"https:\/\/pranarom.ca\/fr\/produit\/hect-huiles-essentielles-chemotypees-et-leurs-synergies-2\/\"]}]},{\"@type\":\"ImageObject\",\"inLanguage\":\"fr-FR\",\"@id\":\"https:\/\/pranarom.ca\/fr\/produit\/hect-huiles-essentielles-chemotypees-et-leurs-synergies-2\/#primaryimage\",\"url\":\"https:\/\/pranarom.ca\/wp-content\/uploads\/2015\/12\/Livret-huiles-essentielles.png\",\"contentUrl\":\"https:\/\/pranarom.ca\/wp-content\/uploads\/2015\/12\/Livret-huiles-essentielles.png\",\"width\":450,\"height\":450},{\"@type\":\"BreadcrumbList\",\"@id\":\"https:\/\/pranarom.ca\/fr\/produit\/hect-huiles-essentielles-chemotypees-et-leurs-synergies-2\/#breadcrumb\",\"itemListElement\":[{\"@type\":\"ListItem\",\"position\":1,\"name\":\"Home\",\"item\":\"https:\/\/pranarom.ca\/fr\/\"},{\"@type\":\"ListItem\",\"position\":2,\"name\":\"Shop\",\"item\":\"https:\/\/pranarom.ca\/shop\/\"},{\"@type\":\"ListItem\",\"position\":3,\"name\":\"HECT Huiles essentielles ch\u00e9motyp\u00e9es et leurs synergies\"}]},{\"@type\":\"WebSite\",\"@id\":\"https:\/\/pranarom.ca\/#website\",\"url\":\"https:\/\/pranarom.ca\/\",\"name\":\"Pranarom Canada\",\"description\":\"Scientific Aromatherapyy\",\"publisher\":{\"@id\":\"https:\/\/pranarom.ca\/#organization\"},\"potentialAction\":[{\"@type\":\"SearchAction\",\"target\":{\"@type\":\"EntryPoint\",\"urlTemplate\":\"https:\/\/pranarom.ca\/?s={search_term_string}\"},\"query-input\":\"required name=search_term_string\"}],\"inLanguage\":\"fr-FR\"},{\"@type\":\"Organization\",\"@id\":\"https:\/\/pranarom.ca\/#organization\",\"name\":\"Pranarom\",\"url\":\"https:\/\/pranarom.ca\/\",\"logo\":{\"@type\":\"ImageObject\",\"inLanguage\":\"fr-FR\",\"@id\":\"https:\/\/pranarom.ca\/#\/schema\/logo\/image\/\",\"url\":\"https:\/\/pranarom.ca\/wp-content\/uploads\/2019\/03\/pranalogo.png\",\"contentUrl\":\"https:\/\/pranarom.ca\/wp-content\/uploads\/2019\/03\/pranalogo.png\",\"width\":330,\"height\":100,\"caption\":\"Pranarom\"},\"image\":{\"@id\":\"https:\/\/pranarom.ca\/#\/schema\/logo\/image\/\"},\"sameAs\":[\"https:\/\/www.facebook.com\/PranaromCanada\",\"http:\/\/instagram.com\/pranaromcanada\/\",\"https:\/\/www.instagram.com\/pranaromcanada\/\"]}]}<\/script>\n<!-- \/ Yoast SEO plugin. -->","yoast_head_json":{"title":"HECT Huiles essentielles ch\u00e9motyp\u00e9es et leurs synergies par Pranarom | Livres de r\u00e9f\u00e9rence","description":"Achetez le livre \u00abHECT Huiles essentielles ch\u00e9motyp\u00e9es et leurs synergies \u00bb par Pranarom et b\u00e9n\u00e9ficiez d'une livraison rapide. N'h\u00e9sitez pas \u00e0 nous contacter avec vos questions.","robots":{"index":"index","follow":"follow","max-snippet":"max-snippet:-1","max-image-preview":"max-image-preview:large","max-video-preview":"max-video-preview:-1"},"canonical":"https:\/\/pranarom.ca\/fr\/produit\/hect-huiles-essentielles-chemotypees-et-leurs-synergies-2\/","og_locale":"fr_FR","og_type":"article","og_title":"HECT Huiles essentielles ch\u00e9motyp\u00e9es et leurs synergies par Pranarom | Livres de r\u00e9f\u00e9rence","og_description":"Achetez le livre \u00abHECT Huiles essentielles ch\u00e9motyp\u00e9es et leurs synergies \u00bb par Pranarom et b\u00e9n\u00e9ficiez d'une livraison rapide. N'h\u00e9sitez pas \u00e0 nous contacter avec vos questions.","og_url":"https:\/\/pranarom.ca\/fr\/produit\/hect-huiles-essentielles-chemotypees-et-leurs-synergies-2\/","og_site_name":"Pranarom","article_publisher":"https:\/\/www.facebook.com\/PranaromCanada","article_modified_time":"2022-03-28T16:34:29+00:00","og_image":[{"width":450,"height":450,"url":"https:\/\/pranarom.ca\/wp-content\/uploads\/2015\/12\/Livret-huiles-essentielles.png","type":"image\/png"}],"twitter_card":"summary_large_image","twitter_misc":{"Dur\u00e9e de lecture estim\u00e9e":"1 minute"},"schema":{"@context":"https:\/\/schema.org","@graph":[{"@type":"WebPage","@id":"https:\/\/pranarom.ca\/fr\/produit\/hect-huiles-essentielles-chemotypees-et-leurs-synergies-2\/","url":"https:\/\/pranarom.ca\/fr\/produit\/hect-huiles-essentielles-chemotypees-et-leurs-synergies-2\/","name":"HECT Huiles essentielles ch\u00e9motyp\u00e9es et leurs synergies par Pranarom | Livres de r\u00e9f\u00e9rence","isPartOf":{"@id":"https:\/\/pranarom.ca\/#website"},"primaryImageOfPage":{"@id":"https:\/\/pranarom.ca\/fr\/produit\/hect-huiles-essentielles-chemotypees-et-leurs-synergies-2\/#primaryimage"},"image":{"@id":"https:\/\/pranarom.ca\/fr\/produit\/hect-huiles-essentielles-chemotypees-et-leurs-synergies-2\/#primaryimage"},"thumbnailUrl":"https:\/\/pranarom.ca\/wp-content\/uploads\/2015\/12\/Livret-huiles-essentielles.png","datePublished":"2019-03-12T20:24:26+00:00","dateModified":"2022-03-28T16:34:29+00:00","description":"Achetez le livre \u00abHECT Huiles essentielles ch\u00e9motyp\u00e9es et leurs synergies \u00bb par Pranarom et b\u00e9n\u00e9ficiez d'une livraison rapide. N'h\u00e9sitez pas \u00e0 nous contacter avec vos questions.","breadcrumb":{"@id":"https:\/\/pranarom.ca\/fr\/produit\/hect-huiles-essentielles-chemotypees-et-leurs-synergies-2\/#breadcrumb"},"inLanguage":"fr-FR","potentialAction":[{"@type":"ReadAction","target":["https:\/\/pranarom.ca\/fr\/produit\/hect-huiles-essentielles-chemotypees-et-leurs-synergies-2\/"]}]},{"@type":"ImageObject","inLanguage":"fr-FR","@id":"https:\/\/pranarom.ca\/fr\/produit\/hect-huiles-essentielles-chemotypees-et-leurs-synergies-2\/#primaryimage","url":"https:\/\/pranarom.ca\/wp-content\/uploads\/2015\/12\/Livret-huiles-essentielles.png","contentUrl":"https:\/\/pranarom.ca\/wp-content\/uploads\/2015\/12\/Livret-huiles-essentielles.png","width":450,"height":450},{"@type":"BreadcrumbList","@id":"https:\/\/pranarom.ca\/fr\/produit\/hect-huiles-essentielles-chemotypees-et-leurs-synergies-2\/#breadcrumb","itemListElement":[{"@type":"ListItem","position":1,"name":"Home","item":"https:\/\/pranarom.ca\/fr\/"},{"@type":"ListItem","position":2,"name":"Shop","item":"https:\/\/pranarom.ca\/shop\/"},{"@type":"ListItem","position":3,"name":"HECT Huiles essentielles ch\u00e9motyp\u00e9es et leurs synergies"}]},{"@type":"WebSite","@id":"https:\/\/pranarom.ca\/#website","url":"https:\/\/pranarom.ca\/","name":"Pranarom Canada","description":"Scientific Aromatherapyy","publisher":{"@id":"https:\/\/pranarom.ca\/#organization"},"potentialAction":[{"@type":"SearchAction","target":{"@type":"EntryPoint","urlTemplate":"https:\/\/pranarom.ca\/?s={search_term_string}"},"query-input":"required name=search_term_string"}],"inLanguage":"fr-FR"},{"@type":"Organization","@id":"https:\/\/pranarom.ca\/#organization","name":"Pranarom","url":"https:\/\/pranarom.ca\/","logo":{"@type":"ImageObject","inLanguage":"fr-FR","@id":"https:\/\/pranarom.ca\/#\/schema\/logo\/image\/","url":"https:\/\/pranarom.ca\/wp-content\/uploads\/2019\/03\/pranalogo.png","contentUrl":"https:\/\/pranarom.ca\/wp-content\/uploads\/2019\/03\/pranalogo.png","width":330,"height":100,"caption":"Pranarom"},"image":{"@id":"https:\/\/pranarom.ca\/#\/schema\/logo\/image\/"},"sameAs":["https:\/\/www.facebook.com\/PranaromCanada","http:\/\/instagram.com\/pranaromcanada\/","https:\/\/www.instagram.com\/pranaromcanada\/"]}]}},"jetpack_sharing_enabled":true,"_links":{"self":[{"href":"https:\/\/pranarom.ca\/fr\/wp-json\/wp\/v2\/product\/41936"}],"collection":[{"href":"https:\/\/pranarom.ca\/fr\/wp-json\/wp\/v2\/product"}],"about":[{"href":"https:\/\/pranarom.ca\/fr\/wp-json\/wp\/v2\/types\/product"}],"replies":[{"embeddable":true,"href":"https:\/\/pranarom.ca\/fr\/wp-json\/wp\/v2\/comments?post=41936"}],"wp:featuredmedia":[{"embeddable":true,"href":"https:\/\/pranarom.ca\/fr\/wp-json\/wp\/v2\/media\/41934"}],"wp:attachment":[{"href":"https:\/\/pranarom.ca\/fr\/wp-json\/wp\/v2\/media?parent=41936"}],"wp:term":[{"taxonomy":"product_cat","embeddable":true,"href":"https:\/\/pranarom.ca\/fr\/wp-json\/wp\/v2\/product_cat?post=41936"},{"taxonomy":"product_tag","embeddable":true,"href":"https:\/\/pranarom.ca\/fr\/wp-json\/wp\/v2\/product_tag?post=41936"}],"curies":[{"name":"wp","href":"https:\/\/api.w.org\/{rel}","templated":true}]}}