{"id":35138,"date":"2018-05-10T00:00:00","date_gmt":"2018-05-10T00:00:00","guid":{"rendered":"https:\/\/pranarom.ca\/?post_type=product&#038;p=35138"},"modified":"2022-03-28T16:36:15","modified_gmt":"2022-03-28T16:36:15","slug":"inhalateur-pour-huiles-essentielles","status":"publish","type":"product","link":"https:\/\/pranarom.ca\/fr\/produit\/inhalateur-pour-huiles-essentielles\/","title":{"rendered":"Inhalateur pour huiles essentielles"},"content":{"rendered":"<hr \/>\n<h2><strong>Instructions :<\/strong><\/h2>\n<ul>\n<li>D\u00e9posez quelques gouttes d&#8217;huile essentielle Pranar\u014dm ou de m\u00e9lange Pranar\u014dm Aromavita sur un tampon de coton.<\/li>\n<li>Ins\u00e9rez le tampon de coton dans l\u2019inhalateur<\/li>\n<li>Fixez le capuchon d\u2019\u00e9tanch\u00e9it\u00e9 au bas de l\u2019inhalateur<\/li>\n<li>Inhalez (respirez) le parfum des huiles par l\u2019ouverture en haut de l\u2019inhalateur<\/li>\n<li>Lorsque vous avez termin\u00e9, r\u00e9ins\u00e9rez l\u2019inhalateur dans le tube protecteur et vissez fermement afin d\u2019\u00e9viter la perte d\u2019ar\u00f4me.<\/li>\n<\/ul>\n<hr \/>\n<h2><strong>Ci-inclus\u00a0: <\/strong><\/h2>\n<p>Inhalateur, tampon de coton, capuchon d\u2019\u00e9tanch\u00e9it\u00e9 et tube protecteur x 3.<\/p>\n","protected":false},"excerpt":{"rendered":"<p>Instructions : D\u00e9posez quelques gouttes d&#8217;huile essentielle Pranar\u014dm ou de m\u00e9lange Pranar\u014dm Aromavita sur un tampon de coton. Ins\u00e9rez le\u2026<\/p>\n","protected":false},"featured_media":58784,"comment_status":"open","ping_status":"closed","template":"","meta":{"_et_pb_use_builder":"","_et_pb_old_content":"","_et_gb_content_width":""},"product_cat":[375,326,336],"product_tag":[],"acf":[],"yoast_head":"<!-- This site is optimized with the Yoast SEO plugin v22.6 - https:\/\/yoast.com\/wordpress\/plugins\/seo\/ -->\n<title>Rouleaux et Inhalateurs par Pranarom | Accessoires d&#039;aromth\u00e9rapie<\/title>\n<meta name=\"description\" content=\"Achetez un inhalateur pour huiles essentielles par Pranarom et b\u00e9n\u00e9ficiez d&#039;une livraison rapide. N&#039;h\u00e9sitez pas \u00e0 magasiner d&#039;autres accessoires Pranarom chez Pranarom.ca\" \/>\n<meta name=\"robots\" content=\"index, follow, max-snippet:-1, max-image-preview:large, max-video-preview:-1\" \/>\n<link rel=\"canonical\" href=\"https:\/\/pranarom.ca\/fr\/produit\/inhalateur-pour-huiles-essentielles\/\" \/>\n<meta property=\"og:locale\" content=\"fr_FR\" \/>\n<meta property=\"og:type\" content=\"article\" \/>\n<meta property=\"og:title\" content=\"Rouleaux et Inhalateurs par Pranarom | Accessoires d&#039;aromth\u00e9rapie\" \/>\n<meta property=\"og:description\" content=\"Achetez un inhalateur pour huiles essentielles par Pranarom et b\u00e9n\u00e9ficiez d&#039;une livraison rapide. N&#039;h\u00e9sitez pas \u00e0 magasiner d&#039;autres accessoires Pranarom chez Pranarom.ca\" \/>\n<meta property=\"og:url\" content=\"https:\/\/pranarom.ca\/fr\/produit\/inhalateur-pour-huiles-essentielles\/\" \/>\n<meta property=\"og:site_name\" content=\"Pranarom\" \/>\n<meta property=\"article:publisher\" content=\"https:\/\/www.facebook.com\/PranaromCanada\" \/>\n<meta property=\"article:modified_time\" content=\"2022-03-28T16:36:15+00:00\" \/>\n<meta property=\"og:image\" content=\"https:\/\/pranarom.ca\/wp-content\/uploads\/2018\/05\/L-INHA.png\" \/>\n\t<meta property=\"og:image:width\" content=\"1500\" \/>\n\t<meta property=\"og:image:height\" content=\"1500\" \/>\n\t<meta property=\"og:image:type\" content=\"image\/png\" \/>\n<meta name=\"twitter:card\" content=\"summary_large_image\" \/>\n<meta name=\"twitter:label1\" content=\"Dur\u00e9e de lecture estim\u00e9e\" \/>\n\t<meta name=\"twitter:data1\" content=\"1 minute\" \/>\n<script type=\"application\/ld+json\" class=\"yoast-schema-graph\">{\"@context\":\"https:\/\/schema.org\",\"@graph\":[{\"@type\":\"WebPage\",\"@id\":\"https:\/\/pranarom.ca\/fr\/produit\/inhalateur-pour-huiles-essentielles\/\",\"url\":\"https:\/\/pranarom.ca\/fr\/produit\/inhalateur-pour-huiles-essentielles\/\",\"name\":\"Rouleaux et Inhalateurs par Pranarom | Accessoires d'aromth\u00e9rapie\",\"isPartOf\":{\"@id\":\"https:\/\/pranarom.ca\/#website\"},\"primaryImageOfPage\":{\"@id\":\"https:\/\/pranarom.ca\/fr\/produit\/inhalateur-pour-huiles-essentielles\/#primaryimage\"},\"image\":{\"@id\":\"https:\/\/pranarom.ca\/fr\/produit\/inhalateur-pour-huiles-essentielles\/#primaryimage\"},\"thumbnailUrl\":\"https:\/\/pranarom.ca\/wp-content\/uploads\/2018\/05\/L-INHA.png\",\"datePublished\":\"2018-05-10T00:00:00+00:00\",\"dateModified\":\"2022-03-28T16:36:15+00:00\",\"description\":\"Achetez un inhalateur pour huiles essentielles par Pranarom et b\u00e9n\u00e9ficiez d'une livraison rapide. N'h\u00e9sitez pas \u00e0 magasiner d'autres accessoires Pranarom chez Pranarom.ca\",\"breadcrumb\":{\"@id\":\"https:\/\/pranarom.ca\/fr\/produit\/inhalateur-pour-huiles-essentielles\/#breadcrumb\"},\"inLanguage\":\"fr-FR\",\"potentialAction\":[{\"@type\":\"ReadAction\",\"target\":[\"https:\/\/pranarom.ca\/fr\/produit\/inhalateur-pour-huiles-essentielles\/\"]}]},{\"@type\":\"ImageObject\",\"inLanguage\":\"fr-FR\",\"@id\":\"https:\/\/pranarom.ca\/fr\/produit\/inhalateur-pour-huiles-essentielles\/#primaryimage\",\"url\":\"https:\/\/pranarom.ca\/wp-content\/uploads\/2018\/05\/L-INHA.png\",\"contentUrl\":\"https:\/\/pranarom.ca\/wp-content\/uploads\/2018\/05\/L-INHA.png\",\"width\":1500,\"height\":1500},{\"@type\":\"BreadcrumbList\",\"@id\":\"https:\/\/pranarom.ca\/fr\/produit\/inhalateur-pour-huiles-essentielles\/#breadcrumb\",\"itemListElement\":[{\"@type\":\"ListItem\",\"position\":1,\"name\":\"Home\",\"item\":\"https:\/\/pranarom.ca\/fr\/\"},{\"@type\":\"ListItem\",\"position\":2,\"name\":\"Shop\",\"item\":\"https:\/\/pranarom.ca\/shop\/\"},{\"@type\":\"ListItem\",\"position\":3,\"name\":\"Inhalateur pour huiles essentielles\"}]},{\"@type\":\"WebSite\",\"@id\":\"https:\/\/pranarom.ca\/#website\",\"url\":\"https:\/\/pranarom.ca\/\",\"name\":\"Pranarom Canada\",\"description\":\"Scientific Aromatherapyy\",\"publisher\":{\"@id\":\"https:\/\/pranarom.ca\/#organization\"},\"potentialAction\":[{\"@type\":\"SearchAction\",\"target\":{\"@type\":\"EntryPoint\",\"urlTemplate\":\"https:\/\/pranarom.ca\/?s={search_term_string}\"},\"query-input\":\"required name=search_term_string\"}],\"inLanguage\":\"fr-FR\"},{\"@type\":\"Organization\",\"@id\":\"https:\/\/pranarom.ca\/#organization\",\"name\":\"Pranarom\",\"url\":\"https:\/\/pranarom.ca\/\",\"logo\":{\"@type\":\"ImageObject\",\"inLanguage\":\"fr-FR\",\"@id\":\"https:\/\/pranarom.ca\/#\/schema\/logo\/image\/\",\"url\":\"https:\/\/pranarom.ca\/wp-content\/uploads\/2019\/03\/pranalogo.png\",\"contentUrl\":\"https:\/\/pranarom.ca\/wp-content\/uploads\/2019\/03\/pranalogo.png\",\"width\":330,\"height\":100,\"caption\":\"Pranarom\"},\"image\":{\"@id\":\"https:\/\/pranarom.ca\/#\/schema\/logo\/image\/\"},\"sameAs\":[\"https:\/\/www.facebook.com\/PranaromCanada\",\"http:\/\/instagram.com\/pranaromcanada\/\",\"https:\/\/www.instagram.com\/pranaromcanada\/\"]}]}<\/script>\n<!-- \/ Yoast SEO plugin. -->","yoast_head_json":{"title":"Rouleaux et Inhalateurs par Pranarom | Accessoires d'aromth\u00e9rapie","description":"Achetez un inhalateur pour huiles essentielles par Pranarom et b\u00e9n\u00e9ficiez d'une livraison rapide. N'h\u00e9sitez pas \u00e0 magasiner d'autres accessoires Pranarom chez Pranarom.ca","robots":{"index":"index","follow":"follow","max-snippet":"max-snippet:-1","max-image-preview":"max-image-preview:large","max-video-preview":"max-video-preview:-1"},"canonical":"https:\/\/pranarom.ca\/fr\/produit\/inhalateur-pour-huiles-essentielles\/","og_locale":"fr_FR","og_type":"article","og_title":"Rouleaux et Inhalateurs par Pranarom | Accessoires d'aromth\u00e9rapie","og_description":"Achetez un inhalateur pour huiles essentielles par Pranarom et b\u00e9n\u00e9ficiez d'une livraison rapide. N'h\u00e9sitez pas \u00e0 magasiner d'autres accessoires Pranarom chez Pranarom.ca","og_url":"https:\/\/pranarom.ca\/fr\/produit\/inhalateur-pour-huiles-essentielles\/","og_site_name":"Pranarom","article_publisher":"https:\/\/www.facebook.com\/PranaromCanada","article_modified_time":"2022-03-28T16:36:15+00:00","og_image":[{"width":1500,"height":1500,"url":"https:\/\/pranarom.ca\/wp-content\/uploads\/2018\/05\/L-INHA.png","type":"image\/png"}],"twitter_card":"summary_large_image","twitter_misc":{"Dur\u00e9e de lecture estim\u00e9e":"1 minute"},"schema":{"@context":"https:\/\/schema.org","@graph":[{"@type":"WebPage","@id":"https:\/\/pranarom.ca\/fr\/produit\/inhalateur-pour-huiles-essentielles\/","url":"https:\/\/pranarom.ca\/fr\/produit\/inhalateur-pour-huiles-essentielles\/","name":"Rouleaux et Inhalateurs par Pranarom | Accessoires d'aromth\u00e9rapie","isPartOf":{"@id":"https:\/\/pranarom.ca\/#website"},"primaryImageOfPage":{"@id":"https:\/\/pranarom.ca\/fr\/produit\/inhalateur-pour-huiles-essentielles\/#primaryimage"},"image":{"@id":"https:\/\/pranarom.ca\/fr\/produit\/inhalateur-pour-huiles-essentielles\/#primaryimage"},"thumbnailUrl":"https:\/\/pranarom.ca\/wp-content\/uploads\/2018\/05\/L-INHA.png","datePublished":"2018-05-10T00:00:00+00:00","dateModified":"2022-03-28T16:36:15+00:00","description":"Achetez un inhalateur pour huiles essentielles par Pranarom et b\u00e9n\u00e9ficiez d'une livraison rapide. N'h\u00e9sitez pas \u00e0 magasiner d'autres accessoires Pranarom chez Pranarom.ca","breadcrumb":{"@id":"https:\/\/pranarom.ca\/fr\/produit\/inhalateur-pour-huiles-essentielles\/#breadcrumb"},"inLanguage":"fr-FR","potentialAction":[{"@type":"ReadAction","target":["https:\/\/pranarom.ca\/fr\/produit\/inhalateur-pour-huiles-essentielles\/"]}]},{"@type":"ImageObject","inLanguage":"fr-FR","@id":"https:\/\/pranarom.ca\/fr\/produit\/inhalateur-pour-huiles-essentielles\/#primaryimage","url":"https:\/\/pranarom.ca\/wp-content\/uploads\/2018\/05\/L-INHA.png","contentUrl":"https:\/\/pranarom.ca\/wp-content\/uploads\/2018\/05\/L-INHA.png","width":1500,"height":1500},{"@type":"BreadcrumbList","@id":"https:\/\/pranarom.ca\/fr\/produit\/inhalateur-pour-huiles-essentielles\/#breadcrumb","itemListElement":[{"@type":"ListItem","position":1,"name":"Home","item":"https:\/\/pranarom.ca\/fr\/"},{"@type":"ListItem","position":2,"name":"Shop","item":"https:\/\/pranarom.ca\/shop\/"},{"@type":"ListItem","position":3,"name":"Inhalateur pour huiles essentielles"}]},{"@type":"WebSite","@id":"https:\/\/pranarom.ca\/#website","url":"https:\/\/pranarom.ca\/","name":"Pranarom Canada","description":"Scientific Aromatherapyy","publisher":{"@id":"https:\/\/pranarom.ca\/#organization"},"potentialAction":[{"@type":"SearchAction","target":{"@type":"EntryPoint","urlTemplate":"https:\/\/pranarom.ca\/?s={search_term_string}"},"query-input":"required name=search_term_string"}],"inLanguage":"fr-FR"},{"@type":"Organization","@id":"https:\/\/pranarom.ca\/#organization","name":"Pranarom","url":"https:\/\/pranarom.ca\/","logo":{"@type":"ImageObject","inLanguage":"fr-FR","@id":"https:\/\/pranarom.ca\/#\/schema\/logo\/image\/","url":"https:\/\/pranarom.ca\/wp-content\/uploads\/2019\/03\/pranalogo.png","contentUrl":"https:\/\/pranarom.ca\/wp-content\/uploads\/2019\/03\/pranalogo.png","width":330,"height":100,"caption":"Pranarom"},"image":{"@id":"https:\/\/pranarom.ca\/#\/schema\/logo\/image\/"},"sameAs":["https:\/\/www.facebook.com\/PranaromCanada","http:\/\/instagram.com\/pranaromcanada\/","https:\/\/www.instagram.com\/pranaromcanada\/"]}]}},"jetpack_sharing_enabled":true,"_links":{"self":[{"href":"https:\/\/pranarom.ca\/fr\/wp-json\/wp\/v2\/product\/35138"}],"collection":[{"href":"https:\/\/pranarom.ca\/fr\/wp-json\/wp\/v2\/product"}],"about":[{"href":"https:\/\/pranarom.ca\/fr\/wp-json\/wp\/v2\/types\/product"}],"replies":[{"embeddable":true,"href":"https:\/\/pranarom.ca\/fr\/wp-json\/wp\/v2\/comments?post=35138"}],"wp:featuredmedia":[{"embeddable":true,"href":"https:\/\/pranarom.ca\/fr\/wp-json\/wp\/v2\/media\/58784"}],"wp:attachment":[{"href":"https:\/\/pranarom.ca\/fr\/wp-json\/wp\/v2\/media?parent=35138"}],"wp:term":[{"taxonomy":"product_cat","embeddable":true,"href":"https:\/\/pranarom.ca\/fr\/wp-json\/wp\/v2\/product_cat?post=35138"},{"taxonomy":"product_tag","embeddable":true,"href":"https:\/\/pranarom.ca\/fr\/wp-json\/wp\/v2\/product_tag?post=35138"}],"curies":[{"name":"wp","href":"https:\/\/api.w.org\/{rel}","templated":true}]}}