{"id":35111,"date":"2017-11-20T00:00:00","date_gmt":"2017-11-20T00:00:00","guid":{"rendered":"https:\/\/pranarom.ca\/?post_type=product&#038;p=35111"},"modified":"2022-03-28T19:25:21","modified_gmt":"2022-03-28T19:25:21","slug":"elixir-dorient-curcuma-3000-mg","status":"publish","type":"product","link":"https:\/\/pranarom.ca\/fr\/produit\/elixir-dorient-curcuma-3000-mg\/","title":{"rendered":"\u00c9lixir d&#8217;Orient Curcuma 3000 mg"},"content":{"rendered":"<hr \/>\n<p>Fournit des antioxydants pour le maintien d\u2019une bonne sant\u00e9.<\/p>\n<p>Utilis\u00e9 en phytoth\u00e9rapie pour :<\/p>\n<ul>\n<li><strong>aider \u00e0 la digestion<\/strong>,<\/li>\n<li>aider\u00a0 \u00e0 <strong>soulager la dyspepsie flatulente<\/strong><\/li>\n<li>comme agent <strong>protection du foie<\/strong><\/li>\n<li>comme <strong>anti-inflammatoire<\/strong> pour soulager la douleur articulaire<\/li>\n<\/ul>\n<hr \/>\n<h2><strong>L\u2019\u00e9lixir d\u2019orient\u00a0: votre alli\u00e9 sant\u00e9<\/strong><\/h2>\n<ul>\n<li>Forte teneur en <strong>CURCUMA<\/strong> (3000 mg*) associ\u00e9e \u00e0 de la pip\u00e9rine en un dosage optimal pour une efficacit\u00e9 renforc\u00e9e sur les \u00e9tats inflammatoires.<\/li>\n<li>Le <strong>Gingembre<\/strong> et la <strong>Cardamome<\/strong> sont utilis\u00e9s depuis des mill\u00e9naires en Orient pour favoriser la digestion et tonifier les organismes affaiblis.<\/li>\n<li>La <strong>Noix de muscade<\/strong> est connue pour stimuler la digestion et lutter contre les probl\u00e8mes rhumatismaux.<\/li>\n<li>La <strong>Cannelle<\/strong> est elle aussi renomm\u00e9e pour ses vertus digestives et protectrices des affections f\u00e9briles.<\/li>\n<li>Le <strong>miel biologique<\/strong>, aux vertus mill\u00e9naires, est un formidable vecteur qui favorise l\u2019assimilation rapide des principes actifs des plantes pour plus d\u2019efficacit\u00e9.<\/li>\n<li>Les <strong>essences spagyriques<\/strong> permettent de r\u00e9\u00e9quilibrer les \u00e9nergies, en pr\u00e9servant et stimulant les processus vitaux par leur grande qualit\u00e9 vibratoire, pour une harmonie corps-esprit retrouv\u00e9e.<\/li>\n<li>Le go\u00fbt subtil de cet \u00c9lixir rare est une douce invitation au voyage. \u00c0 travers les march\u00e9s traditionnels d\u2019Orient, partez \u00e0 la d\u00e9couverte de plantes mill\u00e9naires, pour une alliance sant\u00e9\/bien-\u00eatre au quotidien.<\/li>\n<\/ul>\n<hr \/>\n<h2><strong>Ingr\u00e9dients\u00a0<\/strong>(par dose unitaire = 15 ml)<\/h2>\n<p><em>Cinnamomum verum<\/em> (<strong>Cannelle<\/strong> \u2013 \u00e9corce de branche)* 15 mg, <em>Curcuma longa<\/em> (<strong>Curcuma<\/strong> \u2013 rhizome)* 1500 mg. <em>Elettaria cardamomum var. cardamomum<\/em> (<strong>Cardamone<\/strong> \u2013 graine)* 15 mg, <em>Myristica fragrans<\/em> (<strong>Noix de muscade<\/strong> \u2013 graine)* 15 mg, <em>Piper nigrum<\/em> (<strong>Poivre noir<\/strong> \u2013 fruit)* 22,5 mg, <em>Zingiber officinale<\/em> (<strong>Gingembre<\/strong> \u2013 rhizome)* 22,5 mg. <strong>Ingr\u00e9dients non-m\u00e9dicinaux\u00a0: <\/strong>vin rouge (sans sulfites), alcool 10%, miel.<\/p>\n<p><strong><sup>*<\/sup><\/strong>Ingr\u00e9dients issus de l\u2019agriculture biologique.<\/p>\n<hr \/>\n<h2><strong>Posologie<\/strong><\/h2>\n<p>Adultes : Prendre une cuill\u00e8re \u00e0 table (15 ml) 1 \u00e0 2 fois par jour, entre ou avant les repas. Peut-\u00eatre dilu\u00e9 dans un verre d\u2019eau (250 ml) avant de consommer. Bien agiter avant l&#8217;emploi. Peut pr\u00e9senter un d\u00e9p\u00f4t au fond de la bouteille ou un aspect trouble, ce qui ne nuit en rien \u00e0 la qualit\u00e9 du produit. Apr\u00e8s ouverture, conserver au frais.<\/p>\n<hr \/>\n<h2><strong>Pr\u00e9cautions et mises en garde<\/strong><\/h2>\n<p>Consulter un praticien de soins de sant\u00e9 si l\u2019usage se prolonge au-del\u00e0 de 12 semaines, si les sympt\u00f4mes de troubles digestifs persistent ou s\u2019aggravent, avant l\u2019utilisation si vous allaitez, si vous prenez des m\u00e9dicaments ou tout autre produit de sant\u00e9 naturel, avant d\u2019en faire l\u2019usage puisque le poivre pourrait alt\u00e9rer leur efficacit\u00e9, avant d\u2019en faire l\u2019usage si vous souffrez de diab\u00e8te, d\u2019ulc\u00e8res de l\u2019estomac ou d\u2019un exc\u00e8s d\u2019acide gastrique. Garder hors de la port\u00e9e des enfants. Ce produit contient 10% d\u2019alcool.<\/p>\n<hr \/>\n<h2><strong>Contre-indications\u00a0<\/strong><\/h2>\n<p>Ne pas utiliser si vous \u00eates enceinte.<\/p>\n<hr \/>\n<h2><strong>NPN<\/strong><\/h2>\n<p>80078280<\/p>\n","protected":false},"excerpt":{"rendered":"<p><strong>Synergie du curcuma, des plantes actives bio et des essences spagyriques<\/strong><\/p>\n<p>Sans conservateurs ni mol\u00e9cules de synth\u00e8se<\/p>\n<p>375 ml | Biologique<\/p>\n","protected":false},"featured_media":1151,"comment_status":"closed","ping_status":"closed","template":"","meta":{"_et_pb_use_builder":"","_et_pb_old_content":"","_et_gb_content_width":""},"product_cat":[318,325],"product_tag":[],"acf":[],"yoast_head":"<!-- This site is optimized with the Yoast SEO plugin v22.6 - https:\/\/yoast.com\/wordpress\/plugins\/seo\/ -->\n<title>\u00c9lixir d&#039;Orient Curcuma 3000 mg par Pranarom | Sp\u00e9cialit\u00e9s d&#039;huiles essentielles<\/title>\n<meta name=\"description\" content=\"Achetez \u00c9lixir d&#039;Orient Curcuma 3000 mg par Biofloral et b\u00e9n\u00e9ficiez d&#039;une livraison rapide. N&#039;h\u00e9sitez pas \u00e0 magasiner d&#039;autres sp\u00e9cialit\u00e9s Biofloral chez Pranarom.ca\" \/>\n<meta name=\"robots\" content=\"index, follow, max-snippet:-1, max-image-preview:large, max-video-preview:-1\" \/>\n<link rel=\"canonical\" href=\"https:\/\/pranarom.ca\/fr\/produit\/elixir-dorient-curcuma-3000-mg\/\" \/>\n<meta property=\"og:locale\" content=\"fr_FR\" \/>\n<meta property=\"og:type\" content=\"article\" \/>\n<meta property=\"og:title\" content=\"\u00c9lixir d&#039;Orient Curcuma 3000 mg par Pranarom | Sp\u00e9cialit\u00e9s d&#039;huiles essentielles\" \/>\n<meta property=\"og:description\" content=\"Achetez \u00c9lixir d&#039;Orient Curcuma 3000 mg par Biofloral et b\u00e9n\u00e9ficiez d&#039;une livraison rapide. N&#039;h\u00e9sitez pas \u00e0 magasiner d&#039;autres sp\u00e9cialit\u00e9s Biofloral chez Pranarom.ca\" \/>\n<meta property=\"og:url\" content=\"https:\/\/pranarom.ca\/fr\/produit\/elixir-dorient-curcuma-3000-mg\/\" \/>\n<meta property=\"og:site_name\" content=\"Pranarom\" \/>\n<meta property=\"article:publisher\" content=\"https:\/\/www.facebook.com\/PranaromCanada\" \/>\n<meta property=\"article:modified_time\" content=\"2022-03-28T19:25:21+00:00\" \/>\n<meta property=\"og:image\" content=\"https:\/\/pranarom.ca\/wp-content\/uploads\/2019\/02\/Elixir-Curcuma_Bouteille-Etui_2017_FR.png\" \/>\n\t<meta property=\"og:image:width\" content=\"1200\" \/>\n\t<meta property=\"og:image:height\" content=\"1200\" \/>\n\t<meta property=\"og:image:type\" content=\"image\/png\" \/>\n<meta name=\"twitter:card\" content=\"summary_large_image\" \/>\n<meta name=\"twitter:label1\" content=\"Dur\u00e9e de lecture estim\u00e9e\" \/>\n\t<meta name=\"twitter:data1\" content=\"2 minutes\" \/>\n<script type=\"application\/ld+json\" class=\"yoast-schema-graph\">{\"@context\":\"https:\/\/schema.org\",\"@graph\":[{\"@type\":\"WebPage\",\"@id\":\"https:\/\/pranarom.ca\/fr\/produit\/elixir-dorient-curcuma-3000-mg\/\",\"url\":\"https:\/\/pranarom.ca\/fr\/produit\/elixir-dorient-curcuma-3000-mg\/\",\"name\":\"\u00c9lixir d'Orient Curcuma 3000 mg par Pranarom | Sp\u00e9cialit\u00e9s d'huiles essentielles\",\"isPartOf\":{\"@id\":\"https:\/\/pranarom.ca\/#website\"},\"primaryImageOfPage\":{\"@id\":\"https:\/\/pranarom.ca\/fr\/produit\/elixir-dorient-curcuma-3000-mg\/#primaryimage\"},\"image\":{\"@id\":\"https:\/\/pranarom.ca\/fr\/produit\/elixir-dorient-curcuma-3000-mg\/#primaryimage\"},\"thumbnailUrl\":\"https:\/\/pranarom.ca\/wp-content\/uploads\/2019\/02\/Elixir-Curcuma_Bouteille-Etui_2017_FR.png\",\"datePublished\":\"2017-11-20T00:00:00+00:00\",\"dateModified\":\"2022-03-28T19:25:21+00:00\",\"description\":\"Achetez \u00c9lixir d'Orient Curcuma 3000 mg par Biofloral et b\u00e9n\u00e9ficiez d'une livraison rapide. N'h\u00e9sitez pas \u00e0 magasiner d'autres sp\u00e9cialit\u00e9s Biofloral chez Pranarom.ca\",\"breadcrumb\":{\"@id\":\"https:\/\/pranarom.ca\/fr\/produit\/elixir-dorient-curcuma-3000-mg\/#breadcrumb\"},\"inLanguage\":\"fr-FR\",\"potentialAction\":[{\"@type\":\"ReadAction\",\"target\":[\"https:\/\/pranarom.ca\/fr\/produit\/elixir-dorient-curcuma-3000-mg\/\"]}]},{\"@type\":\"ImageObject\",\"inLanguage\":\"fr-FR\",\"@id\":\"https:\/\/pranarom.ca\/fr\/produit\/elixir-dorient-curcuma-3000-mg\/#primaryimage\",\"url\":\"https:\/\/pranarom.ca\/wp-content\/uploads\/2019\/02\/Elixir-Curcuma_Bouteille-Etui_2017_FR.png\",\"contentUrl\":\"https:\/\/pranarom.ca\/wp-content\/uploads\/2019\/02\/Elixir-Curcuma_Bouteille-Etui_2017_FR.png\",\"width\":1200,\"height\":1200},{\"@type\":\"BreadcrumbList\",\"@id\":\"https:\/\/pranarom.ca\/fr\/produit\/elixir-dorient-curcuma-3000-mg\/#breadcrumb\",\"itemListElement\":[{\"@type\":\"ListItem\",\"position\":1,\"name\":\"Home\",\"item\":\"https:\/\/pranarom.ca\/fr\/\"},{\"@type\":\"ListItem\",\"position\":2,\"name\":\"Shop\",\"item\":\"https:\/\/pranarom.ca\/shop\/\"},{\"@type\":\"ListItem\",\"position\":3,\"name\":\"\u00c9lixir d&#8217;Orient Curcuma 3000 mg\"}]},{\"@type\":\"WebSite\",\"@id\":\"https:\/\/pranarom.ca\/#website\",\"url\":\"https:\/\/pranarom.ca\/\",\"name\":\"Pranarom Canada\",\"description\":\"Scientific Aromatherapyy\",\"publisher\":{\"@id\":\"https:\/\/pranarom.ca\/#organization\"},\"potentialAction\":[{\"@type\":\"SearchAction\",\"target\":{\"@type\":\"EntryPoint\",\"urlTemplate\":\"https:\/\/pranarom.ca\/?s={search_term_string}\"},\"query-input\":\"required name=search_term_string\"}],\"inLanguage\":\"fr-FR\"},{\"@type\":\"Organization\",\"@id\":\"https:\/\/pranarom.ca\/#organization\",\"name\":\"Pranarom\",\"url\":\"https:\/\/pranarom.ca\/\",\"logo\":{\"@type\":\"ImageObject\",\"inLanguage\":\"fr-FR\",\"@id\":\"https:\/\/pranarom.ca\/#\/schema\/logo\/image\/\",\"url\":\"https:\/\/pranarom.ca\/wp-content\/uploads\/2019\/03\/pranalogo.png\",\"contentUrl\":\"https:\/\/pranarom.ca\/wp-content\/uploads\/2019\/03\/pranalogo.png\",\"width\":330,\"height\":100,\"caption\":\"Pranarom\"},\"image\":{\"@id\":\"https:\/\/pranarom.ca\/#\/schema\/logo\/image\/\"},\"sameAs\":[\"https:\/\/www.facebook.com\/PranaromCanada\",\"http:\/\/instagram.com\/pranaromcanada\/\",\"https:\/\/www.instagram.com\/pranaromcanada\/\"]}]}<\/script>\n<!-- \/ Yoast SEO plugin. -->","yoast_head_json":{"title":"\u00c9lixir d'Orient Curcuma 3000 mg par Pranarom | Sp\u00e9cialit\u00e9s d'huiles essentielles","description":"Achetez \u00c9lixir d'Orient Curcuma 3000 mg par Biofloral et b\u00e9n\u00e9ficiez d'une livraison rapide. N'h\u00e9sitez pas \u00e0 magasiner d'autres sp\u00e9cialit\u00e9s Biofloral chez Pranarom.ca","robots":{"index":"index","follow":"follow","max-snippet":"max-snippet:-1","max-image-preview":"max-image-preview:large","max-video-preview":"max-video-preview:-1"},"canonical":"https:\/\/pranarom.ca\/fr\/produit\/elixir-dorient-curcuma-3000-mg\/","og_locale":"fr_FR","og_type":"article","og_title":"\u00c9lixir d'Orient Curcuma 3000 mg par Pranarom | Sp\u00e9cialit\u00e9s d'huiles essentielles","og_description":"Achetez \u00c9lixir d'Orient Curcuma 3000 mg par Biofloral et b\u00e9n\u00e9ficiez d'une livraison rapide. N'h\u00e9sitez pas \u00e0 magasiner d'autres sp\u00e9cialit\u00e9s Biofloral chez Pranarom.ca","og_url":"https:\/\/pranarom.ca\/fr\/produit\/elixir-dorient-curcuma-3000-mg\/","og_site_name":"Pranarom","article_publisher":"https:\/\/www.facebook.com\/PranaromCanada","article_modified_time":"2022-03-28T19:25:21+00:00","og_image":[{"width":1200,"height":1200,"url":"https:\/\/pranarom.ca\/wp-content\/uploads\/2019\/02\/Elixir-Curcuma_Bouteille-Etui_2017_FR.png","type":"image\/png"}],"twitter_card":"summary_large_image","twitter_misc":{"Dur\u00e9e de lecture estim\u00e9e":"2 minutes"},"schema":{"@context":"https:\/\/schema.org","@graph":[{"@type":"WebPage","@id":"https:\/\/pranarom.ca\/fr\/produit\/elixir-dorient-curcuma-3000-mg\/","url":"https:\/\/pranarom.ca\/fr\/produit\/elixir-dorient-curcuma-3000-mg\/","name":"\u00c9lixir d'Orient Curcuma 3000 mg par Pranarom | Sp\u00e9cialit\u00e9s d'huiles essentielles","isPartOf":{"@id":"https:\/\/pranarom.ca\/#website"},"primaryImageOfPage":{"@id":"https:\/\/pranarom.ca\/fr\/produit\/elixir-dorient-curcuma-3000-mg\/#primaryimage"},"image":{"@id":"https:\/\/pranarom.ca\/fr\/produit\/elixir-dorient-curcuma-3000-mg\/#primaryimage"},"thumbnailUrl":"https:\/\/pranarom.ca\/wp-content\/uploads\/2019\/02\/Elixir-Curcuma_Bouteille-Etui_2017_FR.png","datePublished":"2017-11-20T00:00:00+00:00","dateModified":"2022-03-28T19:25:21+00:00","description":"Achetez \u00c9lixir d'Orient Curcuma 3000 mg par Biofloral et b\u00e9n\u00e9ficiez d'une livraison rapide. N'h\u00e9sitez pas \u00e0 magasiner d'autres sp\u00e9cialit\u00e9s Biofloral chez Pranarom.ca","breadcrumb":{"@id":"https:\/\/pranarom.ca\/fr\/produit\/elixir-dorient-curcuma-3000-mg\/#breadcrumb"},"inLanguage":"fr-FR","potentialAction":[{"@type":"ReadAction","target":["https:\/\/pranarom.ca\/fr\/produit\/elixir-dorient-curcuma-3000-mg\/"]}]},{"@type":"ImageObject","inLanguage":"fr-FR","@id":"https:\/\/pranarom.ca\/fr\/produit\/elixir-dorient-curcuma-3000-mg\/#primaryimage","url":"https:\/\/pranarom.ca\/wp-content\/uploads\/2019\/02\/Elixir-Curcuma_Bouteille-Etui_2017_FR.png","contentUrl":"https:\/\/pranarom.ca\/wp-content\/uploads\/2019\/02\/Elixir-Curcuma_Bouteille-Etui_2017_FR.png","width":1200,"height":1200},{"@type":"BreadcrumbList","@id":"https:\/\/pranarom.ca\/fr\/produit\/elixir-dorient-curcuma-3000-mg\/#breadcrumb","itemListElement":[{"@type":"ListItem","position":1,"name":"Home","item":"https:\/\/pranarom.ca\/fr\/"},{"@type":"ListItem","position":2,"name":"Shop","item":"https:\/\/pranarom.ca\/shop\/"},{"@type":"ListItem","position":3,"name":"\u00c9lixir d&#8217;Orient Curcuma 3000 mg"}]},{"@type":"WebSite","@id":"https:\/\/pranarom.ca\/#website","url":"https:\/\/pranarom.ca\/","name":"Pranarom Canada","description":"Scientific Aromatherapyy","publisher":{"@id":"https:\/\/pranarom.ca\/#organization"},"potentialAction":[{"@type":"SearchAction","target":{"@type":"EntryPoint","urlTemplate":"https:\/\/pranarom.ca\/?s={search_term_string}"},"query-input":"required name=search_term_string"}],"inLanguage":"fr-FR"},{"@type":"Organization","@id":"https:\/\/pranarom.ca\/#organization","name":"Pranarom","url":"https:\/\/pranarom.ca\/","logo":{"@type":"ImageObject","inLanguage":"fr-FR","@id":"https:\/\/pranarom.ca\/#\/schema\/logo\/image\/","url":"https:\/\/pranarom.ca\/wp-content\/uploads\/2019\/03\/pranalogo.png","contentUrl":"https:\/\/pranarom.ca\/wp-content\/uploads\/2019\/03\/pranalogo.png","width":330,"height":100,"caption":"Pranarom"},"image":{"@id":"https:\/\/pranarom.ca\/#\/schema\/logo\/image\/"},"sameAs":["https:\/\/www.facebook.com\/PranaromCanada","http:\/\/instagram.com\/pranaromcanada\/","https:\/\/www.instagram.com\/pranaromcanada\/"]}]}},"jetpack_sharing_enabled":true,"_links":{"self":[{"href":"https:\/\/pranarom.ca\/fr\/wp-json\/wp\/v2\/product\/35111"}],"collection":[{"href":"https:\/\/pranarom.ca\/fr\/wp-json\/wp\/v2\/product"}],"about":[{"href":"https:\/\/pranarom.ca\/fr\/wp-json\/wp\/v2\/types\/product"}],"replies":[{"embeddable":true,"href":"https:\/\/pranarom.ca\/fr\/wp-json\/wp\/v2\/comments?post=35111"}],"wp:featuredmedia":[{"embeddable":true,"href":"https:\/\/pranarom.ca\/fr\/wp-json\/wp\/v2\/media\/1151"}],"wp:attachment":[{"href":"https:\/\/pranarom.ca\/fr\/wp-json\/wp\/v2\/media?parent=35111"}],"wp:term":[{"taxonomy":"product_cat","embeddable":true,"href":"https:\/\/pranarom.ca\/fr\/wp-json\/wp\/v2\/product_cat?post=35111"},{"taxonomy":"product_tag","embeddable":true,"href":"https:\/\/pranarom.ca\/fr\/wp-json\/wp\/v2\/product_tag?post=35111"}],"curies":[{"name":"wp","href":"https:\/\/api.w.org\/{rel}","templated":true}]}}