{"id":35073,"date":"2017-11-11T00:00:00","date_gmt":"2017-11-11T00:00:00","guid":{"rendered":"https:\/\/pranarom.ca\/?post_type=product&#038;p=35073"},"modified":"2022-03-28T19:25:46","modified_gmt":"2022-03-28T19:25:46","slug":"no-5-cerato-plumbago","status":"publish","type":"product","link":"https:\/\/pranarom.ca\/fr\/produit\/no-5-cerato-plumbago\/","title":{"rendered":"No. 5 Cerato (Plumbago)"},"content":{"rendered":"<hr \/>\n<h2><strong>Production selon la m\u00e9thode originale du Dr. Bach<\/strong><\/h2>\n<p>Fid\u00e8le aux recommandations du Dr. Bach, <strong>BIOFLORAL<\/strong> pr\u00e9pare dans le respect de la nature et de l\u2019esprit du Dr. Bach ses \u00e9lixirs floraux en respectant rigoureusement la m\u00e9thode originale du Docteur Bach.<\/p>\n<p>Ils sont \u00e9labor\u00e9s \u00e0 partir de fleurs sauvages, cueillies le matin au lever du soleil au moment o\u00f9 leur potentiel est \u00e0 son maximum. Sous l\u2019action des rayons du soleil et de l\u2019eau, la fleur lib\u00e8re ses qualit\u00e9s et les transmet \u00e0 l\u2019\u00e9l\u00e9ment aquatique.<\/p>\n<p>Pour conserver l\u2019int\u00e9gralit\u00e9 des vertus de la fleur, la mac\u00e9ration florale est additionn\u00e9e de cognac biologique* DEMETER** en dilution 1\/240<sup>e<\/sup>, dans le plus pur respect de la m\u00e9thode originale cr\u00e9\u00e9e par le Dr. Bach.<\/p>\n<p>Avant le conditionnement, l\u2019\u00e9lixir floral est \u00e0 nouveau dynamis\u00e9 pour renforcer son action \u00e9nerg\u00e9tique et vous garantir ainsi une efficacit\u00e9 maximale.<\/p>\n<hr \/>\n<h2><strong>Cerato\u00a0<\/strong>(Plumbago)<\/h2>\n<p><strong><em>J&#8217;ai toujours besoin de demander l&#8217;avis des autres, m\u00eame si je ressens profond\u00e9ment la r\u00e9ponse en moi-m\u00eame.<\/em><\/strong><\/p>\n<p><strong>Groupe 2 selon Dr. Bach :<\/strong> doutes, incertitudes.<\/p>\n<p><strong>\u00c9tat n\u00e9gatif :<\/strong>\u00a0manque de confiance en soi et difficult\u00e9 \u00e0 affirmer ses convictions, sa propre capacit\u00e9 de jugement.<\/p>\n<p><strong>\u00c9tat positif :<\/strong> confiance en soi, \u00e9couter ses intuitions, certitude int\u00e9rieur. Apporte force et volont\u00e9.<\/p>\n<hr \/>\n<h2><strong>Ingr\u00e9dient <\/strong>(par ml)<\/h2>\n<p><em>Ceratostigma willmottianum<\/em>* (fleurs de plumbago) \u2026\u2026 16.67 mcg<\/p>\n<p>Ingr\u00e9dients non-m\u00e9dicinaux : Cognac** 67.4% (40% alcool), eau.<\/p>\n<p>Ce produit est pr\u00e9par\u00e9 \u00e0 partir d&#8217;essence de fleurs biologiques dilu\u00e9e 1\/240 dans un m\u00e9lange de cognac et d&#8217;eau.<\/p>\n<p>*Ingr\u00e9dients issus de l&#8217;agriculture biologique.<br \/>\n**Ingr\u00e9dients issus de l&#8217;agriculture biodynamique et biologique.<br \/>\nDemeter est la marque de l&#8217;agriculture biodynamique certifi\u00e9e.<\/p>\n<hr \/>\n<h2><strong>Posologie<\/strong><\/h2>\n<p>Adultes (\u2265 18 ans) : prendre 4 gouttes 4 fois par jour dans un peu d&#8217;eau, le matin au lever, le midi, l&#8217;apr\u00e8s-midi et le soir avant le coucher ou tel que recommand\u00e9 par un praticien de soins de sant\u00e9.<\/p>\n<p>Si m\u00e9lang\u00e9 avec d&#8217;autres rem\u00e8des d&#8217;essence de fleurs r\u00e9duire la posologie \u00e0 2 gouttes.<\/p>\n<hr \/>\n<h2><strong>Pr\u00e9cautions et mises en garde<\/strong><\/h2>\n<p>Consulter un praticien de soins de sant\u00e9 si les sympt\u00f4mes persistent ou s&#8217;aggravent et avant d&#8217;en faire l&#8217;usage si vous \u00eates enceinte ou allaitez. Ne pas utiliser si le sceau de s\u00e9curit\u00e9 est bris\u00e9.<\/p>\n<hr \/>\n<h2><strong>NPN<\/strong><\/h2>\n<p>80077988<\/p>\n<hr \/>\n<h2><strong>Complexe Biofloral qui contient Cerato (Plumbago)<\/strong><\/h2>\n<ul>\n<li><a href=\"https:\/\/pranarom.ca\/fr\/produit\/c3-volonte-fortitude\/\">C3 Volont\u00e9 &amp; fortitude<\/a><\/li>\n<li><a href=\"https:\/\/pranarom.ca\/fr\/produit\/c11-harmonie-plenitude\/\">C11 Harmonie &amp; pl\u00e9nitude<\/a><\/li>\n<li><a href=\"https:\/\/pranarom.ca\/fr\/produit\/c12-inspiration-creativite\/\">C12 Inspiration &amp; cr\u00e9ativit\u00e9<\/a><\/li>\n<\/ul>\n<hr \/>\n<h2><strong>Lecture sugg\u00e9r\u00e9e<\/strong><\/h2>\n<ul>\n<li><em>Manuel complet des quintessences florales du Dr Edward Bach<\/em>\u00a0par Mechthild Scheffer [ISBN 978-2-7029-0947-8]<\/li>\n<\/ul>\n","protected":false},"excerpt":{"rendered":"<p><strong>Rem\u00e8de d&#8217;essence de fleurs biologiques<\/strong><\/p>\n<p>20 ml<\/p>\n","protected":false},"featured_media":1331,"comment_status":"closed","ping_status":"open","template":"","meta":{"_et_pb_use_builder":"","_et_pb_old_content":"","_et_gb_content_width":""},"product_cat":[318,324],"product_tag":[],"acf":[],"yoast_head":"<!-- This site is optimized with the Yoast SEO plugin v22.6 - https:\/\/yoast.com\/wordpress\/plugins\/seo\/ -->\n<title>No. 5 Plumbago par Biofloral| Essences de fleurs inspir\u00e9es par Dr. Bach<\/title>\n<meta name=\"description\" content=\"Achetez No. 5 Plumbago par Biofloral et b\u00e9n\u00e9ficiez d&#039;une livraison rapide. N&#039;h\u00e9sitez pas \u00e0 magasiner d&#039;autres rem\u00e8de d\u2019essence de fleurs (unitaires) chez Pranarom.ca\" \/>\n<meta name=\"robots\" content=\"index, follow, max-snippet:-1, max-image-preview:large, max-video-preview:-1\" \/>\n<link rel=\"canonical\" href=\"https:\/\/pranarom.ca\/fr\/produit\/no-5-cerato-plumbago\/\" \/>\n<meta property=\"og:locale\" content=\"fr_FR\" \/>\n<meta property=\"og:type\" content=\"article\" \/>\n<meta property=\"og:title\" content=\"No. 5 Plumbago par Biofloral| Essences de fleurs inspir\u00e9es par Dr. Bach\" \/>\n<meta property=\"og:description\" content=\"Achetez No. 5 Plumbago par Biofloral et b\u00e9n\u00e9ficiez d&#039;une livraison rapide. N&#039;h\u00e9sitez pas \u00e0 magasiner d&#039;autres rem\u00e8de d\u2019essence de fleurs (unitaires) chez Pranarom.ca\" \/>\n<meta property=\"og:url\" content=\"https:\/\/pranarom.ca\/fr\/produit\/no-5-cerato-plumbago\/\" \/>\n<meta property=\"og:site_name\" content=\"Pranarom\" \/>\n<meta property=\"article:publisher\" content=\"https:\/\/www.facebook.com\/PranaromCanada\" \/>\n<meta property=\"article:modified_time\" content=\"2022-03-28T19:25:46+00:00\" \/>\n<meta property=\"og:image\" content=\"https:\/\/pranarom.ca\/wp-content\/uploads\/2019\/02\/FdeBach_Etuiflacon_N\u00b05_FR.jpg\" \/>\n\t<meta property=\"og:image:width\" content=\"1200\" \/>\n\t<meta property=\"og:image:height\" content=\"1200\" \/>\n\t<meta property=\"og:image:type\" content=\"image\/jpeg\" \/>\n<meta name=\"twitter:card\" content=\"summary_large_image\" \/>\n<meta name=\"twitter:label1\" content=\"Dur\u00e9e de lecture estim\u00e9e\" \/>\n\t<meta name=\"twitter:data1\" content=\"2 minutes\" \/>\n<script type=\"application\/ld+json\" class=\"yoast-schema-graph\">{\"@context\":\"https:\/\/schema.org\",\"@graph\":[{\"@type\":\"WebPage\",\"@id\":\"https:\/\/pranarom.ca\/fr\/produit\/no-5-cerato-plumbago\/\",\"url\":\"https:\/\/pranarom.ca\/fr\/produit\/no-5-cerato-plumbago\/\",\"name\":\"No. 5 Plumbago par Biofloral| Essences de fleurs inspir\u00e9es par Dr. Bach\",\"isPartOf\":{\"@id\":\"https:\/\/pranarom.ca\/#website\"},\"primaryImageOfPage\":{\"@id\":\"https:\/\/pranarom.ca\/fr\/produit\/no-5-cerato-plumbago\/#primaryimage\"},\"image\":{\"@id\":\"https:\/\/pranarom.ca\/fr\/produit\/no-5-cerato-plumbago\/#primaryimage\"},\"thumbnailUrl\":\"https:\/\/pranarom.ca\/wp-content\/uploads\/2019\/02\/FdeBach_Etuiflacon_N\u00b05_FR.jpg\",\"datePublished\":\"2017-11-11T00:00:00+00:00\",\"dateModified\":\"2022-03-28T19:25:46+00:00\",\"description\":\"Achetez No. 5 Plumbago par Biofloral et b\u00e9n\u00e9ficiez d'une livraison rapide. N'h\u00e9sitez pas \u00e0 magasiner d'autres rem\u00e8de d\u2019essence de fleurs (unitaires) chez Pranarom.ca\",\"breadcrumb\":{\"@id\":\"https:\/\/pranarom.ca\/fr\/produit\/no-5-cerato-plumbago\/#breadcrumb\"},\"inLanguage\":\"fr-FR\",\"potentialAction\":[{\"@type\":\"ReadAction\",\"target\":[\"https:\/\/pranarom.ca\/fr\/produit\/no-5-cerato-plumbago\/\"]}]},{\"@type\":\"ImageObject\",\"inLanguage\":\"fr-FR\",\"@id\":\"https:\/\/pranarom.ca\/fr\/produit\/no-5-cerato-plumbago\/#primaryimage\",\"url\":\"https:\/\/pranarom.ca\/wp-content\/uploads\/2019\/02\/FdeBach_Etuiflacon_N\u00b05_FR.jpg\",\"contentUrl\":\"https:\/\/pranarom.ca\/wp-content\/uploads\/2019\/02\/FdeBach_Etuiflacon_N\u00b05_FR.jpg\",\"width\":1200,\"height\":1200},{\"@type\":\"BreadcrumbList\",\"@id\":\"https:\/\/pranarom.ca\/fr\/produit\/no-5-cerato-plumbago\/#breadcrumb\",\"itemListElement\":[{\"@type\":\"ListItem\",\"position\":1,\"name\":\"Home\",\"item\":\"https:\/\/pranarom.ca\/fr\/\"},{\"@type\":\"ListItem\",\"position\":2,\"name\":\"Shop\",\"item\":\"https:\/\/pranarom.ca\/shop\/\"},{\"@type\":\"ListItem\",\"position\":3,\"name\":\"No. 5 Cerato (Plumbago)\"}]},{\"@type\":\"WebSite\",\"@id\":\"https:\/\/pranarom.ca\/#website\",\"url\":\"https:\/\/pranarom.ca\/\",\"name\":\"Pranarom Canada\",\"description\":\"Scientific Aromatherapyy\",\"publisher\":{\"@id\":\"https:\/\/pranarom.ca\/#organization\"},\"potentialAction\":[{\"@type\":\"SearchAction\",\"target\":{\"@type\":\"EntryPoint\",\"urlTemplate\":\"https:\/\/pranarom.ca\/?s={search_term_string}\"},\"query-input\":\"required name=search_term_string\"}],\"inLanguage\":\"fr-FR\"},{\"@type\":\"Organization\",\"@id\":\"https:\/\/pranarom.ca\/#organization\",\"name\":\"Pranarom\",\"url\":\"https:\/\/pranarom.ca\/\",\"logo\":{\"@type\":\"ImageObject\",\"inLanguage\":\"fr-FR\",\"@id\":\"https:\/\/pranarom.ca\/#\/schema\/logo\/image\/\",\"url\":\"https:\/\/pranarom.ca\/wp-content\/uploads\/2019\/03\/pranalogo.png\",\"contentUrl\":\"https:\/\/pranarom.ca\/wp-content\/uploads\/2019\/03\/pranalogo.png\",\"width\":330,\"height\":100,\"caption\":\"Pranarom\"},\"image\":{\"@id\":\"https:\/\/pranarom.ca\/#\/schema\/logo\/image\/\"},\"sameAs\":[\"https:\/\/www.facebook.com\/PranaromCanada\",\"http:\/\/instagram.com\/pranaromcanada\/\",\"https:\/\/www.instagram.com\/pranaromcanada\/\"]}]}<\/script>\n<!-- \/ Yoast SEO plugin. -->","yoast_head_json":{"title":"No. 5 Plumbago par Biofloral| Essences de fleurs inspir\u00e9es par Dr. Bach","description":"Achetez No. 5 Plumbago par Biofloral et b\u00e9n\u00e9ficiez d'une livraison rapide. N'h\u00e9sitez pas \u00e0 magasiner d'autres rem\u00e8de d\u2019essence de fleurs (unitaires) chez Pranarom.ca","robots":{"index":"index","follow":"follow","max-snippet":"max-snippet:-1","max-image-preview":"max-image-preview:large","max-video-preview":"max-video-preview:-1"},"canonical":"https:\/\/pranarom.ca\/fr\/produit\/no-5-cerato-plumbago\/","og_locale":"fr_FR","og_type":"article","og_title":"No. 5 Plumbago par Biofloral| Essences de fleurs inspir\u00e9es par Dr. Bach","og_description":"Achetez No. 5 Plumbago par Biofloral et b\u00e9n\u00e9ficiez d'une livraison rapide. N'h\u00e9sitez pas \u00e0 magasiner d'autres rem\u00e8de d\u2019essence de fleurs (unitaires) chez Pranarom.ca","og_url":"https:\/\/pranarom.ca\/fr\/produit\/no-5-cerato-plumbago\/","og_site_name":"Pranarom","article_publisher":"https:\/\/www.facebook.com\/PranaromCanada","article_modified_time":"2022-03-28T19:25:46+00:00","og_image":[{"width":1200,"height":1200,"url":"https:\/\/pranarom.ca\/wp-content\/uploads\/2019\/02\/FdeBach_Etuiflacon_N\u00b05_FR.jpg","type":"image\/jpeg"}],"twitter_card":"summary_large_image","twitter_misc":{"Dur\u00e9e de lecture estim\u00e9e":"2 minutes"},"schema":{"@context":"https:\/\/schema.org","@graph":[{"@type":"WebPage","@id":"https:\/\/pranarom.ca\/fr\/produit\/no-5-cerato-plumbago\/","url":"https:\/\/pranarom.ca\/fr\/produit\/no-5-cerato-plumbago\/","name":"No. 5 Plumbago par Biofloral| Essences de fleurs inspir\u00e9es par Dr. Bach","isPartOf":{"@id":"https:\/\/pranarom.ca\/#website"},"primaryImageOfPage":{"@id":"https:\/\/pranarom.ca\/fr\/produit\/no-5-cerato-plumbago\/#primaryimage"},"image":{"@id":"https:\/\/pranarom.ca\/fr\/produit\/no-5-cerato-plumbago\/#primaryimage"},"thumbnailUrl":"https:\/\/pranarom.ca\/wp-content\/uploads\/2019\/02\/FdeBach_Etuiflacon_N\u00b05_FR.jpg","datePublished":"2017-11-11T00:00:00+00:00","dateModified":"2022-03-28T19:25:46+00:00","description":"Achetez No. 5 Plumbago par Biofloral et b\u00e9n\u00e9ficiez d'une livraison rapide. N'h\u00e9sitez pas \u00e0 magasiner d'autres rem\u00e8de d\u2019essence de fleurs (unitaires) chez Pranarom.ca","breadcrumb":{"@id":"https:\/\/pranarom.ca\/fr\/produit\/no-5-cerato-plumbago\/#breadcrumb"},"inLanguage":"fr-FR","potentialAction":[{"@type":"ReadAction","target":["https:\/\/pranarom.ca\/fr\/produit\/no-5-cerato-plumbago\/"]}]},{"@type":"ImageObject","inLanguage":"fr-FR","@id":"https:\/\/pranarom.ca\/fr\/produit\/no-5-cerato-plumbago\/#primaryimage","url":"https:\/\/pranarom.ca\/wp-content\/uploads\/2019\/02\/FdeBach_Etuiflacon_N\u00b05_FR.jpg","contentUrl":"https:\/\/pranarom.ca\/wp-content\/uploads\/2019\/02\/FdeBach_Etuiflacon_N\u00b05_FR.jpg","width":1200,"height":1200},{"@type":"BreadcrumbList","@id":"https:\/\/pranarom.ca\/fr\/produit\/no-5-cerato-plumbago\/#breadcrumb","itemListElement":[{"@type":"ListItem","position":1,"name":"Home","item":"https:\/\/pranarom.ca\/fr\/"},{"@type":"ListItem","position":2,"name":"Shop","item":"https:\/\/pranarom.ca\/shop\/"},{"@type":"ListItem","position":3,"name":"No. 5 Cerato (Plumbago)"}]},{"@type":"WebSite","@id":"https:\/\/pranarom.ca\/#website","url":"https:\/\/pranarom.ca\/","name":"Pranarom Canada","description":"Scientific Aromatherapyy","publisher":{"@id":"https:\/\/pranarom.ca\/#organization"},"potentialAction":[{"@type":"SearchAction","target":{"@type":"EntryPoint","urlTemplate":"https:\/\/pranarom.ca\/?s={search_term_string}"},"query-input":"required name=search_term_string"}],"inLanguage":"fr-FR"},{"@type":"Organization","@id":"https:\/\/pranarom.ca\/#organization","name":"Pranarom","url":"https:\/\/pranarom.ca\/","logo":{"@type":"ImageObject","inLanguage":"fr-FR","@id":"https:\/\/pranarom.ca\/#\/schema\/logo\/image\/","url":"https:\/\/pranarom.ca\/wp-content\/uploads\/2019\/03\/pranalogo.png","contentUrl":"https:\/\/pranarom.ca\/wp-content\/uploads\/2019\/03\/pranalogo.png","width":330,"height":100,"caption":"Pranarom"},"image":{"@id":"https:\/\/pranarom.ca\/#\/schema\/logo\/image\/"},"sameAs":["https:\/\/www.facebook.com\/PranaromCanada","http:\/\/instagram.com\/pranaromcanada\/","https:\/\/www.instagram.com\/pranaromcanada\/"]}]}},"jetpack_sharing_enabled":true,"_links":{"self":[{"href":"https:\/\/pranarom.ca\/fr\/wp-json\/wp\/v2\/product\/35073"}],"collection":[{"href":"https:\/\/pranarom.ca\/fr\/wp-json\/wp\/v2\/product"}],"about":[{"href":"https:\/\/pranarom.ca\/fr\/wp-json\/wp\/v2\/types\/product"}],"replies":[{"embeddable":true,"href":"https:\/\/pranarom.ca\/fr\/wp-json\/wp\/v2\/comments?post=35073"}],"wp:featuredmedia":[{"embeddable":true,"href":"https:\/\/pranarom.ca\/fr\/wp-json\/wp\/v2\/media\/1331"}],"wp:attachment":[{"href":"https:\/\/pranarom.ca\/fr\/wp-json\/wp\/v2\/media?parent=35073"}],"wp:term":[{"taxonomy":"product_cat","embeddable":true,"href":"https:\/\/pranarom.ca\/fr\/wp-json\/wp\/v2\/product_cat?post=35073"},{"taxonomy":"product_tag","embeddable":true,"href":"https:\/\/pranarom.ca\/fr\/wp-json\/wp\/v2\/product_tag?post=35073"}],"curies":[{"name":"wp","href":"https:\/\/api.w.org\/{rel}","templated":true}]}}