{"id":35065,"date":"2017-10-31T00:00:00","date_gmt":"2017-10-31T00:00:00","guid":{"rendered":"https:\/\/pranarom.ca\/?post_type=product&#038;p=35065"},"modified":"2022-03-28T18:27:45","modified_gmt":"2022-03-28T18:27:45","slug":"temps-des-fetes","status":"publish","type":"product","link":"https:\/\/pranarom.ca\/fr\/produit\/temps-des-fetes\/","title":{"rendered":"Temps des f\u00eates"},"content":{"rendered":"<hr \/>\n<p><strong>M\u00e9lange aromatique tr\u00e8s typ\u00e9 du temps des f\u00eates. Composition aux notes chaudes et \u00e9pic\u00e9es, qui rappelle les effluves gourmandes qui entourent la p\u00e9riode de No\u00ebl. <\/strong><\/p>\n<hr \/>\n<p>Les huiles essentielles diffus\u00e9es dans l\u2019air permettent de cr\u00e9er une ambiance olfactive r\u00e9ellement b\u00e9n\u00e9fique pour l\u2019organisme. On privil\u00e9gie la diffusion \u00e0 froid pour ne pas alt\u00e9rer la composition mol\u00e9culaire des huiles essentielles. Les ar\u00f4mes respir\u00e9s peuvent nous aider \u00e0 nous d\u00e9tendre, nous concentrer, ou au contraire nous tonifier et nous faire repartir du bon pied.<\/p>\n<p>Les huiles de diffusion Pranar\u014dm sont d\u2019une qualit\u00e9 olfactive exceptionnelle. Chaque m\u00e9lange vous permet de cr\u00e9er une ambiance olfactive particuli\u00e8re en fonction de vos besoins. De la d\u00e9tente \u00e0 la stimulation, d\u00e9couvrez-les tous!<\/p>\n<hr \/>\n<h2>Ingr\u00e9dients :<\/h2>\n<p>Huiles essentielles biologiques d\u2019orange douce*, sapin de Sib\u00e9rie*, pamplemousse*, gingembre*, poivre noir*, \u00e9corce de cannelle* et clou de girofle*.<\/p>\n<p>* Ingr\u00e9dient issu de l\u2019Agriculture Biologique (Contr\u00f4le Certisys BE-BIO-01).<\/p>\n<hr \/>\n<h2>Conseils d\u2019utilisation :<\/h2>\n<ul>\n<li>1-6 gouttes peuvent \u00eatre ajout\u00e9es non-dilu\u00e9es dans le diffuseur (ultrasonique, atmosph\u00e9rique).<\/li>\n<li>La dur\u00e9e de diffusion et le d\u00e9bit varient selon la dimension de la pi\u00e8ce.<\/li>\n<li>Disposer le diffuseur afin d\u2019\u00e9viter le contact direct avec le visage ou les yeux.<\/li>\n<li>Toujours suivre les instructions du diffuseur utilis\u00e9.<\/li>\n<\/ul>\n<hr \/>\n<h2>Mises en garde :<\/h2>\n<ul>\n<li>Garder hors de la port\u00e9e des enfants.<\/li>\n<li>Usage externe seulement.<\/li>\n<li>Ne pas diffuser dans la chambre d\u2019enfants de moins de 2 ans.<\/li>\n<li>Ne pas utiliser pendant la grossesse ou l\u2019allaitement.<\/li>\n<li>Les animaux r\u00e9agissent aussi \u00e0 la diffusion.<\/li>\n<li>En cas d\u2019ingestion, chercher de l\u2019aide m\u00e9dicale de toute urgence ou consulter un centre antipoison.<\/li>\n<li>Si vous souffrez d\u2019\u00e9pilepsie ou d\u2019asthme, consulter un praticien en soins de sant\u00e9 avant l\u2019utilisation.<\/li>\n<li>\u00c9viter le contact avec les yeux et les muqueuses; en cas de contact, rincer abondamment avec de l\u2019eau ou de l\u2019huile v\u00e9g\u00e9tale.<\/li>\n<li>Si vous avez des naus\u00e9es, des \u00e9tourdissements, des maux de t\u00eate ou une r\u00e9action allergique, cessez l\u2019utilisation.<\/li>\n<\/ul>\n<hr \/>\n<h2>Diffuseurs Pranar\u014dm disponibles :<\/h2>\n<ul>\n<li><a href=\"https:\/\/pranarom.ca\/fr\/produit\/hiko-diffuseur-ultrasonique\/\">Hiko<\/a><\/li>\n<li><a href=\"https:\/\/pranarom.ca\/fr\/produit\/nobile-diffusion-a-sec\/\">Nobile<\/a><\/li>\n<\/ul>\n","protected":false},"excerpt":{"rendered":"<p><strong>Bouquet d\u2019odeurs gourmandes et \u00e9pic\u00e9es de No\u00ebl<\/strong><\/p>\n<p>Cette diffusion contient des huiles essentielles ch\u00e9motyp\u00e9es 100% pures, naturelles et biologiques<\/p>\n<p>15 ml<\/p>\n","protected":false},"featured_media":1101,"comment_status":"closed","ping_status":"closed","template":"","meta":{"_et_pb_use_builder":"","_et_pb_old_content":"","_et_gb_content_width":""},"product_cat":[532,534,506,633,631,326],"product_tag":[],"acf":[],"yoast_head":"<!-- This site is optimized with the Yoast SEO plugin v22.6 - https:\/\/yoast.com\/wordpress\/plugins\/seo\/ -->\n<title>Temps des f\u00eates par Pranarom| Magasinez nos diffuseurs ultrasoniques en ligne<\/title>\n<meta name=\"description\" content=\"Achetez Temps des f\u00eates par Pranarom et b\u00e9n\u00e9ficiez d&#039;une livraison rapide. N&#039;h\u00e9sitez pas \u00e0 magasiner d&#039;autres produits d&#039;aromath\u00e9rapie chez Pranarom.ca\" \/>\n<meta name=\"robots\" content=\"index, follow, max-snippet:-1, max-image-preview:large, max-video-preview:-1\" \/>\n<link rel=\"canonical\" href=\"https:\/\/pranarom.ca\/fr\/produit\/temps-des-fetes\/\" \/>\n<meta property=\"og:locale\" content=\"fr_FR\" \/>\n<meta property=\"og:type\" content=\"article\" \/>\n<meta property=\"og:title\" content=\"Temps des f\u00eates par Pranarom| Magasinez nos diffuseurs ultrasoniques en ligne\" \/>\n<meta property=\"og:description\" content=\"Achetez Temps des f\u00eates par Pranarom et b\u00e9n\u00e9ficiez d&#039;une livraison rapide. N&#039;h\u00e9sitez pas \u00e0 magasiner d&#039;autres produits d&#039;aromath\u00e9rapie chez Pranarom.ca\" \/>\n<meta property=\"og:url\" content=\"https:\/\/pranarom.ca\/fr\/produit\/temps-des-fetes\/\" \/>\n<meta property=\"og:site_name\" content=\"Pranarom\" \/>\n<meta property=\"article:publisher\" content=\"https:\/\/www.facebook.com\/PranaromCanada\" \/>\n<meta property=\"article:modified_time\" content=\"2022-03-28T18:27:45+00:00\" \/>\n<meta property=\"og:image\" content=\"https:\/\/pranarom.ca\/wp-content\/uploads\/2019\/02\/P-DF08-FR.png\" \/>\n\t<meta property=\"og:image:width\" content=\"410\" \/>\n\t<meta property=\"og:image:height\" content=\"477\" \/>\n\t<meta property=\"og:image:type\" content=\"image\/png\" \/>\n<meta name=\"twitter:card\" content=\"summary_large_image\" \/>\n<meta name=\"twitter:label1\" content=\"Dur\u00e9e de lecture estim\u00e9e\" \/>\n\t<meta name=\"twitter:data1\" content=\"2 minutes\" \/>\n<script type=\"application\/ld+json\" class=\"yoast-schema-graph\">{\"@context\":\"https:\/\/schema.org\",\"@graph\":[{\"@type\":\"WebPage\",\"@id\":\"https:\/\/pranarom.ca\/fr\/produit\/temps-des-fetes\/\",\"url\":\"https:\/\/pranarom.ca\/fr\/produit\/temps-des-fetes\/\",\"name\":\"Temps des f\u00eates par Pranarom| Magasinez nos diffuseurs ultrasoniques en ligne\",\"isPartOf\":{\"@id\":\"https:\/\/pranarom.ca\/#website\"},\"primaryImageOfPage\":{\"@id\":\"https:\/\/pranarom.ca\/fr\/produit\/temps-des-fetes\/#primaryimage\"},\"image\":{\"@id\":\"https:\/\/pranarom.ca\/fr\/produit\/temps-des-fetes\/#primaryimage\"},\"thumbnailUrl\":\"https:\/\/pranarom.ca\/wp-content\/uploads\/2019\/02\/P-DF08-FR.png\",\"datePublished\":\"2017-10-31T00:00:00+00:00\",\"dateModified\":\"2022-03-28T18:27:45+00:00\",\"description\":\"Achetez Temps des f\u00eates par Pranarom et b\u00e9n\u00e9ficiez d'une livraison rapide. N'h\u00e9sitez pas \u00e0 magasiner d'autres produits d'aromath\u00e9rapie chez Pranarom.ca\",\"breadcrumb\":{\"@id\":\"https:\/\/pranarom.ca\/fr\/produit\/temps-des-fetes\/#breadcrumb\"},\"inLanguage\":\"fr-FR\",\"potentialAction\":[{\"@type\":\"ReadAction\",\"target\":[\"https:\/\/pranarom.ca\/fr\/produit\/temps-des-fetes\/\"]}]},{\"@type\":\"ImageObject\",\"inLanguage\":\"fr-FR\",\"@id\":\"https:\/\/pranarom.ca\/fr\/produit\/temps-des-fetes\/#primaryimage\",\"url\":\"https:\/\/pranarom.ca\/wp-content\/uploads\/2019\/02\/P-DF08-FR.png\",\"contentUrl\":\"https:\/\/pranarom.ca\/wp-content\/uploads\/2019\/02\/P-DF08-FR.png\",\"width\":410,\"height\":477},{\"@type\":\"BreadcrumbList\",\"@id\":\"https:\/\/pranarom.ca\/fr\/produit\/temps-des-fetes\/#breadcrumb\",\"itemListElement\":[{\"@type\":\"ListItem\",\"position\":1,\"name\":\"Home\",\"item\":\"https:\/\/pranarom.ca\/fr\/\"},{\"@type\":\"ListItem\",\"position\":2,\"name\":\"Shop\",\"item\":\"https:\/\/pranarom.ca\/shop\/\"},{\"@type\":\"ListItem\",\"position\":3,\"name\":\"Temps des f\u00eates\"}]},{\"@type\":\"WebSite\",\"@id\":\"https:\/\/pranarom.ca\/#website\",\"url\":\"https:\/\/pranarom.ca\/\",\"name\":\"Pranarom Canada\",\"description\":\"Scientific Aromatherapyy\",\"publisher\":{\"@id\":\"https:\/\/pranarom.ca\/#organization\"},\"potentialAction\":[{\"@type\":\"SearchAction\",\"target\":{\"@type\":\"EntryPoint\",\"urlTemplate\":\"https:\/\/pranarom.ca\/?s={search_term_string}\"},\"query-input\":\"required name=search_term_string\"}],\"inLanguage\":\"fr-FR\"},{\"@type\":\"Organization\",\"@id\":\"https:\/\/pranarom.ca\/#organization\",\"name\":\"Pranarom\",\"url\":\"https:\/\/pranarom.ca\/\",\"logo\":{\"@type\":\"ImageObject\",\"inLanguage\":\"fr-FR\",\"@id\":\"https:\/\/pranarom.ca\/#\/schema\/logo\/image\/\",\"url\":\"https:\/\/pranarom.ca\/wp-content\/uploads\/2019\/03\/pranalogo.png\",\"contentUrl\":\"https:\/\/pranarom.ca\/wp-content\/uploads\/2019\/03\/pranalogo.png\",\"width\":330,\"height\":100,\"caption\":\"Pranarom\"},\"image\":{\"@id\":\"https:\/\/pranarom.ca\/#\/schema\/logo\/image\/\"},\"sameAs\":[\"https:\/\/www.facebook.com\/PranaromCanada\",\"http:\/\/instagram.com\/pranaromcanada\/\",\"https:\/\/www.instagram.com\/pranaromcanada\/\"]}]}<\/script>\n<!-- \/ Yoast SEO plugin. -->","yoast_head_json":{"title":"Temps des f\u00eates par Pranarom| Magasinez nos diffuseurs ultrasoniques en ligne","description":"Achetez Temps des f\u00eates par Pranarom et b\u00e9n\u00e9ficiez d'une livraison rapide. N'h\u00e9sitez pas \u00e0 magasiner d'autres produits d'aromath\u00e9rapie chez Pranarom.ca","robots":{"index":"index","follow":"follow","max-snippet":"max-snippet:-1","max-image-preview":"max-image-preview:large","max-video-preview":"max-video-preview:-1"},"canonical":"https:\/\/pranarom.ca\/fr\/produit\/temps-des-fetes\/","og_locale":"fr_FR","og_type":"article","og_title":"Temps des f\u00eates par Pranarom| Magasinez nos diffuseurs ultrasoniques en ligne","og_description":"Achetez Temps des f\u00eates par Pranarom et b\u00e9n\u00e9ficiez d'une livraison rapide. N'h\u00e9sitez pas \u00e0 magasiner d'autres produits d'aromath\u00e9rapie chez Pranarom.ca","og_url":"https:\/\/pranarom.ca\/fr\/produit\/temps-des-fetes\/","og_site_name":"Pranarom","article_publisher":"https:\/\/www.facebook.com\/PranaromCanada","article_modified_time":"2022-03-28T18:27:45+00:00","og_image":[{"width":410,"height":477,"url":"https:\/\/pranarom.ca\/wp-content\/uploads\/2019\/02\/P-DF08-FR.png","type":"image\/png"}],"twitter_card":"summary_large_image","twitter_misc":{"Dur\u00e9e de lecture estim\u00e9e":"2 minutes"},"schema":{"@context":"https:\/\/schema.org","@graph":[{"@type":"WebPage","@id":"https:\/\/pranarom.ca\/fr\/produit\/temps-des-fetes\/","url":"https:\/\/pranarom.ca\/fr\/produit\/temps-des-fetes\/","name":"Temps des f\u00eates par Pranarom| Magasinez nos diffuseurs ultrasoniques en ligne","isPartOf":{"@id":"https:\/\/pranarom.ca\/#website"},"primaryImageOfPage":{"@id":"https:\/\/pranarom.ca\/fr\/produit\/temps-des-fetes\/#primaryimage"},"image":{"@id":"https:\/\/pranarom.ca\/fr\/produit\/temps-des-fetes\/#primaryimage"},"thumbnailUrl":"https:\/\/pranarom.ca\/wp-content\/uploads\/2019\/02\/P-DF08-FR.png","datePublished":"2017-10-31T00:00:00+00:00","dateModified":"2022-03-28T18:27:45+00:00","description":"Achetez Temps des f\u00eates par Pranarom et b\u00e9n\u00e9ficiez d'une livraison rapide. N'h\u00e9sitez pas \u00e0 magasiner d'autres produits d'aromath\u00e9rapie chez Pranarom.ca","breadcrumb":{"@id":"https:\/\/pranarom.ca\/fr\/produit\/temps-des-fetes\/#breadcrumb"},"inLanguage":"fr-FR","potentialAction":[{"@type":"ReadAction","target":["https:\/\/pranarom.ca\/fr\/produit\/temps-des-fetes\/"]}]},{"@type":"ImageObject","inLanguage":"fr-FR","@id":"https:\/\/pranarom.ca\/fr\/produit\/temps-des-fetes\/#primaryimage","url":"https:\/\/pranarom.ca\/wp-content\/uploads\/2019\/02\/P-DF08-FR.png","contentUrl":"https:\/\/pranarom.ca\/wp-content\/uploads\/2019\/02\/P-DF08-FR.png","width":410,"height":477},{"@type":"BreadcrumbList","@id":"https:\/\/pranarom.ca\/fr\/produit\/temps-des-fetes\/#breadcrumb","itemListElement":[{"@type":"ListItem","position":1,"name":"Home","item":"https:\/\/pranarom.ca\/fr\/"},{"@type":"ListItem","position":2,"name":"Shop","item":"https:\/\/pranarom.ca\/shop\/"},{"@type":"ListItem","position":3,"name":"Temps des f\u00eates"}]},{"@type":"WebSite","@id":"https:\/\/pranarom.ca\/#website","url":"https:\/\/pranarom.ca\/","name":"Pranarom Canada","description":"Scientific Aromatherapyy","publisher":{"@id":"https:\/\/pranarom.ca\/#organization"},"potentialAction":[{"@type":"SearchAction","target":{"@type":"EntryPoint","urlTemplate":"https:\/\/pranarom.ca\/?s={search_term_string}"},"query-input":"required name=search_term_string"}],"inLanguage":"fr-FR"},{"@type":"Organization","@id":"https:\/\/pranarom.ca\/#organization","name":"Pranarom","url":"https:\/\/pranarom.ca\/","logo":{"@type":"ImageObject","inLanguage":"fr-FR","@id":"https:\/\/pranarom.ca\/#\/schema\/logo\/image\/","url":"https:\/\/pranarom.ca\/wp-content\/uploads\/2019\/03\/pranalogo.png","contentUrl":"https:\/\/pranarom.ca\/wp-content\/uploads\/2019\/03\/pranalogo.png","width":330,"height":100,"caption":"Pranarom"},"image":{"@id":"https:\/\/pranarom.ca\/#\/schema\/logo\/image\/"},"sameAs":["https:\/\/www.facebook.com\/PranaromCanada","http:\/\/instagram.com\/pranaromcanada\/","https:\/\/www.instagram.com\/pranaromcanada\/"]}]}},"jetpack_sharing_enabled":true,"_links":{"self":[{"href":"https:\/\/pranarom.ca\/fr\/wp-json\/wp\/v2\/product\/35065"}],"collection":[{"href":"https:\/\/pranarom.ca\/fr\/wp-json\/wp\/v2\/product"}],"about":[{"href":"https:\/\/pranarom.ca\/fr\/wp-json\/wp\/v2\/types\/product"}],"replies":[{"embeddable":true,"href":"https:\/\/pranarom.ca\/fr\/wp-json\/wp\/v2\/comments?post=35065"}],"wp:featuredmedia":[{"embeddable":true,"href":"https:\/\/pranarom.ca\/fr\/wp-json\/wp\/v2\/media\/1101"}],"wp:attachment":[{"href":"https:\/\/pranarom.ca\/fr\/wp-json\/wp\/v2\/media?parent=35065"}],"wp:term":[{"taxonomy":"product_cat","embeddable":true,"href":"https:\/\/pranarom.ca\/fr\/wp-json\/wp\/v2\/product_cat?post=35065"},{"taxonomy":"product_tag","embeddable":true,"href":"https:\/\/pranarom.ca\/fr\/wp-json\/wp\/v2\/product_tag?post=35065"}],"curies":[{"name":"wp","href":"https:\/\/api.w.org\/{rel}","templated":true}]}}