{"id":35062,"date":"2017-06-05T00:00:00","date_gmt":"2017-06-05T00:00:00","guid":{"rendered":"https:\/\/pranarom.ca\/?post_type=product&#038;p=35062"},"modified":"2022-03-28T18:21:49","modified_gmt":"2022-03-28T18:21:49","slug":"yuzu-p-e85","status":"publish","type":"product","link":"https:\/\/pranarom.ca\/fr\/produit\/yuzu-p-e85\/","title":{"rendered":"Yuzu"},"content":{"rendered":"<div class=\"elementor-section elementor-element elementor-element-cqn25ae elementor-top-section elementor-section-boxed elementor-section-height-default elementor-section-height-default\" data-element_type=\"section\">\n<div class=\"elementor-container elementor-column-gap-default\">\n<div class=\"elementor-row\">\n<div class=\"elementor-column elementor-element elementor-element-9z7jh7t elementor-col-100 elementor-top-column\" data-element_type=\"column\">\n<div class=\"elementor-column-wrap elementor-element-populated\">\n<div class=\"elementor-widget-wrap\">\n<div class=\"elementor-widget elementor-element elementor-element-efhl33j elementor-widget-text-editor\" data-element_type=\"text-editor.default\">\n<div class=\"elementor-widget-container\">\n<div class=\"elementor-text-editor elementor-clearfix rte-content\">\n<p><strong>Ne vous\u00a0fiez\u00a0pas \u00e0 son aspect robuste et biscornu. La saveur et l\u2019odeur du yuzu sont aussi subtiles et d\u00e9licates que son apparence est singuli\u00e8re. Hybride entre une mandarine et un citron vert chinois, le yuzu, de la taille d\u2019une grosse orange, est originaire d\u2019Asie de l\u2019Est. Principalement consomm\u00e9 au Japon, il est de plus en plus appr\u00e9ci\u00e9 par les gastronomes occidentaux pour sa saveur acidul\u00e9e entre le citron vert et le pamplemousse. Peu juteux, il se fait surtout appr\u00e9cier pour son zeste et bien s\u00fbr, son huile essentielle.<\/strong><\/p>\n<\/div>\n<\/div>\n<\/div>\n<\/div>\n<\/div>\n<\/div>\n<\/div>\n<\/div>\n<\/div>\n<div class=\"elementor-section elementor-element elementor-element-1gwldx7 elementor-top-section elementor-section-boxed elementor-section-height-default elementor-section-height-default\" data-element_type=\"section\">\n<div class=\"elementor-container elementor-column-gap-default\">\n<div class=\"elementor-row\">\n<div class=\"elementor-column elementor-element elementor-element-gslqv0f elementor-col-66 elementor-top-column\" data-element_type=\"column\">\n<div class=\"elementor-column-wrap elementor-element-populated\">\n<div class=\"elementor-widget-wrap\">\n<div class=\"elementor-widget elementor-element elementor-element-lt8wgx4 elementor-widget-text-editor\" data-element_type=\"text-editor.default\">\n<div class=\"elementor-widget-container\">\n<div class=\"elementor-text-editor elementor-clearfix rte-content\">\n<h2>L&#8217;huile essentielle de Yuzu<\/h2>\n<p>Comme tous les v\u00e9g\u00e9taux de la famille des Rutac\u00e9es, ce sont de petits arbres \u00e0\u00a0<strong>feuilles persistantes<\/strong>\u00a0et d\u2019un vert soutenu et brillant ; les fleurs blanches d\u00e9gagent \u00e0 la floraison un parfum exquis.<\/p>\n<p>Le zeste du fruit de\u00a0<strong>couleur orange<\/strong>\u00a0donne apr\u00e8s\u00a0<a href=\"https:\/\/www.pranarom.fr\/fr\/content\/15-la-distillation-des-huiles-essentielles\">distillation<\/a>, une huile essentielle dont la fragrance offre un v\u00e9ritable ravissement par sa\u00a0<strong>profondeur<\/strong>\u00a0et sa\u00a0<strong>complexit\u00e9 odorante<\/strong>. Nous y sentons \u00e0 la fois le parfum du n\u00e9roli et celui de la mandarine ou du petit grain. Un vrai message positif qui met de la bonne humeur !<\/p>\n<p>En effet, contrairement \u00e0 la majorit\u00e9 des agrumes, le yuzu est distill\u00e9 et non exprim\u00e9. Il s\u2019agit donc d\u2019une huile essentielle et non d\u2019une essence. L\u2019avantage ? Il perd ses\u00a0<a href=\"https:\/\/www.aquaportail.com\/definition-10605-coumarine.html\">coumarines<\/a>\u00a0lors de la distillation et n\u2019est donc<strong>\u00a0pas photosensibilisant<\/strong>\u00a0comme ses cousins citrons et oranges.<\/p>\n<p><strong>Comme toujours, il est essentiel que l\u2019odeur vous plaise \u00e9videmment pour pourvoir pleinement b\u00e9n\u00e9ficier des propri\u00e9t\u00e9s du Yuzu. N\u00e9anmoins, cette huile essentielle fra\u00eeche et l\u00e9g\u00e8re est g\u00e9n\u00e9ralement appr\u00e9ci\u00e9e par tous, aussi bien le matin que le soir, l\u2019hiver que l\u2019\u00e9t\u00e9. Belle d\u00e9couverte !<\/strong><\/p>\n<hr \/>\n<h2>Ingr\u00e9dients (INCI) :<\/h2>\n<\/div>\n<\/div>\n<\/div>\n<\/div>\n<\/div>\n<\/div>\n<\/div>\n<\/div>\n<\/div>\n<p><em>Citrus junos<\/em>\u00a0(yuzu) oil<\/p>\n<hr \/>\n<h2>Conseils d\u2019utilisation :<\/h2>\n<p><strong>Pour massage local : <\/strong>1-2 gouttes ajout\u00e9es a\u0300 2 gouttes d\u2019huile v\u00e9g\u00e9tale neutre.<\/p>\n<p><strong>Pour massage corporel : <\/strong>2-10 gouttes dilu\u00e9es dans 5-10 ml d\u2019huile v\u00e9g\u00e9tale neutre.<\/p>\n<p><strong>Pour utilisation dans un diffuseur pour huiles essentielles :\u00a0<\/strong>1-6 gouttes peuvent \u00eatre ajout\u00e9es non-dilu\u00e9es dans le diffuseur (ultrasonique, atmosph\u00e9rique).<\/p>\n<p><strong>Dans un bain :<\/strong> mettre 6 gouttes d&#8217;huile essentielle de Yuzu dans votre dose d&#8217;huile de bain vous garantit un grand moment de calme, paix et s\u00e9r\u00e9nit\u00e9. Que du bonheur dans un monde de brutes et de stress.<\/p>\n<p>Un test cutan\u00e9 est recommande\u0301 pour les peaux sensibles.<\/p>\n<hr \/>\n<h2>Pr\u00e9cautions d&#8217;emploi :<\/h2>\n<p>Garder hors de la porte\u0301e des enfants.<\/p>\n<p>Usage externe seulement.<\/p>\n<p>Ne pas prendre par voie orale.<\/p>\n<p>Ne pas utiliser d\u2019huiles essentielles non dilu\u00e9es.<\/p>\n<p>En cas d\u2019ingestion, chercher de l\u2019aide m\u00e9dicale de toute urgence ou consulter un centre antipoison.<\/p>\n<p>Si vous souffrez d\u2019\u00e9pilepsie ou d\u2019asthme, consulter un praticien en soins de sante\u0301 avant l\u2019utilisation.<\/p>\n<p>\u00c9viter le contact avec les yeux et les muqueuses ; en cas de contact, rincer abondamment avec de l\u2019eau ou de l\u2019huile v\u00e9g\u00e9tale.<\/p>\n<p>\u00c9viter l\u2019exposition au soleil des r\u00e9gions affect\u00e9es.<\/p>\n<p>Ne pas utiliser pendant la grossesse ou l\u2019allaitement et ne pas donner aux enfants de moins de 6 ans.<\/p>\n<p>Si vous avez des naus\u00e9es, des \u00e9tourdissements, des maux de t\u00eate ou une r\u00e9action allergique, cessez l&#8217;utilisation.<\/p>\n","protected":false},"excerpt":{"rendered":"<p><strong>Huile essentielle ch\u00e9motyp\u00e9e<\/strong>\u00a0<strong>100% pure et naturelle<\/strong><\/p>\n<p>Comme tous les v\u00e9g\u00e9taux de la famille des Rutac\u00e9es, ce sont de petits arbres \u00e0 feuilles persistantes et d&#8217;un vert soutenu et brillant; les fleurs blanches d\u00e9gagent \u00e0 la floraison un parfum exquis. Le zeste du fruit de couleur jaune-orang\u00e9e donne apr\u00e8s distillation, une huile essentielle dont la fragrance offre un v\u00e9ritable ravissement par sa profondeur et sa compl\u00e9xit\u00e9 odorante. Nous y sentons \u00e0 la fois le parfum du n\u00e9roli et celui de la mandarine ou du petitgrain. Un vrai message positif qui met de la bonne humeur!<\/p>\n<p>Citrus junos\u00a0\u2013 Zeste<br \/>\nLimon\u00e8ne, y-terpin\u00e8ne<\/p>\n<p>5 ml<\/p>\n","protected":false},"featured_media":1096,"comment_status":"open","ping_status":"closed","template":"","meta":{"_et_pb_use_builder":"","_et_pb_old_content":"","_et_gb_content_width":""},"product_cat":[326,332],"product_tag":[],"acf":[],"yoast_head":"<!-- This site is optimized with the Yoast SEO plugin v22.6 - https:\/\/yoast.com\/wordpress\/plugins\/seo\/ -->\n<title>Huile essentielle Yuzu par Pranarom Aromath\u00e9rapie<\/title>\n<meta name=\"description\" content=\"Achetez Yuzu par Pranarom et b\u00e9n\u00e9ficiez d&#039;une livraison rapide. N&#039;h\u00e9sitez pas \u00e0 magasiner d&#039;autres d&#039;huiles essentielles biologiques chez Pranarom.ca\" \/>\n<meta name=\"robots\" content=\"index, follow, max-snippet:-1, max-image-preview:large, max-video-preview:-1\" \/>\n<link rel=\"canonical\" href=\"https:\/\/pranarom.ca\/produit\/yuzu-p-e85\/\" \/>\n<meta property=\"og:locale\" content=\"fr_FR\" \/>\n<meta property=\"og:type\" content=\"article\" \/>\n<meta property=\"og:title\" content=\"Huile essentielle Yuzu par Pranarom Aromath\u00e9rapie\" \/>\n<meta property=\"og:description\" content=\"Achetez Yuzu par Pranarom et b\u00e9n\u00e9ficiez d&#039;une livraison rapide. N&#039;h\u00e9sitez pas \u00e0 magasiner d&#039;autres d&#039;huiles essentielles biologiques chez Pranarom.ca\" \/>\n<meta property=\"og:url\" content=\"https:\/\/pranarom.ca\/produit\/yuzu-p-e85\/\" \/>\n<meta property=\"og:site_name\" content=\"Pranarom\" \/>\n<meta property=\"article:publisher\" content=\"https:\/\/www.facebook.com\/PranaromCanada\" \/>\n<meta property=\"article:modified_time\" content=\"2022-03-28T18:21:49+00:00\" \/>\n<meta property=\"og:image\" content=\"https:\/\/pranarom.ca\/wp-content\/uploads\/2019\/02\/P-E85-Yuzu-FR.jpeg\" \/>\n\t<meta property=\"og:image:width\" content=\"1500\" \/>\n\t<meta property=\"og:image:height\" content=\"1500\" \/>\n\t<meta property=\"og:image:type\" content=\"image\/jpeg\" \/>\n<meta name=\"twitter:card\" content=\"summary_large_image\" \/>\n<meta name=\"twitter:label1\" content=\"Dur\u00e9e de lecture estim\u00e9e\" \/>\n\t<meta name=\"twitter:data1\" content=\"3 minutes\" \/>\n<script type=\"application\/ld+json\" class=\"yoast-schema-graph\">{\"@context\":\"https:\/\/schema.org\",\"@graph\":[{\"@type\":\"WebPage\",\"@id\":\"https:\/\/pranarom.ca\/produit\/yuzu-p-e85\/\",\"url\":\"https:\/\/pranarom.ca\/produit\/yuzu-p-e85\/\",\"name\":\"Huile essentielle Yuzu par Pranarom Aromath\u00e9rapie\",\"isPartOf\":{\"@id\":\"https:\/\/pranarom.ca\/#website\"},\"primaryImageOfPage\":{\"@id\":\"https:\/\/pranarom.ca\/produit\/yuzu-p-e85\/#primaryimage\"},\"image\":{\"@id\":\"https:\/\/pranarom.ca\/produit\/yuzu-p-e85\/#primaryimage\"},\"thumbnailUrl\":\"https:\/\/pranarom.ca\/wp-content\/uploads\/2019\/02\/P-E85-Yuzu-FR.jpeg\",\"datePublished\":\"2017-06-05T00:00:00+00:00\",\"dateModified\":\"2022-03-28T18:21:49+00:00\",\"description\":\"Achetez Yuzu par Pranarom et b\u00e9n\u00e9ficiez d'une livraison rapide. N'h\u00e9sitez pas \u00e0 magasiner d'autres d'huiles essentielles biologiques chez Pranarom.ca\",\"breadcrumb\":{\"@id\":\"https:\/\/pranarom.ca\/produit\/yuzu-p-e85\/#breadcrumb\"},\"inLanguage\":\"fr-FR\",\"potentialAction\":[{\"@type\":\"ReadAction\",\"target\":[\"https:\/\/pranarom.ca\/produit\/yuzu-p-e85\/\"]}]},{\"@type\":\"ImageObject\",\"inLanguage\":\"fr-FR\",\"@id\":\"https:\/\/pranarom.ca\/produit\/yuzu-p-e85\/#primaryimage\",\"url\":\"https:\/\/pranarom.ca\/wp-content\/uploads\/2019\/02\/P-E85-Yuzu-FR.jpeg\",\"contentUrl\":\"https:\/\/pranarom.ca\/wp-content\/uploads\/2019\/02\/P-E85-Yuzu-FR.jpeg\",\"width\":1500,\"height\":1500},{\"@type\":\"BreadcrumbList\",\"@id\":\"https:\/\/pranarom.ca\/produit\/yuzu-p-e85\/#breadcrumb\",\"itemListElement\":[{\"@type\":\"ListItem\",\"position\":1,\"name\":\"Home\",\"item\":\"https:\/\/pranarom.ca\/fr\/\"},{\"@type\":\"ListItem\",\"position\":2,\"name\":\"Shop\",\"item\":\"https:\/\/pranarom.ca\/shop\/\"},{\"@type\":\"ListItem\",\"position\":3,\"name\":\"Yuzu\"}]},{\"@type\":\"WebSite\",\"@id\":\"https:\/\/pranarom.ca\/#website\",\"url\":\"https:\/\/pranarom.ca\/\",\"name\":\"Pranarom Canada\",\"description\":\"Scientific Aromatherapyy\",\"publisher\":{\"@id\":\"https:\/\/pranarom.ca\/#organization\"},\"potentialAction\":[{\"@type\":\"SearchAction\",\"target\":{\"@type\":\"EntryPoint\",\"urlTemplate\":\"https:\/\/pranarom.ca\/?s={search_term_string}\"},\"query-input\":\"required name=search_term_string\"}],\"inLanguage\":\"fr-FR\"},{\"@type\":\"Organization\",\"@id\":\"https:\/\/pranarom.ca\/#organization\",\"name\":\"Pranarom\",\"url\":\"https:\/\/pranarom.ca\/\",\"logo\":{\"@type\":\"ImageObject\",\"inLanguage\":\"fr-FR\",\"@id\":\"https:\/\/pranarom.ca\/#\/schema\/logo\/image\/\",\"url\":\"https:\/\/pranarom.ca\/wp-content\/uploads\/2019\/03\/pranalogo.png\",\"contentUrl\":\"https:\/\/pranarom.ca\/wp-content\/uploads\/2019\/03\/pranalogo.png\",\"width\":330,\"height\":100,\"caption\":\"Pranarom\"},\"image\":{\"@id\":\"https:\/\/pranarom.ca\/#\/schema\/logo\/image\/\"},\"sameAs\":[\"https:\/\/www.facebook.com\/PranaromCanada\",\"http:\/\/instagram.com\/pranaromcanada\/\",\"https:\/\/www.instagram.com\/pranaromcanada\/\"]}]}<\/script>\n<!-- \/ Yoast SEO plugin. -->","yoast_head_json":{"title":"Huile essentielle Yuzu par Pranarom Aromath\u00e9rapie","description":"Achetez Yuzu par Pranarom et b\u00e9n\u00e9ficiez d'une livraison rapide. N'h\u00e9sitez pas \u00e0 magasiner d'autres d'huiles essentielles biologiques chez Pranarom.ca","robots":{"index":"index","follow":"follow","max-snippet":"max-snippet:-1","max-image-preview":"max-image-preview:large","max-video-preview":"max-video-preview:-1"},"canonical":"https:\/\/pranarom.ca\/produit\/yuzu-p-e85\/","og_locale":"fr_FR","og_type":"article","og_title":"Huile essentielle Yuzu par Pranarom Aromath\u00e9rapie","og_description":"Achetez Yuzu par Pranarom et b\u00e9n\u00e9ficiez d'une livraison rapide. N'h\u00e9sitez pas \u00e0 magasiner d'autres d'huiles essentielles biologiques chez Pranarom.ca","og_url":"https:\/\/pranarom.ca\/produit\/yuzu-p-e85\/","og_site_name":"Pranarom","article_publisher":"https:\/\/www.facebook.com\/PranaromCanada","article_modified_time":"2022-03-28T18:21:49+00:00","og_image":[{"width":1500,"height":1500,"url":"https:\/\/pranarom.ca\/wp-content\/uploads\/2019\/02\/P-E85-Yuzu-FR.jpeg","type":"image\/jpeg"}],"twitter_card":"summary_large_image","twitter_misc":{"Dur\u00e9e de lecture estim\u00e9e":"3 minutes"},"schema":{"@context":"https:\/\/schema.org","@graph":[{"@type":"WebPage","@id":"https:\/\/pranarom.ca\/produit\/yuzu-p-e85\/","url":"https:\/\/pranarom.ca\/produit\/yuzu-p-e85\/","name":"Huile essentielle Yuzu par Pranarom Aromath\u00e9rapie","isPartOf":{"@id":"https:\/\/pranarom.ca\/#website"},"primaryImageOfPage":{"@id":"https:\/\/pranarom.ca\/produit\/yuzu-p-e85\/#primaryimage"},"image":{"@id":"https:\/\/pranarom.ca\/produit\/yuzu-p-e85\/#primaryimage"},"thumbnailUrl":"https:\/\/pranarom.ca\/wp-content\/uploads\/2019\/02\/P-E85-Yuzu-FR.jpeg","datePublished":"2017-06-05T00:00:00+00:00","dateModified":"2022-03-28T18:21:49+00:00","description":"Achetez Yuzu par Pranarom et b\u00e9n\u00e9ficiez d'une livraison rapide. N'h\u00e9sitez pas \u00e0 magasiner d'autres d'huiles essentielles biologiques chez Pranarom.ca","breadcrumb":{"@id":"https:\/\/pranarom.ca\/produit\/yuzu-p-e85\/#breadcrumb"},"inLanguage":"fr-FR","potentialAction":[{"@type":"ReadAction","target":["https:\/\/pranarom.ca\/produit\/yuzu-p-e85\/"]}]},{"@type":"ImageObject","inLanguage":"fr-FR","@id":"https:\/\/pranarom.ca\/produit\/yuzu-p-e85\/#primaryimage","url":"https:\/\/pranarom.ca\/wp-content\/uploads\/2019\/02\/P-E85-Yuzu-FR.jpeg","contentUrl":"https:\/\/pranarom.ca\/wp-content\/uploads\/2019\/02\/P-E85-Yuzu-FR.jpeg","width":1500,"height":1500},{"@type":"BreadcrumbList","@id":"https:\/\/pranarom.ca\/produit\/yuzu-p-e85\/#breadcrumb","itemListElement":[{"@type":"ListItem","position":1,"name":"Home","item":"https:\/\/pranarom.ca\/fr\/"},{"@type":"ListItem","position":2,"name":"Shop","item":"https:\/\/pranarom.ca\/shop\/"},{"@type":"ListItem","position":3,"name":"Yuzu"}]},{"@type":"WebSite","@id":"https:\/\/pranarom.ca\/#website","url":"https:\/\/pranarom.ca\/","name":"Pranarom Canada","description":"Scientific Aromatherapyy","publisher":{"@id":"https:\/\/pranarom.ca\/#organization"},"potentialAction":[{"@type":"SearchAction","target":{"@type":"EntryPoint","urlTemplate":"https:\/\/pranarom.ca\/?s={search_term_string}"},"query-input":"required name=search_term_string"}],"inLanguage":"fr-FR"},{"@type":"Organization","@id":"https:\/\/pranarom.ca\/#organization","name":"Pranarom","url":"https:\/\/pranarom.ca\/","logo":{"@type":"ImageObject","inLanguage":"fr-FR","@id":"https:\/\/pranarom.ca\/#\/schema\/logo\/image\/","url":"https:\/\/pranarom.ca\/wp-content\/uploads\/2019\/03\/pranalogo.png","contentUrl":"https:\/\/pranarom.ca\/wp-content\/uploads\/2019\/03\/pranalogo.png","width":330,"height":100,"caption":"Pranarom"},"image":{"@id":"https:\/\/pranarom.ca\/#\/schema\/logo\/image\/"},"sameAs":["https:\/\/www.facebook.com\/PranaromCanada","http:\/\/instagram.com\/pranaromcanada\/","https:\/\/www.instagram.com\/pranaromcanada\/"]}]}},"jetpack_sharing_enabled":true,"_links":{"self":[{"href":"https:\/\/pranarom.ca\/fr\/wp-json\/wp\/v2\/product\/35062"}],"collection":[{"href":"https:\/\/pranarom.ca\/fr\/wp-json\/wp\/v2\/product"}],"about":[{"href":"https:\/\/pranarom.ca\/fr\/wp-json\/wp\/v2\/types\/product"}],"replies":[{"embeddable":true,"href":"https:\/\/pranarom.ca\/fr\/wp-json\/wp\/v2\/comments?post=35062"}],"wp:featuredmedia":[{"embeddable":true,"href":"https:\/\/pranarom.ca\/fr\/wp-json\/wp\/v2\/media\/1096"}],"wp:attachment":[{"href":"https:\/\/pranarom.ca\/fr\/wp-json\/wp\/v2\/media?parent=35062"}],"wp:term":[{"taxonomy":"product_cat","embeddable":true,"href":"https:\/\/pranarom.ca\/fr\/wp-json\/wp\/v2\/product_cat?post=35062"},{"taxonomy":"product_tag","embeddable":true,"href":"https:\/\/pranarom.ca\/fr\/wp-json\/wp\/v2\/product_tag?post=35062"}],"curies":[{"name":"wp","href":"https:\/\/api.w.org\/{rel}","templated":true}]}}