{"id":35058,"date":"2017-06-06T00:00:00","date_gmt":"2017-06-06T00:00:00","guid":{"rendered":"https:\/\/pranarom.ca\/?post_type=product&#038;p=35058"},"modified":"2022-03-28T18:21:24","modified_gmt":"2022-03-28T18:21:24","slug":"poivre-noir-p-e81","status":"publish","type":"product","link":"https:\/\/pranarom.ca\/fr\/produit\/poivre-noir-p-e81\/","title":{"rendered":"Poivre noir"},"content":{"rendered":"<h2>Ingr\u00e9dients :<\/h2>\n<p><em>Piper nigrum*<\/em> (huile essentielle de poivre noir) (fruit) 100%<\/p>\n<p><em>*Ingr\u00e9dient issu de l\u2019agriculture biologique (contr\u00f4le Certisys BE-BIO-01)<br \/>\n<\/em><em>BIO signifie : issu de l\u2019agriculture biologique (contr\u00f4le Certisys BE-BIO-01)<\/em><\/p>\n<hr \/>\n<h2>Conseils d\u2019utilisation :<\/h2>\n<p>Adultes (\u2265 18 ans)\u00a0: <strong>Application topique locale\u00a0:<\/strong> ajouter 2-4 gouttes \u00e0 5 ml d\u2019huile v\u00e9g\u00e9tale neutre et appliquer sur la r\u00e9gion affect\u00e9e jusqu\u2019\u00e0 3 fois par jour.\u00a0Ne pas utiliser l\u2019huile essentielle non dilu\u00e9e.<\/p>\n<p><strong>Inhalation directe\u00a0:<\/strong> appliquer 1-6 gouttes d\u2019huile essentielle non dilu\u00e9e sur un mouchoir et inhaler occasionnellement jusqu\u2019\u00e0 3 fois par jour.<\/p>\n<p>Pour un usage occasionnel seulement.\u00a0Ne pas utiliser par voie orale.\u00a0\u00c9viter tout contact avec les yeux et les muqueuses; le cas \u00e9ch\u00e9ant, rincer abondamment avec de l\u2019huile v\u00e9g\u00e9tale.\u00a0Entreposer \u00e0 la temp\u00e9rature ambiante.<\/p>\n<hr \/>\n<h2>Pr\u00e9cautions et mises en garde\u00a0:<\/h2>\n<p>Garder hors de la port\u00e9e des enfants.\u00a0En cas d\u2019ingestion accidentelle, demander des soins m\u00e9dicaux d\u2019urgence ou appeler un Centre Antipoison. Si les sympt\u00f4mes persistent ou s\u2019aggravent, consulter un praticien de soins de sant\u00e9.\u00a0Si vous souffrez d\u2019\u00e9pilepsie ou d\u2019asthme, consulter un praticien de soins de sant\u00e9 avant d\u2019en faire l\u2019usage. \u00c9viter d\u2019exposer les r\u00e9gions trait\u00e9es au soleil.<\/p>\n<hr \/>\n<h2>Contre-indications\u00a0:<\/h2>\n<p>Si vous \u00eates enceinte ou allaitez, ne pas utiliser ce produit.<\/p>\n<hr \/>\n<h2>R\u00e9actions ind\u00e9sirables connues\u00a0:<\/h2>\n<p>Si des naus\u00e9es, des \u00e9tourdissements, des maux de t\u00eate, ou une r\u00e9action allergique se manifestent, cesser l\u2019usage.<\/p>\n<hr \/>\n<h2>NPN :<\/h2>\n<p>80074616<\/p>\n","protected":false},"excerpt":{"rendered":"<p><strong>Huile essentielle ch\u00e9motyp\u00e9e<\/strong>\u00a0<strong>100% pure et naturelle &#8211; biologique<\/strong><\/p>\n<p>Utilis\u00e9 en aromath\u00e9rapie comme carminatif et antispasmodique pour le soulagement symptomatique de l\u2019inconfort digestif.<\/p>\n<p>Utilis\u00e9 en aromath\u00e9rapie pour aider \u00e0 soulager le rhume.<\/p>\n<p>Utilis\u00e9 en aromath\u00e9rapie en topique pour aider \u00e0 soulager la douleur articulaire et musculaire associ\u00e9e aux entorses, foulures et \u00e0 la polyarthrite rhumato\u00efde.<\/p>\n<p>Piper nigrum \u2212\u00a0Fruit<br \/>\nSesquiterp\u00e8nes, limon\u00e8ne<\/p>\n<p>5 ml<\/p>\n","protected":false},"featured_media":1070,"comment_status":"open","ping_status":"closed","template":"","meta":{"_et_pb_use_builder":"","_et_pb_old_content":"","_et_gb_content_width":""},"product_cat":[326,332],"product_tag":[],"acf":[],"yoast_head":"<!-- This site is optimized with the Yoast SEO plugin v22.6 - https:\/\/yoast.com\/wordpress\/plugins\/seo\/ -->\n<title>Huile essentielle Poivre noir par Pranarom Aromath\u00e9rapie<\/title>\n<meta name=\"description\" content=\"Achetez Poivre noir par Pranarom et b\u00e9n\u00e9ficiez d&#039;une livraison rapide. N&#039;h\u00e9sitez pas \u00e0 magasiner d&#039;autres d&#039;huiles essentielles biologiques chez Pranarom.ca\" \/>\n<meta name=\"robots\" content=\"index, follow, max-snippet:-1, max-image-preview:large, max-video-preview:-1\" \/>\n<link rel=\"canonical\" href=\"https:\/\/pranarom.ca\/fr\/produit\/poivre-noir-p-e81\/\" \/>\n<meta property=\"og:locale\" content=\"fr_FR\" \/>\n<meta property=\"og:type\" content=\"article\" \/>\n<meta property=\"og:title\" content=\"Huile essentielle Poivre noir par Pranarom Aromath\u00e9rapie\" \/>\n<meta property=\"og:description\" content=\"Achetez Poivre noir par Pranarom et b\u00e9n\u00e9ficiez d&#039;une livraison rapide. N&#039;h\u00e9sitez pas \u00e0 magasiner d&#039;autres d&#039;huiles essentielles biologiques chez Pranarom.ca\" \/>\n<meta property=\"og:url\" content=\"https:\/\/pranarom.ca\/fr\/produit\/poivre-noir-p-e81\/\" \/>\n<meta property=\"og:site_name\" content=\"Pranarom\" \/>\n<meta property=\"article:publisher\" content=\"https:\/\/www.facebook.com\/PranaromCanada\" \/>\n<meta property=\"article:modified_time\" content=\"2022-03-28T18:21:24+00:00\" \/>\n<meta property=\"og:image\" content=\"https:\/\/pranarom.ca\/wp-content\/uploads\/2019\/02\/P-E81-Poivre-noir-FR.jpeg\" \/>\n\t<meta property=\"og:image:width\" content=\"1500\" \/>\n\t<meta property=\"og:image:height\" content=\"1500\" \/>\n\t<meta property=\"og:image:type\" content=\"image\/jpeg\" \/>\n<meta name=\"twitter:card\" content=\"summary_large_image\" \/>\n<meta name=\"twitter:label1\" content=\"Dur\u00e9e de lecture estim\u00e9e\" \/>\n\t<meta name=\"twitter:data1\" content=\"1 minute\" \/>\n<script type=\"application\/ld+json\" class=\"yoast-schema-graph\">{\"@context\":\"https:\/\/schema.org\",\"@graph\":[{\"@type\":\"WebPage\",\"@id\":\"https:\/\/pranarom.ca\/fr\/produit\/poivre-noir-p-e81\/\",\"url\":\"https:\/\/pranarom.ca\/fr\/produit\/poivre-noir-p-e81\/\",\"name\":\"Huile essentielle Poivre noir par Pranarom Aromath\u00e9rapie\",\"isPartOf\":{\"@id\":\"https:\/\/pranarom.ca\/#website\"},\"primaryImageOfPage\":{\"@id\":\"https:\/\/pranarom.ca\/fr\/produit\/poivre-noir-p-e81\/#primaryimage\"},\"image\":{\"@id\":\"https:\/\/pranarom.ca\/fr\/produit\/poivre-noir-p-e81\/#primaryimage\"},\"thumbnailUrl\":\"https:\/\/pranarom.ca\/wp-content\/uploads\/2019\/02\/P-E81-Poivre-noir-FR.jpeg\",\"datePublished\":\"2017-06-06T00:00:00+00:00\",\"dateModified\":\"2022-03-28T18:21:24+00:00\",\"description\":\"Achetez Poivre noir par Pranarom et b\u00e9n\u00e9ficiez d'une livraison rapide. N'h\u00e9sitez pas \u00e0 magasiner d'autres d'huiles essentielles biologiques chez Pranarom.ca\",\"breadcrumb\":{\"@id\":\"https:\/\/pranarom.ca\/fr\/produit\/poivre-noir-p-e81\/#breadcrumb\"},\"inLanguage\":\"fr-FR\",\"potentialAction\":[{\"@type\":\"ReadAction\",\"target\":[\"https:\/\/pranarom.ca\/fr\/produit\/poivre-noir-p-e81\/\"]}]},{\"@type\":\"ImageObject\",\"inLanguage\":\"fr-FR\",\"@id\":\"https:\/\/pranarom.ca\/fr\/produit\/poivre-noir-p-e81\/#primaryimage\",\"url\":\"https:\/\/pranarom.ca\/wp-content\/uploads\/2019\/02\/P-E81-Poivre-noir-FR.jpeg\",\"contentUrl\":\"https:\/\/pranarom.ca\/wp-content\/uploads\/2019\/02\/P-E81-Poivre-noir-FR.jpeg\",\"width\":1500,\"height\":1500},{\"@type\":\"BreadcrumbList\",\"@id\":\"https:\/\/pranarom.ca\/fr\/produit\/poivre-noir-p-e81\/#breadcrumb\",\"itemListElement\":[{\"@type\":\"ListItem\",\"position\":1,\"name\":\"Home\",\"item\":\"https:\/\/pranarom.ca\/fr\/\"},{\"@type\":\"ListItem\",\"position\":2,\"name\":\"Shop\",\"item\":\"https:\/\/pranarom.ca\/shop\/\"},{\"@type\":\"ListItem\",\"position\":3,\"name\":\"Poivre noir\"}]},{\"@type\":\"WebSite\",\"@id\":\"https:\/\/pranarom.ca\/#website\",\"url\":\"https:\/\/pranarom.ca\/\",\"name\":\"Pranarom Canada\",\"description\":\"Scientific Aromatherapyy\",\"publisher\":{\"@id\":\"https:\/\/pranarom.ca\/#organization\"},\"potentialAction\":[{\"@type\":\"SearchAction\",\"target\":{\"@type\":\"EntryPoint\",\"urlTemplate\":\"https:\/\/pranarom.ca\/?s={search_term_string}\"},\"query-input\":\"required name=search_term_string\"}],\"inLanguage\":\"fr-FR\"},{\"@type\":\"Organization\",\"@id\":\"https:\/\/pranarom.ca\/#organization\",\"name\":\"Pranarom\",\"url\":\"https:\/\/pranarom.ca\/\",\"logo\":{\"@type\":\"ImageObject\",\"inLanguage\":\"fr-FR\",\"@id\":\"https:\/\/pranarom.ca\/#\/schema\/logo\/image\/\",\"url\":\"https:\/\/pranarom.ca\/wp-content\/uploads\/2019\/03\/pranalogo.png\",\"contentUrl\":\"https:\/\/pranarom.ca\/wp-content\/uploads\/2019\/03\/pranalogo.png\",\"width\":330,\"height\":100,\"caption\":\"Pranarom\"},\"image\":{\"@id\":\"https:\/\/pranarom.ca\/#\/schema\/logo\/image\/\"},\"sameAs\":[\"https:\/\/www.facebook.com\/PranaromCanada\",\"http:\/\/instagram.com\/pranaromcanada\/\",\"https:\/\/www.instagram.com\/pranaromcanada\/\"]}]}<\/script>\n<!-- \/ Yoast SEO plugin. -->","yoast_head_json":{"title":"Huile essentielle Poivre noir par Pranarom Aromath\u00e9rapie","description":"Achetez Poivre noir par Pranarom et b\u00e9n\u00e9ficiez d'une livraison rapide. N'h\u00e9sitez pas \u00e0 magasiner d'autres d'huiles essentielles biologiques chez Pranarom.ca","robots":{"index":"index","follow":"follow","max-snippet":"max-snippet:-1","max-image-preview":"max-image-preview:large","max-video-preview":"max-video-preview:-1"},"canonical":"https:\/\/pranarom.ca\/fr\/produit\/poivre-noir-p-e81\/","og_locale":"fr_FR","og_type":"article","og_title":"Huile essentielle Poivre noir par Pranarom Aromath\u00e9rapie","og_description":"Achetez Poivre noir par Pranarom et b\u00e9n\u00e9ficiez d'une livraison rapide. N'h\u00e9sitez pas \u00e0 magasiner d'autres d'huiles essentielles biologiques chez Pranarom.ca","og_url":"https:\/\/pranarom.ca\/fr\/produit\/poivre-noir-p-e81\/","og_site_name":"Pranarom","article_publisher":"https:\/\/www.facebook.com\/PranaromCanada","article_modified_time":"2022-03-28T18:21:24+00:00","og_image":[{"width":1500,"height":1500,"url":"https:\/\/pranarom.ca\/wp-content\/uploads\/2019\/02\/P-E81-Poivre-noir-FR.jpeg","type":"image\/jpeg"}],"twitter_card":"summary_large_image","twitter_misc":{"Dur\u00e9e de lecture estim\u00e9e":"1 minute"},"schema":{"@context":"https:\/\/schema.org","@graph":[{"@type":"WebPage","@id":"https:\/\/pranarom.ca\/fr\/produit\/poivre-noir-p-e81\/","url":"https:\/\/pranarom.ca\/fr\/produit\/poivre-noir-p-e81\/","name":"Huile essentielle Poivre noir par Pranarom Aromath\u00e9rapie","isPartOf":{"@id":"https:\/\/pranarom.ca\/#website"},"primaryImageOfPage":{"@id":"https:\/\/pranarom.ca\/fr\/produit\/poivre-noir-p-e81\/#primaryimage"},"image":{"@id":"https:\/\/pranarom.ca\/fr\/produit\/poivre-noir-p-e81\/#primaryimage"},"thumbnailUrl":"https:\/\/pranarom.ca\/wp-content\/uploads\/2019\/02\/P-E81-Poivre-noir-FR.jpeg","datePublished":"2017-06-06T00:00:00+00:00","dateModified":"2022-03-28T18:21:24+00:00","description":"Achetez Poivre noir par Pranarom et b\u00e9n\u00e9ficiez d'une livraison rapide. N'h\u00e9sitez pas \u00e0 magasiner d'autres d'huiles essentielles biologiques chez Pranarom.ca","breadcrumb":{"@id":"https:\/\/pranarom.ca\/fr\/produit\/poivre-noir-p-e81\/#breadcrumb"},"inLanguage":"fr-FR","potentialAction":[{"@type":"ReadAction","target":["https:\/\/pranarom.ca\/fr\/produit\/poivre-noir-p-e81\/"]}]},{"@type":"ImageObject","inLanguage":"fr-FR","@id":"https:\/\/pranarom.ca\/fr\/produit\/poivre-noir-p-e81\/#primaryimage","url":"https:\/\/pranarom.ca\/wp-content\/uploads\/2019\/02\/P-E81-Poivre-noir-FR.jpeg","contentUrl":"https:\/\/pranarom.ca\/wp-content\/uploads\/2019\/02\/P-E81-Poivre-noir-FR.jpeg","width":1500,"height":1500},{"@type":"BreadcrumbList","@id":"https:\/\/pranarom.ca\/fr\/produit\/poivre-noir-p-e81\/#breadcrumb","itemListElement":[{"@type":"ListItem","position":1,"name":"Home","item":"https:\/\/pranarom.ca\/fr\/"},{"@type":"ListItem","position":2,"name":"Shop","item":"https:\/\/pranarom.ca\/shop\/"},{"@type":"ListItem","position":3,"name":"Poivre noir"}]},{"@type":"WebSite","@id":"https:\/\/pranarom.ca\/#website","url":"https:\/\/pranarom.ca\/","name":"Pranarom Canada","description":"Scientific Aromatherapyy","publisher":{"@id":"https:\/\/pranarom.ca\/#organization"},"potentialAction":[{"@type":"SearchAction","target":{"@type":"EntryPoint","urlTemplate":"https:\/\/pranarom.ca\/?s={search_term_string}"},"query-input":"required name=search_term_string"}],"inLanguage":"fr-FR"},{"@type":"Organization","@id":"https:\/\/pranarom.ca\/#organization","name":"Pranarom","url":"https:\/\/pranarom.ca\/","logo":{"@type":"ImageObject","inLanguage":"fr-FR","@id":"https:\/\/pranarom.ca\/#\/schema\/logo\/image\/","url":"https:\/\/pranarom.ca\/wp-content\/uploads\/2019\/03\/pranalogo.png","contentUrl":"https:\/\/pranarom.ca\/wp-content\/uploads\/2019\/03\/pranalogo.png","width":330,"height":100,"caption":"Pranarom"},"image":{"@id":"https:\/\/pranarom.ca\/#\/schema\/logo\/image\/"},"sameAs":["https:\/\/www.facebook.com\/PranaromCanada","http:\/\/instagram.com\/pranaromcanada\/","https:\/\/www.instagram.com\/pranaromcanada\/"]}]}},"jetpack_sharing_enabled":true,"_links":{"self":[{"href":"https:\/\/pranarom.ca\/fr\/wp-json\/wp\/v2\/product\/35058"}],"collection":[{"href":"https:\/\/pranarom.ca\/fr\/wp-json\/wp\/v2\/product"}],"about":[{"href":"https:\/\/pranarom.ca\/fr\/wp-json\/wp\/v2\/types\/product"}],"replies":[{"embeddable":true,"href":"https:\/\/pranarom.ca\/fr\/wp-json\/wp\/v2\/comments?post=35058"}],"wp:featuredmedia":[{"embeddable":true,"href":"https:\/\/pranarom.ca\/fr\/wp-json\/wp\/v2\/media\/1070"}],"wp:attachment":[{"href":"https:\/\/pranarom.ca\/fr\/wp-json\/wp\/v2\/media?parent=35058"}],"wp:term":[{"taxonomy":"product_cat","embeddable":true,"href":"https:\/\/pranarom.ca\/fr\/wp-json\/wp\/v2\/product_cat?post=35058"},{"taxonomy":"product_tag","embeddable":true,"href":"https:\/\/pranarom.ca\/fr\/wp-json\/wp\/v2\/product_tag?post=35058"}],"curies":[{"name":"wp","href":"https:\/\/api.w.org\/{rel}","templated":true}]}}