{"id":35041,"date":"2017-05-13T00:00:00","date_gmt":"2017-05-13T00:00:00","guid":{"rendered":"https:\/\/pranarom.ca\/?post_type=product&#038;p=35041"},"modified":"2025-03-29T13:16:01","modified_gmt":"2025-03-29T13:16:01","slug":"argent-colloidal-20-ppm","status":"publish","type":"product","link":"https:\/\/pranarom.ca\/fr\/produit\/argent-colloidal-20-ppm\/","title":{"rendered":"Argent Collo\u00efdal 20 ppm"},"content":{"rendered":"<hr \/>\n<h2><strong>Une puret\u00e9 incomparable :<\/strong><\/h2>\n<p>Un antiseptique d\u2019une efficacit\u00e9 redoutable, pour tous et dans toute la maison.<\/p>\n<p>Connu depuis l\u2019Antiquit\u00e9 pour ses remarquables vertus anti-infectieuses, l\u2019argent collo\u00efdal a largement \u00e9t\u00e9 utilis\u00e9 jusqu\u2019\u00e0 la d\u00e9couverte des antibiotiques modernes. Abandonn\u00e9 un temps, il revient en force depuis peu, pl\u00e9biscit\u00e9 comme solution naturelle.<\/p>\n<hr \/>\n<h2><strong>Uniquement de l\u2019eau ultra-pure et une suspension d\u2019ions d\u2019argent :<\/strong><\/h2>\n<ul>\n<li><strong>Une eau ultra-pure<\/strong>, de qualit\u00e9 Pharmacop\u00e9e Europ\u00e9enne, obtenue gr\u00e2ce \u00e0 un long et complexe syst\u00e8me de purification (filtration, absorption par filtre \u00e0 charbon actif, d\u00e9min\u00e9ralisation, double osmose invers\u00e9e, oxydation aux ultra-violets), condition essentielle pour que l\u2019\u00e9lectrolyse qui s\u2019en suit soit optimale.<\/li>\n<li>Une <strong>dynamisation en cascade pour en accro\u00eetre l\u2019\u00e9nergie<\/strong> et en renforcer l\u2019action.<\/li>\n<\/ul>\n<hr \/>\n<h2><strong>100% naturel\u00a0:<\/strong><\/h2>\n<p>Sans aucun conservateur, adjuvants, compos\u00e9s chimiques d\u2019argent, particules fabriqu\u00e9es m\u00e9caniquement ou issues de la nanotechnologie, colorants, chlorures, nitrates ou autres produits toxiques.<\/p>\n<p><strong>La grande puret\u00e9 de l\u2019argent collo\u00efdal BIOFLORAL<\/strong> permet aux ions de rester actifs dans le temps. C\u2019est le gage d\u2019une parfaite biodisponibilit\u00e9, d\u2019une efficacit\u00e9 optimale, sans effets secondaires. La teinte transparente de notre produit est le signe d\u2019un argent collo\u00efdal pur.<\/p>\n<hr \/>\n<h2><strong>Ingr\u00e9dients (par 5 ml) :<\/strong><\/h2>\n<p>Argent (argent collo\u00efdal) 100 mcg, eau purifi\u00e9e.<\/p>\n<hr \/>\n<p>Garder hors de la port\u00e9e des enfants.<\/p>\n<hr \/>\n<p>&nbsp;<\/p>\n<h2><strong>De multiples usages* au quotidien :<\/strong><\/h2>\n<p><strong>Pour la peau et l\u2019hygi\u00e8ne bucco-dentaire\u00a0:<\/strong><\/p>\n<ul>\n<li>Rafra\u00eechit, hydrate**, purifie et tonifie la peau<\/li>\n<li>Apaisse et att\u00e9nue les rougeurs caus\u00e9es par la s\u00e9cheresse<\/li>\n<li>Stimule la cicatrisation<\/li>\n<li>Clarifie le teint<\/li>\n<li>Assainit la cavit\u00e9 buccale<\/li>\n<\/ul>\n<p>Particuli\u00e8rement conseill\u00e9 pour les affections de la peau\u00a0: acn\u00e9, ecz\u00e9ma, couperose, mycoses, plaies, champignons, verrues, rougeurs, br\u00fblures et celles de la bouche (abc\u00e8s, aphtes, inflammations de la cavit\u00e9 buccale\u2026).<br \/>\n*Usage externe seulement | **Couches sup\u00e9rieures de l\u2019\u00e9piderme.<\/p>\n<p><strong>Pour les plantes vertes et le jardin\u00a0:<\/strong> Diluer dans l\u2019eau d\u2019arrosage des plantes pour lutter contre les champignons, les bact\u00e9ries et les virus des plantes.<\/p>\n<p><strong>Pour l\u2019entretien de la maison\u00a0: <\/strong>En vaporisation, pour assainir et d\u00e9sinfecter les plans de travail, les surfaces de salles de bain, poign\u00e9es de porte, objets, jouets\u2026<\/p>\n<hr \/>\n<h2><strong>Conseils d\u2019utilisation topique : <\/strong><\/h2>\n<p>Appliquer 1 bouchon en compresse sur la peau. Gargarisme\u00a0: 1 bouchon, 1 \u00e0 3 fois par jour. Gargariser pendant au moins 15 secondes, puis cracher. Ne pas avaler. Ce produit contient de l\u2019argent et\/ou l\u2019un de ses sels. \u00c9viter tout contact avec la peau si elle est \u00e9rafl\u00e9e ou abras\u00e9e. Conserver au frais et au sec. Tenir hors de port\u00e9e des enfants.<\/p>\n<hr \/>\n<p>Bouteille agr\u00e9\u00e9e par Ecocert, garantie sans bisph\u00e9nols, sans m\u00e9taux lourds, sans phtalates.<\/p>\n","protected":false},"excerpt":{"rendered":"<p><strong>Tonifie &#8211; Hydrate &#8211; Renforce<\/strong><\/p>\n<p>500 ml<\/p>\n","protected":false},"featured_media":1006,"comment_status":"open","ping_status":"closed","template":"","meta":{"_et_pb_use_builder":"","_et_pb_old_content":"","_et_gb_content_width":""},"product_cat":[510,505,318,325],"product_tag":[],"acf":[],"yoast_head":"<!-- This site is optimized with the Yoast SEO plugin v22.6 - https:\/\/yoast.com\/wordpress\/plugins\/seo\/ -->\n<title>Argent Collo\u00efdal 20 ppm par Pranarom | Sp\u00e9cialit\u00e9s d&#039;huiles essentielles<\/title>\n<meta name=\"description\" content=\"Achetez Argent Collo\u00efdal 20 ppm par Biofloral et b\u00e9n\u00e9ficiez d&#039;une livraison rapide. N&#039;h\u00e9sitez pas \u00e0 magasiner d&#039;autres sp\u00e9cialit\u00e9s Biofloral chez Pranarom.ca\" \/>\n<meta name=\"robots\" content=\"index, follow, max-snippet:-1, max-image-preview:large, max-video-preview:-1\" \/>\n<link rel=\"canonical\" href=\"https:\/\/pranarom.ca\/fr\/produit\/argent-colloidal-20-ppm\/\" \/>\n<meta property=\"og:locale\" content=\"fr_FR\" \/>\n<meta property=\"og:type\" content=\"article\" \/>\n<meta property=\"og:title\" content=\"Argent Collo\u00efdal 20 ppm par Pranarom | Sp\u00e9cialit\u00e9s d&#039;huiles essentielles\" \/>\n<meta property=\"og:description\" content=\"Achetez Argent Collo\u00efdal 20 ppm par Biofloral et b\u00e9n\u00e9ficiez d&#039;une livraison rapide. N&#039;h\u00e9sitez pas \u00e0 magasiner d&#039;autres sp\u00e9cialit\u00e9s Biofloral chez Pranarom.ca\" \/>\n<meta property=\"og:url\" content=\"https:\/\/pranarom.ca\/fr\/produit\/argent-colloidal-20-ppm\/\" \/>\n<meta property=\"og:site_name\" content=\"Pranarom\" \/>\n<meta property=\"article:publisher\" content=\"https:\/\/www.facebook.com\/PranaromCanada\" \/>\n<meta property=\"article:modified_time\" content=\"2025-03-29T13:16:01+00:00\" \/>\n<meta property=\"og:image\" content=\"https:\/\/pranarom.ca\/wp-content\/uploads\/2019\/02\/Argent-2017_500ml_CAN.jpg\" \/>\n\t<meta property=\"og:image:width\" content=\"1000\" \/>\n\t<meta property=\"og:image:height\" content=\"1000\" \/>\n\t<meta property=\"og:image:type\" content=\"image\/jpeg\" \/>\n<meta name=\"twitter:card\" content=\"summary_large_image\" \/>\n<meta name=\"twitter:label1\" content=\"Dur\u00e9e de lecture estim\u00e9e\" \/>\n\t<meta name=\"twitter:data1\" content=\"2 minutes\" \/>\n<script type=\"application\/ld+json\" class=\"yoast-schema-graph\">{\"@context\":\"https:\/\/schema.org\",\"@graph\":[{\"@type\":\"WebPage\",\"@id\":\"https:\/\/pranarom.ca\/fr\/produit\/argent-colloidal-20-ppm\/\",\"url\":\"https:\/\/pranarom.ca\/fr\/produit\/argent-colloidal-20-ppm\/\",\"name\":\"Argent Collo\u00efdal 20 ppm par Pranarom | Sp\u00e9cialit\u00e9s d'huiles essentielles\",\"isPartOf\":{\"@id\":\"https:\/\/pranarom.ca\/#website\"},\"primaryImageOfPage\":{\"@id\":\"https:\/\/pranarom.ca\/fr\/produit\/argent-colloidal-20-ppm\/#primaryimage\"},\"image\":{\"@id\":\"https:\/\/pranarom.ca\/fr\/produit\/argent-colloidal-20-ppm\/#primaryimage\"},\"thumbnailUrl\":\"https:\/\/pranarom.ca\/wp-content\/uploads\/2019\/02\/Argent-2017_500ml_CAN.jpg\",\"datePublished\":\"2017-05-13T00:00:00+00:00\",\"dateModified\":\"2025-03-29T13:16:01+00:00\",\"description\":\"Achetez Argent Collo\u00efdal 20 ppm par Biofloral et b\u00e9n\u00e9ficiez d'une livraison rapide. N'h\u00e9sitez pas \u00e0 magasiner d'autres sp\u00e9cialit\u00e9s Biofloral chez Pranarom.ca\",\"breadcrumb\":{\"@id\":\"https:\/\/pranarom.ca\/fr\/produit\/argent-colloidal-20-ppm\/#breadcrumb\"},\"inLanguage\":\"fr-FR\",\"potentialAction\":[{\"@type\":\"ReadAction\",\"target\":[\"https:\/\/pranarom.ca\/fr\/produit\/argent-colloidal-20-ppm\/\"]}]},{\"@type\":\"ImageObject\",\"inLanguage\":\"fr-FR\",\"@id\":\"https:\/\/pranarom.ca\/fr\/produit\/argent-colloidal-20-ppm\/#primaryimage\",\"url\":\"https:\/\/pranarom.ca\/wp-content\/uploads\/2019\/02\/Argent-2017_500ml_CAN.jpg\",\"contentUrl\":\"https:\/\/pranarom.ca\/wp-content\/uploads\/2019\/02\/Argent-2017_500ml_CAN.jpg\",\"width\":1000,\"height\":1000},{\"@type\":\"BreadcrumbList\",\"@id\":\"https:\/\/pranarom.ca\/fr\/produit\/argent-colloidal-20-ppm\/#breadcrumb\",\"itemListElement\":[{\"@type\":\"ListItem\",\"position\":1,\"name\":\"Home\",\"item\":\"https:\/\/pranarom.ca\/fr\/\"},{\"@type\":\"ListItem\",\"position\":2,\"name\":\"Shop\",\"item\":\"https:\/\/pranarom.ca\/shop\/\"},{\"@type\":\"ListItem\",\"position\":3,\"name\":\"Argent Collo\u00efdal 20 ppm\"}]},{\"@type\":\"WebSite\",\"@id\":\"https:\/\/pranarom.ca\/#website\",\"url\":\"https:\/\/pranarom.ca\/\",\"name\":\"Pranarom Canada\",\"description\":\"Scientific Aromatherapyy\",\"publisher\":{\"@id\":\"https:\/\/pranarom.ca\/#organization\"},\"potentialAction\":[{\"@type\":\"SearchAction\",\"target\":{\"@type\":\"EntryPoint\",\"urlTemplate\":\"https:\/\/pranarom.ca\/?s={search_term_string}\"},\"query-input\":\"required name=search_term_string\"}],\"inLanguage\":\"fr-FR\"},{\"@type\":\"Organization\",\"@id\":\"https:\/\/pranarom.ca\/#organization\",\"name\":\"Pranarom\",\"url\":\"https:\/\/pranarom.ca\/\",\"logo\":{\"@type\":\"ImageObject\",\"inLanguage\":\"fr-FR\",\"@id\":\"https:\/\/pranarom.ca\/#\/schema\/logo\/image\/\",\"url\":\"https:\/\/pranarom.ca\/wp-content\/uploads\/2019\/03\/pranalogo.png\",\"contentUrl\":\"https:\/\/pranarom.ca\/wp-content\/uploads\/2019\/03\/pranalogo.png\",\"width\":330,\"height\":100,\"caption\":\"Pranarom\"},\"image\":{\"@id\":\"https:\/\/pranarom.ca\/#\/schema\/logo\/image\/\"},\"sameAs\":[\"https:\/\/www.facebook.com\/PranaromCanada\",\"http:\/\/instagram.com\/pranaromcanada\/\",\"https:\/\/www.instagram.com\/pranaromcanada\/\"]}]}<\/script>\n<!-- \/ Yoast SEO plugin. -->","yoast_head_json":{"title":"Argent Collo\u00efdal 20 ppm par Pranarom | Sp\u00e9cialit\u00e9s d'huiles essentielles","description":"Achetez Argent Collo\u00efdal 20 ppm par Biofloral et b\u00e9n\u00e9ficiez d'une livraison rapide. N'h\u00e9sitez pas \u00e0 magasiner d'autres sp\u00e9cialit\u00e9s Biofloral chez Pranarom.ca","robots":{"index":"index","follow":"follow","max-snippet":"max-snippet:-1","max-image-preview":"max-image-preview:large","max-video-preview":"max-video-preview:-1"},"canonical":"https:\/\/pranarom.ca\/fr\/produit\/argent-colloidal-20-ppm\/","og_locale":"fr_FR","og_type":"article","og_title":"Argent Collo\u00efdal 20 ppm par Pranarom | Sp\u00e9cialit\u00e9s d'huiles essentielles","og_description":"Achetez Argent Collo\u00efdal 20 ppm par Biofloral et b\u00e9n\u00e9ficiez d'une livraison rapide. N'h\u00e9sitez pas \u00e0 magasiner d'autres sp\u00e9cialit\u00e9s Biofloral chez Pranarom.ca","og_url":"https:\/\/pranarom.ca\/fr\/produit\/argent-colloidal-20-ppm\/","og_site_name":"Pranarom","article_publisher":"https:\/\/www.facebook.com\/PranaromCanada","article_modified_time":"2025-03-29T13:16:01+00:00","og_image":[{"width":1000,"height":1000,"url":"https:\/\/pranarom.ca\/wp-content\/uploads\/2019\/02\/Argent-2017_500ml_CAN.jpg","type":"image\/jpeg"}],"twitter_card":"summary_large_image","twitter_misc":{"Dur\u00e9e de lecture estim\u00e9e":"2 minutes"},"schema":{"@context":"https:\/\/schema.org","@graph":[{"@type":"WebPage","@id":"https:\/\/pranarom.ca\/fr\/produit\/argent-colloidal-20-ppm\/","url":"https:\/\/pranarom.ca\/fr\/produit\/argent-colloidal-20-ppm\/","name":"Argent Collo\u00efdal 20 ppm par Pranarom | Sp\u00e9cialit\u00e9s d'huiles essentielles","isPartOf":{"@id":"https:\/\/pranarom.ca\/#website"},"primaryImageOfPage":{"@id":"https:\/\/pranarom.ca\/fr\/produit\/argent-colloidal-20-ppm\/#primaryimage"},"image":{"@id":"https:\/\/pranarom.ca\/fr\/produit\/argent-colloidal-20-ppm\/#primaryimage"},"thumbnailUrl":"https:\/\/pranarom.ca\/wp-content\/uploads\/2019\/02\/Argent-2017_500ml_CAN.jpg","datePublished":"2017-05-13T00:00:00+00:00","dateModified":"2025-03-29T13:16:01+00:00","description":"Achetez Argent Collo\u00efdal 20 ppm par Biofloral et b\u00e9n\u00e9ficiez d'une livraison rapide. N'h\u00e9sitez pas \u00e0 magasiner d'autres sp\u00e9cialit\u00e9s Biofloral chez Pranarom.ca","breadcrumb":{"@id":"https:\/\/pranarom.ca\/fr\/produit\/argent-colloidal-20-ppm\/#breadcrumb"},"inLanguage":"fr-FR","potentialAction":[{"@type":"ReadAction","target":["https:\/\/pranarom.ca\/fr\/produit\/argent-colloidal-20-ppm\/"]}]},{"@type":"ImageObject","inLanguage":"fr-FR","@id":"https:\/\/pranarom.ca\/fr\/produit\/argent-colloidal-20-ppm\/#primaryimage","url":"https:\/\/pranarom.ca\/wp-content\/uploads\/2019\/02\/Argent-2017_500ml_CAN.jpg","contentUrl":"https:\/\/pranarom.ca\/wp-content\/uploads\/2019\/02\/Argent-2017_500ml_CAN.jpg","width":1000,"height":1000},{"@type":"BreadcrumbList","@id":"https:\/\/pranarom.ca\/fr\/produit\/argent-colloidal-20-ppm\/#breadcrumb","itemListElement":[{"@type":"ListItem","position":1,"name":"Home","item":"https:\/\/pranarom.ca\/fr\/"},{"@type":"ListItem","position":2,"name":"Shop","item":"https:\/\/pranarom.ca\/shop\/"},{"@type":"ListItem","position":3,"name":"Argent Collo\u00efdal 20 ppm"}]},{"@type":"WebSite","@id":"https:\/\/pranarom.ca\/#website","url":"https:\/\/pranarom.ca\/","name":"Pranarom Canada","description":"Scientific Aromatherapyy","publisher":{"@id":"https:\/\/pranarom.ca\/#organization"},"potentialAction":[{"@type":"SearchAction","target":{"@type":"EntryPoint","urlTemplate":"https:\/\/pranarom.ca\/?s={search_term_string}"},"query-input":"required name=search_term_string"}],"inLanguage":"fr-FR"},{"@type":"Organization","@id":"https:\/\/pranarom.ca\/#organization","name":"Pranarom","url":"https:\/\/pranarom.ca\/","logo":{"@type":"ImageObject","inLanguage":"fr-FR","@id":"https:\/\/pranarom.ca\/#\/schema\/logo\/image\/","url":"https:\/\/pranarom.ca\/wp-content\/uploads\/2019\/03\/pranalogo.png","contentUrl":"https:\/\/pranarom.ca\/wp-content\/uploads\/2019\/03\/pranalogo.png","width":330,"height":100,"caption":"Pranarom"},"image":{"@id":"https:\/\/pranarom.ca\/#\/schema\/logo\/image\/"},"sameAs":["https:\/\/www.facebook.com\/PranaromCanada","http:\/\/instagram.com\/pranaromcanada\/","https:\/\/www.instagram.com\/pranaromcanada\/"]}]}},"jetpack_sharing_enabled":true,"_links":{"self":[{"href":"https:\/\/pranarom.ca\/fr\/wp-json\/wp\/v2\/product\/35041"}],"collection":[{"href":"https:\/\/pranarom.ca\/fr\/wp-json\/wp\/v2\/product"}],"about":[{"href":"https:\/\/pranarom.ca\/fr\/wp-json\/wp\/v2\/types\/product"}],"replies":[{"embeddable":true,"href":"https:\/\/pranarom.ca\/fr\/wp-json\/wp\/v2\/comments?post=35041"}],"wp:featuredmedia":[{"embeddable":true,"href":"https:\/\/pranarom.ca\/fr\/wp-json\/wp\/v2\/media\/1006"}],"wp:attachment":[{"href":"https:\/\/pranarom.ca\/fr\/wp-json\/wp\/v2\/media?parent=35041"}],"wp:term":[{"taxonomy":"product_cat","embeddable":true,"href":"https:\/\/pranarom.ca\/fr\/wp-json\/wp\/v2\/product_cat?post=35041"},{"taxonomy":"product_tag","embeddable":true,"href":"https:\/\/pranarom.ca\/fr\/wp-json\/wp\/v2\/product_tag?post=35041"}],"curies":[{"name":"wp","href":"https:\/\/api.w.org\/{rel}","templated":true}]}}