{"id":35039,"date":"2016-10-07T00:00:00","date_gmt":"2016-10-07T00:00:00","guid":{"rendered":"https:\/\/pranarom.ca\/?post_type=product&#038;p=35039"},"modified":"2022-03-28T17:14:03","modified_gmt":"2022-03-28T17:14:03","slug":"digestarom-pranacaps","status":"publish","type":"product","link":"https:\/\/pranarom.ca\/fr\/produit\/digestarom-pranacaps\/","title":{"rendered":"CONFORT DIGESTIF OLEOCAPS+ 3"},"content":{"rendered":"<hr \/>\n<p><strong>Utilis\u00e9 traditionnellement en phytoth\u00e9rapie pour aider \u00e0 :<\/strong><\/p>\n<ul>\n<li>soulager les malaises digestifs, y compris la perte d\u2019app\u00e9tit, les naus\u00e9es, les spasmes digestifs, l\u2019indigestion, la dyspepsie, et les coliques flatulentes<\/li>\n<li>stimuler la digestion et favoriser le transit intestinal<\/li>\n<\/ul>\n<hr \/>\n<h2><strong>Ingr\u00e9dients (par capsule) : <\/strong><\/h2>\n<p><strong>Zingiber officinale*<\/strong> (huile essentielle de gingembre) (rhizome) 18,33 mg, <strong>Cinnamomum aromaticum*<\/strong> (huile essentielle de cassia) (brindilles) 15 mg, <strong>Mentha x piperita*<\/strong> (huile essentielle de menthe poivr\u00e9e) (feuille) 15 mg, <strong>Elettaria cardamomum*<\/strong> (huile essentielle de cardamone) (graine) 8,33 mg, <strong>Carum carvi*<\/strong> (huile essentielle de carvi) (fruit) 6,67 mg.<\/p>\n<p>Ingr\u00e9dients non-m\u00e9dicinaux :\u00a0G\u00e9latine*, glyc\u00e9rine*, huile essentielle de pelure de citron*, huile de colza*, tocoph\u00e9rols.<\/p>\n<p>*Ingr\u00e9dients issu de l&#8217;Agriculture Biologique (Contr\u00f4le Certisys-BE-BIO-01).<\/p>\n<hr \/>\n<h2><strong>Posologie :<\/strong><\/h2>\n<p><strong>Adultes (18 ans et plus) :<\/strong> prendre 1 capsule 1-3 fois par jour ou tel que recommand\u00e9 par un praticien de soins de sant\u00e9.<\/p>\n<p>Prendre avant le repas.<\/p>\n<p>Consulter un praticien de soins de la sant\u00e9 pour une utilisation au-del\u00e0 de 2 semaines.<\/p>\n<p>Conserver \u00e0 l\u2019abri de toute source de chaleur et de lumi\u00e8re.<\/p>\n<hr \/>\n<h2><strong>Avertissements et mises en garde\u00a0: <\/strong><\/h2>\n<p><strong>Consulter un praticien de soins de sant\u00e9\u00a0 <\/strong><strong>\u00b7<\/strong>si vous souffrez des calculs biliaires, de troubles du foie ou d\u2019an\u00e9mie\u00a0 \u00b7si les sympt\u00f4mes persistent ou s\u2019aggravent.<\/p>\n<p><strong>Consulter un praticien de soins de sant\u00e9 avant d\u2019en faire l\u2019usage<\/strong> \u00b7si vous souffrez de douleurs abdominales aigu\u00ebs\u00a0 \u00b7si vous souffrez d\u2019une hernie hiatale ou de reflux gastro-\u0153sophagien.<\/p>\n<p><strong>Garder hors de port\u00e9e des enfants.<\/strong><\/p>\n<p>Garder dans un endroit frais et sec.<\/p>\n<hr \/>\n<h2><strong>Contre-indications\u00a0: <\/strong><\/h2>\n<p><strong>Ne pas utiliser \u00a0<\/strong>\u00b7si vous \u00eates enceinte\u00a0 \u00b7si vous allaitez\u00a0 \u00b7en cas d\u2019allergie \u00e0 la famille des Apiac\u00e9es\/Carottes ou au poisson (g\u00e9latine).<\/p>\n<hr \/>\n<h2><strong>R\u00e9actions ind\u00e9sirables connues\u00a0: <\/strong><\/h2>\n<p>Une irritation et de l\u2019inconfort du tractus gastrointestinal (i.e. naus\u00e9e et vomissements) pourrait se manifester. Si tel est le cas, cesser l\u2019utilisation.<\/p>\n<p>Certaines personnes pourraient souffrir de reflux gastrique.<\/p>\n<p><strong>Cesser l\u2019utilisation<\/strong> si une hypersensibilit\u00e9\/allergie se manifeste.<\/p>\n<hr \/>\n<h2><strong>NPN :<\/strong><\/h2>\n<p>80096795<\/p>\n","protected":false},"excerpt":{"rendered":"<p>100%\u00a0huiles essentielles pure et naturelles<br \/>\n30 capsules | biologique<\/p>\n","protected":false},"featured_media":59011,"comment_status":"open","ping_status":"closed","template":"","meta":{"_et_pb_use_builder":"","_et_pb_old_content":"","_et_gb_content_width":""},"product_cat":[326,329],"product_tag":[],"acf":[],"yoast_head":"<!-- This site is optimized with the Yoast SEO plugin v22.6 - https:\/\/yoast.com\/wordpress\/plugins\/seo\/ -->\n<title>Pranacaps Digestarom par Pranarom| Magasinez nos capsules d&#039;huiles essentielles<\/title>\n<meta name=\"description\" content=\"Achetez Pranacaps Digestarom par Pranarom et b\u00e9n\u00e9ficiez d&#039;une livraison rapide. N&#039;h\u00e9sitez pas \u00e0 magasiner d&#039;autres capsules d&#039;huiles essentielles chez Pranarom.ca\" \/>\n<meta name=\"robots\" content=\"index, follow, max-snippet:-1, max-image-preview:large, max-video-preview:-1\" \/>\n<link rel=\"canonical\" href=\"https:\/\/pranarom.ca\/fr\/produit\/digestarom-pranacaps\/\" \/>\n<meta property=\"og:locale\" content=\"fr_FR\" \/>\n<meta property=\"og:type\" content=\"article\" \/>\n<meta property=\"og:title\" content=\"Pranacaps Digestarom par Pranarom| Magasinez nos capsules d&#039;huiles essentielles\" \/>\n<meta property=\"og:description\" content=\"Achetez Pranacaps Digestarom par Pranarom et b\u00e9n\u00e9ficiez d&#039;une livraison rapide. N&#039;h\u00e9sitez pas \u00e0 magasiner d&#039;autres capsules d&#039;huiles essentielles chez Pranarom.ca\" \/>\n<meta property=\"og:url\" content=\"https:\/\/pranarom.ca\/fr\/produit\/digestarom-pranacaps\/\" \/>\n<meta property=\"og:site_name\" content=\"Pranarom\" \/>\n<meta property=\"article:publisher\" content=\"https:\/\/www.facebook.com\/PranaromCanada\" \/>\n<meta property=\"article:modified_time\" content=\"2022-03-28T17:14:03+00:00\" \/>\n<meta property=\"og:image\" content=\"https:\/\/pranarom.ca\/wp-content\/uploads\/2021\/06\/Oleocaps-3-fr.png\" \/>\n\t<meta property=\"og:image:width\" content=\"1500\" \/>\n\t<meta property=\"og:image:height\" content=\"1500\" \/>\n\t<meta property=\"og:image:type\" content=\"image\/png\" \/>\n<meta name=\"twitter:card\" content=\"summary_large_image\" \/>\n<meta name=\"twitter:label1\" content=\"Dur\u00e9e de lecture estim\u00e9e\" \/>\n\t<meta name=\"twitter:data1\" content=\"2 minutes\" \/>\n<script type=\"application\/ld+json\" class=\"yoast-schema-graph\">{\"@context\":\"https:\/\/schema.org\",\"@graph\":[{\"@type\":\"WebPage\",\"@id\":\"https:\/\/pranarom.ca\/fr\/produit\/digestarom-pranacaps\/\",\"url\":\"https:\/\/pranarom.ca\/fr\/produit\/digestarom-pranacaps\/\",\"name\":\"Pranacaps Digestarom par Pranarom| Magasinez nos capsules d'huiles essentielles\",\"isPartOf\":{\"@id\":\"https:\/\/pranarom.ca\/#website\"},\"primaryImageOfPage\":{\"@id\":\"https:\/\/pranarom.ca\/fr\/produit\/digestarom-pranacaps\/#primaryimage\"},\"image\":{\"@id\":\"https:\/\/pranarom.ca\/fr\/produit\/digestarom-pranacaps\/#primaryimage\"},\"thumbnailUrl\":\"https:\/\/pranarom.ca\/wp-content\/uploads\/2021\/06\/Oleocaps-3-fr.png\",\"datePublished\":\"2016-10-07T00:00:00+00:00\",\"dateModified\":\"2022-03-28T17:14:03+00:00\",\"description\":\"Achetez Pranacaps Digestarom par Pranarom et b\u00e9n\u00e9ficiez d'une livraison rapide. N'h\u00e9sitez pas \u00e0 magasiner d'autres capsules d'huiles essentielles chez Pranarom.ca\",\"breadcrumb\":{\"@id\":\"https:\/\/pranarom.ca\/fr\/produit\/digestarom-pranacaps\/#breadcrumb\"},\"inLanguage\":\"fr-FR\",\"potentialAction\":[{\"@type\":\"ReadAction\",\"target\":[\"https:\/\/pranarom.ca\/fr\/produit\/digestarom-pranacaps\/\"]}]},{\"@type\":\"ImageObject\",\"inLanguage\":\"fr-FR\",\"@id\":\"https:\/\/pranarom.ca\/fr\/produit\/digestarom-pranacaps\/#primaryimage\",\"url\":\"https:\/\/pranarom.ca\/wp-content\/uploads\/2021\/06\/Oleocaps-3-fr.png\",\"contentUrl\":\"https:\/\/pranarom.ca\/wp-content\/uploads\/2021\/06\/Oleocaps-3-fr.png\",\"width\":1500,\"height\":1500},{\"@type\":\"BreadcrumbList\",\"@id\":\"https:\/\/pranarom.ca\/fr\/produit\/digestarom-pranacaps\/#breadcrumb\",\"itemListElement\":[{\"@type\":\"ListItem\",\"position\":1,\"name\":\"Home\",\"item\":\"https:\/\/pranarom.ca\/fr\/\"},{\"@type\":\"ListItem\",\"position\":2,\"name\":\"Shop\",\"item\":\"https:\/\/pranarom.ca\/shop\/\"},{\"@type\":\"ListItem\",\"position\":3,\"name\":\"CONFORT DIGESTIF OLEOCAPS+ 3\"}]},{\"@type\":\"WebSite\",\"@id\":\"https:\/\/pranarom.ca\/#website\",\"url\":\"https:\/\/pranarom.ca\/\",\"name\":\"Pranarom Canada\",\"description\":\"Scientific Aromatherapyy\",\"publisher\":{\"@id\":\"https:\/\/pranarom.ca\/#organization\"},\"potentialAction\":[{\"@type\":\"SearchAction\",\"target\":{\"@type\":\"EntryPoint\",\"urlTemplate\":\"https:\/\/pranarom.ca\/?s={search_term_string}\"},\"query-input\":\"required name=search_term_string\"}],\"inLanguage\":\"fr-FR\"},{\"@type\":\"Organization\",\"@id\":\"https:\/\/pranarom.ca\/#organization\",\"name\":\"Pranarom\",\"url\":\"https:\/\/pranarom.ca\/\",\"logo\":{\"@type\":\"ImageObject\",\"inLanguage\":\"fr-FR\",\"@id\":\"https:\/\/pranarom.ca\/#\/schema\/logo\/image\/\",\"url\":\"https:\/\/pranarom.ca\/wp-content\/uploads\/2019\/03\/pranalogo.png\",\"contentUrl\":\"https:\/\/pranarom.ca\/wp-content\/uploads\/2019\/03\/pranalogo.png\",\"width\":330,\"height\":100,\"caption\":\"Pranarom\"},\"image\":{\"@id\":\"https:\/\/pranarom.ca\/#\/schema\/logo\/image\/\"},\"sameAs\":[\"https:\/\/www.facebook.com\/PranaromCanada\",\"http:\/\/instagram.com\/pranaromcanada\/\",\"https:\/\/www.instagram.com\/pranaromcanada\/\"]}]}<\/script>\n<!-- \/ Yoast SEO plugin. -->","yoast_head_json":{"title":"Pranacaps Digestarom par Pranarom| Magasinez nos capsules d'huiles essentielles","description":"Achetez Pranacaps Digestarom par Pranarom et b\u00e9n\u00e9ficiez d'une livraison rapide. N'h\u00e9sitez pas \u00e0 magasiner d'autres capsules d'huiles essentielles chez Pranarom.ca","robots":{"index":"index","follow":"follow","max-snippet":"max-snippet:-1","max-image-preview":"max-image-preview:large","max-video-preview":"max-video-preview:-1"},"canonical":"https:\/\/pranarom.ca\/fr\/produit\/digestarom-pranacaps\/","og_locale":"fr_FR","og_type":"article","og_title":"Pranacaps Digestarom par Pranarom| Magasinez nos capsules d'huiles essentielles","og_description":"Achetez Pranacaps Digestarom par Pranarom et b\u00e9n\u00e9ficiez d'une livraison rapide. N'h\u00e9sitez pas \u00e0 magasiner d'autres capsules d'huiles essentielles chez Pranarom.ca","og_url":"https:\/\/pranarom.ca\/fr\/produit\/digestarom-pranacaps\/","og_site_name":"Pranarom","article_publisher":"https:\/\/www.facebook.com\/PranaromCanada","article_modified_time":"2022-03-28T17:14:03+00:00","og_image":[{"width":1500,"height":1500,"url":"https:\/\/pranarom.ca\/wp-content\/uploads\/2021\/06\/Oleocaps-3-fr.png","type":"image\/png"}],"twitter_card":"summary_large_image","twitter_misc":{"Dur\u00e9e de lecture estim\u00e9e":"2 minutes"},"schema":{"@context":"https:\/\/schema.org","@graph":[{"@type":"WebPage","@id":"https:\/\/pranarom.ca\/fr\/produit\/digestarom-pranacaps\/","url":"https:\/\/pranarom.ca\/fr\/produit\/digestarom-pranacaps\/","name":"Pranacaps Digestarom par Pranarom| Magasinez nos capsules d'huiles essentielles","isPartOf":{"@id":"https:\/\/pranarom.ca\/#website"},"primaryImageOfPage":{"@id":"https:\/\/pranarom.ca\/fr\/produit\/digestarom-pranacaps\/#primaryimage"},"image":{"@id":"https:\/\/pranarom.ca\/fr\/produit\/digestarom-pranacaps\/#primaryimage"},"thumbnailUrl":"https:\/\/pranarom.ca\/wp-content\/uploads\/2021\/06\/Oleocaps-3-fr.png","datePublished":"2016-10-07T00:00:00+00:00","dateModified":"2022-03-28T17:14:03+00:00","description":"Achetez Pranacaps Digestarom par Pranarom et b\u00e9n\u00e9ficiez d'une livraison rapide. N'h\u00e9sitez pas \u00e0 magasiner d'autres capsules d'huiles essentielles chez Pranarom.ca","breadcrumb":{"@id":"https:\/\/pranarom.ca\/fr\/produit\/digestarom-pranacaps\/#breadcrumb"},"inLanguage":"fr-FR","potentialAction":[{"@type":"ReadAction","target":["https:\/\/pranarom.ca\/fr\/produit\/digestarom-pranacaps\/"]}]},{"@type":"ImageObject","inLanguage":"fr-FR","@id":"https:\/\/pranarom.ca\/fr\/produit\/digestarom-pranacaps\/#primaryimage","url":"https:\/\/pranarom.ca\/wp-content\/uploads\/2021\/06\/Oleocaps-3-fr.png","contentUrl":"https:\/\/pranarom.ca\/wp-content\/uploads\/2021\/06\/Oleocaps-3-fr.png","width":1500,"height":1500},{"@type":"BreadcrumbList","@id":"https:\/\/pranarom.ca\/fr\/produit\/digestarom-pranacaps\/#breadcrumb","itemListElement":[{"@type":"ListItem","position":1,"name":"Home","item":"https:\/\/pranarom.ca\/fr\/"},{"@type":"ListItem","position":2,"name":"Shop","item":"https:\/\/pranarom.ca\/shop\/"},{"@type":"ListItem","position":3,"name":"CONFORT DIGESTIF OLEOCAPS+ 3"}]},{"@type":"WebSite","@id":"https:\/\/pranarom.ca\/#website","url":"https:\/\/pranarom.ca\/","name":"Pranarom Canada","description":"Scientific Aromatherapyy","publisher":{"@id":"https:\/\/pranarom.ca\/#organization"},"potentialAction":[{"@type":"SearchAction","target":{"@type":"EntryPoint","urlTemplate":"https:\/\/pranarom.ca\/?s={search_term_string}"},"query-input":"required name=search_term_string"}],"inLanguage":"fr-FR"},{"@type":"Organization","@id":"https:\/\/pranarom.ca\/#organization","name":"Pranarom","url":"https:\/\/pranarom.ca\/","logo":{"@type":"ImageObject","inLanguage":"fr-FR","@id":"https:\/\/pranarom.ca\/#\/schema\/logo\/image\/","url":"https:\/\/pranarom.ca\/wp-content\/uploads\/2019\/03\/pranalogo.png","contentUrl":"https:\/\/pranarom.ca\/wp-content\/uploads\/2019\/03\/pranalogo.png","width":330,"height":100,"caption":"Pranarom"},"image":{"@id":"https:\/\/pranarom.ca\/#\/schema\/logo\/image\/"},"sameAs":["https:\/\/www.facebook.com\/PranaromCanada","http:\/\/instagram.com\/pranaromcanada\/","https:\/\/www.instagram.com\/pranaromcanada\/"]}]}},"jetpack_sharing_enabled":true,"_links":{"self":[{"href":"https:\/\/pranarom.ca\/fr\/wp-json\/wp\/v2\/product\/35039"}],"collection":[{"href":"https:\/\/pranarom.ca\/fr\/wp-json\/wp\/v2\/product"}],"about":[{"href":"https:\/\/pranarom.ca\/fr\/wp-json\/wp\/v2\/types\/product"}],"replies":[{"embeddable":true,"href":"https:\/\/pranarom.ca\/fr\/wp-json\/wp\/v2\/comments?post=35039"}],"wp:featuredmedia":[{"embeddable":true,"href":"https:\/\/pranarom.ca\/fr\/wp-json\/wp\/v2\/media\/59011"}],"wp:attachment":[{"href":"https:\/\/pranarom.ca\/fr\/wp-json\/wp\/v2\/media?parent=35039"}],"wp:term":[{"taxonomy":"product_cat","embeddable":true,"href":"https:\/\/pranarom.ca\/fr\/wp-json\/wp\/v2\/product_cat?post=35039"},{"taxonomy":"product_tag","embeddable":true,"href":"https:\/\/pranarom.ca\/fr\/wp-json\/wp\/v2\/product_tag?post=35039"}],"curies":[{"name":"wp","href":"https:\/\/api.w.org\/{rel}","templated":true}]}}