{"id":35037,"date":"2016-10-07T00:00:00","date_gmt":"2016-10-07T00:00:00","guid":{"rendered":"https:\/\/pranarom.ca\/?post_type=product&#038;p=35037"},"modified":"2022-03-28T17:14:11","modified_gmt":"2022-03-28T17:14:11","slug":"immunessence-pranacaps","status":"publish","type":"product","link":"https:\/\/pranarom.ca\/fr\/produit\/immunessence-pranacaps\/","title":{"rendered":"D\u00c9FENSES NATURELLES OLEOCAPS+ 4"},"content":{"rendered":"<hr \/>\n<p><strong>Utilis\u00e9 traditionnellement en phytoth\u00e9rapie pour aider \u00e0 :<\/strong><\/p>\n<ul>\n<li>Soulager les catarrhes des voies respiratoires sup\u00e9rieures, notamment la toux associ\u00e9e au rhume<\/li>\n<li>Soulager le mal de gorge et la toux<\/li>\n<\/ul>\n<hr \/>\n<p>Notre sant\u00e9 d\u00e9pend en grande partie du fonctionnement optimal de nos syst\u00e8mes naturels de d\u00e9fenses contre les agressions de tous types. Lorsqu\u2019ils sont performants, ils nous pr\u00e9munissent contre bien des al\u00e9as de sant\u00e9 (refroidissements, nez bouch\u00e9, gorge enrou\u00e9e, boutons de l\u00e8vre\u2026). Gr\u00e2ce aux huiles essentielles d\u2019Eucalyptus radi\u00e9, de Sarriette des montagnes, de Giroflier, de Gingembre et de Citron, <strong>Ol\u00e9ocaps+ 4<\/strong> est sp\u00e9cialement destin\u00e9 \u00e0 fournir un soutien \u00e0 l\u2019organisme pour qu\u2019il renforce ses d\u00e9fenses naturelles face aux attaques diverses auxquelles il est confront\u00e9.<\/p>\n<hr \/>\n<h2><strong>Ingr\u00e9dients <\/strong>(par capsule)<\/h2>\n<p><strong><em>Eucalyptus radiata<\/em><\/strong>* (huile essentielle d\u2019eucalyptus radi\u00e9) (feuille) 35 mg<br \/>\n<strong><em>Satureja montana<\/em><\/strong>* (huile essentielle de sarriette des montagnes) (herbe en fleurs) 5 mg<\/p>\n<p><strong>Ingr\u00e9dients non-m\u00e9dicinaux\u00a0:<\/strong> G\u00e9latine*, glyc\u00e9rine*, huile essentielle de gingembre*, huile essentielle de girofle*, huile essentielle de pelure de citron*, huile de colza*, tocoph\u00e9rols.<\/p>\n<hr \/>\n<h2><strong>Posologie <\/strong><\/h2>\n<p><strong>Adultes (18 ans et plus) : <\/strong>prendre 2 capsules 3 fois par jour ou tel que recommand\u00e9 par un praticien de soins de sant\u00e9. Prendre avec un peu d\u2019eau.<\/p>\n<hr \/>\n<h2><strong>Pr\u00e9cautions et mises en garde<\/strong><\/h2>\n<p><strong>Consulter un praticien de soins de sant\u00e9 <\/strong>si les sympt\u00f4mes persistent ou s\u2019aggravent.<\/p>\n<p><strong>Consulter un praticien de soins de sant\u00e9 avant d\u2019en faire l\u2019usage\u00a0 <\/strong>\u2022si vous souffrez de diab\u00e8te ou de probl\u00e8me de coagulation\u00a0 \u2022si vous prenez des m\u00e9dicaments d\u2019ordonnance ou autres produits de sant\u00e9 naturels.<\/p>\n<p><strong>Cessez l\u2019utilisation <\/strong>si vous exp\u00e9rimentez de la naus\u00e9e, des vomissements ou de la diarrh\u00e9e durant l\u2019utilisation de ce produit.<\/p>\n<p>Garder hors de port\u00e9e des enfants.<\/p>\n<p>Garder dans un endroit frais et sec.<\/p>\n<hr \/>\n<h2><strong>Contre-indications<\/strong><\/h2>\n<p><strong>Ne pas utiliser\u00a0 <\/strong>\u2022si vous \u00eates enceinte\u00a0 \u2022si vous allaitez\u00a0 \u2022si vous souffrez d\u2019asthme\u00a0 \u2022en cas d\u2019inflammation et\/ou d\u2019ulc\u00e9ration du syst\u00e8me gastro-intestinal, de troubles des canaux biliaires ou de maladie du foie\u00a0 \u2022si vous \u00eates allergique au poisson (g\u00e9latine).<\/p>\n<hr \/>\n<h2><strong>R\u00e9actions ind\u00e9sirables connues<\/strong><\/h2>\n<p>Une hypersensibilit\u00e9 (e.g. une allergie) peut se manifester. Si tel est le cas, cesser l\u2019utilisation.<\/p>\n<hr \/>\n<h2><strong>NPN<\/strong><\/h2>\n<p>80096799<\/p>\n","protected":false},"excerpt":{"rendered":"<p>100%\u00a0huiles essentielles pure et naturelles<br \/>\n30 capsules | biologique<\/p>\n","protected":false},"featured_media":59099,"comment_status":"open","ping_status":"closed","template":"","meta":{"_et_pb_use_builder":"","_et_pb_old_content":"","_et_gb_content_width":""},"product_cat":[326,329],"product_tag":[],"acf":[],"yoast_head":"<!-- This site is optimized with the Yoast SEO plugin v22.6 - https:\/\/yoast.com\/wordpress\/plugins\/seo\/ -->\n<title>Pranacaps Immunessence par Pranarom| Magasinez nos capsules d&#039;huiles essentielles<\/title>\n<meta name=\"description\" content=\"Achetez Pranacaps Immunessence par Pranarom et b\u00e9n\u00e9ficiez d&#039;une livraison rapide. N&#039;h\u00e9sitez pas \u00e0 magasiner d&#039;autres capsules d&#039;huiles essentielles chez Pranarom.ca\" \/>\n<meta name=\"robots\" content=\"index, follow, max-snippet:-1, max-image-preview:large, max-video-preview:-1\" \/>\n<link rel=\"canonical\" href=\"https:\/\/pranarom.ca\/fr\/produit\/immunessence-pranacaps\/\" \/>\n<meta property=\"og:locale\" content=\"fr_FR\" \/>\n<meta property=\"og:type\" content=\"article\" \/>\n<meta property=\"og:title\" content=\"Pranacaps Immunessence par Pranarom| Magasinez nos capsules d&#039;huiles essentielles\" \/>\n<meta property=\"og:description\" content=\"Achetez Pranacaps Immunessence par Pranarom et b\u00e9n\u00e9ficiez d&#039;une livraison rapide. N&#039;h\u00e9sitez pas \u00e0 magasiner d&#039;autres capsules d&#039;huiles essentielles chez Pranarom.ca\" \/>\n<meta property=\"og:url\" content=\"https:\/\/pranarom.ca\/fr\/produit\/immunessence-pranacaps\/\" \/>\n<meta property=\"og:site_name\" content=\"Pranarom\" \/>\n<meta property=\"article:publisher\" content=\"https:\/\/www.facebook.com\/PranaromCanada\" \/>\n<meta property=\"article:modified_time\" content=\"2022-03-28T17:14:11+00:00\" \/>\n<meta property=\"og:image\" content=\"https:\/\/pranarom.ca\/wp-content\/uploads\/2016\/10\/Oleocaps-4-fr.png\" \/>\n\t<meta property=\"og:image:width\" content=\"1500\" \/>\n\t<meta property=\"og:image:height\" content=\"1500\" \/>\n\t<meta property=\"og:image:type\" content=\"image\/png\" \/>\n<meta name=\"twitter:card\" content=\"summary_large_image\" \/>\n<meta name=\"twitter:label1\" content=\"Dur\u00e9e de lecture estim\u00e9e\" \/>\n\t<meta name=\"twitter:data1\" content=\"2 minutes\" \/>\n<script type=\"application\/ld+json\" class=\"yoast-schema-graph\">{\"@context\":\"https:\/\/schema.org\",\"@graph\":[{\"@type\":\"WebPage\",\"@id\":\"https:\/\/pranarom.ca\/fr\/produit\/immunessence-pranacaps\/\",\"url\":\"https:\/\/pranarom.ca\/fr\/produit\/immunessence-pranacaps\/\",\"name\":\"Pranacaps Immunessence par Pranarom| Magasinez nos capsules d'huiles essentielles\",\"isPartOf\":{\"@id\":\"https:\/\/pranarom.ca\/#website\"},\"primaryImageOfPage\":{\"@id\":\"https:\/\/pranarom.ca\/fr\/produit\/immunessence-pranacaps\/#primaryimage\"},\"image\":{\"@id\":\"https:\/\/pranarom.ca\/fr\/produit\/immunessence-pranacaps\/#primaryimage\"},\"thumbnailUrl\":\"https:\/\/pranarom.ca\/wp-content\/uploads\/2016\/10\/Oleocaps-4-fr.png\",\"datePublished\":\"2016-10-07T00:00:00+00:00\",\"dateModified\":\"2022-03-28T17:14:11+00:00\",\"description\":\"Achetez Pranacaps Immunessence par Pranarom et b\u00e9n\u00e9ficiez d'une livraison rapide. N'h\u00e9sitez pas \u00e0 magasiner d'autres capsules d'huiles essentielles chez Pranarom.ca\",\"breadcrumb\":{\"@id\":\"https:\/\/pranarom.ca\/fr\/produit\/immunessence-pranacaps\/#breadcrumb\"},\"inLanguage\":\"fr-FR\",\"potentialAction\":[{\"@type\":\"ReadAction\",\"target\":[\"https:\/\/pranarom.ca\/fr\/produit\/immunessence-pranacaps\/\"]}]},{\"@type\":\"ImageObject\",\"inLanguage\":\"fr-FR\",\"@id\":\"https:\/\/pranarom.ca\/fr\/produit\/immunessence-pranacaps\/#primaryimage\",\"url\":\"https:\/\/pranarom.ca\/wp-content\/uploads\/2016\/10\/Oleocaps-4-fr.png\",\"contentUrl\":\"https:\/\/pranarom.ca\/wp-content\/uploads\/2016\/10\/Oleocaps-4-fr.png\",\"width\":1500,\"height\":1500},{\"@type\":\"BreadcrumbList\",\"@id\":\"https:\/\/pranarom.ca\/fr\/produit\/immunessence-pranacaps\/#breadcrumb\",\"itemListElement\":[{\"@type\":\"ListItem\",\"position\":1,\"name\":\"Home\",\"item\":\"https:\/\/pranarom.ca\/fr\/\"},{\"@type\":\"ListItem\",\"position\":2,\"name\":\"Shop\",\"item\":\"https:\/\/pranarom.ca\/shop\/\"},{\"@type\":\"ListItem\",\"position\":3,\"name\":\"D\u00c9FENSES NATURELLES OLEOCAPS+ 4\"}]},{\"@type\":\"WebSite\",\"@id\":\"https:\/\/pranarom.ca\/#website\",\"url\":\"https:\/\/pranarom.ca\/\",\"name\":\"Pranarom Canada\",\"description\":\"Scientific Aromatherapyy\",\"publisher\":{\"@id\":\"https:\/\/pranarom.ca\/#organization\"},\"potentialAction\":[{\"@type\":\"SearchAction\",\"target\":{\"@type\":\"EntryPoint\",\"urlTemplate\":\"https:\/\/pranarom.ca\/?s={search_term_string}\"},\"query-input\":\"required name=search_term_string\"}],\"inLanguage\":\"fr-FR\"},{\"@type\":\"Organization\",\"@id\":\"https:\/\/pranarom.ca\/#organization\",\"name\":\"Pranarom\",\"url\":\"https:\/\/pranarom.ca\/\",\"logo\":{\"@type\":\"ImageObject\",\"inLanguage\":\"fr-FR\",\"@id\":\"https:\/\/pranarom.ca\/#\/schema\/logo\/image\/\",\"url\":\"https:\/\/pranarom.ca\/wp-content\/uploads\/2019\/03\/pranalogo.png\",\"contentUrl\":\"https:\/\/pranarom.ca\/wp-content\/uploads\/2019\/03\/pranalogo.png\",\"width\":330,\"height\":100,\"caption\":\"Pranarom\"},\"image\":{\"@id\":\"https:\/\/pranarom.ca\/#\/schema\/logo\/image\/\"},\"sameAs\":[\"https:\/\/www.facebook.com\/PranaromCanada\",\"http:\/\/instagram.com\/pranaromcanada\/\",\"https:\/\/www.instagram.com\/pranaromcanada\/\"]}]}<\/script>\n<!-- \/ Yoast SEO plugin. -->","yoast_head_json":{"title":"Pranacaps Immunessence par Pranarom| Magasinez nos capsules d'huiles essentielles","description":"Achetez Pranacaps Immunessence par Pranarom et b\u00e9n\u00e9ficiez d'une livraison rapide. N'h\u00e9sitez pas \u00e0 magasiner d'autres capsules d'huiles essentielles chez Pranarom.ca","robots":{"index":"index","follow":"follow","max-snippet":"max-snippet:-1","max-image-preview":"max-image-preview:large","max-video-preview":"max-video-preview:-1"},"canonical":"https:\/\/pranarom.ca\/fr\/produit\/immunessence-pranacaps\/","og_locale":"fr_FR","og_type":"article","og_title":"Pranacaps Immunessence par Pranarom| Magasinez nos capsules d'huiles essentielles","og_description":"Achetez Pranacaps Immunessence par Pranarom et b\u00e9n\u00e9ficiez d'une livraison rapide. N'h\u00e9sitez pas \u00e0 magasiner d'autres capsules d'huiles essentielles chez Pranarom.ca","og_url":"https:\/\/pranarom.ca\/fr\/produit\/immunessence-pranacaps\/","og_site_name":"Pranarom","article_publisher":"https:\/\/www.facebook.com\/PranaromCanada","article_modified_time":"2022-03-28T17:14:11+00:00","og_image":[{"width":1500,"height":1500,"url":"https:\/\/pranarom.ca\/wp-content\/uploads\/2016\/10\/Oleocaps-4-fr.png","type":"image\/png"}],"twitter_card":"summary_large_image","twitter_misc":{"Dur\u00e9e de lecture estim\u00e9e":"2 minutes"},"schema":{"@context":"https:\/\/schema.org","@graph":[{"@type":"WebPage","@id":"https:\/\/pranarom.ca\/fr\/produit\/immunessence-pranacaps\/","url":"https:\/\/pranarom.ca\/fr\/produit\/immunessence-pranacaps\/","name":"Pranacaps Immunessence par Pranarom| Magasinez nos capsules d'huiles essentielles","isPartOf":{"@id":"https:\/\/pranarom.ca\/#website"},"primaryImageOfPage":{"@id":"https:\/\/pranarom.ca\/fr\/produit\/immunessence-pranacaps\/#primaryimage"},"image":{"@id":"https:\/\/pranarom.ca\/fr\/produit\/immunessence-pranacaps\/#primaryimage"},"thumbnailUrl":"https:\/\/pranarom.ca\/wp-content\/uploads\/2016\/10\/Oleocaps-4-fr.png","datePublished":"2016-10-07T00:00:00+00:00","dateModified":"2022-03-28T17:14:11+00:00","description":"Achetez Pranacaps Immunessence par Pranarom et b\u00e9n\u00e9ficiez d'une livraison rapide. N'h\u00e9sitez pas \u00e0 magasiner d'autres capsules d'huiles essentielles chez Pranarom.ca","breadcrumb":{"@id":"https:\/\/pranarom.ca\/fr\/produit\/immunessence-pranacaps\/#breadcrumb"},"inLanguage":"fr-FR","potentialAction":[{"@type":"ReadAction","target":["https:\/\/pranarom.ca\/fr\/produit\/immunessence-pranacaps\/"]}]},{"@type":"ImageObject","inLanguage":"fr-FR","@id":"https:\/\/pranarom.ca\/fr\/produit\/immunessence-pranacaps\/#primaryimage","url":"https:\/\/pranarom.ca\/wp-content\/uploads\/2016\/10\/Oleocaps-4-fr.png","contentUrl":"https:\/\/pranarom.ca\/wp-content\/uploads\/2016\/10\/Oleocaps-4-fr.png","width":1500,"height":1500},{"@type":"BreadcrumbList","@id":"https:\/\/pranarom.ca\/fr\/produit\/immunessence-pranacaps\/#breadcrumb","itemListElement":[{"@type":"ListItem","position":1,"name":"Home","item":"https:\/\/pranarom.ca\/fr\/"},{"@type":"ListItem","position":2,"name":"Shop","item":"https:\/\/pranarom.ca\/shop\/"},{"@type":"ListItem","position":3,"name":"D\u00c9FENSES NATURELLES OLEOCAPS+ 4"}]},{"@type":"WebSite","@id":"https:\/\/pranarom.ca\/#website","url":"https:\/\/pranarom.ca\/","name":"Pranarom Canada","description":"Scientific Aromatherapyy","publisher":{"@id":"https:\/\/pranarom.ca\/#organization"},"potentialAction":[{"@type":"SearchAction","target":{"@type":"EntryPoint","urlTemplate":"https:\/\/pranarom.ca\/?s={search_term_string}"},"query-input":"required name=search_term_string"}],"inLanguage":"fr-FR"},{"@type":"Organization","@id":"https:\/\/pranarom.ca\/#organization","name":"Pranarom","url":"https:\/\/pranarom.ca\/","logo":{"@type":"ImageObject","inLanguage":"fr-FR","@id":"https:\/\/pranarom.ca\/#\/schema\/logo\/image\/","url":"https:\/\/pranarom.ca\/wp-content\/uploads\/2019\/03\/pranalogo.png","contentUrl":"https:\/\/pranarom.ca\/wp-content\/uploads\/2019\/03\/pranalogo.png","width":330,"height":100,"caption":"Pranarom"},"image":{"@id":"https:\/\/pranarom.ca\/#\/schema\/logo\/image\/"},"sameAs":["https:\/\/www.facebook.com\/PranaromCanada","http:\/\/instagram.com\/pranaromcanada\/","https:\/\/www.instagram.com\/pranaromcanada\/"]}]}},"jetpack_sharing_enabled":true,"_links":{"self":[{"href":"https:\/\/pranarom.ca\/fr\/wp-json\/wp\/v2\/product\/35037"}],"collection":[{"href":"https:\/\/pranarom.ca\/fr\/wp-json\/wp\/v2\/product"}],"about":[{"href":"https:\/\/pranarom.ca\/fr\/wp-json\/wp\/v2\/types\/product"}],"replies":[{"embeddable":true,"href":"https:\/\/pranarom.ca\/fr\/wp-json\/wp\/v2\/comments?post=35037"}],"wp:featuredmedia":[{"embeddable":true,"href":"https:\/\/pranarom.ca\/fr\/wp-json\/wp\/v2\/media\/59099"}],"wp:attachment":[{"href":"https:\/\/pranarom.ca\/fr\/wp-json\/wp\/v2\/media?parent=35037"}],"wp:term":[{"taxonomy":"product_cat","embeddable":true,"href":"https:\/\/pranarom.ca\/fr\/wp-json\/wp\/v2\/product_cat?post=35037"},{"taxonomy":"product_tag","embeddable":true,"href":"https:\/\/pranarom.ca\/fr\/wp-json\/wp\/v2\/product_tag?post=35037"}],"curies":[{"name":"wp","href":"https:\/\/api.w.org\/{rel}","templated":true}]}}