{"id":35036,"date":"2016-10-07T00:00:00","date_gmt":"2016-10-07T00:00:00","guid":{"rendered":"https:\/\/pranarom.ca\/?post_type=product&#038;p=35036"},"modified":"2022-10-06T15:36:11","modified_gmt":"2022-10-06T15:36:11","slug":"origan-pranacaps","status":"publish","type":"product","link":"https:\/\/pranarom.ca\/fr\/produit\/origan-pranacaps\/","title":{"rendered":"ORIGAN + OLEOCAPS+ 1"},"content":{"rendered":"<hr \/>\n<p><strong>Fournis des antioxydants qui aident \u00e0 combattre les dommages oxydatifs caus\u00e9s par les radicaux libres<\/strong><\/p>\n<p><strong>Utilis\u00e9 en phytoth\u00e9rapie comme expectorant pour aider \u00e0 soulager les catarrhes des voies respiratoires sup\u00e9rieures, notamment la toux associ\u00e9e au rhume<\/strong><\/p>\n<hr \/>\n<h2><strong>Ingr\u00e9dients (par capsule) : <\/strong><\/h2>\n<p><strong>Origanum vulgare*\u00a0<\/strong>(huile essentielle d\u2019origan) (feuille)\u00a0 \u2026\u2026 70 mg<br \/>\n(42 mg carvacrol, 44% carvacrol, 3,5 mg thymol, 5% thymol)<\/p>\n<p><strong>Ingr\u00e9dients non-m\u00e9dicinaux :<\/strong>\u00a0G\u00e9latine, glyc\u00e9rine, huile essentielle de pelure de citron, huile de colza, tocoph\u00e9rols.<\/p>\n<hr \/>\n<h2><strong>Posologie :<\/strong><\/h2>\n<p><strong>Adultes (19 ans et plus) :<\/strong>\u00a01 capsule 3 fois par jour. Prendre avec un repas ou de la nourriture, quelques heures avant ou apr\u00e8s si vous prenez un suppl\u00e9ment contenant du fer, calcium, cuivre ou zinc. Prendre 5 \u00e0 7 jours cons\u00e9cutifs. Consulter un praticien de soins de sant\u00e9 si l\u2019usage se prolonge au-del\u00e0 de 3 semaines.<\/p>\n<hr \/>\n<h2><strong>Pr\u00e9cautions et mises en garde\u00a0: <\/strong><\/h2>\n<p>Consulter un praticien de soins de sant\u00e9 avant utilisation si vous souffrez de troubles cardiovasculaires, de diab\u00e8te, d\u2019ulc\u00e8res d\u2019estomac, une inflammation des voies gastro-intestinale, ou si vous prenez des anticoagulants. Consulter un praticien de soins de sant\u00e9 si les sympt\u00f4mes persistent ou s\u2019aggravent. Garder hors de port\u00e9e des enfants.<\/p>\n<hr \/>\n<h2><strong>Contre-indications\u00a0: <\/strong><\/h2>\n<p>Ne pas utiliser si vous \u00eates enceinte ou si vous allaitez. Ne pas utiliser en cas d\u2019allergie \u00e0 la famille des Lamiac\u00e9es (menthe, basilic, thym).<\/p>\n<hr \/>\n<h2><strong>R\u00e9actions ind\u00e9sirables connues\u00a0: <\/strong><\/h2>\n<p>Certaines personnes pourraient souffrir de reflux gastrique et un usage prolong\u00e9 pourrait occasionner une irritation de la muqueuse gastro-intestinale. Dans ce cas, cesser l\u2019utilisation. Une hypersensibilit\u00e9 (e.g. une allergie) peut se manifester. Si tel est le cas, cesser l\u2019utilisation.<\/p>\n<hr \/>\n<h2><strong>NPN :<\/strong><\/h2>\n<p>80087521<\/p>\n","protected":false},"excerpt":{"rendered":"<p><strong>100%\u00a0huiles essentielles pure et naturelles<\/strong><\/p>\n<p>30 capsules | biologique<\/p>\n","protected":false},"featured_media":60001,"comment_status":"closed","ping_status":"closed","template":"","meta":{"_et_pb_use_builder":"","_et_pb_old_content":"","_et_gb_content_width":""},"product_cat":[510,505,326,329],"product_tag":[],"acf":[],"yoast_head":"<!-- This site is optimized with the Yoast SEO plugin v22.6 - https:\/\/yoast.com\/wordpress\/plugins\/seo\/ -->\n<title>Origan Pranacaps par Pranarom| Magasinez nos capsules d&#039;huiles essentielles<\/title>\n<meta name=\"description\" content=\"Achetez Origan Pranacaps par Pranarom et b\u00e9n\u00e9ficiez d&#039;une livraison rapide. N&#039;h\u00e9sitez pas \u00e0 magasiner d&#039;autres capsules d&#039;huiles essentielles chez Pranarom.ca\" \/>\n<meta name=\"robots\" content=\"index, follow, max-snippet:-1, max-image-preview:large, max-video-preview:-1\" \/>\n<link rel=\"canonical\" href=\"https:\/\/pranarom.ca\/produit\/oregano-pranacaps\/\" \/>\n<meta property=\"og:locale\" content=\"fr_FR\" \/>\n<meta property=\"og:type\" content=\"article\" \/>\n<meta property=\"og:title\" content=\"Origan Pranacaps par Pranarom| Magasinez nos capsules d&#039;huiles essentielles\" \/>\n<meta property=\"og:description\" content=\"Achetez Origan Pranacaps par Pranarom et b\u00e9n\u00e9ficiez d&#039;une livraison rapide. N&#039;h\u00e9sitez pas \u00e0 magasiner d&#039;autres capsules d&#039;huiles essentielles chez Pranarom.ca\" \/>\n<meta property=\"og:url\" content=\"https:\/\/pranarom.ca\/produit\/oregano-pranacaps\/\" \/>\n<meta property=\"og:site_name\" content=\"Pranarom\" \/>\n<meta property=\"article:publisher\" content=\"https:\/\/www.facebook.com\/PranaromCanada\" \/>\n<meta property=\"article:modified_time\" content=\"2022-10-06T15:36:11+00:00\" \/>\n<meta property=\"og:image\" content=\"https:\/\/pranarom.ca\/wp-content\/uploads\/2016\/10\/Oleocaps_1_Origan.png\" \/>\n\t<meta property=\"og:image:width\" content=\"1500\" \/>\n\t<meta property=\"og:image:height\" content=\"1500\" \/>\n\t<meta property=\"og:image:type\" content=\"image\/png\" \/>\n<meta name=\"twitter:card\" content=\"summary_large_image\" \/>\n<meta name=\"twitter:label1\" content=\"Dur\u00e9e de lecture estim\u00e9e\" \/>\n\t<meta name=\"twitter:data1\" content=\"2 minutes\" \/>\n<script type=\"application\/ld+json\" class=\"yoast-schema-graph\">{\"@context\":\"https:\/\/schema.org\",\"@graph\":[{\"@type\":\"WebPage\",\"@id\":\"https:\/\/pranarom.ca\/produit\/oregano-pranacaps\/\",\"url\":\"https:\/\/pranarom.ca\/produit\/oregano-pranacaps\/\",\"name\":\"Origan Pranacaps par Pranarom| Magasinez nos capsules d'huiles essentielles\",\"isPartOf\":{\"@id\":\"https:\/\/pranarom.ca\/#website\"},\"primaryImageOfPage\":{\"@id\":\"https:\/\/pranarom.ca\/produit\/oregano-pranacaps\/#primaryimage\"},\"image\":{\"@id\":\"https:\/\/pranarom.ca\/produit\/oregano-pranacaps\/#primaryimage\"},\"thumbnailUrl\":\"https:\/\/pranarom.ca\/wp-content\/uploads\/2016\/10\/Oleocaps_1_Origan.png\",\"datePublished\":\"2016-10-07T00:00:00+00:00\",\"dateModified\":\"2022-10-06T15:36:11+00:00\",\"description\":\"Achetez Origan Pranacaps par Pranarom et b\u00e9n\u00e9ficiez d'une livraison rapide. N'h\u00e9sitez pas \u00e0 magasiner d'autres capsules d'huiles essentielles chez Pranarom.ca\",\"breadcrumb\":{\"@id\":\"https:\/\/pranarom.ca\/produit\/oregano-pranacaps\/#breadcrumb\"},\"inLanguage\":\"fr-FR\",\"potentialAction\":[{\"@type\":\"ReadAction\",\"target\":[\"https:\/\/pranarom.ca\/produit\/oregano-pranacaps\/\"]}]},{\"@type\":\"ImageObject\",\"inLanguage\":\"fr-FR\",\"@id\":\"https:\/\/pranarom.ca\/produit\/oregano-pranacaps\/#primaryimage\",\"url\":\"https:\/\/pranarom.ca\/wp-content\/uploads\/2016\/10\/Oleocaps_1_Origan.png\",\"contentUrl\":\"https:\/\/pranarom.ca\/wp-content\/uploads\/2016\/10\/Oleocaps_1_Origan.png\",\"width\":1500,\"height\":1500},{\"@type\":\"BreadcrumbList\",\"@id\":\"https:\/\/pranarom.ca\/produit\/oregano-pranacaps\/#breadcrumb\",\"itemListElement\":[{\"@type\":\"ListItem\",\"position\":1,\"name\":\"Home\",\"item\":\"https:\/\/pranarom.ca\/fr\/\"},{\"@type\":\"ListItem\",\"position\":2,\"name\":\"Shop\",\"item\":\"https:\/\/pranarom.ca\/shop\/\"},{\"@type\":\"ListItem\",\"position\":3,\"name\":\"ORIGAN + OLEOCAPS+ 1\"}]},{\"@type\":\"WebSite\",\"@id\":\"https:\/\/pranarom.ca\/#website\",\"url\":\"https:\/\/pranarom.ca\/\",\"name\":\"Pranarom Canada\",\"description\":\"Scientific Aromatherapyy\",\"publisher\":{\"@id\":\"https:\/\/pranarom.ca\/#organization\"},\"potentialAction\":[{\"@type\":\"SearchAction\",\"target\":{\"@type\":\"EntryPoint\",\"urlTemplate\":\"https:\/\/pranarom.ca\/?s={search_term_string}\"},\"query-input\":\"required name=search_term_string\"}],\"inLanguage\":\"fr-FR\"},{\"@type\":\"Organization\",\"@id\":\"https:\/\/pranarom.ca\/#organization\",\"name\":\"Pranarom\",\"url\":\"https:\/\/pranarom.ca\/\",\"logo\":{\"@type\":\"ImageObject\",\"inLanguage\":\"fr-FR\",\"@id\":\"https:\/\/pranarom.ca\/#\/schema\/logo\/image\/\",\"url\":\"https:\/\/pranarom.ca\/wp-content\/uploads\/2019\/03\/pranalogo.png\",\"contentUrl\":\"https:\/\/pranarom.ca\/wp-content\/uploads\/2019\/03\/pranalogo.png\",\"width\":330,\"height\":100,\"caption\":\"Pranarom\"},\"image\":{\"@id\":\"https:\/\/pranarom.ca\/#\/schema\/logo\/image\/\"},\"sameAs\":[\"https:\/\/www.facebook.com\/PranaromCanada\",\"http:\/\/instagram.com\/pranaromcanada\/\",\"https:\/\/www.instagram.com\/pranaromcanada\/\"]}]}<\/script>\n<!-- \/ Yoast SEO plugin. -->","yoast_head_json":{"title":"Origan Pranacaps par Pranarom| Magasinez nos capsules d'huiles essentielles","description":"Achetez Origan Pranacaps par Pranarom et b\u00e9n\u00e9ficiez d'une livraison rapide. N'h\u00e9sitez pas \u00e0 magasiner d'autres capsules d'huiles essentielles chez Pranarom.ca","robots":{"index":"index","follow":"follow","max-snippet":"max-snippet:-1","max-image-preview":"max-image-preview:large","max-video-preview":"max-video-preview:-1"},"canonical":"https:\/\/pranarom.ca\/produit\/oregano-pranacaps\/","og_locale":"fr_FR","og_type":"article","og_title":"Origan Pranacaps par Pranarom| Magasinez nos capsules d'huiles essentielles","og_description":"Achetez Origan Pranacaps par Pranarom et b\u00e9n\u00e9ficiez d'une livraison rapide. N'h\u00e9sitez pas \u00e0 magasiner d'autres capsules d'huiles essentielles chez Pranarom.ca","og_url":"https:\/\/pranarom.ca\/produit\/oregano-pranacaps\/","og_site_name":"Pranarom","article_publisher":"https:\/\/www.facebook.com\/PranaromCanada","article_modified_time":"2022-10-06T15:36:11+00:00","og_image":[{"width":1500,"height":1500,"url":"https:\/\/pranarom.ca\/wp-content\/uploads\/2016\/10\/Oleocaps_1_Origan.png","type":"image\/png"}],"twitter_card":"summary_large_image","twitter_misc":{"Dur\u00e9e de lecture estim\u00e9e":"2 minutes"},"schema":{"@context":"https:\/\/schema.org","@graph":[{"@type":"WebPage","@id":"https:\/\/pranarom.ca\/produit\/oregano-pranacaps\/","url":"https:\/\/pranarom.ca\/produit\/oregano-pranacaps\/","name":"Origan Pranacaps par Pranarom| Magasinez nos capsules d'huiles essentielles","isPartOf":{"@id":"https:\/\/pranarom.ca\/#website"},"primaryImageOfPage":{"@id":"https:\/\/pranarom.ca\/produit\/oregano-pranacaps\/#primaryimage"},"image":{"@id":"https:\/\/pranarom.ca\/produit\/oregano-pranacaps\/#primaryimage"},"thumbnailUrl":"https:\/\/pranarom.ca\/wp-content\/uploads\/2016\/10\/Oleocaps_1_Origan.png","datePublished":"2016-10-07T00:00:00+00:00","dateModified":"2022-10-06T15:36:11+00:00","description":"Achetez Origan Pranacaps par Pranarom et b\u00e9n\u00e9ficiez d'une livraison rapide. N'h\u00e9sitez pas \u00e0 magasiner d'autres capsules d'huiles essentielles chez Pranarom.ca","breadcrumb":{"@id":"https:\/\/pranarom.ca\/produit\/oregano-pranacaps\/#breadcrumb"},"inLanguage":"fr-FR","potentialAction":[{"@type":"ReadAction","target":["https:\/\/pranarom.ca\/produit\/oregano-pranacaps\/"]}]},{"@type":"ImageObject","inLanguage":"fr-FR","@id":"https:\/\/pranarom.ca\/produit\/oregano-pranacaps\/#primaryimage","url":"https:\/\/pranarom.ca\/wp-content\/uploads\/2016\/10\/Oleocaps_1_Origan.png","contentUrl":"https:\/\/pranarom.ca\/wp-content\/uploads\/2016\/10\/Oleocaps_1_Origan.png","width":1500,"height":1500},{"@type":"BreadcrumbList","@id":"https:\/\/pranarom.ca\/produit\/oregano-pranacaps\/#breadcrumb","itemListElement":[{"@type":"ListItem","position":1,"name":"Home","item":"https:\/\/pranarom.ca\/fr\/"},{"@type":"ListItem","position":2,"name":"Shop","item":"https:\/\/pranarom.ca\/shop\/"},{"@type":"ListItem","position":3,"name":"ORIGAN + OLEOCAPS+ 1"}]},{"@type":"WebSite","@id":"https:\/\/pranarom.ca\/#website","url":"https:\/\/pranarom.ca\/","name":"Pranarom Canada","description":"Scientific Aromatherapyy","publisher":{"@id":"https:\/\/pranarom.ca\/#organization"},"potentialAction":[{"@type":"SearchAction","target":{"@type":"EntryPoint","urlTemplate":"https:\/\/pranarom.ca\/?s={search_term_string}"},"query-input":"required name=search_term_string"}],"inLanguage":"fr-FR"},{"@type":"Organization","@id":"https:\/\/pranarom.ca\/#organization","name":"Pranarom","url":"https:\/\/pranarom.ca\/","logo":{"@type":"ImageObject","inLanguage":"fr-FR","@id":"https:\/\/pranarom.ca\/#\/schema\/logo\/image\/","url":"https:\/\/pranarom.ca\/wp-content\/uploads\/2019\/03\/pranalogo.png","contentUrl":"https:\/\/pranarom.ca\/wp-content\/uploads\/2019\/03\/pranalogo.png","width":330,"height":100,"caption":"Pranarom"},"image":{"@id":"https:\/\/pranarom.ca\/#\/schema\/logo\/image\/"},"sameAs":["https:\/\/www.facebook.com\/PranaromCanada","http:\/\/instagram.com\/pranaromcanada\/","https:\/\/www.instagram.com\/pranaromcanada\/"]}]}},"jetpack_sharing_enabled":true,"_links":{"self":[{"href":"https:\/\/pranarom.ca\/fr\/wp-json\/wp\/v2\/product\/35036"}],"collection":[{"href":"https:\/\/pranarom.ca\/fr\/wp-json\/wp\/v2\/product"}],"about":[{"href":"https:\/\/pranarom.ca\/fr\/wp-json\/wp\/v2\/types\/product"}],"replies":[{"embeddable":true,"href":"https:\/\/pranarom.ca\/fr\/wp-json\/wp\/v2\/comments?post=35036"}],"wp:featuredmedia":[{"embeddable":true,"href":"https:\/\/pranarom.ca\/fr\/wp-json\/wp\/v2\/media\/60001"}],"wp:attachment":[{"href":"https:\/\/pranarom.ca\/fr\/wp-json\/wp\/v2\/media?parent=35036"}],"wp:term":[{"taxonomy":"product_cat","embeddable":true,"href":"https:\/\/pranarom.ca\/fr\/wp-json\/wp\/v2\/product_cat?post=35036"},{"taxonomy":"product_tag","embeddable":true,"href":"https:\/\/pranarom.ca\/fr\/wp-json\/wp\/v2\/product_tag?post=35036"}],"curies":[{"name":"wp","href":"https:\/\/api.w.org\/{rel}","templated":true}]}}