{"id":35034,"date":"2016-10-07T00:00:00","date_gmt":"2016-10-07T00:00:00","guid":{"rendered":"https:\/\/pranarom.ca\/?post_type=product&#038;p=35034"},"modified":"2022-03-28T18:46:23","modified_gmt":"2022-03-28T18:46:23","slug":"sirop-hiver","status":"publish","type":"product","link":"https:\/\/pranarom.ca\/fr\/produit\/sirop-hiver\/","title":{"rendered":"Pranaforce Sirop"},"content":{"rendered":"<hr \/>\n<p>Utilis\u00e9 traditionnellement en phytoth\u00e9rapie pour aider \u00e0 soulager :<\/p>\n<p>\u2013 le mal de gorge et la toux<\/p>\n<p>\u2013 les catarrhes des voies respiratoires sup\u00e9rieures, notamment la toux associ\u00e9e au rhume.<\/p>\n<hr \/>\n<p>Apaise la gorge et procure une influence bienfaisante et rafra\u00eechissante afin de respirer plus librement.<\/p>\n<hr \/>\n<h2><strong>Ingr\u00e9dients\u00a0<\/strong>(par 10 ml) :<\/h2>\n<p>Eucalyptus globulus (huile essentielle d\u2019eucalyptus, feuille) \u2026.0,4% (p\/p)<br \/>\nPinus sylvestris (huile essentielle de pin sylvestre, aiguilles) \u20260,27% (p\/p)<br \/>\nSatureja montana (sarriette vivace, feuille) \u2026\u2026\u2026\u2026\u2026\u2026\u2026\u2026\u2026\u20260,003% (p\/p)<\/p>\n<p><strong>Ingr\u00e9dients non-m\u00e9dicinaux :<\/strong>\u00a0D-Fructose, glyc\u00e9rine, sirop de Ficus carica (figuier), huile essentielle de pelure de citron, huile essentielle de cassia.<\/p>\n<hr \/>\n<h2><strong>Posologie :<\/strong><\/h2>\n<p>Adultes (18 ans et plus) : prendre 2 c. \u00e0 th\u00e9 (10 ml) 3 fois par jour ou tel que prescrit par un praticien de soins de sant\u00e9. Consulter un praticien de soins de sant\u00e9 pour usage au-del\u00e0 de 10 jours. Garder dans un endroit frais.<\/p>\n<hr \/>\n<h2><strong>Contre-indications\u00a0:<\/strong><\/h2>\n<p>Ne pas utiliser si vous \u00eates enceinte ou si vous allaitez, ou si vous souffrez d\u2019asthme. Ne pas utiliser en cas d\u2019inflammation et\/ou d\u2019ulc\u00e9ration du syst\u00e8me gastro-intestinal, d\u2019inflammation des voies biliaires ou de maladie du foie.<\/p>\n<hr \/>\n<h2><strong>Pr\u00e9cautions et mises en garde\u00a0:<\/strong><\/h2>\n<p>Consulter un praticien de soins de sant\u00e9 si vous prenez des anticoagulants, ou des m\u00e9dicaments pour traiter le diab\u00e8te. Consulter un praticien de soins de sant\u00e9 si les sympt\u00f4mes persistent ou s\u2019aggravent. Garder hors de port\u00e9e des enfants. Ne pas utiliser si le sceau de s\u00e9curit\u00e9 est bris\u00e9 ou absent.<\/p>\n<hr \/>\n<h2><strong>R\u00e9actions ind\u00e9sirables connues\u00a0<\/strong><strong>:<\/strong><\/h2>\n<p>Une hypersensibilit\u00e9 (e.g. allergie) peut se manifester. Si tel est le cas, cesser l\u2019utilisation. Contient\u00a0: Gluten. Cesser l\u2019utilisation en cas d\u2019irritation ou d\u2019inconfort gastro-intestinal (tel que naus\u00e9es et vomissements).<\/p>\n<hr \/>\n<h2><strong>NPN :<\/strong><\/h2>\n<p>80096427<\/p>\n","protected":false},"excerpt":{"rendered":"<p>Utilis\u00e9 traditionnellement en phytoth\u00e9rapie pour aider \u00e0 soulager\u00a0 le mal de gorge et la toux, les catarrhes des voies respiratoires sup\u00e9rieures, notamment la toux associ\u00e9e au rhume<\/p>\n<p><strong>Aux huiles essentielles ch\u00e9motyp\u00e9es 100% biologiques<\/strong><\/p>\n<p>Sans conservateurs, sans colorants, sans p\u00e9trochimiques, sans PEG<\/p>\n<p>150 ml | Biologique<\/p>\n","protected":false},"featured_media":58143,"comment_status":"open","ping_status":"closed","template":"","meta":{"_et_pb_use_builder":"","_et_pb_old_content":"","_et_gb_content_width":""},"product_cat":[326,330],"product_tag":[],"acf":[],"yoast_head":"<!-- This site is optimized with the Yoast SEO plugin v22.6 - https:\/\/yoast.com\/wordpress\/plugins\/seo\/ -->\n<title>Sirop hiver par Pranarom |Sirop, baume, miel avec huiles essentielles<\/title>\n<meta name=\"description\" content=\"Achetez Sirop hiver par Pranarom et b\u00e9n\u00e9ficiez d&#039;une livraison rapide. N&#039;h\u00e9sitez pas \u00e0 magasiner d&#039;autres sirop, baumes et miel d&#039;huiles essentielles chez Pranarom.ca\" \/>\n<meta name=\"robots\" content=\"index, follow, max-snippet:-1, max-image-preview:large, max-video-preview:-1\" \/>\n<link rel=\"canonical\" href=\"https:\/\/pranarom.ca\/produit\/winter-syrup\/\" \/>\n<meta property=\"og:locale\" content=\"fr_FR\" \/>\n<meta property=\"og:type\" content=\"article\" \/>\n<meta property=\"og:title\" content=\"Sirop hiver par Pranarom |Sirop, baume, miel avec huiles essentielles\" \/>\n<meta property=\"og:description\" content=\"Achetez Sirop hiver par Pranarom et b\u00e9n\u00e9ficiez d&#039;une livraison rapide. N&#039;h\u00e9sitez pas \u00e0 magasiner d&#039;autres sirop, baumes et miel d&#039;huiles essentielles chez Pranarom.ca\" \/>\n<meta property=\"og:url\" content=\"https:\/\/pranarom.ca\/produit\/winter-syrup\/\" \/>\n<meta property=\"og:site_name\" content=\"Pranarom\" \/>\n<meta property=\"article:publisher\" content=\"https:\/\/www.facebook.com\/PranaromCanada\" \/>\n<meta property=\"article:modified_time\" content=\"2022-03-28T18:46:23+00:00\" \/>\n<meta property=\"og:image\" content=\"https:\/\/pranarom.ca\/wp-content\/uploads\/2020\/12\/P-SHIV_F.png\" \/>\n\t<meta property=\"og:image:width\" content=\"1500\" \/>\n\t<meta property=\"og:image:height\" content=\"1500\" \/>\n\t<meta property=\"og:image:type\" content=\"image\/png\" \/>\n<meta name=\"twitter:card\" content=\"summary_large_image\" \/>\n<meta name=\"twitter:label1\" content=\"Dur\u00e9e de lecture estim\u00e9e\" \/>\n\t<meta name=\"twitter:data1\" content=\"2 minutes\" \/>\n<script type=\"application\/ld+json\" class=\"yoast-schema-graph\">{\"@context\":\"https:\/\/schema.org\",\"@graph\":[{\"@type\":\"WebPage\",\"@id\":\"https:\/\/pranarom.ca\/produit\/winter-syrup\/\",\"url\":\"https:\/\/pranarom.ca\/produit\/winter-syrup\/\",\"name\":\"Sirop hiver par Pranarom |Sirop, baume, miel avec huiles essentielles\",\"isPartOf\":{\"@id\":\"https:\/\/pranarom.ca\/#website\"},\"primaryImageOfPage\":{\"@id\":\"https:\/\/pranarom.ca\/produit\/winter-syrup\/#primaryimage\"},\"image\":{\"@id\":\"https:\/\/pranarom.ca\/produit\/winter-syrup\/#primaryimage\"},\"thumbnailUrl\":\"https:\/\/pranarom.ca\/wp-content\/uploads\/2020\/12\/P-SHIV_F.png\",\"datePublished\":\"2016-10-07T00:00:00+00:00\",\"dateModified\":\"2022-03-28T18:46:23+00:00\",\"description\":\"Achetez Sirop hiver par Pranarom et b\u00e9n\u00e9ficiez d'une livraison rapide. N'h\u00e9sitez pas \u00e0 magasiner d'autres sirop, baumes et miel d'huiles essentielles chez Pranarom.ca\",\"breadcrumb\":{\"@id\":\"https:\/\/pranarom.ca\/produit\/winter-syrup\/#breadcrumb\"},\"inLanguage\":\"fr-FR\",\"potentialAction\":[{\"@type\":\"ReadAction\",\"target\":[\"https:\/\/pranarom.ca\/produit\/winter-syrup\/\"]}]},{\"@type\":\"ImageObject\",\"inLanguage\":\"fr-FR\",\"@id\":\"https:\/\/pranarom.ca\/produit\/winter-syrup\/#primaryimage\",\"url\":\"https:\/\/pranarom.ca\/wp-content\/uploads\/2020\/12\/P-SHIV_F.png\",\"contentUrl\":\"https:\/\/pranarom.ca\/wp-content\/uploads\/2020\/12\/P-SHIV_F.png\",\"width\":1500,\"height\":1500},{\"@type\":\"BreadcrumbList\",\"@id\":\"https:\/\/pranarom.ca\/produit\/winter-syrup\/#breadcrumb\",\"itemListElement\":[{\"@type\":\"ListItem\",\"position\":1,\"name\":\"Home\",\"item\":\"https:\/\/pranarom.ca\/fr\/\"},{\"@type\":\"ListItem\",\"position\":2,\"name\":\"Shop\",\"item\":\"https:\/\/pranarom.ca\/shop\/\"},{\"@type\":\"ListItem\",\"position\":3,\"name\":\"Pranaforce Sirop\"}]},{\"@type\":\"WebSite\",\"@id\":\"https:\/\/pranarom.ca\/#website\",\"url\":\"https:\/\/pranarom.ca\/\",\"name\":\"Pranarom Canada\",\"description\":\"Scientific Aromatherapyy\",\"publisher\":{\"@id\":\"https:\/\/pranarom.ca\/#organization\"},\"potentialAction\":[{\"@type\":\"SearchAction\",\"target\":{\"@type\":\"EntryPoint\",\"urlTemplate\":\"https:\/\/pranarom.ca\/?s={search_term_string}\"},\"query-input\":\"required name=search_term_string\"}],\"inLanguage\":\"fr-FR\"},{\"@type\":\"Organization\",\"@id\":\"https:\/\/pranarom.ca\/#organization\",\"name\":\"Pranarom\",\"url\":\"https:\/\/pranarom.ca\/\",\"logo\":{\"@type\":\"ImageObject\",\"inLanguage\":\"fr-FR\",\"@id\":\"https:\/\/pranarom.ca\/#\/schema\/logo\/image\/\",\"url\":\"https:\/\/pranarom.ca\/wp-content\/uploads\/2019\/03\/pranalogo.png\",\"contentUrl\":\"https:\/\/pranarom.ca\/wp-content\/uploads\/2019\/03\/pranalogo.png\",\"width\":330,\"height\":100,\"caption\":\"Pranarom\"},\"image\":{\"@id\":\"https:\/\/pranarom.ca\/#\/schema\/logo\/image\/\"},\"sameAs\":[\"https:\/\/www.facebook.com\/PranaromCanada\",\"http:\/\/instagram.com\/pranaromcanada\/\",\"https:\/\/www.instagram.com\/pranaromcanada\/\"]}]}<\/script>\n<!-- \/ Yoast SEO plugin. -->","yoast_head_json":{"title":"Sirop hiver par Pranarom |Sirop, baume, miel avec huiles essentielles","description":"Achetez Sirop hiver par Pranarom et b\u00e9n\u00e9ficiez d'une livraison rapide. N'h\u00e9sitez pas \u00e0 magasiner d'autres sirop, baumes et miel d'huiles essentielles chez Pranarom.ca","robots":{"index":"index","follow":"follow","max-snippet":"max-snippet:-1","max-image-preview":"max-image-preview:large","max-video-preview":"max-video-preview:-1"},"canonical":"https:\/\/pranarom.ca\/produit\/winter-syrup\/","og_locale":"fr_FR","og_type":"article","og_title":"Sirop hiver par Pranarom |Sirop, baume, miel avec huiles essentielles","og_description":"Achetez Sirop hiver par Pranarom et b\u00e9n\u00e9ficiez d'une livraison rapide. N'h\u00e9sitez pas \u00e0 magasiner d'autres sirop, baumes et miel d'huiles essentielles chez Pranarom.ca","og_url":"https:\/\/pranarom.ca\/produit\/winter-syrup\/","og_site_name":"Pranarom","article_publisher":"https:\/\/www.facebook.com\/PranaromCanada","article_modified_time":"2022-03-28T18:46:23+00:00","og_image":[{"width":1500,"height":1500,"url":"https:\/\/pranarom.ca\/wp-content\/uploads\/2020\/12\/P-SHIV_F.png","type":"image\/png"}],"twitter_card":"summary_large_image","twitter_misc":{"Dur\u00e9e de lecture estim\u00e9e":"2 minutes"},"schema":{"@context":"https:\/\/schema.org","@graph":[{"@type":"WebPage","@id":"https:\/\/pranarom.ca\/produit\/winter-syrup\/","url":"https:\/\/pranarom.ca\/produit\/winter-syrup\/","name":"Sirop hiver par Pranarom |Sirop, baume, miel avec huiles essentielles","isPartOf":{"@id":"https:\/\/pranarom.ca\/#website"},"primaryImageOfPage":{"@id":"https:\/\/pranarom.ca\/produit\/winter-syrup\/#primaryimage"},"image":{"@id":"https:\/\/pranarom.ca\/produit\/winter-syrup\/#primaryimage"},"thumbnailUrl":"https:\/\/pranarom.ca\/wp-content\/uploads\/2020\/12\/P-SHIV_F.png","datePublished":"2016-10-07T00:00:00+00:00","dateModified":"2022-03-28T18:46:23+00:00","description":"Achetez Sirop hiver par Pranarom et b\u00e9n\u00e9ficiez d'une livraison rapide. N'h\u00e9sitez pas \u00e0 magasiner d'autres sirop, baumes et miel d'huiles essentielles chez Pranarom.ca","breadcrumb":{"@id":"https:\/\/pranarom.ca\/produit\/winter-syrup\/#breadcrumb"},"inLanguage":"fr-FR","potentialAction":[{"@type":"ReadAction","target":["https:\/\/pranarom.ca\/produit\/winter-syrup\/"]}]},{"@type":"ImageObject","inLanguage":"fr-FR","@id":"https:\/\/pranarom.ca\/produit\/winter-syrup\/#primaryimage","url":"https:\/\/pranarom.ca\/wp-content\/uploads\/2020\/12\/P-SHIV_F.png","contentUrl":"https:\/\/pranarom.ca\/wp-content\/uploads\/2020\/12\/P-SHIV_F.png","width":1500,"height":1500},{"@type":"BreadcrumbList","@id":"https:\/\/pranarom.ca\/produit\/winter-syrup\/#breadcrumb","itemListElement":[{"@type":"ListItem","position":1,"name":"Home","item":"https:\/\/pranarom.ca\/fr\/"},{"@type":"ListItem","position":2,"name":"Shop","item":"https:\/\/pranarom.ca\/shop\/"},{"@type":"ListItem","position":3,"name":"Pranaforce Sirop"}]},{"@type":"WebSite","@id":"https:\/\/pranarom.ca\/#website","url":"https:\/\/pranarom.ca\/","name":"Pranarom Canada","description":"Scientific Aromatherapyy","publisher":{"@id":"https:\/\/pranarom.ca\/#organization"},"potentialAction":[{"@type":"SearchAction","target":{"@type":"EntryPoint","urlTemplate":"https:\/\/pranarom.ca\/?s={search_term_string}"},"query-input":"required name=search_term_string"}],"inLanguage":"fr-FR"},{"@type":"Organization","@id":"https:\/\/pranarom.ca\/#organization","name":"Pranarom","url":"https:\/\/pranarom.ca\/","logo":{"@type":"ImageObject","inLanguage":"fr-FR","@id":"https:\/\/pranarom.ca\/#\/schema\/logo\/image\/","url":"https:\/\/pranarom.ca\/wp-content\/uploads\/2019\/03\/pranalogo.png","contentUrl":"https:\/\/pranarom.ca\/wp-content\/uploads\/2019\/03\/pranalogo.png","width":330,"height":100,"caption":"Pranarom"},"image":{"@id":"https:\/\/pranarom.ca\/#\/schema\/logo\/image\/"},"sameAs":["https:\/\/www.facebook.com\/PranaromCanada","http:\/\/instagram.com\/pranaromcanada\/","https:\/\/www.instagram.com\/pranaromcanada\/"]}]}},"jetpack_sharing_enabled":true,"_links":{"self":[{"href":"https:\/\/pranarom.ca\/fr\/wp-json\/wp\/v2\/product\/35034"}],"collection":[{"href":"https:\/\/pranarom.ca\/fr\/wp-json\/wp\/v2\/product"}],"about":[{"href":"https:\/\/pranarom.ca\/fr\/wp-json\/wp\/v2\/types\/product"}],"replies":[{"embeddable":true,"href":"https:\/\/pranarom.ca\/fr\/wp-json\/wp\/v2\/comments?post=35034"}],"wp:featuredmedia":[{"embeddable":true,"href":"https:\/\/pranarom.ca\/fr\/wp-json\/wp\/v2\/media\/58143"}],"wp:attachment":[{"href":"https:\/\/pranarom.ca\/fr\/wp-json\/wp\/v2\/media?parent=35034"}],"wp:term":[{"taxonomy":"product_cat","embeddable":true,"href":"https:\/\/pranarom.ca\/fr\/wp-json\/wp\/v2\/product_cat?post=35034"},{"taxonomy":"product_tag","embeddable":true,"href":"https:\/\/pranarom.ca\/fr\/wp-json\/wp\/v2\/product_tag?post=35034"}],"curies":[{"name":"wp","href":"https:\/\/api.w.org\/{rel}","templated":true}]}}