{"id":35032,"date":"2016-10-07T00:00:00","date_gmt":"2016-10-07T00:00:00","guid":{"rendered":"https:\/\/pranarom.ca\/?post_type=product&#038;p=35032"},"modified":"2025-08-27T17:22:40","modified_gmt":"2025-08-27T17:22:40","slug":"aromanoctis-spray-sommeil-relaxation","status":"publish","type":"product","link":"https:\/\/pranarom.ca\/fr\/produit\/aromanoctis-spray-sommeil-relaxation\/","title":{"rendered":"AROMANOCTIS &#8211; Spray tranquilit\u00e9"},"content":{"rendered":"<p><strong>AROMANOCTIS SPRAY SOMMEIL RELAXATION<\/strong> s\u2019utilise au moment du coucher pour une relaxation int\u00e9grale et un sommeil r\u00e9parateur. Vaporis\u00e9es dans l\u2019air ou sur les textiles, les huiles essentielles de petit grain bigarade, mandarine et camomille noble de la formule sont r\u00e9put\u00e9es faciliter l\u2019endormissement, la relaxation et pr\u00e9venir les r\u00e9veils nocturnes, les pens\u00e9es n\u00e9gatives.<\/p>\n<hr \/>\n<h2><strong>Ingr\u00e9dients\u00a0:<\/strong><\/h2>\n<p><strong><em>Citrus sinensis<\/em><\/strong> (huile essentielle d\u2019orange douce) (pelure du fruit) 4,37%, <strong><em>Citrus aurantium<\/em><\/strong> (huile essentielle de petitgrain bigarade) (feuille) 1,90%, <strong><em>Lavandula x intermedia<\/em><\/strong> (huile essentielle de Lavandin) (sommit\u00e9 en fleurs) 1,61%, <strong><em>Citrus bergamia<\/em><\/strong> (huile essentielle de bergamote) (pelure du fruit) 0,62%, <strong><em>Citrus reticulata<\/em><\/strong> (orange de mandarine) (pelure du fruit) 0,62%, <strong><em>Lavandula angustifolia<\/em><\/strong> (huile essentielle de lavande) (sommit\u00e9 en fleurs) 0,33%, <strong><em>Chamaemelum nobile<\/em> <\/strong>(huile essentielle de camomille romaine) (sommit\u00e9 en fleurs) 0,5%.<\/p>\n<p><strong>Ingr\u00e9dients non-m\u00e9dicinaux\u00a0:<\/strong> Alcool, alcool isopropylique, benzoate de d\u00e9natonium.<\/p>\n<hr \/>\n<h2><strong>Posologie :<\/strong><\/h2>\n<p>Adultes (\u2265 18 ans) : vaporiser pendant 3-4 secondes \u00e0 20 cm du drap en dessous de l\u2019oreiller ou sur un mouchoir plac\u00e9 \u00e0 proximit\u00e9 de l\u2019oreiller. Ne pas utiliser par voie orale. Pour un usage occasionnel seulement. \u00c9viter le contact avec les yeux et les muqueuses; en cas de contact, rincer abondamment avec de l\u2019huile v\u00e9g\u00e9tale. Entreposer \u00e0 la temp\u00e9rature ambiante.<\/p>\n<hr \/>\n<h2><strong>Avertissements et mises en garde :<\/strong><\/h2>\n<p>Garder hors de la port\u00e9e des enfants. En cas d&#8217;ingestion accidentelle, demander imm\u00e9diatement de l&#8217;aide m\u00e9dicale ou contacter un centre Antipoison. Si les sympt\u00f4mes persistent ou s&#8217;aggravent, consulter un praticien de soins de sant\u00e9. Si vous souffrez d&#8217;\u00e9pilepsie ou d&#8217;asthme, consulter un professionnel de la sant\u00e9 avant l&#8217;usage.<\/p>\n<hr \/>\n<h2><strong>Contre-indications :<\/strong><\/h2>\n<p>N&#8217;utilisez pas ce produit si vous \u00eates enceinte ou si vous allaitez.<\/p>\n<hr \/>\n<h2><strong>Effets ind\u00e9sirables connus :<\/strong><\/h2>\n<p>Cesser l&#8217;usage si vous souffrez de naus\u00e9e, d&#8217;\u00e9tourdissement, de mal de t\u00eate ou si vous avez une r\u00e9action allergique.<\/p>\n<hr \/>\n<h2><strong>ATTENTION :<\/strong><\/h2>\n<p>Inflammable. CE CONTENANT PEUT EXPLOSER S&#8217;IL EST CHAUFF\u00c9. Contenu sous pression. Ne pas mettre dans l&#8217;eau chaude ni pr\u00e8s des radiateurs, po\u00eales ou autres sources de chaleur. Ne pas percer le contenant, ni le jeter au feu, ni le conserver \u00e0 des temp\u00e9ratures d\u00e9passant 50\u00b0C. Ne pas utiliser en pr\u00e9sence d&#8217;une flamme nue ou d&#8217;\u00e9tincelles.<\/p>\n","protected":false},"excerpt":{"rendered":"<p>Utilis\u00e9 en aromath\u00e9rapie comme un nervin et calmant\u00a0pour aider \u00e0 promouvoir la d\u00e9tente.<\/p>\n<p><strong>Aux huiles essentielles ch\u00e9motyp\u00e9es 100% biologiques<\/strong><br \/>\n150 ml<\/p>\n","protected":false},"featured_media":60843,"comment_status":"closed","ping_status":"closed","template":"","meta":{"_et_pb_use_builder":"","_et_pb_old_content":"","_et_gb_content_width":""},"product_cat":[508,524,326,328],"product_tag":[],"acf":[],"yoast_head":"<!-- This site is optimized with the Yoast SEO plugin v22.6 - https:\/\/yoast.com\/wordpress\/plugins\/seo\/ -->\n<title>Aromanoctis - Spray sommeil relaxation par Pranarom |Sant\u00e9 et huiles bio<\/title>\n<meta name=\"description\" content=\"Achetez Aromanoctis - Spray sommeil relaxation par Pranarom et b\u00e9n\u00e9ficiez d&#039;une livraison rapide. N&#039;h\u00e9sitez pas \u00e0 magasiner d&#039;autres sprays d&#039;huiles essentielles chez Pranarom.ca\" \/>\n<meta name=\"robots\" content=\"index, follow, max-snippet:-1, max-image-preview:large, max-video-preview:-1\" \/>\n<link rel=\"canonical\" href=\"https:\/\/pranarom.ca\/fr\/produit\/aromanoctis-spray-sommeil-relaxation\/\" \/>\n<meta property=\"og:locale\" content=\"fr_FR\" \/>\n<meta property=\"og:type\" content=\"article\" \/>\n<meta property=\"og:title\" content=\"Aromanoctis - Spray sommeil relaxation par Pranarom |Sant\u00e9 et huiles bio\" \/>\n<meta property=\"og:description\" content=\"Achetez Aromanoctis - Spray sommeil relaxation par Pranarom et b\u00e9n\u00e9ficiez d&#039;une livraison rapide. N&#039;h\u00e9sitez pas \u00e0 magasiner d&#039;autres sprays d&#039;huiles essentielles chez Pranarom.ca\" \/>\n<meta property=\"og:url\" content=\"https:\/\/pranarom.ca\/fr\/produit\/aromanoctis-spray-sommeil-relaxation\/\" \/>\n<meta property=\"og:site_name\" content=\"Pranarom\" \/>\n<meta property=\"article:publisher\" content=\"https:\/\/www.facebook.com\/PranaromCanada\" \/>\n<meta property=\"article:modified_time\" content=\"2025-08-27T17:22:40+00:00\" \/>\n<meta property=\"og:image\" content=\"https:\/\/pranarom.ca\/wp-content\/uploads\/2016\/10\/Aromanoctis-FR_EN-Spray-sommeil-150ml-CA17579-Spray.png\" \/>\n\t<meta property=\"og:image:width\" content=\"838\" \/>\n\t<meta property=\"og:image:height\" content=\"2404\" \/>\n\t<meta property=\"og:image:type\" content=\"image\/png\" \/>\n<meta name=\"twitter:card\" content=\"summary_large_image\" \/>\n<meta name=\"twitter:label1\" content=\"Dur\u00e9e de lecture estim\u00e9e\" \/>\n\t<meta name=\"twitter:data1\" content=\"2 minutes\" \/>\n<script type=\"application\/ld+json\" class=\"yoast-schema-graph\">{\"@context\":\"https:\/\/schema.org\",\"@graph\":[{\"@type\":\"WebPage\",\"@id\":\"https:\/\/pranarom.ca\/fr\/produit\/aromanoctis-spray-sommeil-relaxation\/\",\"url\":\"https:\/\/pranarom.ca\/fr\/produit\/aromanoctis-spray-sommeil-relaxation\/\",\"name\":\"Aromanoctis - Spray sommeil relaxation par Pranarom |Sant\u00e9 et huiles bio\",\"isPartOf\":{\"@id\":\"https:\/\/pranarom.ca\/#website\"},\"primaryImageOfPage\":{\"@id\":\"https:\/\/pranarom.ca\/fr\/produit\/aromanoctis-spray-sommeil-relaxation\/#primaryimage\"},\"image\":{\"@id\":\"https:\/\/pranarom.ca\/fr\/produit\/aromanoctis-spray-sommeil-relaxation\/#primaryimage\"},\"thumbnailUrl\":\"https:\/\/pranarom.ca\/wp-content\/uploads\/2016\/10\/Aromanoctis-FR_EN-Spray-sommeil-150ml-CA17579-Spray.png\",\"datePublished\":\"2016-10-07T00:00:00+00:00\",\"dateModified\":\"2025-08-27T17:22:40+00:00\",\"description\":\"Achetez Aromanoctis - Spray sommeil relaxation par Pranarom et b\u00e9n\u00e9ficiez d'une livraison rapide. N'h\u00e9sitez pas \u00e0 magasiner d'autres sprays d'huiles essentielles chez Pranarom.ca\",\"breadcrumb\":{\"@id\":\"https:\/\/pranarom.ca\/fr\/produit\/aromanoctis-spray-sommeil-relaxation\/#breadcrumb\"},\"inLanguage\":\"fr-FR\",\"potentialAction\":[{\"@type\":\"ReadAction\",\"target\":[\"https:\/\/pranarom.ca\/fr\/produit\/aromanoctis-spray-sommeil-relaxation\/\"]}]},{\"@type\":\"ImageObject\",\"inLanguage\":\"fr-FR\",\"@id\":\"https:\/\/pranarom.ca\/fr\/produit\/aromanoctis-spray-sommeil-relaxation\/#primaryimage\",\"url\":\"https:\/\/pranarom.ca\/wp-content\/uploads\/2016\/10\/Aromanoctis-FR_EN-Spray-sommeil-150ml-CA17579-Spray.png\",\"contentUrl\":\"https:\/\/pranarom.ca\/wp-content\/uploads\/2016\/10\/Aromanoctis-FR_EN-Spray-sommeil-150ml-CA17579-Spray.png\",\"width\":838,\"height\":2404},{\"@type\":\"BreadcrumbList\",\"@id\":\"https:\/\/pranarom.ca\/fr\/produit\/aromanoctis-spray-sommeil-relaxation\/#breadcrumb\",\"itemListElement\":[{\"@type\":\"ListItem\",\"position\":1,\"name\":\"Home\",\"item\":\"https:\/\/pranarom.ca\/fr\/\"},{\"@type\":\"ListItem\",\"position\":2,\"name\":\"Shop\",\"item\":\"https:\/\/pranarom.ca\/shop\/\"},{\"@type\":\"ListItem\",\"position\":3,\"name\":\"AROMANOCTIS &#8211; Spray tranquilit\u00e9\"}]},{\"@type\":\"WebSite\",\"@id\":\"https:\/\/pranarom.ca\/#website\",\"url\":\"https:\/\/pranarom.ca\/\",\"name\":\"Pranarom Canada\",\"description\":\"Scientific Aromatherapyy\",\"publisher\":{\"@id\":\"https:\/\/pranarom.ca\/#organization\"},\"potentialAction\":[{\"@type\":\"SearchAction\",\"target\":{\"@type\":\"EntryPoint\",\"urlTemplate\":\"https:\/\/pranarom.ca\/?s={search_term_string}\"},\"query-input\":\"required name=search_term_string\"}],\"inLanguage\":\"fr-FR\"},{\"@type\":\"Organization\",\"@id\":\"https:\/\/pranarom.ca\/#organization\",\"name\":\"Pranarom\",\"url\":\"https:\/\/pranarom.ca\/\",\"logo\":{\"@type\":\"ImageObject\",\"inLanguage\":\"fr-FR\",\"@id\":\"https:\/\/pranarom.ca\/#\/schema\/logo\/image\/\",\"url\":\"https:\/\/pranarom.ca\/wp-content\/uploads\/2019\/03\/pranalogo.png\",\"contentUrl\":\"https:\/\/pranarom.ca\/wp-content\/uploads\/2019\/03\/pranalogo.png\",\"width\":330,\"height\":100,\"caption\":\"Pranarom\"},\"image\":{\"@id\":\"https:\/\/pranarom.ca\/#\/schema\/logo\/image\/\"},\"sameAs\":[\"https:\/\/www.facebook.com\/PranaromCanada\",\"http:\/\/instagram.com\/pranaromcanada\/\",\"https:\/\/www.instagram.com\/pranaromcanada\/\"]}]}<\/script>\n<!-- \/ Yoast SEO plugin. -->","yoast_head_json":{"title":"Aromanoctis - Spray sommeil relaxation par Pranarom |Sant\u00e9 et huiles bio","description":"Achetez Aromanoctis - Spray sommeil relaxation par Pranarom et b\u00e9n\u00e9ficiez d'une livraison rapide. N'h\u00e9sitez pas \u00e0 magasiner d'autres sprays d'huiles essentielles chez Pranarom.ca","robots":{"index":"index","follow":"follow","max-snippet":"max-snippet:-1","max-image-preview":"max-image-preview:large","max-video-preview":"max-video-preview:-1"},"canonical":"https:\/\/pranarom.ca\/fr\/produit\/aromanoctis-spray-sommeil-relaxation\/","og_locale":"fr_FR","og_type":"article","og_title":"Aromanoctis - Spray sommeil relaxation par Pranarom |Sant\u00e9 et huiles bio","og_description":"Achetez Aromanoctis - Spray sommeil relaxation par Pranarom et b\u00e9n\u00e9ficiez d'une livraison rapide. N'h\u00e9sitez pas \u00e0 magasiner d'autres sprays d'huiles essentielles chez Pranarom.ca","og_url":"https:\/\/pranarom.ca\/fr\/produit\/aromanoctis-spray-sommeil-relaxation\/","og_site_name":"Pranarom","article_publisher":"https:\/\/www.facebook.com\/PranaromCanada","article_modified_time":"2025-08-27T17:22:40+00:00","og_image":[{"width":838,"height":2404,"url":"https:\/\/pranarom.ca\/wp-content\/uploads\/2016\/10\/Aromanoctis-FR_EN-Spray-sommeil-150ml-CA17579-Spray.png","type":"image\/png"}],"twitter_card":"summary_large_image","twitter_misc":{"Dur\u00e9e de lecture estim\u00e9e":"2 minutes"},"schema":{"@context":"https:\/\/schema.org","@graph":[{"@type":"WebPage","@id":"https:\/\/pranarom.ca\/fr\/produit\/aromanoctis-spray-sommeil-relaxation\/","url":"https:\/\/pranarom.ca\/fr\/produit\/aromanoctis-spray-sommeil-relaxation\/","name":"Aromanoctis - Spray sommeil relaxation par Pranarom |Sant\u00e9 et huiles bio","isPartOf":{"@id":"https:\/\/pranarom.ca\/#website"},"primaryImageOfPage":{"@id":"https:\/\/pranarom.ca\/fr\/produit\/aromanoctis-spray-sommeil-relaxation\/#primaryimage"},"image":{"@id":"https:\/\/pranarom.ca\/fr\/produit\/aromanoctis-spray-sommeil-relaxation\/#primaryimage"},"thumbnailUrl":"https:\/\/pranarom.ca\/wp-content\/uploads\/2016\/10\/Aromanoctis-FR_EN-Spray-sommeil-150ml-CA17579-Spray.png","datePublished":"2016-10-07T00:00:00+00:00","dateModified":"2025-08-27T17:22:40+00:00","description":"Achetez Aromanoctis - Spray sommeil relaxation par Pranarom et b\u00e9n\u00e9ficiez d'une livraison rapide. N'h\u00e9sitez pas \u00e0 magasiner d'autres sprays d'huiles essentielles chez Pranarom.ca","breadcrumb":{"@id":"https:\/\/pranarom.ca\/fr\/produit\/aromanoctis-spray-sommeil-relaxation\/#breadcrumb"},"inLanguage":"fr-FR","potentialAction":[{"@type":"ReadAction","target":["https:\/\/pranarom.ca\/fr\/produit\/aromanoctis-spray-sommeil-relaxation\/"]}]},{"@type":"ImageObject","inLanguage":"fr-FR","@id":"https:\/\/pranarom.ca\/fr\/produit\/aromanoctis-spray-sommeil-relaxation\/#primaryimage","url":"https:\/\/pranarom.ca\/wp-content\/uploads\/2016\/10\/Aromanoctis-FR_EN-Spray-sommeil-150ml-CA17579-Spray.png","contentUrl":"https:\/\/pranarom.ca\/wp-content\/uploads\/2016\/10\/Aromanoctis-FR_EN-Spray-sommeil-150ml-CA17579-Spray.png","width":838,"height":2404},{"@type":"BreadcrumbList","@id":"https:\/\/pranarom.ca\/fr\/produit\/aromanoctis-spray-sommeil-relaxation\/#breadcrumb","itemListElement":[{"@type":"ListItem","position":1,"name":"Home","item":"https:\/\/pranarom.ca\/fr\/"},{"@type":"ListItem","position":2,"name":"Shop","item":"https:\/\/pranarom.ca\/shop\/"},{"@type":"ListItem","position":3,"name":"AROMANOCTIS &#8211; Spray tranquilit\u00e9"}]},{"@type":"WebSite","@id":"https:\/\/pranarom.ca\/#website","url":"https:\/\/pranarom.ca\/","name":"Pranarom Canada","description":"Scientific Aromatherapyy","publisher":{"@id":"https:\/\/pranarom.ca\/#organization"},"potentialAction":[{"@type":"SearchAction","target":{"@type":"EntryPoint","urlTemplate":"https:\/\/pranarom.ca\/?s={search_term_string}"},"query-input":"required name=search_term_string"}],"inLanguage":"fr-FR"},{"@type":"Organization","@id":"https:\/\/pranarom.ca\/#organization","name":"Pranarom","url":"https:\/\/pranarom.ca\/","logo":{"@type":"ImageObject","inLanguage":"fr-FR","@id":"https:\/\/pranarom.ca\/#\/schema\/logo\/image\/","url":"https:\/\/pranarom.ca\/wp-content\/uploads\/2019\/03\/pranalogo.png","contentUrl":"https:\/\/pranarom.ca\/wp-content\/uploads\/2019\/03\/pranalogo.png","width":330,"height":100,"caption":"Pranarom"},"image":{"@id":"https:\/\/pranarom.ca\/#\/schema\/logo\/image\/"},"sameAs":["https:\/\/www.facebook.com\/PranaromCanada","http:\/\/instagram.com\/pranaromcanada\/","https:\/\/www.instagram.com\/pranaromcanada\/"]}]}},"jetpack_sharing_enabled":true,"_links":{"self":[{"href":"https:\/\/pranarom.ca\/fr\/wp-json\/wp\/v2\/product\/35032"}],"collection":[{"href":"https:\/\/pranarom.ca\/fr\/wp-json\/wp\/v2\/product"}],"about":[{"href":"https:\/\/pranarom.ca\/fr\/wp-json\/wp\/v2\/types\/product"}],"replies":[{"embeddable":true,"href":"https:\/\/pranarom.ca\/fr\/wp-json\/wp\/v2\/comments?post=35032"}],"wp:featuredmedia":[{"embeddable":true,"href":"https:\/\/pranarom.ca\/fr\/wp-json\/wp\/v2\/media\/60843"}],"wp:attachment":[{"href":"https:\/\/pranarom.ca\/fr\/wp-json\/wp\/v2\/media?parent=35032"}],"wp:term":[{"taxonomy":"product_cat","embeddable":true,"href":"https:\/\/pranarom.ca\/fr\/wp-json\/wp\/v2\/product_cat?post=35032"},{"taxonomy":"product_tag","embeddable":true,"href":"https:\/\/pranarom.ca\/fr\/wp-json\/wp\/v2\/product_tag?post=35032"}],"curies":[{"name":"wp","href":"https:\/\/api.w.org\/{rel}","templated":true}]}}