{"id":35026,"date":"2016-02-28T00:00:00","date_gmt":"2016-02-28T00:00:00","guid":{"rendered":"https:\/\/pranarom.ca\/?post_type=product&#038;p=35026"},"modified":"2022-03-28T16:37:43","modified_gmt":"2022-03-28T16:37:43","slug":"cahier-pratique-daromatherapie-vol-4-soins-palliatifs","status":"publish","type":"product","link":"https:\/\/pranarom.ca\/fr\/produit\/cahier-pratique-daromatherapie-vol-4-soins-palliatifs\/","title":{"rendered":"Cahier pratique d\u2019aromath\u00e9rapie Vol. 4 Soins palliatifs"},"content":{"rendered":"<hr \/>\n<p><strong>Cahiers pratiques &#8211; Collection : L\u2019aromath\u00e9rapie professionnellement<\/strong><\/p>\n<p>Dominique Baudoux, pharmacien aromatologue, dirige la soci\u00e9t\u00e9 Pranar\u00f4m International, enseigne l\u2019aroma\u00adth\u00e9rapie scientifique et m\u00e9dicale dans le monde entier et r\u00e9dige de nombreux ouvrages sur le sujet. Il m\u00e8ne aussi la recherche et ses applications dans des pathologies virales, bact\u00e9riennes et parasitaires tr\u00e8s contemporaines.<\/p>\n<p>Jean-Michel Blanchard, m\u00e9decin au SMUR de Sarlat, s&#8217;est pris de passion pour ces quintessences v\u00e9g\u00e9tales qu&#8217;il travaille quotidiennement dans le cadre hospitalier. Voulant partager son exp\u00e9rience de terrain, il communique au travers de conf\u00e9rences qu&#8217;il anime avec aisance et rigueur scientifique.<\/p>\n<p>Anne-Fran\u00e7oise Malotaux. Depuis pr\u00e8s de 10 ans, elle assure des programmes de formations en aromath\u00e9rapie scientifique aupr\u00e8s des professionnels de la sant\u00e9 ainsi que de nombreuses conf\u00e9rences organis\u00e9es dans le cadre de formations \u00e0 th\u00e8mes. Exp\u00e9riment\u00e9e et dynamique, elle allie la p\u00e9dagogie \u00e0 la passion qu&#8217;elle voue \u00e0 l&#8217;aromath\u00e9rapie.<\/p>\n<hr \/>\n<p>318 Pages \u2013 \u00c9dition Inspir \u2013 <strong>ISBN<\/strong> 2-919905-37-6<\/p>\n","protected":false},"excerpt":{"rendered":"<p><strong>D. Baudoux et A. Zhiri<\/strong><\/p>\n","protected":false},"featured_media":2078,"comment_status":"open","ping_status":"closed","template":"","meta":{"_et_pb_use_builder":"","_et_pb_old_content":"","_et_gb_content_width":""},"product_cat":[380,337],"product_tag":[],"acf":[],"yoast_head":"<!-- This site is optimized with the Yoast SEO plugin v22.6 - https:\/\/yoast.com\/wordpress\/plugins\/seo\/ -->\n<title>Cahier pratique d\u2019aromath\u00e9rapie Vol. 4 Soins palliatifs par Pranarom | Livres de r\u00e9f\u00e9rence<\/title>\n<meta name=\"description\" content=\"Achetez le livre \u00abCahier pratique d\u2019aromath\u00e9rapie Vol. 4 Soins palliatifs \u00bb par Pranarom et b\u00e9n\u00e9ficiez d&#039;une livraison rapide. N&#039;h\u00e9sitez pas \u00e0 nous contacter avec vos questions.\" \/>\n<meta name=\"robots\" content=\"index, follow, max-snippet:-1, max-image-preview:large, max-video-preview:-1\" \/>\n<link rel=\"canonical\" href=\"https:\/\/pranarom.ca\/fr\/produit\/cahier-pratique-daromatherapie-vol-4-soins-palliatifs\/\" \/>\n<meta property=\"og:locale\" content=\"fr_FR\" \/>\n<meta property=\"og:type\" content=\"article\" \/>\n<meta property=\"og:title\" content=\"Cahier pratique d\u2019aromath\u00e9rapie Vol. 4 Soins palliatifs par Pranarom | Livres de r\u00e9f\u00e9rence\" \/>\n<meta property=\"og:description\" content=\"Achetez le livre \u00abCahier pratique d\u2019aromath\u00e9rapie Vol. 4 Soins palliatifs \u00bb par Pranarom et b\u00e9n\u00e9ficiez d&#039;une livraison rapide. N&#039;h\u00e9sitez pas \u00e0 nous contacter avec vos questions.\" \/>\n<meta property=\"og:url\" content=\"https:\/\/pranarom.ca\/fr\/produit\/cahier-pratique-daromatherapie-vol-4-soins-palliatifs\/\" \/>\n<meta property=\"og:site_name\" content=\"Pranarom\" \/>\n<meta property=\"article:publisher\" content=\"https:\/\/www.facebook.com\/PranaromCanada\" \/>\n<meta property=\"article:modified_time\" content=\"2022-03-28T16:37:43+00:00\" \/>\n<meta property=\"og:image\" content=\"https:\/\/pranarom.ca\/wp-content\/uploads\/2019\/02\/P-BCA04.jpg\" \/>\n\t<meta property=\"og:image:width\" content=\"1500\" \/>\n\t<meta property=\"og:image:height\" content=\"1500\" \/>\n\t<meta property=\"og:image:type\" content=\"image\/jpeg\" \/>\n<meta name=\"twitter:card\" content=\"summary_large_image\" \/>\n<meta name=\"twitter:label1\" content=\"Dur\u00e9e de lecture estim\u00e9e\" \/>\n\t<meta name=\"twitter:data1\" content=\"1 minute\" \/>\n<script type=\"application\/ld+json\" class=\"yoast-schema-graph\">{\"@context\":\"https:\/\/schema.org\",\"@graph\":[{\"@type\":\"WebPage\",\"@id\":\"https:\/\/pranarom.ca\/fr\/produit\/cahier-pratique-daromatherapie-vol-4-soins-palliatifs\/\",\"url\":\"https:\/\/pranarom.ca\/fr\/produit\/cahier-pratique-daromatherapie-vol-4-soins-palliatifs\/\",\"name\":\"Cahier pratique d\u2019aromath\u00e9rapie Vol. 4 Soins palliatifs par Pranarom | Livres de r\u00e9f\u00e9rence\",\"isPartOf\":{\"@id\":\"https:\/\/pranarom.ca\/#website\"},\"primaryImageOfPage\":{\"@id\":\"https:\/\/pranarom.ca\/fr\/produit\/cahier-pratique-daromatherapie-vol-4-soins-palliatifs\/#primaryimage\"},\"image\":{\"@id\":\"https:\/\/pranarom.ca\/fr\/produit\/cahier-pratique-daromatherapie-vol-4-soins-palliatifs\/#primaryimage\"},\"thumbnailUrl\":\"https:\/\/pranarom.ca\/wp-content\/uploads\/2019\/02\/P-BCA04.jpg\",\"datePublished\":\"2016-02-28T00:00:00+00:00\",\"dateModified\":\"2022-03-28T16:37:43+00:00\",\"description\":\"Achetez le livre \u00abCahier pratique d\u2019aromath\u00e9rapie Vol. 4 Soins palliatifs \u00bb par Pranarom et b\u00e9n\u00e9ficiez d'une livraison rapide. N'h\u00e9sitez pas \u00e0 nous contacter avec vos questions.\",\"breadcrumb\":{\"@id\":\"https:\/\/pranarom.ca\/fr\/produit\/cahier-pratique-daromatherapie-vol-4-soins-palliatifs\/#breadcrumb\"},\"inLanguage\":\"fr-FR\",\"potentialAction\":[{\"@type\":\"ReadAction\",\"target\":[\"https:\/\/pranarom.ca\/fr\/produit\/cahier-pratique-daromatherapie-vol-4-soins-palliatifs\/\"]}]},{\"@type\":\"ImageObject\",\"inLanguage\":\"fr-FR\",\"@id\":\"https:\/\/pranarom.ca\/fr\/produit\/cahier-pratique-daromatherapie-vol-4-soins-palliatifs\/#primaryimage\",\"url\":\"https:\/\/pranarom.ca\/wp-content\/uploads\/2019\/02\/P-BCA04.jpg\",\"contentUrl\":\"https:\/\/pranarom.ca\/wp-content\/uploads\/2019\/02\/P-BCA04.jpg\",\"width\":1500,\"height\":1500},{\"@type\":\"BreadcrumbList\",\"@id\":\"https:\/\/pranarom.ca\/fr\/produit\/cahier-pratique-daromatherapie-vol-4-soins-palliatifs\/#breadcrumb\",\"itemListElement\":[{\"@type\":\"ListItem\",\"position\":1,\"name\":\"Home\",\"item\":\"https:\/\/pranarom.ca\/fr\/\"},{\"@type\":\"ListItem\",\"position\":2,\"name\":\"Shop\",\"item\":\"https:\/\/pranarom.ca\/shop\/\"},{\"@type\":\"ListItem\",\"position\":3,\"name\":\"Cahier pratique d\u2019aromath\u00e9rapie Vol. 4 Soins palliatifs\"}]},{\"@type\":\"WebSite\",\"@id\":\"https:\/\/pranarom.ca\/#website\",\"url\":\"https:\/\/pranarom.ca\/\",\"name\":\"Pranarom Canada\",\"description\":\"Scientific Aromatherapyy\",\"publisher\":{\"@id\":\"https:\/\/pranarom.ca\/#organization\"},\"potentialAction\":[{\"@type\":\"SearchAction\",\"target\":{\"@type\":\"EntryPoint\",\"urlTemplate\":\"https:\/\/pranarom.ca\/?s={search_term_string}\"},\"query-input\":\"required name=search_term_string\"}],\"inLanguage\":\"fr-FR\"},{\"@type\":\"Organization\",\"@id\":\"https:\/\/pranarom.ca\/#organization\",\"name\":\"Pranarom\",\"url\":\"https:\/\/pranarom.ca\/\",\"logo\":{\"@type\":\"ImageObject\",\"inLanguage\":\"fr-FR\",\"@id\":\"https:\/\/pranarom.ca\/#\/schema\/logo\/image\/\",\"url\":\"https:\/\/pranarom.ca\/wp-content\/uploads\/2019\/03\/pranalogo.png\",\"contentUrl\":\"https:\/\/pranarom.ca\/wp-content\/uploads\/2019\/03\/pranalogo.png\",\"width\":330,\"height\":100,\"caption\":\"Pranarom\"},\"image\":{\"@id\":\"https:\/\/pranarom.ca\/#\/schema\/logo\/image\/\"},\"sameAs\":[\"https:\/\/www.facebook.com\/PranaromCanada\",\"http:\/\/instagram.com\/pranaromcanada\/\",\"https:\/\/www.instagram.com\/pranaromcanada\/\"]}]}<\/script>\n<!-- \/ Yoast SEO plugin. -->","yoast_head_json":{"title":"Cahier pratique d\u2019aromath\u00e9rapie Vol. 4 Soins palliatifs par Pranarom | Livres de r\u00e9f\u00e9rence","description":"Achetez le livre \u00abCahier pratique d\u2019aromath\u00e9rapie Vol. 4 Soins palliatifs \u00bb par Pranarom et b\u00e9n\u00e9ficiez d'une livraison rapide. N'h\u00e9sitez pas \u00e0 nous contacter avec vos questions.","robots":{"index":"index","follow":"follow","max-snippet":"max-snippet:-1","max-image-preview":"max-image-preview:large","max-video-preview":"max-video-preview:-1"},"canonical":"https:\/\/pranarom.ca\/fr\/produit\/cahier-pratique-daromatherapie-vol-4-soins-palliatifs\/","og_locale":"fr_FR","og_type":"article","og_title":"Cahier pratique d\u2019aromath\u00e9rapie Vol. 4 Soins palliatifs par Pranarom | Livres de r\u00e9f\u00e9rence","og_description":"Achetez le livre \u00abCahier pratique d\u2019aromath\u00e9rapie Vol. 4 Soins palliatifs \u00bb par Pranarom et b\u00e9n\u00e9ficiez d'une livraison rapide. N'h\u00e9sitez pas \u00e0 nous contacter avec vos questions.","og_url":"https:\/\/pranarom.ca\/fr\/produit\/cahier-pratique-daromatherapie-vol-4-soins-palliatifs\/","og_site_name":"Pranarom","article_publisher":"https:\/\/www.facebook.com\/PranaromCanada","article_modified_time":"2022-03-28T16:37:43+00:00","og_image":[{"width":1500,"height":1500,"url":"https:\/\/pranarom.ca\/wp-content\/uploads\/2019\/02\/P-BCA04.jpg","type":"image\/jpeg"}],"twitter_card":"summary_large_image","twitter_misc":{"Dur\u00e9e de lecture estim\u00e9e":"1 minute"},"schema":{"@context":"https:\/\/schema.org","@graph":[{"@type":"WebPage","@id":"https:\/\/pranarom.ca\/fr\/produit\/cahier-pratique-daromatherapie-vol-4-soins-palliatifs\/","url":"https:\/\/pranarom.ca\/fr\/produit\/cahier-pratique-daromatherapie-vol-4-soins-palliatifs\/","name":"Cahier pratique d\u2019aromath\u00e9rapie Vol. 4 Soins palliatifs par Pranarom | Livres de r\u00e9f\u00e9rence","isPartOf":{"@id":"https:\/\/pranarom.ca\/#website"},"primaryImageOfPage":{"@id":"https:\/\/pranarom.ca\/fr\/produit\/cahier-pratique-daromatherapie-vol-4-soins-palliatifs\/#primaryimage"},"image":{"@id":"https:\/\/pranarom.ca\/fr\/produit\/cahier-pratique-daromatherapie-vol-4-soins-palliatifs\/#primaryimage"},"thumbnailUrl":"https:\/\/pranarom.ca\/wp-content\/uploads\/2019\/02\/P-BCA04.jpg","datePublished":"2016-02-28T00:00:00+00:00","dateModified":"2022-03-28T16:37:43+00:00","description":"Achetez le livre \u00abCahier pratique d\u2019aromath\u00e9rapie Vol. 4 Soins palliatifs \u00bb par Pranarom et b\u00e9n\u00e9ficiez d'une livraison rapide. N'h\u00e9sitez pas \u00e0 nous contacter avec vos questions.","breadcrumb":{"@id":"https:\/\/pranarom.ca\/fr\/produit\/cahier-pratique-daromatherapie-vol-4-soins-palliatifs\/#breadcrumb"},"inLanguage":"fr-FR","potentialAction":[{"@type":"ReadAction","target":["https:\/\/pranarom.ca\/fr\/produit\/cahier-pratique-daromatherapie-vol-4-soins-palliatifs\/"]}]},{"@type":"ImageObject","inLanguage":"fr-FR","@id":"https:\/\/pranarom.ca\/fr\/produit\/cahier-pratique-daromatherapie-vol-4-soins-palliatifs\/#primaryimage","url":"https:\/\/pranarom.ca\/wp-content\/uploads\/2019\/02\/P-BCA04.jpg","contentUrl":"https:\/\/pranarom.ca\/wp-content\/uploads\/2019\/02\/P-BCA04.jpg","width":1500,"height":1500},{"@type":"BreadcrumbList","@id":"https:\/\/pranarom.ca\/fr\/produit\/cahier-pratique-daromatherapie-vol-4-soins-palliatifs\/#breadcrumb","itemListElement":[{"@type":"ListItem","position":1,"name":"Home","item":"https:\/\/pranarom.ca\/fr\/"},{"@type":"ListItem","position":2,"name":"Shop","item":"https:\/\/pranarom.ca\/shop\/"},{"@type":"ListItem","position":3,"name":"Cahier pratique d\u2019aromath\u00e9rapie Vol. 4 Soins palliatifs"}]},{"@type":"WebSite","@id":"https:\/\/pranarom.ca\/#website","url":"https:\/\/pranarom.ca\/","name":"Pranarom Canada","description":"Scientific Aromatherapyy","publisher":{"@id":"https:\/\/pranarom.ca\/#organization"},"potentialAction":[{"@type":"SearchAction","target":{"@type":"EntryPoint","urlTemplate":"https:\/\/pranarom.ca\/?s={search_term_string}"},"query-input":"required name=search_term_string"}],"inLanguage":"fr-FR"},{"@type":"Organization","@id":"https:\/\/pranarom.ca\/#organization","name":"Pranarom","url":"https:\/\/pranarom.ca\/","logo":{"@type":"ImageObject","inLanguage":"fr-FR","@id":"https:\/\/pranarom.ca\/#\/schema\/logo\/image\/","url":"https:\/\/pranarom.ca\/wp-content\/uploads\/2019\/03\/pranalogo.png","contentUrl":"https:\/\/pranarom.ca\/wp-content\/uploads\/2019\/03\/pranalogo.png","width":330,"height":100,"caption":"Pranarom"},"image":{"@id":"https:\/\/pranarom.ca\/#\/schema\/logo\/image\/"},"sameAs":["https:\/\/www.facebook.com\/PranaromCanada","http:\/\/instagram.com\/pranaromcanada\/","https:\/\/www.instagram.com\/pranaromcanada\/"]}]}},"jetpack_sharing_enabled":true,"_links":{"self":[{"href":"https:\/\/pranarom.ca\/fr\/wp-json\/wp\/v2\/product\/35026"}],"collection":[{"href":"https:\/\/pranarom.ca\/fr\/wp-json\/wp\/v2\/product"}],"about":[{"href":"https:\/\/pranarom.ca\/fr\/wp-json\/wp\/v2\/types\/product"}],"replies":[{"embeddable":true,"href":"https:\/\/pranarom.ca\/fr\/wp-json\/wp\/v2\/comments?post=35026"}],"wp:featuredmedia":[{"embeddable":true,"href":"https:\/\/pranarom.ca\/fr\/wp-json\/wp\/v2\/media\/2078"}],"wp:attachment":[{"href":"https:\/\/pranarom.ca\/fr\/wp-json\/wp\/v2\/media?parent=35026"}],"wp:term":[{"taxonomy":"product_cat","embeddable":true,"href":"https:\/\/pranarom.ca\/fr\/wp-json\/wp\/v2\/product_cat?post=35026"},{"taxonomy":"product_tag","embeddable":true,"href":"https:\/\/pranarom.ca\/fr\/wp-json\/wp\/v2\/product_tag?post=35026"}],"curies":[{"name":"wp","href":"https:\/\/api.w.org\/{rel}","templated":true}]}}