{"id":35025,"date":"2016-02-28T00:00:00","date_gmt":"2016-02-28T00:00:00","guid":{"rendered":"https:\/\/pranarom.ca\/?post_type=product&#038;p=35025"},"modified":"2022-03-28T16:38:02","modified_gmt":"2022-03-28T16:38:02","slug":"cahier-pratique-daromatherapie-vol-3-veterinaire-bovins","status":"publish","type":"product","link":"https:\/\/pranarom.ca\/fr\/produit\/cahier-pratique-daromatherapie-vol-3-veterinaire-bovins\/","title":{"rendered":"Cahier pratique d\u2019aromath\u00e9rapie Vol. 3 V\u00e9t\u00e9rinaire -Bovins"},"content":{"rendered":"<hr \/>\n<p><strong>Cahiers pratiques &#8211; Collection : L\u2019aromath\u00e9rapie professionnellement<\/strong><\/p>\n<p>Le Docteur Francine Baudry, pharmacien avec une \u00e9quivalence en m\u00e9decine v\u00e9t\u00e9rinaire a exerc\u00e9 cette double comp\u00e9tence durant de nombreuses ann\u00e9es avant de se consacrer enti\u00e8rement aux formations reconnues par l\u2019Etat fran\u00e7ais. Elle enseigne les phyto-aroma-nutri-th\u00e9rapies aux pharmaciens et leurs assistants pour optimaliser le conseil de ces m\u00e9decines alternatives \u00e0 l\u2019officine. Sans elle, le pr\u00e9sent ouvrage n\u2019aurait certainement pas exist\u00e9 dans sa forme actuelle. Elle repr\u00e9sente un \u00e9l\u00e9ment cl\u00e9 gr\u00e2ce \u00e0 sa large expertise dans le domaine trait\u00e9 de ce nouveau volume.<\/p>\n<p>Pascal Debauche, Docteur en sciences zoologiques, est charg\u00e9 de recherche dans l\u2019entreprise de pointe en mati\u00e8re d\u2019aromath\u00e9rapie scientifique et m\u00e9dicale. Actif depuis pr\u00e8s de 10 ans dans le d\u00e9veloppement de sp\u00e9cialit\u00e9s v\u00e9t\u00e9rinaires aromatiques, il se consacre \u00e0 la validation clinique de l\u2019efficacit\u00e9 de formulations \u00e0 base d\u2019huiles essentielles ch\u00e9motyp\u00e9es chez l\u2019animal de rente, en parfaite collaboration avec les \u00e9leveurs et les m\u00e9decins v\u00e9t\u00e9rinaires.<\/p>\n<p>Dominique Baudoux, pharmacien aromatologue, dirige la soci\u00e9t\u00e9 Pranar\u00f4m International, enseigne l\u2019aroma\u00adth\u00e9rapie scientifique et m\u00e9dicale dans le monde entier et r\u00e9dige de nombreux ouvrages sur le sujet. Il m\u00e8ne aussi la recherche et les applications de certaines huiles essentielles ch\u00e9motyp\u00e9es (HECT) dans 2 pathologies virales tr\u00e8s importantes.<\/p>\n<hr \/>\n<p>314 Pages \u2013 \u00c9dition Inspir \u2013 <strong>ISBN<\/strong> 2-919905-26-0<\/p>\n","protected":false},"excerpt":{"rendered":"<p><strong>F. Baudry, P. Debauche et D. Baudoux<\/strong><\/p>\n","protected":false},"featured_media":2075,"comment_status":"open","ping_status":"closed","template":"","meta":{"_et_pb_use_builder":"","_et_pb_old_content":"","_et_gb_content_width":""},"product_cat":[380,337],"product_tag":[],"acf":[],"yoast_head":"<!-- This site is optimized with the Yoast SEO plugin v22.6 - https:\/\/yoast.com\/wordpress\/plugins\/seo\/ -->\n<title>Cahier pratique d\u2019aromath\u00e9rapie Vol. 3 V\u00e9t\u00e9rinaire -Bovins par Pranarom | Livres de r\u00e9f\u00e9rence<\/title>\n<meta name=\"description\" content=\"Achetez le livre \u00abCahier pratique d\u2019aromath\u00e9rapie Vol. 3 V\u00e9t\u00e9rinaire -Bovins \u00bb par Pranarom et b\u00e9n\u00e9ficiez d&#039;une livraison rapide. N&#039;h\u00e9sitez pas \u00e0 nous contacter avec vos questions.\" \/>\n<meta name=\"robots\" content=\"index, follow, max-snippet:-1, max-image-preview:large, max-video-preview:-1\" \/>\n<link rel=\"canonical\" href=\"https:\/\/pranarom.ca\/fr\/produit\/cahier-pratique-daromatherapie-vol-3-veterinaire-bovins\/\" \/>\n<meta property=\"og:locale\" content=\"fr_FR\" \/>\n<meta property=\"og:type\" content=\"article\" \/>\n<meta property=\"og:title\" content=\"Cahier pratique d\u2019aromath\u00e9rapie Vol. 3 V\u00e9t\u00e9rinaire -Bovins par Pranarom | Livres de r\u00e9f\u00e9rence\" \/>\n<meta property=\"og:description\" content=\"Achetez le livre \u00abCahier pratique d\u2019aromath\u00e9rapie Vol. 3 V\u00e9t\u00e9rinaire -Bovins \u00bb par Pranarom et b\u00e9n\u00e9ficiez d&#039;une livraison rapide. N&#039;h\u00e9sitez pas \u00e0 nous contacter avec vos questions.\" \/>\n<meta property=\"og:url\" content=\"https:\/\/pranarom.ca\/fr\/produit\/cahier-pratique-daromatherapie-vol-3-veterinaire-bovins\/\" \/>\n<meta property=\"og:site_name\" content=\"Pranarom\" \/>\n<meta property=\"article:publisher\" content=\"https:\/\/www.facebook.com\/PranaromCanada\" \/>\n<meta property=\"article:modified_time\" content=\"2022-03-28T16:38:02+00:00\" \/>\n<meta property=\"og:image\" content=\"https:\/\/pranarom.ca\/wp-content\/uploads\/2019\/02\/P-BCA03.jpg\" \/>\n\t<meta property=\"og:image:width\" content=\"1500\" \/>\n\t<meta property=\"og:image:height\" content=\"1500\" \/>\n\t<meta property=\"og:image:type\" content=\"image\/jpeg\" \/>\n<meta name=\"twitter:card\" content=\"summary_large_image\" \/>\n<meta name=\"twitter:label1\" content=\"Dur\u00e9e de lecture estim\u00e9e\" \/>\n\t<meta name=\"twitter:data1\" content=\"1 minute\" \/>\n<script type=\"application\/ld+json\" class=\"yoast-schema-graph\">{\"@context\":\"https:\/\/schema.org\",\"@graph\":[{\"@type\":\"WebPage\",\"@id\":\"https:\/\/pranarom.ca\/fr\/produit\/cahier-pratique-daromatherapie-vol-3-veterinaire-bovins\/\",\"url\":\"https:\/\/pranarom.ca\/fr\/produit\/cahier-pratique-daromatherapie-vol-3-veterinaire-bovins\/\",\"name\":\"Cahier pratique d\u2019aromath\u00e9rapie Vol. 3 V\u00e9t\u00e9rinaire -Bovins par Pranarom | Livres de r\u00e9f\u00e9rence\",\"isPartOf\":{\"@id\":\"https:\/\/pranarom.ca\/#website\"},\"primaryImageOfPage\":{\"@id\":\"https:\/\/pranarom.ca\/fr\/produit\/cahier-pratique-daromatherapie-vol-3-veterinaire-bovins\/#primaryimage\"},\"image\":{\"@id\":\"https:\/\/pranarom.ca\/fr\/produit\/cahier-pratique-daromatherapie-vol-3-veterinaire-bovins\/#primaryimage\"},\"thumbnailUrl\":\"https:\/\/pranarom.ca\/wp-content\/uploads\/2019\/02\/P-BCA03.jpg\",\"datePublished\":\"2016-02-28T00:00:00+00:00\",\"dateModified\":\"2022-03-28T16:38:02+00:00\",\"description\":\"Achetez le livre \u00abCahier pratique d\u2019aromath\u00e9rapie Vol. 3 V\u00e9t\u00e9rinaire -Bovins \u00bb par Pranarom et b\u00e9n\u00e9ficiez d'une livraison rapide. N'h\u00e9sitez pas \u00e0 nous contacter avec vos questions.\",\"breadcrumb\":{\"@id\":\"https:\/\/pranarom.ca\/fr\/produit\/cahier-pratique-daromatherapie-vol-3-veterinaire-bovins\/#breadcrumb\"},\"inLanguage\":\"fr-FR\",\"potentialAction\":[{\"@type\":\"ReadAction\",\"target\":[\"https:\/\/pranarom.ca\/fr\/produit\/cahier-pratique-daromatherapie-vol-3-veterinaire-bovins\/\"]}]},{\"@type\":\"ImageObject\",\"inLanguage\":\"fr-FR\",\"@id\":\"https:\/\/pranarom.ca\/fr\/produit\/cahier-pratique-daromatherapie-vol-3-veterinaire-bovins\/#primaryimage\",\"url\":\"https:\/\/pranarom.ca\/wp-content\/uploads\/2019\/02\/P-BCA03.jpg\",\"contentUrl\":\"https:\/\/pranarom.ca\/wp-content\/uploads\/2019\/02\/P-BCA03.jpg\",\"width\":1500,\"height\":1500},{\"@type\":\"BreadcrumbList\",\"@id\":\"https:\/\/pranarom.ca\/fr\/produit\/cahier-pratique-daromatherapie-vol-3-veterinaire-bovins\/#breadcrumb\",\"itemListElement\":[{\"@type\":\"ListItem\",\"position\":1,\"name\":\"Home\",\"item\":\"https:\/\/pranarom.ca\/fr\/\"},{\"@type\":\"ListItem\",\"position\":2,\"name\":\"Shop\",\"item\":\"https:\/\/pranarom.ca\/shop\/\"},{\"@type\":\"ListItem\",\"position\":3,\"name\":\"Cahier pratique d\u2019aromath\u00e9rapie Vol. 3 V\u00e9t\u00e9rinaire -Bovins\"}]},{\"@type\":\"WebSite\",\"@id\":\"https:\/\/pranarom.ca\/#website\",\"url\":\"https:\/\/pranarom.ca\/\",\"name\":\"Pranarom Canada\",\"description\":\"Scientific Aromatherapyy\",\"publisher\":{\"@id\":\"https:\/\/pranarom.ca\/#organization\"},\"potentialAction\":[{\"@type\":\"SearchAction\",\"target\":{\"@type\":\"EntryPoint\",\"urlTemplate\":\"https:\/\/pranarom.ca\/?s={search_term_string}\"},\"query-input\":\"required name=search_term_string\"}],\"inLanguage\":\"fr-FR\"},{\"@type\":\"Organization\",\"@id\":\"https:\/\/pranarom.ca\/#organization\",\"name\":\"Pranarom\",\"url\":\"https:\/\/pranarom.ca\/\",\"logo\":{\"@type\":\"ImageObject\",\"inLanguage\":\"fr-FR\",\"@id\":\"https:\/\/pranarom.ca\/#\/schema\/logo\/image\/\",\"url\":\"https:\/\/pranarom.ca\/wp-content\/uploads\/2019\/03\/pranalogo.png\",\"contentUrl\":\"https:\/\/pranarom.ca\/wp-content\/uploads\/2019\/03\/pranalogo.png\",\"width\":330,\"height\":100,\"caption\":\"Pranarom\"},\"image\":{\"@id\":\"https:\/\/pranarom.ca\/#\/schema\/logo\/image\/\"},\"sameAs\":[\"https:\/\/www.facebook.com\/PranaromCanada\",\"http:\/\/instagram.com\/pranaromcanada\/\",\"https:\/\/www.instagram.com\/pranaromcanada\/\"]}]}<\/script>\n<!-- \/ Yoast SEO plugin. -->","yoast_head_json":{"title":"Cahier pratique d\u2019aromath\u00e9rapie Vol. 3 V\u00e9t\u00e9rinaire -Bovins par Pranarom | Livres de r\u00e9f\u00e9rence","description":"Achetez le livre \u00abCahier pratique d\u2019aromath\u00e9rapie Vol. 3 V\u00e9t\u00e9rinaire -Bovins \u00bb par Pranarom et b\u00e9n\u00e9ficiez d'une livraison rapide. N'h\u00e9sitez pas \u00e0 nous contacter avec vos questions.","robots":{"index":"index","follow":"follow","max-snippet":"max-snippet:-1","max-image-preview":"max-image-preview:large","max-video-preview":"max-video-preview:-1"},"canonical":"https:\/\/pranarom.ca\/fr\/produit\/cahier-pratique-daromatherapie-vol-3-veterinaire-bovins\/","og_locale":"fr_FR","og_type":"article","og_title":"Cahier pratique d\u2019aromath\u00e9rapie Vol. 3 V\u00e9t\u00e9rinaire -Bovins par Pranarom | Livres de r\u00e9f\u00e9rence","og_description":"Achetez le livre \u00abCahier pratique d\u2019aromath\u00e9rapie Vol. 3 V\u00e9t\u00e9rinaire -Bovins \u00bb par Pranarom et b\u00e9n\u00e9ficiez d'une livraison rapide. N'h\u00e9sitez pas \u00e0 nous contacter avec vos questions.","og_url":"https:\/\/pranarom.ca\/fr\/produit\/cahier-pratique-daromatherapie-vol-3-veterinaire-bovins\/","og_site_name":"Pranarom","article_publisher":"https:\/\/www.facebook.com\/PranaromCanada","article_modified_time":"2022-03-28T16:38:02+00:00","og_image":[{"width":1500,"height":1500,"url":"https:\/\/pranarom.ca\/wp-content\/uploads\/2019\/02\/P-BCA03.jpg","type":"image\/jpeg"}],"twitter_card":"summary_large_image","twitter_misc":{"Dur\u00e9e de lecture estim\u00e9e":"1 minute"},"schema":{"@context":"https:\/\/schema.org","@graph":[{"@type":"WebPage","@id":"https:\/\/pranarom.ca\/fr\/produit\/cahier-pratique-daromatherapie-vol-3-veterinaire-bovins\/","url":"https:\/\/pranarom.ca\/fr\/produit\/cahier-pratique-daromatherapie-vol-3-veterinaire-bovins\/","name":"Cahier pratique d\u2019aromath\u00e9rapie Vol. 3 V\u00e9t\u00e9rinaire -Bovins par Pranarom | Livres de r\u00e9f\u00e9rence","isPartOf":{"@id":"https:\/\/pranarom.ca\/#website"},"primaryImageOfPage":{"@id":"https:\/\/pranarom.ca\/fr\/produit\/cahier-pratique-daromatherapie-vol-3-veterinaire-bovins\/#primaryimage"},"image":{"@id":"https:\/\/pranarom.ca\/fr\/produit\/cahier-pratique-daromatherapie-vol-3-veterinaire-bovins\/#primaryimage"},"thumbnailUrl":"https:\/\/pranarom.ca\/wp-content\/uploads\/2019\/02\/P-BCA03.jpg","datePublished":"2016-02-28T00:00:00+00:00","dateModified":"2022-03-28T16:38:02+00:00","description":"Achetez le livre \u00abCahier pratique d\u2019aromath\u00e9rapie Vol. 3 V\u00e9t\u00e9rinaire -Bovins \u00bb par Pranarom et b\u00e9n\u00e9ficiez d'une livraison rapide. N'h\u00e9sitez pas \u00e0 nous contacter avec vos questions.","breadcrumb":{"@id":"https:\/\/pranarom.ca\/fr\/produit\/cahier-pratique-daromatherapie-vol-3-veterinaire-bovins\/#breadcrumb"},"inLanguage":"fr-FR","potentialAction":[{"@type":"ReadAction","target":["https:\/\/pranarom.ca\/fr\/produit\/cahier-pratique-daromatherapie-vol-3-veterinaire-bovins\/"]}]},{"@type":"ImageObject","inLanguage":"fr-FR","@id":"https:\/\/pranarom.ca\/fr\/produit\/cahier-pratique-daromatherapie-vol-3-veterinaire-bovins\/#primaryimage","url":"https:\/\/pranarom.ca\/wp-content\/uploads\/2019\/02\/P-BCA03.jpg","contentUrl":"https:\/\/pranarom.ca\/wp-content\/uploads\/2019\/02\/P-BCA03.jpg","width":1500,"height":1500},{"@type":"BreadcrumbList","@id":"https:\/\/pranarom.ca\/fr\/produit\/cahier-pratique-daromatherapie-vol-3-veterinaire-bovins\/#breadcrumb","itemListElement":[{"@type":"ListItem","position":1,"name":"Home","item":"https:\/\/pranarom.ca\/fr\/"},{"@type":"ListItem","position":2,"name":"Shop","item":"https:\/\/pranarom.ca\/shop\/"},{"@type":"ListItem","position":3,"name":"Cahier pratique d\u2019aromath\u00e9rapie Vol. 3 V\u00e9t\u00e9rinaire -Bovins"}]},{"@type":"WebSite","@id":"https:\/\/pranarom.ca\/#website","url":"https:\/\/pranarom.ca\/","name":"Pranarom Canada","description":"Scientific Aromatherapyy","publisher":{"@id":"https:\/\/pranarom.ca\/#organization"},"potentialAction":[{"@type":"SearchAction","target":{"@type":"EntryPoint","urlTemplate":"https:\/\/pranarom.ca\/?s={search_term_string}"},"query-input":"required name=search_term_string"}],"inLanguage":"fr-FR"},{"@type":"Organization","@id":"https:\/\/pranarom.ca\/#organization","name":"Pranarom","url":"https:\/\/pranarom.ca\/","logo":{"@type":"ImageObject","inLanguage":"fr-FR","@id":"https:\/\/pranarom.ca\/#\/schema\/logo\/image\/","url":"https:\/\/pranarom.ca\/wp-content\/uploads\/2019\/03\/pranalogo.png","contentUrl":"https:\/\/pranarom.ca\/wp-content\/uploads\/2019\/03\/pranalogo.png","width":330,"height":100,"caption":"Pranarom"},"image":{"@id":"https:\/\/pranarom.ca\/#\/schema\/logo\/image\/"},"sameAs":["https:\/\/www.facebook.com\/PranaromCanada","http:\/\/instagram.com\/pranaromcanada\/","https:\/\/www.instagram.com\/pranaromcanada\/"]}]}},"jetpack_sharing_enabled":true,"_links":{"self":[{"href":"https:\/\/pranarom.ca\/fr\/wp-json\/wp\/v2\/product\/35025"}],"collection":[{"href":"https:\/\/pranarom.ca\/fr\/wp-json\/wp\/v2\/product"}],"about":[{"href":"https:\/\/pranarom.ca\/fr\/wp-json\/wp\/v2\/types\/product"}],"replies":[{"embeddable":true,"href":"https:\/\/pranarom.ca\/fr\/wp-json\/wp\/v2\/comments?post=35025"}],"wp:featuredmedia":[{"embeddable":true,"href":"https:\/\/pranarom.ca\/fr\/wp-json\/wp\/v2\/media\/2075"}],"wp:attachment":[{"href":"https:\/\/pranarom.ca\/fr\/wp-json\/wp\/v2\/media?parent=35025"}],"wp:term":[{"taxonomy":"product_cat","embeddable":true,"href":"https:\/\/pranarom.ca\/fr\/wp-json\/wp\/v2\/product_cat?post=35025"},{"taxonomy":"product_tag","embeddable":true,"href":"https:\/\/pranarom.ca\/fr\/wp-json\/wp\/v2\/product_tag?post=35025"}],"curies":[{"name":"wp","href":"https:\/\/api.w.org\/{rel}","templated":true}]}}