{"id":35020,"date":"2016-02-28T00:00:00","date_gmt":"2016-02-28T00:00:00","guid":{"rendered":"https:\/\/pranarom.ca\/?post_type=product&#038;p=35020"},"modified":"2022-03-28T16:36:36","modified_gmt":"2022-03-28T16:36:36","slug":"guide-pratique-daromatherapie-la-diffusion","status":"publish","type":"product","link":"https:\/\/pranarom.ca\/fr\/produit\/guide-pratique-daromatherapie-la-diffusion\/","title":{"rendered":"Guide pratique d\u2019aromath\u00e9rapie &#8211; la diffusion"},"content":{"rendered":"<p><iframe loading=\"lazy\" style=\"border: none; overflow: hidden;\" src=\"https:\/\/www.facebook.com\/plugins\/video.php?href=https%3A%2F%2Fwww.facebook.com%2FPranaromCanada%2Fvideos%2F796394214080854%2F&amp;show_text=0&amp;width=560\" width=\"560\" height=\"315\" frameborder=\"0\" scrolling=\"no\" allowfullscreen=\"allowfullscreen\"><\/iframe><\/p>\n<hr \/>\n<p><strong>Dans ce livre d\u00e9di\u00e9 \u00e0 la diffusion, Dominique Baudoux nous accompagne dans la d\u00e9couverte des meilleures huiles essentielles \u00e0 diffuser et \u00e0 respirer. Seules ou en synergies subtiles, les essences aromatiques sont de pr\u00e9cieuses alli\u00e9es pour agir sur la sph\u00e8re nerveuse et le stress, mais aussi sur une longue s\u00e9rie d\u2019affections du quotidien.\u00a0<\/strong><\/p>\n<p>C\u2019est toute la magie du pouvoir de l\u2019olfaction qui s\u2019offre \u00e0 vous avec ce livre, alli\u00e9 \u00e0 ce que les plantes aromatiques ont de plus pr\u00e9cieux \u00e0 nous offrir.<\/p>\n<p>Enfant, jeune parent, adulte ou senior, nous avons tous beaucoup \u00e0 gagner en utilisant avec pr\u00e9cision et plaisir les huiles essentielles dans nos espaces de vie.<\/p>\n<hr \/>\n<p>144 Pages \u2013 \u00c9dition J.O.M. \u2013 <strong>ISBN<\/strong> 978296135015<\/p>\n","protected":false},"excerpt":{"rendered":"<p><strong>D. Baudoux<\/strong><\/p>\n","protected":false},"featured_media":2058,"comment_status":"open","ping_status":"closed","template":"","meta":{"_et_pb_use_builder":"","_et_pb_old_content":"","_et_gb_content_width":""},"product_cat":[380,337],"product_tag":[],"acf":[],"yoast_head":"<!-- This site is optimized with the Yoast SEO plugin v22.6 - https:\/\/yoast.com\/wordpress\/plugins\/seo\/ -->\n<title>Guide pratique d\u2019aromath\u00e9rapie - la diffusion par Pranarom | Livres de r\u00e9f\u00e9rence<\/title>\n<meta name=\"description\" content=\"Achetez le livre \u00abGuide pratique d\u2019aromath\u00e9rapie - la diffusion \u00bb par Pranarom et b\u00e9n\u00e9ficiez d&#039;une livraison rapide. N&#039;h\u00e9sitez pas \u00e0 nous contacter avec vos questions.\" \/>\n<meta name=\"robots\" content=\"index, follow, max-snippet:-1, max-image-preview:large, max-video-preview:-1\" \/>\n<link rel=\"canonical\" href=\"https:\/\/pranarom.ca\/fr\/produit\/guide-pratique-daromatherapie-la-diffusion\/\" \/>\n<meta property=\"og:locale\" content=\"fr_FR\" \/>\n<meta property=\"og:type\" content=\"article\" \/>\n<meta property=\"og:title\" content=\"Guide pratique d\u2019aromath\u00e9rapie - la diffusion par Pranarom | Livres de r\u00e9f\u00e9rence\" \/>\n<meta property=\"og:description\" content=\"Achetez le livre \u00abGuide pratique d\u2019aromath\u00e9rapie - la diffusion \u00bb par Pranarom et b\u00e9n\u00e9ficiez d&#039;une livraison rapide. N&#039;h\u00e9sitez pas \u00e0 nous contacter avec vos questions.\" \/>\n<meta property=\"og:url\" content=\"https:\/\/pranarom.ca\/fr\/produit\/guide-pratique-daromatherapie-la-diffusion\/\" \/>\n<meta property=\"og:site_name\" content=\"Pranarom\" \/>\n<meta property=\"article:publisher\" content=\"https:\/\/www.facebook.com\/PranaromCanada\" \/>\n<meta property=\"article:modified_time\" content=\"2022-03-28T16:36:36+00:00\" \/>\n<meta property=\"og:image\" content=\"https:\/\/pranarom.ca\/wp-content\/uploads\/2019\/02\/P-BF02.jpg\" \/>\n\t<meta property=\"og:image:width\" content=\"750\" \/>\n\t<meta property=\"og:image:height\" content=\"750\" \/>\n\t<meta property=\"og:image:type\" content=\"image\/jpeg\" \/>\n<meta name=\"twitter:card\" content=\"summary_large_image\" \/>\n<meta name=\"twitter:label1\" content=\"Dur\u00e9e de lecture estim\u00e9e\" \/>\n\t<meta name=\"twitter:data1\" content=\"1 minute\" \/>\n<script type=\"application\/ld+json\" class=\"yoast-schema-graph\">{\"@context\":\"https:\/\/schema.org\",\"@graph\":[{\"@type\":\"WebPage\",\"@id\":\"https:\/\/pranarom.ca\/fr\/produit\/guide-pratique-daromatherapie-la-diffusion\/\",\"url\":\"https:\/\/pranarom.ca\/fr\/produit\/guide-pratique-daromatherapie-la-diffusion\/\",\"name\":\"Guide pratique d\u2019aromath\u00e9rapie - la diffusion par Pranarom | Livres de r\u00e9f\u00e9rence\",\"isPartOf\":{\"@id\":\"https:\/\/pranarom.ca\/#website\"},\"primaryImageOfPage\":{\"@id\":\"https:\/\/pranarom.ca\/fr\/produit\/guide-pratique-daromatherapie-la-diffusion\/#primaryimage\"},\"image\":{\"@id\":\"https:\/\/pranarom.ca\/fr\/produit\/guide-pratique-daromatherapie-la-diffusion\/#primaryimage\"},\"thumbnailUrl\":\"https:\/\/pranarom.ca\/wp-content\/uploads\/2019\/02\/P-BF02.jpg\",\"datePublished\":\"2016-02-28T00:00:00+00:00\",\"dateModified\":\"2022-03-28T16:36:36+00:00\",\"description\":\"Achetez le livre \u00abGuide pratique d\u2019aromath\u00e9rapie - la diffusion \u00bb par Pranarom et b\u00e9n\u00e9ficiez d'une livraison rapide. N'h\u00e9sitez pas \u00e0 nous contacter avec vos questions.\",\"breadcrumb\":{\"@id\":\"https:\/\/pranarom.ca\/fr\/produit\/guide-pratique-daromatherapie-la-diffusion\/#breadcrumb\"},\"inLanguage\":\"fr-FR\",\"potentialAction\":[{\"@type\":\"ReadAction\",\"target\":[\"https:\/\/pranarom.ca\/fr\/produit\/guide-pratique-daromatherapie-la-diffusion\/\"]}]},{\"@type\":\"ImageObject\",\"inLanguage\":\"fr-FR\",\"@id\":\"https:\/\/pranarom.ca\/fr\/produit\/guide-pratique-daromatherapie-la-diffusion\/#primaryimage\",\"url\":\"https:\/\/pranarom.ca\/wp-content\/uploads\/2019\/02\/P-BF02.jpg\",\"contentUrl\":\"https:\/\/pranarom.ca\/wp-content\/uploads\/2019\/02\/P-BF02.jpg\",\"width\":750,\"height\":750},{\"@type\":\"BreadcrumbList\",\"@id\":\"https:\/\/pranarom.ca\/fr\/produit\/guide-pratique-daromatherapie-la-diffusion\/#breadcrumb\",\"itemListElement\":[{\"@type\":\"ListItem\",\"position\":1,\"name\":\"Home\",\"item\":\"https:\/\/pranarom.ca\/fr\/\"},{\"@type\":\"ListItem\",\"position\":2,\"name\":\"Shop\",\"item\":\"https:\/\/pranarom.ca\/shop\/\"},{\"@type\":\"ListItem\",\"position\":3,\"name\":\"Guide pratique d\u2019aromath\u00e9rapie &#8211; la diffusion\"}]},{\"@type\":\"WebSite\",\"@id\":\"https:\/\/pranarom.ca\/#website\",\"url\":\"https:\/\/pranarom.ca\/\",\"name\":\"Pranarom Canada\",\"description\":\"Scientific Aromatherapyy\",\"publisher\":{\"@id\":\"https:\/\/pranarom.ca\/#organization\"},\"potentialAction\":[{\"@type\":\"SearchAction\",\"target\":{\"@type\":\"EntryPoint\",\"urlTemplate\":\"https:\/\/pranarom.ca\/?s={search_term_string}\"},\"query-input\":\"required name=search_term_string\"}],\"inLanguage\":\"fr-FR\"},{\"@type\":\"Organization\",\"@id\":\"https:\/\/pranarom.ca\/#organization\",\"name\":\"Pranarom\",\"url\":\"https:\/\/pranarom.ca\/\",\"logo\":{\"@type\":\"ImageObject\",\"inLanguage\":\"fr-FR\",\"@id\":\"https:\/\/pranarom.ca\/#\/schema\/logo\/image\/\",\"url\":\"https:\/\/pranarom.ca\/wp-content\/uploads\/2019\/03\/pranalogo.png\",\"contentUrl\":\"https:\/\/pranarom.ca\/wp-content\/uploads\/2019\/03\/pranalogo.png\",\"width\":330,\"height\":100,\"caption\":\"Pranarom\"},\"image\":{\"@id\":\"https:\/\/pranarom.ca\/#\/schema\/logo\/image\/\"},\"sameAs\":[\"https:\/\/www.facebook.com\/PranaromCanada\",\"http:\/\/instagram.com\/pranaromcanada\/\",\"https:\/\/www.instagram.com\/pranaromcanada\/\"]}]}<\/script>\n<!-- \/ Yoast SEO plugin. -->","yoast_head_json":{"title":"Guide pratique d\u2019aromath\u00e9rapie - la diffusion par Pranarom | Livres de r\u00e9f\u00e9rence","description":"Achetez le livre \u00abGuide pratique d\u2019aromath\u00e9rapie - la diffusion \u00bb par Pranarom et b\u00e9n\u00e9ficiez d'une livraison rapide. N'h\u00e9sitez pas \u00e0 nous contacter avec vos questions.","robots":{"index":"index","follow":"follow","max-snippet":"max-snippet:-1","max-image-preview":"max-image-preview:large","max-video-preview":"max-video-preview:-1"},"canonical":"https:\/\/pranarom.ca\/fr\/produit\/guide-pratique-daromatherapie-la-diffusion\/","og_locale":"fr_FR","og_type":"article","og_title":"Guide pratique d\u2019aromath\u00e9rapie - la diffusion par Pranarom | Livres de r\u00e9f\u00e9rence","og_description":"Achetez le livre \u00abGuide pratique d\u2019aromath\u00e9rapie - la diffusion \u00bb par Pranarom et b\u00e9n\u00e9ficiez d'une livraison rapide. N'h\u00e9sitez pas \u00e0 nous contacter avec vos questions.","og_url":"https:\/\/pranarom.ca\/fr\/produit\/guide-pratique-daromatherapie-la-diffusion\/","og_site_name":"Pranarom","article_publisher":"https:\/\/www.facebook.com\/PranaromCanada","article_modified_time":"2022-03-28T16:36:36+00:00","og_image":[{"width":750,"height":750,"url":"https:\/\/pranarom.ca\/wp-content\/uploads\/2019\/02\/P-BF02.jpg","type":"image\/jpeg"}],"twitter_card":"summary_large_image","twitter_misc":{"Dur\u00e9e de lecture estim\u00e9e":"1 minute"},"schema":{"@context":"https:\/\/schema.org","@graph":[{"@type":"WebPage","@id":"https:\/\/pranarom.ca\/fr\/produit\/guide-pratique-daromatherapie-la-diffusion\/","url":"https:\/\/pranarom.ca\/fr\/produit\/guide-pratique-daromatherapie-la-diffusion\/","name":"Guide pratique d\u2019aromath\u00e9rapie - la diffusion par Pranarom | Livres de r\u00e9f\u00e9rence","isPartOf":{"@id":"https:\/\/pranarom.ca\/#website"},"primaryImageOfPage":{"@id":"https:\/\/pranarom.ca\/fr\/produit\/guide-pratique-daromatherapie-la-diffusion\/#primaryimage"},"image":{"@id":"https:\/\/pranarom.ca\/fr\/produit\/guide-pratique-daromatherapie-la-diffusion\/#primaryimage"},"thumbnailUrl":"https:\/\/pranarom.ca\/wp-content\/uploads\/2019\/02\/P-BF02.jpg","datePublished":"2016-02-28T00:00:00+00:00","dateModified":"2022-03-28T16:36:36+00:00","description":"Achetez le livre \u00abGuide pratique d\u2019aromath\u00e9rapie - la diffusion \u00bb par Pranarom et b\u00e9n\u00e9ficiez d'une livraison rapide. N'h\u00e9sitez pas \u00e0 nous contacter avec vos questions.","breadcrumb":{"@id":"https:\/\/pranarom.ca\/fr\/produit\/guide-pratique-daromatherapie-la-diffusion\/#breadcrumb"},"inLanguage":"fr-FR","potentialAction":[{"@type":"ReadAction","target":["https:\/\/pranarom.ca\/fr\/produit\/guide-pratique-daromatherapie-la-diffusion\/"]}]},{"@type":"ImageObject","inLanguage":"fr-FR","@id":"https:\/\/pranarom.ca\/fr\/produit\/guide-pratique-daromatherapie-la-diffusion\/#primaryimage","url":"https:\/\/pranarom.ca\/wp-content\/uploads\/2019\/02\/P-BF02.jpg","contentUrl":"https:\/\/pranarom.ca\/wp-content\/uploads\/2019\/02\/P-BF02.jpg","width":750,"height":750},{"@type":"BreadcrumbList","@id":"https:\/\/pranarom.ca\/fr\/produit\/guide-pratique-daromatherapie-la-diffusion\/#breadcrumb","itemListElement":[{"@type":"ListItem","position":1,"name":"Home","item":"https:\/\/pranarom.ca\/fr\/"},{"@type":"ListItem","position":2,"name":"Shop","item":"https:\/\/pranarom.ca\/shop\/"},{"@type":"ListItem","position":3,"name":"Guide pratique d\u2019aromath\u00e9rapie &#8211; la diffusion"}]},{"@type":"WebSite","@id":"https:\/\/pranarom.ca\/#website","url":"https:\/\/pranarom.ca\/","name":"Pranarom Canada","description":"Scientific Aromatherapyy","publisher":{"@id":"https:\/\/pranarom.ca\/#organization"},"potentialAction":[{"@type":"SearchAction","target":{"@type":"EntryPoint","urlTemplate":"https:\/\/pranarom.ca\/?s={search_term_string}"},"query-input":"required name=search_term_string"}],"inLanguage":"fr-FR"},{"@type":"Organization","@id":"https:\/\/pranarom.ca\/#organization","name":"Pranarom","url":"https:\/\/pranarom.ca\/","logo":{"@type":"ImageObject","inLanguage":"fr-FR","@id":"https:\/\/pranarom.ca\/#\/schema\/logo\/image\/","url":"https:\/\/pranarom.ca\/wp-content\/uploads\/2019\/03\/pranalogo.png","contentUrl":"https:\/\/pranarom.ca\/wp-content\/uploads\/2019\/03\/pranalogo.png","width":330,"height":100,"caption":"Pranarom"},"image":{"@id":"https:\/\/pranarom.ca\/#\/schema\/logo\/image\/"},"sameAs":["https:\/\/www.facebook.com\/PranaromCanada","http:\/\/instagram.com\/pranaromcanada\/","https:\/\/www.instagram.com\/pranaromcanada\/"]}]}},"jetpack_sharing_enabled":true,"_links":{"self":[{"href":"https:\/\/pranarom.ca\/fr\/wp-json\/wp\/v2\/product\/35020"}],"collection":[{"href":"https:\/\/pranarom.ca\/fr\/wp-json\/wp\/v2\/product"}],"about":[{"href":"https:\/\/pranarom.ca\/fr\/wp-json\/wp\/v2\/types\/product"}],"replies":[{"embeddable":true,"href":"https:\/\/pranarom.ca\/fr\/wp-json\/wp\/v2\/comments?post=35020"}],"wp:featuredmedia":[{"embeddable":true,"href":"https:\/\/pranarom.ca\/fr\/wp-json\/wp\/v2\/media\/2058"}],"wp:attachment":[{"href":"https:\/\/pranarom.ca\/fr\/wp-json\/wp\/v2\/media?parent=35020"}],"wp:term":[{"taxonomy":"product_cat","embeddable":true,"href":"https:\/\/pranarom.ca\/fr\/wp-json\/wp\/v2\/product_cat?post=35020"},{"taxonomy":"product_tag","embeddable":true,"href":"https:\/\/pranarom.ca\/fr\/wp-json\/wp\/v2\/product_tag?post=35020"}],"curies":[{"name":"wp","href":"https:\/\/api.w.org\/{rel}","templated":true}]}}