{"id":35019,"date":"2016-02-28T00:00:00","date_gmt":"2016-02-28T00:00:00","guid":{"rendered":"https:\/\/pranarom.ca\/?post_type=product&#038;p=35019"},"modified":"2022-03-28T16:38:53","modified_gmt":"2022-03-28T16:38:53","slug":"laromatherapie-se-soigner-avec-les-huiles-essentielles","status":"publish","type":"product","link":"https:\/\/pranarom.ca\/fr\/produit\/laromatherapie-se-soigner-avec-les-huiles-essentielles\/","title":{"rendered":"L\u2019aromath\u00e9rapie &#8211; Se soigner avec les huiles essentielles"},"content":{"rendered":"<hr \/>\n<p>R\u00e9dig\u00e9 par <strong>Dominique Baudoux<\/strong>, ce livre est une r\u00e9f\u00e9rence mondiale pour se familiariser \u00e0 l&#8217;usage rigoureux des huiles essentielles pour la sant\u00e9.<\/p>\n<hr \/>\n<p>223 Pages \u2013 \u00c9dition Amyris \u2013 <strong>ISBN<\/strong> 978-2-93035308-1<\/p>\n","protected":false},"excerpt":{"rendered":"<p><strong>D. Baudoux<\/strong><\/p>\n<p>&nbsp;<\/p>\n","protected":false},"featured_media":892,"comment_status":"open","ping_status":"closed","template":"","meta":{"_et_pb_use_builder":"","_et_pb_old_content":"","_et_gb_content_width":""},"product_cat":[380,337],"product_tag":[],"acf":[],"yoast_head":"<!-- This site is optimized with the Yoast SEO plugin v22.6 - https:\/\/yoast.com\/wordpress\/plugins\/seo\/ -->\n<title>L\u2019aromath\u00e9rapie - Se soigner avec les huiles essentielles par Pranarom | Livres de r\u00e9f\u00e9rence<\/title>\n<meta name=\"description\" content=\"Achetez le livre \u00abL\u2019aromath\u00e9rapie - Se soigner avec les huiles essentielles \u00bb par Pranarom et b\u00e9n\u00e9ficiez d&#039;une livraison rapide. N&#039;h\u00e9sitez pas \u00e0 nous contacter avec vos questions.\" \/>\n<meta name=\"robots\" content=\"index, follow, max-snippet:-1, max-image-preview:large, max-video-preview:-1\" \/>\n<link rel=\"canonical\" href=\"https:\/\/pranarom.ca\/fr\/produit\/laromatherapie-se-soigner-avec-les-huiles-essentielles\/\" \/>\n<meta property=\"og:locale\" content=\"fr_FR\" \/>\n<meta property=\"og:type\" content=\"article\" \/>\n<meta property=\"og:title\" content=\"L\u2019aromath\u00e9rapie - Se soigner avec les huiles essentielles par Pranarom | Livres de r\u00e9f\u00e9rence\" \/>\n<meta property=\"og:description\" content=\"Achetez le livre \u00abL\u2019aromath\u00e9rapie - Se soigner avec les huiles essentielles \u00bb par Pranarom et b\u00e9n\u00e9ficiez d&#039;une livraison rapide. N&#039;h\u00e9sitez pas \u00e0 nous contacter avec vos questions.\" \/>\n<meta property=\"og:url\" content=\"https:\/\/pranarom.ca\/fr\/produit\/laromatherapie-se-soigner-avec-les-huiles-essentielles\/\" \/>\n<meta property=\"og:site_name\" content=\"Pranarom\" \/>\n<meta property=\"article:publisher\" content=\"https:\/\/www.facebook.com\/PranaromCanada\" \/>\n<meta property=\"article:modified_time\" content=\"2022-03-28T16:38:53+00:00\" \/>\n<meta property=\"og:image\" content=\"https:\/\/pranarom.ca\/wp-content\/uploads\/2019\/02\/P-BF03.jpg\" \/>\n\t<meta property=\"og:image:width\" content=\"750\" \/>\n\t<meta property=\"og:image:height\" content=\"750\" \/>\n\t<meta property=\"og:image:type\" content=\"image\/jpeg\" \/>\n<meta name=\"twitter:card\" content=\"summary_large_image\" \/>\n<script type=\"application\/ld+json\" class=\"yoast-schema-graph\">{\"@context\":\"https:\/\/schema.org\",\"@graph\":[{\"@type\":\"WebPage\",\"@id\":\"https:\/\/pranarom.ca\/fr\/produit\/laromatherapie-se-soigner-avec-les-huiles-essentielles\/\",\"url\":\"https:\/\/pranarom.ca\/fr\/produit\/laromatherapie-se-soigner-avec-les-huiles-essentielles\/\",\"name\":\"L\u2019aromath\u00e9rapie - Se soigner avec les huiles essentielles par Pranarom | Livres de r\u00e9f\u00e9rence\",\"isPartOf\":{\"@id\":\"https:\/\/pranarom.ca\/#website\"},\"primaryImageOfPage\":{\"@id\":\"https:\/\/pranarom.ca\/fr\/produit\/laromatherapie-se-soigner-avec-les-huiles-essentielles\/#primaryimage\"},\"image\":{\"@id\":\"https:\/\/pranarom.ca\/fr\/produit\/laromatherapie-se-soigner-avec-les-huiles-essentielles\/#primaryimage\"},\"thumbnailUrl\":\"https:\/\/pranarom.ca\/wp-content\/uploads\/2019\/02\/P-BF03.jpg\",\"datePublished\":\"2016-02-28T00:00:00+00:00\",\"dateModified\":\"2022-03-28T16:38:53+00:00\",\"description\":\"Achetez le livre \u00abL\u2019aromath\u00e9rapie - Se soigner avec les huiles essentielles \u00bb par Pranarom et b\u00e9n\u00e9ficiez d'une livraison rapide. N'h\u00e9sitez pas \u00e0 nous contacter avec vos questions.\",\"breadcrumb\":{\"@id\":\"https:\/\/pranarom.ca\/fr\/produit\/laromatherapie-se-soigner-avec-les-huiles-essentielles\/#breadcrumb\"},\"inLanguage\":\"fr-FR\",\"potentialAction\":[{\"@type\":\"ReadAction\",\"target\":[\"https:\/\/pranarom.ca\/fr\/produit\/laromatherapie-se-soigner-avec-les-huiles-essentielles\/\"]}]},{\"@type\":\"ImageObject\",\"inLanguage\":\"fr-FR\",\"@id\":\"https:\/\/pranarom.ca\/fr\/produit\/laromatherapie-se-soigner-avec-les-huiles-essentielles\/#primaryimage\",\"url\":\"https:\/\/pranarom.ca\/wp-content\/uploads\/2019\/02\/P-BF03.jpg\",\"contentUrl\":\"https:\/\/pranarom.ca\/wp-content\/uploads\/2019\/02\/P-BF03.jpg\",\"width\":750,\"height\":750},{\"@type\":\"BreadcrumbList\",\"@id\":\"https:\/\/pranarom.ca\/fr\/produit\/laromatherapie-se-soigner-avec-les-huiles-essentielles\/#breadcrumb\",\"itemListElement\":[{\"@type\":\"ListItem\",\"position\":1,\"name\":\"Home\",\"item\":\"https:\/\/pranarom.ca\/fr\/\"},{\"@type\":\"ListItem\",\"position\":2,\"name\":\"Shop\",\"item\":\"https:\/\/pranarom.ca\/shop\/\"},{\"@type\":\"ListItem\",\"position\":3,\"name\":\"L\u2019aromath\u00e9rapie &#8211; Se soigner avec les huiles essentielles\"}]},{\"@type\":\"WebSite\",\"@id\":\"https:\/\/pranarom.ca\/#website\",\"url\":\"https:\/\/pranarom.ca\/\",\"name\":\"Pranarom Canada\",\"description\":\"Scientific Aromatherapyy\",\"publisher\":{\"@id\":\"https:\/\/pranarom.ca\/#organization\"},\"potentialAction\":[{\"@type\":\"SearchAction\",\"target\":{\"@type\":\"EntryPoint\",\"urlTemplate\":\"https:\/\/pranarom.ca\/?s={search_term_string}\"},\"query-input\":\"required name=search_term_string\"}],\"inLanguage\":\"fr-FR\"},{\"@type\":\"Organization\",\"@id\":\"https:\/\/pranarom.ca\/#organization\",\"name\":\"Pranarom\",\"url\":\"https:\/\/pranarom.ca\/\",\"logo\":{\"@type\":\"ImageObject\",\"inLanguage\":\"fr-FR\",\"@id\":\"https:\/\/pranarom.ca\/#\/schema\/logo\/image\/\",\"url\":\"https:\/\/pranarom.ca\/wp-content\/uploads\/2019\/03\/pranalogo.png\",\"contentUrl\":\"https:\/\/pranarom.ca\/wp-content\/uploads\/2019\/03\/pranalogo.png\",\"width\":330,\"height\":100,\"caption\":\"Pranarom\"},\"image\":{\"@id\":\"https:\/\/pranarom.ca\/#\/schema\/logo\/image\/\"},\"sameAs\":[\"https:\/\/www.facebook.com\/PranaromCanada\",\"http:\/\/instagram.com\/pranaromcanada\/\",\"https:\/\/www.instagram.com\/pranaromcanada\/\"]}]}<\/script>\n<!-- \/ Yoast SEO plugin. -->","yoast_head_json":{"title":"L\u2019aromath\u00e9rapie - Se soigner avec les huiles essentielles par Pranarom | Livres de r\u00e9f\u00e9rence","description":"Achetez le livre \u00abL\u2019aromath\u00e9rapie - Se soigner avec les huiles essentielles \u00bb par Pranarom et b\u00e9n\u00e9ficiez d'une livraison rapide. N'h\u00e9sitez pas \u00e0 nous contacter avec vos questions.","robots":{"index":"index","follow":"follow","max-snippet":"max-snippet:-1","max-image-preview":"max-image-preview:large","max-video-preview":"max-video-preview:-1"},"canonical":"https:\/\/pranarom.ca\/fr\/produit\/laromatherapie-se-soigner-avec-les-huiles-essentielles\/","og_locale":"fr_FR","og_type":"article","og_title":"L\u2019aromath\u00e9rapie - Se soigner avec les huiles essentielles par Pranarom | Livres de r\u00e9f\u00e9rence","og_description":"Achetez le livre \u00abL\u2019aromath\u00e9rapie - Se soigner avec les huiles essentielles \u00bb par Pranarom et b\u00e9n\u00e9ficiez d'une livraison rapide. N'h\u00e9sitez pas \u00e0 nous contacter avec vos questions.","og_url":"https:\/\/pranarom.ca\/fr\/produit\/laromatherapie-se-soigner-avec-les-huiles-essentielles\/","og_site_name":"Pranarom","article_publisher":"https:\/\/www.facebook.com\/PranaromCanada","article_modified_time":"2022-03-28T16:38:53+00:00","og_image":[{"width":750,"height":750,"url":"https:\/\/pranarom.ca\/wp-content\/uploads\/2019\/02\/P-BF03.jpg","type":"image\/jpeg"}],"twitter_card":"summary_large_image","schema":{"@context":"https:\/\/schema.org","@graph":[{"@type":"WebPage","@id":"https:\/\/pranarom.ca\/fr\/produit\/laromatherapie-se-soigner-avec-les-huiles-essentielles\/","url":"https:\/\/pranarom.ca\/fr\/produit\/laromatherapie-se-soigner-avec-les-huiles-essentielles\/","name":"L\u2019aromath\u00e9rapie - Se soigner avec les huiles essentielles par Pranarom | Livres de r\u00e9f\u00e9rence","isPartOf":{"@id":"https:\/\/pranarom.ca\/#website"},"primaryImageOfPage":{"@id":"https:\/\/pranarom.ca\/fr\/produit\/laromatherapie-se-soigner-avec-les-huiles-essentielles\/#primaryimage"},"image":{"@id":"https:\/\/pranarom.ca\/fr\/produit\/laromatherapie-se-soigner-avec-les-huiles-essentielles\/#primaryimage"},"thumbnailUrl":"https:\/\/pranarom.ca\/wp-content\/uploads\/2019\/02\/P-BF03.jpg","datePublished":"2016-02-28T00:00:00+00:00","dateModified":"2022-03-28T16:38:53+00:00","description":"Achetez le livre \u00abL\u2019aromath\u00e9rapie - Se soigner avec les huiles essentielles \u00bb par Pranarom et b\u00e9n\u00e9ficiez d'une livraison rapide. N'h\u00e9sitez pas \u00e0 nous contacter avec vos questions.","breadcrumb":{"@id":"https:\/\/pranarom.ca\/fr\/produit\/laromatherapie-se-soigner-avec-les-huiles-essentielles\/#breadcrumb"},"inLanguage":"fr-FR","potentialAction":[{"@type":"ReadAction","target":["https:\/\/pranarom.ca\/fr\/produit\/laromatherapie-se-soigner-avec-les-huiles-essentielles\/"]}]},{"@type":"ImageObject","inLanguage":"fr-FR","@id":"https:\/\/pranarom.ca\/fr\/produit\/laromatherapie-se-soigner-avec-les-huiles-essentielles\/#primaryimage","url":"https:\/\/pranarom.ca\/wp-content\/uploads\/2019\/02\/P-BF03.jpg","contentUrl":"https:\/\/pranarom.ca\/wp-content\/uploads\/2019\/02\/P-BF03.jpg","width":750,"height":750},{"@type":"BreadcrumbList","@id":"https:\/\/pranarom.ca\/fr\/produit\/laromatherapie-se-soigner-avec-les-huiles-essentielles\/#breadcrumb","itemListElement":[{"@type":"ListItem","position":1,"name":"Home","item":"https:\/\/pranarom.ca\/fr\/"},{"@type":"ListItem","position":2,"name":"Shop","item":"https:\/\/pranarom.ca\/shop\/"},{"@type":"ListItem","position":3,"name":"L\u2019aromath\u00e9rapie &#8211; Se soigner avec les huiles essentielles"}]},{"@type":"WebSite","@id":"https:\/\/pranarom.ca\/#website","url":"https:\/\/pranarom.ca\/","name":"Pranarom Canada","description":"Scientific Aromatherapyy","publisher":{"@id":"https:\/\/pranarom.ca\/#organization"},"potentialAction":[{"@type":"SearchAction","target":{"@type":"EntryPoint","urlTemplate":"https:\/\/pranarom.ca\/?s={search_term_string}"},"query-input":"required name=search_term_string"}],"inLanguage":"fr-FR"},{"@type":"Organization","@id":"https:\/\/pranarom.ca\/#organization","name":"Pranarom","url":"https:\/\/pranarom.ca\/","logo":{"@type":"ImageObject","inLanguage":"fr-FR","@id":"https:\/\/pranarom.ca\/#\/schema\/logo\/image\/","url":"https:\/\/pranarom.ca\/wp-content\/uploads\/2019\/03\/pranalogo.png","contentUrl":"https:\/\/pranarom.ca\/wp-content\/uploads\/2019\/03\/pranalogo.png","width":330,"height":100,"caption":"Pranarom"},"image":{"@id":"https:\/\/pranarom.ca\/#\/schema\/logo\/image\/"},"sameAs":["https:\/\/www.facebook.com\/PranaromCanada","http:\/\/instagram.com\/pranaromcanada\/","https:\/\/www.instagram.com\/pranaromcanada\/"]}]}},"jetpack_sharing_enabled":true,"_links":{"self":[{"href":"https:\/\/pranarom.ca\/fr\/wp-json\/wp\/v2\/product\/35019"}],"collection":[{"href":"https:\/\/pranarom.ca\/fr\/wp-json\/wp\/v2\/product"}],"about":[{"href":"https:\/\/pranarom.ca\/fr\/wp-json\/wp\/v2\/types\/product"}],"replies":[{"embeddable":true,"href":"https:\/\/pranarom.ca\/fr\/wp-json\/wp\/v2\/comments?post=35019"}],"wp:featuredmedia":[{"embeddable":true,"href":"https:\/\/pranarom.ca\/fr\/wp-json\/wp\/v2\/media\/892"}],"wp:attachment":[{"href":"https:\/\/pranarom.ca\/fr\/wp-json\/wp\/v2\/media?parent=35019"}],"wp:term":[{"taxonomy":"product_cat","embeddable":true,"href":"https:\/\/pranarom.ca\/fr\/wp-json\/wp\/v2\/product_cat?post=35019"},{"taxonomy":"product_tag","embeddable":true,"href":"https:\/\/pranarom.ca\/fr\/wp-json\/wp\/v2\/product_tag?post=35019"}],"curies":[{"name":"wp","href":"https:\/\/api.w.org\/{rel}","templated":true}]}}