{"id":35017,"date":"2016-02-28T00:00:00","date_gmt":"2016-02-28T00:00:00","guid":{"rendered":"https:\/\/pranarom.ca\/?post_type=product&#038;p=35017"},"modified":"2022-03-28T16:38:22","modified_gmt":"2022-03-28T16:38:22","slug":"huiles-vegetales-source-de-sante-perles-de-beaute-50-recettes","status":"publish","type":"product","link":"https:\/\/pranarom.ca\/fr\/produit\/huiles-vegetales-source-de-sante-perles-de-beaute-50-recettes\/","title":{"rendered":"Huiles v\u00e9g\u00e9tales &#8211; Source de sant\u00e9 &#8211; Perles de beaut\u00e9 + 50 recettes"},"content":{"rendered":"<hr \/>\n<p class=\"p1\"><span class=\"s1\"><b>Ce livret dresse la fiche signal\u00e9tique des huiles v\u00e9g\u00e9tales vendues par Pranar\u00f4m et vous donne plus de 50 recettes pratiques \u00e0 utiliser au quotidien pour votre beaut\u00e9 et votre bien-\u00eatre.<\/b><\/span><\/p>\n<p class=\"p1\"><span class=\"s1\">Les huiles v\u00e9g\u00e9tales sont des extraits de plantes pr\u00e9cieux utilis\u00e9s depuis des mill\u00e9naires pour la sant\u00e9 et la beaut\u00e9.\u00a0<\/span><span class=\"s1\">Cet ouvrage a pour but de guider le lecteur dans ses choix d&#8217;huiles v\u00e9g\u00e9tales d&#8217;une fa\u00e7on simple et didactique.\u00a0<\/span><span class=\"s1\">Vous y d\u00e9couvrirez plus de 50 recettes pratiques pour votre beaut\u00e9 ou votre bien-\u00eatre.<\/span><\/p>\n<p class=\"p1\"><span class=\"s1\">Pharmacien et aromatologue de renomm\u00e9e internationale, <b>Dominique Baudoux<\/b> aime proposer son expertise botanique et aromatique pour une sant\u00e9 globale am\u00e9lior\u00e9e. Il dirige avec succ\u00e8s depuis 1991 le laboratoire Pranar\u00f4m, r\u00e9f\u00e9rence en aromath\u00e9rapie scientifique.<\/span><\/p>\n<p class=\"p1\"><span class=\"s1\">P\u00e9dagogue exp\u00e9riment\u00e9e, <b>Anne-Fran\u00e7oise Malotaux<\/b> s&#8217;est sp\u00e9cialis\u00e9e en aromath\u00e9rapie appliqu\u00e9e notamment en milieu hospitalier, dans les maternit\u00e9s et les services de soins palliatifs. Elle enseigne aujourd&#8217;hui au sein du Coll\u00e8ge international d&#8217;aromath\u00e9rapie Dominique Baudoux.<\/span><\/p>\n<p class=\"p1\"><span class=\"s1\"><b>Julien Kaibeck<\/b> est bio-esth\u00e9ticien dipl\u00f4m\u00e9. Il poss\u00e8de une grande exp\u00e9rience de l&#8217;utilisation des huiles v\u00e9g\u00e9tales et des huiles essentielles pour le bien-\u00eatre et la beaut\u00e9 dans l&#8217;univers de l&#8217;institut et du SPA.<\/span><\/p>\n<hr \/>\n<p>ISBN : 2-919905-62-7<br \/>\n<span class=\"s1\">\u00c9dition J.O.M. | livret broch\u00e9<\/span><\/p>\n<p class=\"p1\"><span class=\"s1\">35 pages | format 14,5 cm x 20,7 cm<\/span><\/p>\n","protected":false},"excerpt":{"rendered":"<p><strong>D. Baudoux, J.Kaibeck, A-F. Malotaux<\/strong><\/p>\n<p class=\"p1\"><span class=\"s1\">Nouvelle \u00e9dition : Plus de 50 recettes pratiques<\/span><\/p>\n<p class=\"p1\">\n","protected":false},"featured_media":2054,"comment_status":"open","ping_status":"closed","template":"","meta":{"_et_pb_use_builder":"","_et_pb_old_content":"","_et_gb_content_width":""},"product_cat":[380,337],"product_tag":[],"acf":[],"yoast_head":"<!-- This site is optimized with the Yoast SEO plugin v22.6 - https:\/\/yoast.com\/wordpress\/plugins\/seo\/ -->\n<title>Huiles v\u00e9g\u00e9tales - Source de sant\u00e9 - Perles de beaut\u00e9 + 50 recettes par Pranarom | Livres de r\u00e9f\u00e9rence<\/title>\n<meta name=\"description\" content=\"Achetez le livre \u00abHuiles v\u00e9g\u00e9tales - Source de sant\u00e9 - Perles de beaut\u00e9 + 50 recettes \u00bb par Pranarom et b\u00e9n\u00e9ficiez d&#039;une livraison rapide. N&#039;h\u00e9sitez pas \u00e0 nous contacter avec vos questions.\" \/>\n<meta name=\"robots\" content=\"index, follow, max-snippet:-1, max-image-preview:large, max-video-preview:-1\" \/>\n<link rel=\"canonical\" href=\"https:\/\/pranarom.ca\/fr\/produit\/huiles-vegetales-source-de-sante-perles-de-beaute-50-recettes\/\" \/>\n<meta property=\"og:locale\" content=\"fr_FR\" \/>\n<meta property=\"og:type\" content=\"article\" \/>\n<meta property=\"og:title\" content=\"Huiles v\u00e9g\u00e9tales - Source de sant\u00e9 - Perles de beaut\u00e9 + 50 recettes par Pranarom | Livres de r\u00e9f\u00e9rence\" \/>\n<meta property=\"og:description\" content=\"Achetez le livre \u00abHuiles v\u00e9g\u00e9tales - Source de sant\u00e9 - Perles de beaut\u00e9 + 50 recettes \u00bb par Pranarom et b\u00e9n\u00e9ficiez d&#039;une livraison rapide. N&#039;h\u00e9sitez pas \u00e0 nous contacter avec vos questions.\" \/>\n<meta property=\"og:url\" content=\"https:\/\/pranarom.ca\/fr\/produit\/huiles-vegetales-source-de-sante-perles-de-beaute-50-recettes\/\" \/>\n<meta property=\"og:site_name\" content=\"Pranarom\" \/>\n<meta property=\"article:publisher\" content=\"https:\/\/www.facebook.com\/PranaromCanada\" \/>\n<meta property=\"article:modified_time\" content=\"2022-03-28T16:38:22+00:00\" \/>\n<meta property=\"og:image\" content=\"https:\/\/pranarom.ca\/wp-content\/uploads\/2019\/02\/P-BFHUI.jpg\" \/>\n\t<meta property=\"og:image:width\" content=\"1500\" \/>\n\t<meta property=\"og:image:height\" content=\"1500\" \/>\n\t<meta property=\"og:image:type\" content=\"image\/jpeg\" \/>\n<meta name=\"twitter:card\" content=\"summary_large_image\" \/>\n<meta name=\"twitter:label1\" content=\"Dur\u00e9e de lecture estim\u00e9e\" \/>\n\t<meta name=\"twitter:data1\" content=\"1 minute\" \/>\n<script type=\"application\/ld+json\" class=\"yoast-schema-graph\">{\"@context\":\"https:\/\/schema.org\",\"@graph\":[{\"@type\":\"WebPage\",\"@id\":\"https:\/\/pranarom.ca\/fr\/produit\/huiles-vegetales-source-de-sante-perles-de-beaute-50-recettes\/\",\"url\":\"https:\/\/pranarom.ca\/fr\/produit\/huiles-vegetales-source-de-sante-perles-de-beaute-50-recettes\/\",\"name\":\"Huiles v\u00e9g\u00e9tales - Source de sant\u00e9 - Perles de beaut\u00e9 + 50 recettes par Pranarom | Livres de r\u00e9f\u00e9rence\",\"isPartOf\":{\"@id\":\"https:\/\/pranarom.ca\/#website\"},\"primaryImageOfPage\":{\"@id\":\"https:\/\/pranarom.ca\/fr\/produit\/huiles-vegetales-source-de-sante-perles-de-beaute-50-recettes\/#primaryimage\"},\"image\":{\"@id\":\"https:\/\/pranarom.ca\/fr\/produit\/huiles-vegetales-source-de-sante-perles-de-beaute-50-recettes\/#primaryimage\"},\"thumbnailUrl\":\"https:\/\/pranarom.ca\/wp-content\/uploads\/2019\/02\/P-BFHUI.jpg\",\"datePublished\":\"2016-02-28T00:00:00+00:00\",\"dateModified\":\"2022-03-28T16:38:22+00:00\",\"description\":\"Achetez le livre \u00abHuiles v\u00e9g\u00e9tales - Source de sant\u00e9 - Perles de beaut\u00e9 + 50 recettes \u00bb par Pranarom et b\u00e9n\u00e9ficiez d'une livraison rapide. N'h\u00e9sitez pas \u00e0 nous contacter avec vos questions.\",\"breadcrumb\":{\"@id\":\"https:\/\/pranarom.ca\/fr\/produit\/huiles-vegetales-source-de-sante-perles-de-beaute-50-recettes\/#breadcrumb\"},\"inLanguage\":\"fr-FR\",\"potentialAction\":[{\"@type\":\"ReadAction\",\"target\":[\"https:\/\/pranarom.ca\/fr\/produit\/huiles-vegetales-source-de-sante-perles-de-beaute-50-recettes\/\"]}]},{\"@type\":\"ImageObject\",\"inLanguage\":\"fr-FR\",\"@id\":\"https:\/\/pranarom.ca\/fr\/produit\/huiles-vegetales-source-de-sante-perles-de-beaute-50-recettes\/#primaryimage\",\"url\":\"https:\/\/pranarom.ca\/wp-content\/uploads\/2019\/02\/P-BFHUI.jpg\",\"contentUrl\":\"https:\/\/pranarom.ca\/wp-content\/uploads\/2019\/02\/P-BFHUI.jpg\",\"width\":1500,\"height\":1500},{\"@type\":\"BreadcrumbList\",\"@id\":\"https:\/\/pranarom.ca\/fr\/produit\/huiles-vegetales-source-de-sante-perles-de-beaute-50-recettes\/#breadcrumb\",\"itemListElement\":[{\"@type\":\"ListItem\",\"position\":1,\"name\":\"Home\",\"item\":\"https:\/\/pranarom.ca\/fr\/\"},{\"@type\":\"ListItem\",\"position\":2,\"name\":\"Shop\",\"item\":\"https:\/\/pranarom.ca\/shop\/\"},{\"@type\":\"ListItem\",\"position\":3,\"name\":\"Huiles v\u00e9g\u00e9tales &#8211; Source de sant\u00e9 &#8211; Perles de beaut\u00e9 + 50 recettes\"}]},{\"@type\":\"WebSite\",\"@id\":\"https:\/\/pranarom.ca\/#website\",\"url\":\"https:\/\/pranarom.ca\/\",\"name\":\"Pranarom Canada\",\"description\":\"Scientific Aromatherapyy\",\"publisher\":{\"@id\":\"https:\/\/pranarom.ca\/#organization\"},\"potentialAction\":[{\"@type\":\"SearchAction\",\"target\":{\"@type\":\"EntryPoint\",\"urlTemplate\":\"https:\/\/pranarom.ca\/?s={search_term_string}\"},\"query-input\":\"required name=search_term_string\"}],\"inLanguage\":\"fr-FR\"},{\"@type\":\"Organization\",\"@id\":\"https:\/\/pranarom.ca\/#organization\",\"name\":\"Pranarom\",\"url\":\"https:\/\/pranarom.ca\/\",\"logo\":{\"@type\":\"ImageObject\",\"inLanguage\":\"fr-FR\",\"@id\":\"https:\/\/pranarom.ca\/#\/schema\/logo\/image\/\",\"url\":\"https:\/\/pranarom.ca\/wp-content\/uploads\/2019\/03\/pranalogo.png\",\"contentUrl\":\"https:\/\/pranarom.ca\/wp-content\/uploads\/2019\/03\/pranalogo.png\",\"width\":330,\"height\":100,\"caption\":\"Pranarom\"},\"image\":{\"@id\":\"https:\/\/pranarom.ca\/#\/schema\/logo\/image\/\"},\"sameAs\":[\"https:\/\/www.facebook.com\/PranaromCanada\",\"http:\/\/instagram.com\/pranaromcanada\/\",\"https:\/\/www.instagram.com\/pranaromcanada\/\"]}]}<\/script>\n<!-- \/ Yoast SEO plugin. -->","yoast_head_json":{"title":"Huiles v\u00e9g\u00e9tales - Source de sant\u00e9 - Perles de beaut\u00e9 + 50 recettes par Pranarom | Livres de r\u00e9f\u00e9rence","description":"Achetez le livre \u00abHuiles v\u00e9g\u00e9tales - Source de sant\u00e9 - Perles de beaut\u00e9 + 50 recettes \u00bb par Pranarom et b\u00e9n\u00e9ficiez d'une livraison rapide. N'h\u00e9sitez pas \u00e0 nous contacter avec vos questions.","robots":{"index":"index","follow":"follow","max-snippet":"max-snippet:-1","max-image-preview":"max-image-preview:large","max-video-preview":"max-video-preview:-1"},"canonical":"https:\/\/pranarom.ca\/fr\/produit\/huiles-vegetales-source-de-sante-perles-de-beaute-50-recettes\/","og_locale":"fr_FR","og_type":"article","og_title":"Huiles v\u00e9g\u00e9tales - Source de sant\u00e9 - Perles de beaut\u00e9 + 50 recettes par Pranarom | Livres de r\u00e9f\u00e9rence","og_description":"Achetez le livre \u00abHuiles v\u00e9g\u00e9tales - Source de sant\u00e9 - Perles de beaut\u00e9 + 50 recettes \u00bb par Pranarom et b\u00e9n\u00e9ficiez d'une livraison rapide. N'h\u00e9sitez pas \u00e0 nous contacter avec vos questions.","og_url":"https:\/\/pranarom.ca\/fr\/produit\/huiles-vegetales-source-de-sante-perles-de-beaute-50-recettes\/","og_site_name":"Pranarom","article_publisher":"https:\/\/www.facebook.com\/PranaromCanada","article_modified_time":"2022-03-28T16:38:22+00:00","og_image":[{"width":1500,"height":1500,"url":"https:\/\/pranarom.ca\/wp-content\/uploads\/2019\/02\/P-BFHUI.jpg","type":"image\/jpeg"}],"twitter_card":"summary_large_image","twitter_misc":{"Dur\u00e9e de lecture estim\u00e9e":"1 minute"},"schema":{"@context":"https:\/\/schema.org","@graph":[{"@type":"WebPage","@id":"https:\/\/pranarom.ca\/fr\/produit\/huiles-vegetales-source-de-sante-perles-de-beaute-50-recettes\/","url":"https:\/\/pranarom.ca\/fr\/produit\/huiles-vegetales-source-de-sante-perles-de-beaute-50-recettes\/","name":"Huiles v\u00e9g\u00e9tales - Source de sant\u00e9 - Perles de beaut\u00e9 + 50 recettes par Pranarom | Livres de r\u00e9f\u00e9rence","isPartOf":{"@id":"https:\/\/pranarom.ca\/#website"},"primaryImageOfPage":{"@id":"https:\/\/pranarom.ca\/fr\/produit\/huiles-vegetales-source-de-sante-perles-de-beaute-50-recettes\/#primaryimage"},"image":{"@id":"https:\/\/pranarom.ca\/fr\/produit\/huiles-vegetales-source-de-sante-perles-de-beaute-50-recettes\/#primaryimage"},"thumbnailUrl":"https:\/\/pranarom.ca\/wp-content\/uploads\/2019\/02\/P-BFHUI.jpg","datePublished":"2016-02-28T00:00:00+00:00","dateModified":"2022-03-28T16:38:22+00:00","description":"Achetez le livre \u00abHuiles v\u00e9g\u00e9tales - Source de sant\u00e9 - Perles de beaut\u00e9 + 50 recettes \u00bb par Pranarom et b\u00e9n\u00e9ficiez d'une livraison rapide. N'h\u00e9sitez pas \u00e0 nous contacter avec vos questions.","breadcrumb":{"@id":"https:\/\/pranarom.ca\/fr\/produit\/huiles-vegetales-source-de-sante-perles-de-beaute-50-recettes\/#breadcrumb"},"inLanguage":"fr-FR","potentialAction":[{"@type":"ReadAction","target":["https:\/\/pranarom.ca\/fr\/produit\/huiles-vegetales-source-de-sante-perles-de-beaute-50-recettes\/"]}]},{"@type":"ImageObject","inLanguage":"fr-FR","@id":"https:\/\/pranarom.ca\/fr\/produit\/huiles-vegetales-source-de-sante-perles-de-beaute-50-recettes\/#primaryimage","url":"https:\/\/pranarom.ca\/wp-content\/uploads\/2019\/02\/P-BFHUI.jpg","contentUrl":"https:\/\/pranarom.ca\/wp-content\/uploads\/2019\/02\/P-BFHUI.jpg","width":1500,"height":1500},{"@type":"BreadcrumbList","@id":"https:\/\/pranarom.ca\/fr\/produit\/huiles-vegetales-source-de-sante-perles-de-beaute-50-recettes\/#breadcrumb","itemListElement":[{"@type":"ListItem","position":1,"name":"Home","item":"https:\/\/pranarom.ca\/fr\/"},{"@type":"ListItem","position":2,"name":"Shop","item":"https:\/\/pranarom.ca\/shop\/"},{"@type":"ListItem","position":3,"name":"Huiles v\u00e9g\u00e9tales &#8211; Source de sant\u00e9 &#8211; Perles de beaut\u00e9 + 50 recettes"}]},{"@type":"WebSite","@id":"https:\/\/pranarom.ca\/#website","url":"https:\/\/pranarom.ca\/","name":"Pranarom Canada","description":"Scientific Aromatherapyy","publisher":{"@id":"https:\/\/pranarom.ca\/#organization"},"potentialAction":[{"@type":"SearchAction","target":{"@type":"EntryPoint","urlTemplate":"https:\/\/pranarom.ca\/?s={search_term_string}"},"query-input":"required name=search_term_string"}],"inLanguage":"fr-FR"},{"@type":"Organization","@id":"https:\/\/pranarom.ca\/#organization","name":"Pranarom","url":"https:\/\/pranarom.ca\/","logo":{"@type":"ImageObject","inLanguage":"fr-FR","@id":"https:\/\/pranarom.ca\/#\/schema\/logo\/image\/","url":"https:\/\/pranarom.ca\/wp-content\/uploads\/2019\/03\/pranalogo.png","contentUrl":"https:\/\/pranarom.ca\/wp-content\/uploads\/2019\/03\/pranalogo.png","width":330,"height":100,"caption":"Pranarom"},"image":{"@id":"https:\/\/pranarom.ca\/#\/schema\/logo\/image\/"},"sameAs":["https:\/\/www.facebook.com\/PranaromCanada","http:\/\/instagram.com\/pranaromcanada\/","https:\/\/www.instagram.com\/pranaromcanada\/"]}]}},"jetpack_sharing_enabled":true,"_links":{"self":[{"href":"https:\/\/pranarom.ca\/fr\/wp-json\/wp\/v2\/product\/35017"}],"collection":[{"href":"https:\/\/pranarom.ca\/fr\/wp-json\/wp\/v2\/product"}],"about":[{"href":"https:\/\/pranarom.ca\/fr\/wp-json\/wp\/v2\/types\/product"}],"replies":[{"embeddable":true,"href":"https:\/\/pranarom.ca\/fr\/wp-json\/wp\/v2\/comments?post=35017"}],"wp:featuredmedia":[{"embeddable":true,"href":"https:\/\/pranarom.ca\/fr\/wp-json\/wp\/v2\/media\/2054"}],"wp:attachment":[{"href":"https:\/\/pranarom.ca\/fr\/wp-json\/wp\/v2\/media?parent=35017"}],"wp:term":[{"taxonomy":"product_cat","embeddable":true,"href":"https:\/\/pranarom.ca\/fr\/wp-json\/wp\/v2\/product_cat?post=35017"},{"taxonomy":"product_tag","embeddable":true,"href":"https:\/\/pranarom.ca\/fr\/wp-json\/wp\/v2\/product_tag?post=35017"}],"curies":[{"name":"wp","href":"https:\/\/api.w.org\/{rel}","templated":true}]}}