{"id":34989,"date":"2015-12-30T00:00:00","date_gmt":"2015-12-30T00:00:00","guid":{"rendered":"https:\/\/pranarom.ca\/?post_type=product&#038;p=34989"},"modified":"2022-03-28T16:39:20","modified_gmt":"2022-03-28T16:39:20","slug":"aromatheque-coffret-en-bois","status":"publish","type":"product","link":"https:\/\/pranarom.ca\/fr\/produit\/aromatheque-coffret-en-bois\/","title":{"rendered":"Aromath\u00e8que | Coffret en bois"},"content":{"rendered":"<hr \/>\n<h4>On adore les huiles essentielles!<\/h4>\n<p>Mais o\u00f9 et comment les ranger?<\/p>\n<p>Au fil du temps, on accumule souvent les petits flacons de fa\u00e7on \u00e0 se constituer une \u00abtrousse aroma\u00bb familiale, mais on arrive vite \u00e0 ne plus tr\u00e8s bien savoir o\u00f9 les ranger quand on en a plus d\u2019une dizaine\u2026<\/p>\n<p>Pas de panique, votre expert en aromath\u00e9rapie Pranar\u014dm a pr\u00e9vu <strong>l\u2019Aromath\u00e8que<\/strong>, un joli coffret pratique et portable pour conserver nos ch\u00e8res huiles essentielles en toute s\u00e9curit\u00e9.<\/p>\n<p>Ce bel objet fabriqu\u00e9 dans les Ardennes Belges se pr\u00e9sente comme une valisette en h\u00eatre massif dot\u00e9e d\u2019une poign\u00e9e-anse en cuir et d\u2019une belle fermeture chrom\u00e9e dor\u00e9e.<\/p>\n<p>A l\u2019int\u00e9rieur, on d\u00e9couvre un callage en MDF permettant de ranger 60 huiles essentielles (flacons de 5 ou 10 ml au choix, trous de 18mm).<\/p>\n<p>Un espace est \u00e9galement pr\u00e9vu pour y mettre quelques stylos, un petit objet, ou pourquoi pas des mouillettes (touches \u00e0 sentir) comme les vrais parfumeurs !<\/p>\n<p>Et, pourquoi ne pas, personaliser l\u2019int\u00e9rieur du couvercle de l\u2019Aromath\u00e8que en y collant une liste des huiles qu\u2019on y a rang\u00e9 ou leurs propri\u00e9t\u00e9s par exemple.<\/p>\n<p>L\u2019Aromath\u00e8que de Pranar\u014dm est robuste et \u00e9l\u00e9gante \u00e0 la fois et, m\u00eame remplie, elle n\u2019est pas trop lourde \u00e0 porter!<\/p>\n<p>Les dimensions de la valisette dont il est question sont parfaites pour les d\u00e9placements autant que pour faire tr\u00f4ner l\u2019Aromath\u00e8que \u00e0 la maison (33,5 cm X\u00a0 23,5 cm).<\/p>\n<hr \/>\n<p>&nbsp;<\/p>\n","protected":false},"excerpt":{"rendered":"<p><strong>Capacit\u00e9 : 60 flacons de 5 ml et de 10 ml<\/strong><\/p>\n","protected":false},"featured_media":878,"comment_status":"open","ping_status":"open","template":"","meta":{"_et_pb_use_builder":"","_et_pb_old_content":"","_et_gb_content_width":""},"product_cat":[518,517,326,336,338],"product_tag":[],"acf":[],"yoast_head":"<!-- This site is optimized with the Yoast SEO plugin v22.6 - https:\/\/yoast.com\/wordpress\/plugins\/seo\/ -->\n<title>Aromath\u00e8que | Coffret en bois par Pranarom| Accessories d&#039;aromth\u00e9rapie<\/title>\n<meta name=\"description\" content=\"Achetez Aromath\u00e8que (coffret en bois) par Pranarom et b\u00e9n\u00e9ficiez d&#039;une livraison rapide. N&#039;h\u00e9sitez pas \u00e0 magasiner d&#039;autres diffuseurs d&#039;aromath\u00e9rapie et d&#039;huiles essentielles chez Pranarom.ca\" \/>\n<meta name=\"robots\" content=\"index, follow, max-snippet:-1, max-image-preview:large, max-video-preview:-1\" \/>\n<link rel=\"canonical\" href=\"https:\/\/pranarom.ca\/produit\/pranarom-carrying-case-60\/\" \/>\n<meta property=\"og:locale\" content=\"fr_FR\" \/>\n<meta property=\"og:type\" content=\"article\" \/>\n<meta property=\"og:title\" content=\"Aromath\u00e8que | Coffret en bois par Pranarom| Accessories d&#039;aromth\u00e9rapie\" \/>\n<meta property=\"og:description\" content=\"Achetez Aromath\u00e8que (coffret en bois) par Pranarom et b\u00e9n\u00e9ficiez d&#039;une livraison rapide. N&#039;h\u00e9sitez pas \u00e0 magasiner d&#039;autres diffuseurs d&#039;aromath\u00e9rapie et d&#039;huiles essentielles chez Pranarom.ca\" \/>\n<meta property=\"og:url\" content=\"https:\/\/pranarom.ca\/produit\/pranarom-carrying-case-60\/\" \/>\n<meta property=\"og:site_name\" content=\"Pranarom\" \/>\n<meta property=\"article:publisher\" content=\"https:\/\/www.facebook.com\/PranaromCanada\" \/>\n<meta property=\"article:modified_time\" content=\"2022-03-28T16:39:20+00:00\" \/>\n<meta property=\"og:image\" content=\"https:\/\/pranarom.ca\/wp-content\/uploads\/2019\/02\/Pranarom-Carrying-Case-60.jpeg\" \/>\n\t<meta property=\"og:image:width\" content=\"1500\" \/>\n\t<meta property=\"og:image:height\" content=\"1500\" \/>\n\t<meta property=\"og:image:type\" content=\"image\/jpeg\" \/>\n<meta name=\"twitter:card\" content=\"summary_large_image\" \/>\n<meta name=\"twitter:label1\" content=\"Dur\u00e9e de lecture estim\u00e9e\" \/>\n\t<meta name=\"twitter:data1\" content=\"1 minute\" \/>\n<script type=\"application\/ld+json\" class=\"yoast-schema-graph\">{\"@context\":\"https:\/\/schema.org\",\"@graph\":[{\"@type\":\"WebPage\",\"@id\":\"https:\/\/pranarom.ca\/produit\/pranarom-carrying-case-60\/\",\"url\":\"https:\/\/pranarom.ca\/produit\/pranarom-carrying-case-60\/\",\"name\":\"Aromath\u00e8que | Coffret en bois par Pranarom| Accessories d'aromth\u00e9rapie\",\"isPartOf\":{\"@id\":\"https:\/\/pranarom.ca\/#website\"},\"primaryImageOfPage\":{\"@id\":\"https:\/\/pranarom.ca\/produit\/pranarom-carrying-case-60\/#primaryimage\"},\"image\":{\"@id\":\"https:\/\/pranarom.ca\/produit\/pranarom-carrying-case-60\/#primaryimage\"},\"thumbnailUrl\":\"https:\/\/pranarom.ca\/wp-content\/uploads\/2019\/02\/Pranarom-Carrying-Case-60.jpeg\",\"datePublished\":\"2015-12-30T00:00:00+00:00\",\"dateModified\":\"2022-03-28T16:39:20+00:00\",\"description\":\"Achetez Aromath\u00e8que (coffret en bois) par Pranarom et b\u00e9n\u00e9ficiez d'une livraison rapide. N'h\u00e9sitez pas \u00e0 magasiner d'autres diffuseurs d'aromath\u00e9rapie et d'huiles essentielles chez Pranarom.ca\",\"breadcrumb\":{\"@id\":\"https:\/\/pranarom.ca\/produit\/pranarom-carrying-case-60\/#breadcrumb\"},\"inLanguage\":\"fr-FR\",\"potentialAction\":[{\"@type\":\"ReadAction\",\"target\":[\"https:\/\/pranarom.ca\/produit\/pranarom-carrying-case-60\/\"]}]},{\"@type\":\"ImageObject\",\"inLanguage\":\"fr-FR\",\"@id\":\"https:\/\/pranarom.ca\/produit\/pranarom-carrying-case-60\/#primaryimage\",\"url\":\"https:\/\/pranarom.ca\/wp-content\/uploads\/2019\/02\/Pranarom-Carrying-Case-60.jpeg\",\"contentUrl\":\"https:\/\/pranarom.ca\/wp-content\/uploads\/2019\/02\/Pranarom-Carrying-Case-60.jpeg\",\"width\":1500,\"height\":1500,\"caption\":\"Pranarom Carrying Case 60 Essential Oil\"},{\"@type\":\"BreadcrumbList\",\"@id\":\"https:\/\/pranarom.ca\/produit\/pranarom-carrying-case-60\/#breadcrumb\",\"itemListElement\":[{\"@type\":\"ListItem\",\"position\":1,\"name\":\"Home\",\"item\":\"https:\/\/pranarom.ca\/fr\/\"},{\"@type\":\"ListItem\",\"position\":2,\"name\":\"Shop\",\"item\":\"https:\/\/pranarom.ca\/shop\/\"},{\"@type\":\"ListItem\",\"position\":3,\"name\":\"Aromath\u00e8que | Coffret en bois\"}]},{\"@type\":\"WebSite\",\"@id\":\"https:\/\/pranarom.ca\/#website\",\"url\":\"https:\/\/pranarom.ca\/\",\"name\":\"Pranarom Canada\",\"description\":\"Scientific Aromatherapyy\",\"publisher\":{\"@id\":\"https:\/\/pranarom.ca\/#organization\"},\"potentialAction\":[{\"@type\":\"SearchAction\",\"target\":{\"@type\":\"EntryPoint\",\"urlTemplate\":\"https:\/\/pranarom.ca\/?s={search_term_string}\"},\"query-input\":\"required name=search_term_string\"}],\"inLanguage\":\"fr-FR\"},{\"@type\":\"Organization\",\"@id\":\"https:\/\/pranarom.ca\/#organization\",\"name\":\"Pranarom\",\"url\":\"https:\/\/pranarom.ca\/\",\"logo\":{\"@type\":\"ImageObject\",\"inLanguage\":\"fr-FR\",\"@id\":\"https:\/\/pranarom.ca\/#\/schema\/logo\/image\/\",\"url\":\"https:\/\/pranarom.ca\/wp-content\/uploads\/2019\/03\/pranalogo.png\",\"contentUrl\":\"https:\/\/pranarom.ca\/wp-content\/uploads\/2019\/03\/pranalogo.png\",\"width\":330,\"height\":100,\"caption\":\"Pranarom\"},\"image\":{\"@id\":\"https:\/\/pranarom.ca\/#\/schema\/logo\/image\/\"},\"sameAs\":[\"https:\/\/www.facebook.com\/PranaromCanada\",\"http:\/\/instagram.com\/pranaromcanada\/\",\"https:\/\/www.instagram.com\/pranaromcanada\/\"]}]}<\/script>\n<!-- \/ Yoast SEO plugin. -->","yoast_head_json":{"title":"Aromath\u00e8que | Coffret en bois par Pranarom| Accessories d'aromth\u00e9rapie","description":"Achetez Aromath\u00e8que (coffret en bois) par Pranarom et b\u00e9n\u00e9ficiez d'une livraison rapide. N'h\u00e9sitez pas \u00e0 magasiner d'autres diffuseurs d'aromath\u00e9rapie et d'huiles essentielles chez Pranarom.ca","robots":{"index":"index","follow":"follow","max-snippet":"max-snippet:-1","max-image-preview":"max-image-preview:large","max-video-preview":"max-video-preview:-1"},"canonical":"https:\/\/pranarom.ca\/produit\/pranarom-carrying-case-60\/","og_locale":"fr_FR","og_type":"article","og_title":"Aromath\u00e8que | Coffret en bois par Pranarom| Accessories d'aromth\u00e9rapie","og_description":"Achetez Aromath\u00e8que (coffret en bois) par Pranarom et b\u00e9n\u00e9ficiez d'une livraison rapide. N'h\u00e9sitez pas \u00e0 magasiner d'autres diffuseurs d'aromath\u00e9rapie et d'huiles essentielles chez Pranarom.ca","og_url":"https:\/\/pranarom.ca\/produit\/pranarom-carrying-case-60\/","og_site_name":"Pranarom","article_publisher":"https:\/\/www.facebook.com\/PranaromCanada","article_modified_time":"2022-03-28T16:39:20+00:00","og_image":[{"width":1500,"height":1500,"url":"https:\/\/pranarom.ca\/wp-content\/uploads\/2019\/02\/Pranarom-Carrying-Case-60.jpeg","type":"image\/jpeg"}],"twitter_card":"summary_large_image","twitter_misc":{"Dur\u00e9e de lecture estim\u00e9e":"1 minute"},"schema":{"@context":"https:\/\/schema.org","@graph":[{"@type":"WebPage","@id":"https:\/\/pranarom.ca\/produit\/pranarom-carrying-case-60\/","url":"https:\/\/pranarom.ca\/produit\/pranarom-carrying-case-60\/","name":"Aromath\u00e8que | Coffret en bois par Pranarom| Accessories d'aromth\u00e9rapie","isPartOf":{"@id":"https:\/\/pranarom.ca\/#website"},"primaryImageOfPage":{"@id":"https:\/\/pranarom.ca\/produit\/pranarom-carrying-case-60\/#primaryimage"},"image":{"@id":"https:\/\/pranarom.ca\/produit\/pranarom-carrying-case-60\/#primaryimage"},"thumbnailUrl":"https:\/\/pranarom.ca\/wp-content\/uploads\/2019\/02\/Pranarom-Carrying-Case-60.jpeg","datePublished":"2015-12-30T00:00:00+00:00","dateModified":"2022-03-28T16:39:20+00:00","description":"Achetez Aromath\u00e8que (coffret en bois) par Pranarom et b\u00e9n\u00e9ficiez d'une livraison rapide. N'h\u00e9sitez pas \u00e0 magasiner d'autres diffuseurs d'aromath\u00e9rapie et d'huiles essentielles chez Pranarom.ca","breadcrumb":{"@id":"https:\/\/pranarom.ca\/produit\/pranarom-carrying-case-60\/#breadcrumb"},"inLanguage":"fr-FR","potentialAction":[{"@type":"ReadAction","target":["https:\/\/pranarom.ca\/produit\/pranarom-carrying-case-60\/"]}]},{"@type":"ImageObject","inLanguage":"fr-FR","@id":"https:\/\/pranarom.ca\/produit\/pranarom-carrying-case-60\/#primaryimage","url":"https:\/\/pranarom.ca\/wp-content\/uploads\/2019\/02\/Pranarom-Carrying-Case-60.jpeg","contentUrl":"https:\/\/pranarom.ca\/wp-content\/uploads\/2019\/02\/Pranarom-Carrying-Case-60.jpeg","width":1500,"height":1500,"caption":"Pranarom Carrying Case 60 Essential Oil"},{"@type":"BreadcrumbList","@id":"https:\/\/pranarom.ca\/produit\/pranarom-carrying-case-60\/#breadcrumb","itemListElement":[{"@type":"ListItem","position":1,"name":"Home","item":"https:\/\/pranarom.ca\/fr\/"},{"@type":"ListItem","position":2,"name":"Shop","item":"https:\/\/pranarom.ca\/shop\/"},{"@type":"ListItem","position":3,"name":"Aromath\u00e8que | Coffret en bois"}]},{"@type":"WebSite","@id":"https:\/\/pranarom.ca\/#website","url":"https:\/\/pranarom.ca\/","name":"Pranarom Canada","description":"Scientific Aromatherapyy","publisher":{"@id":"https:\/\/pranarom.ca\/#organization"},"potentialAction":[{"@type":"SearchAction","target":{"@type":"EntryPoint","urlTemplate":"https:\/\/pranarom.ca\/?s={search_term_string}"},"query-input":"required name=search_term_string"}],"inLanguage":"fr-FR"},{"@type":"Organization","@id":"https:\/\/pranarom.ca\/#organization","name":"Pranarom","url":"https:\/\/pranarom.ca\/","logo":{"@type":"ImageObject","inLanguage":"fr-FR","@id":"https:\/\/pranarom.ca\/#\/schema\/logo\/image\/","url":"https:\/\/pranarom.ca\/wp-content\/uploads\/2019\/03\/pranalogo.png","contentUrl":"https:\/\/pranarom.ca\/wp-content\/uploads\/2019\/03\/pranalogo.png","width":330,"height":100,"caption":"Pranarom"},"image":{"@id":"https:\/\/pranarom.ca\/#\/schema\/logo\/image\/"},"sameAs":["https:\/\/www.facebook.com\/PranaromCanada","http:\/\/instagram.com\/pranaromcanada\/","https:\/\/www.instagram.com\/pranaromcanada\/"]}]}},"jetpack_sharing_enabled":true,"_links":{"self":[{"href":"https:\/\/pranarom.ca\/fr\/wp-json\/wp\/v2\/product\/34989"}],"collection":[{"href":"https:\/\/pranarom.ca\/fr\/wp-json\/wp\/v2\/product"}],"about":[{"href":"https:\/\/pranarom.ca\/fr\/wp-json\/wp\/v2\/types\/product"}],"replies":[{"embeddable":true,"href":"https:\/\/pranarom.ca\/fr\/wp-json\/wp\/v2\/comments?post=34989"}],"wp:featuredmedia":[{"embeddable":true,"href":"https:\/\/pranarom.ca\/fr\/wp-json\/wp\/v2\/media\/878"}],"wp:attachment":[{"href":"https:\/\/pranarom.ca\/fr\/wp-json\/wp\/v2\/media?parent=34989"}],"wp:term":[{"taxonomy":"product_cat","embeddable":true,"href":"https:\/\/pranarom.ca\/fr\/wp-json\/wp\/v2\/product_cat?post=34989"},{"taxonomy":"product_tag","embeddable":true,"href":"https:\/\/pranarom.ca\/fr\/wp-json\/wp\/v2\/product_tag?post=34989"}],"curies":[{"name":"wp","href":"https:\/\/api.w.org\/{rel}","templated":true}]}}